{"id":90677,"date":"2026-02-26T09:50:34","date_gmt":"2026-02-26T07:50:34","guid":{"rendered":"https:\/\/kidsplay.lt\/produktas\/minamas-su-pedalais-traktorius-zalias\/"},"modified":"2026-03-23T09:16:43","modified_gmt":"2026-03-23T07:16:43","slug":"minamas-su-pedalais-traktorius-zalias","status":"publish","type":"product","link":"https:\/\/kidsplay.lt\/lv\/products\/minamas-su-pedalais-traktorius-zalias\/","title":{"rendered":"Minamas su pedalais traktorius &#8211; \u017ealias"},"content":{"rendered":"<p>Auk\u0161tos kokyb\u0117s blizgus plastikas, lengvai valomas. Pakeliamas priekinis gaubtas. Reguliuojama s\u0117dyn\u0117, reguliuojama pagal vaiko am\u017ei\u0173. D\u0117l grandinin\u0117s pavaros mechanizmo va\u017eiuoti gali net ma\u017eas vaikas. Be to, visa mechanin\u0117 sistema yra u\u017edara ir vaikui neprieinama.<\/p>","protected":false},"excerpt":{"rendered":"<p>Auk\u0161tos kokyb\u0117s blizgus plastikas, lengvai valomas. Pakeliamas priekinis gaubtas. Reguliuojama s\u0117dyn\u0117, reguliuojama pagal vaiko am\u017ei\u0173. D\u0117l grandinin\u0117s pavaros mechanizmo va\u017eiuoti<\/p>","protected":false},"featured_media":53676,"template":"","meta":{"_acf_changed":false,"_glsr_average":0,"_glsr_ranking":0,"_glsr_reviews":0},"product_brand":[],"product_cat":[237,393],"product_tag":[],"class_list":{"0":"post-90677","1":"product","2":"type-product","3":"status-publish","4":"has-post-thumbnail","6":"product_cat-judejimo-priemones","7":"product_cat-zaisliniai-traktoriai","8":"\"style=\"background-color: #2ecc711c;\"","10":"first","11":"outofstock","12":"purchasable","13":"product-type-simple"},"acf":[],"yoast_head":"<!-- This site is optimized with the Yoast SEO plugin v27.3 - https:\/\/yoast.com\/product\/yoast-seo-wordpress\/ -->\n<title>Minamas su pedalais traktorius &#8211; \u017ealias<\/title>\n<meta name=\"description\" content=\"Auk\u0161tos kokyb\u0117s blizgus plastikas, lengvai valomas. Pakeliamas priekinis gaubtas. Reguliuojama s\u0117dyn\u0117, reguliuojama pagal vaiko am\u017ei\u0173.\" \/>\n<meta name=\"robots\" content=\"index, follow, max-snippet:-1, max-image-preview:large, max-video-preview:-1\" \/>\n<link rel=\"canonical\" href=\"https:\/\/kidsplay.lt\/lv\/products\/minamas-su-pedalais-traktorius-zalias\/\" \/>\n<meta property=\"og:locale\" content=\"lv_LV\" \/>\n<meta property=\"og:type\" content=\"article\" \/>\n<meta property=\"og:title\" content=\"Minamas su pedalais traktorius &#8211; \u017ealias\" \/>\n<meta property=\"og:description\" content=\"Auk\u0161tos kokyb\u0117s blizgus plastikas, lengvai valomas. Pakeliamas priekinis gaubtas. Reguliuojama s\u0117dyn\u0117, reguliuojama pagal vaiko am\u017ei\u0173.\" \/>\n<meta property=\"og:url\" content=\"https:\/\/kidsplay.lt\/lv\/products\/minamas-su-pedalais-traktorius-zalias\/\" \/>\n<meta property=\"og:site_name\" content=\"KidsPlay\" \/>\n<meta property=\"article:publisher\" content=\"https:\/\/www.facebook.com\/www.kidsplay.lt\" \/>\n<meta property=\"article:modified_time\" content=\"2026-03-23T07:16:43+00:00\" \/>\n<meta property=\"og:image\" content=\"https:\/\/kidsplay.lt\/wp-content\/uploads\/2024\/09\/Minamas-su-pedalais-traktorius-\u2013-zalias.jpg\" \/>\n\t<meta property=\"og:image:width\" content=\"1000\" \/>\n\t<meta property=\"og:image:height\" content=\"1000\" \/>\n\t<meta property=\"og:image:type\" content=\"image\/jpeg\" \/>\n<meta name=\"twitter:card\" content=\"summary_large_image\" \/>\n<script type=\"application\/ld+json\" class=\"yoast-schema-graph\">{\"@context\":\"https:\\\/\\\/schema.org\",\"@graph\":[{\"@type\":\"WebPage\",\"@id\":\"https:\\\/\\\/kidsplay.lt\\\/produktas\\\/minamas-su-pedalais-traktorius-zalias\\\/\",\"url\":\"https:\\\/\\\/kidsplay.lt\\\/produktas\\\/minamas-su-pedalais-traktorius-zalias\\\/\",\"name\":\"Minamas su pedalais traktorius &#8211; \u017ealias\",\"isPartOf\":{\"@id\":\"https:\\\/\\\/kidsplay.lt\\\/#website\"},\"primaryImageOfPage\":{\"@id\":\"https:\\\/\\\/kidsplay.lt\\\/produktas\\\/minamas-su-pedalais-traktorius-zalias\\\/#primaryimage\"},\"image\":{\"@id\":\"https:\\\/\\\/kidsplay.lt\\\/produktas\\\/minamas-su-pedalais-traktorius-zalias\\\/#primaryimage\"},\"thumbnailUrl\":\"https:\\\/\\\/kidsplay.lt\\\/wp-content\\\/uploads\\\/2024\\\/09\\\/Minamas-su-pedalais-traktorius-\u2013-zalias.jpg\",\"datePublished\":\"2026-02-26T07:50:34+00:00\",\"dateModified\":\"2026-03-23T07:16:43+00:00\",\"description\":\"Auk\u0161tos kokyb\u0117s blizgus plastikas, lengvai valomas. Pakeliamas priekinis gaubtas. Reguliuojama s\u0117dyn\u0117, reguliuojama pagal vaiko am\u017ei\u0173.\",\"breadcrumb\":{\"@id\":\"https:\\\/\\\/kidsplay.lt\\\/produktas\\\/minamas-su-pedalais-traktorius-zalias\\\/#breadcrumb\"},\"inLanguage\":\"lv-LV\",\"potentialAction\":[{\"@type\":\"ReadAction\",\"target\":[\"https:\\\/\\\/kidsplay.lt\\\/produktas\\\/minamas-su-pedalais-traktorius-zalias\\\/\"]}]},{\"@type\":\"ImageObject\",\"inLanguage\":\"lv-LV\",\"@id\":\"https:\\\/\\\/kidsplay.lt\\\/produktas\\\/minamas-su-pedalais-traktorius-zalias\\\/#primaryimage\",\"url\":\"https:\\\/\\\/kidsplay.lt\\\/wp-content\\\/uploads\\\/2024\\\/09\\\/Minamas-su-pedalais-traktorius-\u2013-zalias.jpg\",\"contentUrl\":\"https:\\\/\\\/kidsplay.lt\\\/wp-content\\\/uploads\\\/2024\\\/09\\\/Minamas-su-pedalais-traktorius-\u2013-zalias.jpg\",\"width\":1000,\"height\":1000,\"caption\":\"Minamas su pedalais traktorius &#8211; \u017ealias\"},{\"@type\":\"BreadcrumbList\",\"@id\":\"https:\\\/\\\/kidsplay.lt\\\/produktas\\\/minamas-su-pedalais-traktorius-zalias\\\/#breadcrumb\",\"itemListElement\":[{\"@type\":\"ListItem\",\"position\":1,\"name\":\"Pagrindinis\",\"item\":\"https:\\\/\\\/kidsplay.lt\\\/\"},{\"@type\":\"ListItem\",\"position\":2,\"name\":\"Parduotuv\u0117\",\"item\":\"https:\\\/\\\/kidsplay.lt\\\/parduotuve\\\/\"},{\"@type\":\"ListItem\",\"position\":3,\"name\":\"Minamas su pedalais traktorius &#8211; \u017ealias\"}]},{\"@type\":\"WebSite\",\"@id\":\"https:\\\/\\\/kidsplay.lt\\\/#website\",\"url\":\"https:\\\/\\\/kidsplay.lt\\\/\",\"name\":\"Kidsplay.lt\",\"description\":\"\u012evairios prek\u0117s vaikams\",\"publisher\":{\"@id\":\"https:\\\/\\\/kidsplay.lt\\\/#organization\"},\"alternateName\":\"Kidsplay\",\"potentialAction\":[{\"@type\":\"SearchAction\",\"target\":{\"@type\":\"EntryPoint\",\"urlTemplate\":\"https:\\\/\\\/kidsplay.lt\\\/?s={search_term_string}\"},\"query-input\":{\"@type\":\"PropertyValueSpecification\",\"valueRequired\":true,\"valueName\":\"search_term_string\"}}],\"inLanguage\":\"lv-LV\"},{\"@type\":\"Organization\",\"@id\":\"https:\\\/\\\/kidsplay.lt\\\/#organization\",\"name\":\"KidsPlay\",\"url\":\"https:\\\/\\\/kidsplay.lt\\\/\",\"logo\":{\"@type\":\"ImageObject\",\"inLanguage\":\"lv-LV\",\"@id\":\"https:\\\/\\\/kidsplay.lt\\\/#\\\/schema\\\/logo\\\/image\\\/\",\"url\":\"https:\\\/\\\/kidsplay.lt\\\/wp-content\\\/uploads\\\/2023\\\/07\\\/kidsplay-logo.png\",\"contentUrl\":\"https:\\\/\\\/kidsplay.lt\\\/wp-content\\\/uploads\\\/2023\\\/07\\\/kidsplay-logo.png\",\"width\":451,\"height\":98,\"caption\":\"KidsPlay\"},\"image\":{\"@id\":\"https:\\\/\\\/kidsplay.lt\\\/#\\\/schema\\\/logo\\\/image\\\/\"},\"sameAs\":[\"https:\\\/\\\/www.facebook.com\\\/www.kidsplay.lt\"]}]}<\/script>\n<!-- \/ Yoast SEO plugin. -->","yoast_head_json":{"title":"Minamas su pedalais traktorius &#8211; \u017ealias","description":"Auk\u0161tos kokyb\u0117s blizgus plastikas, lengvai valomas. Pakeliamas priekinis gaubtas. Reguliuojama s\u0117dyn\u0117, reguliuojama pagal vaiko am\u017ei\u0173.","robots":{"index":"index","follow":"follow","max-snippet":"max-snippet:-1","max-image-preview":"max-image-preview:large","max-video-preview":"max-video-preview:-1"},"canonical":"https:\/\/kidsplay.lt\/lv\/products\/minamas-su-pedalais-traktorius-zalias\/","og_locale":"lv_LV","og_type":"article","og_title":"Minamas su pedalais traktorius &#8211; \u017ealias","og_description":"Auk\u0161tos kokyb\u0117s blizgus plastikas, lengvai valomas. Pakeliamas priekinis gaubtas. Reguliuojama s\u0117dyn\u0117, reguliuojama pagal vaiko am\u017ei\u0173.","og_url":"https:\/\/kidsplay.lt\/lv\/products\/minamas-su-pedalais-traktorius-zalias\/","og_site_name":"KidsPlay","article_publisher":"https:\/\/www.facebook.com\/www.kidsplay.lt","article_modified_time":"2026-03-23T07:16:43+00:00","og_image":[{"width":1000,"height":1000,"url":"https:\/\/kidsplay.lt\/wp-content\/uploads\/2024\/09\/Minamas-su-pedalais-traktorius-\u2013-zalias.jpg","type":"image\/jpeg"}],"twitter_card":"summary_large_image","schema":{"@context":"https:\/\/schema.org","@graph":[{"@type":"WebPage","@id":"https:\/\/kidsplay.lt\/produktas\/minamas-su-pedalais-traktorius-zalias\/","url":"https:\/\/kidsplay.lt\/produktas\/minamas-su-pedalais-traktorius-zalias\/","name":"Minamas su pedalais traktorius &#8211; \u017ealias","isPartOf":{"@id":"https:\/\/kidsplay.lt\/#website"},"primaryImageOfPage":{"@id":"https:\/\/kidsplay.lt\/produktas\/minamas-su-pedalais-traktorius-zalias\/#primaryimage"},"image":{"@id":"https:\/\/kidsplay.lt\/produktas\/minamas-su-pedalais-traktorius-zalias\/#primaryimage"},"thumbnailUrl":"https:\/\/kidsplay.lt\/wp-content\/uploads\/2024\/09\/Minamas-su-pedalais-traktorius-\u2013-zalias.jpg","datePublished":"2026-02-26T07:50:34+00:00","dateModified":"2026-03-23T07:16:43+00:00","description":"Auk\u0161tos kokyb\u0117s blizgus plastikas, lengvai valomas. Pakeliamas priekinis gaubtas. Reguliuojama s\u0117dyn\u0117, reguliuojama pagal vaiko am\u017ei\u0173.","breadcrumb":{"@id":"https:\/\/kidsplay.lt\/produktas\/minamas-su-pedalais-traktorius-zalias\/#breadcrumb"},"inLanguage":"lv-LV","potentialAction":[{"@type":"ReadAction","target":["https:\/\/kidsplay.lt\/produktas\/minamas-su-pedalais-traktorius-zalias\/"]}]},{"@type":"ImageObject","inLanguage":"lv-LV","@id":"https:\/\/kidsplay.lt\/produktas\/minamas-su-pedalais-traktorius-zalias\/#primaryimage","url":"https:\/\/kidsplay.lt\/wp-content\/uploads\/2024\/09\/Minamas-su-pedalais-traktorius-\u2013-zalias.jpg","contentUrl":"https:\/\/kidsplay.lt\/wp-content\/uploads\/2024\/09\/Minamas-su-pedalais-traktorius-\u2013-zalias.jpg","width":1000,"height":1000,"caption":"Minamas su pedalais traktorius &#8211; \u017ealias"},{"@type":"BreadcrumbList","@id":"https:\/\/kidsplay.lt\/produktas\/minamas-su-pedalais-traktorius-zalias\/#breadcrumb","itemListElement":[{"@type":"ListItem","position":1,"name":"Pagrindinis","item":"https:\/\/kidsplay.lt\/"},{"@type":"ListItem","position":2,"name":"Parduotuv\u0117","item":"https:\/\/kidsplay.lt\/parduotuve\/"},{"@type":"ListItem","position":3,"name":"Minamas su pedalais traktorius &#8211; \u017ealias"}]},{"@type":"WebSite","@id":"https:\/\/kidsplay.lt\/#website","url":"https:\/\/kidsplay.lt\/","name":"B\u0113rnu sp\u0113les.lv","description":"\u012evairios prek\u0117s vaikams","publisher":{"@id":"https:\/\/kidsplay.lt\/#organization"},"alternateName":"Kidsplay","potentialAction":[{"@type":"SearchAction","target":{"@type":"EntryPoint","urlTemplate":"https:\/\/kidsplay.lt\/?s={search_term_string}"},"query-input":{"@type":"PropertyValueSpecification","valueRequired":true,"valueName":"search_term_string"}}],"inLanguage":"lv-LV"},{"@type":"Organization","@id":"https:\/\/kidsplay.lt\/#organization","name":"B\u0113rnu sp\u0113le","url":"https:\/\/kidsplay.lt\/","logo":{"@type":"ImageObject","inLanguage":"lv-LV","@id":"https:\/\/kidsplay.lt\/#\/schema\/logo\/image\/","url":"https:\/\/kidsplay.lt\/wp-content\/uploads\/2023\/07\/kidsplay-logo.png","contentUrl":"https:\/\/kidsplay.lt\/wp-content\/uploads\/2023\/07\/kidsplay-logo.png","width":451,"height":98,"caption":"KidsPlay"},"image":{"@id":"https:\/\/kidsplay.lt\/#\/schema\/logo\/image\/"},"sameAs":["https:\/\/www.facebook.com\/www.kidsplay.lt"]}]}},"_links":{"self":[{"href":"https:\/\/kidsplay.lt\/lv\/wp-json\/wp\/v2\/product\/90677","targetHints":{"allow":["GET"]}}],"collection":[{"href":"https:\/\/kidsplay.lt\/lv\/wp-json\/wp\/v2\/product"}],"about":[{"href":"https:\/\/kidsplay.lt\/lv\/wp-json\/wp\/v2\/types\/product"}],"version-history":[{"count":1,"href":"https:\/\/kidsplay.lt\/lv\/wp-json\/wp\/v2\/product\/90677\/revisions"}],"predecessor-version":[{"id":90678,"href":"https:\/\/kidsplay.lt\/lv\/wp-json\/wp\/v2\/product\/90677\/revisions\/90678"}],"wp:featuredmedia":[{"embeddable":true,"href":"https:\/\/kidsplay.lt\/lv\/wp-json\/wp\/v2\/media\/53676"}],"wp:attachment":[{"href":"https:\/\/kidsplay.lt\/lv\/wp-json\/wp\/v2\/media?parent=90677"}],"wp:term":[{"taxonomy":"product_brand","embeddable":true,"href":"https:\/\/kidsplay.lt\/lv\/wp-json\/wp\/v2\/product_brand?post=90677"},{"taxonomy":"product_cat","embeddable":true,"href":"https:\/\/kidsplay.lt\/lv\/wp-json\/wp\/v2\/product_cat?post=90677"},{"taxonomy":"product_tag","embeddable":true,"href":"https:\/\/kidsplay.lt\/lv\/wp-json\/wp\/v2\/product_tag?post=90677"}],"curies":[{"name":"wp","href":"https:\/\/api.w.org\/{rel}","templated":true}]}}