{"id":90689,"date":"2026-02-26T09:50:49","date_gmt":"2026-02-26T07:50:49","guid":{"rendered":"https:\/\/kidsplay.lt\/produktas\/stumiamas-triratukas-su-stogeliu-smoby\/"},"modified":"2026-04-13T15:28:29","modified_gmt":"2026-04-13T12:28:29","slug":"stumiamas-triratukas-su-stogeliu-smoby","status":"publish","type":"product","link":"https:\/\/kidsplay.lt\/lv\/products\/stumiamas-triratukas-su-stogeliu-smoby\/","title":{"rendered":"Stumjams tr\u012bsritenis ar jumti\u0146u Smoby"},"content":{"rendered":"<p>&#8222;Baby Balade 3in1\u00a0&#8221; &#8211; tai modernus ir gerai \u012frengtas pirmasis dviratukas, kuris &#8222;auga&#8221; kartu su vaiku, prisitaikydamas prie ma\u017eyli\u0173 poreiki\u0173 \u012fvairiais j\u0173 raidos etapais. Trira\u010dio konstrukcija leid\u017eia transporto priemone naudotis vaikams nuo 10 m\u0117nesi\u0173 am\u017eiaus.<\/p>\n<p>&#8211; Reguliuojamas vairas, kuriuo t\u0117vai gali vairuoti dvirat\u012f<br \/>\n&#8211; vairo u\u017eraktas<br \/>\n&#8211; patogi ir ergonomi\u0161ka s\u0117dyn\u0117 su paauk\u0161tintu galvos atlo\u0161u<br \/>\n&#8211; laisvojo rato mechanizmas, t. y. ratas sukasi, o pedalai nejuda (idealiai tinka va\u017eiuojant dvira\u010diu, vaikas gali laisvai laikyti kojas ant pedal\u0173)<br \/>\n&#8211; smulki\u0173 daikt\u0173 laikymo skyrius, kuris taip pat turi atlenkimo funkcij\u0105<br \/>\n&#8211; krep\u0161ys ma\u017eylio lobiams arba t\u0117v\u0173 daiktams (galima nuimti ir ve\u017eti atskirai)<br \/>\n&#8211; stogelis nuo saul\u0117s<br \/>\n&#8211; patogios koj\u0173 atramos, kurias galima atlenkti arba nuimti<br \/>\n&#8211; neslystantys pedalai<\/p>","protected":false},"excerpt":{"rendered":"<p>&#8222;Baby Balade 3in1\u00a0&#8221; &#8211; tai modernus ir gerai \u012frengtas pirmasis dviratukas, kuris &#8222;auga&#8221; kartu su vaiku, prisitaikydamas prie ma\u017eyli\u0173 poreiki\u0173<\/p>","protected":false},"featured_media":53842,"template":"","meta":{"_acf_changed":false,"_glsr_average":0,"_glsr_ranking":0,"_glsr_reviews":0},"product_brand":[],"product_cat":[237,239],"product_tag":[],"class_list":{"0":"post-90689","1":"product","2":"type-product","3":"status-publish","4":"has-post-thumbnail","6":"product_cat-judejimo-priemones","7":"product_cat-triratukai","8":"\"style=\"background-color: #2ecc711c;\"","10":"first","11":"instock","12":"purchasable","13":"product-type-simple"},"acf":[],"yoast_head":"<!-- This site is optimized with the Yoast SEO plugin v27.3 - https:\/\/yoast.com\/product\/yoast-seo-wordpress\/ -->\n<title>Stumiamas triratukas su stogeliu Smoby<\/title>\n<meta name=\"description\" content=\"Modernus ir gerai \u012frengtas pirmasis dviratukas, kuris &quot;auga&quot; kartu su vaiku, prisitaikydamas prie ma\u017eyli\u0173 poreiki\u0173 \u012fvairiais j\u0173 raidos etapais.\" \/>\n<meta name=\"robots\" content=\"index, follow, max-snippet:-1, max-image-preview:large, max-video-preview:-1\" \/>\n<link rel=\"canonical\" href=\"https:\/\/kidsplay.lt\/lv\/products\/stumiamas-triratukas-su-stogeliu-smoby\/\" \/>\n<meta property=\"og:locale\" content=\"lv_LV\" \/>\n<meta property=\"og:type\" content=\"article\" \/>\n<meta property=\"og:title\" content=\"Stumiamas triratukas su stogeliu Smoby\" \/>\n<meta property=\"og:description\" content=\"Modernus ir gerai \u012frengtas pirmasis dviratukas, kuris &quot;auga&quot; kartu su vaiku, prisitaikydamas prie ma\u017eyli\u0173 poreiki\u0173 \u012fvairiais j\u0173 raidos etapais.\" \/>\n<meta property=\"og:url\" content=\"https:\/\/kidsplay.lt\/lv\/products\/stumiamas-triratukas-su-stogeliu-smoby\/\" \/>\n<meta property=\"og:site_name\" content=\"KidsPlay\" \/>\n<meta property=\"article:publisher\" content=\"https:\/\/www.facebook.com\/www.kidsplay.lt\" \/>\n<meta property=\"article:modified_time\" content=\"2026-04-13T12:28:29+00:00\" \/>\n<meta property=\"og:image\" content=\"https:\/\/kidsplay.lt\/wp-content\/uploads\/2024\/09\/Stumiamas-triratukas-su-stogeliu-Smoby.jpg\" \/>\n\t<meta property=\"og:image:width\" content=\"1000\" \/>\n\t<meta property=\"og:image:height\" content=\"1000\" \/>\n\t<meta property=\"og:image:type\" content=\"image\/jpeg\" \/>\n<meta name=\"twitter:card\" content=\"summary_large_image\" \/>\n<meta name=\"twitter:label1\" content=\"Est. reading time\" \/>\n\t<meta name=\"twitter:data1\" content=\"1 min\u016bte\" \/>\n<script type=\"application\/ld+json\" class=\"yoast-schema-graph\">{\"@context\":\"https:\\\/\\\/schema.org\",\"@graph\":[{\"@type\":\"WebPage\",\"@id\":\"https:\\\/\\\/kidsplay.lt\\\/produktas\\\/stumiamas-triratukas-su-stogeliu-smoby\\\/\",\"url\":\"https:\\\/\\\/kidsplay.lt\\\/produktas\\\/stumiamas-triratukas-su-stogeliu-smoby\\\/\",\"name\":\"Stumiamas triratukas su stogeliu Smoby\",\"isPartOf\":{\"@id\":\"https:\\\/\\\/kidsplay.lt\\\/#website\"},\"primaryImageOfPage\":{\"@id\":\"https:\\\/\\\/kidsplay.lt\\\/produktas\\\/stumiamas-triratukas-su-stogeliu-smoby\\\/#primaryimage\"},\"image\":{\"@id\":\"https:\\\/\\\/kidsplay.lt\\\/produktas\\\/stumiamas-triratukas-su-stogeliu-smoby\\\/#primaryimage\"},\"thumbnailUrl\":\"https:\\\/\\\/kidsplay.lt\\\/wp-content\\\/uploads\\\/2024\\\/09\\\/Stumiamas-triratukas-su-stogeliu-Smoby.jpg\",\"datePublished\":\"2026-02-26T07:50:49+00:00\",\"dateModified\":\"2026-04-13T12:28:29+00:00\",\"description\":\"Modernus ir gerai \u012frengtas pirmasis dviratukas, kuris \\\"auga\\\" kartu su vaiku, prisitaikydamas prie ma\u017eyli\u0173 poreiki\u0173 \u012fvairiais j\u0173 raidos etapais.\",\"breadcrumb\":{\"@id\":\"https:\\\/\\\/kidsplay.lt\\\/produktas\\\/stumiamas-triratukas-su-stogeliu-smoby\\\/#breadcrumb\"},\"inLanguage\":\"lv-LV\",\"potentialAction\":[{\"@type\":\"ReadAction\",\"target\":[\"https:\\\/\\\/kidsplay.lt\\\/produktas\\\/stumiamas-triratukas-su-stogeliu-smoby\\\/\"]}]},{\"@type\":\"ImageObject\",\"inLanguage\":\"lv-LV\",\"@id\":\"https:\\\/\\\/kidsplay.lt\\\/produktas\\\/stumiamas-triratukas-su-stogeliu-smoby\\\/#primaryimage\",\"url\":\"https:\\\/\\\/kidsplay.lt\\\/wp-content\\\/uploads\\\/2024\\\/09\\\/Stumiamas-triratukas-su-stogeliu-Smoby.jpg\",\"contentUrl\":\"https:\\\/\\\/kidsplay.lt\\\/wp-content\\\/uploads\\\/2024\\\/09\\\/Stumiamas-triratukas-su-stogeliu-Smoby.jpg\",\"width\":1000,\"height\":1000,\"caption\":\"Stumiamas triratukas su stogeliu Smoby\"},{\"@type\":\"BreadcrumbList\",\"@id\":\"https:\\\/\\\/kidsplay.lt\\\/produktas\\\/stumiamas-triratukas-su-stogeliu-smoby\\\/#breadcrumb\",\"itemListElement\":[{\"@type\":\"ListItem\",\"position\":1,\"name\":\"Pagrindinis\",\"item\":\"https:\\\/\\\/kidsplay.lt\\\/\"},{\"@type\":\"ListItem\",\"position\":2,\"name\":\"Parduotuv\u0117\",\"item\":\"https:\\\/\\\/kidsplay.lt\\\/parduotuve\\\/\"},{\"@type\":\"ListItem\",\"position\":3,\"name\":\"Stumiamas triratukas su stogeliu Smoby\"}]},{\"@type\":\"WebSite\",\"@id\":\"https:\\\/\\\/kidsplay.lt\\\/#website\",\"url\":\"https:\\\/\\\/kidsplay.lt\\\/\",\"name\":\"Kidsplay.lt\",\"description\":\"\u012evairios prek\u0117s vaikams\",\"publisher\":{\"@id\":\"https:\\\/\\\/kidsplay.lt\\\/#organization\"},\"alternateName\":\"Kidsplay\",\"potentialAction\":[{\"@type\":\"SearchAction\",\"target\":{\"@type\":\"EntryPoint\",\"urlTemplate\":\"https:\\\/\\\/kidsplay.lt\\\/?s={search_term_string}\"},\"query-input\":{\"@type\":\"PropertyValueSpecification\",\"valueRequired\":true,\"valueName\":\"search_term_string\"}}],\"inLanguage\":\"lv-LV\"},{\"@type\":\"Organization\",\"@id\":\"https:\\\/\\\/kidsplay.lt\\\/#organization\",\"name\":\"KidsPlay\",\"url\":\"https:\\\/\\\/kidsplay.lt\\\/\",\"logo\":{\"@type\":\"ImageObject\",\"inLanguage\":\"lv-LV\",\"@id\":\"https:\\\/\\\/kidsplay.lt\\\/#\\\/schema\\\/logo\\\/image\\\/\",\"url\":\"https:\\\/\\\/kidsplay.lt\\\/wp-content\\\/uploads\\\/2023\\\/07\\\/kidsplay-logo.png\",\"contentUrl\":\"https:\\\/\\\/kidsplay.lt\\\/wp-content\\\/uploads\\\/2023\\\/07\\\/kidsplay-logo.png\",\"width\":451,\"height\":98,\"caption\":\"KidsPlay\"},\"image\":{\"@id\":\"https:\\\/\\\/kidsplay.lt\\\/#\\\/schema\\\/logo\\\/image\\\/\"},\"sameAs\":[\"https:\\\/\\\/www.facebook.com\\\/www.kidsplay.lt\"]}]}<\/script>\n<!-- \/ Yoast SEO plugin. -->","yoast_head_json":{"title":"Stumjams tr\u012bsritenis ar jumti\u0146u Smoby","description":"Modernus ir gerai \u012frengtas pirmasis dviratukas, kuris \"auga\" kartu su vaiku, prisitaikydamas prie ma\u017eyli\u0173 poreiki\u0173 \u012fvairiais j\u0173 raidos etapais.","robots":{"index":"index","follow":"follow","max-snippet":"max-snippet:-1","max-image-preview":"max-image-preview:large","max-video-preview":"max-video-preview:-1"},"canonical":"https:\/\/kidsplay.lt\/lv\/products\/stumiamas-triratukas-su-stogeliu-smoby\/","og_locale":"lv_LV","og_type":"article","og_title":"Stumiamas triratukas su stogeliu Smoby","og_description":"Modernus ir gerai \u012frengtas pirmasis dviratukas, kuris \"auga\" kartu su vaiku, prisitaikydamas prie ma\u017eyli\u0173 poreiki\u0173 \u012fvairiais j\u0173 raidos etapais.","og_url":"https:\/\/kidsplay.lt\/lv\/products\/stumiamas-triratukas-su-stogeliu-smoby\/","og_site_name":"KidsPlay","article_publisher":"https:\/\/www.facebook.com\/www.kidsplay.lt","article_modified_time":"2026-04-13T12:28:29+00:00","og_image":[{"width":1000,"height":1000,"url":"https:\/\/kidsplay.lt\/wp-content\/uploads\/2024\/09\/Stumiamas-triratukas-su-stogeliu-Smoby.jpg","type":"image\/jpeg"}],"twitter_card":"summary_large_image","twitter_misc":{"Est. reading time":"1 min\u016bte"},"schema":{"@context":"https:\/\/schema.org","@graph":[{"@type":"WebPage","@id":"https:\/\/kidsplay.lt\/produktas\/stumiamas-triratukas-su-stogeliu-smoby\/","url":"https:\/\/kidsplay.lt\/produktas\/stumiamas-triratukas-su-stogeliu-smoby\/","name":"Stumjams tr\u012bsritenis ar jumti\u0146u Smoby","isPartOf":{"@id":"https:\/\/kidsplay.lt\/#website"},"primaryImageOfPage":{"@id":"https:\/\/kidsplay.lt\/produktas\/stumiamas-triratukas-su-stogeliu-smoby\/#primaryimage"},"image":{"@id":"https:\/\/kidsplay.lt\/produktas\/stumiamas-triratukas-su-stogeliu-smoby\/#primaryimage"},"thumbnailUrl":"https:\/\/kidsplay.lt\/wp-content\/uploads\/2024\/09\/Stumiamas-triratukas-su-stogeliu-Smoby.jpg","datePublished":"2026-02-26T07:50:49+00:00","dateModified":"2026-04-13T12:28:29+00:00","description":"Modernus ir gerai \u012frengtas pirmasis dviratukas, kuris \"auga\" kartu su vaiku, prisitaikydamas prie ma\u017eyli\u0173 poreiki\u0173 \u012fvairiais j\u0173 raidos etapais.","breadcrumb":{"@id":"https:\/\/kidsplay.lt\/produktas\/stumiamas-triratukas-su-stogeliu-smoby\/#breadcrumb"},"inLanguage":"lv-LV","potentialAction":[{"@type":"ReadAction","target":["https:\/\/kidsplay.lt\/produktas\/stumiamas-triratukas-su-stogeliu-smoby\/"]}]},{"@type":"ImageObject","inLanguage":"lv-LV","@id":"https:\/\/kidsplay.lt\/produktas\/stumiamas-triratukas-su-stogeliu-smoby\/#primaryimage","url":"https:\/\/kidsplay.lt\/wp-content\/uploads\/2024\/09\/Stumiamas-triratukas-su-stogeliu-Smoby.jpg","contentUrl":"https:\/\/kidsplay.lt\/wp-content\/uploads\/2024\/09\/Stumiamas-triratukas-su-stogeliu-Smoby.jpg","width":1000,"height":1000,"caption":"Stumiamas triratukas su stogeliu Smoby"},{"@type":"BreadcrumbList","@id":"https:\/\/kidsplay.lt\/produktas\/stumiamas-triratukas-su-stogeliu-smoby\/#breadcrumb","itemListElement":[{"@type":"ListItem","position":1,"name":"Pagrindinis","item":"https:\/\/kidsplay.lt\/"},{"@type":"ListItem","position":2,"name":"Parduotuv\u0117","item":"https:\/\/kidsplay.lt\/parduotuve\/"},{"@type":"ListItem","position":3,"name":"Stumiamas triratukas su stogeliu Smoby"}]},{"@type":"WebSite","@id":"https:\/\/kidsplay.lt\/#website","url":"https:\/\/kidsplay.lt\/","name":"B\u0113rnu sp\u0113les.lv","description":"\u012evairios prek\u0117s vaikams","publisher":{"@id":"https:\/\/kidsplay.lt\/#organization"},"alternateName":"Kidsplay","potentialAction":[{"@type":"SearchAction","target":{"@type":"EntryPoint","urlTemplate":"https:\/\/kidsplay.lt\/?s={search_term_string}"},"query-input":{"@type":"PropertyValueSpecification","valueRequired":true,"valueName":"search_term_string"}}],"inLanguage":"lv-LV"},{"@type":"Organization","@id":"https:\/\/kidsplay.lt\/#organization","name":"B\u0113rnu sp\u0113le","url":"https:\/\/kidsplay.lt\/","logo":{"@type":"ImageObject","inLanguage":"lv-LV","@id":"https:\/\/kidsplay.lt\/#\/schema\/logo\/image\/","url":"https:\/\/kidsplay.lt\/wp-content\/uploads\/2023\/07\/kidsplay-logo.png","contentUrl":"https:\/\/kidsplay.lt\/wp-content\/uploads\/2023\/07\/kidsplay-logo.png","width":451,"height":98,"caption":"KidsPlay"},"image":{"@id":"https:\/\/kidsplay.lt\/#\/schema\/logo\/image\/"},"sameAs":["https:\/\/www.facebook.com\/www.kidsplay.lt"]}]}},"_links":{"self":[{"href":"https:\/\/kidsplay.lt\/lv\/wp-json\/wp\/v2\/product\/90689","targetHints":{"allow":["GET"]}}],"collection":[{"href":"https:\/\/kidsplay.lt\/lv\/wp-json\/wp\/v2\/product"}],"about":[{"href":"https:\/\/kidsplay.lt\/lv\/wp-json\/wp\/v2\/types\/product"}],"version-history":[{"count":1,"href":"https:\/\/kidsplay.lt\/lv\/wp-json\/wp\/v2\/product\/90689\/revisions"}],"predecessor-version":[{"id":90690,"href":"https:\/\/kidsplay.lt\/lv\/wp-json\/wp\/v2\/product\/90689\/revisions\/90690"}],"wp:featuredmedia":[{"embeddable":true,"href":"https:\/\/kidsplay.lt\/lv\/wp-json\/wp\/v2\/media\/53842"}],"wp:attachment":[{"href":"https:\/\/kidsplay.lt\/lv\/wp-json\/wp\/v2\/media?parent=90689"}],"wp:term":[{"taxonomy":"product_brand","embeddable":true,"href":"https:\/\/kidsplay.lt\/lv\/wp-json\/wp\/v2\/product_brand?post=90689"},{"taxonomy":"product_cat","embeddable":true,"href":"https:\/\/kidsplay.lt\/lv\/wp-json\/wp\/v2\/product_cat?post=90689"},{"taxonomy":"product_tag","embeddable":true,"href":"https:\/\/kidsplay.lt\/lv\/wp-json\/wp\/v2\/product_tag?post=90689"}],"curies":[{"name":"wp","href":"https:\/\/api.w.org\/{rel}","templated":true}]}}