{"id":90691,"date":"2026-02-26T09:50:51","date_gmt":"2026-02-26T07:50:51","guid":{"rendered":"https:\/\/kidsplay.lt\/produktas\/smelio-deze-ir-baseinas-4in1\/"},"modified":"2026-04-13T15:28:33","modified_gmt":"2026-04-13T12:28:33","slug":"smelio-deze-ir-baseinas-4in1","status":"publish","type":"product","link":"https:\/\/kidsplay.lt\/lv\/products\/smelio-deze-ir-baseinas-4in1\/","title":{"rendered":"Sm\u0117lio d\u0117\u017e\u0117 ir baseinas 4in1"},"content":{"rendered":"<p>Gaminys, kuris d\u0117l savo patvarumo gali b\u016bti daugiafunkcinis. \u0160iltomis dienomis j\u0105 galima naudoti kaip\u00a0basein\u0105 arba sm\u0117lio d\u0117\u017e\u0119, o \u0161altomis dienomis j\u0105 galima perkelti \u012f patalp\u0105 ir naudoti kaip\u00a0\u017eaisl\u0173 d\u0117\u017e\u0119\u00a0arba\u00a0saus\u0105 kamuoliuk\u0173 basein\u0105. D\u0117l patvari\u0173 lipduk\u0173 ir auk\u0161tos kokyb\u0117s plastiko \u0161is gaminys tarnaus ilgus metus.<\/p>\n<p>&#8211;\u00a0Daugiafunkcinis\u00a0gaminys &#8221;\u00a04 viename&#8221;: baseinas, sm\u0117lio d\u0117\u017e\u0117, sausas kamuoliuk\u0173 baseinas arba \u017eaisl\u0173 d\u0117\u017e\u0117,<br \/>\n&#8211; raudonos kriaukl\u0117s formos su\u00a0&#8222;Cars&#8221; tema,<br \/>\n&#8211; turi dangt\u012f, kur\u012f galima greitai ir lengvai nuimti ir pakeisti,<br \/>\n&#8211; visa tai padengta\u00a0ANTI UV\u00a0danga &#8211; gaminys\u00a0atsparus oro s\u0105lygoms,<br \/>\n&#8211; tinka vaikams\u00a0nuo 12 m\u0117nesi\u0173.<\/p>","protected":false},"excerpt":{"rendered":"<p>Gaminys, kuris d\u0117l savo patvarumo gali b\u016bti daugiafunkcinis. \u0160iltomis dienomis j\u0105 galima naudoti kaip\u00a0basein\u0105 arba sm\u0117lio d\u0117\u017e\u0119, o \u0161altomis dienomis<\/p>","protected":false},"featured_media":53855,"template":"","meta":{"_acf_changed":false,"_glsr_average":0,"_glsr_ranking":0,"_glsr_reviews":0},"product_brand":[],"product_cat":[233,327],"product_tag":[],"class_list":{"0":"post-90691","1":"product","2":"type-product","3":"status-publish","4":"has-post-thumbnail","6":"product_cat-lauko-pramogos","7":"product_cat-smelio-dezes-ir-priedai","8":"\"style=\"background-color: #2ecc711c;\"","10":"first","11":"instock","12":"purchasable","13":"product-type-simple"},"acf":[],"yoast_head":"<!-- This site is optimized with the Yoast SEO plugin v27.3 - https:\/\/yoast.com\/product\/yoast-seo-wordpress\/ -->\n<title>Sm\u0117lio d\u0117\u017e\u0117 ir baseinas 4in1<\/title>\n<meta name=\"description\" content=\"Gaminys, kuris d\u0117l savo patvarumo gali b\u016bti daugiafunkcinis. \u0160iltomis dienomis j\u0105 galima naudoti kaip\u00a0basein\u0105 arba sm\u0117lio d\u0117\u017e\u0119.\" \/>\n<meta name=\"robots\" content=\"index, follow, max-snippet:-1, max-image-preview:large, max-video-preview:-1\" \/>\n<link rel=\"canonical\" href=\"https:\/\/kidsplay.lt\/lv\/products\/smelio-deze-ir-baseinas-4in1\/\" \/>\n<meta property=\"og:locale\" content=\"lv_LV\" \/>\n<meta property=\"og:type\" content=\"article\" \/>\n<meta property=\"og:title\" content=\"Sm\u0117lio d\u0117\u017e\u0117 ir baseinas 4in1\" \/>\n<meta property=\"og:description\" content=\"Gaminys, kuris d\u0117l savo patvarumo gali b\u016bti daugiafunkcinis. \u0160iltomis dienomis j\u0105 galima naudoti kaip\u00a0basein\u0105 arba sm\u0117lio d\u0117\u017e\u0119.\" \/>\n<meta property=\"og:url\" content=\"https:\/\/kidsplay.lt\/lv\/products\/smelio-deze-ir-baseinas-4in1\/\" \/>\n<meta property=\"og:site_name\" content=\"KidsPlay\" \/>\n<meta property=\"article:publisher\" content=\"https:\/\/www.facebook.com\/www.kidsplay.lt\" \/>\n<meta property=\"article:modified_time\" content=\"2026-04-13T12:28:33+00:00\" \/>\n<meta property=\"og:image\" content=\"https:\/\/kidsplay.lt\/wp-content\/uploads\/2024\/09\/Smelio-deze-ir-baseinas-4in1.jpg\" \/>\n\t<meta property=\"og:image:width\" content=\"1000\" \/>\n\t<meta property=\"og:image:height\" content=\"1000\" \/>\n\t<meta property=\"og:image:type\" content=\"image\/jpeg\" \/>\n<meta name=\"twitter:card\" content=\"summary_large_image\" \/>\n<meta name=\"twitter:label1\" content=\"Est. reading time\" \/>\n\t<meta name=\"twitter:data1\" content=\"1 min\u016bte\" \/>\n<script type=\"application\/ld+json\" class=\"yoast-schema-graph\">{\"@context\":\"https:\\\/\\\/schema.org\",\"@graph\":[{\"@type\":\"WebPage\",\"@id\":\"https:\\\/\\\/kidsplay.lt\\\/produktas\\\/smelio-deze-ir-baseinas-4in1\\\/\",\"url\":\"https:\\\/\\\/kidsplay.lt\\\/produktas\\\/smelio-deze-ir-baseinas-4in1\\\/\",\"name\":\"Sm\u0117lio d\u0117\u017e\u0117 ir baseinas 4in1\",\"isPartOf\":{\"@id\":\"https:\\\/\\\/kidsplay.lt\\\/#website\"},\"primaryImageOfPage\":{\"@id\":\"https:\\\/\\\/kidsplay.lt\\\/produktas\\\/smelio-deze-ir-baseinas-4in1\\\/#primaryimage\"},\"image\":{\"@id\":\"https:\\\/\\\/kidsplay.lt\\\/produktas\\\/smelio-deze-ir-baseinas-4in1\\\/#primaryimage\"},\"thumbnailUrl\":\"https:\\\/\\\/kidsplay.lt\\\/wp-content\\\/uploads\\\/2024\\\/09\\\/Smelio-deze-ir-baseinas-4in1.jpg\",\"datePublished\":\"2026-02-26T07:50:51+00:00\",\"dateModified\":\"2026-04-13T12:28:33+00:00\",\"description\":\"Gaminys, kuris d\u0117l savo patvarumo gali b\u016bti daugiafunkcinis. \u0160iltomis dienomis j\u0105 galima naudoti kaip\u00a0basein\u0105 arba sm\u0117lio d\u0117\u017e\u0119.\",\"breadcrumb\":{\"@id\":\"https:\\\/\\\/kidsplay.lt\\\/produktas\\\/smelio-deze-ir-baseinas-4in1\\\/#breadcrumb\"},\"inLanguage\":\"lv-LV\",\"potentialAction\":[{\"@type\":\"ReadAction\",\"target\":[\"https:\\\/\\\/kidsplay.lt\\\/produktas\\\/smelio-deze-ir-baseinas-4in1\\\/\"]}]},{\"@type\":\"ImageObject\",\"inLanguage\":\"lv-LV\",\"@id\":\"https:\\\/\\\/kidsplay.lt\\\/produktas\\\/smelio-deze-ir-baseinas-4in1\\\/#primaryimage\",\"url\":\"https:\\\/\\\/kidsplay.lt\\\/wp-content\\\/uploads\\\/2024\\\/09\\\/Smelio-deze-ir-baseinas-4in1.jpg\",\"contentUrl\":\"https:\\\/\\\/kidsplay.lt\\\/wp-content\\\/uploads\\\/2024\\\/09\\\/Smelio-deze-ir-baseinas-4in1.jpg\",\"width\":1000,\"height\":1000,\"caption\":\"Sm\u0117lio d\u0117\u017e\u0117 ir baseinas 4in1\"},{\"@type\":\"BreadcrumbList\",\"@id\":\"https:\\\/\\\/kidsplay.lt\\\/produktas\\\/smelio-deze-ir-baseinas-4in1\\\/#breadcrumb\",\"itemListElement\":[{\"@type\":\"ListItem\",\"position\":1,\"name\":\"Pagrindinis\",\"item\":\"https:\\\/\\\/kidsplay.lt\\\/\"},{\"@type\":\"ListItem\",\"position\":2,\"name\":\"Parduotuv\u0117\",\"item\":\"https:\\\/\\\/kidsplay.lt\\\/parduotuve\\\/\"},{\"@type\":\"ListItem\",\"position\":3,\"name\":\"Sm\u0117lio d\u0117\u017e\u0117 ir baseinas 4in1\"}]},{\"@type\":\"WebSite\",\"@id\":\"https:\\\/\\\/kidsplay.lt\\\/#website\",\"url\":\"https:\\\/\\\/kidsplay.lt\\\/\",\"name\":\"Kidsplay.lt\",\"description\":\"\u012evairios prek\u0117s vaikams\",\"publisher\":{\"@id\":\"https:\\\/\\\/kidsplay.lt\\\/#organization\"},\"alternateName\":\"Kidsplay\",\"potentialAction\":[{\"@type\":\"SearchAction\",\"target\":{\"@type\":\"EntryPoint\",\"urlTemplate\":\"https:\\\/\\\/kidsplay.lt\\\/?s={search_term_string}\"},\"query-input\":{\"@type\":\"PropertyValueSpecification\",\"valueRequired\":true,\"valueName\":\"search_term_string\"}}],\"inLanguage\":\"lv-LV\"},{\"@type\":\"Organization\",\"@id\":\"https:\\\/\\\/kidsplay.lt\\\/#organization\",\"name\":\"KidsPlay\",\"url\":\"https:\\\/\\\/kidsplay.lt\\\/\",\"logo\":{\"@type\":\"ImageObject\",\"inLanguage\":\"lv-LV\",\"@id\":\"https:\\\/\\\/kidsplay.lt\\\/#\\\/schema\\\/logo\\\/image\\\/\",\"url\":\"https:\\\/\\\/kidsplay.lt\\\/wp-content\\\/uploads\\\/2023\\\/07\\\/kidsplay-logo.png\",\"contentUrl\":\"https:\\\/\\\/kidsplay.lt\\\/wp-content\\\/uploads\\\/2023\\\/07\\\/kidsplay-logo.png\",\"width\":451,\"height\":98,\"caption\":\"KidsPlay\"},\"image\":{\"@id\":\"https:\\\/\\\/kidsplay.lt\\\/#\\\/schema\\\/logo\\\/image\\\/\"},\"sameAs\":[\"https:\\\/\\\/www.facebook.com\\\/www.kidsplay.lt\"]}]}<\/script>\n<!-- \/ Yoast SEO plugin. -->","yoast_head_json":{"title":"Sm\u0117lio d\u0117\u017e\u0117 ir baseinas 4in1","description":"Gaminys, kuris d\u0117l savo patvarumo gali b\u016bti daugiafunkcinis. \u0160iltomis dienomis j\u0105 galima naudoti kaip\u00a0basein\u0105 arba sm\u0117lio d\u0117\u017e\u0119.","robots":{"index":"index","follow":"follow","max-snippet":"max-snippet:-1","max-image-preview":"max-image-preview:large","max-video-preview":"max-video-preview:-1"},"canonical":"https:\/\/kidsplay.lt\/lv\/products\/smelio-deze-ir-baseinas-4in1\/","og_locale":"lv_LV","og_type":"article","og_title":"Sm\u0117lio d\u0117\u017e\u0117 ir baseinas 4in1","og_description":"Gaminys, kuris d\u0117l savo patvarumo gali b\u016bti daugiafunkcinis. \u0160iltomis dienomis j\u0105 galima naudoti kaip\u00a0basein\u0105 arba sm\u0117lio d\u0117\u017e\u0119.","og_url":"https:\/\/kidsplay.lt\/lv\/products\/smelio-deze-ir-baseinas-4in1\/","og_site_name":"KidsPlay","article_publisher":"https:\/\/www.facebook.com\/www.kidsplay.lt","article_modified_time":"2026-04-13T12:28:33+00:00","og_image":[{"width":1000,"height":1000,"url":"https:\/\/kidsplay.lt\/wp-content\/uploads\/2024\/09\/Smelio-deze-ir-baseinas-4in1.jpg","type":"image\/jpeg"}],"twitter_card":"summary_large_image","twitter_misc":{"Est. reading time":"1 min\u016bte"},"schema":{"@context":"https:\/\/schema.org","@graph":[{"@type":"WebPage","@id":"https:\/\/kidsplay.lt\/produktas\/smelio-deze-ir-baseinas-4in1\/","url":"https:\/\/kidsplay.lt\/produktas\/smelio-deze-ir-baseinas-4in1\/","name":"Sm\u0117lio d\u0117\u017e\u0117 ir baseinas 4in1","isPartOf":{"@id":"https:\/\/kidsplay.lt\/#website"},"primaryImageOfPage":{"@id":"https:\/\/kidsplay.lt\/produktas\/smelio-deze-ir-baseinas-4in1\/#primaryimage"},"image":{"@id":"https:\/\/kidsplay.lt\/produktas\/smelio-deze-ir-baseinas-4in1\/#primaryimage"},"thumbnailUrl":"https:\/\/kidsplay.lt\/wp-content\/uploads\/2024\/09\/Smelio-deze-ir-baseinas-4in1.jpg","datePublished":"2026-02-26T07:50:51+00:00","dateModified":"2026-04-13T12:28:33+00:00","description":"Gaminys, kuris d\u0117l savo patvarumo gali b\u016bti daugiafunkcinis. \u0160iltomis dienomis j\u0105 galima naudoti kaip\u00a0basein\u0105 arba sm\u0117lio d\u0117\u017e\u0119.","breadcrumb":{"@id":"https:\/\/kidsplay.lt\/produktas\/smelio-deze-ir-baseinas-4in1\/#breadcrumb"},"inLanguage":"lv-LV","potentialAction":[{"@type":"ReadAction","target":["https:\/\/kidsplay.lt\/produktas\/smelio-deze-ir-baseinas-4in1\/"]}]},{"@type":"ImageObject","inLanguage":"lv-LV","@id":"https:\/\/kidsplay.lt\/produktas\/smelio-deze-ir-baseinas-4in1\/#primaryimage","url":"https:\/\/kidsplay.lt\/wp-content\/uploads\/2024\/09\/Smelio-deze-ir-baseinas-4in1.jpg","contentUrl":"https:\/\/kidsplay.lt\/wp-content\/uploads\/2024\/09\/Smelio-deze-ir-baseinas-4in1.jpg","width":1000,"height":1000,"caption":"Sm\u0117lio d\u0117\u017e\u0117 ir baseinas 4in1"},{"@type":"BreadcrumbList","@id":"https:\/\/kidsplay.lt\/produktas\/smelio-deze-ir-baseinas-4in1\/#breadcrumb","itemListElement":[{"@type":"ListItem","position":1,"name":"Pagrindinis","item":"https:\/\/kidsplay.lt\/"},{"@type":"ListItem","position":2,"name":"Parduotuv\u0117","item":"https:\/\/kidsplay.lt\/parduotuve\/"},{"@type":"ListItem","position":3,"name":"Sm\u0117lio d\u0117\u017e\u0117 ir baseinas 4in1"}]},{"@type":"WebSite","@id":"https:\/\/kidsplay.lt\/#website","url":"https:\/\/kidsplay.lt\/","name":"B\u0113rnu sp\u0113les.lv","description":"\u012evairios prek\u0117s vaikams","publisher":{"@id":"https:\/\/kidsplay.lt\/#organization"},"alternateName":"Kidsplay","potentialAction":[{"@type":"SearchAction","target":{"@type":"EntryPoint","urlTemplate":"https:\/\/kidsplay.lt\/?s={search_term_string}"},"query-input":{"@type":"PropertyValueSpecification","valueRequired":true,"valueName":"search_term_string"}}],"inLanguage":"lv-LV"},{"@type":"Organization","@id":"https:\/\/kidsplay.lt\/#organization","name":"B\u0113rnu sp\u0113le","url":"https:\/\/kidsplay.lt\/","logo":{"@type":"ImageObject","inLanguage":"lv-LV","@id":"https:\/\/kidsplay.lt\/#\/schema\/logo\/image\/","url":"https:\/\/kidsplay.lt\/wp-content\/uploads\/2023\/07\/kidsplay-logo.png","contentUrl":"https:\/\/kidsplay.lt\/wp-content\/uploads\/2023\/07\/kidsplay-logo.png","width":451,"height":98,"caption":"KidsPlay"},"image":{"@id":"https:\/\/kidsplay.lt\/#\/schema\/logo\/image\/"},"sameAs":["https:\/\/www.facebook.com\/www.kidsplay.lt"]}]}},"_links":{"self":[{"href":"https:\/\/kidsplay.lt\/lv\/wp-json\/wp\/v2\/product\/90691","targetHints":{"allow":["GET"]}}],"collection":[{"href":"https:\/\/kidsplay.lt\/lv\/wp-json\/wp\/v2\/product"}],"about":[{"href":"https:\/\/kidsplay.lt\/lv\/wp-json\/wp\/v2\/types\/product"}],"version-history":[{"count":1,"href":"https:\/\/kidsplay.lt\/lv\/wp-json\/wp\/v2\/product\/90691\/revisions"}],"predecessor-version":[{"id":90692,"href":"https:\/\/kidsplay.lt\/lv\/wp-json\/wp\/v2\/product\/90691\/revisions\/90692"}],"wp:featuredmedia":[{"embeddable":true,"href":"https:\/\/kidsplay.lt\/lv\/wp-json\/wp\/v2\/media\/53855"}],"wp:attachment":[{"href":"https:\/\/kidsplay.lt\/lv\/wp-json\/wp\/v2\/media?parent=90691"}],"wp:term":[{"taxonomy":"product_brand","embeddable":true,"href":"https:\/\/kidsplay.lt\/lv\/wp-json\/wp\/v2\/product_brand?post=90691"},{"taxonomy":"product_cat","embeddable":true,"href":"https:\/\/kidsplay.lt\/lv\/wp-json\/wp\/v2\/product_cat?post=90691"},{"taxonomy":"product_tag","embeddable":true,"href":"https:\/\/kidsplay.lt\/lv\/wp-json\/wp\/v2\/product_tag?post=90691"}],"curies":[{"name":"wp","href":"https:\/\/api.w.org\/{rel}","templated":true}]}}