{"id":90693,"date":"2026-02-26T09:50:54","date_gmt":"2026-02-26T07:50:54","guid":{"rendered":"https:\/\/kidsplay.lt\/produktas\/vaikiskas-kosmetikos-rinkinys\/"},"modified":"2026-02-26T19:42:53","modified_gmt":"2026-02-26T17:42:53","slug":"vaikiskas-kosmetikos-rinkinys","status":"publish","type":"product","link":"https:\/\/kidsplay.lt\/lv\/products\/vaikiskas-kosmetikos-rinkinys\/","title":{"rendered":"Vaiki\u0161kas kosmetikos rinkinys"},"content":{"rendered":"<p>Vaikai m\u0117gsta steb\u0117ti ir m\u0117gd\u017eioti suaugusiuosius. &#8222;My Beauty&#8221; asortimentas sujungia tris pasaulius &#8211; kirpykl\u0105, maniki\u016br\u0105 ir makia\u017e\u0105. \u0160iame rinkinyje rasite kiekvienos ma\u017eosios moters b\u016btiniausius reikmenis.<\/p>\n<p>&#8211; Miela pudros d\u0117\u017eut\u0117 su ry\u0161kintuvu, aki\u0173 \u0161e\u0161\u0117liais ir \u0161epet\u0117liu<br \/>\n&#8211; atidarytas veidrod\u0117lis \u0161vie\u010dia<br \/>\n&#8211; visi aki\u0173 \u0161e\u0161\u0117liai n\u0117ra tikri produktai<\/p>","protected":false},"excerpt":{"rendered":"<p>Vaikai m\u0117gsta steb\u0117ti ir m\u0117gd\u017eioti suaugusiuosius. &#8222;My Beauty&#8221; asortimentas sujungia tris pasaulius &#8211; kirpykl\u0105, maniki\u016br\u0105 ir makia\u017e\u0105. \u0160iame rinkinyje rasite<\/p>","protected":false},"featured_media":53914,"template":"","meta":{"_acf_changed":false,"_glsr_average":0,"_glsr_ranking":0,"_glsr_reviews":0},"product_brand":[],"product_cat":[403,399,229],"product_tag":[],"class_list":{"0":"post-90693","1":"product","2":"type-product","3":"status-publish","4":"has-post-thumbnail","6":"product_cat-mada-ir-grozis","7":"product_cat-vaidmenu-zaidimai-2","8":"product_cat-zaislai-vaikams","9":"\"style=\"background-color: #2ecc711c;\"","11":"first","12":"outofstock","13":"purchasable","14":"product-type-simple"},"acf":[],"yoast_head":"<!-- This site is optimized with the Yoast SEO plugin v27.3 - https:\/\/yoast.com\/product\/yoast-seo-wordpress\/ -->\n<title>Vaiki\u0161kas kosmetikos rinkinys<\/title>\n<meta name=\"description\" content=\"Vaikai m\u0117gsta steb\u0117ti ir m\u0117gd\u017eioti suaugusiuosius. &quot;My Beauty&quot; asortimentas sujungia tris pasaulius - kirpykl\u0105, maniki\u016br\u0105 ir makia\u017e\u0105.\" \/>\n<meta name=\"robots\" content=\"index, follow, max-snippet:-1, max-image-preview:large, max-video-preview:-1\" \/>\n<link rel=\"canonical\" href=\"https:\/\/kidsplay.lt\/lv\/products\/vaikiskas-kosmetikos-rinkinys\/\" \/>\n<meta property=\"og:locale\" content=\"lv_LV\" \/>\n<meta property=\"og:type\" content=\"article\" \/>\n<meta property=\"og:title\" content=\"Vaiki\u0161kas kosmetikos rinkinys\" \/>\n<meta property=\"og:description\" content=\"Vaikai m\u0117gsta steb\u0117ti ir m\u0117gd\u017eioti suaugusiuosius. &quot;My Beauty&quot; asortimentas sujungia tris pasaulius - kirpykl\u0105, maniki\u016br\u0105 ir makia\u017e\u0105.\" \/>\n<meta property=\"og:url\" content=\"https:\/\/kidsplay.lt\/lv\/products\/vaikiskas-kosmetikos-rinkinys\/\" \/>\n<meta property=\"og:site_name\" content=\"KidsPlay\" \/>\n<meta property=\"article:publisher\" content=\"https:\/\/www.facebook.com\/www.kidsplay.lt\" \/>\n<meta property=\"article:modified_time\" content=\"2026-02-26T17:42:53+00:00\" \/>\n<meta property=\"og:image\" content=\"https:\/\/kidsplay.lt\/wp-content\/uploads\/2024\/09\/Vaikiskas-kosmetikos-rinkinys.jpg\" \/>\n\t<meta property=\"og:image:width\" content=\"1000\" \/>\n\t<meta property=\"og:image:height\" content=\"1000\" \/>\n\t<meta property=\"og:image:type\" content=\"image\/jpeg\" \/>\n<meta name=\"twitter:card\" content=\"summary_large_image\" \/>\n<script type=\"application\/ld+json\" class=\"yoast-schema-graph\">{\"@context\":\"https:\\\/\\\/schema.org\",\"@graph\":[{\"@type\":\"WebPage\",\"@id\":\"https:\\\/\\\/kidsplay.lt\\\/produktas\\\/vaikiskas-kosmetikos-rinkinys\\\/\",\"url\":\"https:\\\/\\\/kidsplay.lt\\\/produktas\\\/vaikiskas-kosmetikos-rinkinys\\\/\",\"name\":\"Vaiki\u0161kas kosmetikos rinkinys\",\"isPartOf\":{\"@id\":\"https:\\\/\\\/kidsplay.lt\\\/#website\"},\"primaryImageOfPage\":{\"@id\":\"https:\\\/\\\/kidsplay.lt\\\/produktas\\\/vaikiskas-kosmetikos-rinkinys\\\/#primaryimage\"},\"image\":{\"@id\":\"https:\\\/\\\/kidsplay.lt\\\/produktas\\\/vaikiskas-kosmetikos-rinkinys\\\/#primaryimage\"},\"thumbnailUrl\":\"https:\\\/\\\/kidsplay.lt\\\/wp-content\\\/uploads\\\/2024\\\/09\\\/Vaikiskas-kosmetikos-rinkinys.jpg\",\"datePublished\":\"2026-02-26T07:50:54+00:00\",\"dateModified\":\"2026-02-26T17:42:53+00:00\",\"description\":\"Vaikai m\u0117gsta steb\u0117ti ir m\u0117gd\u017eioti suaugusiuosius. \\\"My Beauty\\\" asortimentas sujungia tris pasaulius - kirpykl\u0105, maniki\u016br\u0105 ir makia\u017e\u0105.\",\"breadcrumb\":{\"@id\":\"https:\\\/\\\/kidsplay.lt\\\/produktas\\\/vaikiskas-kosmetikos-rinkinys\\\/#breadcrumb\"},\"inLanguage\":\"lv-LV\",\"potentialAction\":[{\"@type\":\"ReadAction\",\"target\":[\"https:\\\/\\\/kidsplay.lt\\\/produktas\\\/vaikiskas-kosmetikos-rinkinys\\\/\"]}]},{\"@type\":\"ImageObject\",\"inLanguage\":\"lv-LV\",\"@id\":\"https:\\\/\\\/kidsplay.lt\\\/produktas\\\/vaikiskas-kosmetikos-rinkinys\\\/#primaryimage\",\"url\":\"https:\\\/\\\/kidsplay.lt\\\/wp-content\\\/uploads\\\/2024\\\/09\\\/Vaikiskas-kosmetikos-rinkinys.jpg\",\"contentUrl\":\"https:\\\/\\\/kidsplay.lt\\\/wp-content\\\/uploads\\\/2024\\\/09\\\/Vaikiskas-kosmetikos-rinkinys.jpg\",\"width\":1000,\"height\":1000,\"caption\":\"Vaiki\u0161kas kosmetikos rinkinys\"},{\"@type\":\"BreadcrumbList\",\"@id\":\"https:\\\/\\\/kidsplay.lt\\\/produktas\\\/vaikiskas-kosmetikos-rinkinys\\\/#breadcrumb\",\"itemListElement\":[{\"@type\":\"ListItem\",\"position\":1,\"name\":\"Pagrindinis\",\"item\":\"https:\\\/\\\/kidsplay.lt\\\/\"},{\"@type\":\"ListItem\",\"position\":2,\"name\":\"Parduotuv\u0117\",\"item\":\"https:\\\/\\\/kidsplay.lt\\\/parduotuve\\\/\"},{\"@type\":\"ListItem\",\"position\":3,\"name\":\"Vaiki\u0161kas kosmetikos rinkinys\"}]},{\"@type\":\"WebSite\",\"@id\":\"https:\\\/\\\/kidsplay.lt\\\/#website\",\"url\":\"https:\\\/\\\/kidsplay.lt\\\/\",\"name\":\"Kidsplay.lt\",\"description\":\"\u012evairios prek\u0117s vaikams\",\"publisher\":{\"@id\":\"https:\\\/\\\/kidsplay.lt\\\/#organization\"},\"alternateName\":\"Kidsplay\",\"potentialAction\":[{\"@type\":\"SearchAction\",\"target\":{\"@type\":\"EntryPoint\",\"urlTemplate\":\"https:\\\/\\\/kidsplay.lt\\\/?s={search_term_string}\"},\"query-input\":{\"@type\":\"PropertyValueSpecification\",\"valueRequired\":true,\"valueName\":\"search_term_string\"}}],\"inLanguage\":\"lv-LV\"},{\"@type\":\"Organization\",\"@id\":\"https:\\\/\\\/kidsplay.lt\\\/#organization\",\"name\":\"KidsPlay\",\"url\":\"https:\\\/\\\/kidsplay.lt\\\/\",\"logo\":{\"@type\":\"ImageObject\",\"inLanguage\":\"lv-LV\",\"@id\":\"https:\\\/\\\/kidsplay.lt\\\/#\\\/schema\\\/logo\\\/image\\\/\",\"url\":\"https:\\\/\\\/kidsplay.lt\\\/wp-content\\\/uploads\\\/2023\\\/07\\\/kidsplay-logo.png\",\"contentUrl\":\"https:\\\/\\\/kidsplay.lt\\\/wp-content\\\/uploads\\\/2023\\\/07\\\/kidsplay-logo.png\",\"width\":451,\"height\":98,\"caption\":\"KidsPlay\"},\"image\":{\"@id\":\"https:\\\/\\\/kidsplay.lt\\\/#\\\/schema\\\/logo\\\/image\\\/\"},\"sameAs\":[\"https:\\\/\\\/www.facebook.com\\\/www.kidsplay.lt\"]}]}<\/script>\n<!-- \/ Yoast SEO plugin. -->","yoast_head_json":{"title":"Vaiki\u0161kas kosmetikos rinkinys","description":"Vaikai m\u0117gsta steb\u0117ti ir m\u0117gd\u017eioti suaugusiuosius. \"My Beauty\" asortimentas sujungia tris pasaulius - kirpykl\u0105, maniki\u016br\u0105 ir makia\u017e\u0105.","robots":{"index":"index","follow":"follow","max-snippet":"max-snippet:-1","max-image-preview":"max-image-preview:large","max-video-preview":"max-video-preview:-1"},"canonical":"https:\/\/kidsplay.lt\/lv\/products\/vaikiskas-kosmetikos-rinkinys\/","og_locale":"lv_LV","og_type":"article","og_title":"Vaiki\u0161kas kosmetikos rinkinys","og_description":"Vaikai m\u0117gsta steb\u0117ti ir m\u0117gd\u017eioti suaugusiuosius. \"My Beauty\" asortimentas sujungia tris pasaulius - kirpykl\u0105, maniki\u016br\u0105 ir makia\u017e\u0105.","og_url":"https:\/\/kidsplay.lt\/lv\/products\/vaikiskas-kosmetikos-rinkinys\/","og_site_name":"KidsPlay","article_publisher":"https:\/\/www.facebook.com\/www.kidsplay.lt","article_modified_time":"2026-02-26T17:42:53+00:00","og_image":[{"width":1000,"height":1000,"url":"https:\/\/kidsplay.lt\/wp-content\/uploads\/2024\/09\/Vaikiskas-kosmetikos-rinkinys.jpg","type":"image\/jpeg"}],"twitter_card":"summary_large_image","schema":{"@context":"https:\/\/schema.org","@graph":[{"@type":"WebPage","@id":"https:\/\/kidsplay.lt\/produktas\/vaikiskas-kosmetikos-rinkinys\/","url":"https:\/\/kidsplay.lt\/produktas\/vaikiskas-kosmetikos-rinkinys\/","name":"Vaiki\u0161kas kosmetikos rinkinys","isPartOf":{"@id":"https:\/\/kidsplay.lt\/#website"},"primaryImageOfPage":{"@id":"https:\/\/kidsplay.lt\/produktas\/vaikiskas-kosmetikos-rinkinys\/#primaryimage"},"image":{"@id":"https:\/\/kidsplay.lt\/produktas\/vaikiskas-kosmetikos-rinkinys\/#primaryimage"},"thumbnailUrl":"https:\/\/kidsplay.lt\/wp-content\/uploads\/2024\/09\/Vaikiskas-kosmetikos-rinkinys.jpg","datePublished":"2026-02-26T07:50:54+00:00","dateModified":"2026-02-26T17:42:53+00:00","description":"Vaikai m\u0117gsta steb\u0117ti ir m\u0117gd\u017eioti suaugusiuosius. \"My Beauty\" asortimentas sujungia tris pasaulius - kirpykl\u0105, maniki\u016br\u0105 ir makia\u017e\u0105.","breadcrumb":{"@id":"https:\/\/kidsplay.lt\/produktas\/vaikiskas-kosmetikos-rinkinys\/#breadcrumb"},"inLanguage":"lv-LV","potentialAction":[{"@type":"ReadAction","target":["https:\/\/kidsplay.lt\/produktas\/vaikiskas-kosmetikos-rinkinys\/"]}]},{"@type":"ImageObject","inLanguage":"lv-LV","@id":"https:\/\/kidsplay.lt\/produktas\/vaikiskas-kosmetikos-rinkinys\/#primaryimage","url":"https:\/\/kidsplay.lt\/wp-content\/uploads\/2024\/09\/Vaikiskas-kosmetikos-rinkinys.jpg","contentUrl":"https:\/\/kidsplay.lt\/wp-content\/uploads\/2024\/09\/Vaikiskas-kosmetikos-rinkinys.jpg","width":1000,"height":1000,"caption":"Vaiki\u0161kas kosmetikos rinkinys"},{"@type":"BreadcrumbList","@id":"https:\/\/kidsplay.lt\/produktas\/vaikiskas-kosmetikos-rinkinys\/#breadcrumb","itemListElement":[{"@type":"ListItem","position":1,"name":"Pagrindinis","item":"https:\/\/kidsplay.lt\/"},{"@type":"ListItem","position":2,"name":"Parduotuv\u0117","item":"https:\/\/kidsplay.lt\/parduotuve\/"},{"@type":"ListItem","position":3,"name":"Vaiki\u0161kas kosmetikos rinkinys"}]},{"@type":"WebSite","@id":"https:\/\/kidsplay.lt\/#website","url":"https:\/\/kidsplay.lt\/","name":"B\u0113rnu sp\u0113les.lv","description":"\u012evairios prek\u0117s vaikams","publisher":{"@id":"https:\/\/kidsplay.lt\/#organization"},"alternateName":"Kidsplay","potentialAction":[{"@type":"SearchAction","target":{"@type":"EntryPoint","urlTemplate":"https:\/\/kidsplay.lt\/?s={search_term_string}"},"query-input":{"@type":"PropertyValueSpecification","valueRequired":true,"valueName":"search_term_string"}}],"inLanguage":"lv-LV"},{"@type":"Organization","@id":"https:\/\/kidsplay.lt\/#organization","name":"B\u0113rnu sp\u0113le","url":"https:\/\/kidsplay.lt\/","logo":{"@type":"ImageObject","inLanguage":"lv-LV","@id":"https:\/\/kidsplay.lt\/#\/schema\/logo\/image\/","url":"https:\/\/kidsplay.lt\/wp-content\/uploads\/2023\/07\/kidsplay-logo.png","contentUrl":"https:\/\/kidsplay.lt\/wp-content\/uploads\/2023\/07\/kidsplay-logo.png","width":451,"height":98,"caption":"KidsPlay"},"image":{"@id":"https:\/\/kidsplay.lt\/#\/schema\/logo\/image\/"},"sameAs":["https:\/\/www.facebook.com\/www.kidsplay.lt"]}]}},"_links":{"self":[{"href":"https:\/\/kidsplay.lt\/lv\/wp-json\/wp\/v2\/product\/90693","targetHints":{"allow":["GET"]}}],"collection":[{"href":"https:\/\/kidsplay.lt\/lv\/wp-json\/wp\/v2\/product"}],"about":[{"href":"https:\/\/kidsplay.lt\/lv\/wp-json\/wp\/v2\/types\/product"}],"version-history":[{"count":1,"href":"https:\/\/kidsplay.lt\/lv\/wp-json\/wp\/v2\/product\/90693\/revisions"}],"predecessor-version":[{"id":90694,"href":"https:\/\/kidsplay.lt\/lv\/wp-json\/wp\/v2\/product\/90693\/revisions\/90694"}],"wp:featuredmedia":[{"embeddable":true,"href":"https:\/\/kidsplay.lt\/lv\/wp-json\/wp\/v2\/media\/53914"}],"wp:attachment":[{"href":"https:\/\/kidsplay.lt\/lv\/wp-json\/wp\/v2\/media?parent=90693"}],"wp:term":[{"taxonomy":"product_brand","embeddable":true,"href":"https:\/\/kidsplay.lt\/lv\/wp-json\/wp\/v2\/product_brand?post=90693"},{"taxonomy":"product_cat","embeddable":true,"href":"https:\/\/kidsplay.lt\/lv\/wp-json\/wp\/v2\/product_cat?post=90693"},{"taxonomy":"product_tag","embeddable":true,"href":"https:\/\/kidsplay.lt\/lv\/wp-json\/wp\/v2\/product_tag?post=90693"}],"curies":[{"name":"wp","href":"https:\/\/api.w.org\/{rel}","templated":true}]}}