{"id":90695,"date":"2026-02-26T09:50:57","date_gmt":"2026-02-26T07:50:57","guid":{"rendered":"https:\/\/kidsplay.lt\/produktas\/burbulu-masina-vaikams-visciukas\/"},"modified":"2026-04-07T11:03:36","modified_gmt":"2026-04-07T08:03:36","slug":"burbulu-masina-vaikams-visciukas","status":"publish","type":"product","link":"https:\/\/kidsplay.lt\/lv\/products\/burbulu-masina-vaikams-visciukas\/","title":{"rendered":"Burbul\u0173 ma\u0161ina vaikams &#8211; vi\u0161\u010diukas"},"content":{"rendered":"<p>Burbul\u0173 ma\u0161ina yra puikus \u017eaislas vaikams. P\u016bsdama burbulus vi\u0161\u010diukas groja, kuri papildomai linksmina. I\u0161leid\u017eiami burbuliukai \u0161audomi ne tik auk\u0161tu da\u017eniu, bet papildomai sumontuotas ventiliatorius juos pu\u010dia dar toliau.<\/p>\n<p>&#8211; \u017eaislas nuo 3 met\u0173 am\u017eiaus,<br \/>\n&#8211; groja melodij\u0105 , i\u0161leid\u017eia daug burbul\u0173 ir pu\u010dia juos ventiliatoriumi ,<br \/>\n&#8211; \u0161viesos efektas &#8211; \u017eaislas turi mirksin\u010dias lemputes, kai i\u0161leid\u017eia burbulus,<br \/>\n&#8211; pakuot\u0117 tinka dovanai,<br \/>\n&#8211; Reikalingos baterijos: &#8222;AA&#8221; 3x 1,5 V (\u012f komplekt\u0105 ne\u012feina).<\/p>","protected":false},"excerpt":{"rendered":"<p>Burbul\u0173 ma\u0161ina yra puikus \u017eaislas vaikams. P\u016bsdama burbulus vi\u0161\u010diukas groja, kuri papildomai linksmina. I\u0161leid\u017eiami burbuliukai \u0161audomi ne tik auk\u0161tu da\u017eniu,<\/p>","protected":false},"featured_media":53960,"template":"","meta":{"_acf_changed":false,"_glsr_average":0,"_glsr_ranking":0,"_glsr_reviews":0},"product_brand":[],"product_cat":[233,430,229],"product_tag":[],"class_list":{"0":"post-90695","1":"product","2":"type-product","3":"status-publish","4":"has-post-thumbnail","6":"product_cat-lauko-pramogos","7":"product_cat-zaidimai-ir-linksmybes","8":"product_cat-zaislai-vaikams","9":"\"style=\"background-color: #2ecc711c;\"","11":"first","12":"instock","13":"purchasable","14":"product-type-simple"},"acf":[],"yoast_head":"<!-- This site is optimized with the Yoast SEO plugin v27.3 - https:\/\/yoast.com\/product\/yoast-seo-wordpress\/ -->\n<title>Burbul\u0173 ma\u0161ina vaikams &#8211; vi\u0161\u010diukas<\/title>\n<meta name=\"description\" content=\"Burbul\u0173 ma\u0161ina yra puikus \u017eaislas. P\u016bsdama burbulus vi\u0161\u010diukas groja, kuri papildomai linksmina. I\u0161leid\u017eiami burbuliukai \u0161audomi ne tik auk\u0161tu da\u017eniu.\" \/>\n<meta name=\"robots\" content=\"index, follow, max-snippet:-1, max-image-preview:large, max-video-preview:-1\" \/>\n<link rel=\"canonical\" href=\"https:\/\/kidsplay.lt\/lv\/products\/burbulu-masina-vaikams-visciukas\/\" \/>\n<meta property=\"og:locale\" content=\"lv_LV\" \/>\n<meta property=\"og:type\" content=\"article\" \/>\n<meta property=\"og:title\" content=\"Burbul\u0173 ma\u0161ina vaikams &#8211; vi\u0161\u010diukas\" \/>\n<meta property=\"og:description\" content=\"Burbul\u0173 ma\u0161ina yra puikus \u017eaislas. P\u016bsdama burbulus vi\u0161\u010diukas groja, kuri papildomai linksmina. I\u0161leid\u017eiami burbuliukai \u0161audomi ne tik auk\u0161tu da\u017eniu.\" \/>\n<meta property=\"og:url\" content=\"https:\/\/kidsplay.lt\/lv\/products\/burbulu-masina-vaikams-visciukas\/\" \/>\n<meta property=\"og:site_name\" content=\"KidsPlay\" \/>\n<meta property=\"article:publisher\" content=\"https:\/\/www.facebook.com\/www.kidsplay.lt\" \/>\n<meta property=\"article:modified_time\" content=\"2026-04-07T08:03:36+00:00\" \/>\n<meta property=\"og:image\" content=\"https:\/\/kidsplay.lt\/wp-content\/uploads\/2024\/09\/Burbulu-masina-vaikams-\u2013-visciukas.jpg\" \/>\n\t<meta property=\"og:image:width\" content=\"1000\" \/>\n\t<meta property=\"og:image:height\" content=\"1000\" \/>\n\t<meta property=\"og:image:type\" content=\"image\/jpeg\" \/>\n<meta name=\"twitter:card\" content=\"summary_large_image\" \/>\n<script type=\"application\/ld+json\" class=\"yoast-schema-graph\">{\"@context\":\"https:\\\/\\\/schema.org\",\"@graph\":[{\"@type\":\"WebPage\",\"@id\":\"https:\\\/\\\/kidsplay.lt\\\/produktas\\\/burbulu-masina-vaikams-visciukas\\\/\",\"url\":\"https:\\\/\\\/kidsplay.lt\\\/produktas\\\/burbulu-masina-vaikams-visciukas\\\/\",\"name\":\"Burbul\u0173 ma\u0161ina vaikams &#8211; vi\u0161\u010diukas\",\"isPartOf\":{\"@id\":\"https:\\\/\\\/kidsplay.lt\\\/#website\"},\"primaryImageOfPage\":{\"@id\":\"https:\\\/\\\/kidsplay.lt\\\/produktas\\\/burbulu-masina-vaikams-visciukas\\\/#primaryimage\"},\"image\":{\"@id\":\"https:\\\/\\\/kidsplay.lt\\\/produktas\\\/burbulu-masina-vaikams-visciukas\\\/#primaryimage\"},\"thumbnailUrl\":\"https:\\\/\\\/kidsplay.lt\\\/wp-content\\\/uploads\\\/2024\\\/09\\\/Burbulu-masina-vaikams-\u2013-visciukas.jpg\",\"datePublished\":\"2026-02-26T07:50:57+00:00\",\"dateModified\":\"2026-04-07T08:03:36+00:00\",\"description\":\"Burbul\u0173 ma\u0161ina yra puikus \u017eaislas. P\u016bsdama burbulus vi\u0161\u010diukas groja, kuri papildomai linksmina. I\u0161leid\u017eiami burbuliukai \u0161audomi ne tik auk\u0161tu da\u017eniu.\",\"breadcrumb\":{\"@id\":\"https:\\\/\\\/kidsplay.lt\\\/produktas\\\/burbulu-masina-vaikams-visciukas\\\/#breadcrumb\"},\"inLanguage\":\"lv-LV\",\"potentialAction\":[{\"@type\":\"ReadAction\",\"target\":[\"https:\\\/\\\/kidsplay.lt\\\/produktas\\\/burbulu-masina-vaikams-visciukas\\\/\"]}]},{\"@type\":\"ImageObject\",\"inLanguage\":\"lv-LV\",\"@id\":\"https:\\\/\\\/kidsplay.lt\\\/produktas\\\/burbulu-masina-vaikams-visciukas\\\/#primaryimage\",\"url\":\"https:\\\/\\\/kidsplay.lt\\\/wp-content\\\/uploads\\\/2024\\\/09\\\/Burbulu-masina-vaikams-\u2013-visciukas.jpg\",\"contentUrl\":\"https:\\\/\\\/kidsplay.lt\\\/wp-content\\\/uploads\\\/2024\\\/09\\\/Burbulu-masina-vaikams-\u2013-visciukas.jpg\",\"width\":1000,\"height\":1000,\"caption\":\"Burbul\u0173 ma\u0161ina vaikams &#8211; vi\u0161\u010diukas\"},{\"@type\":\"BreadcrumbList\",\"@id\":\"https:\\\/\\\/kidsplay.lt\\\/produktas\\\/burbulu-masina-vaikams-visciukas\\\/#breadcrumb\",\"itemListElement\":[{\"@type\":\"ListItem\",\"position\":1,\"name\":\"Pagrindinis\",\"item\":\"https:\\\/\\\/kidsplay.lt\\\/\"},{\"@type\":\"ListItem\",\"position\":2,\"name\":\"Parduotuv\u0117\",\"item\":\"https:\\\/\\\/kidsplay.lt\\\/parduotuve\\\/\"},{\"@type\":\"ListItem\",\"position\":3,\"name\":\"Burbul\u0173 ma\u0161ina vaikams &#8211; vi\u0161\u010diukas\"}]},{\"@type\":\"WebSite\",\"@id\":\"https:\\\/\\\/kidsplay.lt\\\/#website\",\"url\":\"https:\\\/\\\/kidsplay.lt\\\/\",\"name\":\"Kidsplay.lt\",\"description\":\"\u012evairios prek\u0117s vaikams\",\"publisher\":{\"@id\":\"https:\\\/\\\/kidsplay.lt\\\/#organization\"},\"alternateName\":\"Kidsplay\",\"potentialAction\":[{\"@type\":\"SearchAction\",\"target\":{\"@type\":\"EntryPoint\",\"urlTemplate\":\"https:\\\/\\\/kidsplay.lt\\\/?s={search_term_string}\"},\"query-input\":{\"@type\":\"PropertyValueSpecification\",\"valueRequired\":true,\"valueName\":\"search_term_string\"}}],\"inLanguage\":\"lv-LV\"},{\"@type\":\"Organization\",\"@id\":\"https:\\\/\\\/kidsplay.lt\\\/#organization\",\"name\":\"KidsPlay\",\"url\":\"https:\\\/\\\/kidsplay.lt\\\/\",\"logo\":{\"@type\":\"ImageObject\",\"inLanguage\":\"lv-LV\",\"@id\":\"https:\\\/\\\/kidsplay.lt\\\/#\\\/schema\\\/logo\\\/image\\\/\",\"url\":\"https:\\\/\\\/kidsplay.lt\\\/wp-content\\\/uploads\\\/2023\\\/07\\\/kidsplay-logo.png\",\"contentUrl\":\"https:\\\/\\\/kidsplay.lt\\\/wp-content\\\/uploads\\\/2023\\\/07\\\/kidsplay-logo.png\",\"width\":451,\"height\":98,\"caption\":\"KidsPlay\"},\"image\":{\"@id\":\"https:\\\/\\\/kidsplay.lt\\\/#\\\/schema\\\/logo\\\/image\\\/\"},\"sameAs\":[\"https:\\\/\\\/www.facebook.com\\\/www.kidsplay.lt\"]}]}<\/script>\n<!-- \/ Yoast SEO plugin. -->","yoast_head_json":{"title":"Burbul\u0173 ma\u0161ina vaikams &#8211; vi\u0161\u010diukas","description":"Burbul\u0173 ma\u0161ina yra puikus \u017eaislas. P\u016bsdama burbulus vi\u0161\u010diukas groja, kuri papildomai linksmina. I\u0161leid\u017eiami burbuliukai \u0161audomi ne tik auk\u0161tu da\u017eniu.","robots":{"index":"index","follow":"follow","max-snippet":"max-snippet:-1","max-image-preview":"max-image-preview:large","max-video-preview":"max-video-preview:-1"},"canonical":"https:\/\/kidsplay.lt\/lv\/products\/burbulu-masina-vaikams-visciukas\/","og_locale":"lv_LV","og_type":"article","og_title":"Burbul\u0173 ma\u0161ina vaikams &#8211; vi\u0161\u010diukas","og_description":"Burbul\u0173 ma\u0161ina yra puikus \u017eaislas. P\u016bsdama burbulus vi\u0161\u010diukas groja, kuri papildomai linksmina. I\u0161leid\u017eiami burbuliukai \u0161audomi ne tik auk\u0161tu da\u017eniu.","og_url":"https:\/\/kidsplay.lt\/lv\/products\/burbulu-masina-vaikams-visciukas\/","og_site_name":"KidsPlay","article_publisher":"https:\/\/www.facebook.com\/www.kidsplay.lt","article_modified_time":"2026-04-07T08:03:36+00:00","og_image":[{"width":1000,"height":1000,"url":"https:\/\/kidsplay.lt\/wp-content\/uploads\/2024\/09\/Burbulu-masina-vaikams-\u2013-visciukas.jpg","type":"image\/jpeg"}],"twitter_card":"summary_large_image","schema":{"@context":"https:\/\/schema.org","@graph":[{"@type":"WebPage","@id":"https:\/\/kidsplay.lt\/produktas\/burbulu-masina-vaikams-visciukas\/","url":"https:\/\/kidsplay.lt\/produktas\/burbulu-masina-vaikams-visciukas\/","name":"Burbul\u0173 ma\u0161ina vaikams &#8211; vi\u0161\u010diukas","isPartOf":{"@id":"https:\/\/kidsplay.lt\/#website"},"primaryImageOfPage":{"@id":"https:\/\/kidsplay.lt\/produktas\/burbulu-masina-vaikams-visciukas\/#primaryimage"},"image":{"@id":"https:\/\/kidsplay.lt\/produktas\/burbulu-masina-vaikams-visciukas\/#primaryimage"},"thumbnailUrl":"https:\/\/kidsplay.lt\/wp-content\/uploads\/2024\/09\/Burbulu-masina-vaikams-\u2013-visciukas.jpg","datePublished":"2026-02-26T07:50:57+00:00","dateModified":"2026-04-07T08:03:36+00:00","description":"Burbul\u0173 ma\u0161ina yra puikus \u017eaislas. P\u016bsdama burbulus vi\u0161\u010diukas groja, kuri papildomai linksmina. I\u0161leid\u017eiami burbuliukai \u0161audomi ne tik auk\u0161tu da\u017eniu.","breadcrumb":{"@id":"https:\/\/kidsplay.lt\/produktas\/burbulu-masina-vaikams-visciukas\/#breadcrumb"},"inLanguage":"lv-LV","potentialAction":[{"@type":"ReadAction","target":["https:\/\/kidsplay.lt\/produktas\/burbulu-masina-vaikams-visciukas\/"]}]},{"@type":"ImageObject","inLanguage":"lv-LV","@id":"https:\/\/kidsplay.lt\/produktas\/burbulu-masina-vaikams-visciukas\/#primaryimage","url":"https:\/\/kidsplay.lt\/wp-content\/uploads\/2024\/09\/Burbulu-masina-vaikams-\u2013-visciukas.jpg","contentUrl":"https:\/\/kidsplay.lt\/wp-content\/uploads\/2024\/09\/Burbulu-masina-vaikams-\u2013-visciukas.jpg","width":1000,"height":1000,"caption":"Burbul\u0173 ma\u0161ina vaikams &#8211; vi\u0161\u010diukas"},{"@type":"BreadcrumbList","@id":"https:\/\/kidsplay.lt\/produktas\/burbulu-masina-vaikams-visciukas\/#breadcrumb","itemListElement":[{"@type":"ListItem","position":1,"name":"Pagrindinis","item":"https:\/\/kidsplay.lt\/"},{"@type":"ListItem","position":2,"name":"Parduotuv\u0117","item":"https:\/\/kidsplay.lt\/parduotuve\/"},{"@type":"ListItem","position":3,"name":"Burbul\u0173 ma\u0161ina vaikams &#8211; vi\u0161\u010diukas"}]},{"@type":"WebSite","@id":"https:\/\/kidsplay.lt\/#website","url":"https:\/\/kidsplay.lt\/","name":"B\u0113rnu sp\u0113les.lv","description":"\u012evairios prek\u0117s vaikams","publisher":{"@id":"https:\/\/kidsplay.lt\/#organization"},"alternateName":"Kidsplay","potentialAction":[{"@type":"SearchAction","target":{"@type":"EntryPoint","urlTemplate":"https:\/\/kidsplay.lt\/?s={search_term_string}"},"query-input":{"@type":"PropertyValueSpecification","valueRequired":true,"valueName":"search_term_string"}}],"inLanguage":"lv-LV"},{"@type":"Organization","@id":"https:\/\/kidsplay.lt\/#organization","name":"B\u0113rnu sp\u0113le","url":"https:\/\/kidsplay.lt\/","logo":{"@type":"ImageObject","inLanguage":"lv-LV","@id":"https:\/\/kidsplay.lt\/#\/schema\/logo\/image\/","url":"https:\/\/kidsplay.lt\/wp-content\/uploads\/2023\/07\/kidsplay-logo.png","contentUrl":"https:\/\/kidsplay.lt\/wp-content\/uploads\/2023\/07\/kidsplay-logo.png","width":451,"height":98,"caption":"KidsPlay"},"image":{"@id":"https:\/\/kidsplay.lt\/#\/schema\/logo\/image\/"},"sameAs":["https:\/\/www.facebook.com\/www.kidsplay.lt"]}]}},"_links":{"self":[{"href":"https:\/\/kidsplay.lt\/lv\/wp-json\/wp\/v2\/product\/90695","targetHints":{"allow":["GET"]}}],"collection":[{"href":"https:\/\/kidsplay.lt\/lv\/wp-json\/wp\/v2\/product"}],"about":[{"href":"https:\/\/kidsplay.lt\/lv\/wp-json\/wp\/v2\/types\/product"}],"version-history":[{"count":1,"href":"https:\/\/kidsplay.lt\/lv\/wp-json\/wp\/v2\/product\/90695\/revisions"}],"predecessor-version":[{"id":90696,"href":"https:\/\/kidsplay.lt\/lv\/wp-json\/wp\/v2\/product\/90695\/revisions\/90696"}],"wp:featuredmedia":[{"embeddable":true,"href":"https:\/\/kidsplay.lt\/lv\/wp-json\/wp\/v2\/media\/53960"}],"wp:attachment":[{"href":"https:\/\/kidsplay.lt\/lv\/wp-json\/wp\/v2\/media?parent=90695"}],"wp:term":[{"taxonomy":"product_brand","embeddable":true,"href":"https:\/\/kidsplay.lt\/lv\/wp-json\/wp\/v2\/product_brand?post=90695"},{"taxonomy":"product_cat","embeddable":true,"href":"https:\/\/kidsplay.lt\/lv\/wp-json\/wp\/v2\/product_cat?post=90695"},{"taxonomy":"product_tag","embeddable":true,"href":"https:\/\/kidsplay.lt\/lv\/wp-json\/wp\/v2\/product_tag?post=90695"}],"curies":[{"name":"wp","href":"https:\/\/api.w.org\/{rel}","templated":true}]}}