{"id":90705,"date":"2026-02-26T09:51:11","date_gmt":"2026-02-26T07:51:11","guid":{"rendered":"https:\/\/kidsplay.lt\/produktas\/piesimo-lenta-su-zirafa-projektoriumi-ir-zymekliais-rozine\/"},"modified":"2026-02-26T21:13:33","modified_gmt":"2026-02-26T19:13:33","slug":"piesimo-lenta-su-zirafa-projektoriumi-ir-zymekliais-rozine","status":"publish","type":"product","link":"https:\/\/kidsplay.lt\/lv\/product\/piesimo-lenta-su-zirafa-projektoriumi-ir-zymekliais-rozine\/","title":{"rendered":"Pie\u0161imo lenta su \u017eirafa projektoriumi ir \u017eymekliais &#8211; ro\u017ein\u0117"},"content":{"rendered":"<p>Pie\u0161imo lenta\u00a0yra puiki id\u0117ja vaikui, kuris m\u0117gsta pie\u0161ti ir tapyti. Vaikas gali s\u0117d\u0117ti prie stalo ir lavinti savo pie\u0161imo talent\u0105. \u017daislas turi projektori\u0173, kuriame rodomi gyv\u016bn\u0173, transporto priemoni\u0173 ir vaisi\u0173 paveiksl\u0117liai &#8211; i\u0161 viso\u00a036\u00a0pie\u0161imo\u00a0pie\u0161iniai! Rinkinyje yra 12 \u017eymekli\u0173 ir \u0161luost\u0117 sausai trinamai lentai trinti. \u0160is \u017eaislas nuo ma\u017eens lavina vaiko\u00a0vaizduot\u0119,\u00a0rank\u0173\u00a0ir\u00a0meninius\u00a0\u012fg\u016bd\u017eius.<\/p>\n<p>\u2013 Rota\u013clieta no 3 gadu vecuma<br \/>\n&#8211;\u00a0pie\u0161imo lentos\u00a0su projektoriumi funkcija<br \/>\n&#8211;\u00a0lentel\u0117s\u00a0funkcija<br \/>\n&#8211;\u00a036\u00a0pie\u0161imo\u00a0modeliai<br \/>\n&#8211;\u00a0\u017eirafos\u00a0motyvas<br \/>\n&#8211; reikalingos baterijos: 4x AA 1,5 V (\u012f komplekt\u0105 ne\u012feina)<\/p>","protected":false},"excerpt":{"rendered":"<p>Pie\u0161imo lenta\u00a0yra puiki id\u0117ja vaikui, kuris m\u0117gsta pie\u0161ti ir tapyti. Vaikas gali s\u0117d\u0117ti prie stalo ir lavinti savo pie\u0161imo talent\u0105.<\/p>","protected":false},"featured_media":54130,"template":"","meta":{"_acf_changed":false,"_glsr_average":0,"_glsr_ranking":0,"_glsr_reviews":0},"product_brand":[],"product_cat":[388,229],"product_tag":[],"class_list":{"0":"post-90705","1":"product","2":"type-product","3":"status-publish","4":"has-post-thumbnail","6":"product_cat-edukaciniai-lavinamieji-zaislai","7":"product_cat-zaislai-vaikams","8":"\"style=\"background-color: #2ecc711c;\"","10":"first","11":"outofstock","12":"purchasable","13":"product-type-simple"},"acf":[],"yoast_head":"<!-- This site is optimized with the Yoast SEO plugin v27.3 - https:\/\/yoast.com\/product\/yoast-seo-wordpress\/ -->\n<title>Pie\u0161imo lenta su \u017eirafa projektoriumi ir \u017eymekliais &#8211; ro\u017ein\u0117<\/title>\n<meta name=\"description\" content=\"Pie\u0161imo lenta\u00a0yra puiki id\u0117ja vaikui, kuris m\u0117gsta pie\u0161ti ir tapyti. Vaikas gali s\u0117d\u0117ti prie stalo ir lavinti savo pie\u0161imo talent\u0105.\" \/>\n<meta name=\"robots\" content=\"index, follow, max-snippet:-1, max-image-preview:large, max-video-preview:-1\" \/>\n<link rel=\"canonical\" href=\"https:\/\/kidsplay.lt\/lv\/product\/piesimo-lenta-su-zirafa-projektoriumi-ir-zymekliais-rozine\/\" \/>\n<meta property=\"og:locale\" content=\"lv_LV\" \/>\n<meta property=\"og:type\" content=\"article\" \/>\n<meta property=\"og:title\" content=\"Pie\u0161imo lenta su \u017eirafa projektoriumi ir \u017eymekliais &#8211; ro\u017ein\u0117\" \/>\n<meta property=\"og:description\" content=\"Pie\u0161imo lenta\u00a0yra puiki id\u0117ja vaikui, kuris m\u0117gsta pie\u0161ti ir tapyti. Vaikas gali s\u0117d\u0117ti prie stalo ir lavinti savo pie\u0161imo talent\u0105.\" \/>\n<meta property=\"og:url\" content=\"https:\/\/kidsplay.lt\/lv\/product\/piesimo-lenta-su-zirafa-projektoriumi-ir-zymekliais-rozine\/\" \/>\n<meta property=\"og:site_name\" content=\"KidsPlay\" \/>\n<meta property=\"article:publisher\" content=\"https:\/\/www.facebook.com\/www.kidsplay.lt\" \/>\n<meta property=\"article:modified_time\" content=\"2026-02-26T19:13:33+00:00\" \/>\n<meta property=\"og:image\" content=\"https:\/\/kidsplay.lt\/wp-content\/uploads\/2024\/09\/Piesimo-lenta-su-zirafa-projektoriumi-ir-zymekliais-\u2013-rozine.jpg\" \/>\n\t<meta property=\"og:image:width\" content=\"1000\" \/>\n\t<meta property=\"og:image:height\" content=\"1000\" \/>\n\t<meta property=\"og:image:type\" content=\"image\/jpeg\" \/>\n<meta name=\"twitter:card\" content=\"summary_large_image\" \/>\n<meta name=\"twitter:label1\" content=\"Est. reading time\" \/>\n\t<meta name=\"twitter:data1\" content=\"1 min\u016bte\" \/>\n<script type=\"application\/ld+json\" class=\"yoast-schema-graph\">{\"@context\":\"https:\\\/\\\/schema.org\",\"@graph\":[{\"@type\":\"WebPage\",\"@id\":\"https:\\\/\\\/kidsplay.lt\\\/produktas\\\/piesimo-lenta-su-zirafa-projektoriumi-ir-zymekliais-rozine\\\/\",\"url\":\"https:\\\/\\\/kidsplay.lt\\\/produktas\\\/piesimo-lenta-su-zirafa-projektoriumi-ir-zymekliais-rozine\\\/\",\"name\":\"Pie\u0161imo lenta su \u017eirafa projektoriumi ir \u017eymekliais &#8211; ro\u017ein\u0117\",\"isPartOf\":{\"@id\":\"https:\\\/\\\/kidsplay.lt\\\/#website\"},\"primaryImageOfPage\":{\"@id\":\"https:\\\/\\\/kidsplay.lt\\\/produktas\\\/piesimo-lenta-su-zirafa-projektoriumi-ir-zymekliais-rozine\\\/#primaryimage\"},\"image\":{\"@id\":\"https:\\\/\\\/kidsplay.lt\\\/produktas\\\/piesimo-lenta-su-zirafa-projektoriumi-ir-zymekliais-rozine\\\/#primaryimage\"},\"thumbnailUrl\":\"https:\\\/\\\/kidsplay.lt\\\/wp-content\\\/uploads\\\/2024\\\/09\\\/Piesimo-lenta-su-zirafa-projektoriumi-ir-zymekliais-\u2013-rozine.jpg\",\"datePublished\":\"2026-02-26T07:51:11+00:00\",\"dateModified\":\"2026-02-26T19:13:33+00:00\",\"description\":\"Pie\u0161imo lenta\u00a0yra puiki id\u0117ja vaikui, kuris m\u0117gsta pie\u0161ti ir tapyti. Vaikas gali s\u0117d\u0117ti prie stalo ir lavinti savo pie\u0161imo talent\u0105.\",\"breadcrumb\":{\"@id\":\"https:\\\/\\\/kidsplay.lt\\\/produktas\\\/piesimo-lenta-su-zirafa-projektoriumi-ir-zymekliais-rozine\\\/#breadcrumb\"},\"inLanguage\":\"lv-LV\",\"potentialAction\":[{\"@type\":\"ReadAction\",\"target\":[\"https:\\\/\\\/kidsplay.lt\\\/produktas\\\/piesimo-lenta-su-zirafa-projektoriumi-ir-zymekliais-rozine\\\/\"]}]},{\"@type\":\"ImageObject\",\"inLanguage\":\"lv-LV\",\"@id\":\"https:\\\/\\\/kidsplay.lt\\\/produktas\\\/piesimo-lenta-su-zirafa-projektoriumi-ir-zymekliais-rozine\\\/#primaryimage\",\"url\":\"https:\\\/\\\/kidsplay.lt\\\/wp-content\\\/uploads\\\/2024\\\/09\\\/Piesimo-lenta-su-zirafa-projektoriumi-ir-zymekliais-\u2013-rozine.jpg\",\"contentUrl\":\"https:\\\/\\\/kidsplay.lt\\\/wp-content\\\/uploads\\\/2024\\\/09\\\/Piesimo-lenta-su-zirafa-projektoriumi-ir-zymekliais-\u2013-rozine.jpg\",\"width\":1000,\"height\":1000,\"caption\":\"Pie\u0161imo lenta su \u017eirafa projektoriumi ir \u017eymekliais &#8211; ro\u017ein\u0117\"},{\"@type\":\"BreadcrumbList\",\"@id\":\"https:\\\/\\\/kidsplay.lt\\\/produktas\\\/piesimo-lenta-su-zirafa-projektoriumi-ir-zymekliais-rozine\\\/#breadcrumb\",\"itemListElement\":[{\"@type\":\"ListItem\",\"position\":1,\"name\":\"Pagrindinis\",\"item\":\"https:\\\/\\\/kidsplay.lt\\\/\"},{\"@type\":\"ListItem\",\"position\":2,\"name\":\"Parduotuv\u0117\",\"item\":\"https:\\\/\\\/kidsplay.lt\\\/parduotuve\\\/\"},{\"@type\":\"ListItem\",\"position\":3,\"name\":\"Pie\u0161imo lenta su \u017eirafa projektoriumi ir \u017eymekliais &#8211; ro\u017ein\u0117\"}]},{\"@type\":\"WebSite\",\"@id\":\"https:\\\/\\\/kidsplay.lt\\\/#website\",\"url\":\"https:\\\/\\\/kidsplay.lt\\\/\",\"name\":\"Kidsplay.lt\",\"description\":\"\u012evairios prek\u0117s vaikams\",\"publisher\":{\"@id\":\"https:\\\/\\\/kidsplay.lt\\\/#organization\"},\"alternateName\":\"Kidsplay\",\"potentialAction\":[{\"@type\":\"SearchAction\",\"target\":{\"@type\":\"EntryPoint\",\"urlTemplate\":\"https:\\\/\\\/kidsplay.lt\\\/?s={search_term_string}\"},\"query-input\":{\"@type\":\"PropertyValueSpecification\",\"valueRequired\":true,\"valueName\":\"search_term_string\"}}],\"inLanguage\":\"lv-LV\"},{\"@type\":\"Organization\",\"@id\":\"https:\\\/\\\/kidsplay.lt\\\/#organization\",\"name\":\"KidsPlay\",\"url\":\"https:\\\/\\\/kidsplay.lt\\\/\",\"logo\":{\"@type\":\"ImageObject\",\"inLanguage\":\"lv-LV\",\"@id\":\"https:\\\/\\\/kidsplay.lt\\\/#\\\/schema\\\/logo\\\/image\\\/\",\"url\":\"https:\\\/\\\/kidsplay.lt\\\/wp-content\\\/uploads\\\/2023\\\/07\\\/kidsplay-logo.png\",\"contentUrl\":\"https:\\\/\\\/kidsplay.lt\\\/wp-content\\\/uploads\\\/2023\\\/07\\\/kidsplay-logo.png\",\"width\":451,\"height\":98,\"caption\":\"KidsPlay\"},\"image\":{\"@id\":\"https:\\\/\\\/kidsplay.lt\\\/#\\\/schema\\\/logo\\\/image\\\/\"},\"sameAs\":[\"https:\\\/\\\/www.facebook.com\\\/www.kidsplay.lt\"]}]}<\/script>\n<!-- \/ Yoast SEO plugin. -->","yoast_head_json":{"title":"Pie\u0161imo lenta su \u017eirafa projektoriumi ir \u017eymekliais &#8211; ro\u017ein\u0117","description":"Pie\u0161imo lenta\u00a0yra puiki id\u0117ja vaikui, kuris m\u0117gsta pie\u0161ti ir tapyti. Vaikas gali s\u0117d\u0117ti prie stalo ir lavinti savo pie\u0161imo talent\u0105.","robots":{"index":"index","follow":"follow","max-snippet":"max-snippet:-1","max-image-preview":"max-image-preview:large","max-video-preview":"max-video-preview:-1"},"canonical":"https:\/\/kidsplay.lt\/lv\/product\/piesimo-lenta-su-zirafa-projektoriumi-ir-zymekliais-rozine\/","og_locale":"lv_LV","og_type":"article","og_title":"Pie\u0161imo lenta su \u017eirafa projektoriumi ir \u017eymekliais &#8211; ro\u017ein\u0117","og_description":"Pie\u0161imo lenta\u00a0yra puiki id\u0117ja vaikui, kuris m\u0117gsta pie\u0161ti ir tapyti. Vaikas gali s\u0117d\u0117ti prie stalo ir lavinti savo pie\u0161imo talent\u0105.","og_url":"https:\/\/kidsplay.lt\/lv\/product\/piesimo-lenta-su-zirafa-projektoriumi-ir-zymekliais-rozine\/","og_site_name":"KidsPlay","article_publisher":"https:\/\/www.facebook.com\/www.kidsplay.lt","article_modified_time":"2026-02-26T19:13:33+00:00","og_image":[{"width":1000,"height":1000,"url":"https:\/\/kidsplay.lt\/wp-content\/uploads\/2024\/09\/Piesimo-lenta-su-zirafa-projektoriumi-ir-zymekliais-\u2013-rozine.jpg","type":"image\/jpeg"}],"twitter_card":"summary_large_image","twitter_misc":{"Est. reading time":"1 min\u016bte"},"schema":{"@context":"https:\/\/schema.org","@graph":[{"@type":"WebPage","@id":"https:\/\/kidsplay.lt\/produktas\/piesimo-lenta-su-zirafa-projektoriumi-ir-zymekliais-rozine\/","url":"https:\/\/kidsplay.lt\/produktas\/piesimo-lenta-su-zirafa-projektoriumi-ir-zymekliais-rozine\/","name":"Pie\u0161imo lenta su \u017eirafa projektoriumi ir \u017eymekliais &#8211; ro\u017ein\u0117","isPartOf":{"@id":"https:\/\/kidsplay.lt\/#website"},"primaryImageOfPage":{"@id":"https:\/\/kidsplay.lt\/produktas\/piesimo-lenta-su-zirafa-projektoriumi-ir-zymekliais-rozine\/#primaryimage"},"image":{"@id":"https:\/\/kidsplay.lt\/produktas\/piesimo-lenta-su-zirafa-projektoriumi-ir-zymekliais-rozine\/#primaryimage"},"thumbnailUrl":"https:\/\/kidsplay.lt\/wp-content\/uploads\/2024\/09\/Piesimo-lenta-su-zirafa-projektoriumi-ir-zymekliais-\u2013-rozine.jpg","datePublished":"2026-02-26T07:51:11+00:00","dateModified":"2026-02-26T19:13:33+00:00","description":"Pie\u0161imo lenta\u00a0yra puiki id\u0117ja vaikui, kuris m\u0117gsta pie\u0161ti ir tapyti. Vaikas gali s\u0117d\u0117ti prie stalo ir lavinti savo pie\u0161imo talent\u0105.","breadcrumb":{"@id":"https:\/\/kidsplay.lt\/produktas\/piesimo-lenta-su-zirafa-projektoriumi-ir-zymekliais-rozine\/#breadcrumb"},"inLanguage":"lv-LV","potentialAction":[{"@type":"ReadAction","target":["https:\/\/kidsplay.lt\/produktas\/piesimo-lenta-su-zirafa-projektoriumi-ir-zymekliais-rozine\/"]}]},{"@type":"ImageObject","inLanguage":"lv-LV","@id":"https:\/\/kidsplay.lt\/produktas\/piesimo-lenta-su-zirafa-projektoriumi-ir-zymekliais-rozine\/#primaryimage","url":"https:\/\/kidsplay.lt\/wp-content\/uploads\/2024\/09\/Piesimo-lenta-su-zirafa-projektoriumi-ir-zymekliais-\u2013-rozine.jpg","contentUrl":"https:\/\/kidsplay.lt\/wp-content\/uploads\/2024\/09\/Piesimo-lenta-su-zirafa-projektoriumi-ir-zymekliais-\u2013-rozine.jpg","width":1000,"height":1000,"caption":"Pie\u0161imo lenta su \u017eirafa projektoriumi ir \u017eymekliais &#8211; ro\u017ein\u0117"},{"@type":"BreadcrumbList","@id":"https:\/\/kidsplay.lt\/produktas\/piesimo-lenta-su-zirafa-projektoriumi-ir-zymekliais-rozine\/#breadcrumb","itemListElement":[{"@type":"ListItem","position":1,"name":"Pagrindinis","item":"https:\/\/kidsplay.lt\/"},{"@type":"ListItem","position":2,"name":"Parduotuv\u0117","item":"https:\/\/kidsplay.lt\/parduotuve\/"},{"@type":"ListItem","position":3,"name":"Pie\u0161imo lenta su \u017eirafa projektoriumi ir \u017eymekliais &#8211; ro\u017ein\u0117"}]},{"@type":"WebSite","@id":"https:\/\/kidsplay.lt\/#website","url":"https:\/\/kidsplay.lt\/","name":"B\u0113rnu sp\u0113les.lv","description":"\u012evairios prek\u0117s vaikams","publisher":{"@id":"https:\/\/kidsplay.lt\/#organization"},"alternateName":"Kidsplay","potentialAction":[{"@type":"SearchAction","target":{"@type":"EntryPoint","urlTemplate":"https:\/\/kidsplay.lt\/?s={search_term_string}"},"query-input":{"@type":"PropertyValueSpecification","valueRequired":true,"valueName":"search_term_string"}}],"inLanguage":"lv-LV"},{"@type":"Organization","@id":"https:\/\/kidsplay.lt\/#organization","name":"B\u0113rnu sp\u0113le","url":"https:\/\/kidsplay.lt\/","logo":{"@type":"ImageObject","inLanguage":"lv-LV","@id":"https:\/\/kidsplay.lt\/#\/schema\/logo\/image\/","url":"https:\/\/kidsplay.lt\/wp-content\/uploads\/2023\/07\/kidsplay-logo.png","contentUrl":"https:\/\/kidsplay.lt\/wp-content\/uploads\/2023\/07\/kidsplay-logo.png","width":451,"height":98,"caption":"KidsPlay"},"image":{"@id":"https:\/\/kidsplay.lt\/#\/schema\/logo\/image\/"},"sameAs":["https:\/\/www.facebook.com\/www.kidsplay.lt"]}]}},"_links":{"self":[{"href":"https:\/\/kidsplay.lt\/lv\/wp-json\/wp\/v2\/product\/90705","targetHints":{"allow":["GET"]}}],"collection":[{"href":"https:\/\/kidsplay.lt\/lv\/wp-json\/wp\/v2\/product"}],"about":[{"href":"https:\/\/kidsplay.lt\/lv\/wp-json\/wp\/v2\/types\/product"}],"version-history":[{"count":1,"href":"https:\/\/kidsplay.lt\/lv\/wp-json\/wp\/v2\/product\/90705\/revisions"}],"predecessor-version":[{"id":90706,"href":"https:\/\/kidsplay.lt\/lv\/wp-json\/wp\/v2\/product\/90705\/revisions\/90706"}],"wp:featuredmedia":[{"embeddable":true,"href":"https:\/\/kidsplay.lt\/lv\/wp-json\/wp\/v2\/media\/54130"}],"wp:attachment":[{"href":"https:\/\/kidsplay.lt\/lv\/wp-json\/wp\/v2\/media?parent=90705"}],"wp:term":[{"taxonomy":"product_brand","embeddable":true,"href":"https:\/\/kidsplay.lt\/lv\/wp-json\/wp\/v2\/product_brand?post=90705"},{"taxonomy":"product_cat","embeddable":true,"href":"https:\/\/kidsplay.lt\/lv\/wp-json\/wp\/v2\/product_cat?post=90705"},{"taxonomy":"product_tag","embeddable":true,"href":"https:\/\/kidsplay.lt\/lv\/wp-json\/wp\/v2\/product_tag?post=90705"}],"curies":[{"name":"wp","href":"https:\/\/api.w.org\/{rel}","templated":true}]}}