{"id":90709,"date":"2026-02-26T09:51:20","date_gmt":"2026-02-26T07:51:20","guid":{"rendered":"https:\/\/kidsplay.lt\/produktas\/kurybinis-kaukiu-gaminimo-rinkinys\/"},"modified":"2026-04-13T15:28:54","modified_gmt":"2026-04-13T12:28:54","slug":"kurybinis-kaukiu-gaminimo-rinkinys","status":"publish","type":"product","link":"https:\/\/kidsplay.lt\/lv\/products\/kurybinis-kaukiu-gaminimo-rinkinys\/","title":{"rendered":"Rado\u0161u masku veido\u0161anas komplekts"},"content":{"rendered":"<p>K\u016brybini\u0173\u00a0pramog\u0173 vienam arba su draugais! Rinkinys suteikia \u012fdomi\u0105 \u017eaidimo form\u0105, kuri suteiks daug\u00a0pasitenkinimo\u00a0k\u016bryba. Vaikas gali susikurti\u00a0savo\u00a0mi\u0161ko gyv\u016bno\u00a0kauk\u0119. Rinkinyje galima sukurti\u00a04 skirtingas kaukes. Rinkinyje yra 14 el.: be\u00a04\u00a0kauki\u0173 pagrind\u0173, \u012f komplekt\u0105 \u012feina 5 lentel\u0117s su\u00a075 elementais\u00a05 skirtingomis spalvomis papuo\u0161ti ir\u00a04 virvel\u0117s,\u00a0kurias galima lengvai\u00a0reguliuoti, kad kauk\u0117\u00a0priglust\u0173 prie\u00a0vaiko galvos. Lengva pagaminti &#8211; elementus nuo lenteli\u0173 galima lengvai atskirti\u00a0ir tereikia\u00a0nulupti\u00a0popieri\u0173\u00a0nuo lipnaus pagrindo ir\u00a0u\u017ed\u0117ti\u00a0elementus\u00a0ant\u00a0kauk\u0117s\u00a0&#8211;\u00a0nereikia joki\u0173 klij\u0173 ar \u017eirkli\u0173. Kauk\u0117s ir elementai pagaminti i\u0161\u00a0veltinio. Galite laisvai derinti elementus &#8211; vienintel\u0117 riba yra j\u016bs\u0173\u00a0vaizduot\u0117! Pakuot\u0117s kitoje pus\u0117je pateikti kauki\u0173 gaminimo pavyzd\u017eiai. Suk\u016br\u0119s kaukes, vaikas ir jo draugai gali \u017eaisti Meninius \u017eaidimus, papildomai lavinan\u010dius vaik\u0173\u00a0rank\u0173 darbo \u012fg\u016bd\u017eius, vadinam\u0105j\u0105 &#8221;\u00a0smulki\u0105j\u0105\u00a0motorik\u0105\u00a0&#8221;\u00a0.\u00a0Rinkinys yra puiki id\u0117ja\u00a0\u017eaidimams su draugais\u00a0Suk\u016brus kaukes, vaikai gali \u017eaisti\u00a0ir prisiimti skirtingus vaidmenis!<\/p>\n<p>\u2013 Rota\u013clieta no 3 gadu vecuma<br \/>\n&#8211; galimyb\u0117 pasigaminti\u00a04 kaukes<br \/>\n&#8211; rinkin\u012f sudaro\u00a014 el.:\u00a04\u00a0kauki\u0173 pagrindai, 5 lentel\u0117s\u00a0su\u00a075 elementais\u00a0ir\u00a04 virvel\u0117s<br \/>\n&#8211; elementai\u00a0pagaminti i\u0161 veltinio<br \/>\n-lengva\u00a0pasigaminti-\u00a0nereikia\u00a0klij\u0173\u00a0ar\u00a0\u017eirkli\u0173<br \/>\n&#8211; kauk\u0117\u00a0lengvai pritai\u00a0koma &#8211; reguliavimas<br \/>\n&#8211; vaikai gali\u00a0\u017eaisti\u00a0ir\u00a0\u012fsik\u016bnyti \u012f\u00a0\u012fvairius\u00a0vaidmenis<br \/>\n&#8211; skatina\u00a0k\u016brybi\u0161kum\u0105, vaizduot\u0119\u00a0ir lavina\u00a0rank\u0173 darbo \u012fg\u016bd\u017eius<\/p>","protected":false},"excerpt":{"rendered":"<p>K\u016brybini\u0173\u00a0pramog\u0173 vienam arba su draugais! Rinkinys suteikia \u012fdomi\u0105 \u017eaidimo form\u0105, kuri suteiks daug\u00a0pasitenkinimo\u00a0k\u016bryba. Vaikas gali susikurti\u00a0savo\u00a0mi\u0161ko gyv\u016bno\u00a0kauk\u0119. Rinkinyje galima sukurti\u00a04<\/p>","protected":false},"featured_media":54164,"template":"","meta":{"_acf_changed":false,"_glsr_average":0,"_glsr_ranking":0,"_glsr_reviews":0},"product_brand":[],"product_cat":[810,229],"product_tag":[],"class_list":{"0":"post-90709","1":"product","2":"type-product","3":"status-publish","4":"has-post-thumbnail","6":"product_cat-kurybiniai-rinkiniai","7":"product_cat-zaislai-vaikams","8":"\"style=\"background-color: #2ecc711c;\"","10":"first","11":"instock","12":"purchasable","13":"product-type-simple"},"acf":[],"yoast_head":"<!-- This site is optimized with the Yoast SEO plugin v27.4 - https:\/\/yoast.com\/product\/yoast-seo-wordpress\/ -->\n<title>K\u016brybinis kauki\u0173 gaminimo rinkinys<\/title>\n<meta name=\"description\" content=\"K\u016brybini\u0173\u00a0pramog\u0173 vienam arba su draugais! Rinkinys suteikia \u012fdomi\u0105 \u017eaidimo form\u0105, kuri suteiks daug\u00a0pasitenkinimo\u00a0k\u016bryba.\" \/>\n<meta name=\"robots\" content=\"index, follow, max-snippet:-1, max-image-preview:large, max-video-preview:-1\" \/>\n<link rel=\"canonical\" href=\"https:\/\/kidsplay.lt\/lv\/products\/kurybinis-kaukiu-gaminimo-rinkinys\/\" \/>\n<meta property=\"og:locale\" content=\"lv_LV\" \/>\n<meta property=\"og:type\" content=\"article\" \/>\n<meta property=\"og:title\" content=\"K\u016brybinis kauki\u0173 gaminimo rinkinys\" \/>\n<meta property=\"og:description\" content=\"K\u016brybini\u0173\u00a0pramog\u0173 vienam arba su draugais! Rinkinys suteikia \u012fdomi\u0105 \u017eaidimo form\u0105, kuri suteiks daug\u00a0pasitenkinimo\u00a0k\u016bryba.\" \/>\n<meta property=\"og:url\" content=\"https:\/\/kidsplay.lt\/lv\/products\/kurybinis-kaukiu-gaminimo-rinkinys\/\" \/>\n<meta property=\"og:site_name\" content=\"KidsPlay\" \/>\n<meta property=\"article:publisher\" content=\"https:\/\/www.facebook.com\/www.kidsplay.lt\" \/>\n<meta property=\"article:modified_time\" content=\"2026-04-13T12:28:54+00:00\" \/>\n<meta property=\"og:image\" content=\"https:\/\/kidsplay.lt\/wp-content\/uploads\/2024\/09\/Kurybinis-kaukiu-gaminimo-rinkinys.jpg\" \/>\n\t<meta property=\"og:image:width\" content=\"1000\" \/>\n\t<meta property=\"og:image:height\" content=\"1000\" \/>\n\t<meta property=\"og:image:type\" content=\"image\/jpeg\" \/>\n<meta name=\"twitter:card\" content=\"summary_large_image\" \/>\n<meta name=\"twitter:label1\" content=\"Est. reading time\" \/>\n\t<meta name=\"twitter:data1\" content=\"1 min\u016bte\" \/>\n<script type=\"application\/ld+json\" class=\"yoast-schema-graph\">{\"@context\":\"https:\\\/\\\/schema.org\",\"@graph\":[{\"@type\":\"WebPage\",\"@id\":\"https:\\\/\\\/kidsplay.lt\\\/produktas\\\/kurybinis-kaukiu-gaminimo-rinkinys\\\/\",\"url\":\"https:\\\/\\\/kidsplay.lt\\\/produktas\\\/kurybinis-kaukiu-gaminimo-rinkinys\\\/\",\"name\":\"K\u016brybinis kauki\u0173 gaminimo rinkinys\",\"isPartOf\":{\"@id\":\"https:\\\/\\\/kidsplay.lt\\\/#website\"},\"primaryImageOfPage\":{\"@id\":\"https:\\\/\\\/kidsplay.lt\\\/produktas\\\/kurybinis-kaukiu-gaminimo-rinkinys\\\/#primaryimage\"},\"image\":{\"@id\":\"https:\\\/\\\/kidsplay.lt\\\/produktas\\\/kurybinis-kaukiu-gaminimo-rinkinys\\\/#primaryimage\"},\"thumbnailUrl\":\"https:\\\/\\\/kidsplay.lt\\\/wp-content\\\/uploads\\\/2024\\\/09\\\/Kurybinis-kaukiu-gaminimo-rinkinys.jpg\",\"datePublished\":\"2026-02-26T07:51:20+00:00\",\"dateModified\":\"2026-04-13T12:28:54+00:00\",\"description\":\"K\u016brybini\u0173\u00a0pramog\u0173 vienam arba su draugais! Rinkinys suteikia \u012fdomi\u0105 \u017eaidimo form\u0105, kuri suteiks daug\u00a0pasitenkinimo\u00a0k\u016bryba.\",\"breadcrumb\":{\"@id\":\"https:\\\/\\\/kidsplay.lt\\\/produktas\\\/kurybinis-kaukiu-gaminimo-rinkinys\\\/#breadcrumb\"},\"inLanguage\":\"lv-LV\",\"potentialAction\":[{\"@type\":\"ReadAction\",\"target\":[\"https:\\\/\\\/kidsplay.lt\\\/produktas\\\/kurybinis-kaukiu-gaminimo-rinkinys\\\/\"]}]},{\"@type\":\"ImageObject\",\"inLanguage\":\"lv-LV\",\"@id\":\"https:\\\/\\\/kidsplay.lt\\\/produktas\\\/kurybinis-kaukiu-gaminimo-rinkinys\\\/#primaryimage\",\"url\":\"https:\\\/\\\/kidsplay.lt\\\/wp-content\\\/uploads\\\/2024\\\/09\\\/Kurybinis-kaukiu-gaminimo-rinkinys.jpg\",\"contentUrl\":\"https:\\\/\\\/kidsplay.lt\\\/wp-content\\\/uploads\\\/2024\\\/09\\\/Kurybinis-kaukiu-gaminimo-rinkinys.jpg\",\"width\":1000,\"height\":1000,\"caption\":\"K\u016brybinis kauki\u0173 gaminimo rinkinys\"},{\"@type\":\"BreadcrumbList\",\"@id\":\"https:\\\/\\\/kidsplay.lt\\\/produktas\\\/kurybinis-kaukiu-gaminimo-rinkinys\\\/#breadcrumb\",\"itemListElement\":[{\"@type\":\"ListItem\",\"position\":1,\"name\":\"Pagrindinis\",\"item\":\"https:\\\/\\\/kidsplay.lt\\\/\"},{\"@type\":\"ListItem\",\"position\":2,\"name\":\"Parduotuv\u0117\",\"item\":\"https:\\\/\\\/kidsplay.lt\\\/parduotuve\\\/\"},{\"@type\":\"ListItem\",\"position\":3,\"name\":\"K\u016brybinis kauki\u0173 gaminimo rinkinys\"}]},{\"@type\":\"WebSite\",\"@id\":\"https:\\\/\\\/kidsplay.lt\\\/#website\",\"url\":\"https:\\\/\\\/kidsplay.lt\\\/\",\"name\":\"Kidsplay.lt\",\"description\":\"\u012evairios prek\u0117s vaikams\",\"publisher\":{\"@id\":\"https:\\\/\\\/kidsplay.lt\\\/#organization\"},\"alternateName\":\"Kidsplay\",\"potentialAction\":[{\"@type\":\"SearchAction\",\"target\":{\"@type\":\"EntryPoint\",\"urlTemplate\":\"https:\\\/\\\/kidsplay.lt\\\/?s={search_term_string}\"},\"query-input\":{\"@type\":\"PropertyValueSpecification\",\"valueRequired\":true,\"valueName\":\"search_term_string\"}}],\"inLanguage\":\"lv-LV\"},{\"@type\":\"Organization\",\"@id\":\"https:\\\/\\\/kidsplay.lt\\\/#organization\",\"name\":\"KidsPlay\",\"url\":\"https:\\\/\\\/kidsplay.lt\\\/\",\"logo\":{\"@type\":\"ImageObject\",\"inLanguage\":\"lv-LV\",\"@id\":\"https:\\\/\\\/kidsplay.lt\\\/#\\\/schema\\\/logo\\\/image\\\/\",\"url\":\"https:\\\/\\\/kidsplay.lt\\\/wp-content\\\/uploads\\\/2023\\\/07\\\/kidsplay-logo.png\",\"contentUrl\":\"https:\\\/\\\/kidsplay.lt\\\/wp-content\\\/uploads\\\/2023\\\/07\\\/kidsplay-logo.png\",\"width\":451,\"height\":98,\"caption\":\"KidsPlay\"},\"image\":{\"@id\":\"https:\\\/\\\/kidsplay.lt\\\/#\\\/schema\\\/logo\\\/image\\\/\"},\"sameAs\":[\"https:\\\/\\\/www.facebook.com\\\/www.kidsplay.lt\"]}]}<\/script>\n<!-- \/ Yoast SEO plugin. -->","yoast_head_json":{"title":"Rado\u0161u masku veido\u0161anas komplekts","description":"K\u016brybini\u0173\u00a0pramog\u0173 vienam arba su draugais! Rinkinys suteikia \u012fdomi\u0105 \u017eaidimo form\u0105, kuri suteiks daug\u00a0pasitenkinimo\u00a0k\u016bryba.","robots":{"index":"index","follow":"follow","max-snippet":"max-snippet:-1","max-image-preview":"max-image-preview:large","max-video-preview":"max-video-preview:-1"},"canonical":"https:\/\/kidsplay.lt\/lv\/products\/kurybinis-kaukiu-gaminimo-rinkinys\/","og_locale":"lv_LV","og_type":"article","og_title":"K\u016brybinis kauki\u0173 gaminimo rinkinys","og_description":"K\u016brybini\u0173\u00a0pramog\u0173 vienam arba su draugais! Rinkinys suteikia \u012fdomi\u0105 \u017eaidimo form\u0105, kuri suteiks daug\u00a0pasitenkinimo\u00a0k\u016bryba.","og_url":"https:\/\/kidsplay.lt\/lv\/products\/kurybinis-kaukiu-gaminimo-rinkinys\/","og_site_name":"KidsPlay","article_publisher":"https:\/\/www.facebook.com\/www.kidsplay.lt","article_modified_time":"2026-04-13T12:28:54+00:00","og_image":[{"width":1000,"height":1000,"url":"https:\/\/kidsplay.lt\/wp-content\/uploads\/2024\/09\/Kurybinis-kaukiu-gaminimo-rinkinys.jpg","type":"image\/jpeg"}],"twitter_card":"summary_large_image","twitter_misc":{"Est. reading time":"1 min\u016bte"},"schema":{"@context":"https:\/\/schema.org","@graph":[{"@type":"WebPage","@id":"https:\/\/kidsplay.lt\/produktas\/kurybinis-kaukiu-gaminimo-rinkinys\/","url":"https:\/\/kidsplay.lt\/produktas\/kurybinis-kaukiu-gaminimo-rinkinys\/","name":"Rado\u0161u masku veido\u0161anas komplekts","isPartOf":{"@id":"https:\/\/kidsplay.lt\/#website"},"primaryImageOfPage":{"@id":"https:\/\/kidsplay.lt\/produktas\/kurybinis-kaukiu-gaminimo-rinkinys\/#primaryimage"},"image":{"@id":"https:\/\/kidsplay.lt\/produktas\/kurybinis-kaukiu-gaminimo-rinkinys\/#primaryimage"},"thumbnailUrl":"https:\/\/kidsplay.lt\/wp-content\/uploads\/2024\/09\/Kurybinis-kaukiu-gaminimo-rinkinys.jpg","datePublished":"2026-02-26T07:51:20+00:00","dateModified":"2026-04-13T12:28:54+00:00","description":"K\u016brybini\u0173\u00a0pramog\u0173 vienam arba su draugais! Rinkinys suteikia \u012fdomi\u0105 \u017eaidimo form\u0105, kuri suteiks daug\u00a0pasitenkinimo\u00a0k\u016bryba.","breadcrumb":{"@id":"https:\/\/kidsplay.lt\/produktas\/kurybinis-kaukiu-gaminimo-rinkinys\/#breadcrumb"},"inLanguage":"lv-LV","potentialAction":[{"@type":"ReadAction","target":["https:\/\/kidsplay.lt\/produktas\/kurybinis-kaukiu-gaminimo-rinkinys\/"]}]},{"@type":"ImageObject","inLanguage":"lv-LV","@id":"https:\/\/kidsplay.lt\/produktas\/kurybinis-kaukiu-gaminimo-rinkinys\/#primaryimage","url":"https:\/\/kidsplay.lt\/wp-content\/uploads\/2024\/09\/Kurybinis-kaukiu-gaminimo-rinkinys.jpg","contentUrl":"https:\/\/kidsplay.lt\/wp-content\/uploads\/2024\/09\/Kurybinis-kaukiu-gaminimo-rinkinys.jpg","width":1000,"height":1000,"caption":"K\u016brybinis kauki\u0173 gaminimo rinkinys"},{"@type":"BreadcrumbList","@id":"https:\/\/kidsplay.lt\/produktas\/kurybinis-kaukiu-gaminimo-rinkinys\/#breadcrumb","itemListElement":[{"@type":"ListItem","position":1,"name":"Pagrindinis","item":"https:\/\/kidsplay.lt\/"},{"@type":"ListItem","position":2,"name":"Parduotuv\u0117","item":"https:\/\/kidsplay.lt\/parduotuve\/"},{"@type":"ListItem","position":3,"name":"K\u016brybinis kauki\u0173 gaminimo rinkinys"}]},{"@type":"WebSite","@id":"https:\/\/kidsplay.lt\/#website","url":"https:\/\/kidsplay.lt\/","name":"B\u0113rnu sp\u0113les.lv","description":"\u012evairios prek\u0117s vaikams","publisher":{"@id":"https:\/\/kidsplay.lt\/#organization"},"alternateName":"Kidsplay","potentialAction":[{"@type":"SearchAction","target":{"@type":"EntryPoint","urlTemplate":"https:\/\/kidsplay.lt\/?s={search_term_string}"},"query-input":{"@type":"PropertyValueSpecification","valueRequired":true,"valueName":"search_term_string"}}],"inLanguage":"lv-LV"},{"@type":"Organization","@id":"https:\/\/kidsplay.lt\/#organization","name":"B\u0113rnu sp\u0113le","url":"https:\/\/kidsplay.lt\/","logo":{"@type":"ImageObject","inLanguage":"lv-LV","@id":"https:\/\/kidsplay.lt\/#\/schema\/logo\/image\/","url":"https:\/\/kidsplay.lt\/wp-content\/uploads\/2023\/07\/kidsplay-logo.png","contentUrl":"https:\/\/kidsplay.lt\/wp-content\/uploads\/2023\/07\/kidsplay-logo.png","width":451,"height":98,"caption":"KidsPlay"},"image":{"@id":"https:\/\/kidsplay.lt\/#\/schema\/logo\/image\/"},"sameAs":["https:\/\/www.facebook.com\/www.kidsplay.lt"]}]}},"_links":{"self":[{"href":"https:\/\/kidsplay.lt\/lv\/wp-json\/wp\/v2\/product\/90709","targetHints":{"allow":["GET"]}}],"collection":[{"href":"https:\/\/kidsplay.lt\/lv\/wp-json\/wp\/v2\/product"}],"about":[{"href":"https:\/\/kidsplay.lt\/lv\/wp-json\/wp\/v2\/types\/product"}],"version-history":[{"count":1,"href":"https:\/\/kidsplay.lt\/lv\/wp-json\/wp\/v2\/product\/90709\/revisions"}],"predecessor-version":[{"id":90710,"href":"https:\/\/kidsplay.lt\/lv\/wp-json\/wp\/v2\/product\/90709\/revisions\/90710"}],"wp:featuredmedia":[{"embeddable":true,"href":"https:\/\/kidsplay.lt\/lv\/wp-json\/wp\/v2\/media\/54164"}],"wp:attachment":[{"href":"https:\/\/kidsplay.lt\/lv\/wp-json\/wp\/v2\/media?parent=90709"}],"wp:term":[{"taxonomy":"product_brand","embeddable":true,"href":"https:\/\/kidsplay.lt\/lv\/wp-json\/wp\/v2\/product_brand?post=90709"},{"taxonomy":"product_cat","embeddable":true,"href":"https:\/\/kidsplay.lt\/lv\/wp-json\/wp\/v2\/product_cat?post=90709"},{"taxonomy":"product_tag","embeddable":true,"href":"https:\/\/kidsplay.lt\/lv\/wp-json\/wp\/v2\/product_tag?post=90709"}],"curies":[{"name":"wp","href":"https:\/\/api.w.org\/{rel}","templated":true}]}}