{"id":90713,"date":"2026-02-26T09:51:33","date_gmt":"2026-02-26T07:51:33","guid":{"rendered":"https:\/\/kidsplay.lt\/produktas\/magnetine-delione-mados-paveiksleliai\/"},"modified":"2026-04-13T15:29:05","modified_gmt":"2026-04-13T12:29:05","slug":"magnetine-delione-mados-paveiksleliai","status":"publish","type":"product","link":"https:\/\/kidsplay.lt\/lv\/products\/magnetine-delione-mados-paveiksleliai\/","title":{"rendered":"Magn\u0113tisk\u0101 puzle - modes att\u0113li"},"content":{"rendered":"<p>Magnetin\u0117 d\u0117lion\u0117\u00a0ilgam u\u017eims j\u016bs\u0173 vaik\u0105. Rinkinyje yra iki\u00a032 detali\u0173, \u012fskaitant\u00a08 korteles\u00a0su persirengusi\u0173 berniuk\u0173\u00a0ra\u0161tais, kuriuos reikia sud\u0117lioti. Vaikas gali\u00a0laisvai\u00a0derinti\u00a0elementus ir kurti \u012fvairius \u0161aunius madingus k\u016brinius ir i\u0161vaizd\u0105. Stipr\u016bs magnetai u\u017etikrina, kad n\u0117 viena detal\u0117 niekada nenukris. Pakuot\u0117 patogi, tod\u0117l j\u0105 galima pasiimti bet kur. \u017daidimas lavins vaiko\u00a0vaizduot\u0119\u00a0ir\u00a0k\u016brybi\u0161kum\u0105.<\/p>\n<p>&#8211; \u017daislas\u00a0nuo 3 met\u0173<br \/>\n&#8211; rinkin\u012f sudaro\u00a032\u00a0detal\u0117s<br \/>\n&#8211;\u00a08 kortel\u0117s\u00a0su modeliais, kuriuos reikia sud\u0117lioti<br \/>\n&#8211; galima kurti\u00a0savo\u00a0kompozicijas<br \/>\n&#8211;\u00a0stipr\u016bs\u00a0magnetai<br \/>\n&#8211;\u00a0patogus\u00a0ir\u00a0lengvai\u00a0perkeliamas<br \/>\n&#8211; skatina vaizduot\u0119\u00a0ir\u00a0k\u016brybi\u0161kum\u0105<\/p>","protected":false},"excerpt":{"rendered":"<p>Magnetin\u0117 d\u0117lion\u0117\u00a0ilgam u\u017eims j\u016bs\u0173 vaik\u0105. Rinkinyje yra iki\u00a032 detali\u0173, \u012fskaitant\u00a08 korteles\u00a0su persirengusi\u0173 berniuk\u0173\u00a0ra\u0161tais, kuriuos reikia sud\u0117lioti. Vaikas gali\u00a0laisvai\u00a0derinti\u00a0elementus ir kurti<\/p>","protected":false},"featured_media":54222,"template":"","meta":{"_acf_changed":false,"_glsr_average":0,"_glsr_ranking":0,"_glsr_reviews":0},"product_brand":[],"product_cat":[388,229],"product_tag":[],"class_list":{"0":"post-90713","1":"product","2":"type-product","3":"status-publish","4":"has-post-thumbnail","6":"product_cat-edukaciniai-lavinamieji-zaislai","7":"product_cat-zaislai-vaikams","8":"\"style=\"background-color: #2ecc711c;\"","10":"first","11":"instock","12":"purchasable","13":"product-type-simple"},"acf":[],"yoast_head":"<!-- This site is optimized with the Yoast SEO plugin v27.4 - https:\/\/yoast.com\/product\/yoast-seo-wordpress\/ -->\n<title>Magnetin\u0117 d\u0117lion\u0117 &#8211; mados paveiksl\u0117liai<\/title>\n<meta name=\"description\" content=\"Magnetin\u0117 d\u0117lion\u0117\u00a0ilgam u\u017eims j\u016bs\u0173 vaik\u0105. Rinkinyje yra iki\u00a032 detali\u0173, \u012fskaitant\u00a08 korteles\u00a0su persirengusi\u0173 berniuk\u0173\u00a0ra\u0161tais.\" \/>\n<meta name=\"robots\" content=\"index, follow, max-snippet:-1, max-image-preview:large, max-video-preview:-1\" \/>\n<link rel=\"canonical\" href=\"https:\/\/kidsplay.lt\/lv\/products\/magnetine-delione-mados-paveiksleliai\/\" \/>\n<meta property=\"og:locale\" content=\"lv_LV\" \/>\n<meta property=\"og:type\" content=\"article\" \/>\n<meta property=\"og:title\" content=\"Magnetin\u0117 d\u0117lion\u0117 &#8211; mados paveiksl\u0117liai\" \/>\n<meta property=\"og:description\" content=\"Magnetin\u0117 d\u0117lion\u0117\u00a0ilgam u\u017eims j\u016bs\u0173 vaik\u0105. Rinkinyje yra iki\u00a032 detali\u0173, \u012fskaitant\u00a08 korteles\u00a0su persirengusi\u0173 berniuk\u0173\u00a0ra\u0161tais.\" \/>\n<meta property=\"og:url\" content=\"https:\/\/kidsplay.lt\/lv\/products\/magnetine-delione-mados-paveiksleliai\/\" \/>\n<meta property=\"og:site_name\" content=\"KidsPlay\" \/>\n<meta property=\"article:publisher\" content=\"https:\/\/www.facebook.com\/www.kidsplay.lt\" \/>\n<meta property=\"article:modified_time\" content=\"2026-04-13T12:29:05+00:00\" \/>\n<meta property=\"og:image\" content=\"https:\/\/kidsplay.lt\/wp-content\/uploads\/2024\/09\/Magnetine-delione-\u2013-mados-paveiksleliai.jpg\" \/>\n\t<meta property=\"og:image:width\" content=\"1000\" \/>\n\t<meta property=\"og:image:height\" content=\"1000\" \/>\n\t<meta property=\"og:image:type\" content=\"image\/jpeg\" \/>\n<meta name=\"twitter:card\" content=\"summary_large_image\" \/>\n<meta name=\"twitter:label1\" content=\"Est. reading time\" \/>\n\t<meta name=\"twitter:data1\" content=\"1 min\u016bte\" \/>\n<script type=\"application\/ld+json\" class=\"yoast-schema-graph\">{\"@context\":\"https:\\\/\\\/schema.org\",\"@graph\":[{\"@type\":\"WebPage\",\"@id\":\"https:\\\/\\\/kidsplay.lt\\\/produktas\\\/magnetine-delione-mados-paveiksleliai\\\/\",\"url\":\"https:\\\/\\\/kidsplay.lt\\\/produktas\\\/magnetine-delione-mados-paveiksleliai\\\/\",\"name\":\"Magnetin\u0117 d\u0117lion\u0117 &#8211; mados paveiksl\u0117liai\",\"isPartOf\":{\"@id\":\"https:\\\/\\\/kidsplay.lt\\\/#website\"},\"primaryImageOfPage\":{\"@id\":\"https:\\\/\\\/kidsplay.lt\\\/produktas\\\/magnetine-delione-mados-paveiksleliai\\\/#primaryimage\"},\"image\":{\"@id\":\"https:\\\/\\\/kidsplay.lt\\\/produktas\\\/magnetine-delione-mados-paveiksleliai\\\/#primaryimage\"},\"thumbnailUrl\":\"https:\\\/\\\/kidsplay.lt\\\/wp-content\\\/uploads\\\/2024\\\/09\\\/Magnetine-delione-\u2013-mados-paveiksleliai.jpg\",\"datePublished\":\"2026-02-26T07:51:33+00:00\",\"dateModified\":\"2026-04-13T12:29:05+00:00\",\"description\":\"Magnetin\u0117 d\u0117lion\u0117\u00a0ilgam u\u017eims j\u016bs\u0173 vaik\u0105. Rinkinyje yra iki\u00a032 detali\u0173, \u012fskaitant\u00a08 korteles\u00a0su persirengusi\u0173 berniuk\u0173\u00a0ra\u0161tais.\",\"breadcrumb\":{\"@id\":\"https:\\\/\\\/kidsplay.lt\\\/produktas\\\/magnetine-delione-mados-paveiksleliai\\\/#breadcrumb\"},\"inLanguage\":\"lv-LV\",\"potentialAction\":[{\"@type\":\"ReadAction\",\"target\":[\"https:\\\/\\\/kidsplay.lt\\\/produktas\\\/magnetine-delione-mados-paveiksleliai\\\/\"]}]},{\"@type\":\"ImageObject\",\"inLanguage\":\"lv-LV\",\"@id\":\"https:\\\/\\\/kidsplay.lt\\\/produktas\\\/magnetine-delione-mados-paveiksleliai\\\/#primaryimage\",\"url\":\"https:\\\/\\\/kidsplay.lt\\\/wp-content\\\/uploads\\\/2024\\\/09\\\/Magnetine-delione-\u2013-mados-paveiksleliai.jpg\",\"contentUrl\":\"https:\\\/\\\/kidsplay.lt\\\/wp-content\\\/uploads\\\/2024\\\/09\\\/Magnetine-delione-\u2013-mados-paveiksleliai.jpg\",\"width\":1000,\"height\":1000,\"caption\":\"Magnetin\u0117 d\u0117lion\u0117 &#8211; mados paveiksl\u0117liai\"},{\"@type\":\"BreadcrumbList\",\"@id\":\"https:\\\/\\\/kidsplay.lt\\\/produktas\\\/magnetine-delione-mados-paveiksleliai\\\/#breadcrumb\",\"itemListElement\":[{\"@type\":\"ListItem\",\"position\":1,\"name\":\"Pagrindinis\",\"item\":\"https:\\\/\\\/kidsplay.lt\\\/\"},{\"@type\":\"ListItem\",\"position\":2,\"name\":\"Parduotuv\u0117\",\"item\":\"https:\\\/\\\/kidsplay.lt\\\/parduotuve\\\/\"},{\"@type\":\"ListItem\",\"position\":3,\"name\":\"Magnetin\u0117 d\u0117lion\u0117 &#8211; mados paveiksl\u0117liai\"}]},{\"@type\":\"WebSite\",\"@id\":\"https:\\\/\\\/kidsplay.lt\\\/#website\",\"url\":\"https:\\\/\\\/kidsplay.lt\\\/\",\"name\":\"Kidsplay.lt\",\"description\":\"\u012evairios prek\u0117s vaikams\",\"publisher\":{\"@id\":\"https:\\\/\\\/kidsplay.lt\\\/#organization\"},\"alternateName\":\"Kidsplay\",\"potentialAction\":[{\"@type\":\"SearchAction\",\"target\":{\"@type\":\"EntryPoint\",\"urlTemplate\":\"https:\\\/\\\/kidsplay.lt\\\/?s={search_term_string}\"},\"query-input\":{\"@type\":\"PropertyValueSpecification\",\"valueRequired\":true,\"valueName\":\"search_term_string\"}}],\"inLanguage\":\"lv-LV\"},{\"@type\":\"Organization\",\"@id\":\"https:\\\/\\\/kidsplay.lt\\\/#organization\",\"name\":\"KidsPlay\",\"url\":\"https:\\\/\\\/kidsplay.lt\\\/\",\"logo\":{\"@type\":\"ImageObject\",\"inLanguage\":\"lv-LV\",\"@id\":\"https:\\\/\\\/kidsplay.lt\\\/#\\\/schema\\\/logo\\\/image\\\/\",\"url\":\"https:\\\/\\\/kidsplay.lt\\\/wp-content\\\/uploads\\\/2023\\\/07\\\/kidsplay-logo.png\",\"contentUrl\":\"https:\\\/\\\/kidsplay.lt\\\/wp-content\\\/uploads\\\/2023\\\/07\\\/kidsplay-logo.png\",\"width\":451,\"height\":98,\"caption\":\"KidsPlay\"},\"image\":{\"@id\":\"https:\\\/\\\/kidsplay.lt\\\/#\\\/schema\\\/logo\\\/image\\\/\"},\"sameAs\":[\"https:\\\/\\\/www.facebook.com\\\/www.kidsplay.lt\"]}]}<\/script>\n<!-- \/ Yoast SEO plugin. -->","yoast_head_json":{"title":"Magn\u0113tisk\u0101 puzle - modes att\u0113li","description":"Magnetin\u0117 d\u0117lion\u0117\u00a0ilgam u\u017eims j\u016bs\u0173 vaik\u0105. Rinkinyje yra iki\u00a032 detali\u0173, \u012fskaitant\u00a08 korteles\u00a0su persirengusi\u0173 berniuk\u0173\u00a0ra\u0161tais.","robots":{"index":"index","follow":"follow","max-snippet":"max-snippet:-1","max-image-preview":"max-image-preview:large","max-video-preview":"max-video-preview:-1"},"canonical":"https:\/\/kidsplay.lt\/lv\/products\/magnetine-delione-mados-paveiksleliai\/","og_locale":"lv_LV","og_type":"article","og_title":"Magnetin\u0117 d\u0117lion\u0117 &#8211; mados paveiksl\u0117liai","og_description":"Magnetin\u0117 d\u0117lion\u0117\u00a0ilgam u\u017eims j\u016bs\u0173 vaik\u0105. Rinkinyje yra iki\u00a032 detali\u0173, \u012fskaitant\u00a08 korteles\u00a0su persirengusi\u0173 berniuk\u0173\u00a0ra\u0161tais.","og_url":"https:\/\/kidsplay.lt\/lv\/products\/magnetine-delione-mados-paveiksleliai\/","og_site_name":"KidsPlay","article_publisher":"https:\/\/www.facebook.com\/www.kidsplay.lt","article_modified_time":"2026-04-13T12:29:05+00:00","og_image":[{"width":1000,"height":1000,"url":"https:\/\/kidsplay.lt\/wp-content\/uploads\/2024\/09\/Magnetine-delione-\u2013-mados-paveiksleliai.jpg","type":"image\/jpeg"}],"twitter_card":"summary_large_image","twitter_misc":{"Est. reading time":"1 min\u016bte"},"schema":{"@context":"https:\/\/schema.org","@graph":[{"@type":"WebPage","@id":"https:\/\/kidsplay.lt\/produktas\/magnetine-delione-mados-paveiksleliai\/","url":"https:\/\/kidsplay.lt\/produktas\/magnetine-delione-mados-paveiksleliai\/","name":"Magn\u0113tisk\u0101 puzle - modes att\u0113li","isPartOf":{"@id":"https:\/\/kidsplay.lt\/#website"},"primaryImageOfPage":{"@id":"https:\/\/kidsplay.lt\/produktas\/magnetine-delione-mados-paveiksleliai\/#primaryimage"},"image":{"@id":"https:\/\/kidsplay.lt\/produktas\/magnetine-delione-mados-paveiksleliai\/#primaryimage"},"thumbnailUrl":"https:\/\/kidsplay.lt\/wp-content\/uploads\/2024\/09\/Magnetine-delione-\u2013-mados-paveiksleliai.jpg","datePublished":"2026-02-26T07:51:33+00:00","dateModified":"2026-04-13T12:29:05+00:00","description":"Magnetin\u0117 d\u0117lion\u0117\u00a0ilgam u\u017eims j\u016bs\u0173 vaik\u0105. Rinkinyje yra iki\u00a032 detali\u0173, \u012fskaitant\u00a08 korteles\u00a0su persirengusi\u0173 berniuk\u0173\u00a0ra\u0161tais.","breadcrumb":{"@id":"https:\/\/kidsplay.lt\/produktas\/magnetine-delione-mados-paveiksleliai\/#breadcrumb"},"inLanguage":"lv-LV","potentialAction":[{"@type":"ReadAction","target":["https:\/\/kidsplay.lt\/produktas\/magnetine-delione-mados-paveiksleliai\/"]}]},{"@type":"ImageObject","inLanguage":"lv-LV","@id":"https:\/\/kidsplay.lt\/produktas\/magnetine-delione-mados-paveiksleliai\/#primaryimage","url":"https:\/\/kidsplay.lt\/wp-content\/uploads\/2024\/09\/Magnetine-delione-\u2013-mados-paveiksleliai.jpg","contentUrl":"https:\/\/kidsplay.lt\/wp-content\/uploads\/2024\/09\/Magnetine-delione-\u2013-mados-paveiksleliai.jpg","width":1000,"height":1000,"caption":"Magnetin\u0117 d\u0117lion\u0117 &#8211; mados paveiksl\u0117liai"},{"@type":"BreadcrumbList","@id":"https:\/\/kidsplay.lt\/produktas\/magnetine-delione-mados-paveiksleliai\/#breadcrumb","itemListElement":[{"@type":"ListItem","position":1,"name":"Pagrindinis","item":"https:\/\/kidsplay.lt\/"},{"@type":"ListItem","position":2,"name":"Parduotuv\u0117","item":"https:\/\/kidsplay.lt\/parduotuve\/"},{"@type":"ListItem","position":3,"name":"Magnetin\u0117 d\u0117lion\u0117 &#8211; mados paveiksl\u0117liai"}]},{"@type":"WebSite","@id":"https:\/\/kidsplay.lt\/#website","url":"https:\/\/kidsplay.lt\/","name":"B\u0113rnu sp\u0113les.lv","description":"\u012evairios prek\u0117s vaikams","publisher":{"@id":"https:\/\/kidsplay.lt\/#organization"},"alternateName":"Kidsplay","potentialAction":[{"@type":"SearchAction","target":{"@type":"EntryPoint","urlTemplate":"https:\/\/kidsplay.lt\/?s={search_term_string}"},"query-input":{"@type":"PropertyValueSpecification","valueRequired":true,"valueName":"search_term_string"}}],"inLanguage":"lv-LV"},{"@type":"Organization","@id":"https:\/\/kidsplay.lt\/#organization","name":"B\u0113rnu sp\u0113le","url":"https:\/\/kidsplay.lt\/","logo":{"@type":"ImageObject","inLanguage":"lv-LV","@id":"https:\/\/kidsplay.lt\/#\/schema\/logo\/image\/","url":"https:\/\/kidsplay.lt\/wp-content\/uploads\/2023\/07\/kidsplay-logo.png","contentUrl":"https:\/\/kidsplay.lt\/wp-content\/uploads\/2023\/07\/kidsplay-logo.png","width":451,"height":98,"caption":"KidsPlay"},"image":{"@id":"https:\/\/kidsplay.lt\/#\/schema\/logo\/image\/"},"sameAs":["https:\/\/www.facebook.com\/www.kidsplay.lt"]}]}},"_links":{"self":[{"href":"https:\/\/kidsplay.lt\/lv\/wp-json\/wp\/v2\/product\/90713","targetHints":{"allow":["GET"]}}],"collection":[{"href":"https:\/\/kidsplay.lt\/lv\/wp-json\/wp\/v2\/product"}],"about":[{"href":"https:\/\/kidsplay.lt\/lv\/wp-json\/wp\/v2\/types\/product"}],"version-history":[{"count":1,"href":"https:\/\/kidsplay.lt\/lv\/wp-json\/wp\/v2\/product\/90713\/revisions"}],"predecessor-version":[{"id":90714,"href":"https:\/\/kidsplay.lt\/lv\/wp-json\/wp\/v2\/product\/90713\/revisions\/90714"}],"wp:featuredmedia":[{"embeddable":true,"href":"https:\/\/kidsplay.lt\/lv\/wp-json\/wp\/v2\/media\/54222"}],"wp:attachment":[{"href":"https:\/\/kidsplay.lt\/lv\/wp-json\/wp\/v2\/media?parent=90713"}],"wp:term":[{"taxonomy":"product_brand","embeddable":true,"href":"https:\/\/kidsplay.lt\/lv\/wp-json\/wp\/v2\/product_brand?post=90713"},{"taxonomy":"product_cat","embeddable":true,"href":"https:\/\/kidsplay.lt\/lv\/wp-json\/wp\/v2\/product_cat?post=90713"},{"taxonomy":"product_tag","embeddable":true,"href":"https:\/\/kidsplay.lt\/lv\/wp-json\/wp\/v2\/product_tag?post=90713"}],"curies":[{"name":"wp","href":"https:\/\/api.w.org\/{rel}","templated":true}]}}