{"id":90719,"date":"2026-02-26T09:51:43","date_gmt":"2026-02-26T07:51:43","guid":{"rendered":"https:\/\/kidsplay.lt\/produktas\/gaisrines-komandos-kaladeles-100vnt\/"},"modified":"2026-02-26T19:04:36","modified_gmt":"2026-02-26T17:04:36","slug":"gaisrines-komandos-kaladeles-100vnt","status":"publish","type":"product","link":"https:\/\/kidsplay.lt\/lv\/products\/gaisrines-komandos-kaladeles-100vnt\/","title":{"rendered":"Gaisrin\u0117s komandos kalad\u0117l\u0117s 100vnt"},"content":{"rendered":"<p>Sukurtas taip, kad \u012fkv\u0117pt\u0173 ma\u017euosius konstruktorius\u00a0ir skatint\u0173\u00a0k\u016brybi\u0161kai\u00a0kurti\u00a0.\u00a0Paprastas\u00a0dizainas\u00a0ir\u00a0lengvas\u00a0surinkimas\u00a0suteikia daugyb\u0119 galimybi\u0173 k\u016brybi\u0161kai konstruoti erdv\u0119. J\u016bs\u0173 vaikas gali pastatyti\u00a0savo gaisrin\u0119\u00a0ir sukurti savo gra\u017e\u0173 pasaul\u012f. Rinkinyje yra\u00a0100 plyt\u0173\u00a0ir\u00a02 fig\u016br\u0117l\u0117s, kurias\u00a0galima naudoti. Visos kalad\u0117l\u0117s pagamintos i\u0161 auk\u0161\u010diausios kokyb\u0117s\u00a0saugaus plastiko, kur\u012f d\u0117l jo\u00a0lankstumo\u00a0galima\u00a0lankstyti. D\u0117lioti kalad\u0117les ma\u017eyliams\u00a0labai smagu\u00a0ir duoda daug naudos lavinant\u00a0vaizduot\u0119,\u00a0k\u016brybi\u0161kum\u0105,\u00a0login\u012f m\u0105stym\u0105\u00a0ir\u00a0motorines\u00a0funkcijas. Blokeliai idealiai tinka vaikams, kurie dar tik susipa\u017e\u012fsta su \u017eaidimu blokeliais. Ry\u0161kios, kontrastingos spalvos patrauks ma\u017eylio d\u0117mes\u012f ir skatins mokytis bei \u017eaisti.<\/p>\n<p>&#8211; pagamintos i\u0161 spalvingos ir\u00a0vaikams draugi\u0161kos med\u017eiagos<br \/>\n&#8211; daug\u00a0linksmybi\u0173\u00a0ir\u00a0lavinamosios\u00a0vert\u0117s<br \/>\n&#8211; daug skirting\u0173 detali\u0173:\u00a0kvadratin\u0117s, sta\u010diakamp\u0117s\u00a0ir\u00a0apvalios<br \/>\n&#8211;\u00a0ugniagesi\u0173 motyvas\u00a0ir galimyb\u0117 kurti \u012fvairias\u00a0erdvines konstrukcijas,\u00a0pvz.<br \/>\n&#8211;\u00a0pakuot\u0117 idealiai tinka dovanai!<\/p>","protected":false},"excerpt":{"rendered":"<p>Sukurtas taip, kad \u012fkv\u0117pt\u0173 ma\u017euosius konstruktorius\u00a0ir skatint\u0173\u00a0k\u016brybi\u0161kai\u00a0kurti\u00a0.\u00a0Paprastas\u00a0dizainas\u00a0ir\u00a0lengvas\u00a0surinkimas\u00a0suteikia daugyb\u0119 galimybi\u0173 k\u016brybi\u0161kai konstruoti erdv\u0119. J\u016bs\u0173 vaikas gali pastatyti\u00a0savo gaisrin\u0119\u00a0ir sukurti savo gra\u017e\u0173<\/p>","protected":false},"featured_media":54267,"template":"","meta":{"_acf_changed":false,"_glsr_average":0,"_glsr_ranking":0,"_glsr_reviews":0},"product_brand":[],"product_cat":[446,229],"product_tag":[],"class_list":{"0":"post-90719","1":"product","2":"type-product","3":"status-publish","4":"has-post-thumbnail","6":"product_cat-konstruktoriai","7":"product_cat-zaislai-vaikams","8":"\"style=\"background-color: #2ecc711c;\"","10":"first","11":"outofstock","12":"purchasable","13":"product-type-simple"},"acf":[],"yoast_head":"<!-- This site is optimized with the Yoast SEO plugin v27.3 - https:\/\/yoast.com\/product\/yoast-seo-wordpress\/ -->\n<title>Gaisrin\u0117s komandos kalad\u0117l\u0117s 100vnt<\/title>\n<meta name=\"description\" content=\"Sukurtas taip, kad \u012fkv\u0117pt\u0173 ma\u017euosius konstruktorius\u00a0ir skatint\u0173\u00a0k\u016brybi\u0161kai\u00a0kurti\u00a0.\u00a0Paprastas\u00a0dizainas\u00a0ir\u00a0lengvas\u00a0surinkimas.\" \/>\n<meta name=\"robots\" content=\"index, follow, max-snippet:-1, max-image-preview:large, max-video-preview:-1\" \/>\n<link rel=\"canonical\" href=\"https:\/\/kidsplay.lt\/lv\/products\/gaisrines-komandos-kaladeles-100vnt\/\" \/>\n<meta property=\"og:locale\" content=\"lv_LV\" \/>\n<meta property=\"og:type\" content=\"article\" \/>\n<meta property=\"og:title\" content=\"Gaisrin\u0117s komandos kalad\u0117l\u0117s 100vnt\" \/>\n<meta property=\"og:description\" content=\"Sukurtas taip, kad \u012fkv\u0117pt\u0173 ma\u017euosius konstruktorius\u00a0ir skatint\u0173\u00a0k\u016brybi\u0161kai\u00a0kurti\u00a0.\u00a0Paprastas\u00a0dizainas\u00a0ir\u00a0lengvas\u00a0surinkimas.\" \/>\n<meta property=\"og:url\" content=\"https:\/\/kidsplay.lt\/lv\/products\/gaisrines-komandos-kaladeles-100vnt\/\" \/>\n<meta property=\"og:site_name\" content=\"KidsPlay\" \/>\n<meta property=\"article:publisher\" content=\"https:\/\/www.facebook.com\/www.kidsplay.lt\" \/>\n<meta property=\"article:modified_time\" content=\"2026-02-26T17:04:36+00:00\" \/>\n<meta property=\"og:image\" content=\"https:\/\/kidsplay.lt\/wp-content\/uploads\/2024\/09\/Gaisrines-komandos-kaladeles-100vnt.jpg\" \/>\n\t<meta property=\"og:image:width\" content=\"600\" \/>\n\t<meta property=\"og:image:height\" content=\"600\" \/>\n\t<meta property=\"og:image:type\" content=\"image\/jpeg\" \/>\n<meta name=\"twitter:card\" content=\"summary_large_image\" \/>\n<meta name=\"twitter:label1\" content=\"Est. reading time\" \/>\n\t<meta name=\"twitter:data1\" content=\"1 min\u016bte\" \/>\n<script type=\"application\/ld+json\" class=\"yoast-schema-graph\">{\"@context\":\"https:\\\/\\\/schema.org\",\"@graph\":[{\"@type\":\"WebPage\",\"@id\":\"https:\\\/\\\/kidsplay.lt\\\/produktas\\\/gaisrines-komandos-kaladeles-100vnt\\\/\",\"url\":\"https:\\\/\\\/kidsplay.lt\\\/produktas\\\/gaisrines-komandos-kaladeles-100vnt\\\/\",\"name\":\"Gaisrin\u0117s komandos kalad\u0117l\u0117s 100vnt\",\"isPartOf\":{\"@id\":\"https:\\\/\\\/kidsplay.lt\\\/#website\"},\"primaryImageOfPage\":{\"@id\":\"https:\\\/\\\/kidsplay.lt\\\/produktas\\\/gaisrines-komandos-kaladeles-100vnt\\\/#primaryimage\"},\"image\":{\"@id\":\"https:\\\/\\\/kidsplay.lt\\\/produktas\\\/gaisrines-komandos-kaladeles-100vnt\\\/#primaryimage\"},\"thumbnailUrl\":\"https:\\\/\\\/kidsplay.lt\\\/wp-content\\\/uploads\\\/2024\\\/09\\\/Gaisrines-komandos-kaladeles-100vnt.jpg\",\"datePublished\":\"2026-02-26T07:51:43+00:00\",\"dateModified\":\"2026-02-26T17:04:36+00:00\",\"description\":\"Sukurtas taip, kad \u012fkv\u0117pt\u0173 ma\u017euosius konstruktorius\u00a0ir skatint\u0173\u00a0k\u016brybi\u0161kai\u00a0kurti\u00a0.\u00a0Paprastas\u00a0dizainas\u00a0ir\u00a0lengvas\u00a0surinkimas.\",\"breadcrumb\":{\"@id\":\"https:\\\/\\\/kidsplay.lt\\\/produktas\\\/gaisrines-komandos-kaladeles-100vnt\\\/#breadcrumb\"},\"inLanguage\":\"lv-LV\",\"potentialAction\":[{\"@type\":\"ReadAction\",\"target\":[\"https:\\\/\\\/kidsplay.lt\\\/produktas\\\/gaisrines-komandos-kaladeles-100vnt\\\/\"]}]},{\"@type\":\"ImageObject\",\"inLanguage\":\"lv-LV\",\"@id\":\"https:\\\/\\\/kidsplay.lt\\\/produktas\\\/gaisrines-komandos-kaladeles-100vnt\\\/#primaryimage\",\"url\":\"https:\\\/\\\/kidsplay.lt\\\/wp-content\\\/uploads\\\/2024\\\/09\\\/Gaisrines-komandos-kaladeles-100vnt.jpg\",\"contentUrl\":\"https:\\\/\\\/kidsplay.lt\\\/wp-content\\\/uploads\\\/2024\\\/09\\\/Gaisrines-komandos-kaladeles-100vnt.jpg\",\"width\":600,\"height\":600,\"caption\":\"Gaisrin\u0117s komandos kalad\u0117l\u0117s 100vnt\"},{\"@type\":\"BreadcrumbList\",\"@id\":\"https:\\\/\\\/kidsplay.lt\\\/produktas\\\/gaisrines-komandos-kaladeles-100vnt\\\/#breadcrumb\",\"itemListElement\":[{\"@type\":\"ListItem\",\"position\":1,\"name\":\"Pagrindinis\",\"item\":\"https:\\\/\\\/kidsplay.lt\\\/\"},{\"@type\":\"ListItem\",\"position\":2,\"name\":\"Parduotuv\u0117\",\"item\":\"https:\\\/\\\/kidsplay.lt\\\/parduotuve\\\/\"},{\"@type\":\"ListItem\",\"position\":3,\"name\":\"Gaisrin\u0117s komandos kalad\u0117l\u0117s 100vnt\"}]},{\"@type\":\"WebSite\",\"@id\":\"https:\\\/\\\/kidsplay.lt\\\/#website\",\"url\":\"https:\\\/\\\/kidsplay.lt\\\/\",\"name\":\"Kidsplay.lt\",\"description\":\"\u012evairios prek\u0117s vaikams\",\"publisher\":{\"@id\":\"https:\\\/\\\/kidsplay.lt\\\/#organization\"},\"alternateName\":\"Kidsplay\",\"potentialAction\":[{\"@type\":\"SearchAction\",\"target\":{\"@type\":\"EntryPoint\",\"urlTemplate\":\"https:\\\/\\\/kidsplay.lt\\\/?s={search_term_string}\"},\"query-input\":{\"@type\":\"PropertyValueSpecification\",\"valueRequired\":true,\"valueName\":\"search_term_string\"}}],\"inLanguage\":\"lv-LV\"},{\"@type\":\"Organization\",\"@id\":\"https:\\\/\\\/kidsplay.lt\\\/#organization\",\"name\":\"KidsPlay\",\"url\":\"https:\\\/\\\/kidsplay.lt\\\/\",\"logo\":{\"@type\":\"ImageObject\",\"inLanguage\":\"lv-LV\",\"@id\":\"https:\\\/\\\/kidsplay.lt\\\/#\\\/schema\\\/logo\\\/image\\\/\",\"url\":\"https:\\\/\\\/kidsplay.lt\\\/wp-content\\\/uploads\\\/2023\\\/07\\\/kidsplay-logo.png\",\"contentUrl\":\"https:\\\/\\\/kidsplay.lt\\\/wp-content\\\/uploads\\\/2023\\\/07\\\/kidsplay-logo.png\",\"width\":451,\"height\":98,\"caption\":\"KidsPlay\"},\"image\":{\"@id\":\"https:\\\/\\\/kidsplay.lt\\\/#\\\/schema\\\/logo\\\/image\\\/\"},\"sameAs\":[\"https:\\\/\\\/www.facebook.com\\\/www.kidsplay.lt\"]}]}<\/script>\n<!-- \/ Yoast SEO plugin. -->","yoast_head_json":{"title":"Gaisrin\u0117s komandos kalad\u0117l\u0117s 100vnt","description":"Sukurtas taip, kad \u012fkv\u0117pt\u0173 ma\u017euosius konstruktorius\u00a0ir skatint\u0173\u00a0k\u016brybi\u0161kai\u00a0kurti\u00a0.\u00a0Paprastas\u00a0dizainas\u00a0ir\u00a0lengvas\u00a0surinkimas.","robots":{"index":"index","follow":"follow","max-snippet":"max-snippet:-1","max-image-preview":"max-image-preview:large","max-video-preview":"max-video-preview:-1"},"canonical":"https:\/\/kidsplay.lt\/lv\/products\/gaisrines-komandos-kaladeles-100vnt\/","og_locale":"lv_LV","og_type":"article","og_title":"Gaisrin\u0117s komandos kalad\u0117l\u0117s 100vnt","og_description":"Sukurtas taip, kad \u012fkv\u0117pt\u0173 ma\u017euosius konstruktorius\u00a0ir skatint\u0173\u00a0k\u016brybi\u0161kai\u00a0kurti\u00a0.\u00a0Paprastas\u00a0dizainas\u00a0ir\u00a0lengvas\u00a0surinkimas.","og_url":"https:\/\/kidsplay.lt\/lv\/products\/gaisrines-komandos-kaladeles-100vnt\/","og_site_name":"KidsPlay","article_publisher":"https:\/\/www.facebook.com\/www.kidsplay.lt","article_modified_time":"2026-02-26T17:04:36+00:00","og_image":[{"width":600,"height":600,"url":"https:\/\/kidsplay.lt\/wp-content\/uploads\/2024\/09\/Gaisrines-komandos-kaladeles-100vnt.jpg","type":"image\/jpeg"}],"twitter_card":"summary_large_image","twitter_misc":{"Est. reading time":"1 min\u016bte"},"schema":{"@context":"https:\/\/schema.org","@graph":[{"@type":"WebPage","@id":"https:\/\/kidsplay.lt\/produktas\/gaisrines-komandos-kaladeles-100vnt\/","url":"https:\/\/kidsplay.lt\/produktas\/gaisrines-komandos-kaladeles-100vnt\/","name":"Gaisrin\u0117s komandos kalad\u0117l\u0117s 100vnt","isPartOf":{"@id":"https:\/\/kidsplay.lt\/#website"},"primaryImageOfPage":{"@id":"https:\/\/kidsplay.lt\/produktas\/gaisrines-komandos-kaladeles-100vnt\/#primaryimage"},"image":{"@id":"https:\/\/kidsplay.lt\/produktas\/gaisrines-komandos-kaladeles-100vnt\/#primaryimage"},"thumbnailUrl":"https:\/\/kidsplay.lt\/wp-content\/uploads\/2024\/09\/Gaisrines-komandos-kaladeles-100vnt.jpg","datePublished":"2026-02-26T07:51:43+00:00","dateModified":"2026-02-26T17:04:36+00:00","description":"Sukurtas taip, kad \u012fkv\u0117pt\u0173 ma\u017euosius konstruktorius\u00a0ir skatint\u0173\u00a0k\u016brybi\u0161kai\u00a0kurti\u00a0.\u00a0Paprastas\u00a0dizainas\u00a0ir\u00a0lengvas\u00a0surinkimas.","breadcrumb":{"@id":"https:\/\/kidsplay.lt\/produktas\/gaisrines-komandos-kaladeles-100vnt\/#breadcrumb"},"inLanguage":"lv-LV","potentialAction":[{"@type":"ReadAction","target":["https:\/\/kidsplay.lt\/produktas\/gaisrines-komandos-kaladeles-100vnt\/"]}]},{"@type":"ImageObject","inLanguage":"lv-LV","@id":"https:\/\/kidsplay.lt\/produktas\/gaisrines-komandos-kaladeles-100vnt\/#primaryimage","url":"https:\/\/kidsplay.lt\/wp-content\/uploads\/2024\/09\/Gaisrines-komandos-kaladeles-100vnt.jpg","contentUrl":"https:\/\/kidsplay.lt\/wp-content\/uploads\/2024\/09\/Gaisrines-komandos-kaladeles-100vnt.jpg","width":600,"height":600,"caption":"Gaisrin\u0117s komandos kalad\u0117l\u0117s 100vnt"},{"@type":"BreadcrumbList","@id":"https:\/\/kidsplay.lt\/produktas\/gaisrines-komandos-kaladeles-100vnt\/#breadcrumb","itemListElement":[{"@type":"ListItem","position":1,"name":"Pagrindinis","item":"https:\/\/kidsplay.lt\/"},{"@type":"ListItem","position":2,"name":"Parduotuv\u0117","item":"https:\/\/kidsplay.lt\/parduotuve\/"},{"@type":"ListItem","position":3,"name":"Gaisrin\u0117s komandos kalad\u0117l\u0117s 100vnt"}]},{"@type":"WebSite","@id":"https:\/\/kidsplay.lt\/#website","url":"https:\/\/kidsplay.lt\/","name":"B\u0113rnu sp\u0113les.lv","description":"\u012evairios prek\u0117s vaikams","publisher":{"@id":"https:\/\/kidsplay.lt\/#organization"},"alternateName":"Kidsplay","potentialAction":[{"@type":"SearchAction","target":{"@type":"EntryPoint","urlTemplate":"https:\/\/kidsplay.lt\/?s={search_term_string}"},"query-input":{"@type":"PropertyValueSpecification","valueRequired":true,"valueName":"search_term_string"}}],"inLanguage":"lv-LV"},{"@type":"Organization","@id":"https:\/\/kidsplay.lt\/#organization","name":"B\u0113rnu sp\u0113le","url":"https:\/\/kidsplay.lt\/","logo":{"@type":"ImageObject","inLanguage":"lv-LV","@id":"https:\/\/kidsplay.lt\/#\/schema\/logo\/image\/","url":"https:\/\/kidsplay.lt\/wp-content\/uploads\/2023\/07\/kidsplay-logo.png","contentUrl":"https:\/\/kidsplay.lt\/wp-content\/uploads\/2023\/07\/kidsplay-logo.png","width":451,"height":98,"caption":"KidsPlay"},"image":{"@id":"https:\/\/kidsplay.lt\/#\/schema\/logo\/image\/"},"sameAs":["https:\/\/www.facebook.com\/www.kidsplay.lt"]}]}},"_links":{"self":[{"href":"https:\/\/kidsplay.lt\/lv\/wp-json\/wp\/v2\/product\/90719","targetHints":{"allow":["GET"]}}],"collection":[{"href":"https:\/\/kidsplay.lt\/lv\/wp-json\/wp\/v2\/product"}],"about":[{"href":"https:\/\/kidsplay.lt\/lv\/wp-json\/wp\/v2\/types\/product"}],"version-history":[{"count":1,"href":"https:\/\/kidsplay.lt\/lv\/wp-json\/wp\/v2\/product\/90719\/revisions"}],"predecessor-version":[{"id":90720,"href":"https:\/\/kidsplay.lt\/lv\/wp-json\/wp\/v2\/product\/90719\/revisions\/90720"}],"wp:featuredmedia":[{"embeddable":true,"href":"https:\/\/kidsplay.lt\/lv\/wp-json\/wp\/v2\/media\/54267"}],"wp:attachment":[{"href":"https:\/\/kidsplay.lt\/lv\/wp-json\/wp\/v2\/media?parent=90719"}],"wp:term":[{"taxonomy":"product_brand","embeddable":true,"href":"https:\/\/kidsplay.lt\/lv\/wp-json\/wp\/v2\/product_brand?post=90719"},{"taxonomy":"product_cat","embeddable":true,"href":"https:\/\/kidsplay.lt\/lv\/wp-json\/wp\/v2\/product_cat?post=90719"},{"taxonomy":"product_tag","embeddable":true,"href":"https:\/\/kidsplay.lt\/lv\/wp-json\/wp\/v2\/product_tag?post=90719"}],"curies":[{"name":"wp","href":"https:\/\/api.w.org\/{rel}","templated":true}]}}