{"id":90721,"date":"2026-02-26T09:51:47","date_gmt":"2026-02-26T07:51:47","guid":{"rendered":"https:\/\/kidsplay.lt\/produktas\/figurele-geisas\/"},"modified":"2026-04-13T15:29:23","modified_gmt":"2026-04-13T12:29:23","slug":"figurele-geisas","status":"publish","type":"product","link":"https:\/\/kidsplay.lt\/lv\/products\/figurele-geisas\/","title":{"rendered":"Figur\u0117l\u0117 &#8211; gei\u0161as"},"content":{"rendered":"<p>Kiekvienoje pakuot\u0117je yra viena fig\u016br\u0117l\u0117, pasirinkite plaukik\u0119, gei\u0161\u0105 ir tigr\u0105 &#8211; parduodami atskirai. Fig\u016br\u0117l\u0117s suderinamos su visais &#8222;vafli\u0173&#8221; tipo blokeliais. Sukurta taip, kad vaikai gal\u0117t\u0173 sujungti kalad\u0117les ir suformuoti keli\u0105 ar tras\u0105 arba statyti bok\u0161tus ar pastatus 3D formatu. Blokeliai pritaikyti ma\u017eoms rankyt\u0117ms<\/p>","protected":false},"excerpt":{"rendered":"<p>Kiekvienoje pakuot\u0117je yra viena fig\u016br\u0117l\u0117, pasirinkite plaukik\u0119, gei\u0161\u0105 ir tigr\u0105 &#8211; parduodami atskirai. Fig\u016br\u0117l\u0117s suderinamos su visais &#8222;vafli\u0173&#8221; tipo blokeliais.<\/p>","protected":false},"featured_media":50617,"template":"","meta":{"_acf_changed":false,"_glsr_average":0,"_glsr_ranking":0,"_glsr_reviews":0},"product_brand":[],"product_cat":[436,229],"product_tag":[],"class_list":{"0":"post-90721","1":"product","2":"type-product","3":"status-publish","4":"has-post-thumbnail","6":"product_cat-kolekcionuojamos-figureles","7":"product_cat-zaislai-vaikams","8":"\"style=\"background-color: #2ecc711c;\"","10":"first","11":"instock","12":"purchasable","13":"product-type-simple"},"acf":[],"yoast_head":"<!-- This site is optimized with the Yoast SEO plugin v27.4 - https:\/\/yoast.com\/product\/yoast-seo-wordpress\/ -->\n<title>Figur\u0117l\u0117 &#8211; gei\u0161as<\/title>\n<meta name=\"description\" content=\"Kiekvienoje pakuot\u0117je yra viena fig\u016br\u0117l\u0117, pasirinkite plaukik\u0119. Fig\u016br\u0117l\u0117s suderinamos su visais &quot;vafli\u0173&quot; tipo blokeliais.\" \/>\n<meta name=\"robots\" content=\"index, follow, max-snippet:-1, max-image-preview:large, max-video-preview:-1\" \/>\n<link rel=\"canonical\" href=\"https:\/\/kidsplay.lt\/lv\/products\/figurele-geisas\/\" \/>\n<meta property=\"og:locale\" content=\"lv_LV\" \/>\n<meta property=\"og:type\" content=\"article\" \/>\n<meta property=\"og:title\" content=\"Figur\u0117l\u0117 &#8211; gei\u0161as\" \/>\n<meta property=\"og:description\" content=\"Kiekvienoje pakuot\u0117je yra viena fig\u016br\u0117l\u0117, pasirinkite plaukik\u0119. Fig\u016br\u0117l\u0117s suderinamos su visais &quot;vafli\u0173&quot; tipo blokeliais.\" \/>\n<meta property=\"og:url\" content=\"https:\/\/kidsplay.lt\/lv\/products\/figurele-geisas\/\" \/>\n<meta property=\"og:site_name\" content=\"KidsPlay\" \/>\n<meta property=\"article:publisher\" content=\"https:\/\/www.facebook.com\/www.kidsplay.lt\" \/>\n<meta property=\"article:modified_time\" content=\"2026-04-13T12:29:23+00:00\" \/>\n<meta property=\"og:image\" content=\"https:\/\/kidsplay.lt\/wp-content\/uploads\/2024\/09\/Figurele-\u2013-geisas.jpg\" \/>\n\t<meta property=\"og:image:width\" content=\"1000\" \/>\n\t<meta property=\"og:image:height\" content=\"1000\" \/>\n\t<meta property=\"og:image:type\" content=\"image\/jpeg\" \/>\n<meta name=\"twitter:card\" content=\"summary_large_image\" \/>\n<script type=\"application\/ld+json\" class=\"yoast-schema-graph\">{\"@context\":\"https:\\\/\\\/schema.org\",\"@graph\":[{\"@type\":\"WebPage\",\"@id\":\"https:\\\/\\\/kidsplay.lt\\\/produktas\\\/figurele-geisas\\\/\",\"url\":\"https:\\\/\\\/kidsplay.lt\\\/produktas\\\/figurele-geisas\\\/\",\"name\":\"Figur\u0117l\u0117 &#8211; gei\u0161as\",\"isPartOf\":{\"@id\":\"https:\\\/\\\/kidsplay.lt\\\/#website\"},\"primaryImageOfPage\":{\"@id\":\"https:\\\/\\\/kidsplay.lt\\\/produktas\\\/figurele-geisas\\\/#primaryimage\"},\"image\":{\"@id\":\"https:\\\/\\\/kidsplay.lt\\\/produktas\\\/figurele-geisas\\\/#primaryimage\"},\"thumbnailUrl\":\"https:\\\/\\\/kidsplay.lt\\\/wp-content\\\/uploads\\\/2024\\\/09\\\/Figurele-\u2013-geisas.jpg\",\"datePublished\":\"2026-02-26T07:51:47+00:00\",\"dateModified\":\"2026-04-13T12:29:23+00:00\",\"description\":\"Kiekvienoje pakuot\u0117je yra viena fig\u016br\u0117l\u0117, pasirinkite plaukik\u0119. Fig\u016br\u0117l\u0117s suderinamos su visais \\\"vafli\u0173\\\" tipo blokeliais.\",\"breadcrumb\":{\"@id\":\"https:\\\/\\\/kidsplay.lt\\\/produktas\\\/figurele-geisas\\\/#breadcrumb\"},\"inLanguage\":\"lv-LV\",\"potentialAction\":[{\"@type\":\"ReadAction\",\"target\":[\"https:\\\/\\\/kidsplay.lt\\\/produktas\\\/figurele-geisas\\\/\"]}]},{\"@type\":\"ImageObject\",\"inLanguage\":\"lv-LV\",\"@id\":\"https:\\\/\\\/kidsplay.lt\\\/produktas\\\/figurele-geisas\\\/#primaryimage\",\"url\":\"https:\\\/\\\/kidsplay.lt\\\/wp-content\\\/uploads\\\/2024\\\/09\\\/Figurele-\u2013-geisas.jpg\",\"contentUrl\":\"https:\\\/\\\/kidsplay.lt\\\/wp-content\\\/uploads\\\/2024\\\/09\\\/Figurele-\u2013-geisas.jpg\",\"width\":1000,\"height\":1000,\"caption\":\"Figur\u0117l\u0117 &#8211; gei\u0161as\"},{\"@type\":\"BreadcrumbList\",\"@id\":\"https:\\\/\\\/kidsplay.lt\\\/produktas\\\/figurele-geisas\\\/#breadcrumb\",\"itemListElement\":[{\"@type\":\"ListItem\",\"position\":1,\"name\":\"Pagrindinis\",\"item\":\"https:\\\/\\\/kidsplay.lt\\\/\"},{\"@type\":\"ListItem\",\"position\":2,\"name\":\"Parduotuv\u0117\",\"item\":\"https:\\\/\\\/kidsplay.lt\\\/parduotuve\\\/\"},{\"@type\":\"ListItem\",\"position\":3,\"name\":\"Figur\u0117l\u0117 &#8211; gei\u0161as\"}]},{\"@type\":\"WebSite\",\"@id\":\"https:\\\/\\\/kidsplay.lt\\\/#website\",\"url\":\"https:\\\/\\\/kidsplay.lt\\\/\",\"name\":\"Kidsplay.lt\",\"description\":\"\u012evairios prek\u0117s vaikams\",\"publisher\":{\"@id\":\"https:\\\/\\\/kidsplay.lt\\\/#organization\"},\"alternateName\":\"Kidsplay\",\"potentialAction\":[{\"@type\":\"SearchAction\",\"target\":{\"@type\":\"EntryPoint\",\"urlTemplate\":\"https:\\\/\\\/kidsplay.lt\\\/?s={search_term_string}\"},\"query-input\":{\"@type\":\"PropertyValueSpecification\",\"valueRequired\":true,\"valueName\":\"search_term_string\"}}],\"inLanguage\":\"lv-LV\"},{\"@type\":\"Organization\",\"@id\":\"https:\\\/\\\/kidsplay.lt\\\/#organization\",\"name\":\"KidsPlay\",\"url\":\"https:\\\/\\\/kidsplay.lt\\\/\",\"logo\":{\"@type\":\"ImageObject\",\"inLanguage\":\"lv-LV\",\"@id\":\"https:\\\/\\\/kidsplay.lt\\\/#\\\/schema\\\/logo\\\/image\\\/\",\"url\":\"https:\\\/\\\/kidsplay.lt\\\/wp-content\\\/uploads\\\/2023\\\/07\\\/kidsplay-logo.png\",\"contentUrl\":\"https:\\\/\\\/kidsplay.lt\\\/wp-content\\\/uploads\\\/2023\\\/07\\\/kidsplay-logo.png\",\"width\":451,\"height\":98,\"caption\":\"KidsPlay\"},\"image\":{\"@id\":\"https:\\\/\\\/kidsplay.lt\\\/#\\\/schema\\\/logo\\\/image\\\/\"},\"sameAs\":[\"https:\\\/\\\/www.facebook.com\\\/www.kidsplay.lt\"]}]}<\/script>\n<!-- \/ Yoast SEO plugin. -->","yoast_head_json":{"title":"Figur\u0117l\u0117 &#8211; gei\u0161as","description":"Kiekvienoje pakuot\u0117je yra viena fig\u016br\u0117l\u0117, pasirinkite plaukik\u0119. Fig\u016br\u0117l\u0117s suderinamos su visais \"vafli\u0173\" tipo blokeliais.","robots":{"index":"index","follow":"follow","max-snippet":"max-snippet:-1","max-image-preview":"max-image-preview:large","max-video-preview":"max-video-preview:-1"},"canonical":"https:\/\/kidsplay.lt\/lv\/products\/figurele-geisas\/","og_locale":"lv_LV","og_type":"article","og_title":"Figur\u0117l\u0117 &#8211; gei\u0161as","og_description":"Kiekvienoje pakuot\u0117je yra viena fig\u016br\u0117l\u0117, pasirinkite plaukik\u0119. Fig\u016br\u0117l\u0117s suderinamos su visais \"vafli\u0173\" tipo blokeliais.","og_url":"https:\/\/kidsplay.lt\/lv\/products\/figurele-geisas\/","og_site_name":"KidsPlay","article_publisher":"https:\/\/www.facebook.com\/www.kidsplay.lt","article_modified_time":"2026-04-13T12:29:23+00:00","og_image":[{"width":1000,"height":1000,"url":"https:\/\/kidsplay.lt\/wp-content\/uploads\/2024\/09\/Figurele-\u2013-geisas.jpg","type":"image\/jpeg"}],"twitter_card":"summary_large_image","schema":{"@context":"https:\/\/schema.org","@graph":[{"@type":"WebPage","@id":"https:\/\/kidsplay.lt\/produktas\/figurele-geisas\/","url":"https:\/\/kidsplay.lt\/produktas\/figurele-geisas\/","name":"Figur\u0117l\u0117 &#8211; gei\u0161as","isPartOf":{"@id":"https:\/\/kidsplay.lt\/#website"},"primaryImageOfPage":{"@id":"https:\/\/kidsplay.lt\/produktas\/figurele-geisas\/#primaryimage"},"image":{"@id":"https:\/\/kidsplay.lt\/produktas\/figurele-geisas\/#primaryimage"},"thumbnailUrl":"https:\/\/kidsplay.lt\/wp-content\/uploads\/2024\/09\/Figurele-\u2013-geisas.jpg","datePublished":"2026-02-26T07:51:47+00:00","dateModified":"2026-04-13T12:29:23+00:00","description":"Kiekvienoje pakuot\u0117je yra viena fig\u016br\u0117l\u0117, pasirinkite plaukik\u0119. Fig\u016br\u0117l\u0117s suderinamos su visais \"vafli\u0173\" tipo blokeliais.","breadcrumb":{"@id":"https:\/\/kidsplay.lt\/produktas\/figurele-geisas\/#breadcrumb"},"inLanguage":"lv-LV","potentialAction":[{"@type":"ReadAction","target":["https:\/\/kidsplay.lt\/produktas\/figurele-geisas\/"]}]},{"@type":"ImageObject","inLanguage":"lv-LV","@id":"https:\/\/kidsplay.lt\/produktas\/figurele-geisas\/#primaryimage","url":"https:\/\/kidsplay.lt\/wp-content\/uploads\/2024\/09\/Figurele-\u2013-geisas.jpg","contentUrl":"https:\/\/kidsplay.lt\/wp-content\/uploads\/2024\/09\/Figurele-\u2013-geisas.jpg","width":1000,"height":1000,"caption":"Figur\u0117l\u0117 &#8211; gei\u0161as"},{"@type":"BreadcrumbList","@id":"https:\/\/kidsplay.lt\/produktas\/figurele-geisas\/#breadcrumb","itemListElement":[{"@type":"ListItem","position":1,"name":"Pagrindinis","item":"https:\/\/kidsplay.lt\/"},{"@type":"ListItem","position":2,"name":"Parduotuv\u0117","item":"https:\/\/kidsplay.lt\/parduotuve\/"},{"@type":"ListItem","position":3,"name":"Figur\u0117l\u0117 &#8211; gei\u0161as"}]},{"@type":"WebSite","@id":"https:\/\/kidsplay.lt\/#website","url":"https:\/\/kidsplay.lt\/","name":"B\u0113rnu sp\u0113les.lv","description":"\u012evairios prek\u0117s vaikams","publisher":{"@id":"https:\/\/kidsplay.lt\/#organization"},"alternateName":"Kidsplay","potentialAction":[{"@type":"SearchAction","target":{"@type":"EntryPoint","urlTemplate":"https:\/\/kidsplay.lt\/?s={search_term_string}"},"query-input":{"@type":"PropertyValueSpecification","valueRequired":true,"valueName":"search_term_string"}}],"inLanguage":"lv-LV"},{"@type":"Organization","@id":"https:\/\/kidsplay.lt\/#organization","name":"B\u0113rnu sp\u0113le","url":"https:\/\/kidsplay.lt\/","logo":{"@type":"ImageObject","inLanguage":"lv-LV","@id":"https:\/\/kidsplay.lt\/#\/schema\/logo\/image\/","url":"https:\/\/kidsplay.lt\/wp-content\/uploads\/2023\/07\/kidsplay-logo.png","contentUrl":"https:\/\/kidsplay.lt\/wp-content\/uploads\/2023\/07\/kidsplay-logo.png","width":451,"height":98,"caption":"KidsPlay"},"image":{"@id":"https:\/\/kidsplay.lt\/#\/schema\/logo\/image\/"},"sameAs":["https:\/\/www.facebook.com\/www.kidsplay.lt"]}]}},"_links":{"self":[{"href":"https:\/\/kidsplay.lt\/lv\/wp-json\/wp\/v2\/product\/90721","targetHints":{"allow":["GET"]}}],"collection":[{"href":"https:\/\/kidsplay.lt\/lv\/wp-json\/wp\/v2\/product"}],"about":[{"href":"https:\/\/kidsplay.lt\/lv\/wp-json\/wp\/v2\/types\/product"}],"version-history":[{"count":1,"href":"https:\/\/kidsplay.lt\/lv\/wp-json\/wp\/v2\/product\/90721\/revisions"}],"predecessor-version":[{"id":90722,"href":"https:\/\/kidsplay.lt\/lv\/wp-json\/wp\/v2\/product\/90721\/revisions\/90722"}],"wp:featuredmedia":[{"embeddable":true,"href":"https:\/\/kidsplay.lt\/lv\/wp-json\/wp\/v2\/media\/50617"}],"wp:attachment":[{"href":"https:\/\/kidsplay.lt\/lv\/wp-json\/wp\/v2\/media?parent=90721"}],"wp:term":[{"taxonomy":"product_brand","embeddable":true,"href":"https:\/\/kidsplay.lt\/lv\/wp-json\/wp\/v2\/product_brand?post=90721"},{"taxonomy":"product_cat","embeddable":true,"href":"https:\/\/kidsplay.lt\/lv\/wp-json\/wp\/v2\/product_cat?post=90721"},{"taxonomy":"product_tag","embeddable":true,"href":"https:\/\/kidsplay.lt\/lv\/wp-json\/wp\/v2\/product_tag?post=90721"}],"curies":[{"name":"wp","href":"https:\/\/api.w.org\/{rel}","templated":true}]}}