{"id":90725,"date":"2026-02-26T09:51:53","date_gmt":"2026-02-26T07:51:53","guid":{"rendered":"https:\/\/kidsplay.lt\/produktas\/kamuoliuku-trasa-142vnt\/"},"modified":"2026-04-07T11:04:31","modified_gmt":"2026-04-07T08:04:31","slug":"kamuoliuku-trasa-142vnt","status":"publish","type":"product","link":"https:\/\/kidsplay.lt\/lv\/products\/kamuoliuku-trasa-142vnt\/","title":{"rendered":"Kamuoliuk\u0173 trasa 142vnt"},"content":{"rendered":"<p>Spiralinis takas, kuriuo galima m\u0117gautis be galo smagiai. \u0160\u012f spalving\u0105 rinkin\u012f sudaro\u00a0daugyb\u0117 skirting\u0173 spalv\u0173 detali\u0173, kurias\u00a0ma\u017eyliai gali lengvai sud\u0117ti\u00a0ir sujungti, kad sukurt\u0173\u00a0i\u0161radingus\u00a0takelius. Be to, kitoje pakuot\u0117s pus\u0117je rasite\u00a0instrukcijas, kuriose\u00a0pateikiamas trasos pavyzdys naudojant visas detales. Paleiskite kamuoliukus ir steb\u0117kite, kaip jie vienas po kito rieda ir supasi. Rinkinyje yra iki\u00a0142 detali\u0173.<\/p>\n<p>&#8211; \u017daislas nuo\u00a03 met\u0173 am\u017eiaus<br \/>\n&#8211;\u00a0\u012e komplekt\u0105 \u012feina 142 dalys\u00a0. &#8211; \u012fskaitant\u00a0kamuoliukus\u00a0takeliui<br \/>\n&#8211; galima surinkti\u00a0bet kok\u012f takel\u012f<br \/>\n&#8211; pakuot\u0117s kitoje pus\u0117je\u00a0rasite\u00a0instrukcijas, kaip\u00a0sukomplektuoti tras\u0105 naudojant visus elementus<br \/>\n&#8211; padeda lavinti\u00a0akies ir rankos koordinacij\u0105<br \/>\n&#8211;\u00a0saug\u016bs\u00a0komponentai<br \/>\n&#8211; dalis galima lengvai derinti tarpusavyje<\/p>","protected":false},"excerpt":{"rendered":"<p>Spiralinis takas, kuriuo galima m\u0117gautis be galo smagiai. \u0160\u012f spalving\u0105 rinkin\u012f sudaro\u00a0daugyb\u0117 skirting\u0173 spalv\u0173 detali\u0173, kurias\u00a0ma\u017eyliai gali lengvai sud\u0117ti\u00a0ir sujungti,<\/p>","protected":false},"featured_media":50729,"template":"","meta":{"_acf_changed":false,"_glsr_average":0,"_glsr_ranking":0,"_glsr_reviews":0},"product_brand":[],"product_cat":[388,446,229],"product_tag":[],"class_list":{"0":"post-90725","1":"product","2":"type-product","3":"status-publish","4":"has-post-thumbnail","6":"product_cat-edukaciniai-lavinamieji-zaislai","7":"product_cat-konstruktoriai","8":"product_cat-zaislai-vaikams","9":"\"style=\"background-color: #2ecc711c;\"","11":"first","12":"instock","13":"purchasable","14":"product-type-simple"},"acf":[],"yoast_head":"<!-- This site is optimized with the Yoast SEO plugin v27.3 - https:\/\/yoast.com\/product\/yoast-seo-wordpress\/ -->\n<title>Kamuoliuk\u0173 trasa 142vnt<\/title>\n<meta name=\"description\" content=\"Spiralinis takas, kuriuo galima m\u0117gautis be galo smagiai. \u0160\u012f spalving\u0105 rinkin\u012f sudaro\u00a0daugyb\u0117 skirting\u0173 spalv\u0173 detali\u0173. Greitas pristatymas!\" \/>\n<meta name=\"robots\" content=\"index, follow, max-snippet:-1, max-image-preview:large, max-video-preview:-1\" \/>\n<link rel=\"canonical\" href=\"https:\/\/kidsplay.lt\/lv\/products\/kamuoliuku-trasa-142vnt\/\" \/>\n<meta property=\"og:locale\" content=\"lv_LV\" \/>\n<meta property=\"og:type\" content=\"article\" \/>\n<meta property=\"og:title\" content=\"Kamuoliuk\u0173 trasa 142vnt\" \/>\n<meta property=\"og:description\" content=\"Spiralinis takas, kuriuo galima m\u0117gautis be galo smagiai. \u0160\u012f spalving\u0105 rinkin\u012f sudaro\u00a0daugyb\u0117 skirting\u0173 spalv\u0173 detali\u0173. Greitas pristatymas!\" \/>\n<meta property=\"og:url\" content=\"https:\/\/kidsplay.lt\/lv\/products\/kamuoliuku-trasa-142vnt\/\" \/>\n<meta property=\"og:site_name\" content=\"KidsPlay\" \/>\n<meta property=\"article:publisher\" content=\"https:\/\/www.facebook.com\/www.kidsplay.lt\" \/>\n<meta property=\"article:modified_time\" content=\"2026-04-07T08:04:31+00:00\" \/>\n<meta property=\"og:image\" content=\"https:\/\/kidsplay.lt\/wp-content\/uploads\/2024\/09\/Kamuoliuku-trasa-142vnt.jpg\" \/>\n\t<meta property=\"og:image:width\" content=\"581\" \/>\n\t<meta property=\"og:image:height\" content=\"712\" \/>\n\t<meta property=\"og:image:type\" content=\"image\/jpeg\" \/>\n<meta name=\"twitter:card\" content=\"summary_large_image\" \/>\n<meta name=\"twitter:label1\" content=\"Est. reading time\" \/>\n\t<meta name=\"twitter:data1\" content=\"1 min\u016bte\" \/>\n<script type=\"application\/ld+json\" class=\"yoast-schema-graph\">{\"@context\":\"https:\\\/\\\/schema.org\",\"@graph\":[{\"@type\":\"WebPage\",\"@id\":\"https:\\\/\\\/kidsplay.lt\\\/produktas\\\/kamuoliuku-trasa-142vnt\\\/\",\"url\":\"https:\\\/\\\/kidsplay.lt\\\/produktas\\\/kamuoliuku-trasa-142vnt\\\/\",\"name\":\"Kamuoliuk\u0173 trasa 142vnt\",\"isPartOf\":{\"@id\":\"https:\\\/\\\/kidsplay.lt\\\/#website\"},\"primaryImageOfPage\":{\"@id\":\"https:\\\/\\\/kidsplay.lt\\\/produktas\\\/kamuoliuku-trasa-142vnt\\\/#primaryimage\"},\"image\":{\"@id\":\"https:\\\/\\\/kidsplay.lt\\\/produktas\\\/kamuoliuku-trasa-142vnt\\\/#primaryimage\"},\"thumbnailUrl\":\"https:\\\/\\\/kidsplay.lt\\\/wp-content\\\/uploads\\\/2024\\\/09\\\/Kamuoliuku-trasa-142vnt.jpg\",\"datePublished\":\"2026-02-26T07:51:53+00:00\",\"dateModified\":\"2026-04-07T08:04:31+00:00\",\"description\":\"Spiralinis takas, kuriuo galima m\u0117gautis be galo smagiai. \u0160\u012f spalving\u0105 rinkin\u012f sudaro\u00a0daugyb\u0117 skirting\u0173 spalv\u0173 detali\u0173. Greitas pristatymas!\",\"breadcrumb\":{\"@id\":\"https:\\\/\\\/kidsplay.lt\\\/produktas\\\/kamuoliuku-trasa-142vnt\\\/#breadcrumb\"},\"inLanguage\":\"lv-LV\",\"potentialAction\":[{\"@type\":\"ReadAction\",\"target\":[\"https:\\\/\\\/kidsplay.lt\\\/produktas\\\/kamuoliuku-trasa-142vnt\\\/\"]}]},{\"@type\":\"ImageObject\",\"inLanguage\":\"lv-LV\",\"@id\":\"https:\\\/\\\/kidsplay.lt\\\/produktas\\\/kamuoliuku-trasa-142vnt\\\/#primaryimage\",\"url\":\"https:\\\/\\\/kidsplay.lt\\\/wp-content\\\/uploads\\\/2024\\\/09\\\/Kamuoliuku-trasa-142vnt.jpg\",\"contentUrl\":\"https:\\\/\\\/kidsplay.lt\\\/wp-content\\\/uploads\\\/2024\\\/09\\\/Kamuoliuku-trasa-142vnt.jpg\",\"width\":581,\"height\":712,\"caption\":\"Kamuoliuk\u0173 trasa 142vnt\"},{\"@type\":\"BreadcrumbList\",\"@id\":\"https:\\\/\\\/kidsplay.lt\\\/produktas\\\/kamuoliuku-trasa-142vnt\\\/#breadcrumb\",\"itemListElement\":[{\"@type\":\"ListItem\",\"position\":1,\"name\":\"Pagrindinis\",\"item\":\"https:\\\/\\\/kidsplay.lt\\\/\"},{\"@type\":\"ListItem\",\"position\":2,\"name\":\"Parduotuv\u0117\",\"item\":\"https:\\\/\\\/kidsplay.lt\\\/parduotuve\\\/\"},{\"@type\":\"ListItem\",\"position\":3,\"name\":\"Kamuoliuk\u0173 trasa 142vnt\"}]},{\"@type\":\"WebSite\",\"@id\":\"https:\\\/\\\/kidsplay.lt\\\/#website\",\"url\":\"https:\\\/\\\/kidsplay.lt\\\/\",\"name\":\"Kidsplay.lt\",\"description\":\"\u012evairios prek\u0117s vaikams\",\"publisher\":{\"@id\":\"https:\\\/\\\/kidsplay.lt\\\/#organization\"},\"alternateName\":\"Kidsplay\",\"potentialAction\":[{\"@type\":\"SearchAction\",\"target\":{\"@type\":\"EntryPoint\",\"urlTemplate\":\"https:\\\/\\\/kidsplay.lt\\\/?s={search_term_string}\"},\"query-input\":{\"@type\":\"PropertyValueSpecification\",\"valueRequired\":true,\"valueName\":\"search_term_string\"}}],\"inLanguage\":\"lv-LV\"},{\"@type\":\"Organization\",\"@id\":\"https:\\\/\\\/kidsplay.lt\\\/#organization\",\"name\":\"KidsPlay\",\"url\":\"https:\\\/\\\/kidsplay.lt\\\/\",\"logo\":{\"@type\":\"ImageObject\",\"inLanguage\":\"lv-LV\",\"@id\":\"https:\\\/\\\/kidsplay.lt\\\/#\\\/schema\\\/logo\\\/image\\\/\",\"url\":\"https:\\\/\\\/kidsplay.lt\\\/wp-content\\\/uploads\\\/2023\\\/07\\\/kidsplay-logo.png\",\"contentUrl\":\"https:\\\/\\\/kidsplay.lt\\\/wp-content\\\/uploads\\\/2023\\\/07\\\/kidsplay-logo.png\",\"width\":451,\"height\":98,\"caption\":\"KidsPlay\"},\"image\":{\"@id\":\"https:\\\/\\\/kidsplay.lt\\\/#\\\/schema\\\/logo\\\/image\\\/\"},\"sameAs\":[\"https:\\\/\\\/www.facebook.com\\\/www.kidsplay.lt\"]}]}<\/script>\n<!-- \/ Yoast SEO plugin. -->","yoast_head_json":{"title":"Kamuoliuk\u0173 trasa 142vnt","description":"Spiralinis takas, kuriuo galima m\u0117gautis be galo smagiai. \u0160\u012f spalving\u0105 rinkin\u012f sudaro\u00a0daugyb\u0117 skirting\u0173 spalv\u0173 detali\u0173. Greitas pristatymas!","robots":{"index":"index","follow":"follow","max-snippet":"max-snippet:-1","max-image-preview":"max-image-preview:large","max-video-preview":"max-video-preview:-1"},"canonical":"https:\/\/kidsplay.lt\/lv\/products\/kamuoliuku-trasa-142vnt\/","og_locale":"lv_LV","og_type":"article","og_title":"Kamuoliuk\u0173 trasa 142vnt","og_description":"Spiralinis takas, kuriuo galima m\u0117gautis be galo smagiai. \u0160\u012f spalving\u0105 rinkin\u012f sudaro\u00a0daugyb\u0117 skirting\u0173 spalv\u0173 detali\u0173. Greitas pristatymas!","og_url":"https:\/\/kidsplay.lt\/lv\/products\/kamuoliuku-trasa-142vnt\/","og_site_name":"KidsPlay","article_publisher":"https:\/\/www.facebook.com\/www.kidsplay.lt","article_modified_time":"2026-04-07T08:04:31+00:00","og_image":[{"width":581,"height":712,"url":"https:\/\/kidsplay.lt\/wp-content\/uploads\/2024\/09\/Kamuoliuku-trasa-142vnt.jpg","type":"image\/jpeg"}],"twitter_card":"summary_large_image","twitter_misc":{"Est. reading time":"1 min\u016bte"},"schema":{"@context":"https:\/\/schema.org","@graph":[{"@type":"WebPage","@id":"https:\/\/kidsplay.lt\/produktas\/kamuoliuku-trasa-142vnt\/","url":"https:\/\/kidsplay.lt\/produktas\/kamuoliuku-trasa-142vnt\/","name":"Kamuoliuk\u0173 trasa 142vnt","isPartOf":{"@id":"https:\/\/kidsplay.lt\/#website"},"primaryImageOfPage":{"@id":"https:\/\/kidsplay.lt\/produktas\/kamuoliuku-trasa-142vnt\/#primaryimage"},"image":{"@id":"https:\/\/kidsplay.lt\/produktas\/kamuoliuku-trasa-142vnt\/#primaryimage"},"thumbnailUrl":"https:\/\/kidsplay.lt\/wp-content\/uploads\/2024\/09\/Kamuoliuku-trasa-142vnt.jpg","datePublished":"2026-02-26T07:51:53+00:00","dateModified":"2026-04-07T08:04:31+00:00","description":"Spiralinis takas, kuriuo galima m\u0117gautis be galo smagiai. \u0160\u012f spalving\u0105 rinkin\u012f sudaro\u00a0daugyb\u0117 skirting\u0173 spalv\u0173 detali\u0173. Greitas pristatymas!","breadcrumb":{"@id":"https:\/\/kidsplay.lt\/produktas\/kamuoliuku-trasa-142vnt\/#breadcrumb"},"inLanguage":"lv-LV","potentialAction":[{"@type":"ReadAction","target":["https:\/\/kidsplay.lt\/produktas\/kamuoliuku-trasa-142vnt\/"]}]},{"@type":"ImageObject","inLanguage":"lv-LV","@id":"https:\/\/kidsplay.lt\/produktas\/kamuoliuku-trasa-142vnt\/#primaryimage","url":"https:\/\/kidsplay.lt\/wp-content\/uploads\/2024\/09\/Kamuoliuku-trasa-142vnt.jpg","contentUrl":"https:\/\/kidsplay.lt\/wp-content\/uploads\/2024\/09\/Kamuoliuku-trasa-142vnt.jpg","width":581,"height":712,"caption":"Kamuoliuk\u0173 trasa 142vnt"},{"@type":"BreadcrumbList","@id":"https:\/\/kidsplay.lt\/produktas\/kamuoliuku-trasa-142vnt\/#breadcrumb","itemListElement":[{"@type":"ListItem","position":1,"name":"Pagrindinis","item":"https:\/\/kidsplay.lt\/"},{"@type":"ListItem","position":2,"name":"Parduotuv\u0117","item":"https:\/\/kidsplay.lt\/parduotuve\/"},{"@type":"ListItem","position":3,"name":"Kamuoliuk\u0173 trasa 142vnt"}]},{"@type":"WebSite","@id":"https:\/\/kidsplay.lt\/#website","url":"https:\/\/kidsplay.lt\/","name":"B\u0113rnu sp\u0113les.lv","description":"\u012evairios prek\u0117s vaikams","publisher":{"@id":"https:\/\/kidsplay.lt\/#organization"},"alternateName":"Kidsplay","potentialAction":[{"@type":"SearchAction","target":{"@type":"EntryPoint","urlTemplate":"https:\/\/kidsplay.lt\/?s={search_term_string}"},"query-input":{"@type":"PropertyValueSpecification","valueRequired":true,"valueName":"search_term_string"}}],"inLanguage":"lv-LV"},{"@type":"Organization","@id":"https:\/\/kidsplay.lt\/#organization","name":"B\u0113rnu sp\u0113le","url":"https:\/\/kidsplay.lt\/","logo":{"@type":"ImageObject","inLanguage":"lv-LV","@id":"https:\/\/kidsplay.lt\/#\/schema\/logo\/image\/","url":"https:\/\/kidsplay.lt\/wp-content\/uploads\/2023\/07\/kidsplay-logo.png","contentUrl":"https:\/\/kidsplay.lt\/wp-content\/uploads\/2023\/07\/kidsplay-logo.png","width":451,"height":98,"caption":"KidsPlay"},"image":{"@id":"https:\/\/kidsplay.lt\/#\/schema\/logo\/image\/"},"sameAs":["https:\/\/www.facebook.com\/www.kidsplay.lt"]}]}},"_links":{"self":[{"href":"https:\/\/kidsplay.lt\/lv\/wp-json\/wp\/v2\/product\/90725","targetHints":{"allow":["GET"]}}],"collection":[{"href":"https:\/\/kidsplay.lt\/lv\/wp-json\/wp\/v2\/product"}],"about":[{"href":"https:\/\/kidsplay.lt\/lv\/wp-json\/wp\/v2\/types\/product"}],"version-history":[{"count":1,"href":"https:\/\/kidsplay.lt\/lv\/wp-json\/wp\/v2\/product\/90725\/revisions"}],"predecessor-version":[{"id":90726,"href":"https:\/\/kidsplay.lt\/lv\/wp-json\/wp\/v2\/product\/90725\/revisions\/90726"}],"wp:featuredmedia":[{"embeddable":true,"href":"https:\/\/kidsplay.lt\/lv\/wp-json\/wp\/v2\/media\/50729"}],"wp:attachment":[{"href":"https:\/\/kidsplay.lt\/lv\/wp-json\/wp\/v2\/media?parent=90725"}],"wp:term":[{"taxonomy":"product_brand","embeddable":true,"href":"https:\/\/kidsplay.lt\/lv\/wp-json\/wp\/v2\/product_brand?post=90725"},{"taxonomy":"product_cat","embeddable":true,"href":"https:\/\/kidsplay.lt\/lv\/wp-json\/wp\/v2\/product_cat?post=90725"},{"taxonomy":"product_tag","embeddable":true,"href":"https:\/\/kidsplay.lt\/lv\/wp-json\/wp\/v2\/product_tag?post=90725"}],"curies":[{"name":"wp","href":"https:\/\/api.w.org\/{rel}","templated":true}]}}