{"id":90729,"date":"2026-02-26T09:51:58","date_gmt":"2026-02-26T07:51:58","guid":{"rendered":"https:\/\/kidsplay.lt\/produktas\/elektrinis-traukinys-su-priedais-92vnt\/"},"modified":"2026-04-07T11:04:38","modified_gmt":"2026-04-07T08:04:38","slug":"elektrinis-traukinys-su-priedais-92vnt","status":"publish","type":"product","link":"https:\/\/kidsplay.lt\/lv\/products\/elektrinis-traukinys-su-priedais-92vnt\/","title":{"rendered":"Elektrinis traukinys su priedais 92vnt"},"content":{"rendered":"<p>Elektrinis ugniagesi\u0173 gele\u017einkelis\u00a0idealiai tinka m\u016bs\u0173\u00a0motorizuotiems vaikams. Spalvingas traukinukas d\u017eiugina \u012fvairaus am\u017eiaus vaikus ir suteikia daug d\u017eiaugsmo bei begal\u0119 \u012fsp\u016bd\u017ei\u0173. Rinkin\u012f sudaro\u00a092 elementai, tarp kuri\u0173, be kita ko, yra\u00a0modernus akumuliatorinis lokomotyvas, tvirti b\u0117gi\u0173 elementai, gaisrin\u0117s ma\u0161inos\u00a0ir\u00a0sraigtasparnis. Ta\u010diau \u0161is \u017eaislas ne tik labai smagus, bet ir suteikia vaikui puiki\u0173 raidos galimybi\u0173. Ma\u017eylis mokosi \u017eaisdamas! Ypa\u010d lavinama orientacija erdv\u0117je, techninis poj\u016btis ir, \u017einoma, vaizduot\u0117. Traukinukas supakuotas originalioje d\u0117\u017eut\u0117je, idealiai tinkan\u010dioje dovanai.<\/p>\n<p>&#8211; Nuo\u00a03 met\u0173 am\u017eiaus,<br \/>\n&#8211; 92 elementai,<br \/>\n&#8211; modernus dizainas,<br \/>\n&#8211; supakuotas originalioje d\u0117\u017eut\u0117je, idealiai tinka dovanai.<\/p>","protected":false},"excerpt":{"rendered":"<p>Elektrinis ugniagesi\u0173 gele\u017einkelis\u00a0idealiai tinka m\u016bs\u0173\u00a0motorizuotiems vaikams. Spalvingas traukinukas d\u017eiugina \u012fvairaus am\u017eiaus vaikus ir suteikia daug d\u017eiaugsmo bei begal\u0119 \u012fsp\u016bd\u017ei\u0173. Rinkin\u012f<\/p>","protected":false},"featured_media":50741,"template":"","meta":{"_acf_changed":false,"_glsr_average":0,"_glsr_ranking":0,"_glsr_reviews":0},"product_brand":[],"product_cat":[448,229],"product_tag":[],"class_list":{"0":"post-90729","1":"product","2":"type-product","3":"status-publish","4":"has-post-thumbnail","6":"product_cat-automobiliai-ir-transportas","7":"product_cat-zaislai-vaikams","8":"\"style=\"background-color: #2ecc711c;\"","10":"first","11":"instock","12":"purchasable","13":"product-type-simple"},"acf":[],"yoast_head":"<!-- This site is optimized with the Yoast SEO plugin v27.3 - https:\/\/yoast.com\/product\/yoast-seo-wordpress\/ -->\n<title>Elektrinis traukinys su priedais 92vnt<\/title>\n<meta name=\"description\" content=\"Ugniagesi\u0173 gele\u017einkelis\u00a0idealiai tinka m\u016bs\u0173\u00a0motorizuotiems vaikams. Spalvingas traukinukas d\u017eiugina \u012fvairaus am\u017eiaus vaikus ir suteikia daug d\u017eiaugsmo\" \/>\n<meta name=\"robots\" content=\"index, follow, max-snippet:-1, max-image-preview:large, max-video-preview:-1\" \/>\n<link rel=\"canonical\" href=\"https:\/\/kidsplay.lt\/lv\/products\/elektrinis-traukinys-su-priedais-92vnt\/\" \/>\n<meta property=\"og:locale\" content=\"lv_LV\" \/>\n<meta property=\"og:type\" content=\"article\" \/>\n<meta property=\"og:title\" content=\"Elektrinis traukinys su priedais 92vnt\" \/>\n<meta property=\"og:description\" content=\"Ugniagesi\u0173 gele\u017einkelis\u00a0idealiai tinka m\u016bs\u0173\u00a0motorizuotiems vaikams. Spalvingas traukinukas d\u017eiugina \u012fvairaus am\u017eiaus vaikus ir suteikia daug d\u017eiaugsmo\" \/>\n<meta property=\"og:url\" content=\"https:\/\/kidsplay.lt\/lv\/products\/elektrinis-traukinys-su-priedais-92vnt\/\" \/>\n<meta property=\"og:site_name\" content=\"KidsPlay\" \/>\n<meta property=\"article:publisher\" content=\"https:\/\/www.facebook.com\/www.kidsplay.lt\" \/>\n<meta property=\"article:modified_time\" content=\"2026-04-07T08:04:38+00:00\" \/>\n<meta property=\"og:image\" content=\"https:\/\/kidsplay.lt\/wp-content\/uploads\/2024\/09\/Elektrinis-traukinys-su-priedais-92vnt.jpg\" \/>\n\t<meta property=\"og:image:width\" content=\"789\" \/>\n\t<meta property=\"og:image:height\" content=\"789\" \/>\n\t<meta property=\"og:image:type\" content=\"image\/jpeg\" \/>\n<meta name=\"twitter:card\" content=\"summary_large_image\" \/>\n<meta name=\"twitter:label1\" content=\"Est. reading time\" \/>\n\t<meta name=\"twitter:data1\" content=\"1 min\u016bte\" \/>\n<script type=\"application\/ld+json\" class=\"yoast-schema-graph\">{\"@context\":\"https:\\\/\\\/schema.org\",\"@graph\":[{\"@type\":\"WebPage\",\"@id\":\"https:\\\/\\\/kidsplay.lt\\\/produktas\\\/elektrinis-traukinys-su-priedais-92vnt\\\/\",\"url\":\"https:\\\/\\\/kidsplay.lt\\\/produktas\\\/elektrinis-traukinys-su-priedais-92vnt\\\/\",\"name\":\"Elektrinis traukinys su priedais 92vnt\",\"isPartOf\":{\"@id\":\"https:\\\/\\\/kidsplay.lt\\\/#website\"},\"primaryImageOfPage\":{\"@id\":\"https:\\\/\\\/kidsplay.lt\\\/produktas\\\/elektrinis-traukinys-su-priedais-92vnt\\\/#primaryimage\"},\"image\":{\"@id\":\"https:\\\/\\\/kidsplay.lt\\\/produktas\\\/elektrinis-traukinys-su-priedais-92vnt\\\/#primaryimage\"},\"thumbnailUrl\":\"https:\\\/\\\/kidsplay.lt\\\/wp-content\\\/uploads\\\/2024\\\/09\\\/Elektrinis-traukinys-su-priedais-92vnt.jpg\",\"datePublished\":\"2026-02-26T07:51:58+00:00\",\"dateModified\":\"2026-04-07T08:04:38+00:00\",\"description\":\"Ugniagesi\u0173 gele\u017einkelis\u00a0idealiai tinka m\u016bs\u0173\u00a0motorizuotiems vaikams. Spalvingas traukinukas d\u017eiugina \u012fvairaus am\u017eiaus vaikus ir suteikia daug d\u017eiaugsmo\",\"breadcrumb\":{\"@id\":\"https:\\\/\\\/kidsplay.lt\\\/produktas\\\/elektrinis-traukinys-su-priedais-92vnt\\\/#breadcrumb\"},\"inLanguage\":\"lv-LV\",\"potentialAction\":[{\"@type\":\"ReadAction\",\"target\":[\"https:\\\/\\\/kidsplay.lt\\\/produktas\\\/elektrinis-traukinys-su-priedais-92vnt\\\/\"]}]},{\"@type\":\"ImageObject\",\"inLanguage\":\"lv-LV\",\"@id\":\"https:\\\/\\\/kidsplay.lt\\\/produktas\\\/elektrinis-traukinys-su-priedais-92vnt\\\/#primaryimage\",\"url\":\"https:\\\/\\\/kidsplay.lt\\\/wp-content\\\/uploads\\\/2024\\\/09\\\/Elektrinis-traukinys-su-priedais-92vnt.jpg\",\"contentUrl\":\"https:\\\/\\\/kidsplay.lt\\\/wp-content\\\/uploads\\\/2024\\\/09\\\/Elektrinis-traukinys-su-priedais-92vnt.jpg\",\"width\":789,\"height\":789,\"caption\":\"Elektrinis traukinys su priedais 92vnt\"},{\"@type\":\"BreadcrumbList\",\"@id\":\"https:\\\/\\\/kidsplay.lt\\\/produktas\\\/elektrinis-traukinys-su-priedais-92vnt\\\/#breadcrumb\",\"itemListElement\":[{\"@type\":\"ListItem\",\"position\":1,\"name\":\"Pagrindinis\",\"item\":\"https:\\\/\\\/kidsplay.lt\\\/\"},{\"@type\":\"ListItem\",\"position\":2,\"name\":\"Parduotuv\u0117\",\"item\":\"https:\\\/\\\/kidsplay.lt\\\/parduotuve\\\/\"},{\"@type\":\"ListItem\",\"position\":3,\"name\":\"Elektrinis traukinys su priedais 92vnt\"}]},{\"@type\":\"WebSite\",\"@id\":\"https:\\\/\\\/kidsplay.lt\\\/#website\",\"url\":\"https:\\\/\\\/kidsplay.lt\\\/\",\"name\":\"Kidsplay.lt\",\"description\":\"\u012evairios prek\u0117s vaikams\",\"publisher\":{\"@id\":\"https:\\\/\\\/kidsplay.lt\\\/#organization\"},\"alternateName\":\"Kidsplay\",\"potentialAction\":[{\"@type\":\"SearchAction\",\"target\":{\"@type\":\"EntryPoint\",\"urlTemplate\":\"https:\\\/\\\/kidsplay.lt\\\/?s={search_term_string}\"},\"query-input\":{\"@type\":\"PropertyValueSpecification\",\"valueRequired\":true,\"valueName\":\"search_term_string\"}}],\"inLanguage\":\"lv-LV\"},{\"@type\":\"Organization\",\"@id\":\"https:\\\/\\\/kidsplay.lt\\\/#organization\",\"name\":\"KidsPlay\",\"url\":\"https:\\\/\\\/kidsplay.lt\\\/\",\"logo\":{\"@type\":\"ImageObject\",\"inLanguage\":\"lv-LV\",\"@id\":\"https:\\\/\\\/kidsplay.lt\\\/#\\\/schema\\\/logo\\\/image\\\/\",\"url\":\"https:\\\/\\\/kidsplay.lt\\\/wp-content\\\/uploads\\\/2023\\\/07\\\/kidsplay-logo.png\",\"contentUrl\":\"https:\\\/\\\/kidsplay.lt\\\/wp-content\\\/uploads\\\/2023\\\/07\\\/kidsplay-logo.png\",\"width\":451,\"height\":98,\"caption\":\"KidsPlay\"},\"image\":{\"@id\":\"https:\\\/\\\/kidsplay.lt\\\/#\\\/schema\\\/logo\\\/image\\\/\"},\"sameAs\":[\"https:\\\/\\\/www.facebook.com\\\/www.kidsplay.lt\"]}]}<\/script>\n<!-- \/ Yoast SEO plugin. -->","yoast_head_json":{"title":"Elektrinis traukinys su priedais 92vnt","description":"Ugniagesi\u0173 gele\u017einkelis\u00a0idealiai tinka m\u016bs\u0173\u00a0motorizuotiems vaikams. Spalvingas traukinukas d\u017eiugina \u012fvairaus am\u017eiaus vaikus ir suteikia daug d\u017eiaugsmo","robots":{"index":"index","follow":"follow","max-snippet":"max-snippet:-1","max-image-preview":"max-image-preview:large","max-video-preview":"max-video-preview:-1"},"canonical":"https:\/\/kidsplay.lt\/lv\/products\/elektrinis-traukinys-su-priedais-92vnt\/","og_locale":"lv_LV","og_type":"article","og_title":"Elektrinis traukinys su priedais 92vnt","og_description":"Ugniagesi\u0173 gele\u017einkelis\u00a0idealiai tinka m\u016bs\u0173\u00a0motorizuotiems vaikams. Spalvingas traukinukas d\u017eiugina \u012fvairaus am\u017eiaus vaikus ir suteikia daug d\u017eiaugsmo","og_url":"https:\/\/kidsplay.lt\/lv\/products\/elektrinis-traukinys-su-priedais-92vnt\/","og_site_name":"KidsPlay","article_publisher":"https:\/\/www.facebook.com\/www.kidsplay.lt","article_modified_time":"2026-04-07T08:04:38+00:00","og_image":[{"width":789,"height":789,"url":"https:\/\/kidsplay.lt\/wp-content\/uploads\/2024\/09\/Elektrinis-traukinys-su-priedais-92vnt.jpg","type":"image\/jpeg"}],"twitter_card":"summary_large_image","twitter_misc":{"Est. reading time":"1 min\u016bte"},"schema":{"@context":"https:\/\/schema.org","@graph":[{"@type":"WebPage","@id":"https:\/\/kidsplay.lt\/produktas\/elektrinis-traukinys-su-priedais-92vnt\/","url":"https:\/\/kidsplay.lt\/produktas\/elektrinis-traukinys-su-priedais-92vnt\/","name":"Elektrinis traukinys su priedais 92vnt","isPartOf":{"@id":"https:\/\/kidsplay.lt\/#website"},"primaryImageOfPage":{"@id":"https:\/\/kidsplay.lt\/produktas\/elektrinis-traukinys-su-priedais-92vnt\/#primaryimage"},"image":{"@id":"https:\/\/kidsplay.lt\/produktas\/elektrinis-traukinys-su-priedais-92vnt\/#primaryimage"},"thumbnailUrl":"https:\/\/kidsplay.lt\/wp-content\/uploads\/2024\/09\/Elektrinis-traukinys-su-priedais-92vnt.jpg","datePublished":"2026-02-26T07:51:58+00:00","dateModified":"2026-04-07T08:04:38+00:00","description":"Ugniagesi\u0173 gele\u017einkelis\u00a0idealiai tinka m\u016bs\u0173\u00a0motorizuotiems vaikams. Spalvingas traukinukas d\u017eiugina \u012fvairaus am\u017eiaus vaikus ir suteikia daug d\u017eiaugsmo","breadcrumb":{"@id":"https:\/\/kidsplay.lt\/produktas\/elektrinis-traukinys-su-priedais-92vnt\/#breadcrumb"},"inLanguage":"lv-LV","potentialAction":[{"@type":"ReadAction","target":["https:\/\/kidsplay.lt\/produktas\/elektrinis-traukinys-su-priedais-92vnt\/"]}]},{"@type":"ImageObject","inLanguage":"lv-LV","@id":"https:\/\/kidsplay.lt\/produktas\/elektrinis-traukinys-su-priedais-92vnt\/#primaryimage","url":"https:\/\/kidsplay.lt\/wp-content\/uploads\/2024\/09\/Elektrinis-traukinys-su-priedais-92vnt.jpg","contentUrl":"https:\/\/kidsplay.lt\/wp-content\/uploads\/2024\/09\/Elektrinis-traukinys-su-priedais-92vnt.jpg","width":789,"height":789,"caption":"Elektrinis traukinys su priedais 92vnt"},{"@type":"BreadcrumbList","@id":"https:\/\/kidsplay.lt\/produktas\/elektrinis-traukinys-su-priedais-92vnt\/#breadcrumb","itemListElement":[{"@type":"ListItem","position":1,"name":"Pagrindinis","item":"https:\/\/kidsplay.lt\/"},{"@type":"ListItem","position":2,"name":"Parduotuv\u0117","item":"https:\/\/kidsplay.lt\/parduotuve\/"},{"@type":"ListItem","position":3,"name":"Elektrinis traukinys su priedais 92vnt"}]},{"@type":"WebSite","@id":"https:\/\/kidsplay.lt\/#website","url":"https:\/\/kidsplay.lt\/","name":"B\u0113rnu sp\u0113les.lv","description":"\u012evairios prek\u0117s vaikams","publisher":{"@id":"https:\/\/kidsplay.lt\/#organization"},"alternateName":"Kidsplay","potentialAction":[{"@type":"SearchAction","target":{"@type":"EntryPoint","urlTemplate":"https:\/\/kidsplay.lt\/?s={search_term_string}"},"query-input":{"@type":"PropertyValueSpecification","valueRequired":true,"valueName":"search_term_string"}}],"inLanguage":"lv-LV"},{"@type":"Organization","@id":"https:\/\/kidsplay.lt\/#organization","name":"B\u0113rnu sp\u0113le","url":"https:\/\/kidsplay.lt\/","logo":{"@type":"ImageObject","inLanguage":"lv-LV","@id":"https:\/\/kidsplay.lt\/#\/schema\/logo\/image\/","url":"https:\/\/kidsplay.lt\/wp-content\/uploads\/2023\/07\/kidsplay-logo.png","contentUrl":"https:\/\/kidsplay.lt\/wp-content\/uploads\/2023\/07\/kidsplay-logo.png","width":451,"height":98,"caption":"KidsPlay"},"image":{"@id":"https:\/\/kidsplay.lt\/#\/schema\/logo\/image\/"},"sameAs":["https:\/\/www.facebook.com\/www.kidsplay.lt"]}]}},"_links":{"self":[{"href":"https:\/\/kidsplay.lt\/lv\/wp-json\/wp\/v2\/product\/90729","targetHints":{"allow":["GET"]}}],"collection":[{"href":"https:\/\/kidsplay.lt\/lv\/wp-json\/wp\/v2\/product"}],"about":[{"href":"https:\/\/kidsplay.lt\/lv\/wp-json\/wp\/v2\/types\/product"}],"version-history":[{"count":1,"href":"https:\/\/kidsplay.lt\/lv\/wp-json\/wp\/v2\/product\/90729\/revisions"}],"predecessor-version":[{"id":90730,"href":"https:\/\/kidsplay.lt\/lv\/wp-json\/wp\/v2\/product\/90729\/revisions\/90730"}],"wp:featuredmedia":[{"embeddable":true,"href":"https:\/\/kidsplay.lt\/lv\/wp-json\/wp\/v2\/media\/50741"}],"wp:attachment":[{"href":"https:\/\/kidsplay.lt\/lv\/wp-json\/wp\/v2\/media?parent=90729"}],"wp:term":[{"taxonomy":"product_brand","embeddable":true,"href":"https:\/\/kidsplay.lt\/lv\/wp-json\/wp\/v2\/product_brand?post=90729"},{"taxonomy":"product_cat","embeddable":true,"href":"https:\/\/kidsplay.lt\/lv\/wp-json\/wp\/v2\/product_cat?post=90729"},{"taxonomy":"product_tag","embeddable":true,"href":"https:\/\/kidsplay.lt\/lv\/wp-json\/wp\/v2\/product_tag?post=90729"}],"curies":[{"name":"wp","href":"https:\/\/api.w.org\/{rel}","templated":true}]}}