{"id":90733,"date":"2026-02-26T09:52:03","date_gmt":"2026-02-26T07:52:03","guid":{"rendered":"https:\/\/kidsplay.lt\/produktas\/mazojo-lankininko-rinkinys-su-dinozaurai\/"},"modified":"2026-04-07T11:04:45","modified_gmt":"2026-04-07T08:04:45","slug":"mazojo-lankininko-rinkinys-su-dinozaurai","status":"publish","type":"product","link":"https:\/\/kidsplay.lt\/lv\/products\/mazojo-lankininko-rinkinys-su-dinozaurai\/","title":{"rendered":"Ma\u017eojo lankininko rinkinys su dinozaurai"},"content":{"rendered":"<p>Lankininko rinkinys\u00a0dinozaur\u0173 tema\u00a0yra puikus pasirinkimas m\u016bs\u0173 ma\u017eyliui. Rinkinyje\u00a0yra lankas su\u00a0taikiniu ir\u00a03 str\u0117l\u0117s su siurbtuku\u00a0ant gal\u0173, kuris suteikia tikros str\u0117l\u0117s poj\u016bt\u012f. Taikinys yra\u00a0dinozaur\u0173\u00a0tematika su skirtingais taikiniais ir yra ant stabilaus stovo. \u017daislas leid\u017eia lavinti akies ir rankos koordinacij\u0105 pataikant \u012f taikin\u012f. Viskas gra\u017ei\u0173 prislopint\u0173 spalv\u0173, kurios traukia ak\u012f ir skatina \u017eaisti.<\/p>\n<p>&#8211; \u017daislas\u00a0nuo 6\u00a0met\u0173 am\u017eiaus<br \/>\n&#8211; \u0161audymo i\u0161 lanko rinkinys<br \/>\n&#8211; stabilus taikinys<br \/>\n&#8211; dinozaur\u0173 motyvas<\/p>","protected":false},"excerpt":{"rendered":"<p>Lankininko rinkinys\u00a0dinozaur\u0173 tema\u00a0yra puikus pasirinkimas m\u016bs\u0173 ma\u017eyliui. Rinkinyje\u00a0yra lankas su\u00a0taikiniu ir\u00a03 str\u0117l\u0117s su siurbtuku\u00a0ant gal\u0173, kuris suteikia tikros str\u0117l\u0117s poj\u016bt\u012f.<\/p>","protected":false},"featured_media":50872,"template":"","meta":{"_acf_changed":false,"_glsr_average":0,"_glsr_ranking":0,"_glsr_reviews":0},"product_brand":[],"product_cat":[233,430,229],"product_tag":[],"class_list":{"0":"post-90733","1":"product","2":"type-product","3":"status-publish","4":"has-post-thumbnail","6":"product_cat-lauko-pramogos","7":"product_cat-zaidimai-ir-linksmybes","8":"product_cat-zaislai-vaikams","9":"\"style=\"background-color: #2ecc711c;\"","11":"first","12":"instock","13":"purchasable","14":"product-type-simple"},"acf":[],"yoast_head":"<!-- This site is optimized with the Yoast SEO plugin v27.3 - https:\/\/yoast.com\/product\/yoast-seo-wordpress\/ -->\n<title>Ma\u017eojo lankininko rinkinys su dinozaurai<\/title>\n<meta name=\"description\" content=\"Lankininko rinkinys\u00a0dinozaur\u0173 tema\u00a0yra puikus pasirinkimas m\u016bs\u0173 ma\u017eyliui. Rinkinyje\u00a0yra lankas su\u00a0taikiniu ir\u00a03 str\u0117l\u0117s su siurbtuku\u00a0ant gal\u0173.\" \/>\n<meta name=\"robots\" content=\"index, follow, max-snippet:-1, max-image-preview:large, max-video-preview:-1\" \/>\n<link rel=\"canonical\" href=\"https:\/\/kidsplay.lt\/lv\/products\/mazojo-lankininko-rinkinys-su-dinozaurai\/\" \/>\n<meta property=\"og:locale\" content=\"lv_LV\" \/>\n<meta property=\"og:type\" content=\"article\" \/>\n<meta property=\"og:title\" content=\"Ma\u017eojo lankininko rinkinys su dinozaurai\" \/>\n<meta property=\"og:description\" content=\"Lankininko rinkinys\u00a0dinozaur\u0173 tema\u00a0yra puikus pasirinkimas m\u016bs\u0173 ma\u017eyliui. Rinkinyje\u00a0yra lankas su\u00a0taikiniu ir\u00a03 str\u0117l\u0117s su siurbtuku\u00a0ant gal\u0173.\" \/>\n<meta property=\"og:url\" content=\"https:\/\/kidsplay.lt\/lv\/products\/mazojo-lankininko-rinkinys-su-dinozaurai\/\" \/>\n<meta property=\"og:site_name\" content=\"KidsPlay\" \/>\n<meta property=\"article:publisher\" content=\"https:\/\/www.facebook.com\/www.kidsplay.lt\" \/>\n<meta property=\"article:modified_time\" content=\"2026-04-07T08:04:45+00:00\" \/>\n<meta property=\"og:image\" content=\"https:\/\/kidsplay.lt\/wp-content\/uploads\/2024\/09\/Mazojo-lankininko-rinkinys-su-dinozaurai.jpg\" \/>\n\t<meta property=\"og:image:width\" content=\"1000\" \/>\n\t<meta property=\"og:image:height\" content=\"1000\" \/>\n\t<meta property=\"og:image:type\" content=\"image\/jpeg\" \/>\n<meta name=\"twitter:card\" content=\"summary_large_image\" \/>\n<script type=\"application\/ld+json\" class=\"yoast-schema-graph\">{\"@context\":\"https:\\\/\\\/schema.org\",\"@graph\":[{\"@type\":\"WebPage\",\"@id\":\"https:\\\/\\\/kidsplay.lt\\\/produktas\\\/mazojo-lankininko-rinkinys-su-dinozaurai\\\/\",\"url\":\"https:\\\/\\\/kidsplay.lt\\\/produktas\\\/mazojo-lankininko-rinkinys-su-dinozaurai\\\/\",\"name\":\"Ma\u017eojo lankininko rinkinys su dinozaurai\",\"isPartOf\":{\"@id\":\"https:\\\/\\\/kidsplay.lt\\\/#website\"},\"primaryImageOfPage\":{\"@id\":\"https:\\\/\\\/kidsplay.lt\\\/produktas\\\/mazojo-lankininko-rinkinys-su-dinozaurai\\\/#primaryimage\"},\"image\":{\"@id\":\"https:\\\/\\\/kidsplay.lt\\\/produktas\\\/mazojo-lankininko-rinkinys-su-dinozaurai\\\/#primaryimage\"},\"thumbnailUrl\":\"https:\\\/\\\/kidsplay.lt\\\/wp-content\\\/uploads\\\/2024\\\/09\\\/Mazojo-lankininko-rinkinys-su-dinozaurai.jpg\",\"datePublished\":\"2026-02-26T07:52:03+00:00\",\"dateModified\":\"2026-04-07T08:04:45+00:00\",\"description\":\"Lankininko rinkinys\u00a0dinozaur\u0173 tema\u00a0yra puikus pasirinkimas m\u016bs\u0173 ma\u017eyliui. Rinkinyje\u00a0yra lankas su\u00a0taikiniu ir\u00a03 str\u0117l\u0117s su siurbtuku\u00a0ant gal\u0173.\",\"breadcrumb\":{\"@id\":\"https:\\\/\\\/kidsplay.lt\\\/produktas\\\/mazojo-lankininko-rinkinys-su-dinozaurai\\\/#breadcrumb\"},\"inLanguage\":\"lv-LV\",\"potentialAction\":[{\"@type\":\"ReadAction\",\"target\":[\"https:\\\/\\\/kidsplay.lt\\\/produktas\\\/mazojo-lankininko-rinkinys-su-dinozaurai\\\/\"]}]},{\"@type\":\"ImageObject\",\"inLanguage\":\"lv-LV\",\"@id\":\"https:\\\/\\\/kidsplay.lt\\\/produktas\\\/mazojo-lankininko-rinkinys-su-dinozaurai\\\/#primaryimage\",\"url\":\"https:\\\/\\\/kidsplay.lt\\\/wp-content\\\/uploads\\\/2024\\\/09\\\/Mazojo-lankininko-rinkinys-su-dinozaurai.jpg\",\"contentUrl\":\"https:\\\/\\\/kidsplay.lt\\\/wp-content\\\/uploads\\\/2024\\\/09\\\/Mazojo-lankininko-rinkinys-su-dinozaurai.jpg\",\"width\":1000,\"height\":1000,\"caption\":\"Ma\u017eojo lankininko rinkinys su dinozaurai\"},{\"@type\":\"BreadcrumbList\",\"@id\":\"https:\\\/\\\/kidsplay.lt\\\/produktas\\\/mazojo-lankininko-rinkinys-su-dinozaurai\\\/#breadcrumb\",\"itemListElement\":[{\"@type\":\"ListItem\",\"position\":1,\"name\":\"Pagrindinis\",\"item\":\"https:\\\/\\\/kidsplay.lt\\\/\"},{\"@type\":\"ListItem\",\"position\":2,\"name\":\"Parduotuv\u0117\",\"item\":\"https:\\\/\\\/kidsplay.lt\\\/parduotuve\\\/\"},{\"@type\":\"ListItem\",\"position\":3,\"name\":\"Ma\u017eojo lankininko rinkinys su dinozaurai\"}]},{\"@type\":\"WebSite\",\"@id\":\"https:\\\/\\\/kidsplay.lt\\\/#website\",\"url\":\"https:\\\/\\\/kidsplay.lt\\\/\",\"name\":\"Kidsplay.lt\",\"description\":\"\u012evairios prek\u0117s vaikams\",\"publisher\":{\"@id\":\"https:\\\/\\\/kidsplay.lt\\\/#organization\"},\"alternateName\":\"Kidsplay\",\"potentialAction\":[{\"@type\":\"SearchAction\",\"target\":{\"@type\":\"EntryPoint\",\"urlTemplate\":\"https:\\\/\\\/kidsplay.lt\\\/?s={search_term_string}\"},\"query-input\":{\"@type\":\"PropertyValueSpecification\",\"valueRequired\":true,\"valueName\":\"search_term_string\"}}],\"inLanguage\":\"lv-LV\"},{\"@type\":\"Organization\",\"@id\":\"https:\\\/\\\/kidsplay.lt\\\/#organization\",\"name\":\"KidsPlay\",\"url\":\"https:\\\/\\\/kidsplay.lt\\\/\",\"logo\":{\"@type\":\"ImageObject\",\"inLanguage\":\"lv-LV\",\"@id\":\"https:\\\/\\\/kidsplay.lt\\\/#\\\/schema\\\/logo\\\/image\\\/\",\"url\":\"https:\\\/\\\/kidsplay.lt\\\/wp-content\\\/uploads\\\/2023\\\/07\\\/kidsplay-logo.png\",\"contentUrl\":\"https:\\\/\\\/kidsplay.lt\\\/wp-content\\\/uploads\\\/2023\\\/07\\\/kidsplay-logo.png\",\"width\":451,\"height\":98,\"caption\":\"KidsPlay\"},\"image\":{\"@id\":\"https:\\\/\\\/kidsplay.lt\\\/#\\\/schema\\\/logo\\\/image\\\/\"},\"sameAs\":[\"https:\\\/\\\/www.facebook.com\\\/www.kidsplay.lt\"]}]}<\/script>\n<!-- \/ Yoast SEO plugin. -->","yoast_head_json":{"title":"Ma\u017eojo lankininko rinkinys su dinozaurai","description":"Lankininko rinkinys\u00a0dinozaur\u0173 tema\u00a0yra puikus pasirinkimas m\u016bs\u0173 ma\u017eyliui. Rinkinyje\u00a0yra lankas su\u00a0taikiniu ir\u00a03 str\u0117l\u0117s su siurbtuku\u00a0ant gal\u0173.","robots":{"index":"index","follow":"follow","max-snippet":"max-snippet:-1","max-image-preview":"max-image-preview:large","max-video-preview":"max-video-preview:-1"},"canonical":"https:\/\/kidsplay.lt\/lv\/products\/mazojo-lankininko-rinkinys-su-dinozaurai\/","og_locale":"lv_LV","og_type":"article","og_title":"Ma\u017eojo lankininko rinkinys su dinozaurai","og_description":"Lankininko rinkinys\u00a0dinozaur\u0173 tema\u00a0yra puikus pasirinkimas m\u016bs\u0173 ma\u017eyliui. Rinkinyje\u00a0yra lankas su\u00a0taikiniu ir\u00a03 str\u0117l\u0117s su siurbtuku\u00a0ant gal\u0173.","og_url":"https:\/\/kidsplay.lt\/lv\/products\/mazojo-lankininko-rinkinys-su-dinozaurai\/","og_site_name":"KidsPlay","article_publisher":"https:\/\/www.facebook.com\/www.kidsplay.lt","article_modified_time":"2026-04-07T08:04:45+00:00","og_image":[{"width":1000,"height":1000,"url":"https:\/\/kidsplay.lt\/wp-content\/uploads\/2024\/09\/Mazojo-lankininko-rinkinys-su-dinozaurai.jpg","type":"image\/jpeg"}],"twitter_card":"summary_large_image","schema":{"@context":"https:\/\/schema.org","@graph":[{"@type":"WebPage","@id":"https:\/\/kidsplay.lt\/produktas\/mazojo-lankininko-rinkinys-su-dinozaurai\/","url":"https:\/\/kidsplay.lt\/produktas\/mazojo-lankininko-rinkinys-su-dinozaurai\/","name":"Ma\u017eojo lankininko rinkinys su dinozaurai","isPartOf":{"@id":"https:\/\/kidsplay.lt\/#website"},"primaryImageOfPage":{"@id":"https:\/\/kidsplay.lt\/produktas\/mazojo-lankininko-rinkinys-su-dinozaurai\/#primaryimage"},"image":{"@id":"https:\/\/kidsplay.lt\/produktas\/mazojo-lankininko-rinkinys-su-dinozaurai\/#primaryimage"},"thumbnailUrl":"https:\/\/kidsplay.lt\/wp-content\/uploads\/2024\/09\/Mazojo-lankininko-rinkinys-su-dinozaurai.jpg","datePublished":"2026-02-26T07:52:03+00:00","dateModified":"2026-04-07T08:04:45+00:00","description":"Lankininko rinkinys\u00a0dinozaur\u0173 tema\u00a0yra puikus pasirinkimas m\u016bs\u0173 ma\u017eyliui. Rinkinyje\u00a0yra lankas su\u00a0taikiniu ir\u00a03 str\u0117l\u0117s su siurbtuku\u00a0ant gal\u0173.","breadcrumb":{"@id":"https:\/\/kidsplay.lt\/produktas\/mazojo-lankininko-rinkinys-su-dinozaurai\/#breadcrumb"},"inLanguage":"lv-LV","potentialAction":[{"@type":"ReadAction","target":["https:\/\/kidsplay.lt\/produktas\/mazojo-lankininko-rinkinys-su-dinozaurai\/"]}]},{"@type":"ImageObject","inLanguage":"lv-LV","@id":"https:\/\/kidsplay.lt\/produktas\/mazojo-lankininko-rinkinys-su-dinozaurai\/#primaryimage","url":"https:\/\/kidsplay.lt\/wp-content\/uploads\/2024\/09\/Mazojo-lankininko-rinkinys-su-dinozaurai.jpg","contentUrl":"https:\/\/kidsplay.lt\/wp-content\/uploads\/2024\/09\/Mazojo-lankininko-rinkinys-su-dinozaurai.jpg","width":1000,"height":1000,"caption":"Ma\u017eojo lankininko rinkinys su dinozaurai"},{"@type":"BreadcrumbList","@id":"https:\/\/kidsplay.lt\/produktas\/mazojo-lankininko-rinkinys-su-dinozaurai\/#breadcrumb","itemListElement":[{"@type":"ListItem","position":1,"name":"Pagrindinis","item":"https:\/\/kidsplay.lt\/"},{"@type":"ListItem","position":2,"name":"Parduotuv\u0117","item":"https:\/\/kidsplay.lt\/parduotuve\/"},{"@type":"ListItem","position":3,"name":"Ma\u017eojo lankininko rinkinys su dinozaurai"}]},{"@type":"WebSite","@id":"https:\/\/kidsplay.lt\/#website","url":"https:\/\/kidsplay.lt\/","name":"B\u0113rnu sp\u0113les.lv","description":"\u012evairios prek\u0117s vaikams","publisher":{"@id":"https:\/\/kidsplay.lt\/#organization"},"alternateName":"Kidsplay","potentialAction":[{"@type":"SearchAction","target":{"@type":"EntryPoint","urlTemplate":"https:\/\/kidsplay.lt\/?s={search_term_string}"},"query-input":{"@type":"PropertyValueSpecification","valueRequired":true,"valueName":"search_term_string"}}],"inLanguage":"lv-LV"},{"@type":"Organization","@id":"https:\/\/kidsplay.lt\/#organization","name":"B\u0113rnu sp\u0113le","url":"https:\/\/kidsplay.lt\/","logo":{"@type":"ImageObject","inLanguage":"lv-LV","@id":"https:\/\/kidsplay.lt\/#\/schema\/logo\/image\/","url":"https:\/\/kidsplay.lt\/wp-content\/uploads\/2023\/07\/kidsplay-logo.png","contentUrl":"https:\/\/kidsplay.lt\/wp-content\/uploads\/2023\/07\/kidsplay-logo.png","width":451,"height":98,"caption":"KidsPlay"},"image":{"@id":"https:\/\/kidsplay.lt\/#\/schema\/logo\/image\/"},"sameAs":["https:\/\/www.facebook.com\/www.kidsplay.lt"]}]}},"_links":{"self":[{"href":"https:\/\/kidsplay.lt\/lv\/wp-json\/wp\/v2\/product\/90733","targetHints":{"allow":["GET"]}}],"collection":[{"href":"https:\/\/kidsplay.lt\/lv\/wp-json\/wp\/v2\/product"}],"about":[{"href":"https:\/\/kidsplay.lt\/lv\/wp-json\/wp\/v2\/types\/product"}],"version-history":[{"count":1,"href":"https:\/\/kidsplay.lt\/lv\/wp-json\/wp\/v2\/product\/90733\/revisions"}],"predecessor-version":[{"id":90734,"href":"https:\/\/kidsplay.lt\/lv\/wp-json\/wp\/v2\/product\/90733\/revisions\/90734"}],"wp:featuredmedia":[{"embeddable":true,"href":"https:\/\/kidsplay.lt\/lv\/wp-json\/wp\/v2\/media\/50872"}],"wp:attachment":[{"href":"https:\/\/kidsplay.lt\/lv\/wp-json\/wp\/v2\/media?parent=90733"}],"wp:term":[{"taxonomy":"product_brand","embeddable":true,"href":"https:\/\/kidsplay.lt\/lv\/wp-json\/wp\/v2\/product_brand?post=90733"},{"taxonomy":"product_cat","embeddable":true,"href":"https:\/\/kidsplay.lt\/lv\/wp-json\/wp\/v2\/product_cat?post=90733"},{"taxonomy":"product_tag","embeddable":true,"href":"https:\/\/kidsplay.lt\/lv\/wp-json\/wp\/v2\/product_tag?post=90733"}],"curies":[{"name":"wp","href":"https:\/\/api.w.org\/{rel}","templated":true}]}}