{"id":90735,"date":"2026-02-26T09:52:06","date_gmt":"2026-02-26T07:52:06","guid":{"rendered":"https:\/\/kidsplay.lt\/produktas\/edukacinis-zaidimo-krepselis-su-formelemis\/"},"modified":"2026-04-07T11:04:48","modified_gmt":"2026-04-07T08:04:48","slug":"edukacinis-zaidimo-krepselis-su-formelemis","status":"publish","type":"product","link":"https:\/\/kidsplay.lt\/lv\/products\/edukacinis-zaidimo-krepselis-su-formelemis\/","title":{"rendered":"Edukacinis \u017eaidimo krep\u0161elis su formel\u0117mis"},"content":{"rendered":"<p>Buvo sukurta atsi\u017evelgiant \u012f pa\u010dius ma\u017eiausius vaikus. \u010cia yra daug \u017eaisl\u0173 &#8211; gara\u017e\u0173, atrakcion\u0173, virtuv\u0117li\u0173 ar ma\u017e\u0173 \u017eaisl\u0173. Visi jie yra pastelini\u0173 spalv\u0173. Tai vaik\u0173 dievinami \u017eaislai &#8211; visi\u0161kai naujoje versijoje.<\/p>\n<p>Smoby, r\u016bpindamasi aplinka, pristato\u00a0\u017eali\u0105j\u0105\u00a0kolekcij\u0105 &#8211; \u017eaislus, pagamintus i\u0161 cukranendri\u0173 augal\u0173 plastiko.<\/p>\n<p>&#8211; r\u016b\u0161iuotuvas su 4 skirtingais blokeliais<br \/>\n&#8211; blokai yra skirting\u0173 form\u0173 ir spalv\u0173<br \/>\n&#8211; k\u016bdikis deda arba deda kalad\u0117les \u012f 8 skirtingas skylutes<br \/>\n&#8211; \u017eaislas lavina motorines ir sensorines funkcijas bei rank\u0173 ir aki\u0173 koordinacij\u0105<br \/>\n&#8211; r\u016b\u0161iuotuvas turi patogi\u0105 ranken\u0105 ne\u0161iojimui<\/p>","protected":false},"excerpt":{"rendered":"<p>Buvo sukurta atsi\u017evelgiant \u012f pa\u010dius ma\u017eiausius vaikus. \u010cia yra daug \u017eaisl\u0173 &#8211; gara\u017e\u0173, atrakcion\u0173, virtuv\u0117li\u0173 ar ma\u017e\u0173 \u017eaisl\u0173. Visi jie<\/p>","protected":false},"featured_media":50901,"template":"","meta":{"_acf_changed":false,"_glsr_average":0,"_glsr_ranking":0,"_glsr_reviews":0},"product_brand":[],"product_cat":[388,229],"product_tag":[],"class_list":{"0":"post-90735","1":"product","2":"type-product","3":"status-publish","4":"has-post-thumbnail","6":"product_cat-edukaciniai-lavinamieji-zaislai","7":"product_cat-zaislai-vaikams","8":"\"style=\"background-color: #2ecc711c;\"","10":"first","11":"instock","12":"purchasable","13":"product-type-simple"},"acf":[],"yoast_head":"<!-- This site is optimized with the Yoast SEO plugin v27.3 - https:\/\/yoast.com\/product\/yoast-seo-wordpress\/ -->\n<title>Edukacinis \u017eaidimo krep\u0161elis su formel\u0117mis<\/title>\n<meta name=\"description\" content=\"Buvo sukurta atsi\u017evelgiant \u012f pa\u010dius ma\u017eiausius vaikus. \u010cia yra daug \u017eaisl\u0173 - gara\u017e\u0173, atrakcion\u0173, virtuv\u0117li\u0173 ar ma\u017e\u0173 \u017eaisl\u0173. Visi jie yra pastelini\u0173 spalv\u0173.\" \/>\n<meta name=\"robots\" content=\"index, follow, max-snippet:-1, max-image-preview:large, max-video-preview:-1\" \/>\n<link rel=\"canonical\" href=\"https:\/\/kidsplay.lt\/lv\/products\/edukacinis-zaidimo-krepselis-su-formelemis\/\" \/>\n<meta property=\"og:locale\" content=\"lv_LV\" \/>\n<meta property=\"og:type\" content=\"article\" \/>\n<meta property=\"og:title\" content=\"Edukacinis \u017eaidimo krep\u0161elis su formel\u0117mis\" \/>\n<meta property=\"og:description\" content=\"Buvo sukurta atsi\u017evelgiant \u012f pa\u010dius ma\u017eiausius vaikus. \u010cia yra daug \u017eaisl\u0173 - gara\u017e\u0173, atrakcion\u0173, virtuv\u0117li\u0173 ar ma\u017e\u0173 \u017eaisl\u0173. Visi jie yra pastelini\u0173 spalv\u0173.\" \/>\n<meta property=\"og:url\" content=\"https:\/\/kidsplay.lt\/lv\/products\/edukacinis-zaidimo-krepselis-su-formelemis\/\" \/>\n<meta property=\"og:site_name\" content=\"KidsPlay\" \/>\n<meta property=\"article:publisher\" content=\"https:\/\/www.facebook.com\/www.kidsplay.lt\" \/>\n<meta property=\"article:modified_time\" content=\"2026-04-07T08:04:48+00:00\" \/>\n<meta property=\"og:image\" content=\"https:\/\/kidsplay.lt\/wp-content\/uploads\/2024\/09\/Edukacinis-zaidimo-krepselis-su-formelemis.jpg\" \/>\n\t<meta property=\"og:image:width\" content=\"1000\" \/>\n\t<meta property=\"og:image:height\" content=\"1000\" \/>\n\t<meta property=\"og:image:type\" content=\"image\/jpeg\" \/>\n<meta name=\"twitter:card\" content=\"summary_large_image\" \/>\n<script type=\"application\/ld+json\" class=\"yoast-schema-graph\">{\"@context\":\"https:\\\/\\\/schema.org\",\"@graph\":[{\"@type\":\"WebPage\",\"@id\":\"https:\\\/\\\/kidsplay.lt\\\/produktas\\\/edukacinis-zaidimo-krepselis-su-formelemis\\\/\",\"url\":\"https:\\\/\\\/kidsplay.lt\\\/produktas\\\/edukacinis-zaidimo-krepselis-su-formelemis\\\/\",\"name\":\"Edukacinis \u017eaidimo krep\u0161elis su formel\u0117mis\",\"isPartOf\":{\"@id\":\"https:\\\/\\\/kidsplay.lt\\\/#website\"},\"primaryImageOfPage\":{\"@id\":\"https:\\\/\\\/kidsplay.lt\\\/produktas\\\/edukacinis-zaidimo-krepselis-su-formelemis\\\/#primaryimage\"},\"image\":{\"@id\":\"https:\\\/\\\/kidsplay.lt\\\/produktas\\\/edukacinis-zaidimo-krepselis-su-formelemis\\\/#primaryimage\"},\"thumbnailUrl\":\"https:\\\/\\\/kidsplay.lt\\\/wp-content\\\/uploads\\\/2024\\\/09\\\/Edukacinis-zaidimo-krepselis-su-formelemis.jpg\",\"datePublished\":\"2026-02-26T07:52:06+00:00\",\"dateModified\":\"2026-04-07T08:04:48+00:00\",\"description\":\"Buvo sukurta atsi\u017evelgiant \u012f pa\u010dius ma\u017eiausius vaikus. \u010cia yra daug \u017eaisl\u0173 - gara\u017e\u0173, atrakcion\u0173, virtuv\u0117li\u0173 ar ma\u017e\u0173 \u017eaisl\u0173. Visi jie yra pastelini\u0173 spalv\u0173.\",\"breadcrumb\":{\"@id\":\"https:\\\/\\\/kidsplay.lt\\\/produktas\\\/edukacinis-zaidimo-krepselis-su-formelemis\\\/#breadcrumb\"},\"inLanguage\":\"lv-LV\",\"potentialAction\":[{\"@type\":\"ReadAction\",\"target\":[\"https:\\\/\\\/kidsplay.lt\\\/produktas\\\/edukacinis-zaidimo-krepselis-su-formelemis\\\/\"]}]},{\"@type\":\"ImageObject\",\"inLanguage\":\"lv-LV\",\"@id\":\"https:\\\/\\\/kidsplay.lt\\\/produktas\\\/edukacinis-zaidimo-krepselis-su-formelemis\\\/#primaryimage\",\"url\":\"https:\\\/\\\/kidsplay.lt\\\/wp-content\\\/uploads\\\/2024\\\/09\\\/Edukacinis-zaidimo-krepselis-su-formelemis.jpg\",\"contentUrl\":\"https:\\\/\\\/kidsplay.lt\\\/wp-content\\\/uploads\\\/2024\\\/09\\\/Edukacinis-zaidimo-krepselis-su-formelemis.jpg\",\"width\":1000,\"height\":1000,\"caption\":\"Edukacinis \u017eaidimo krep\u0161elis su formel\u0117mis\"},{\"@type\":\"BreadcrumbList\",\"@id\":\"https:\\\/\\\/kidsplay.lt\\\/produktas\\\/edukacinis-zaidimo-krepselis-su-formelemis\\\/#breadcrumb\",\"itemListElement\":[{\"@type\":\"ListItem\",\"position\":1,\"name\":\"Pagrindinis\",\"item\":\"https:\\\/\\\/kidsplay.lt\\\/\"},{\"@type\":\"ListItem\",\"position\":2,\"name\":\"Parduotuv\u0117\",\"item\":\"https:\\\/\\\/kidsplay.lt\\\/parduotuve\\\/\"},{\"@type\":\"ListItem\",\"position\":3,\"name\":\"Edukacinis \u017eaidimo krep\u0161elis su formel\u0117mis\"}]},{\"@type\":\"WebSite\",\"@id\":\"https:\\\/\\\/kidsplay.lt\\\/#website\",\"url\":\"https:\\\/\\\/kidsplay.lt\\\/\",\"name\":\"Kidsplay.lt\",\"description\":\"\u012evairios prek\u0117s vaikams\",\"publisher\":{\"@id\":\"https:\\\/\\\/kidsplay.lt\\\/#organization\"},\"alternateName\":\"Kidsplay\",\"potentialAction\":[{\"@type\":\"SearchAction\",\"target\":{\"@type\":\"EntryPoint\",\"urlTemplate\":\"https:\\\/\\\/kidsplay.lt\\\/?s={search_term_string}\"},\"query-input\":{\"@type\":\"PropertyValueSpecification\",\"valueRequired\":true,\"valueName\":\"search_term_string\"}}],\"inLanguage\":\"lv-LV\"},{\"@type\":\"Organization\",\"@id\":\"https:\\\/\\\/kidsplay.lt\\\/#organization\",\"name\":\"KidsPlay\",\"url\":\"https:\\\/\\\/kidsplay.lt\\\/\",\"logo\":{\"@type\":\"ImageObject\",\"inLanguage\":\"lv-LV\",\"@id\":\"https:\\\/\\\/kidsplay.lt\\\/#\\\/schema\\\/logo\\\/image\\\/\",\"url\":\"https:\\\/\\\/kidsplay.lt\\\/wp-content\\\/uploads\\\/2023\\\/07\\\/kidsplay-logo.png\",\"contentUrl\":\"https:\\\/\\\/kidsplay.lt\\\/wp-content\\\/uploads\\\/2023\\\/07\\\/kidsplay-logo.png\",\"width\":451,\"height\":98,\"caption\":\"KidsPlay\"},\"image\":{\"@id\":\"https:\\\/\\\/kidsplay.lt\\\/#\\\/schema\\\/logo\\\/image\\\/\"},\"sameAs\":[\"https:\\\/\\\/www.facebook.com\\\/www.kidsplay.lt\"]}]}<\/script>\n<!-- \/ Yoast SEO plugin. -->","yoast_head_json":{"title":"Edukacinis \u017eaidimo krep\u0161elis su formel\u0117mis","description":"Buvo sukurta atsi\u017evelgiant \u012f pa\u010dius ma\u017eiausius vaikus. \u010cia yra daug \u017eaisl\u0173 - gara\u017e\u0173, atrakcion\u0173, virtuv\u0117li\u0173 ar ma\u017e\u0173 \u017eaisl\u0173. Visi jie yra pastelini\u0173 spalv\u0173.","robots":{"index":"index","follow":"follow","max-snippet":"max-snippet:-1","max-image-preview":"max-image-preview:large","max-video-preview":"max-video-preview:-1"},"canonical":"https:\/\/kidsplay.lt\/lv\/products\/edukacinis-zaidimo-krepselis-su-formelemis\/","og_locale":"lv_LV","og_type":"article","og_title":"Edukacinis \u017eaidimo krep\u0161elis su formel\u0117mis","og_description":"Buvo sukurta atsi\u017evelgiant \u012f pa\u010dius ma\u017eiausius vaikus. \u010cia yra daug \u017eaisl\u0173 - gara\u017e\u0173, atrakcion\u0173, virtuv\u0117li\u0173 ar ma\u017e\u0173 \u017eaisl\u0173. Visi jie yra pastelini\u0173 spalv\u0173.","og_url":"https:\/\/kidsplay.lt\/lv\/products\/edukacinis-zaidimo-krepselis-su-formelemis\/","og_site_name":"KidsPlay","article_publisher":"https:\/\/www.facebook.com\/www.kidsplay.lt","article_modified_time":"2026-04-07T08:04:48+00:00","og_image":[{"width":1000,"height":1000,"url":"https:\/\/kidsplay.lt\/wp-content\/uploads\/2024\/09\/Edukacinis-zaidimo-krepselis-su-formelemis.jpg","type":"image\/jpeg"}],"twitter_card":"summary_large_image","schema":{"@context":"https:\/\/schema.org","@graph":[{"@type":"WebPage","@id":"https:\/\/kidsplay.lt\/produktas\/edukacinis-zaidimo-krepselis-su-formelemis\/","url":"https:\/\/kidsplay.lt\/produktas\/edukacinis-zaidimo-krepselis-su-formelemis\/","name":"Edukacinis \u017eaidimo krep\u0161elis su formel\u0117mis","isPartOf":{"@id":"https:\/\/kidsplay.lt\/#website"},"primaryImageOfPage":{"@id":"https:\/\/kidsplay.lt\/produktas\/edukacinis-zaidimo-krepselis-su-formelemis\/#primaryimage"},"image":{"@id":"https:\/\/kidsplay.lt\/produktas\/edukacinis-zaidimo-krepselis-su-formelemis\/#primaryimage"},"thumbnailUrl":"https:\/\/kidsplay.lt\/wp-content\/uploads\/2024\/09\/Edukacinis-zaidimo-krepselis-su-formelemis.jpg","datePublished":"2026-02-26T07:52:06+00:00","dateModified":"2026-04-07T08:04:48+00:00","description":"Buvo sukurta atsi\u017evelgiant \u012f pa\u010dius ma\u017eiausius vaikus. \u010cia yra daug \u017eaisl\u0173 - gara\u017e\u0173, atrakcion\u0173, virtuv\u0117li\u0173 ar ma\u017e\u0173 \u017eaisl\u0173. Visi jie yra pastelini\u0173 spalv\u0173.","breadcrumb":{"@id":"https:\/\/kidsplay.lt\/produktas\/edukacinis-zaidimo-krepselis-su-formelemis\/#breadcrumb"},"inLanguage":"lv-LV","potentialAction":[{"@type":"ReadAction","target":["https:\/\/kidsplay.lt\/produktas\/edukacinis-zaidimo-krepselis-su-formelemis\/"]}]},{"@type":"ImageObject","inLanguage":"lv-LV","@id":"https:\/\/kidsplay.lt\/produktas\/edukacinis-zaidimo-krepselis-su-formelemis\/#primaryimage","url":"https:\/\/kidsplay.lt\/wp-content\/uploads\/2024\/09\/Edukacinis-zaidimo-krepselis-su-formelemis.jpg","contentUrl":"https:\/\/kidsplay.lt\/wp-content\/uploads\/2024\/09\/Edukacinis-zaidimo-krepselis-su-formelemis.jpg","width":1000,"height":1000,"caption":"Edukacinis \u017eaidimo krep\u0161elis su formel\u0117mis"},{"@type":"BreadcrumbList","@id":"https:\/\/kidsplay.lt\/produktas\/edukacinis-zaidimo-krepselis-su-formelemis\/#breadcrumb","itemListElement":[{"@type":"ListItem","position":1,"name":"Pagrindinis","item":"https:\/\/kidsplay.lt\/"},{"@type":"ListItem","position":2,"name":"Parduotuv\u0117","item":"https:\/\/kidsplay.lt\/parduotuve\/"},{"@type":"ListItem","position":3,"name":"Edukacinis \u017eaidimo krep\u0161elis su formel\u0117mis"}]},{"@type":"WebSite","@id":"https:\/\/kidsplay.lt\/#website","url":"https:\/\/kidsplay.lt\/","name":"B\u0113rnu sp\u0113les.lv","description":"\u012evairios prek\u0117s vaikams","publisher":{"@id":"https:\/\/kidsplay.lt\/#organization"},"alternateName":"Kidsplay","potentialAction":[{"@type":"SearchAction","target":{"@type":"EntryPoint","urlTemplate":"https:\/\/kidsplay.lt\/?s={search_term_string}"},"query-input":{"@type":"PropertyValueSpecification","valueRequired":true,"valueName":"search_term_string"}}],"inLanguage":"lv-LV"},{"@type":"Organization","@id":"https:\/\/kidsplay.lt\/#organization","name":"B\u0113rnu sp\u0113le","url":"https:\/\/kidsplay.lt\/","logo":{"@type":"ImageObject","inLanguage":"lv-LV","@id":"https:\/\/kidsplay.lt\/#\/schema\/logo\/image\/","url":"https:\/\/kidsplay.lt\/wp-content\/uploads\/2023\/07\/kidsplay-logo.png","contentUrl":"https:\/\/kidsplay.lt\/wp-content\/uploads\/2023\/07\/kidsplay-logo.png","width":451,"height":98,"caption":"KidsPlay"},"image":{"@id":"https:\/\/kidsplay.lt\/#\/schema\/logo\/image\/"},"sameAs":["https:\/\/www.facebook.com\/www.kidsplay.lt"]}]}},"_links":{"self":[{"href":"https:\/\/kidsplay.lt\/lv\/wp-json\/wp\/v2\/product\/90735","targetHints":{"allow":["GET"]}}],"collection":[{"href":"https:\/\/kidsplay.lt\/lv\/wp-json\/wp\/v2\/product"}],"about":[{"href":"https:\/\/kidsplay.lt\/lv\/wp-json\/wp\/v2\/types\/product"}],"version-history":[{"count":1,"href":"https:\/\/kidsplay.lt\/lv\/wp-json\/wp\/v2\/product\/90735\/revisions"}],"predecessor-version":[{"id":90736,"href":"https:\/\/kidsplay.lt\/lv\/wp-json\/wp\/v2\/product\/90735\/revisions\/90736"}],"wp:featuredmedia":[{"embeddable":true,"href":"https:\/\/kidsplay.lt\/lv\/wp-json\/wp\/v2\/media\/50901"}],"wp:attachment":[{"href":"https:\/\/kidsplay.lt\/lv\/wp-json\/wp\/v2\/media?parent=90735"}],"wp:term":[{"taxonomy":"product_brand","embeddable":true,"href":"https:\/\/kidsplay.lt\/lv\/wp-json\/wp\/v2\/product_brand?post=90735"},{"taxonomy":"product_cat","embeddable":true,"href":"https:\/\/kidsplay.lt\/lv\/wp-json\/wp\/v2\/product_cat?post=90735"},{"taxonomy":"product_tag","embeddable":true,"href":"https:\/\/kidsplay.lt\/lv\/wp-json\/wp\/v2\/product_tag?post=90735"}],"curies":[{"name":"wp","href":"https:\/\/api.w.org\/{rel}","templated":true}]}}