{"id":90737,"date":"2026-02-26T09:52:09","date_gmt":"2026-02-26T07:52:09","guid":{"rendered":"https:\/\/kidsplay.lt\/produktas\/dvipusis-veidrodinis-raidziu-abecele\/"},"modified":"2026-04-07T11:04:52","modified_gmt":"2026-04-07T08:04:52","slug":"dvipusis-veidrodinis-raidziu-abecele","status":"publish","type":"product","link":"https:\/\/kidsplay.lt\/lv\/products\/dvipusis-veidrodinis-raidziu-abecele\/","title":{"rendered":"Divpus\u0113js spogu\u013catt\u0113la burtu alfab\u0113ts"},"content":{"rendered":"<p>Rinkin\u012f sudaro 36 elementai (ab\u0117c\u0117l\u0117s raid\u0117s ir visi skai\u010diai). Kiekvienas elementas yra dvipusis, su veidrodiniu efektu i\u0161 abiej\u0173 pusi\u0173. Elementai yra tvirti &#8211; 4mm storio. Kiekviena raid\u0117 ir skai\u010dius turi ma\u017e\u0105 skylut\u0119, kad juos b\u016bt\u0173 galima pakabinti ant virvut\u0117s ar me\u0161ker\u0117s<\/p>","protected":false},"excerpt":{"rendered":"<p>Rinkin\u012f sudaro 36 elementai (ab\u0117c\u0117l\u0117s raid\u0117s ir visi skai\u010diai). Kiekvienas elementas yra dvipusis, su veidrodiniu efektu i\u0161 abiej\u0173 pusi\u0173. Elementai<\/p>","protected":false},"featured_media":50910,"template":"","meta":{"_acf_changed":false,"_glsr_average":0,"_glsr_ranking":0,"_glsr_reviews":0},"product_brand":[],"product_cat":[673,229],"product_tag":[],"class_list":{"0":"post-90737","1":"product","2":"type-product","3":"status-publish","4":"has-post-thumbnail","6":"product_cat-ugdomosios-priemones","7":"product_cat-zaislai-vaikams","8":"\"style=\"background-color: #2ecc711c;\"","10":"first","11":"instock","12":"purchasable","13":"product-type-simple"},"acf":[],"yoast_head":"<!-- This site is optimized with the Yoast SEO plugin v27.3 - https:\/\/yoast.com\/product\/yoast-seo-wordpress\/ -->\n<title>Dvipusis veidrodinis raid\u017ei\u0173 ab\u0117c\u0117l\u0117<\/title>\n<meta name=\"description\" content=\"Rinkin\u012f sudaro 36 elementai (ab\u0117c\u0117l\u0117s raid\u0117s ir visi skai\u010diai). Kiekvienas elementas yra dvipusis, su veidrodiniu efektu i\u0161 abiej\u0173 pusi\u0173.\" \/>\n<meta name=\"robots\" content=\"index, follow, max-snippet:-1, max-image-preview:large, max-video-preview:-1\" \/>\n<link rel=\"canonical\" href=\"https:\/\/kidsplay.lt\/lv\/products\/dvipusis-veidrodinis-raidziu-abecele\/\" \/>\n<meta property=\"og:locale\" content=\"lv_LV\" \/>\n<meta property=\"og:type\" content=\"article\" \/>\n<meta property=\"og:title\" content=\"Dvipusis veidrodinis raid\u017ei\u0173 ab\u0117c\u0117l\u0117\" \/>\n<meta property=\"og:description\" content=\"Rinkin\u012f sudaro 36 elementai (ab\u0117c\u0117l\u0117s raid\u0117s ir visi skai\u010diai). Kiekvienas elementas yra dvipusis, su veidrodiniu efektu i\u0161 abiej\u0173 pusi\u0173.\" \/>\n<meta property=\"og:url\" content=\"https:\/\/kidsplay.lt\/lv\/products\/dvipusis-veidrodinis-raidziu-abecele\/\" \/>\n<meta property=\"og:site_name\" content=\"KidsPlay\" \/>\n<meta property=\"article:publisher\" content=\"https:\/\/www.facebook.com\/www.kidsplay.lt\" \/>\n<meta property=\"article:modified_time\" content=\"2026-04-07T08:04:52+00:00\" \/>\n<meta property=\"og:image\" content=\"https:\/\/kidsplay.lt\/wp-content\/uploads\/2024\/09\/Dvipusis-veidrodinis-raidziu-abecele.jpg\" \/>\n\t<meta property=\"og:image:width\" content=\"1000\" \/>\n\t<meta property=\"og:image:height\" content=\"1000\" \/>\n\t<meta property=\"og:image:type\" content=\"image\/jpeg\" \/>\n<meta name=\"twitter:card\" content=\"summary_large_image\" \/>\n<script type=\"application\/ld+json\" class=\"yoast-schema-graph\">{\"@context\":\"https:\\\/\\\/schema.org\",\"@graph\":[{\"@type\":\"WebPage\",\"@id\":\"https:\\\/\\\/kidsplay.lt\\\/produktas\\\/dvipusis-veidrodinis-raidziu-abecele\\\/\",\"url\":\"https:\\\/\\\/kidsplay.lt\\\/produktas\\\/dvipusis-veidrodinis-raidziu-abecele\\\/\",\"name\":\"Dvipusis veidrodinis raid\u017ei\u0173 ab\u0117c\u0117l\u0117\",\"isPartOf\":{\"@id\":\"https:\\\/\\\/kidsplay.lt\\\/#website\"},\"primaryImageOfPage\":{\"@id\":\"https:\\\/\\\/kidsplay.lt\\\/produktas\\\/dvipusis-veidrodinis-raidziu-abecele\\\/#primaryimage\"},\"image\":{\"@id\":\"https:\\\/\\\/kidsplay.lt\\\/produktas\\\/dvipusis-veidrodinis-raidziu-abecele\\\/#primaryimage\"},\"thumbnailUrl\":\"https:\\\/\\\/kidsplay.lt\\\/wp-content\\\/uploads\\\/2024\\\/09\\\/Dvipusis-veidrodinis-raidziu-abecele.jpg\",\"datePublished\":\"2026-02-26T07:52:09+00:00\",\"dateModified\":\"2026-04-07T08:04:52+00:00\",\"description\":\"Rinkin\u012f sudaro 36 elementai (ab\u0117c\u0117l\u0117s raid\u0117s ir visi skai\u010diai). Kiekvienas elementas yra dvipusis, su veidrodiniu efektu i\u0161 abiej\u0173 pusi\u0173.\",\"breadcrumb\":{\"@id\":\"https:\\\/\\\/kidsplay.lt\\\/produktas\\\/dvipusis-veidrodinis-raidziu-abecele\\\/#breadcrumb\"},\"inLanguage\":\"lv-LV\",\"potentialAction\":[{\"@type\":\"ReadAction\",\"target\":[\"https:\\\/\\\/kidsplay.lt\\\/produktas\\\/dvipusis-veidrodinis-raidziu-abecele\\\/\"]}]},{\"@type\":\"ImageObject\",\"inLanguage\":\"lv-LV\",\"@id\":\"https:\\\/\\\/kidsplay.lt\\\/produktas\\\/dvipusis-veidrodinis-raidziu-abecele\\\/#primaryimage\",\"url\":\"https:\\\/\\\/kidsplay.lt\\\/wp-content\\\/uploads\\\/2024\\\/09\\\/Dvipusis-veidrodinis-raidziu-abecele.jpg\",\"contentUrl\":\"https:\\\/\\\/kidsplay.lt\\\/wp-content\\\/uploads\\\/2024\\\/09\\\/Dvipusis-veidrodinis-raidziu-abecele.jpg\",\"width\":1000,\"height\":1000,\"caption\":\"Dvipusis veidrodinis raid\u017ei\u0173 ab\u0117c\u0117l\u0117\"},{\"@type\":\"BreadcrumbList\",\"@id\":\"https:\\\/\\\/kidsplay.lt\\\/produktas\\\/dvipusis-veidrodinis-raidziu-abecele\\\/#breadcrumb\",\"itemListElement\":[{\"@type\":\"ListItem\",\"position\":1,\"name\":\"Pagrindinis\",\"item\":\"https:\\\/\\\/kidsplay.lt\\\/\"},{\"@type\":\"ListItem\",\"position\":2,\"name\":\"Parduotuv\u0117\",\"item\":\"https:\\\/\\\/kidsplay.lt\\\/parduotuve\\\/\"},{\"@type\":\"ListItem\",\"position\":3,\"name\":\"Dvipusis veidrodinis raid\u017ei\u0173 ab\u0117c\u0117l\u0117\"}]},{\"@type\":\"WebSite\",\"@id\":\"https:\\\/\\\/kidsplay.lt\\\/#website\",\"url\":\"https:\\\/\\\/kidsplay.lt\\\/\",\"name\":\"Kidsplay.lt\",\"description\":\"\u012evairios prek\u0117s vaikams\",\"publisher\":{\"@id\":\"https:\\\/\\\/kidsplay.lt\\\/#organization\"},\"alternateName\":\"Kidsplay\",\"potentialAction\":[{\"@type\":\"SearchAction\",\"target\":{\"@type\":\"EntryPoint\",\"urlTemplate\":\"https:\\\/\\\/kidsplay.lt\\\/?s={search_term_string}\"},\"query-input\":{\"@type\":\"PropertyValueSpecification\",\"valueRequired\":true,\"valueName\":\"search_term_string\"}}],\"inLanguage\":\"lv-LV\"},{\"@type\":\"Organization\",\"@id\":\"https:\\\/\\\/kidsplay.lt\\\/#organization\",\"name\":\"KidsPlay\",\"url\":\"https:\\\/\\\/kidsplay.lt\\\/\",\"logo\":{\"@type\":\"ImageObject\",\"inLanguage\":\"lv-LV\",\"@id\":\"https:\\\/\\\/kidsplay.lt\\\/#\\\/schema\\\/logo\\\/image\\\/\",\"url\":\"https:\\\/\\\/kidsplay.lt\\\/wp-content\\\/uploads\\\/2023\\\/07\\\/kidsplay-logo.png\",\"contentUrl\":\"https:\\\/\\\/kidsplay.lt\\\/wp-content\\\/uploads\\\/2023\\\/07\\\/kidsplay-logo.png\",\"width\":451,\"height\":98,\"caption\":\"KidsPlay\"},\"image\":{\"@id\":\"https:\\\/\\\/kidsplay.lt\\\/#\\\/schema\\\/logo\\\/image\\\/\"},\"sameAs\":[\"https:\\\/\\\/www.facebook.com\\\/www.kidsplay.lt\"]}]}<\/script>\n<!-- \/ Yoast SEO plugin. -->","yoast_head_json":{"title":"Divpus\u0113js spogu\u013catt\u0113la burtu alfab\u0113ts","description":"Rinkin\u012f sudaro 36 elementai (ab\u0117c\u0117l\u0117s raid\u0117s ir visi skai\u010diai). Kiekvienas elementas yra dvipusis, su veidrodiniu efektu i\u0161 abiej\u0173 pusi\u0173.","robots":{"index":"index","follow":"follow","max-snippet":"max-snippet:-1","max-image-preview":"max-image-preview:large","max-video-preview":"max-video-preview:-1"},"canonical":"https:\/\/kidsplay.lt\/lv\/products\/dvipusis-veidrodinis-raidziu-abecele\/","og_locale":"lv_LV","og_type":"article","og_title":"Dvipusis veidrodinis raid\u017ei\u0173 ab\u0117c\u0117l\u0117","og_description":"Rinkin\u012f sudaro 36 elementai (ab\u0117c\u0117l\u0117s raid\u0117s ir visi skai\u010diai). Kiekvienas elementas yra dvipusis, su veidrodiniu efektu i\u0161 abiej\u0173 pusi\u0173.","og_url":"https:\/\/kidsplay.lt\/lv\/products\/dvipusis-veidrodinis-raidziu-abecele\/","og_site_name":"KidsPlay","article_publisher":"https:\/\/www.facebook.com\/www.kidsplay.lt","article_modified_time":"2026-04-07T08:04:52+00:00","og_image":[{"width":1000,"height":1000,"url":"https:\/\/kidsplay.lt\/wp-content\/uploads\/2024\/09\/Dvipusis-veidrodinis-raidziu-abecele.jpg","type":"image\/jpeg"}],"twitter_card":"summary_large_image","schema":{"@context":"https:\/\/schema.org","@graph":[{"@type":"WebPage","@id":"https:\/\/kidsplay.lt\/produktas\/dvipusis-veidrodinis-raidziu-abecele\/","url":"https:\/\/kidsplay.lt\/produktas\/dvipusis-veidrodinis-raidziu-abecele\/","name":"Divpus\u0113js spogu\u013catt\u0113la burtu alfab\u0113ts","isPartOf":{"@id":"https:\/\/kidsplay.lt\/#website"},"primaryImageOfPage":{"@id":"https:\/\/kidsplay.lt\/produktas\/dvipusis-veidrodinis-raidziu-abecele\/#primaryimage"},"image":{"@id":"https:\/\/kidsplay.lt\/produktas\/dvipusis-veidrodinis-raidziu-abecele\/#primaryimage"},"thumbnailUrl":"https:\/\/kidsplay.lt\/wp-content\/uploads\/2024\/09\/Dvipusis-veidrodinis-raidziu-abecele.jpg","datePublished":"2026-02-26T07:52:09+00:00","dateModified":"2026-04-07T08:04:52+00:00","description":"Rinkin\u012f sudaro 36 elementai (ab\u0117c\u0117l\u0117s raid\u0117s ir visi skai\u010diai). Kiekvienas elementas yra dvipusis, su veidrodiniu efektu i\u0161 abiej\u0173 pusi\u0173.","breadcrumb":{"@id":"https:\/\/kidsplay.lt\/produktas\/dvipusis-veidrodinis-raidziu-abecele\/#breadcrumb"},"inLanguage":"lv-LV","potentialAction":[{"@type":"ReadAction","target":["https:\/\/kidsplay.lt\/produktas\/dvipusis-veidrodinis-raidziu-abecele\/"]}]},{"@type":"ImageObject","inLanguage":"lv-LV","@id":"https:\/\/kidsplay.lt\/produktas\/dvipusis-veidrodinis-raidziu-abecele\/#primaryimage","url":"https:\/\/kidsplay.lt\/wp-content\/uploads\/2024\/09\/Dvipusis-veidrodinis-raidziu-abecele.jpg","contentUrl":"https:\/\/kidsplay.lt\/wp-content\/uploads\/2024\/09\/Dvipusis-veidrodinis-raidziu-abecele.jpg","width":1000,"height":1000,"caption":"Dvipusis veidrodinis raid\u017ei\u0173 ab\u0117c\u0117l\u0117"},{"@type":"BreadcrumbList","@id":"https:\/\/kidsplay.lt\/produktas\/dvipusis-veidrodinis-raidziu-abecele\/#breadcrumb","itemListElement":[{"@type":"ListItem","position":1,"name":"Pagrindinis","item":"https:\/\/kidsplay.lt\/"},{"@type":"ListItem","position":2,"name":"Parduotuv\u0117","item":"https:\/\/kidsplay.lt\/parduotuve\/"},{"@type":"ListItem","position":3,"name":"Dvipusis veidrodinis raid\u017ei\u0173 ab\u0117c\u0117l\u0117"}]},{"@type":"WebSite","@id":"https:\/\/kidsplay.lt\/#website","url":"https:\/\/kidsplay.lt\/","name":"B\u0113rnu sp\u0113les.lv","description":"\u012evairios prek\u0117s vaikams","publisher":{"@id":"https:\/\/kidsplay.lt\/#organization"},"alternateName":"Kidsplay","potentialAction":[{"@type":"SearchAction","target":{"@type":"EntryPoint","urlTemplate":"https:\/\/kidsplay.lt\/?s={search_term_string}"},"query-input":{"@type":"PropertyValueSpecification","valueRequired":true,"valueName":"search_term_string"}}],"inLanguage":"lv-LV"},{"@type":"Organization","@id":"https:\/\/kidsplay.lt\/#organization","name":"B\u0113rnu sp\u0113le","url":"https:\/\/kidsplay.lt\/","logo":{"@type":"ImageObject","inLanguage":"lv-LV","@id":"https:\/\/kidsplay.lt\/#\/schema\/logo\/image\/","url":"https:\/\/kidsplay.lt\/wp-content\/uploads\/2023\/07\/kidsplay-logo.png","contentUrl":"https:\/\/kidsplay.lt\/wp-content\/uploads\/2023\/07\/kidsplay-logo.png","width":451,"height":98,"caption":"KidsPlay"},"image":{"@id":"https:\/\/kidsplay.lt\/#\/schema\/logo\/image\/"},"sameAs":["https:\/\/www.facebook.com\/www.kidsplay.lt"]}]}},"_links":{"self":[{"href":"https:\/\/kidsplay.lt\/lv\/wp-json\/wp\/v2\/product\/90737","targetHints":{"allow":["GET"]}}],"collection":[{"href":"https:\/\/kidsplay.lt\/lv\/wp-json\/wp\/v2\/product"}],"about":[{"href":"https:\/\/kidsplay.lt\/lv\/wp-json\/wp\/v2\/types\/product"}],"version-history":[{"count":1,"href":"https:\/\/kidsplay.lt\/lv\/wp-json\/wp\/v2\/product\/90737\/revisions"}],"predecessor-version":[{"id":90738,"href":"https:\/\/kidsplay.lt\/lv\/wp-json\/wp\/v2\/product\/90737\/revisions\/90738"}],"wp:featuredmedia":[{"embeddable":true,"href":"https:\/\/kidsplay.lt\/lv\/wp-json\/wp\/v2\/media\/50910"}],"wp:attachment":[{"href":"https:\/\/kidsplay.lt\/lv\/wp-json\/wp\/v2\/media?parent=90737"}],"wp:term":[{"taxonomy":"product_brand","embeddable":true,"href":"https:\/\/kidsplay.lt\/lv\/wp-json\/wp\/v2\/product_brand?post=90737"},{"taxonomy":"product_cat","embeddable":true,"href":"https:\/\/kidsplay.lt\/lv\/wp-json\/wp\/v2\/product_cat?post=90737"},{"taxonomy":"product_tag","embeddable":true,"href":"https:\/\/kidsplay.lt\/lv\/wp-json\/wp\/v2\/product_tag?post=90737"}],"curies":[{"name":"wp","href":"https:\/\/api.w.org\/{rel}","templated":true}]}}