{"id":90739,"date":"2026-02-26T09:52:12","date_gmt":"2026-02-26T07:52:12","guid":{"rendered":"https:\/\/kidsplay.lt\/produktas\/stumdoma-karvyte-su-muilo-burbulais-ir-garsu\/"},"modified":"2026-04-13T13:42:44","modified_gmt":"2026-04-13T10:42:44","slug":"stumdoma-karvyte-su-muilo-burbulais-ir-garsu","status":"publish","type":"product","link":"https:\/\/kidsplay.lt\/lv\/products\/stumdoma-karvyte-su-muilo-burbulais-ir-garsu\/","title":{"rendered":"Stumdoma karvyt\u0117 su muilo burbulais ir garsu"},"content":{"rendered":"<p>M\u0117lynasis karv\u0117s st\u016bmiklis\u00a0bus puiki mokymosi id\u0117ja j\u016bs\u0173 vaikui. Vaikai gali\u00a0treniruotis vaik\u0161\u010dioti\u00a0ved\u017eiodami prie\u0161ais save m\u0117gstam\u0105 karv\u0119. St\u016bmimo \u017eaislas turi daugyb\u0119\u00a0funkcij\u0173,\u00a0kurios d\u017eiugins j\u016bs\u0173 vaik\u0105. Karvut\u0117\u00a0pu\u010dia muilo burbulus &#8211;\u00a0tiesiog \u012fsukite skys\u010dio ind\u0105 i\u0161 apa\u010dios (\u00a02 indai \u012ftraukti \u012f komplekt\u0105). Burbuliukai i\u0161siver\u017eia i\u0161 karv\u0117s burnos. Ji turi\u00a0besisukan\u010di\u0105\u00a0rit\u0119 su\u00a0ab\u0117c\u0117l\u0117s raid\u0117mis\u00a0(A, B ir C), kad b\u016bt\u0173 galima mokytis. Visk\u0105 lydi nuostabios\u00a0melodijos,\u00a0kurias galima\u00a0\u012fjungti\u00a0ir\u00a0i\u0161jungti\u00a0mygtuku. \u0160is \u017eaislas\u00a0lavins\u00a0j\u016bs\u0173 vaiko\u00a0koordinacij\u0105,\u00a0motorik\u0105,\u00a0vaik\u0161\u010diojimo\u00a0\u012fg\u016bd\u017eius ir leis jam \u017eengti pirmuosius \u017eingsnius\u00a0mokantis ab\u0117c\u0117l\u0117s.<\/p>\n<p>&#8211; nuo\u00a03\u00a0met\u0173 am\u017eiaus<br \/>\n&#8211;\u00a0stumdomas\u00a0\u017eaislas<br \/>\n&#8211;\u00a0mokymosi vaik\u0161\u010dioti\u00a0\u017eaislas<br \/>\n&#8211;\u00a0muilo burbulo\u00a0funkcija<br \/>\n&#8211; besisukantis\u00a0ratas\u00a0su ab\u0117c\u0117l\u0117s raid\u0117mis<br \/>\n&#8211; Garso funkcija &#8211;\u00a0melodijos<br \/>\n&#8211;\u00a0Patogi rankena\u00a0vaikui<br \/>\n&#8211;\u00a0lavina\u00a0vaik\u0105\u00a0nuo ankstyvo am\u017eiaus!<br \/>\n&#8211;\u00a0reikalingos baterijos: Reikia: 3x AA 1,5 V (ne\u012feina \u012f komplekt\u0105)<\/p>","protected":false},"excerpt":{"rendered":"<p>M\u0117lynasis karv\u0117s st\u016bmiklis\u00a0bus puiki mokymosi id\u0117ja j\u016bs\u0173 vaikui. Vaikai gali\u00a0treniruotis vaik\u0161\u010dioti\u00a0ved\u017eiodami prie\u0161ais save m\u0117gstam\u0105 karv\u0119. St\u016bmimo \u017eaislas turi daugyb\u0119\u00a0funkcij\u0173,\u00a0kurios d\u017eiugins<\/p>","protected":false},"featured_media":50920,"template":"","meta":{"_acf_changed":false,"_glsr_average":0,"_glsr_ranking":0,"_glsr_reviews":0},"product_brand":[],"product_cat":[396,229],"product_tag":[],"class_list":{"0":"post-90739","1":"product","2":"type-product","3":"status-publish","4":"has-post-thumbnail","6":"product_cat-kudikiu-zaislai-vaikams2","7":"product_cat-zaislai-vaikams","8":"\"style=\"background-color: #2ecc711c;\"","10":"first","11":"instock","12":"purchasable","13":"product-type-simple"},"acf":[],"yoast_head":"<!-- This site is optimized with the Yoast SEO plugin v27.4 - https:\/\/yoast.com\/product\/yoast-seo-wordpress\/ -->\n<title>Stumdoma karvyt\u0117 su muilo burbulais ir garsu<\/title>\n<meta name=\"description\" content=\"M\u0117lynasis karv\u0117s st\u016bmiklis\u00a0bus puiki mokymosi id\u0117ja j\u016bs\u0173 vaikui. Vaikai gali\u00a0treniruotis vaik\u0161\u010dioti\u00a0ved\u017eiodami prie\u0161ais save m\u0117gstam\u0105 karv\u0119.\" \/>\n<meta name=\"robots\" content=\"index, follow, max-snippet:-1, max-image-preview:large, max-video-preview:-1\" \/>\n<link rel=\"canonical\" href=\"https:\/\/kidsplay.lt\/lv\/products\/stumdoma-karvyte-su-muilo-burbulais-ir-garsu\/\" \/>\n<meta property=\"og:locale\" content=\"lv_LV\" \/>\n<meta property=\"og:type\" content=\"article\" \/>\n<meta property=\"og:title\" content=\"Stumdoma karvyt\u0117 su muilo burbulais ir garsu\" \/>\n<meta property=\"og:description\" content=\"M\u0117lynasis karv\u0117s st\u016bmiklis\u00a0bus puiki mokymosi id\u0117ja j\u016bs\u0173 vaikui. Vaikai gali\u00a0treniruotis vaik\u0161\u010dioti\u00a0ved\u017eiodami prie\u0161ais save m\u0117gstam\u0105 karv\u0119.\" \/>\n<meta property=\"og:url\" content=\"https:\/\/kidsplay.lt\/lv\/products\/stumdoma-karvyte-su-muilo-burbulais-ir-garsu\/\" \/>\n<meta property=\"og:site_name\" content=\"KidsPlay\" \/>\n<meta property=\"article:publisher\" content=\"https:\/\/www.facebook.com\/www.kidsplay.lt\" \/>\n<meta property=\"article:modified_time\" content=\"2026-04-13T10:42:44+00:00\" \/>\n<meta property=\"og:image\" content=\"https:\/\/kidsplay.lt\/wp-content\/uploads\/2024\/09\/Stumdoma-karvyte-su-muilo-burbulais-ir-garsu.jpg\" \/>\n\t<meta property=\"og:image:width\" content=\"1000\" \/>\n\t<meta property=\"og:image:height\" content=\"1000\" \/>\n\t<meta property=\"og:image:type\" content=\"image\/jpeg\" \/>\n<meta name=\"twitter:card\" content=\"summary_large_image\" \/>\n<meta name=\"twitter:label1\" content=\"Est. reading time\" \/>\n\t<meta name=\"twitter:data1\" content=\"1 min\u016bte\" \/>\n<script type=\"application\/ld+json\" class=\"yoast-schema-graph\">{\"@context\":\"https:\\\/\\\/schema.org\",\"@graph\":[{\"@type\":\"WebPage\",\"@id\":\"https:\\\/\\\/kidsplay.lt\\\/produktas\\\/stumdoma-karvyte-su-muilo-burbulais-ir-garsu\\\/\",\"url\":\"https:\\\/\\\/kidsplay.lt\\\/produktas\\\/stumdoma-karvyte-su-muilo-burbulais-ir-garsu\\\/\",\"name\":\"Stumdoma karvyt\u0117 su muilo burbulais ir garsu\",\"isPartOf\":{\"@id\":\"https:\\\/\\\/kidsplay.lt\\\/#website\"},\"primaryImageOfPage\":{\"@id\":\"https:\\\/\\\/kidsplay.lt\\\/produktas\\\/stumdoma-karvyte-su-muilo-burbulais-ir-garsu\\\/#primaryimage\"},\"image\":{\"@id\":\"https:\\\/\\\/kidsplay.lt\\\/produktas\\\/stumdoma-karvyte-su-muilo-burbulais-ir-garsu\\\/#primaryimage\"},\"thumbnailUrl\":\"https:\\\/\\\/kidsplay.lt\\\/wp-content\\\/uploads\\\/2024\\\/09\\\/Stumdoma-karvyte-su-muilo-burbulais-ir-garsu.jpg\",\"datePublished\":\"2026-02-26T07:52:12+00:00\",\"dateModified\":\"2026-04-13T10:42:44+00:00\",\"description\":\"M\u0117lynasis karv\u0117s st\u016bmiklis\u00a0bus puiki mokymosi id\u0117ja j\u016bs\u0173 vaikui. Vaikai gali\u00a0treniruotis vaik\u0161\u010dioti\u00a0ved\u017eiodami prie\u0161ais save m\u0117gstam\u0105 karv\u0119.\",\"breadcrumb\":{\"@id\":\"https:\\\/\\\/kidsplay.lt\\\/produktas\\\/stumdoma-karvyte-su-muilo-burbulais-ir-garsu\\\/#breadcrumb\"},\"inLanguage\":\"lv-LV\",\"potentialAction\":[{\"@type\":\"ReadAction\",\"target\":[\"https:\\\/\\\/kidsplay.lt\\\/produktas\\\/stumdoma-karvyte-su-muilo-burbulais-ir-garsu\\\/\"]}]},{\"@type\":\"ImageObject\",\"inLanguage\":\"lv-LV\",\"@id\":\"https:\\\/\\\/kidsplay.lt\\\/produktas\\\/stumdoma-karvyte-su-muilo-burbulais-ir-garsu\\\/#primaryimage\",\"url\":\"https:\\\/\\\/kidsplay.lt\\\/wp-content\\\/uploads\\\/2024\\\/09\\\/Stumdoma-karvyte-su-muilo-burbulais-ir-garsu.jpg\",\"contentUrl\":\"https:\\\/\\\/kidsplay.lt\\\/wp-content\\\/uploads\\\/2024\\\/09\\\/Stumdoma-karvyte-su-muilo-burbulais-ir-garsu.jpg\",\"width\":1000,\"height\":1000,\"caption\":\"Stumdoma karvyt\u0117 su muilo burbulais ir garsu\"},{\"@type\":\"BreadcrumbList\",\"@id\":\"https:\\\/\\\/kidsplay.lt\\\/produktas\\\/stumdoma-karvyte-su-muilo-burbulais-ir-garsu\\\/#breadcrumb\",\"itemListElement\":[{\"@type\":\"ListItem\",\"position\":1,\"name\":\"Pagrindinis\",\"item\":\"https:\\\/\\\/kidsplay.lt\\\/\"},{\"@type\":\"ListItem\",\"position\":2,\"name\":\"Parduotuv\u0117\",\"item\":\"https:\\\/\\\/kidsplay.lt\\\/parduotuve\\\/\"},{\"@type\":\"ListItem\",\"position\":3,\"name\":\"Stumdoma karvyt\u0117 su muilo burbulais ir garsu\"}]},{\"@type\":\"WebSite\",\"@id\":\"https:\\\/\\\/kidsplay.lt\\\/#website\",\"url\":\"https:\\\/\\\/kidsplay.lt\\\/\",\"name\":\"Kidsplay.lt\",\"description\":\"\u012evairios prek\u0117s vaikams\",\"publisher\":{\"@id\":\"https:\\\/\\\/kidsplay.lt\\\/#organization\"},\"alternateName\":\"Kidsplay\",\"potentialAction\":[{\"@type\":\"SearchAction\",\"target\":{\"@type\":\"EntryPoint\",\"urlTemplate\":\"https:\\\/\\\/kidsplay.lt\\\/?s={search_term_string}\"},\"query-input\":{\"@type\":\"PropertyValueSpecification\",\"valueRequired\":true,\"valueName\":\"search_term_string\"}}],\"inLanguage\":\"lv-LV\"},{\"@type\":\"Organization\",\"@id\":\"https:\\\/\\\/kidsplay.lt\\\/#organization\",\"name\":\"KidsPlay\",\"url\":\"https:\\\/\\\/kidsplay.lt\\\/\",\"logo\":{\"@type\":\"ImageObject\",\"inLanguage\":\"lv-LV\",\"@id\":\"https:\\\/\\\/kidsplay.lt\\\/#\\\/schema\\\/logo\\\/image\\\/\",\"url\":\"https:\\\/\\\/kidsplay.lt\\\/wp-content\\\/uploads\\\/2023\\\/07\\\/kidsplay-logo.png\",\"contentUrl\":\"https:\\\/\\\/kidsplay.lt\\\/wp-content\\\/uploads\\\/2023\\\/07\\\/kidsplay-logo.png\",\"width\":451,\"height\":98,\"caption\":\"KidsPlay\"},\"image\":{\"@id\":\"https:\\\/\\\/kidsplay.lt\\\/#\\\/schema\\\/logo\\\/image\\\/\"},\"sameAs\":[\"https:\\\/\\\/www.facebook.com\\\/www.kidsplay.lt\"]}]}<\/script>\n<!-- \/ Yoast SEO plugin. -->","yoast_head_json":{"title":"Stumdoma karvyt\u0117 su muilo burbulais ir garsu","description":"M\u0117lynasis karv\u0117s st\u016bmiklis\u00a0bus puiki mokymosi id\u0117ja j\u016bs\u0173 vaikui. Vaikai gali\u00a0treniruotis vaik\u0161\u010dioti\u00a0ved\u017eiodami prie\u0161ais save m\u0117gstam\u0105 karv\u0119.","robots":{"index":"index","follow":"follow","max-snippet":"max-snippet:-1","max-image-preview":"max-image-preview:large","max-video-preview":"max-video-preview:-1"},"canonical":"https:\/\/kidsplay.lt\/lv\/products\/stumdoma-karvyte-su-muilo-burbulais-ir-garsu\/","og_locale":"lv_LV","og_type":"article","og_title":"Stumdoma karvyt\u0117 su muilo burbulais ir garsu","og_description":"M\u0117lynasis karv\u0117s st\u016bmiklis\u00a0bus puiki mokymosi id\u0117ja j\u016bs\u0173 vaikui. Vaikai gali\u00a0treniruotis vaik\u0161\u010dioti\u00a0ved\u017eiodami prie\u0161ais save m\u0117gstam\u0105 karv\u0119.","og_url":"https:\/\/kidsplay.lt\/lv\/products\/stumdoma-karvyte-su-muilo-burbulais-ir-garsu\/","og_site_name":"KidsPlay","article_publisher":"https:\/\/www.facebook.com\/www.kidsplay.lt","article_modified_time":"2026-04-13T10:42:44+00:00","og_image":[{"width":1000,"height":1000,"url":"https:\/\/kidsplay.lt\/wp-content\/uploads\/2024\/09\/Stumdoma-karvyte-su-muilo-burbulais-ir-garsu.jpg","type":"image\/jpeg"}],"twitter_card":"summary_large_image","twitter_misc":{"Est. reading time":"1 min\u016bte"},"schema":{"@context":"https:\/\/schema.org","@graph":[{"@type":"WebPage","@id":"https:\/\/kidsplay.lt\/produktas\/stumdoma-karvyte-su-muilo-burbulais-ir-garsu\/","url":"https:\/\/kidsplay.lt\/produktas\/stumdoma-karvyte-su-muilo-burbulais-ir-garsu\/","name":"Stumdoma karvyt\u0117 su muilo burbulais ir garsu","isPartOf":{"@id":"https:\/\/kidsplay.lt\/#website"},"primaryImageOfPage":{"@id":"https:\/\/kidsplay.lt\/produktas\/stumdoma-karvyte-su-muilo-burbulais-ir-garsu\/#primaryimage"},"image":{"@id":"https:\/\/kidsplay.lt\/produktas\/stumdoma-karvyte-su-muilo-burbulais-ir-garsu\/#primaryimage"},"thumbnailUrl":"https:\/\/kidsplay.lt\/wp-content\/uploads\/2024\/09\/Stumdoma-karvyte-su-muilo-burbulais-ir-garsu.jpg","datePublished":"2026-02-26T07:52:12+00:00","dateModified":"2026-04-13T10:42:44+00:00","description":"M\u0117lynasis karv\u0117s st\u016bmiklis\u00a0bus puiki mokymosi id\u0117ja j\u016bs\u0173 vaikui. Vaikai gali\u00a0treniruotis vaik\u0161\u010dioti\u00a0ved\u017eiodami prie\u0161ais save m\u0117gstam\u0105 karv\u0119.","breadcrumb":{"@id":"https:\/\/kidsplay.lt\/produktas\/stumdoma-karvyte-su-muilo-burbulais-ir-garsu\/#breadcrumb"},"inLanguage":"lv-LV","potentialAction":[{"@type":"ReadAction","target":["https:\/\/kidsplay.lt\/produktas\/stumdoma-karvyte-su-muilo-burbulais-ir-garsu\/"]}]},{"@type":"ImageObject","inLanguage":"lv-LV","@id":"https:\/\/kidsplay.lt\/produktas\/stumdoma-karvyte-su-muilo-burbulais-ir-garsu\/#primaryimage","url":"https:\/\/kidsplay.lt\/wp-content\/uploads\/2024\/09\/Stumdoma-karvyte-su-muilo-burbulais-ir-garsu.jpg","contentUrl":"https:\/\/kidsplay.lt\/wp-content\/uploads\/2024\/09\/Stumdoma-karvyte-su-muilo-burbulais-ir-garsu.jpg","width":1000,"height":1000,"caption":"Stumdoma karvyt\u0117 su muilo burbulais ir garsu"},{"@type":"BreadcrumbList","@id":"https:\/\/kidsplay.lt\/produktas\/stumdoma-karvyte-su-muilo-burbulais-ir-garsu\/#breadcrumb","itemListElement":[{"@type":"ListItem","position":1,"name":"Pagrindinis","item":"https:\/\/kidsplay.lt\/"},{"@type":"ListItem","position":2,"name":"Parduotuv\u0117","item":"https:\/\/kidsplay.lt\/parduotuve\/"},{"@type":"ListItem","position":3,"name":"Stumdoma karvyt\u0117 su muilo burbulais ir garsu"}]},{"@type":"WebSite","@id":"https:\/\/kidsplay.lt\/#website","url":"https:\/\/kidsplay.lt\/","name":"B\u0113rnu sp\u0113les.lv","description":"\u012evairios prek\u0117s vaikams","publisher":{"@id":"https:\/\/kidsplay.lt\/#organization"},"alternateName":"Kidsplay","potentialAction":[{"@type":"SearchAction","target":{"@type":"EntryPoint","urlTemplate":"https:\/\/kidsplay.lt\/?s={search_term_string}"},"query-input":{"@type":"PropertyValueSpecification","valueRequired":true,"valueName":"search_term_string"}}],"inLanguage":"lv-LV"},{"@type":"Organization","@id":"https:\/\/kidsplay.lt\/#organization","name":"B\u0113rnu sp\u0113le","url":"https:\/\/kidsplay.lt\/","logo":{"@type":"ImageObject","inLanguage":"lv-LV","@id":"https:\/\/kidsplay.lt\/#\/schema\/logo\/image\/","url":"https:\/\/kidsplay.lt\/wp-content\/uploads\/2023\/07\/kidsplay-logo.png","contentUrl":"https:\/\/kidsplay.lt\/wp-content\/uploads\/2023\/07\/kidsplay-logo.png","width":451,"height":98,"caption":"KidsPlay"},"image":{"@id":"https:\/\/kidsplay.lt\/#\/schema\/logo\/image\/"},"sameAs":["https:\/\/www.facebook.com\/www.kidsplay.lt"]}]}},"_links":{"self":[{"href":"https:\/\/kidsplay.lt\/lv\/wp-json\/wp\/v2\/product\/90739","targetHints":{"allow":["GET"]}}],"collection":[{"href":"https:\/\/kidsplay.lt\/lv\/wp-json\/wp\/v2\/product"}],"about":[{"href":"https:\/\/kidsplay.lt\/lv\/wp-json\/wp\/v2\/types\/product"}],"version-history":[{"count":1,"href":"https:\/\/kidsplay.lt\/lv\/wp-json\/wp\/v2\/product\/90739\/revisions"}],"predecessor-version":[{"id":90740,"href":"https:\/\/kidsplay.lt\/lv\/wp-json\/wp\/v2\/product\/90739\/revisions\/90740"}],"wp:featuredmedia":[{"embeddable":true,"href":"https:\/\/kidsplay.lt\/lv\/wp-json\/wp\/v2\/media\/50920"}],"wp:attachment":[{"href":"https:\/\/kidsplay.lt\/lv\/wp-json\/wp\/v2\/media?parent=90739"}],"wp:term":[{"taxonomy":"product_brand","embeddable":true,"href":"https:\/\/kidsplay.lt\/lv\/wp-json\/wp\/v2\/product_brand?post=90739"},{"taxonomy":"product_cat","embeddable":true,"href":"https:\/\/kidsplay.lt\/lv\/wp-json\/wp\/v2\/product_cat?post=90739"},{"taxonomy":"product_tag","embeddable":true,"href":"https:\/\/kidsplay.lt\/lv\/wp-json\/wp\/v2\/product_tag?post=90739"}],"curies":[{"name":"wp","href":"https:\/\/api.w.org\/{rel}","templated":true}]}}