{"id":90751,"date":"2026-02-26T09:52:28","date_gmt":"2026-02-26T07:52:28","guid":{"rendered":"https:\/\/kidsplay.lt\/produktas\/grandininis-pjuklas-vaikams-su-garsu\/"},"modified":"2026-04-13T15:30:02","modified_gmt":"2026-04-13T12:30:02","slug":"grandininis-pjuklas-vaikams-su-garsu","status":"publish","type":"product","link":"https:\/\/kidsplay.lt\/lv\/products\/grandininis-pjuklas-vaikams-su-garsu\/","title":{"rendered":"B\u0113rnu motorz\u0101\u0123is ar ska\u0146u"},"content":{"rendered":"<p>Saugus j\u016bs\u0173 vaikui.\u00a0\u017daislinio benzininio pj\u016bklo vaikams\u00a0besisukanti\u00a0grandin\u0117 pagaminta i\u0161 gumos &#8211; n\u0117ra pavojaus, kad vaikas susi\u017eeis, o j\u016bs galite \u017eaisti su juo visi\u0161kai saugiai. Benzininis pj\u016bklas vaikams net \u012fsijungia kaip tikras! Nor\u0117dami \u012fjungti \u017eaislin\u012f benzinin\u012f pj\u016bkl\u0105, patraukite paleidimo ranken\u0105, tada paspauskite vir\u0161utin\u012f rankenos mygtuk\u0105, o tada apatin\u012f mygtuk\u0105. Tai padarius, \u017eaislinio motorinio pj\u016bklo grandin\u0117 prad\u0117s suktis ir \u017eaislas prad\u0117s skleisti tikrovi\u0161kus variklio garsus. \u017daislinis motorinis pj\u016bklas\u00a0lavina vaiko vaizduot\u0119 ir leid\u017eia jam pasijusti suaugusiuoju,\u00a0atliekan\u010diu svarb\u0173 darb\u0105.<\/p>\n<p>&#8211; \u017daislas tinka\u00a0vaikams nuo 3 met\u0173,<br \/>\n&#8211; labai tikrovi\u0161ka i\u0161vaizda,<br \/>\n&#8211;\u00a0gumin\u0117 pasukama grandin\u0117\u00a0saugiam \u017eaidimui,<br \/>\n&#8211; \u017eaislas skleid\u017eia\u00a0tikrovi\u0161kus garsus,<br \/>\n&#8211; kad grandin\u0117l\u0117 prad\u0117t\u0173 suktis, \u012fjungus \u017eaisl\u0105 su paleidimo ranken\u0117le, pirmiausia paspauskite vir\u0161utin\u012f ranken\u0117l\u0117s mygtuk\u0105, tada apatin\u012f &#8211; grandin\u0117l\u0117 prad\u0117s suktis,<br \/>\n&#8211; ma\u017e\u0173j\u0173 labui \u017eaislas\u00a0pagamintas i\u0161 auk\u0161\u010diausios kokyb\u0117s med\u017eiag\u0173,<br \/>\n&#8211; Maitinimas: 3 x AA baterijos<\/p>","protected":false},"excerpt":{"rendered":"<p>Saugus j\u016bs\u0173 vaikui.\u00a0\u017daislinio benzininio pj\u016bklo vaikams\u00a0besisukanti\u00a0grandin\u0117 pagaminta i\u0161 gumos &#8211; n\u0117ra pavojaus, kad vaikas susi\u017eeis, o j\u016bs galite \u017eaisti su<\/p>","protected":false},"featured_media":51003,"template":"","meta":{"_acf_changed":false,"_glsr_average":0,"_glsr_ranking":0,"_glsr_reviews":0},"product_brand":[],"product_cat":[402,399,229],"product_tag":[],"class_list":{"0":"post-90751","1":"product","2":"type-product","3":"status-publish","4":"has-post-thumbnail","6":"product_cat-dirbtuves-ir-irankiai","7":"product_cat-vaidmenu-zaidimai-2","8":"product_cat-zaislai-vaikams","9":"\"style=\"background-color: #2ecc711c;\"","11":"first","12":"instock","13":"purchasable","14":"product-type-simple"},"acf":[],"yoast_head":"<!-- This site is optimized with the Yoast SEO plugin v27.3 - https:\/\/yoast.com\/product\/yoast-seo-wordpress\/ -->\n<title>Grandininis pj\u016bklas vaikams su garsu<\/title>\n<meta name=\"description\" content=\"Saugus j\u016bs\u0173 vaikui.\u00a0\u017daislinio benzininio pj\u016bklo vaikams\u00a0besisukanti\u00a0grandin\u0117 pagaminta i\u0161 gumos - n\u0117ra pavojaus, kad vaikas susi\u017eeis.\" \/>\n<meta name=\"robots\" content=\"index, follow, max-snippet:-1, max-image-preview:large, max-video-preview:-1\" \/>\n<link rel=\"canonical\" href=\"https:\/\/kidsplay.lt\/lv\/products\/grandininis-pjuklas-vaikams-su-garsu\/\" \/>\n<meta property=\"og:locale\" content=\"lv_LV\" \/>\n<meta property=\"og:type\" content=\"article\" \/>\n<meta property=\"og:title\" content=\"Grandininis pj\u016bklas vaikams su garsu\" \/>\n<meta property=\"og:description\" content=\"Saugus j\u016bs\u0173 vaikui.\u00a0\u017daislinio benzininio pj\u016bklo vaikams\u00a0besisukanti\u00a0grandin\u0117 pagaminta i\u0161 gumos - n\u0117ra pavojaus, kad vaikas susi\u017eeis.\" \/>\n<meta property=\"og:url\" content=\"https:\/\/kidsplay.lt\/lv\/products\/grandininis-pjuklas-vaikams-su-garsu\/\" \/>\n<meta property=\"og:site_name\" content=\"KidsPlay\" \/>\n<meta property=\"article:publisher\" content=\"https:\/\/www.facebook.com\/www.kidsplay.lt\" \/>\n<meta property=\"article:modified_time\" content=\"2026-04-13T12:30:02+00:00\" \/>\n<meta property=\"og:image\" content=\"https:\/\/kidsplay.lt\/wp-content\/uploads\/2024\/09\/Grandininis-pjuklas-vaikams-su-garsu.jpg\" \/>\n\t<meta property=\"og:image:width\" content=\"791\" \/>\n\t<meta property=\"og:image:height\" content=\"791\" \/>\n\t<meta property=\"og:image:type\" content=\"image\/jpeg\" \/>\n<meta name=\"twitter:card\" content=\"summary_large_image\" \/>\n<meta name=\"twitter:label1\" content=\"Est. reading time\" \/>\n\t<meta name=\"twitter:data1\" content=\"1 min\u016bte\" \/>\n<script type=\"application\/ld+json\" class=\"yoast-schema-graph\">{\"@context\":\"https:\\\/\\\/schema.org\",\"@graph\":[{\"@type\":\"WebPage\",\"@id\":\"https:\\\/\\\/kidsplay.lt\\\/produktas\\\/grandininis-pjuklas-vaikams-su-garsu\\\/\",\"url\":\"https:\\\/\\\/kidsplay.lt\\\/produktas\\\/grandininis-pjuklas-vaikams-su-garsu\\\/\",\"name\":\"Grandininis pj\u016bklas vaikams su garsu\",\"isPartOf\":{\"@id\":\"https:\\\/\\\/kidsplay.lt\\\/#website\"},\"primaryImageOfPage\":{\"@id\":\"https:\\\/\\\/kidsplay.lt\\\/produktas\\\/grandininis-pjuklas-vaikams-su-garsu\\\/#primaryimage\"},\"image\":{\"@id\":\"https:\\\/\\\/kidsplay.lt\\\/produktas\\\/grandininis-pjuklas-vaikams-su-garsu\\\/#primaryimage\"},\"thumbnailUrl\":\"https:\\\/\\\/kidsplay.lt\\\/wp-content\\\/uploads\\\/2024\\\/09\\\/Grandininis-pjuklas-vaikams-su-garsu.jpg\",\"datePublished\":\"2026-02-26T07:52:28+00:00\",\"dateModified\":\"2026-04-13T12:30:02+00:00\",\"description\":\"Saugus j\u016bs\u0173 vaikui.\u00a0\u017daislinio benzininio pj\u016bklo vaikams\u00a0besisukanti\u00a0grandin\u0117 pagaminta i\u0161 gumos - n\u0117ra pavojaus, kad vaikas susi\u017eeis.\",\"breadcrumb\":{\"@id\":\"https:\\\/\\\/kidsplay.lt\\\/produktas\\\/grandininis-pjuklas-vaikams-su-garsu\\\/#breadcrumb\"},\"inLanguage\":\"lv-LV\",\"potentialAction\":[{\"@type\":\"ReadAction\",\"target\":[\"https:\\\/\\\/kidsplay.lt\\\/produktas\\\/grandininis-pjuklas-vaikams-su-garsu\\\/\"]}]},{\"@type\":\"ImageObject\",\"inLanguage\":\"lv-LV\",\"@id\":\"https:\\\/\\\/kidsplay.lt\\\/produktas\\\/grandininis-pjuklas-vaikams-su-garsu\\\/#primaryimage\",\"url\":\"https:\\\/\\\/kidsplay.lt\\\/wp-content\\\/uploads\\\/2024\\\/09\\\/Grandininis-pjuklas-vaikams-su-garsu.jpg\",\"contentUrl\":\"https:\\\/\\\/kidsplay.lt\\\/wp-content\\\/uploads\\\/2024\\\/09\\\/Grandininis-pjuklas-vaikams-su-garsu.jpg\",\"width\":791,\"height\":791,\"caption\":\"Grandininis pj\u016bklas vaikams su garsu\"},{\"@type\":\"BreadcrumbList\",\"@id\":\"https:\\\/\\\/kidsplay.lt\\\/produktas\\\/grandininis-pjuklas-vaikams-su-garsu\\\/#breadcrumb\",\"itemListElement\":[{\"@type\":\"ListItem\",\"position\":1,\"name\":\"Pagrindinis\",\"item\":\"https:\\\/\\\/kidsplay.lt\\\/\"},{\"@type\":\"ListItem\",\"position\":2,\"name\":\"Parduotuv\u0117\",\"item\":\"https:\\\/\\\/kidsplay.lt\\\/parduotuve\\\/\"},{\"@type\":\"ListItem\",\"position\":3,\"name\":\"Grandininis pj\u016bklas vaikams su garsu\"}]},{\"@type\":\"WebSite\",\"@id\":\"https:\\\/\\\/kidsplay.lt\\\/#website\",\"url\":\"https:\\\/\\\/kidsplay.lt\\\/\",\"name\":\"Kidsplay.lt\",\"description\":\"\u012evairios prek\u0117s vaikams\",\"publisher\":{\"@id\":\"https:\\\/\\\/kidsplay.lt\\\/#organization\"},\"alternateName\":\"Kidsplay\",\"potentialAction\":[{\"@type\":\"SearchAction\",\"target\":{\"@type\":\"EntryPoint\",\"urlTemplate\":\"https:\\\/\\\/kidsplay.lt\\\/?s={search_term_string}\"},\"query-input\":{\"@type\":\"PropertyValueSpecification\",\"valueRequired\":true,\"valueName\":\"search_term_string\"}}],\"inLanguage\":\"lv-LV\"},{\"@type\":\"Organization\",\"@id\":\"https:\\\/\\\/kidsplay.lt\\\/#organization\",\"name\":\"KidsPlay\",\"url\":\"https:\\\/\\\/kidsplay.lt\\\/\",\"logo\":{\"@type\":\"ImageObject\",\"inLanguage\":\"lv-LV\",\"@id\":\"https:\\\/\\\/kidsplay.lt\\\/#\\\/schema\\\/logo\\\/image\\\/\",\"url\":\"https:\\\/\\\/kidsplay.lt\\\/wp-content\\\/uploads\\\/2023\\\/07\\\/kidsplay-logo.png\",\"contentUrl\":\"https:\\\/\\\/kidsplay.lt\\\/wp-content\\\/uploads\\\/2023\\\/07\\\/kidsplay-logo.png\",\"width\":451,\"height\":98,\"caption\":\"KidsPlay\"},\"image\":{\"@id\":\"https:\\\/\\\/kidsplay.lt\\\/#\\\/schema\\\/logo\\\/image\\\/\"},\"sameAs\":[\"https:\\\/\\\/www.facebook.com\\\/www.kidsplay.lt\"]}]}<\/script>\n<!-- \/ Yoast SEO plugin. -->","yoast_head_json":{"title":"B\u0113rnu motorz\u0101\u0123is ar ska\u0146u","description":"Saugus j\u016bs\u0173 vaikui.\u00a0\u017daislinio benzininio pj\u016bklo vaikams\u00a0besisukanti\u00a0grandin\u0117 pagaminta i\u0161 gumos - n\u0117ra pavojaus, kad vaikas susi\u017eeis.","robots":{"index":"index","follow":"follow","max-snippet":"max-snippet:-1","max-image-preview":"max-image-preview:large","max-video-preview":"max-video-preview:-1"},"canonical":"https:\/\/kidsplay.lt\/lv\/products\/grandininis-pjuklas-vaikams-su-garsu\/","og_locale":"lv_LV","og_type":"article","og_title":"Grandininis pj\u016bklas vaikams su garsu","og_description":"Saugus j\u016bs\u0173 vaikui.\u00a0\u017daislinio benzininio pj\u016bklo vaikams\u00a0besisukanti\u00a0grandin\u0117 pagaminta i\u0161 gumos - n\u0117ra pavojaus, kad vaikas susi\u017eeis.","og_url":"https:\/\/kidsplay.lt\/lv\/products\/grandininis-pjuklas-vaikams-su-garsu\/","og_site_name":"KidsPlay","article_publisher":"https:\/\/www.facebook.com\/www.kidsplay.lt","article_modified_time":"2026-04-13T12:30:02+00:00","og_image":[{"width":791,"height":791,"url":"https:\/\/kidsplay.lt\/wp-content\/uploads\/2024\/09\/Grandininis-pjuklas-vaikams-su-garsu.jpg","type":"image\/jpeg"}],"twitter_card":"summary_large_image","twitter_misc":{"Est. reading time":"1 min\u016bte"},"schema":{"@context":"https:\/\/schema.org","@graph":[{"@type":"WebPage","@id":"https:\/\/kidsplay.lt\/produktas\/grandininis-pjuklas-vaikams-su-garsu\/","url":"https:\/\/kidsplay.lt\/produktas\/grandininis-pjuklas-vaikams-su-garsu\/","name":"B\u0113rnu motorz\u0101\u0123is ar ska\u0146u","isPartOf":{"@id":"https:\/\/kidsplay.lt\/#website"},"primaryImageOfPage":{"@id":"https:\/\/kidsplay.lt\/produktas\/grandininis-pjuklas-vaikams-su-garsu\/#primaryimage"},"image":{"@id":"https:\/\/kidsplay.lt\/produktas\/grandininis-pjuklas-vaikams-su-garsu\/#primaryimage"},"thumbnailUrl":"https:\/\/kidsplay.lt\/wp-content\/uploads\/2024\/09\/Grandininis-pjuklas-vaikams-su-garsu.jpg","datePublished":"2026-02-26T07:52:28+00:00","dateModified":"2026-04-13T12:30:02+00:00","description":"Saugus j\u016bs\u0173 vaikui.\u00a0\u017daislinio benzininio pj\u016bklo vaikams\u00a0besisukanti\u00a0grandin\u0117 pagaminta i\u0161 gumos - n\u0117ra pavojaus, kad vaikas susi\u017eeis.","breadcrumb":{"@id":"https:\/\/kidsplay.lt\/produktas\/grandininis-pjuklas-vaikams-su-garsu\/#breadcrumb"},"inLanguage":"lv-LV","potentialAction":[{"@type":"ReadAction","target":["https:\/\/kidsplay.lt\/produktas\/grandininis-pjuklas-vaikams-su-garsu\/"]}]},{"@type":"ImageObject","inLanguage":"lv-LV","@id":"https:\/\/kidsplay.lt\/produktas\/grandininis-pjuklas-vaikams-su-garsu\/#primaryimage","url":"https:\/\/kidsplay.lt\/wp-content\/uploads\/2024\/09\/Grandininis-pjuklas-vaikams-su-garsu.jpg","contentUrl":"https:\/\/kidsplay.lt\/wp-content\/uploads\/2024\/09\/Grandininis-pjuklas-vaikams-su-garsu.jpg","width":791,"height":791,"caption":"Grandininis pj\u016bklas vaikams su garsu"},{"@type":"BreadcrumbList","@id":"https:\/\/kidsplay.lt\/produktas\/grandininis-pjuklas-vaikams-su-garsu\/#breadcrumb","itemListElement":[{"@type":"ListItem","position":1,"name":"Pagrindinis","item":"https:\/\/kidsplay.lt\/"},{"@type":"ListItem","position":2,"name":"Parduotuv\u0117","item":"https:\/\/kidsplay.lt\/parduotuve\/"},{"@type":"ListItem","position":3,"name":"Grandininis pj\u016bklas vaikams su garsu"}]},{"@type":"WebSite","@id":"https:\/\/kidsplay.lt\/#website","url":"https:\/\/kidsplay.lt\/","name":"B\u0113rnu sp\u0113les.lv","description":"\u012evairios prek\u0117s vaikams","publisher":{"@id":"https:\/\/kidsplay.lt\/#organization"},"alternateName":"Kidsplay","potentialAction":[{"@type":"SearchAction","target":{"@type":"EntryPoint","urlTemplate":"https:\/\/kidsplay.lt\/?s={search_term_string}"},"query-input":{"@type":"PropertyValueSpecification","valueRequired":true,"valueName":"search_term_string"}}],"inLanguage":"lv-LV"},{"@type":"Organization","@id":"https:\/\/kidsplay.lt\/#organization","name":"B\u0113rnu sp\u0113le","url":"https:\/\/kidsplay.lt\/","logo":{"@type":"ImageObject","inLanguage":"lv-LV","@id":"https:\/\/kidsplay.lt\/#\/schema\/logo\/image\/","url":"https:\/\/kidsplay.lt\/wp-content\/uploads\/2023\/07\/kidsplay-logo.png","contentUrl":"https:\/\/kidsplay.lt\/wp-content\/uploads\/2023\/07\/kidsplay-logo.png","width":451,"height":98,"caption":"KidsPlay"},"image":{"@id":"https:\/\/kidsplay.lt\/#\/schema\/logo\/image\/"},"sameAs":["https:\/\/www.facebook.com\/www.kidsplay.lt"]}]}},"_links":{"self":[{"href":"https:\/\/kidsplay.lt\/lv\/wp-json\/wp\/v2\/product\/90751","targetHints":{"allow":["GET"]}}],"collection":[{"href":"https:\/\/kidsplay.lt\/lv\/wp-json\/wp\/v2\/product"}],"about":[{"href":"https:\/\/kidsplay.lt\/lv\/wp-json\/wp\/v2\/types\/product"}],"version-history":[{"count":1,"href":"https:\/\/kidsplay.lt\/lv\/wp-json\/wp\/v2\/product\/90751\/revisions"}],"predecessor-version":[{"id":90752,"href":"https:\/\/kidsplay.lt\/lv\/wp-json\/wp\/v2\/product\/90751\/revisions\/90752"}],"wp:featuredmedia":[{"embeddable":true,"href":"https:\/\/kidsplay.lt\/lv\/wp-json\/wp\/v2\/media\/51003"}],"wp:attachment":[{"href":"https:\/\/kidsplay.lt\/lv\/wp-json\/wp\/v2\/media?parent=90751"}],"wp:term":[{"taxonomy":"product_brand","embeddable":true,"href":"https:\/\/kidsplay.lt\/lv\/wp-json\/wp\/v2\/product_brand?post=90751"},{"taxonomy":"product_cat","embeddable":true,"href":"https:\/\/kidsplay.lt\/lv\/wp-json\/wp\/v2\/product_cat?post=90751"},{"taxonomy":"product_tag","embeddable":true,"href":"https:\/\/kidsplay.lt\/lv\/wp-json\/wp\/v2\/product_tag?post=90751"}],"curies":[{"name":"wp","href":"https:\/\/api.w.org\/{rel}","templated":true}]}}