{"id":90753,"date":"2026-02-26T09:52:31","date_gmt":"2026-02-26T07:52:31","guid":{"rendered":"https:\/\/kidsplay.lt\/produktas\/vaikiskas-virtuves-rinkinys-36vnt\/"},"modified":"2026-04-07T11:05:12","modified_gmt":"2026-04-07T08:05:12","slug":"vaikiskas-virtuves-rinkinys-36vnt","status":"publish","type":"product","link":"https:\/\/kidsplay.lt\/lv\/products\/vaikiskas-virtuves-rinkinys-36vnt\/","title":{"rendered":"Vaiki\u0161kas virtuv\u0117s rinkinys 36vnt"},"content":{"rendered":"<p>\u017daisliniai virtuv\u0117s reikmenys, skirti \u017eaisti su maisto gaminimu, namais ir restoranais. Jie puikiai atkurti, tod\u0117l imituoja tikrus puodus. Su jais j\u016bs\u0173 vaikas gali paruo\u0161ti vakarien\u0119 savo l\u0117l\u0117ms ar me\u0161kiukams. \u012e komplekt\u0105 \u012feina puodas, virdulys, keptuv\u0117, l\u0117k\u0161t\u0117s, stalo \u012frankiai, pjaustymo peiliai, pjaustymo lenta, indukcin\u0117 kaitlent\u0117, kepsnin\u0117 ir daug kit\u0173 nauding\u0173 pried\u0173. Virtuv\u0117s reikmen\u0173 rinkinys leid\u017eia \u012fdomiai \u017eaisti namuose, bare, restorane. Puod\u0173 rinkinys bus puiki dovanos id\u0117ja ir mergait\u0117ms, ir berniukams. Ry\u0161kios ir sodrios spalvos patrauks j\u016bs\u0173 vaiko d\u0117mes\u012f ir paskatins j\u012f \u017eaisti.<\/p>","protected":false},"excerpt":{"rendered":"<p>\u017daisliniai virtuv\u0117s reikmenys, skirti \u017eaisti su maisto gaminimu, namais ir restoranais. Jie puikiai atkurti, tod\u0117l imituoja tikrus puodus. Su jais<\/p>","protected":false},"featured_media":51106,"template":"","meta":{"_acf_changed":false,"_glsr_average":0,"_glsr_ranking":0,"_glsr_reviews":0},"product_brand":[],"product_cat":[399,282],"product_tag":[],"class_list":{"0":"post-90753","1":"product","2":"type-product","3":"status-publish","4":"has-post-thumbnail","6":"product_cat-vaidmenu-zaidimai-2","7":"product_cat-virtuves-reikmenys-vaidmenu-zaidimai","8":"\"style=\"background-color: #2ecc711c;\"","10":"first","11":"instock","12":"purchasable","13":"product-type-simple"},"acf":[],"yoast_head":"<!-- This site is optimized with the Yoast SEO plugin v27.3 - https:\/\/yoast.com\/product\/yoast-seo-wordpress\/ -->\n<title>Vaiki\u0161kas virtuv\u0117s rinkinys 36vnt<\/title>\n<meta name=\"description\" content=\"\u017daisliniai virtuv\u0117s reikmenys, skirti \u017eaisti su maisto gaminimu, namais ir restoranais. Jie puikiai atkurti, tod\u0117l imituoja tikrus puodus.\" \/>\n<meta name=\"robots\" content=\"index, follow, max-snippet:-1, max-image-preview:large, max-video-preview:-1\" \/>\n<link rel=\"canonical\" href=\"https:\/\/kidsplay.lt\/lv\/products\/vaikiskas-virtuves-rinkinys-36vnt\/\" \/>\n<meta property=\"og:locale\" content=\"lv_LV\" \/>\n<meta property=\"og:type\" content=\"article\" \/>\n<meta property=\"og:title\" content=\"Vaiki\u0161kas virtuv\u0117s rinkinys 36vnt\" \/>\n<meta property=\"og:description\" content=\"\u017daisliniai virtuv\u0117s reikmenys, skirti \u017eaisti su maisto gaminimu, namais ir restoranais. Jie puikiai atkurti, tod\u0117l imituoja tikrus puodus.\" \/>\n<meta property=\"og:url\" content=\"https:\/\/kidsplay.lt\/lv\/products\/vaikiskas-virtuves-rinkinys-36vnt\/\" \/>\n<meta property=\"og:site_name\" content=\"KidsPlay\" \/>\n<meta property=\"article:publisher\" content=\"https:\/\/www.facebook.com\/www.kidsplay.lt\" \/>\n<meta property=\"article:modified_time\" content=\"2026-04-07T08:05:12+00:00\" \/>\n<meta property=\"og:image\" content=\"https:\/\/kidsplay.lt\/wp-content\/uploads\/2024\/09\/Vaikiskas-virtuves-rinkinys-36vnt.jpg\" \/>\n\t<meta property=\"og:image:width\" content=\"1000\" \/>\n\t<meta property=\"og:image:height\" content=\"1000\" \/>\n\t<meta property=\"og:image:type\" content=\"image\/jpeg\" \/>\n<meta name=\"twitter:card\" content=\"summary_large_image\" \/>\n<script type=\"application\/ld+json\" class=\"yoast-schema-graph\">{\"@context\":\"https:\\\/\\\/schema.org\",\"@graph\":[{\"@type\":\"WebPage\",\"@id\":\"https:\\\/\\\/kidsplay.lt\\\/produktas\\\/vaikiskas-virtuves-rinkinys-36vnt\\\/\",\"url\":\"https:\\\/\\\/kidsplay.lt\\\/produktas\\\/vaikiskas-virtuves-rinkinys-36vnt\\\/\",\"name\":\"Vaiki\u0161kas virtuv\u0117s rinkinys 36vnt\",\"isPartOf\":{\"@id\":\"https:\\\/\\\/kidsplay.lt\\\/#website\"},\"primaryImageOfPage\":{\"@id\":\"https:\\\/\\\/kidsplay.lt\\\/produktas\\\/vaikiskas-virtuves-rinkinys-36vnt\\\/#primaryimage\"},\"image\":{\"@id\":\"https:\\\/\\\/kidsplay.lt\\\/produktas\\\/vaikiskas-virtuves-rinkinys-36vnt\\\/#primaryimage\"},\"thumbnailUrl\":\"https:\\\/\\\/kidsplay.lt\\\/wp-content\\\/uploads\\\/2024\\\/09\\\/Vaikiskas-virtuves-rinkinys-36vnt.jpg\",\"datePublished\":\"2026-02-26T07:52:31+00:00\",\"dateModified\":\"2026-04-07T08:05:12+00:00\",\"description\":\"\u017daisliniai virtuv\u0117s reikmenys, skirti \u017eaisti su maisto gaminimu, namais ir restoranais. Jie puikiai atkurti, tod\u0117l imituoja tikrus puodus.\",\"breadcrumb\":{\"@id\":\"https:\\\/\\\/kidsplay.lt\\\/produktas\\\/vaikiskas-virtuves-rinkinys-36vnt\\\/#breadcrumb\"},\"inLanguage\":\"lv-LV\",\"potentialAction\":[{\"@type\":\"ReadAction\",\"target\":[\"https:\\\/\\\/kidsplay.lt\\\/produktas\\\/vaikiskas-virtuves-rinkinys-36vnt\\\/\"]}]},{\"@type\":\"ImageObject\",\"inLanguage\":\"lv-LV\",\"@id\":\"https:\\\/\\\/kidsplay.lt\\\/produktas\\\/vaikiskas-virtuves-rinkinys-36vnt\\\/#primaryimage\",\"url\":\"https:\\\/\\\/kidsplay.lt\\\/wp-content\\\/uploads\\\/2024\\\/09\\\/Vaikiskas-virtuves-rinkinys-36vnt.jpg\",\"contentUrl\":\"https:\\\/\\\/kidsplay.lt\\\/wp-content\\\/uploads\\\/2024\\\/09\\\/Vaikiskas-virtuves-rinkinys-36vnt.jpg\",\"width\":1000,\"height\":1000,\"caption\":\"Vaiki\u0161kas virtuv\u0117s rinkinys 36vnt\"},{\"@type\":\"BreadcrumbList\",\"@id\":\"https:\\\/\\\/kidsplay.lt\\\/produktas\\\/vaikiskas-virtuves-rinkinys-36vnt\\\/#breadcrumb\",\"itemListElement\":[{\"@type\":\"ListItem\",\"position\":1,\"name\":\"Pagrindinis\",\"item\":\"https:\\\/\\\/kidsplay.lt\\\/\"},{\"@type\":\"ListItem\",\"position\":2,\"name\":\"Parduotuv\u0117\",\"item\":\"https:\\\/\\\/kidsplay.lt\\\/parduotuve\\\/\"},{\"@type\":\"ListItem\",\"position\":3,\"name\":\"Vaiki\u0161kas virtuv\u0117s rinkinys 36vnt\"}]},{\"@type\":\"WebSite\",\"@id\":\"https:\\\/\\\/kidsplay.lt\\\/#website\",\"url\":\"https:\\\/\\\/kidsplay.lt\\\/\",\"name\":\"Kidsplay.lt\",\"description\":\"\u012evairios prek\u0117s vaikams\",\"publisher\":{\"@id\":\"https:\\\/\\\/kidsplay.lt\\\/#organization\"},\"alternateName\":\"Kidsplay\",\"potentialAction\":[{\"@type\":\"SearchAction\",\"target\":{\"@type\":\"EntryPoint\",\"urlTemplate\":\"https:\\\/\\\/kidsplay.lt\\\/?s={search_term_string}\"},\"query-input\":{\"@type\":\"PropertyValueSpecification\",\"valueRequired\":true,\"valueName\":\"search_term_string\"}}],\"inLanguage\":\"lv-LV\"},{\"@type\":\"Organization\",\"@id\":\"https:\\\/\\\/kidsplay.lt\\\/#organization\",\"name\":\"KidsPlay\",\"url\":\"https:\\\/\\\/kidsplay.lt\\\/\",\"logo\":{\"@type\":\"ImageObject\",\"inLanguage\":\"lv-LV\",\"@id\":\"https:\\\/\\\/kidsplay.lt\\\/#\\\/schema\\\/logo\\\/image\\\/\",\"url\":\"https:\\\/\\\/kidsplay.lt\\\/wp-content\\\/uploads\\\/2023\\\/07\\\/kidsplay-logo.png\",\"contentUrl\":\"https:\\\/\\\/kidsplay.lt\\\/wp-content\\\/uploads\\\/2023\\\/07\\\/kidsplay-logo.png\",\"width\":451,\"height\":98,\"caption\":\"KidsPlay\"},\"image\":{\"@id\":\"https:\\\/\\\/kidsplay.lt\\\/#\\\/schema\\\/logo\\\/image\\\/\"},\"sameAs\":[\"https:\\\/\\\/www.facebook.com\\\/www.kidsplay.lt\"]}]}<\/script>\n<!-- \/ Yoast SEO plugin. -->","yoast_head_json":{"title":"Vaiki\u0161kas virtuv\u0117s rinkinys 36vnt","description":"\u017daisliniai virtuv\u0117s reikmenys, skirti \u017eaisti su maisto gaminimu, namais ir restoranais. Jie puikiai atkurti, tod\u0117l imituoja tikrus puodus.","robots":{"index":"index","follow":"follow","max-snippet":"max-snippet:-1","max-image-preview":"max-image-preview:large","max-video-preview":"max-video-preview:-1"},"canonical":"https:\/\/kidsplay.lt\/lv\/products\/vaikiskas-virtuves-rinkinys-36vnt\/","og_locale":"lv_LV","og_type":"article","og_title":"Vaiki\u0161kas virtuv\u0117s rinkinys 36vnt","og_description":"\u017daisliniai virtuv\u0117s reikmenys, skirti \u017eaisti su maisto gaminimu, namais ir restoranais. Jie puikiai atkurti, tod\u0117l imituoja tikrus puodus.","og_url":"https:\/\/kidsplay.lt\/lv\/products\/vaikiskas-virtuves-rinkinys-36vnt\/","og_site_name":"KidsPlay","article_publisher":"https:\/\/www.facebook.com\/www.kidsplay.lt","article_modified_time":"2026-04-07T08:05:12+00:00","og_image":[{"width":1000,"height":1000,"url":"https:\/\/kidsplay.lt\/wp-content\/uploads\/2024\/09\/Vaikiskas-virtuves-rinkinys-36vnt.jpg","type":"image\/jpeg"}],"twitter_card":"summary_large_image","schema":{"@context":"https:\/\/schema.org","@graph":[{"@type":"WebPage","@id":"https:\/\/kidsplay.lt\/produktas\/vaikiskas-virtuves-rinkinys-36vnt\/","url":"https:\/\/kidsplay.lt\/produktas\/vaikiskas-virtuves-rinkinys-36vnt\/","name":"Vaiki\u0161kas virtuv\u0117s rinkinys 36vnt","isPartOf":{"@id":"https:\/\/kidsplay.lt\/#website"},"primaryImageOfPage":{"@id":"https:\/\/kidsplay.lt\/produktas\/vaikiskas-virtuves-rinkinys-36vnt\/#primaryimage"},"image":{"@id":"https:\/\/kidsplay.lt\/produktas\/vaikiskas-virtuves-rinkinys-36vnt\/#primaryimage"},"thumbnailUrl":"https:\/\/kidsplay.lt\/wp-content\/uploads\/2024\/09\/Vaikiskas-virtuves-rinkinys-36vnt.jpg","datePublished":"2026-02-26T07:52:31+00:00","dateModified":"2026-04-07T08:05:12+00:00","description":"\u017daisliniai virtuv\u0117s reikmenys, skirti \u017eaisti su maisto gaminimu, namais ir restoranais. Jie puikiai atkurti, tod\u0117l imituoja tikrus puodus.","breadcrumb":{"@id":"https:\/\/kidsplay.lt\/produktas\/vaikiskas-virtuves-rinkinys-36vnt\/#breadcrumb"},"inLanguage":"lv-LV","potentialAction":[{"@type":"ReadAction","target":["https:\/\/kidsplay.lt\/produktas\/vaikiskas-virtuves-rinkinys-36vnt\/"]}]},{"@type":"ImageObject","inLanguage":"lv-LV","@id":"https:\/\/kidsplay.lt\/produktas\/vaikiskas-virtuves-rinkinys-36vnt\/#primaryimage","url":"https:\/\/kidsplay.lt\/wp-content\/uploads\/2024\/09\/Vaikiskas-virtuves-rinkinys-36vnt.jpg","contentUrl":"https:\/\/kidsplay.lt\/wp-content\/uploads\/2024\/09\/Vaikiskas-virtuves-rinkinys-36vnt.jpg","width":1000,"height":1000,"caption":"Vaiki\u0161kas virtuv\u0117s rinkinys 36vnt"},{"@type":"BreadcrumbList","@id":"https:\/\/kidsplay.lt\/produktas\/vaikiskas-virtuves-rinkinys-36vnt\/#breadcrumb","itemListElement":[{"@type":"ListItem","position":1,"name":"Pagrindinis","item":"https:\/\/kidsplay.lt\/"},{"@type":"ListItem","position":2,"name":"Parduotuv\u0117","item":"https:\/\/kidsplay.lt\/parduotuve\/"},{"@type":"ListItem","position":3,"name":"Vaiki\u0161kas virtuv\u0117s rinkinys 36vnt"}]},{"@type":"WebSite","@id":"https:\/\/kidsplay.lt\/#website","url":"https:\/\/kidsplay.lt\/","name":"B\u0113rnu sp\u0113les.lv","description":"\u012evairios prek\u0117s vaikams","publisher":{"@id":"https:\/\/kidsplay.lt\/#organization"},"alternateName":"Kidsplay","potentialAction":[{"@type":"SearchAction","target":{"@type":"EntryPoint","urlTemplate":"https:\/\/kidsplay.lt\/?s={search_term_string}"},"query-input":{"@type":"PropertyValueSpecification","valueRequired":true,"valueName":"search_term_string"}}],"inLanguage":"lv-LV"},{"@type":"Organization","@id":"https:\/\/kidsplay.lt\/#organization","name":"B\u0113rnu sp\u0113le","url":"https:\/\/kidsplay.lt\/","logo":{"@type":"ImageObject","inLanguage":"lv-LV","@id":"https:\/\/kidsplay.lt\/#\/schema\/logo\/image\/","url":"https:\/\/kidsplay.lt\/wp-content\/uploads\/2023\/07\/kidsplay-logo.png","contentUrl":"https:\/\/kidsplay.lt\/wp-content\/uploads\/2023\/07\/kidsplay-logo.png","width":451,"height":98,"caption":"KidsPlay"},"image":{"@id":"https:\/\/kidsplay.lt\/#\/schema\/logo\/image\/"},"sameAs":["https:\/\/www.facebook.com\/www.kidsplay.lt"]}]}},"_links":{"self":[{"href":"https:\/\/kidsplay.lt\/lv\/wp-json\/wp\/v2\/product\/90753","targetHints":{"allow":["GET"]}}],"collection":[{"href":"https:\/\/kidsplay.lt\/lv\/wp-json\/wp\/v2\/product"}],"about":[{"href":"https:\/\/kidsplay.lt\/lv\/wp-json\/wp\/v2\/types\/product"}],"version-history":[{"count":1,"href":"https:\/\/kidsplay.lt\/lv\/wp-json\/wp\/v2\/product\/90753\/revisions"}],"predecessor-version":[{"id":90754,"href":"https:\/\/kidsplay.lt\/lv\/wp-json\/wp\/v2\/product\/90753\/revisions\/90754"}],"wp:featuredmedia":[{"embeddable":true,"href":"https:\/\/kidsplay.lt\/lv\/wp-json\/wp\/v2\/media\/51106"}],"wp:attachment":[{"href":"https:\/\/kidsplay.lt\/lv\/wp-json\/wp\/v2\/media?parent=90753"}],"wp:term":[{"taxonomy":"product_brand","embeddable":true,"href":"https:\/\/kidsplay.lt\/lv\/wp-json\/wp\/v2\/product_brand?post=90753"},{"taxonomy":"product_cat","embeddable":true,"href":"https:\/\/kidsplay.lt\/lv\/wp-json\/wp\/v2\/product_cat?post=90753"},{"taxonomy":"product_tag","embeddable":true,"href":"https:\/\/kidsplay.lt\/lv\/wp-json\/wp\/v2\/product_tag?post=90753"}],"curies":[{"name":"wp","href":"https:\/\/api.w.org\/{rel}","templated":true}]}}