{"id":90755,"date":"2026-02-26T09:52:34","date_gmt":"2026-02-26T07:52:34","guid":{"rendered":"https:\/\/kidsplay.lt\/produktas\/lyginimo-komplektas-2in1-lenta-skalbiniu-krepselis\/"},"modified":"2026-04-07T11:05:15","modified_gmt":"2026-04-07T08:05:15","slug":"lyginimo-komplektas-2in1-lenta-skalbiniu-krepselis","status":"publish","type":"product","link":"https:\/\/kidsplay.lt\/lv\/products\/lyginimo-komplektas-2in1-lenta-skalbiniu-krepselis\/","title":{"rendered":"Lyginimo komplektas 2in1 lenta + skalbini\u0173 krep\u0161elis"},"content":{"rendered":"<p>Komplekte yra lygintuvas, lyginimo lenta, skalbini\u0173 krep\u0161elis, dvi pakabos ir skalbimo milteli\u0173 pakuot\u0117. Lygintuvas yra saugus \u017eaislas vaikams, ne\u012fkaista. Jame yra daug funkcij\u0173 , kurios pa\u012fvairins linksmybes: \u0161vie\u010dianti LED lempa ir garso efektai . Zaislas veikia ir nepripildydamas vandens. Tai puikus rinkinys vaikams, kurie m\u0117gsta m\u0117gd\u017eioti savo t\u0117vus kasdien\u0117je veikloje.<\/p>\n<p>&#8211; \u017eaislas nuo 3 met\u0173 am\u017eiaus<br \/>\n&#8211; rinkin\u012f sudaro 6 elementai<br \/>\n&#8211; idealus rinkinys nedidelei seimininkei<br \/>\n&#8211; lygintuvas ne\u012fkaista<br \/>\n&#8211; ap\u0161vietimo efektai<br \/>\n&#8211; stabilizavosi lyginimo lenta<\/p>","protected":false},"excerpt":{"rendered":"<p>Komplekte yra lygintuvas, lyginimo lenta, skalbini\u0173 krep\u0161elis, dvi pakabos ir skalbimo milteli\u0173 pakuot\u0117. Lygintuvas yra saugus \u017eaislas vaikams, ne\u012fkaista. Jame<\/p>","protected":false},"featured_media":51152,"template":"","meta":{"_acf_changed":false,"_glsr_average":0,"_glsr_ranking":0,"_glsr_reviews":0},"product_brand":[],"product_cat":[896,229],"product_tag":[],"class_list":{"0":"post-90755","1":"product","2":"type-product","3":"status-publish","4":"has-post-thumbnail","6":"product_cat-namu-ukis-vaidmenu-zaidimai","7":"product_cat-zaislai-vaikams","8":"\"style=\"background-color: #2ecc711c;\"","10":"first","11":"instock","12":"purchasable","13":"product-type-simple"},"acf":[],"yoast_head":"<!-- This site is optimized with the Yoast SEO plugin v27.3 - https:\/\/yoast.com\/product\/yoast-seo-wordpress\/ -->\n<title>Lyginimo komplektas 2in1 lenta + skalbini\u0173 krep\u0161elis<\/title>\n<meta name=\"description\" content=\"Komplekte yra lygintuvas, lyginimo lenta, skalbini\u0173 krep\u0161elis, dvi pakabos ir skalbimo milteli\u0173 pakuot\u0117. Lygintuvas yra saugus \u017eaislas vaikams.\" \/>\n<meta name=\"robots\" content=\"index, follow, max-snippet:-1, max-image-preview:large, max-video-preview:-1\" \/>\n<link rel=\"canonical\" href=\"https:\/\/kidsplay.lt\/lv\/products\/lyginimo-komplektas-2in1-lenta-skalbiniu-krepselis\/\" \/>\n<meta property=\"og:locale\" content=\"lv_LV\" \/>\n<meta property=\"og:type\" content=\"article\" \/>\n<meta property=\"og:title\" content=\"Lyginimo komplektas 2in1 lenta + skalbini\u0173 krep\u0161elis\" \/>\n<meta property=\"og:description\" content=\"Komplekte yra lygintuvas, lyginimo lenta, skalbini\u0173 krep\u0161elis, dvi pakabos ir skalbimo milteli\u0173 pakuot\u0117. Lygintuvas yra saugus \u017eaislas vaikams.\" \/>\n<meta property=\"og:url\" content=\"https:\/\/kidsplay.lt\/lv\/products\/lyginimo-komplektas-2in1-lenta-skalbiniu-krepselis\/\" \/>\n<meta property=\"og:site_name\" content=\"KidsPlay\" \/>\n<meta property=\"article:publisher\" content=\"https:\/\/www.facebook.com\/www.kidsplay.lt\" \/>\n<meta property=\"article:modified_time\" content=\"2026-04-07T08:05:15+00:00\" \/>\n<meta property=\"og:image\" content=\"https:\/\/kidsplay.lt\/wp-content\/uploads\/2024\/09\/Lyginimo-komplektas-2in1-lenta-skalbiniu-krepselis.jpg\" \/>\n\t<meta property=\"og:image:width\" content=\"1000\" \/>\n\t<meta property=\"og:image:height\" content=\"1000\" \/>\n\t<meta property=\"og:image:type\" content=\"image\/jpeg\" \/>\n<meta name=\"twitter:card\" content=\"summary_large_image\" \/>\n<script type=\"application\/ld+json\" class=\"yoast-schema-graph\">{\"@context\":\"https:\\\/\\\/schema.org\",\"@graph\":[{\"@type\":\"WebPage\",\"@id\":\"https:\\\/\\\/kidsplay.lt\\\/produktas\\\/lyginimo-komplektas-2in1-lenta-skalbiniu-krepselis\\\/\",\"url\":\"https:\\\/\\\/kidsplay.lt\\\/produktas\\\/lyginimo-komplektas-2in1-lenta-skalbiniu-krepselis\\\/\",\"name\":\"Lyginimo komplektas 2in1 lenta + skalbini\u0173 krep\u0161elis\",\"isPartOf\":{\"@id\":\"https:\\\/\\\/kidsplay.lt\\\/#website\"},\"primaryImageOfPage\":{\"@id\":\"https:\\\/\\\/kidsplay.lt\\\/produktas\\\/lyginimo-komplektas-2in1-lenta-skalbiniu-krepselis\\\/#primaryimage\"},\"image\":{\"@id\":\"https:\\\/\\\/kidsplay.lt\\\/produktas\\\/lyginimo-komplektas-2in1-lenta-skalbiniu-krepselis\\\/#primaryimage\"},\"thumbnailUrl\":\"https:\\\/\\\/kidsplay.lt\\\/wp-content\\\/uploads\\\/2024\\\/09\\\/Lyginimo-komplektas-2in1-lenta-skalbiniu-krepselis.jpg\",\"datePublished\":\"2026-02-26T07:52:34+00:00\",\"dateModified\":\"2026-04-07T08:05:15+00:00\",\"description\":\"Komplekte yra lygintuvas, lyginimo lenta, skalbini\u0173 krep\u0161elis, dvi pakabos ir skalbimo milteli\u0173 pakuot\u0117. Lygintuvas yra saugus \u017eaislas vaikams.\",\"breadcrumb\":{\"@id\":\"https:\\\/\\\/kidsplay.lt\\\/produktas\\\/lyginimo-komplektas-2in1-lenta-skalbiniu-krepselis\\\/#breadcrumb\"},\"inLanguage\":\"lv-LV\",\"potentialAction\":[{\"@type\":\"ReadAction\",\"target\":[\"https:\\\/\\\/kidsplay.lt\\\/produktas\\\/lyginimo-komplektas-2in1-lenta-skalbiniu-krepselis\\\/\"]}]},{\"@type\":\"ImageObject\",\"inLanguage\":\"lv-LV\",\"@id\":\"https:\\\/\\\/kidsplay.lt\\\/produktas\\\/lyginimo-komplektas-2in1-lenta-skalbiniu-krepselis\\\/#primaryimage\",\"url\":\"https:\\\/\\\/kidsplay.lt\\\/wp-content\\\/uploads\\\/2024\\\/09\\\/Lyginimo-komplektas-2in1-lenta-skalbiniu-krepselis.jpg\",\"contentUrl\":\"https:\\\/\\\/kidsplay.lt\\\/wp-content\\\/uploads\\\/2024\\\/09\\\/Lyginimo-komplektas-2in1-lenta-skalbiniu-krepselis.jpg\",\"width\":1000,\"height\":1000,\"caption\":\"Lyginimo komplektas 2in1 lenta + skalbini\u0173 krep\u0161elis\"},{\"@type\":\"BreadcrumbList\",\"@id\":\"https:\\\/\\\/kidsplay.lt\\\/produktas\\\/lyginimo-komplektas-2in1-lenta-skalbiniu-krepselis\\\/#breadcrumb\",\"itemListElement\":[{\"@type\":\"ListItem\",\"position\":1,\"name\":\"Pagrindinis\",\"item\":\"https:\\\/\\\/kidsplay.lt\\\/\"},{\"@type\":\"ListItem\",\"position\":2,\"name\":\"Parduotuv\u0117\",\"item\":\"https:\\\/\\\/kidsplay.lt\\\/parduotuve\\\/\"},{\"@type\":\"ListItem\",\"position\":3,\"name\":\"Lyginimo komplektas 2in1 lenta + skalbini\u0173 krep\u0161elis\"}]},{\"@type\":\"WebSite\",\"@id\":\"https:\\\/\\\/kidsplay.lt\\\/#website\",\"url\":\"https:\\\/\\\/kidsplay.lt\\\/\",\"name\":\"Kidsplay.lt\",\"description\":\"\u012evairios prek\u0117s vaikams\",\"publisher\":{\"@id\":\"https:\\\/\\\/kidsplay.lt\\\/#organization\"},\"alternateName\":\"Kidsplay\",\"potentialAction\":[{\"@type\":\"SearchAction\",\"target\":{\"@type\":\"EntryPoint\",\"urlTemplate\":\"https:\\\/\\\/kidsplay.lt\\\/?s={search_term_string}\"},\"query-input\":{\"@type\":\"PropertyValueSpecification\",\"valueRequired\":true,\"valueName\":\"search_term_string\"}}],\"inLanguage\":\"lv-LV\"},{\"@type\":\"Organization\",\"@id\":\"https:\\\/\\\/kidsplay.lt\\\/#organization\",\"name\":\"KidsPlay\",\"url\":\"https:\\\/\\\/kidsplay.lt\\\/\",\"logo\":{\"@type\":\"ImageObject\",\"inLanguage\":\"lv-LV\",\"@id\":\"https:\\\/\\\/kidsplay.lt\\\/#\\\/schema\\\/logo\\\/image\\\/\",\"url\":\"https:\\\/\\\/kidsplay.lt\\\/wp-content\\\/uploads\\\/2023\\\/07\\\/kidsplay-logo.png\",\"contentUrl\":\"https:\\\/\\\/kidsplay.lt\\\/wp-content\\\/uploads\\\/2023\\\/07\\\/kidsplay-logo.png\",\"width\":451,\"height\":98,\"caption\":\"KidsPlay\"},\"image\":{\"@id\":\"https:\\\/\\\/kidsplay.lt\\\/#\\\/schema\\\/logo\\\/image\\\/\"},\"sameAs\":[\"https:\\\/\\\/www.facebook.com\\\/www.kidsplay.lt\"]}]}<\/script>\n<!-- \/ Yoast SEO plugin. -->","yoast_head_json":{"title":"Lyginimo komplektas 2in1 lenta + skalbini\u0173 krep\u0161elis","description":"Komplekte yra lygintuvas, lyginimo lenta, skalbini\u0173 krep\u0161elis, dvi pakabos ir skalbimo milteli\u0173 pakuot\u0117. Lygintuvas yra saugus \u017eaislas vaikams.","robots":{"index":"index","follow":"follow","max-snippet":"max-snippet:-1","max-image-preview":"max-image-preview:large","max-video-preview":"max-video-preview:-1"},"canonical":"https:\/\/kidsplay.lt\/lv\/products\/lyginimo-komplektas-2in1-lenta-skalbiniu-krepselis\/","og_locale":"lv_LV","og_type":"article","og_title":"Lyginimo komplektas 2in1 lenta + skalbini\u0173 krep\u0161elis","og_description":"Komplekte yra lygintuvas, lyginimo lenta, skalbini\u0173 krep\u0161elis, dvi pakabos ir skalbimo milteli\u0173 pakuot\u0117. Lygintuvas yra saugus \u017eaislas vaikams.","og_url":"https:\/\/kidsplay.lt\/lv\/products\/lyginimo-komplektas-2in1-lenta-skalbiniu-krepselis\/","og_site_name":"KidsPlay","article_publisher":"https:\/\/www.facebook.com\/www.kidsplay.lt","article_modified_time":"2026-04-07T08:05:15+00:00","og_image":[{"width":1000,"height":1000,"url":"https:\/\/kidsplay.lt\/wp-content\/uploads\/2024\/09\/Lyginimo-komplektas-2in1-lenta-skalbiniu-krepselis.jpg","type":"image\/jpeg"}],"twitter_card":"summary_large_image","schema":{"@context":"https:\/\/schema.org","@graph":[{"@type":"WebPage","@id":"https:\/\/kidsplay.lt\/produktas\/lyginimo-komplektas-2in1-lenta-skalbiniu-krepselis\/","url":"https:\/\/kidsplay.lt\/produktas\/lyginimo-komplektas-2in1-lenta-skalbiniu-krepselis\/","name":"Lyginimo komplektas 2in1 lenta + skalbini\u0173 krep\u0161elis","isPartOf":{"@id":"https:\/\/kidsplay.lt\/#website"},"primaryImageOfPage":{"@id":"https:\/\/kidsplay.lt\/produktas\/lyginimo-komplektas-2in1-lenta-skalbiniu-krepselis\/#primaryimage"},"image":{"@id":"https:\/\/kidsplay.lt\/produktas\/lyginimo-komplektas-2in1-lenta-skalbiniu-krepselis\/#primaryimage"},"thumbnailUrl":"https:\/\/kidsplay.lt\/wp-content\/uploads\/2024\/09\/Lyginimo-komplektas-2in1-lenta-skalbiniu-krepselis.jpg","datePublished":"2026-02-26T07:52:34+00:00","dateModified":"2026-04-07T08:05:15+00:00","description":"Komplekte yra lygintuvas, lyginimo lenta, skalbini\u0173 krep\u0161elis, dvi pakabos ir skalbimo milteli\u0173 pakuot\u0117. Lygintuvas yra saugus \u017eaislas vaikams.","breadcrumb":{"@id":"https:\/\/kidsplay.lt\/produktas\/lyginimo-komplektas-2in1-lenta-skalbiniu-krepselis\/#breadcrumb"},"inLanguage":"lv-LV","potentialAction":[{"@type":"ReadAction","target":["https:\/\/kidsplay.lt\/produktas\/lyginimo-komplektas-2in1-lenta-skalbiniu-krepselis\/"]}]},{"@type":"ImageObject","inLanguage":"lv-LV","@id":"https:\/\/kidsplay.lt\/produktas\/lyginimo-komplektas-2in1-lenta-skalbiniu-krepselis\/#primaryimage","url":"https:\/\/kidsplay.lt\/wp-content\/uploads\/2024\/09\/Lyginimo-komplektas-2in1-lenta-skalbiniu-krepselis.jpg","contentUrl":"https:\/\/kidsplay.lt\/wp-content\/uploads\/2024\/09\/Lyginimo-komplektas-2in1-lenta-skalbiniu-krepselis.jpg","width":1000,"height":1000,"caption":"Lyginimo komplektas 2in1 lenta + skalbini\u0173 krep\u0161elis"},{"@type":"BreadcrumbList","@id":"https:\/\/kidsplay.lt\/produktas\/lyginimo-komplektas-2in1-lenta-skalbiniu-krepselis\/#breadcrumb","itemListElement":[{"@type":"ListItem","position":1,"name":"Pagrindinis","item":"https:\/\/kidsplay.lt\/"},{"@type":"ListItem","position":2,"name":"Parduotuv\u0117","item":"https:\/\/kidsplay.lt\/parduotuve\/"},{"@type":"ListItem","position":3,"name":"Lyginimo komplektas 2in1 lenta + skalbini\u0173 krep\u0161elis"}]},{"@type":"WebSite","@id":"https:\/\/kidsplay.lt\/#website","url":"https:\/\/kidsplay.lt\/","name":"B\u0113rnu sp\u0113les.lv","description":"\u012evairios prek\u0117s vaikams","publisher":{"@id":"https:\/\/kidsplay.lt\/#organization"},"alternateName":"Kidsplay","potentialAction":[{"@type":"SearchAction","target":{"@type":"EntryPoint","urlTemplate":"https:\/\/kidsplay.lt\/?s={search_term_string}"},"query-input":{"@type":"PropertyValueSpecification","valueRequired":true,"valueName":"search_term_string"}}],"inLanguage":"lv-LV"},{"@type":"Organization","@id":"https:\/\/kidsplay.lt\/#organization","name":"B\u0113rnu sp\u0113le","url":"https:\/\/kidsplay.lt\/","logo":{"@type":"ImageObject","inLanguage":"lv-LV","@id":"https:\/\/kidsplay.lt\/#\/schema\/logo\/image\/","url":"https:\/\/kidsplay.lt\/wp-content\/uploads\/2023\/07\/kidsplay-logo.png","contentUrl":"https:\/\/kidsplay.lt\/wp-content\/uploads\/2023\/07\/kidsplay-logo.png","width":451,"height":98,"caption":"KidsPlay"},"image":{"@id":"https:\/\/kidsplay.lt\/#\/schema\/logo\/image\/"},"sameAs":["https:\/\/www.facebook.com\/www.kidsplay.lt"]}]}},"_links":{"self":[{"href":"https:\/\/kidsplay.lt\/lv\/wp-json\/wp\/v2\/product\/90755","targetHints":{"allow":["GET"]}}],"collection":[{"href":"https:\/\/kidsplay.lt\/lv\/wp-json\/wp\/v2\/product"}],"about":[{"href":"https:\/\/kidsplay.lt\/lv\/wp-json\/wp\/v2\/types\/product"}],"version-history":[{"count":1,"href":"https:\/\/kidsplay.lt\/lv\/wp-json\/wp\/v2\/product\/90755\/revisions"}],"predecessor-version":[{"id":90756,"href":"https:\/\/kidsplay.lt\/lv\/wp-json\/wp\/v2\/product\/90755\/revisions\/90756"}],"wp:featuredmedia":[{"embeddable":true,"href":"https:\/\/kidsplay.lt\/lv\/wp-json\/wp\/v2\/media\/51152"}],"wp:attachment":[{"href":"https:\/\/kidsplay.lt\/lv\/wp-json\/wp\/v2\/media?parent=90755"}],"wp:term":[{"taxonomy":"product_brand","embeddable":true,"href":"https:\/\/kidsplay.lt\/lv\/wp-json\/wp\/v2\/product_brand?post=90755"},{"taxonomy":"product_cat","embeddable":true,"href":"https:\/\/kidsplay.lt\/lv\/wp-json\/wp\/v2\/product_cat?post=90755"},{"taxonomy":"product_tag","embeddable":true,"href":"https:\/\/kidsplay.lt\/lv\/wp-json\/wp\/v2\/product_tag?post=90755"}],"curies":[{"name":"wp","href":"https:\/\/api.w.org\/{rel}","templated":true}]}}