{"id":90757,"date":"2026-02-26T09:52:36","date_gmt":"2026-02-26T07:52:36","guid":{"rendered":"https:\/\/kidsplay.lt\/produktas\/lyginimo-lenta-su-muzika-ir-priedais\/"},"modified":"2026-04-13T15:30:16","modified_gmt":"2026-04-13T12:30:16","slug":"lyginimo-lenta-su-muzika-ir-priedais","status":"publish","type":"product","link":"https:\/\/kidsplay.lt\/lv\/products\/lyginimo-lenta-su-muzika-ir-priedais\/","title":{"rendered":"Gludin\u0101mais d\u0113lis ar m\u016bziku un aksesu\u0101riem"},"content":{"rendered":"<p>Lyginimo rinkin\u012f sudaro banginio formos lygintuvas, lyginimo lenta, skalbini\u0173 krep\u0161elis, dvi pakabos ir dvi skalbimo milteli\u0173 pakuot\u0117s. Lygintuvas yra saugus \u017eaislas vaikams, ne\u012fkaista. Jame yra daug funkcij\u0173 , kurios pa\u012fvairins linksmybes: \u0161vie\u010dianti LED lempa ir garso efektai. \u017daislas veikia ir nepripildydamas vandens.<\/p>\n<p>&#8211; \u017eaislas nuo 3 met\u0173 am\u017eiaus,<br \/>\n&#8211; rinkin\u012f sudaro 7 elementai,<br \/>\n&#8211; ap\u0161vietimo efektai (LED lempa),<br \/>\n&#8211; garso efektai,<br \/>\n&#8211; Saugus lyginimui vaikams &#8211; nekaist<\/p>","protected":false},"excerpt":{"rendered":"<p>Lyginimo rinkin\u012f sudaro banginio formos lygintuvas, lyginimo lenta, skalbini\u0173 krep\u0161elis, dvi pakabos ir dvi skalbimo milteli\u0173 pakuot\u0117s. Lygintuvas yra saugus<\/p>","protected":false},"featured_media":72180,"template":"","meta":{"_acf_changed":false,"_glsr_average":0,"_glsr_ranking":0,"_glsr_reviews":0},"product_brand":[],"product_cat":[896,399,229],"product_tag":[],"class_list":{"0":"post-90757","1":"product","2":"type-product","3":"status-publish","4":"has-post-thumbnail","6":"product_cat-namu-ukis-vaidmenu-zaidimai","7":"product_cat-vaidmenu-zaidimai-2","8":"product_cat-zaislai-vaikams","9":"\"style=\"background-color: #2ecc711c;\"","11":"first","12":"instock","13":"purchasable","14":"product-type-simple"},"acf":[],"yoast_head":"<!-- This site is optimized with the Yoast SEO plugin v27.3 - https:\/\/yoast.com\/product\/yoast-seo-wordpress\/ -->\n<title>Lyginimo lenta su muzika ir priedais<\/title>\n<meta name=\"description\" content=\"Lyginimo rinkin\u012f sudaro banginio formos lygintuvas, lyginimo lenta, skalbini\u0173 krep\u0161elis, dvi pakabos ir dvi skalbimo milteli\u0173 pakuot\u0117s.\" \/>\n<meta name=\"robots\" content=\"index, follow, max-snippet:-1, max-image-preview:large, max-video-preview:-1\" \/>\n<link rel=\"canonical\" href=\"https:\/\/kidsplay.lt\/lv\/products\/lyginimo-lenta-su-muzika-ir-priedais\/\" \/>\n<meta property=\"og:locale\" content=\"lv_LV\" \/>\n<meta property=\"og:type\" content=\"article\" \/>\n<meta property=\"og:title\" content=\"Lyginimo lenta su muzika ir priedais\" \/>\n<meta property=\"og:description\" content=\"Lyginimo rinkin\u012f sudaro banginio formos lygintuvas, lyginimo lenta, skalbini\u0173 krep\u0161elis, dvi pakabos ir dvi skalbimo milteli\u0173 pakuot\u0117s.\" \/>\n<meta property=\"og:url\" content=\"https:\/\/kidsplay.lt\/lv\/products\/lyginimo-lenta-su-muzika-ir-priedais\/\" \/>\n<meta property=\"og:site_name\" content=\"KidsPlay\" \/>\n<meta property=\"article:publisher\" content=\"https:\/\/www.facebook.com\/www.kidsplay.lt\" \/>\n<meta property=\"article:modified_time\" content=\"2026-04-13T12:30:16+00:00\" \/>\n<meta property=\"og:image\" content=\"https:\/\/kidsplay.lt\/wp-content\/uploads\/2025\/10\/Lyginimo-lenta-su-muzika-ir-priedais.jpg\" \/>\n\t<meta property=\"og:image:width\" content=\"1000\" \/>\n\t<meta property=\"og:image:height\" content=\"1000\" \/>\n\t<meta property=\"og:image:type\" content=\"image\/jpeg\" \/>\n<meta name=\"twitter:card\" content=\"summary_large_image\" \/>\n<script type=\"application\/ld+json\" class=\"yoast-schema-graph\">{\"@context\":\"https:\\\/\\\/schema.org\",\"@graph\":[{\"@type\":\"WebPage\",\"@id\":\"https:\\\/\\\/kidsplay.lt\\\/produktas\\\/lyginimo-lenta-su-muzika-ir-priedais\\\/\",\"url\":\"https:\\\/\\\/kidsplay.lt\\\/produktas\\\/lyginimo-lenta-su-muzika-ir-priedais\\\/\",\"name\":\"Lyginimo lenta su muzika ir priedais\",\"isPartOf\":{\"@id\":\"https:\\\/\\\/kidsplay.lt\\\/#website\"},\"primaryImageOfPage\":{\"@id\":\"https:\\\/\\\/kidsplay.lt\\\/produktas\\\/lyginimo-lenta-su-muzika-ir-priedais\\\/#primaryimage\"},\"image\":{\"@id\":\"https:\\\/\\\/kidsplay.lt\\\/produktas\\\/lyginimo-lenta-su-muzika-ir-priedais\\\/#primaryimage\"},\"thumbnailUrl\":\"https:\\\/\\\/kidsplay.lt\\\/wp-content\\\/uploads\\\/2025\\\/10\\\/Lyginimo-lenta-su-muzika-ir-priedais.jpg\",\"datePublished\":\"2026-02-26T07:52:36+00:00\",\"dateModified\":\"2026-04-13T12:30:16+00:00\",\"description\":\"Lyginimo rinkin\u012f sudaro banginio formos lygintuvas, lyginimo lenta, skalbini\u0173 krep\u0161elis, dvi pakabos ir dvi skalbimo milteli\u0173 pakuot\u0117s.\",\"breadcrumb\":{\"@id\":\"https:\\\/\\\/kidsplay.lt\\\/produktas\\\/lyginimo-lenta-su-muzika-ir-priedais\\\/#breadcrumb\"},\"inLanguage\":\"lv-LV\",\"potentialAction\":[{\"@type\":\"ReadAction\",\"target\":[\"https:\\\/\\\/kidsplay.lt\\\/produktas\\\/lyginimo-lenta-su-muzika-ir-priedais\\\/\"]}]},{\"@type\":\"ImageObject\",\"inLanguage\":\"lv-LV\",\"@id\":\"https:\\\/\\\/kidsplay.lt\\\/produktas\\\/lyginimo-lenta-su-muzika-ir-priedais\\\/#primaryimage\",\"url\":\"https:\\\/\\\/kidsplay.lt\\\/wp-content\\\/uploads\\\/2025\\\/10\\\/Lyginimo-lenta-su-muzika-ir-priedais.jpg\",\"contentUrl\":\"https:\\\/\\\/kidsplay.lt\\\/wp-content\\\/uploads\\\/2025\\\/10\\\/Lyginimo-lenta-su-muzika-ir-priedais.jpg\",\"width\":1000,\"height\":1000,\"caption\":\"Lyginimo lenta su muzika ir priedais\"},{\"@type\":\"BreadcrumbList\",\"@id\":\"https:\\\/\\\/kidsplay.lt\\\/produktas\\\/lyginimo-lenta-su-muzika-ir-priedais\\\/#breadcrumb\",\"itemListElement\":[{\"@type\":\"ListItem\",\"position\":1,\"name\":\"Pagrindinis\",\"item\":\"https:\\\/\\\/kidsplay.lt\\\/\"},{\"@type\":\"ListItem\",\"position\":2,\"name\":\"Parduotuv\u0117\",\"item\":\"https:\\\/\\\/kidsplay.lt\\\/parduotuve\\\/\"},{\"@type\":\"ListItem\",\"position\":3,\"name\":\"Lyginimo lenta su muzika ir priedais\"}]},{\"@type\":\"WebSite\",\"@id\":\"https:\\\/\\\/kidsplay.lt\\\/#website\",\"url\":\"https:\\\/\\\/kidsplay.lt\\\/\",\"name\":\"Kidsplay.lt\",\"description\":\"\u012evairios prek\u0117s vaikams\",\"publisher\":{\"@id\":\"https:\\\/\\\/kidsplay.lt\\\/#organization\"},\"alternateName\":\"Kidsplay\",\"potentialAction\":[{\"@type\":\"SearchAction\",\"target\":{\"@type\":\"EntryPoint\",\"urlTemplate\":\"https:\\\/\\\/kidsplay.lt\\\/?s={search_term_string}\"},\"query-input\":{\"@type\":\"PropertyValueSpecification\",\"valueRequired\":true,\"valueName\":\"search_term_string\"}}],\"inLanguage\":\"lv-LV\"},{\"@type\":\"Organization\",\"@id\":\"https:\\\/\\\/kidsplay.lt\\\/#organization\",\"name\":\"KidsPlay\",\"url\":\"https:\\\/\\\/kidsplay.lt\\\/\",\"logo\":{\"@type\":\"ImageObject\",\"inLanguage\":\"lv-LV\",\"@id\":\"https:\\\/\\\/kidsplay.lt\\\/#\\\/schema\\\/logo\\\/image\\\/\",\"url\":\"https:\\\/\\\/kidsplay.lt\\\/wp-content\\\/uploads\\\/2023\\\/07\\\/kidsplay-logo.png\",\"contentUrl\":\"https:\\\/\\\/kidsplay.lt\\\/wp-content\\\/uploads\\\/2023\\\/07\\\/kidsplay-logo.png\",\"width\":451,\"height\":98,\"caption\":\"KidsPlay\"},\"image\":{\"@id\":\"https:\\\/\\\/kidsplay.lt\\\/#\\\/schema\\\/logo\\\/image\\\/\"},\"sameAs\":[\"https:\\\/\\\/www.facebook.com\\\/www.kidsplay.lt\"]}]}<\/script>\n<!-- \/ Yoast SEO plugin. -->","yoast_head_json":{"title":"Gludin\u0101mais d\u0113lis ar m\u016bziku un aksesu\u0101riem","description":"Lyginimo rinkin\u012f sudaro banginio formos lygintuvas, lyginimo lenta, skalbini\u0173 krep\u0161elis, dvi pakabos ir dvi skalbimo milteli\u0173 pakuot\u0117s.","robots":{"index":"index","follow":"follow","max-snippet":"max-snippet:-1","max-image-preview":"max-image-preview:large","max-video-preview":"max-video-preview:-1"},"canonical":"https:\/\/kidsplay.lt\/lv\/products\/lyginimo-lenta-su-muzika-ir-priedais\/","og_locale":"lv_LV","og_type":"article","og_title":"Lyginimo lenta su muzika ir priedais","og_description":"Lyginimo rinkin\u012f sudaro banginio formos lygintuvas, lyginimo lenta, skalbini\u0173 krep\u0161elis, dvi pakabos ir dvi skalbimo milteli\u0173 pakuot\u0117s.","og_url":"https:\/\/kidsplay.lt\/lv\/products\/lyginimo-lenta-su-muzika-ir-priedais\/","og_site_name":"KidsPlay","article_publisher":"https:\/\/www.facebook.com\/www.kidsplay.lt","article_modified_time":"2026-04-13T12:30:16+00:00","og_image":[{"width":1000,"height":1000,"url":"https:\/\/kidsplay.lt\/wp-content\/uploads\/2025\/10\/Lyginimo-lenta-su-muzika-ir-priedais.jpg","type":"image\/jpeg"}],"twitter_card":"summary_large_image","schema":{"@context":"https:\/\/schema.org","@graph":[{"@type":"WebPage","@id":"https:\/\/kidsplay.lt\/produktas\/lyginimo-lenta-su-muzika-ir-priedais\/","url":"https:\/\/kidsplay.lt\/produktas\/lyginimo-lenta-su-muzika-ir-priedais\/","name":"Gludin\u0101mais d\u0113lis ar m\u016bziku un aksesu\u0101riem","isPartOf":{"@id":"https:\/\/kidsplay.lt\/#website"},"primaryImageOfPage":{"@id":"https:\/\/kidsplay.lt\/produktas\/lyginimo-lenta-su-muzika-ir-priedais\/#primaryimage"},"image":{"@id":"https:\/\/kidsplay.lt\/produktas\/lyginimo-lenta-su-muzika-ir-priedais\/#primaryimage"},"thumbnailUrl":"https:\/\/kidsplay.lt\/wp-content\/uploads\/2025\/10\/Lyginimo-lenta-su-muzika-ir-priedais.jpg","datePublished":"2026-02-26T07:52:36+00:00","dateModified":"2026-04-13T12:30:16+00:00","description":"Lyginimo rinkin\u012f sudaro banginio formos lygintuvas, lyginimo lenta, skalbini\u0173 krep\u0161elis, dvi pakabos ir dvi skalbimo milteli\u0173 pakuot\u0117s.","breadcrumb":{"@id":"https:\/\/kidsplay.lt\/produktas\/lyginimo-lenta-su-muzika-ir-priedais\/#breadcrumb"},"inLanguage":"lv-LV","potentialAction":[{"@type":"ReadAction","target":["https:\/\/kidsplay.lt\/produktas\/lyginimo-lenta-su-muzika-ir-priedais\/"]}]},{"@type":"ImageObject","inLanguage":"lv-LV","@id":"https:\/\/kidsplay.lt\/produktas\/lyginimo-lenta-su-muzika-ir-priedais\/#primaryimage","url":"https:\/\/kidsplay.lt\/wp-content\/uploads\/2025\/10\/Lyginimo-lenta-su-muzika-ir-priedais.jpg","contentUrl":"https:\/\/kidsplay.lt\/wp-content\/uploads\/2025\/10\/Lyginimo-lenta-su-muzika-ir-priedais.jpg","width":1000,"height":1000,"caption":"Lyginimo lenta su muzika ir priedais"},{"@type":"BreadcrumbList","@id":"https:\/\/kidsplay.lt\/produktas\/lyginimo-lenta-su-muzika-ir-priedais\/#breadcrumb","itemListElement":[{"@type":"ListItem","position":1,"name":"Pagrindinis","item":"https:\/\/kidsplay.lt\/"},{"@type":"ListItem","position":2,"name":"Parduotuv\u0117","item":"https:\/\/kidsplay.lt\/parduotuve\/"},{"@type":"ListItem","position":3,"name":"Lyginimo lenta su muzika ir priedais"}]},{"@type":"WebSite","@id":"https:\/\/kidsplay.lt\/#website","url":"https:\/\/kidsplay.lt\/","name":"B\u0113rnu sp\u0113les.lv","description":"\u012evairios prek\u0117s vaikams","publisher":{"@id":"https:\/\/kidsplay.lt\/#organization"},"alternateName":"Kidsplay","potentialAction":[{"@type":"SearchAction","target":{"@type":"EntryPoint","urlTemplate":"https:\/\/kidsplay.lt\/?s={search_term_string}"},"query-input":{"@type":"PropertyValueSpecification","valueRequired":true,"valueName":"search_term_string"}}],"inLanguage":"lv-LV"},{"@type":"Organization","@id":"https:\/\/kidsplay.lt\/#organization","name":"B\u0113rnu sp\u0113le","url":"https:\/\/kidsplay.lt\/","logo":{"@type":"ImageObject","inLanguage":"lv-LV","@id":"https:\/\/kidsplay.lt\/#\/schema\/logo\/image\/","url":"https:\/\/kidsplay.lt\/wp-content\/uploads\/2023\/07\/kidsplay-logo.png","contentUrl":"https:\/\/kidsplay.lt\/wp-content\/uploads\/2023\/07\/kidsplay-logo.png","width":451,"height":98,"caption":"KidsPlay"},"image":{"@id":"https:\/\/kidsplay.lt\/#\/schema\/logo\/image\/"},"sameAs":["https:\/\/www.facebook.com\/www.kidsplay.lt"]}]}},"_links":{"self":[{"href":"https:\/\/kidsplay.lt\/lv\/wp-json\/wp\/v2\/product\/90757","targetHints":{"allow":["GET"]}}],"collection":[{"href":"https:\/\/kidsplay.lt\/lv\/wp-json\/wp\/v2\/product"}],"about":[{"href":"https:\/\/kidsplay.lt\/lv\/wp-json\/wp\/v2\/types\/product"}],"version-history":[{"count":1,"href":"https:\/\/kidsplay.lt\/lv\/wp-json\/wp\/v2\/product\/90757\/revisions"}],"predecessor-version":[{"id":90758,"href":"https:\/\/kidsplay.lt\/lv\/wp-json\/wp\/v2\/product\/90757\/revisions\/90758"}],"wp:featuredmedia":[{"embeddable":true,"href":"https:\/\/kidsplay.lt\/lv\/wp-json\/wp\/v2\/media\/72180"}],"wp:attachment":[{"href":"https:\/\/kidsplay.lt\/lv\/wp-json\/wp\/v2\/media?parent=90757"}],"wp:term":[{"taxonomy":"product_brand","embeddable":true,"href":"https:\/\/kidsplay.lt\/lv\/wp-json\/wp\/v2\/product_brand?post=90757"},{"taxonomy":"product_cat","embeddable":true,"href":"https:\/\/kidsplay.lt\/lv\/wp-json\/wp\/v2\/product_cat?post=90757"},{"taxonomy":"product_tag","embeddable":true,"href":"https:\/\/kidsplay.lt\/lv\/wp-json\/wp\/v2\/product_tag?post=90757"}],"curies":[{"name":"wp","href":"https:\/\/api.w.org\/{rel}","templated":true}]}}