{"id":90761,"date":"2026-02-26T09:52:42","date_gmt":"2026-02-26T07:52:42","guid":{"rendered":"https:\/\/kidsplay.lt\/produktas\/ledu-parduotuve-3in1-lagaminas\/"},"modified":"2026-04-07T11:05:24","modified_gmt":"2026-04-07T08:05:24","slug":"ledu-parduotuve-3in1-lagaminas","status":"publish","type":"product","link":"https:\/\/kidsplay.lt\/lv\/products\/ledu-parduotuve-3in1-lagaminas\/","title":{"rendered":"Led\u0173 parduotuv\u0117 3in1 lagaminas"},"content":{"rendered":"<p>Ma\u017easis konditeris j\u016bs\u0173 vaikas gal\u0117s \u017eaisti vir\u0117j\u0105, pardav\u0117j\u0105 ir led\u0173 gamintoj\u0105 &#8211; kur tik panor\u0117j\u0119s ir kada tik panor\u0117j\u0119s! Vaikai m\u0117gsta pad\u0117ti t\u0117vams virtuv\u0117je ir kartu su draugais \u017eaisti pardav\u0117jais, tod\u0117l \u0161is rinkinys puikiai tiks kiekvienam ma\u017eyliui. Rinkinyje yra\u00a025 el.: visi reikalingi daiktai, kuri\u0173 turi kiekviena led\u0173 parduotuv\u0117. \u017daislas veikia kaip\u00a0lagaminas, kur\u012f taip pat galima paversti\u00a0krep\u0161iu\u00a0&#8211; taip galima\u00a0visur pasiimti\u00a0savo\u00a0ne\u0161iojam\u0105j\u0105 ledain\u0119.<\/p>\n<p>&#8211; \u017daislas\u00a0nuo 3 met\u0173 am\u017eiaus<br \/>\n&#8211; 3in1\u00a0lagaminas, krep\u0161ys ir ledain\u0117<br \/>\n&#8211; d\u0117l krep\u0161io ir lagamino funkcijos\u00a0rinkin\u012f galima pasiimti bet kur su savimi<br \/>\n&#8211;\u00a0\u017eaisti vaidmenimis\u00a0kaip ma\u017eam konditeriui<br \/>\n&#8211; idealus dovan\u0173 rinkinys<\/p>","protected":false},"excerpt":{"rendered":"<p>Ma\u017easis konditeris j\u016bs\u0173 vaikas gal\u0117s \u017eaisti vir\u0117j\u0105, pardav\u0117j\u0105 ir led\u0173 gamintoj\u0105 &#8211; kur tik panor\u0117j\u0119s ir kada tik panor\u0117j\u0119s! Vaikai<\/p>","protected":false},"featured_media":82214,"template":"","meta":{"_acf_changed":false,"_glsr_average":0,"_glsr_ranking":0,"_glsr_reviews":0},"product_brand":[],"product_cat":[893,399],"product_tag":[],"class_list":{"0":"post-90761","1":"product","2":"type-product","3":"status-publish","4":"has-post-thumbnail","6":"product_cat-parduotuves","7":"product_cat-vaidmenu-zaidimai-2","8":"\"style=\"background-color: #2ecc711c;\"","10":"first","11":"instock","12":"purchasable","13":"product-type-simple"},"acf":[],"yoast_head":"<!-- This site is optimized with the Yoast SEO plugin v27.3 - https:\/\/yoast.com\/product\/yoast-seo-wordpress\/ -->\n<title>Led\u0173 parduotuv\u0117 3in1 lagaminas<\/title>\n<meta name=\"description\" content=\"Ma\u017easis konditeris j\u016bs\u0173 vaikas gal\u0117s \u017eaisti vir\u0117j\u0105, pardav\u0117j\u0105 ir led\u0173 gamintoj\u0105 - kur tik panor\u0117j\u0119s ir kada tik panor\u0117j\u0119s! Rinkinyje yra\u00a025 el.\" \/>\n<meta name=\"robots\" content=\"index, follow, max-snippet:-1, max-image-preview:large, max-video-preview:-1\" \/>\n<link rel=\"canonical\" href=\"https:\/\/kidsplay.lt\/lv\/products\/ledu-parduotuve-3in1-lagaminas\/\" \/>\n<meta property=\"og:locale\" content=\"lv_LV\" \/>\n<meta property=\"og:type\" content=\"article\" \/>\n<meta property=\"og:title\" content=\"Led\u0173 parduotuv\u0117 3in1 lagaminas\" \/>\n<meta property=\"og:description\" content=\"Ma\u017easis konditeris j\u016bs\u0173 vaikas gal\u0117s \u017eaisti vir\u0117j\u0105, pardav\u0117j\u0105 ir led\u0173 gamintoj\u0105 - kur tik panor\u0117j\u0119s ir kada tik panor\u0117j\u0119s! Rinkinyje yra\u00a025 el.\" \/>\n<meta property=\"og:url\" content=\"https:\/\/kidsplay.lt\/lv\/products\/ledu-parduotuve-3in1-lagaminas\/\" \/>\n<meta property=\"og:site_name\" content=\"KidsPlay\" \/>\n<meta property=\"article:publisher\" content=\"https:\/\/www.facebook.com\/www.kidsplay.lt\" \/>\n<meta property=\"article:modified_time\" content=\"2026-04-07T08:05:24+00:00\" \/>\n<meta property=\"og:image\" content=\"https:\/\/kidsplay.lt\/wp-content\/uploads\/2025\/12\/Ledu-parduotuve-3in1-lagaminas.jpg\" \/>\n\t<meta property=\"og:image:width\" content=\"800\" \/>\n\t<meta property=\"og:image:height\" content=\"800\" \/>\n\t<meta property=\"og:image:type\" content=\"image\/jpeg\" \/>\n<meta name=\"twitter:card\" content=\"summary_large_image\" \/>\n<meta name=\"twitter:label1\" content=\"Est. reading time\" \/>\n\t<meta name=\"twitter:data1\" content=\"1 min\u016bte\" \/>\n<script type=\"application\/ld+json\" class=\"yoast-schema-graph\">{\"@context\":\"https:\\\/\\\/schema.org\",\"@graph\":[{\"@type\":\"WebPage\",\"@id\":\"https:\\\/\\\/kidsplay.lt\\\/produktas\\\/ledu-parduotuve-3in1-lagaminas\\\/\",\"url\":\"https:\\\/\\\/kidsplay.lt\\\/produktas\\\/ledu-parduotuve-3in1-lagaminas\\\/\",\"name\":\"Led\u0173 parduotuv\u0117 3in1 lagaminas\",\"isPartOf\":{\"@id\":\"https:\\\/\\\/kidsplay.lt\\\/#website\"},\"primaryImageOfPage\":{\"@id\":\"https:\\\/\\\/kidsplay.lt\\\/produktas\\\/ledu-parduotuve-3in1-lagaminas\\\/#primaryimage\"},\"image\":{\"@id\":\"https:\\\/\\\/kidsplay.lt\\\/produktas\\\/ledu-parduotuve-3in1-lagaminas\\\/#primaryimage\"},\"thumbnailUrl\":\"https:\\\/\\\/kidsplay.lt\\\/wp-content\\\/uploads\\\/2025\\\/12\\\/Ledu-parduotuve-3in1-lagaminas.jpg\",\"datePublished\":\"2026-02-26T07:52:42+00:00\",\"dateModified\":\"2026-04-07T08:05:24+00:00\",\"description\":\"Ma\u017easis konditeris j\u016bs\u0173 vaikas gal\u0117s \u017eaisti vir\u0117j\u0105, pardav\u0117j\u0105 ir led\u0173 gamintoj\u0105 - kur tik panor\u0117j\u0119s ir kada tik panor\u0117j\u0119s! Rinkinyje yra\u00a025 el.\",\"breadcrumb\":{\"@id\":\"https:\\\/\\\/kidsplay.lt\\\/produktas\\\/ledu-parduotuve-3in1-lagaminas\\\/#breadcrumb\"},\"inLanguage\":\"lv-LV\",\"potentialAction\":[{\"@type\":\"ReadAction\",\"target\":[\"https:\\\/\\\/kidsplay.lt\\\/produktas\\\/ledu-parduotuve-3in1-lagaminas\\\/\"]}]},{\"@type\":\"ImageObject\",\"inLanguage\":\"lv-LV\",\"@id\":\"https:\\\/\\\/kidsplay.lt\\\/produktas\\\/ledu-parduotuve-3in1-lagaminas\\\/#primaryimage\",\"url\":\"https:\\\/\\\/kidsplay.lt\\\/wp-content\\\/uploads\\\/2025\\\/12\\\/Ledu-parduotuve-3in1-lagaminas.jpg\",\"contentUrl\":\"https:\\\/\\\/kidsplay.lt\\\/wp-content\\\/uploads\\\/2025\\\/12\\\/Ledu-parduotuve-3in1-lagaminas.jpg\",\"width\":800,\"height\":800,\"caption\":\"Led\u0173 parduotuv\u0117 3in1 lagaminas\"},{\"@type\":\"BreadcrumbList\",\"@id\":\"https:\\\/\\\/kidsplay.lt\\\/produktas\\\/ledu-parduotuve-3in1-lagaminas\\\/#breadcrumb\",\"itemListElement\":[{\"@type\":\"ListItem\",\"position\":1,\"name\":\"Pagrindinis\",\"item\":\"https:\\\/\\\/kidsplay.lt\\\/\"},{\"@type\":\"ListItem\",\"position\":2,\"name\":\"Parduotuv\u0117\",\"item\":\"https:\\\/\\\/kidsplay.lt\\\/parduotuve\\\/\"},{\"@type\":\"ListItem\",\"position\":3,\"name\":\"Led\u0173 parduotuv\u0117 3in1 lagaminas\"}]},{\"@type\":\"WebSite\",\"@id\":\"https:\\\/\\\/kidsplay.lt\\\/#website\",\"url\":\"https:\\\/\\\/kidsplay.lt\\\/\",\"name\":\"Kidsplay.lt\",\"description\":\"\u012evairios prek\u0117s vaikams\",\"publisher\":{\"@id\":\"https:\\\/\\\/kidsplay.lt\\\/#organization\"},\"alternateName\":\"Kidsplay\",\"potentialAction\":[{\"@type\":\"SearchAction\",\"target\":{\"@type\":\"EntryPoint\",\"urlTemplate\":\"https:\\\/\\\/kidsplay.lt\\\/?s={search_term_string}\"},\"query-input\":{\"@type\":\"PropertyValueSpecification\",\"valueRequired\":true,\"valueName\":\"search_term_string\"}}],\"inLanguage\":\"lv-LV\"},{\"@type\":\"Organization\",\"@id\":\"https:\\\/\\\/kidsplay.lt\\\/#organization\",\"name\":\"KidsPlay\",\"url\":\"https:\\\/\\\/kidsplay.lt\\\/\",\"logo\":{\"@type\":\"ImageObject\",\"inLanguage\":\"lv-LV\",\"@id\":\"https:\\\/\\\/kidsplay.lt\\\/#\\\/schema\\\/logo\\\/image\\\/\",\"url\":\"https:\\\/\\\/kidsplay.lt\\\/wp-content\\\/uploads\\\/2023\\\/07\\\/kidsplay-logo.png\",\"contentUrl\":\"https:\\\/\\\/kidsplay.lt\\\/wp-content\\\/uploads\\\/2023\\\/07\\\/kidsplay-logo.png\",\"width\":451,\"height\":98,\"caption\":\"KidsPlay\"},\"image\":{\"@id\":\"https:\\\/\\\/kidsplay.lt\\\/#\\\/schema\\\/logo\\\/image\\\/\"},\"sameAs\":[\"https:\\\/\\\/www.facebook.com\\\/www.kidsplay.lt\"]}]}<\/script>\n<!-- \/ Yoast SEO plugin. -->","yoast_head_json":{"title":"Led\u0173 parduotuv\u0117 3in1 lagaminas","description":"Ma\u017easis konditeris j\u016bs\u0173 vaikas gal\u0117s \u017eaisti vir\u0117j\u0105, pardav\u0117j\u0105 ir led\u0173 gamintoj\u0105 - kur tik panor\u0117j\u0119s ir kada tik panor\u0117j\u0119s! Rinkinyje yra\u00a025 el.","robots":{"index":"index","follow":"follow","max-snippet":"max-snippet:-1","max-image-preview":"max-image-preview:large","max-video-preview":"max-video-preview:-1"},"canonical":"https:\/\/kidsplay.lt\/lv\/products\/ledu-parduotuve-3in1-lagaminas\/","og_locale":"lv_LV","og_type":"article","og_title":"Led\u0173 parduotuv\u0117 3in1 lagaminas","og_description":"Ma\u017easis konditeris j\u016bs\u0173 vaikas gal\u0117s \u017eaisti vir\u0117j\u0105, pardav\u0117j\u0105 ir led\u0173 gamintoj\u0105 - kur tik panor\u0117j\u0119s ir kada tik panor\u0117j\u0119s! Rinkinyje yra\u00a025 el.","og_url":"https:\/\/kidsplay.lt\/lv\/products\/ledu-parduotuve-3in1-lagaminas\/","og_site_name":"KidsPlay","article_publisher":"https:\/\/www.facebook.com\/www.kidsplay.lt","article_modified_time":"2026-04-07T08:05:24+00:00","og_image":[{"width":800,"height":800,"url":"https:\/\/kidsplay.lt\/wp-content\/uploads\/2025\/12\/Ledu-parduotuve-3in1-lagaminas.jpg","type":"image\/jpeg"}],"twitter_card":"summary_large_image","twitter_misc":{"Est. reading time":"1 min\u016bte"},"schema":{"@context":"https:\/\/schema.org","@graph":[{"@type":"WebPage","@id":"https:\/\/kidsplay.lt\/produktas\/ledu-parduotuve-3in1-lagaminas\/","url":"https:\/\/kidsplay.lt\/produktas\/ledu-parduotuve-3in1-lagaminas\/","name":"Led\u0173 parduotuv\u0117 3in1 lagaminas","isPartOf":{"@id":"https:\/\/kidsplay.lt\/#website"},"primaryImageOfPage":{"@id":"https:\/\/kidsplay.lt\/produktas\/ledu-parduotuve-3in1-lagaminas\/#primaryimage"},"image":{"@id":"https:\/\/kidsplay.lt\/produktas\/ledu-parduotuve-3in1-lagaminas\/#primaryimage"},"thumbnailUrl":"https:\/\/kidsplay.lt\/wp-content\/uploads\/2025\/12\/Ledu-parduotuve-3in1-lagaminas.jpg","datePublished":"2026-02-26T07:52:42+00:00","dateModified":"2026-04-07T08:05:24+00:00","description":"Ma\u017easis konditeris j\u016bs\u0173 vaikas gal\u0117s \u017eaisti vir\u0117j\u0105, pardav\u0117j\u0105 ir led\u0173 gamintoj\u0105 - kur tik panor\u0117j\u0119s ir kada tik panor\u0117j\u0119s! Rinkinyje yra\u00a025 el.","breadcrumb":{"@id":"https:\/\/kidsplay.lt\/produktas\/ledu-parduotuve-3in1-lagaminas\/#breadcrumb"},"inLanguage":"lv-LV","potentialAction":[{"@type":"ReadAction","target":["https:\/\/kidsplay.lt\/produktas\/ledu-parduotuve-3in1-lagaminas\/"]}]},{"@type":"ImageObject","inLanguage":"lv-LV","@id":"https:\/\/kidsplay.lt\/produktas\/ledu-parduotuve-3in1-lagaminas\/#primaryimage","url":"https:\/\/kidsplay.lt\/wp-content\/uploads\/2025\/12\/Ledu-parduotuve-3in1-lagaminas.jpg","contentUrl":"https:\/\/kidsplay.lt\/wp-content\/uploads\/2025\/12\/Ledu-parduotuve-3in1-lagaminas.jpg","width":800,"height":800,"caption":"Led\u0173 parduotuv\u0117 3in1 lagaminas"},{"@type":"BreadcrumbList","@id":"https:\/\/kidsplay.lt\/produktas\/ledu-parduotuve-3in1-lagaminas\/#breadcrumb","itemListElement":[{"@type":"ListItem","position":1,"name":"Pagrindinis","item":"https:\/\/kidsplay.lt\/"},{"@type":"ListItem","position":2,"name":"Parduotuv\u0117","item":"https:\/\/kidsplay.lt\/parduotuve\/"},{"@type":"ListItem","position":3,"name":"Led\u0173 parduotuv\u0117 3in1 lagaminas"}]},{"@type":"WebSite","@id":"https:\/\/kidsplay.lt\/#website","url":"https:\/\/kidsplay.lt\/","name":"B\u0113rnu sp\u0113les.lv","description":"\u012evairios prek\u0117s vaikams","publisher":{"@id":"https:\/\/kidsplay.lt\/#organization"},"alternateName":"Kidsplay","potentialAction":[{"@type":"SearchAction","target":{"@type":"EntryPoint","urlTemplate":"https:\/\/kidsplay.lt\/?s={search_term_string}"},"query-input":{"@type":"PropertyValueSpecification","valueRequired":true,"valueName":"search_term_string"}}],"inLanguage":"lv-LV"},{"@type":"Organization","@id":"https:\/\/kidsplay.lt\/#organization","name":"B\u0113rnu sp\u0113le","url":"https:\/\/kidsplay.lt\/","logo":{"@type":"ImageObject","inLanguage":"lv-LV","@id":"https:\/\/kidsplay.lt\/#\/schema\/logo\/image\/","url":"https:\/\/kidsplay.lt\/wp-content\/uploads\/2023\/07\/kidsplay-logo.png","contentUrl":"https:\/\/kidsplay.lt\/wp-content\/uploads\/2023\/07\/kidsplay-logo.png","width":451,"height":98,"caption":"KidsPlay"},"image":{"@id":"https:\/\/kidsplay.lt\/#\/schema\/logo\/image\/"},"sameAs":["https:\/\/www.facebook.com\/www.kidsplay.lt"]}]}},"_links":{"self":[{"href":"https:\/\/kidsplay.lt\/lv\/wp-json\/wp\/v2\/product\/90761","targetHints":{"allow":["GET"]}}],"collection":[{"href":"https:\/\/kidsplay.lt\/lv\/wp-json\/wp\/v2\/product"}],"about":[{"href":"https:\/\/kidsplay.lt\/lv\/wp-json\/wp\/v2\/types\/product"}],"version-history":[{"count":1,"href":"https:\/\/kidsplay.lt\/lv\/wp-json\/wp\/v2\/product\/90761\/revisions"}],"predecessor-version":[{"id":90762,"href":"https:\/\/kidsplay.lt\/lv\/wp-json\/wp\/v2\/product\/90761\/revisions\/90762"}],"wp:featuredmedia":[{"embeddable":true,"href":"https:\/\/kidsplay.lt\/lv\/wp-json\/wp\/v2\/media\/82214"}],"wp:attachment":[{"href":"https:\/\/kidsplay.lt\/lv\/wp-json\/wp\/v2\/media?parent=90761"}],"wp:term":[{"taxonomy":"product_brand","embeddable":true,"href":"https:\/\/kidsplay.lt\/lv\/wp-json\/wp\/v2\/product_brand?post=90761"},{"taxonomy":"product_cat","embeddable":true,"href":"https:\/\/kidsplay.lt\/lv\/wp-json\/wp\/v2\/product_cat?post=90761"},{"taxonomy":"product_tag","embeddable":true,"href":"https:\/\/kidsplay.lt\/lv\/wp-json\/wp\/v2\/product_tag?post=90761"}],"curies":[{"name":"wp","href":"https:\/\/api.w.org\/{rel}","templated":true}]}}