{"id":90763,"date":"2026-02-26T09:52:45","date_gmt":"2026-02-26T07:52:45","guid":{"rendered":"https:\/\/kidsplay.lt\/produktas\/gimtadienio-tortas\/"},"modified":"2026-04-07T11:05:27","modified_gmt":"2026-04-07T08:05:27","slug":"gimtadienio-tortas","status":"publish","type":"product","link":"https:\/\/kidsplay.lt\/lv\/products\/gimtadienio-tortas\/","title":{"rendered":"Gimtadienio tortas"},"content":{"rendered":"<p>Arbatos rinkinys su pyragu &#8211; puikus pasirinkimas susib\u016brimams su draugais.\u00a0Gimtadienio\u00a0rinkinys\u00a0bus puikus atributas kiekvienai ma\u017eajai \u0161eimininkei, norin\u010diai\u00a0surengti \u012fsimintin\u0105 vakar\u0117l\u012f. J\u016bs\u0173 vaikas gal\u0117s\u00a0\u012fsijausti \u012f\u00a0\u0161vent\u0117s dvasi\u0105 ir pasijusti kaip suaugusi nam\u0173 \u0161eiminink\u0117. Rinkinyje yra\u00a0gra\u017eiai papuo\u0161tas tortas, kur\u012f galima supjaustyti \u012f\u00a04 dalis\u00a0ir patiekti savo sve\u010diams. Rinkinyje taip pat yra kit\u0173 u\u017ekand\u017ei\u0173, pavyzd\u017eiui,\u00a0sausaini\u0173\u00a0ir vaisi\u0173, taip pat peilis tortui ir vaisiams pjaustyti, torto l\u0117k\u0161t\u0117 ir mentel\u0117 tortui pakelti. Pjaustyti tort\u0105 ir vaisius yra labai smagu ir lavina vaik\u0173 rank\u0173 darbo \u012fg\u016bd\u017eius.<\/p>\n<p>\u2013 Rota\u013clieta no 3 gadu vecuma<br \/>\n&#8211;\u00a0pjaustomi\u00a0vaisiai\u00a0ir\u00a0tortas<br \/>\n&#8211; vaidmen\u0173 \u017eaidimas<br \/>\n&#8211; lavina vaik\u0173\u00a0rank\u0173 darbo \u012fg\u016bd\u017eius<\/p>","protected":false},"excerpt":{"rendered":"<p>Arbatos rinkinys su pyragu &#8211; puikus pasirinkimas susib\u016brimams su draugais.\u00a0Gimtadienio\u00a0rinkinys\u00a0bus puikus atributas kiekvienai ma\u017eajai \u0161eimininkei, norin\u010diai\u00a0surengti \u012fsimintin\u0105 vakar\u0117l\u012f. J\u016bs\u0173 vaikas<\/p>","protected":false},"featured_media":51247,"template":"","meta":{"_acf_changed":false,"_glsr_average":0,"_glsr_ranking":0,"_glsr_reviews":0},"product_brand":[],"product_cat":[399,282],"product_tag":[],"class_list":{"0":"post-90763","1":"product","2":"type-product","3":"status-publish","4":"has-post-thumbnail","6":"product_cat-vaidmenu-zaidimai-2","7":"product_cat-virtuves-reikmenys-vaidmenu-zaidimai","8":"\"style=\"background-color: #2ecc711c;\"","10":"first","11":"instock","12":"purchasable","13":"product-type-simple"},"acf":[],"yoast_head":"<!-- This site is optimized with the Yoast SEO plugin v27.3 - https:\/\/yoast.com\/product\/yoast-seo-wordpress\/ -->\n<title>Gimtadienio tortas<\/title>\n<meta name=\"description\" content=\"Arbatos rinkinys su pyragu - puikus pasirinkimas susib\u016brimams su draugais.\u00a0Gimtadienio\u00a0rinkinys\u00a0bus puikus atributas kiekvienai ma\u017eajai \u0161eimininkei\" \/>\n<meta name=\"robots\" content=\"index, follow, max-snippet:-1, max-image-preview:large, max-video-preview:-1\" \/>\n<link rel=\"canonical\" href=\"https:\/\/kidsplay.lt\/lv\/products\/gimtadienio-tortas\/\" \/>\n<meta property=\"og:locale\" content=\"lv_LV\" \/>\n<meta property=\"og:type\" content=\"article\" \/>\n<meta property=\"og:title\" content=\"Gimtadienio tortas\" \/>\n<meta property=\"og:description\" content=\"Arbatos rinkinys su pyragu - puikus pasirinkimas susib\u016brimams su draugais.\u00a0Gimtadienio\u00a0rinkinys\u00a0bus puikus atributas kiekvienai ma\u017eajai \u0161eimininkei\" \/>\n<meta property=\"og:url\" content=\"https:\/\/kidsplay.lt\/lv\/products\/gimtadienio-tortas\/\" \/>\n<meta property=\"og:site_name\" content=\"KidsPlay\" \/>\n<meta property=\"article:publisher\" content=\"https:\/\/www.facebook.com\/www.kidsplay.lt\" \/>\n<meta property=\"article:modified_time\" content=\"2026-04-07T08:05:27+00:00\" \/>\n<meta property=\"og:image\" content=\"https:\/\/kidsplay.lt\/wp-content\/uploads\/2024\/09\/Gimtadienio-tortas.jpg\" \/>\n\t<meta property=\"og:image:width\" content=\"1000\" \/>\n\t<meta property=\"og:image:height\" content=\"1000\" \/>\n\t<meta property=\"og:image:type\" content=\"image\/jpeg\" \/>\n<meta name=\"twitter:card\" content=\"summary_large_image\" \/>\n<meta name=\"twitter:label1\" content=\"Est. reading time\" \/>\n\t<meta name=\"twitter:data1\" content=\"1 min\u016bte\" \/>\n<script type=\"application\/ld+json\" class=\"yoast-schema-graph\">{\"@context\":\"https:\\\/\\\/schema.org\",\"@graph\":[{\"@type\":\"WebPage\",\"@id\":\"https:\\\/\\\/kidsplay.lt\\\/produktas\\\/gimtadienio-tortas\\\/\",\"url\":\"https:\\\/\\\/kidsplay.lt\\\/produktas\\\/gimtadienio-tortas\\\/\",\"name\":\"Gimtadienio tortas\",\"isPartOf\":{\"@id\":\"https:\\\/\\\/kidsplay.lt\\\/#website\"},\"primaryImageOfPage\":{\"@id\":\"https:\\\/\\\/kidsplay.lt\\\/produktas\\\/gimtadienio-tortas\\\/#primaryimage\"},\"image\":{\"@id\":\"https:\\\/\\\/kidsplay.lt\\\/produktas\\\/gimtadienio-tortas\\\/#primaryimage\"},\"thumbnailUrl\":\"https:\\\/\\\/kidsplay.lt\\\/wp-content\\\/uploads\\\/2024\\\/09\\\/Gimtadienio-tortas.jpg\",\"datePublished\":\"2026-02-26T07:52:45+00:00\",\"dateModified\":\"2026-04-07T08:05:27+00:00\",\"description\":\"Arbatos rinkinys su pyragu - puikus pasirinkimas susib\u016brimams su draugais.\u00a0Gimtadienio\u00a0rinkinys\u00a0bus puikus atributas kiekvienai ma\u017eajai \u0161eimininkei\",\"breadcrumb\":{\"@id\":\"https:\\\/\\\/kidsplay.lt\\\/produktas\\\/gimtadienio-tortas\\\/#breadcrumb\"},\"inLanguage\":\"lv-LV\",\"potentialAction\":[{\"@type\":\"ReadAction\",\"target\":[\"https:\\\/\\\/kidsplay.lt\\\/produktas\\\/gimtadienio-tortas\\\/\"]}]},{\"@type\":\"ImageObject\",\"inLanguage\":\"lv-LV\",\"@id\":\"https:\\\/\\\/kidsplay.lt\\\/produktas\\\/gimtadienio-tortas\\\/#primaryimage\",\"url\":\"https:\\\/\\\/kidsplay.lt\\\/wp-content\\\/uploads\\\/2024\\\/09\\\/Gimtadienio-tortas.jpg\",\"contentUrl\":\"https:\\\/\\\/kidsplay.lt\\\/wp-content\\\/uploads\\\/2024\\\/09\\\/Gimtadienio-tortas.jpg\",\"width\":1000,\"height\":1000,\"caption\":\"Gimtadienio tortas\"},{\"@type\":\"BreadcrumbList\",\"@id\":\"https:\\\/\\\/kidsplay.lt\\\/produktas\\\/gimtadienio-tortas\\\/#breadcrumb\",\"itemListElement\":[{\"@type\":\"ListItem\",\"position\":1,\"name\":\"Pagrindinis\",\"item\":\"https:\\\/\\\/kidsplay.lt\\\/\"},{\"@type\":\"ListItem\",\"position\":2,\"name\":\"Parduotuv\u0117\",\"item\":\"https:\\\/\\\/kidsplay.lt\\\/parduotuve\\\/\"},{\"@type\":\"ListItem\",\"position\":3,\"name\":\"Gimtadienio tortas\"}]},{\"@type\":\"WebSite\",\"@id\":\"https:\\\/\\\/kidsplay.lt\\\/#website\",\"url\":\"https:\\\/\\\/kidsplay.lt\\\/\",\"name\":\"Kidsplay.lt\",\"description\":\"\u012evairios prek\u0117s vaikams\",\"publisher\":{\"@id\":\"https:\\\/\\\/kidsplay.lt\\\/#organization\"},\"alternateName\":\"Kidsplay\",\"potentialAction\":[{\"@type\":\"SearchAction\",\"target\":{\"@type\":\"EntryPoint\",\"urlTemplate\":\"https:\\\/\\\/kidsplay.lt\\\/?s={search_term_string}\"},\"query-input\":{\"@type\":\"PropertyValueSpecification\",\"valueRequired\":true,\"valueName\":\"search_term_string\"}}],\"inLanguage\":\"lv-LV\"},{\"@type\":\"Organization\",\"@id\":\"https:\\\/\\\/kidsplay.lt\\\/#organization\",\"name\":\"KidsPlay\",\"url\":\"https:\\\/\\\/kidsplay.lt\\\/\",\"logo\":{\"@type\":\"ImageObject\",\"inLanguage\":\"lv-LV\",\"@id\":\"https:\\\/\\\/kidsplay.lt\\\/#\\\/schema\\\/logo\\\/image\\\/\",\"url\":\"https:\\\/\\\/kidsplay.lt\\\/wp-content\\\/uploads\\\/2023\\\/07\\\/kidsplay-logo.png\",\"contentUrl\":\"https:\\\/\\\/kidsplay.lt\\\/wp-content\\\/uploads\\\/2023\\\/07\\\/kidsplay-logo.png\",\"width\":451,\"height\":98,\"caption\":\"KidsPlay\"},\"image\":{\"@id\":\"https:\\\/\\\/kidsplay.lt\\\/#\\\/schema\\\/logo\\\/image\\\/\"},\"sameAs\":[\"https:\\\/\\\/www.facebook.com\\\/www.kidsplay.lt\"]}]}<\/script>\n<!-- \/ Yoast SEO plugin. -->","yoast_head_json":{"title":"Gimtadienio tortas","description":"Arbatos rinkinys su pyragu - puikus pasirinkimas susib\u016brimams su draugais.\u00a0Gimtadienio\u00a0rinkinys\u00a0bus puikus atributas kiekvienai ma\u017eajai \u0161eimininkei","robots":{"index":"index","follow":"follow","max-snippet":"max-snippet:-1","max-image-preview":"max-image-preview:large","max-video-preview":"max-video-preview:-1"},"canonical":"https:\/\/kidsplay.lt\/lv\/products\/gimtadienio-tortas\/","og_locale":"lv_LV","og_type":"article","og_title":"Gimtadienio tortas","og_description":"Arbatos rinkinys su pyragu - puikus pasirinkimas susib\u016brimams su draugais.\u00a0Gimtadienio\u00a0rinkinys\u00a0bus puikus atributas kiekvienai ma\u017eajai \u0161eimininkei","og_url":"https:\/\/kidsplay.lt\/lv\/products\/gimtadienio-tortas\/","og_site_name":"KidsPlay","article_publisher":"https:\/\/www.facebook.com\/www.kidsplay.lt","article_modified_time":"2026-04-07T08:05:27+00:00","og_image":[{"width":1000,"height":1000,"url":"https:\/\/kidsplay.lt\/wp-content\/uploads\/2024\/09\/Gimtadienio-tortas.jpg","type":"image\/jpeg"}],"twitter_card":"summary_large_image","twitter_misc":{"Est. reading time":"1 min\u016bte"},"schema":{"@context":"https:\/\/schema.org","@graph":[{"@type":"WebPage","@id":"https:\/\/kidsplay.lt\/produktas\/gimtadienio-tortas\/","url":"https:\/\/kidsplay.lt\/produktas\/gimtadienio-tortas\/","name":"Gimtadienio tortas","isPartOf":{"@id":"https:\/\/kidsplay.lt\/#website"},"primaryImageOfPage":{"@id":"https:\/\/kidsplay.lt\/produktas\/gimtadienio-tortas\/#primaryimage"},"image":{"@id":"https:\/\/kidsplay.lt\/produktas\/gimtadienio-tortas\/#primaryimage"},"thumbnailUrl":"https:\/\/kidsplay.lt\/wp-content\/uploads\/2024\/09\/Gimtadienio-tortas.jpg","datePublished":"2026-02-26T07:52:45+00:00","dateModified":"2026-04-07T08:05:27+00:00","description":"Arbatos rinkinys su pyragu - puikus pasirinkimas susib\u016brimams su draugais.\u00a0Gimtadienio\u00a0rinkinys\u00a0bus puikus atributas kiekvienai ma\u017eajai \u0161eimininkei","breadcrumb":{"@id":"https:\/\/kidsplay.lt\/produktas\/gimtadienio-tortas\/#breadcrumb"},"inLanguage":"lv-LV","potentialAction":[{"@type":"ReadAction","target":["https:\/\/kidsplay.lt\/produktas\/gimtadienio-tortas\/"]}]},{"@type":"ImageObject","inLanguage":"lv-LV","@id":"https:\/\/kidsplay.lt\/produktas\/gimtadienio-tortas\/#primaryimage","url":"https:\/\/kidsplay.lt\/wp-content\/uploads\/2024\/09\/Gimtadienio-tortas.jpg","contentUrl":"https:\/\/kidsplay.lt\/wp-content\/uploads\/2024\/09\/Gimtadienio-tortas.jpg","width":1000,"height":1000,"caption":"Gimtadienio tortas"},{"@type":"BreadcrumbList","@id":"https:\/\/kidsplay.lt\/produktas\/gimtadienio-tortas\/#breadcrumb","itemListElement":[{"@type":"ListItem","position":1,"name":"Pagrindinis","item":"https:\/\/kidsplay.lt\/"},{"@type":"ListItem","position":2,"name":"Parduotuv\u0117","item":"https:\/\/kidsplay.lt\/parduotuve\/"},{"@type":"ListItem","position":3,"name":"Gimtadienio tortas"}]},{"@type":"WebSite","@id":"https:\/\/kidsplay.lt\/#website","url":"https:\/\/kidsplay.lt\/","name":"B\u0113rnu sp\u0113les.lv","description":"\u012evairios prek\u0117s vaikams","publisher":{"@id":"https:\/\/kidsplay.lt\/#organization"},"alternateName":"Kidsplay","potentialAction":[{"@type":"SearchAction","target":{"@type":"EntryPoint","urlTemplate":"https:\/\/kidsplay.lt\/?s={search_term_string}"},"query-input":{"@type":"PropertyValueSpecification","valueRequired":true,"valueName":"search_term_string"}}],"inLanguage":"lv-LV"},{"@type":"Organization","@id":"https:\/\/kidsplay.lt\/#organization","name":"B\u0113rnu sp\u0113le","url":"https:\/\/kidsplay.lt\/","logo":{"@type":"ImageObject","inLanguage":"lv-LV","@id":"https:\/\/kidsplay.lt\/#\/schema\/logo\/image\/","url":"https:\/\/kidsplay.lt\/wp-content\/uploads\/2023\/07\/kidsplay-logo.png","contentUrl":"https:\/\/kidsplay.lt\/wp-content\/uploads\/2023\/07\/kidsplay-logo.png","width":451,"height":98,"caption":"KidsPlay"},"image":{"@id":"https:\/\/kidsplay.lt\/#\/schema\/logo\/image\/"},"sameAs":["https:\/\/www.facebook.com\/www.kidsplay.lt"]}]}},"_links":{"self":[{"href":"https:\/\/kidsplay.lt\/lv\/wp-json\/wp\/v2\/product\/90763","targetHints":{"allow":["GET"]}}],"collection":[{"href":"https:\/\/kidsplay.lt\/lv\/wp-json\/wp\/v2\/product"}],"about":[{"href":"https:\/\/kidsplay.lt\/lv\/wp-json\/wp\/v2\/types\/product"}],"version-history":[{"count":1,"href":"https:\/\/kidsplay.lt\/lv\/wp-json\/wp\/v2\/product\/90763\/revisions"}],"predecessor-version":[{"id":90764,"href":"https:\/\/kidsplay.lt\/lv\/wp-json\/wp\/v2\/product\/90763\/revisions\/90764"}],"wp:featuredmedia":[{"embeddable":true,"href":"https:\/\/kidsplay.lt\/lv\/wp-json\/wp\/v2\/media\/51247"}],"wp:attachment":[{"href":"https:\/\/kidsplay.lt\/lv\/wp-json\/wp\/v2\/media?parent=90763"}],"wp:term":[{"taxonomy":"product_brand","embeddable":true,"href":"https:\/\/kidsplay.lt\/lv\/wp-json\/wp\/v2\/product_brand?post=90763"},{"taxonomy":"product_cat","embeddable":true,"href":"https:\/\/kidsplay.lt\/lv\/wp-json\/wp\/v2\/product_cat?post=90763"},{"taxonomy":"product_tag","embeddable":true,"href":"https:\/\/kidsplay.lt\/lv\/wp-json\/wp\/v2\/product_tag?post=90763"}],"curies":[{"name":"wp","href":"https:\/\/api.w.org\/{rel}","templated":true}]}}