{"id":90767,"date":"2026-02-26T09:52:50","date_gmt":"2026-02-26T07:52:50","guid":{"rendered":"https:\/\/kidsplay.lt\/produktas\/papludimio-baras\/"},"modified":"2026-04-07T11:05:34","modified_gmt":"2026-04-07T08:05:34","slug":"papludimio-baras","status":"publish","type":"product","link":"https:\/\/kidsplay.lt\/lv\/products\/papludimio-baras\/","title":{"rendered":"Papl\u016bdimio baras"},"content":{"rendered":"<p>Vaikai m\u0117gsta nam\u0173 vakar\u0117lius, \u017eaidimus. Jie jau gali surengti papl\u016bdimio vakar\u0117l\u012f savo draugams, t\u0117vams ar me\u0161kiukams.<\/p>\n<p>&#8211; papl\u016bdimio baras leid\u017eia \u017eaisti \u012fvairiais b\u016bdais &#8211; vaikai gali gaminti ledus su priedais ir pabarstukais, g\u0117rimus, vaisi\u0173 ie\u0161melius, o paskui visk\u0105 i\u0161sine\u0161ti \u012f kas\u0105.<br \/>\n&#8211; \u012f rinkin\u012f \u012feina 38 priedai &#8211; led\u0173 gaminimo aparatas, led\u0173 vafli\u0173 gaminimo aparatas, led\u0173 kamuoliuk\u0173 semtuv\u0117lis, vaisi\u0173 ie\u0161meliai, pabarstukai, indai, stalo \u012frankiai, kasos aparatas<br \/>\n&#8211; d\u0117l ma\u017eo dyd\u017eio j\u012f lengva pasiimti \u012f papl\u016bdim\u012f, park\u0105 ar sod\u0105<\/p>","protected":false},"excerpt":{"rendered":"<p>Vaikai m\u0117gsta nam\u0173 vakar\u0117lius, \u017eaidimus. Jie jau gali surengti papl\u016bdimio vakar\u0117l\u012f savo draugams, t\u0117vams ar me\u0161kiukams. &#8211; papl\u016bdimio baras leid\u017eia<\/p>","protected":false},"featured_media":51274,"template":"","meta":{"_acf_changed":false,"_glsr_average":0,"_glsr_ranking":0,"_glsr_reviews":0},"product_brand":[],"product_cat":[399,282],"product_tag":[],"class_list":{"0":"post-90767","1":"product","2":"type-product","3":"status-publish","4":"has-post-thumbnail","6":"product_cat-vaidmenu-zaidimai-2","7":"product_cat-virtuves-reikmenys-vaidmenu-zaidimai","8":"\"style=\"background-color: #2ecc711c;\"","10":"first","11":"instock","12":"purchasable","13":"product-type-simple"},"acf":[],"yoast_head":"<!-- This site is optimized with the Yoast SEO plugin v27.3 - https:\/\/yoast.com\/product\/yoast-seo-wordpress\/ -->\n<title>Papl\u016bdimio baras<\/title>\n<meta name=\"description\" content=\"Vaikai m\u0117gsta nam\u0173 vakar\u0117lius, \u017eaidimus. Jie jau gali surengti papl\u016bdimio vakar\u0117l\u012f savo draugams, t\u0117vams ar me\u0161kiukams. Pirk dabar!\" \/>\n<meta name=\"robots\" content=\"index, follow, max-snippet:-1, max-image-preview:large, max-video-preview:-1\" \/>\n<link rel=\"canonical\" href=\"https:\/\/kidsplay.lt\/lv\/products\/papludimio-baras\/\" \/>\n<meta property=\"og:locale\" content=\"lv_LV\" \/>\n<meta property=\"og:type\" content=\"article\" \/>\n<meta property=\"og:title\" content=\"Papl\u016bdimio baras\" \/>\n<meta property=\"og:description\" content=\"Vaikai m\u0117gsta nam\u0173 vakar\u0117lius, \u017eaidimus. Jie jau gali surengti papl\u016bdimio vakar\u0117l\u012f savo draugams, t\u0117vams ar me\u0161kiukams. Pirk dabar!\" \/>\n<meta property=\"og:url\" content=\"https:\/\/kidsplay.lt\/lv\/products\/papludimio-baras\/\" \/>\n<meta property=\"og:site_name\" content=\"KidsPlay\" \/>\n<meta property=\"article:publisher\" content=\"https:\/\/www.facebook.com\/www.kidsplay.lt\" \/>\n<meta property=\"article:modified_time\" content=\"2026-04-07T08:05:34+00:00\" \/>\n<meta property=\"og:image\" content=\"https:\/\/kidsplay.lt\/wp-content\/uploads\/2024\/09\/Papludimio-baras.jpg\" \/>\n\t<meta property=\"og:image:width\" content=\"921\" \/>\n\t<meta property=\"og:image:height\" content=\"921\" \/>\n\t<meta property=\"og:image:type\" content=\"image\/jpeg\" \/>\n<meta name=\"twitter:card\" content=\"summary_large_image\" \/>\n<script type=\"application\/ld+json\" class=\"yoast-schema-graph\">{\"@context\":\"https:\\\/\\\/schema.org\",\"@graph\":[{\"@type\":\"WebPage\",\"@id\":\"https:\\\/\\\/kidsplay.lt\\\/produktas\\\/papludimio-baras\\\/\",\"url\":\"https:\\\/\\\/kidsplay.lt\\\/produktas\\\/papludimio-baras\\\/\",\"name\":\"Papl\u016bdimio baras\",\"isPartOf\":{\"@id\":\"https:\\\/\\\/kidsplay.lt\\\/#website\"},\"primaryImageOfPage\":{\"@id\":\"https:\\\/\\\/kidsplay.lt\\\/produktas\\\/papludimio-baras\\\/#primaryimage\"},\"image\":{\"@id\":\"https:\\\/\\\/kidsplay.lt\\\/produktas\\\/papludimio-baras\\\/#primaryimage\"},\"thumbnailUrl\":\"https:\\\/\\\/kidsplay.lt\\\/wp-content\\\/uploads\\\/2024\\\/09\\\/Papludimio-baras.jpg\",\"datePublished\":\"2026-02-26T07:52:50+00:00\",\"dateModified\":\"2026-04-07T08:05:34+00:00\",\"description\":\"Vaikai m\u0117gsta nam\u0173 vakar\u0117lius, \u017eaidimus. Jie jau gali surengti papl\u016bdimio vakar\u0117l\u012f savo draugams, t\u0117vams ar me\u0161kiukams. Pirk dabar!\",\"breadcrumb\":{\"@id\":\"https:\\\/\\\/kidsplay.lt\\\/produktas\\\/papludimio-baras\\\/#breadcrumb\"},\"inLanguage\":\"lv-LV\",\"potentialAction\":[{\"@type\":\"ReadAction\",\"target\":[\"https:\\\/\\\/kidsplay.lt\\\/produktas\\\/papludimio-baras\\\/\"]}]},{\"@type\":\"ImageObject\",\"inLanguage\":\"lv-LV\",\"@id\":\"https:\\\/\\\/kidsplay.lt\\\/produktas\\\/papludimio-baras\\\/#primaryimage\",\"url\":\"https:\\\/\\\/kidsplay.lt\\\/wp-content\\\/uploads\\\/2024\\\/09\\\/Papludimio-baras.jpg\",\"contentUrl\":\"https:\\\/\\\/kidsplay.lt\\\/wp-content\\\/uploads\\\/2024\\\/09\\\/Papludimio-baras.jpg\",\"width\":921,\"height\":921,\"caption\":\"Papl\u016bdimio baras\"},{\"@type\":\"BreadcrumbList\",\"@id\":\"https:\\\/\\\/kidsplay.lt\\\/produktas\\\/papludimio-baras\\\/#breadcrumb\",\"itemListElement\":[{\"@type\":\"ListItem\",\"position\":1,\"name\":\"Pagrindinis\",\"item\":\"https:\\\/\\\/kidsplay.lt\\\/\"},{\"@type\":\"ListItem\",\"position\":2,\"name\":\"Parduotuv\u0117\",\"item\":\"https:\\\/\\\/kidsplay.lt\\\/parduotuve\\\/\"},{\"@type\":\"ListItem\",\"position\":3,\"name\":\"Papl\u016bdimio baras\"}]},{\"@type\":\"WebSite\",\"@id\":\"https:\\\/\\\/kidsplay.lt\\\/#website\",\"url\":\"https:\\\/\\\/kidsplay.lt\\\/\",\"name\":\"Kidsplay.lt\",\"description\":\"\u012evairios prek\u0117s vaikams\",\"publisher\":{\"@id\":\"https:\\\/\\\/kidsplay.lt\\\/#organization\"},\"alternateName\":\"Kidsplay\",\"potentialAction\":[{\"@type\":\"SearchAction\",\"target\":{\"@type\":\"EntryPoint\",\"urlTemplate\":\"https:\\\/\\\/kidsplay.lt\\\/?s={search_term_string}\"},\"query-input\":{\"@type\":\"PropertyValueSpecification\",\"valueRequired\":true,\"valueName\":\"search_term_string\"}}],\"inLanguage\":\"lv-LV\"},{\"@type\":\"Organization\",\"@id\":\"https:\\\/\\\/kidsplay.lt\\\/#organization\",\"name\":\"KidsPlay\",\"url\":\"https:\\\/\\\/kidsplay.lt\\\/\",\"logo\":{\"@type\":\"ImageObject\",\"inLanguage\":\"lv-LV\",\"@id\":\"https:\\\/\\\/kidsplay.lt\\\/#\\\/schema\\\/logo\\\/image\\\/\",\"url\":\"https:\\\/\\\/kidsplay.lt\\\/wp-content\\\/uploads\\\/2023\\\/07\\\/kidsplay-logo.png\",\"contentUrl\":\"https:\\\/\\\/kidsplay.lt\\\/wp-content\\\/uploads\\\/2023\\\/07\\\/kidsplay-logo.png\",\"width\":451,\"height\":98,\"caption\":\"KidsPlay\"},\"image\":{\"@id\":\"https:\\\/\\\/kidsplay.lt\\\/#\\\/schema\\\/logo\\\/image\\\/\"},\"sameAs\":[\"https:\\\/\\\/www.facebook.com\\\/www.kidsplay.lt\"]}]}<\/script>\n<!-- \/ Yoast SEO plugin. -->","yoast_head_json":{"title":"Papl\u016bdimio baras","description":"Vaikai m\u0117gsta nam\u0173 vakar\u0117lius, \u017eaidimus. Jie jau gali surengti papl\u016bdimio vakar\u0117l\u012f savo draugams, t\u0117vams ar me\u0161kiukams. Pirk dabar!","robots":{"index":"index","follow":"follow","max-snippet":"max-snippet:-1","max-image-preview":"max-image-preview:large","max-video-preview":"max-video-preview:-1"},"canonical":"https:\/\/kidsplay.lt\/lv\/products\/papludimio-baras\/","og_locale":"lv_LV","og_type":"article","og_title":"Papl\u016bdimio baras","og_description":"Vaikai m\u0117gsta nam\u0173 vakar\u0117lius, \u017eaidimus. Jie jau gali surengti papl\u016bdimio vakar\u0117l\u012f savo draugams, t\u0117vams ar me\u0161kiukams. Pirk dabar!","og_url":"https:\/\/kidsplay.lt\/lv\/products\/papludimio-baras\/","og_site_name":"KidsPlay","article_publisher":"https:\/\/www.facebook.com\/www.kidsplay.lt","article_modified_time":"2026-04-07T08:05:34+00:00","og_image":[{"width":921,"height":921,"url":"https:\/\/kidsplay.lt\/wp-content\/uploads\/2024\/09\/Papludimio-baras.jpg","type":"image\/jpeg"}],"twitter_card":"summary_large_image","schema":{"@context":"https:\/\/schema.org","@graph":[{"@type":"WebPage","@id":"https:\/\/kidsplay.lt\/produktas\/papludimio-baras\/","url":"https:\/\/kidsplay.lt\/produktas\/papludimio-baras\/","name":"Papl\u016bdimio baras","isPartOf":{"@id":"https:\/\/kidsplay.lt\/#website"},"primaryImageOfPage":{"@id":"https:\/\/kidsplay.lt\/produktas\/papludimio-baras\/#primaryimage"},"image":{"@id":"https:\/\/kidsplay.lt\/produktas\/papludimio-baras\/#primaryimage"},"thumbnailUrl":"https:\/\/kidsplay.lt\/wp-content\/uploads\/2024\/09\/Papludimio-baras.jpg","datePublished":"2026-02-26T07:52:50+00:00","dateModified":"2026-04-07T08:05:34+00:00","description":"Vaikai m\u0117gsta nam\u0173 vakar\u0117lius, \u017eaidimus. Jie jau gali surengti papl\u016bdimio vakar\u0117l\u012f savo draugams, t\u0117vams ar me\u0161kiukams. Pirk dabar!","breadcrumb":{"@id":"https:\/\/kidsplay.lt\/produktas\/papludimio-baras\/#breadcrumb"},"inLanguage":"lv-LV","potentialAction":[{"@type":"ReadAction","target":["https:\/\/kidsplay.lt\/produktas\/papludimio-baras\/"]}]},{"@type":"ImageObject","inLanguage":"lv-LV","@id":"https:\/\/kidsplay.lt\/produktas\/papludimio-baras\/#primaryimage","url":"https:\/\/kidsplay.lt\/wp-content\/uploads\/2024\/09\/Papludimio-baras.jpg","contentUrl":"https:\/\/kidsplay.lt\/wp-content\/uploads\/2024\/09\/Papludimio-baras.jpg","width":921,"height":921,"caption":"Papl\u016bdimio baras"},{"@type":"BreadcrumbList","@id":"https:\/\/kidsplay.lt\/produktas\/papludimio-baras\/#breadcrumb","itemListElement":[{"@type":"ListItem","position":1,"name":"Pagrindinis","item":"https:\/\/kidsplay.lt\/"},{"@type":"ListItem","position":2,"name":"Parduotuv\u0117","item":"https:\/\/kidsplay.lt\/parduotuve\/"},{"@type":"ListItem","position":3,"name":"Papl\u016bdimio baras"}]},{"@type":"WebSite","@id":"https:\/\/kidsplay.lt\/#website","url":"https:\/\/kidsplay.lt\/","name":"B\u0113rnu sp\u0113les.lv","description":"\u012evairios prek\u0117s vaikams","publisher":{"@id":"https:\/\/kidsplay.lt\/#organization"},"alternateName":"Kidsplay","potentialAction":[{"@type":"SearchAction","target":{"@type":"EntryPoint","urlTemplate":"https:\/\/kidsplay.lt\/?s={search_term_string}"},"query-input":{"@type":"PropertyValueSpecification","valueRequired":true,"valueName":"search_term_string"}}],"inLanguage":"lv-LV"},{"@type":"Organization","@id":"https:\/\/kidsplay.lt\/#organization","name":"B\u0113rnu sp\u0113le","url":"https:\/\/kidsplay.lt\/","logo":{"@type":"ImageObject","inLanguage":"lv-LV","@id":"https:\/\/kidsplay.lt\/#\/schema\/logo\/image\/","url":"https:\/\/kidsplay.lt\/wp-content\/uploads\/2023\/07\/kidsplay-logo.png","contentUrl":"https:\/\/kidsplay.lt\/wp-content\/uploads\/2023\/07\/kidsplay-logo.png","width":451,"height":98,"caption":"KidsPlay"},"image":{"@id":"https:\/\/kidsplay.lt\/#\/schema\/logo\/image\/"},"sameAs":["https:\/\/www.facebook.com\/www.kidsplay.lt"]}]}},"_links":{"self":[{"href":"https:\/\/kidsplay.lt\/lv\/wp-json\/wp\/v2\/product\/90767","targetHints":{"allow":["GET"]}}],"collection":[{"href":"https:\/\/kidsplay.lt\/lv\/wp-json\/wp\/v2\/product"}],"about":[{"href":"https:\/\/kidsplay.lt\/lv\/wp-json\/wp\/v2\/types\/product"}],"version-history":[{"count":1,"href":"https:\/\/kidsplay.lt\/lv\/wp-json\/wp\/v2\/product\/90767\/revisions"}],"predecessor-version":[{"id":90768,"href":"https:\/\/kidsplay.lt\/lv\/wp-json\/wp\/v2\/product\/90767\/revisions\/90768"}],"wp:featuredmedia":[{"embeddable":true,"href":"https:\/\/kidsplay.lt\/lv\/wp-json\/wp\/v2\/media\/51274"}],"wp:attachment":[{"href":"https:\/\/kidsplay.lt\/lv\/wp-json\/wp\/v2\/media?parent=90767"}],"wp:term":[{"taxonomy":"product_brand","embeddable":true,"href":"https:\/\/kidsplay.lt\/lv\/wp-json\/wp\/v2\/product_brand?post=90767"},{"taxonomy":"product_cat","embeddable":true,"href":"https:\/\/kidsplay.lt\/lv\/wp-json\/wp\/v2\/product_cat?post=90767"},{"taxonomy":"product_tag","embeddable":true,"href":"https:\/\/kidsplay.lt\/lv\/wp-json\/wp\/v2\/product_tag?post=90767"}],"curies":[{"name":"wp","href":"https:\/\/api.w.org\/{rel}","templated":true}]}}