{"id":90769,"date":"2026-02-26T09:52:52","date_gmt":"2026-02-26T07:52:52","guid":{"rendered":"https:\/\/kidsplay.lt\/produktas\/gimtadienio-tortas-su-vaisiais\/"},"modified":"2026-02-26T14:55:06","modified_gmt":"2026-02-26T12:55:06","slug":"gimtadienio-tortas-su-vaisiais","status":"publish","type":"product","link":"https:\/\/kidsplay.lt\/lv\/products\/gimtadienio-tortas-su-vaisiais\/","title":{"rendered":"Gimtadienio tortas su vaisiais"},"content":{"rendered":"<p>Gimtadienio tortas\u00a0puikiai tinka susitikimams su draugais. Rinkinys bus puikus atributas kiekvienai ma\u017eajai \u0161eimininkei\u00a0organizuojant \u012fsimintin\u0105 vakar\u0117l\u012f\u00a0. Rinkinyje yra gra\u017eiai\u00a0dekoruotas tortas\u00a0, kur\u012f galima supjaustyti \u012f\u00a06\u00a0dalis ir vai\u0161inti sve\u010dius. Vaikas gali\u00a0papuo\u0161ti tort\u0105 pagal savo\u00a0id\u0117jas, nes \u012f rinkin\u012f \u012ftrauktos \u017evak\u0117s, zuikio formos dekoracijos ir vaisiai. Torto centre yra\u00a0\u017evak\u0117,\u00a0kuri\u00a0u\u017esidega paspaudus mygtuk\u0105.- Nuo\u00a03 met\u0173 am\u017eiaus,<br \/>\n&#8211; rinkin\u012f sudaro\u00a040 element\u0173<br \/>\n&#8211; ant torto esanti \u017evak\u0117 u\u017esidega<br \/>\n&#8211; rinkinys suteikia galimyb\u0119 sukomponuoti ir papuo\u0161ti savo tort\u0105<\/p>","protected":false},"excerpt":{"rendered":"<p>Gimtadienio tortas\u00a0puikiai tinka susitikimams su draugais. Rinkinys bus puikus atributas kiekvienai ma\u017eajai \u0161eimininkei\u00a0organizuojant \u012fsimintin\u0105 vakar\u0117l\u012f\u00a0. Rinkinyje yra gra\u017eiai\u00a0dekoruotas tortas\u00a0, kur\u012f<\/p>","protected":false},"featured_media":51283,"template":"","meta":{"_acf_changed":false,"_glsr_average":0,"_glsr_ranking":0,"_glsr_reviews":0},"product_brand":[],"product_cat":[399,282],"product_tag":[],"class_list":{"0":"post-90769","1":"product","2":"type-product","3":"status-publish","4":"has-post-thumbnail","6":"product_cat-vaidmenu-zaidimai-2","7":"product_cat-virtuves-reikmenys-vaidmenu-zaidimai","8":"\"style=\"background-color: #2ecc711c;\"","10":"first","11":"outofstock","12":"purchasable","13":"product-type-simple"},"acf":[],"yoast_head":"<!-- This site is optimized with the Yoast SEO plugin v27.3 - https:\/\/yoast.com\/product\/yoast-seo-wordpress\/ -->\n<title>Gimtadienio tortas su vaisiais<\/title>\n<meta name=\"description\" content=\"Gimtadienio tortas\u00a0puikiai tinka susitikimams su draugais. Rinkinys bus puikus atributas kiekvienai ma\u017eajai \u0161eimininkei\u00a0organizuojant \u012fsimintin\u0105 vakar\u0117l\u012f.\" \/>\n<meta name=\"robots\" content=\"index, follow, max-snippet:-1, max-image-preview:large, max-video-preview:-1\" \/>\n<link rel=\"canonical\" href=\"https:\/\/kidsplay.lt\/lv\/products\/gimtadienio-tortas-su-vaisiais\/\" \/>\n<meta property=\"og:locale\" content=\"lv_LV\" \/>\n<meta property=\"og:type\" content=\"article\" \/>\n<meta property=\"og:title\" content=\"Gimtadienio tortas su vaisiais\" \/>\n<meta property=\"og:description\" content=\"Gimtadienio tortas\u00a0puikiai tinka susitikimams su draugais. Rinkinys bus puikus atributas kiekvienai ma\u017eajai \u0161eimininkei\u00a0organizuojant \u012fsimintin\u0105 vakar\u0117l\u012f.\" \/>\n<meta property=\"og:url\" content=\"https:\/\/kidsplay.lt\/lv\/products\/gimtadienio-tortas-su-vaisiais\/\" \/>\n<meta property=\"og:site_name\" content=\"KidsPlay\" \/>\n<meta property=\"article:publisher\" content=\"https:\/\/www.facebook.com\/www.kidsplay.lt\" \/>\n<meta property=\"article:modified_time\" content=\"2026-02-26T12:55:06+00:00\" \/>\n<meta property=\"og:image\" content=\"https:\/\/kidsplay.lt\/wp-content\/uploads\/2024\/09\/Gimtadienio-tortas-su-vaisiais.jpg\" \/>\n\t<meta property=\"og:image:width\" content=\"650\" \/>\n\t<meta property=\"og:image:height\" content=\"650\" \/>\n\t<meta property=\"og:image:type\" content=\"image\/jpeg\" \/>\n<meta name=\"twitter:card\" content=\"summary_large_image\" \/>\n<script type=\"application\/ld+json\" class=\"yoast-schema-graph\">{\"@context\":\"https:\\\/\\\/schema.org\",\"@graph\":[{\"@type\":\"WebPage\",\"@id\":\"https:\\\/\\\/kidsplay.lt\\\/produktas\\\/gimtadienio-tortas-su-vaisiais\\\/\",\"url\":\"https:\\\/\\\/kidsplay.lt\\\/produktas\\\/gimtadienio-tortas-su-vaisiais\\\/\",\"name\":\"Gimtadienio tortas su vaisiais\",\"isPartOf\":{\"@id\":\"https:\\\/\\\/kidsplay.lt\\\/#website\"},\"primaryImageOfPage\":{\"@id\":\"https:\\\/\\\/kidsplay.lt\\\/produktas\\\/gimtadienio-tortas-su-vaisiais\\\/#primaryimage\"},\"image\":{\"@id\":\"https:\\\/\\\/kidsplay.lt\\\/produktas\\\/gimtadienio-tortas-su-vaisiais\\\/#primaryimage\"},\"thumbnailUrl\":\"https:\\\/\\\/kidsplay.lt\\\/wp-content\\\/uploads\\\/2024\\\/09\\\/Gimtadienio-tortas-su-vaisiais.jpg\",\"datePublished\":\"2026-02-26T07:52:52+00:00\",\"dateModified\":\"2026-02-26T12:55:06+00:00\",\"description\":\"Gimtadienio tortas\u00a0puikiai tinka susitikimams su draugais. Rinkinys bus puikus atributas kiekvienai ma\u017eajai \u0161eimininkei\u00a0organizuojant \u012fsimintin\u0105 vakar\u0117l\u012f.\",\"breadcrumb\":{\"@id\":\"https:\\\/\\\/kidsplay.lt\\\/produktas\\\/gimtadienio-tortas-su-vaisiais\\\/#breadcrumb\"},\"inLanguage\":\"lv-LV\",\"potentialAction\":[{\"@type\":\"ReadAction\",\"target\":[\"https:\\\/\\\/kidsplay.lt\\\/produktas\\\/gimtadienio-tortas-su-vaisiais\\\/\"]}]},{\"@type\":\"ImageObject\",\"inLanguage\":\"lv-LV\",\"@id\":\"https:\\\/\\\/kidsplay.lt\\\/produktas\\\/gimtadienio-tortas-su-vaisiais\\\/#primaryimage\",\"url\":\"https:\\\/\\\/kidsplay.lt\\\/wp-content\\\/uploads\\\/2024\\\/09\\\/Gimtadienio-tortas-su-vaisiais.jpg\",\"contentUrl\":\"https:\\\/\\\/kidsplay.lt\\\/wp-content\\\/uploads\\\/2024\\\/09\\\/Gimtadienio-tortas-su-vaisiais.jpg\",\"width\":650,\"height\":650,\"caption\":\"Gimtadienio tortas su vaisiais\"},{\"@type\":\"BreadcrumbList\",\"@id\":\"https:\\\/\\\/kidsplay.lt\\\/produktas\\\/gimtadienio-tortas-su-vaisiais\\\/#breadcrumb\",\"itemListElement\":[{\"@type\":\"ListItem\",\"position\":1,\"name\":\"Pagrindinis\",\"item\":\"https:\\\/\\\/kidsplay.lt\\\/\"},{\"@type\":\"ListItem\",\"position\":2,\"name\":\"Parduotuv\u0117\",\"item\":\"https:\\\/\\\/kidsplay.lt\\\/parduotuve\\\/\"},{\"@type\":\"ListItem\",\"position\":3,\"name\":\"Gimtadienio tortas su vaisiais\"}]},{\"@type\":\"WebSite\",\"@id\":\"https:\\\/\\\/kidsplay.lt\\\/#website\",\"url\":\"https:\\\/\\\/kidsplay.lt\\\/\",\"name\":\"Kidsplay.lt\",\"description\":\"\u012evairios prek\u0117s vaikams\",\"publisher\":{\"@id\":\"https:\\\/\\\/kidsplay.lt\\\/#organization\"},\"alternateName\":\"Kidsplay\",\"potentialAction\":[{\"@type\":\"SearchAction\",\"target\":{\"@type\":\"EntryPoint\",\"urlTemplate\":\"https:\\\/\\\/kidsplay.lt\\\/?s={search_term_string}\"},\"query-input\":{\"@type\":\"PropertyValueSpecification\",\"valueRequired\":true,\"valueName\":\"search_term_string\"}}],\"inLanguage\":\"lv-LV\"},{\"@type\":\"Organization\",\"@id\":\"https:\\\/\\\/kidsplay.lt\\\/#organization\",\"name\":\"KidsPlay\",\"url\":\"https:\\\/\\\/kidsplay.lt\\\/\",\"logo\":{\"@type\":\"ImageObject\",\"inLanguage\":\"lv-LV\",\"@id\":\"https:\\\/\\\/kidsplay.lt\\\/#\\\/schema\\\/logo\\\/image\\\/\",\"url\":\"https:\\\/\\\/kidsplay.lt\\\/wp-content\\\/uploads\\\/2023\\\/07\\\/kidsplay-logo.png\",\"contentUrl\":\"https:\\\/\\\/kidsplay.lt\\\/wp-content\\\/uploads\\\/2023\\\/07\\\/kidsplay-logo.png\",\"width\":451,\"height\":98,\"caption\":\"KidsPlay\"},\"image\":{\"@id\":\"https:\\\/\\\/kidsplay.lt\\\/#\\\/schema\\\/logo\\\/image\\\/\"},\"sameAs\":[\"https:\\\/\\\/www.facebook.com\\\/www.kidsplay.lt\"]}]}<\/script>\n<!-- \/ Yoast SEO plugin. -->","yoast_head_json":{"title":"Gimtadienio tortas su vaisiais","description":"Gimtadienio tortas\u00a0puikiai tinka susitikimams su draugais. Rinkinys bus puikus atributas kiekvienai ma\u017eajai \u0161eimininkei\u00a0organizuojant \u012fsimintin\u0105 vakar\u0117l\u012f.","robots":{"index":"index","follow":"follow","max-snippet":"max-snippet:-1","max-image-preview":"max-image-preview:large","max-video-preview":"max-video-preview:-1"},"canonical":"https:\/\/kidsplay.lt\/lv\/products\/gimtadienio-tortas-su-vaisiais\/","og_locale":"lv_LV","og_type":"article","og_title":"Gimtadienio tortas su vaisiais","og_description":"Gimtadienio tortas\u00a0puikiai tinka susitikimams su draugais. Rinkinys bus puikus atributas kiekvienai ma\u017eajai \u0161eimininkei\u00a0organizuojant \u012fsimintin\u0105 vakar\u0117l\u012f.","og_url":"https:\/\/kidsplay.lt\/lv\/products\/gimtadienio-tortas-su-vaisiais\/","og_site_name":"KidsPlay","article_publisher":"https:\/\/www.facebook.com\/www.kidsplay.lt","article_modified_time":"2026-02-26T12:55:06+00:00","og_image":[{"width":650,"height":650,"url":"https:\/\/kidsplay.lt\/wp-content\/uploads\/2024\/09\/Gimtadienio-tortas-su-vaisiais.jpg","type":"image\/jpeg"}],"twitter_card":"summary_large_image","schema":{"@context":"https:\/\/schema.org","@graph":[{"@type":"WebPage","@id":"https:\/\/kidsplay.lt\/produktas\/gimtadienio-tortas-su-vaisiais\/","url":"https:\/\/kidsplay.lt\/produktas\/gimtadienio-tortas-su-vaisiais\/","name":"Gimtadienio tortas su vaisiais","isPartOf":{"@id":"https:\/\/kidsplay.lt\/#website"},"primaryImageOfPage":{"@id":"https:\/\/kidsplay.lt\/produktas\/gimtadienio-tortas-su-vaisiais\/#primaryimage"},"image":{"@id":"https:\/\/kidsplay.lt\/produktas\/gimtadienio-tortas-su-vaisiais\/#primaryimage"},"thumbnailUrl":"https:\/\/kidsplay.lt\/wp-content\/uploads\/2024\/09\/Gimtadienio-tortas-su-vaisiais.jpg","datePublished":"2026-02-26T07:52:52+00:00","dateModified":"2026-02-26T12:55:06+00:00","description":"Gimtadienio tortas\u00a0puikiai tinka susitikimams su draugais. Rinkinys bus puikus atributas kiekvienai ma\u017eajai \u0161eimininkei\u00a0organizuojant \u012fsimintin\u0105 vakar\u0117l\u012f.","breadcrumb":{"@id":"https:\/\/kidsplay.lt\/produktas\/gimtadienio-tortas-su-vaisiais\/#breadcrumb"},"inLanguage":"lv-LV","potentialAction":[{"@type":"ReadAction","target":["https:\/\/kidsplay.lt\/produktas\/gimtadienio-tortas-su-vaisiais\/"]}]},{"@type":"ImageObject","inLanguage":"lv-LV","@id":"https:\/\/kidsplay.lt\/produktas\/gimtadienio-tortas-su-vaisiais\/#primaryimage","url":"https:\/\/kidsplay.lt\/wp-content\/uploads\/2024\/09\/Gimtadienio-tortas-su-vaisiais.jpg","contentUrl":"https:\/\/kidsplay.lt\/wp-content\/uploads\/2024\/09\/Gimtadienio-tortas-su-vaisiais.jpg","width":650,"height":650,"caption":"Gimtadienio tortas su vaisiais"},{"@type":"BreadcrumbList","@id":"https:\/\/kidsplay.lt\/produktas\/gimtadienio-tortas-su-vaisiais\/#breadcrumb","itemListElement":[{"@type":"ListItem","position":1,"name":"Pagrindinis","item":"https:\/\/kidsplay.lt\/"},{"@type":"ListItem","position":2,"name":"Parduotuv\u0117","item":"https:\/\/kidsplay.lt\/parduotuve\/"},{"@type":"ListItem","position":3,"name":"Gimtadienio tortas su vaisiais"}]},{"@type":"WebSite","@id":"https:\/\/kidsplay.lt\/#website","url":"https:\/\/kidsplay.lt\/","name":"B\u0113rnu sp\u0113les.lv","description":"\u012evairios prek\u0117s vaikams","publisher":{"@id":"https:\/\/kidsplay.lt\/#organization"},"alternateName":"Kidsplay","potentialAction":[{"@type":"SearchAction","target":{"@type":"EntryPoint","urlTemplate":"https:\/\/kidsplay.lt\/?s={search_term_string}"},"query-input":{"@type":"PropertyValueSpecification","valueRequired":true,"valueName":"search_term_string"}}],"inLanguage":"lv-LV"},{"@type":"Organization","@id":"https:\/\/kidsplay.lt\/#organization","name":"B\u0113rnu sp\u0113le","url":"https:\/\/kidsplay.lt\/","logo":{"@type":"ImageObject","inLanguage":"lv-LV","@id":"https:\/\/kidsplay.lt\/#\/schema\/logo\/image\/","url":"https:\/\/kidsplay.lt\/wp-content\/uploads\/2023\/07\/kidsplay-logo.png","contentUrl":"https:\/\/kidsplay.lt\/wp-content\/uploads\/2023\/07\/kidsplay-logo.png","width":451,"height":98,"caption":"KidsPlay"},"image":{"@id":"https:\/\/kidsplay.lt\/#\/schema\/logo\/image\/"},"sameAs":["https:\/\/www.facebook.com\/www.kidsplay.lt"]}]}},"_links":{"self":[{"href":"https:\/\/kidsplay.lt\/lv\/wp-json\/wp\/v2\/product\/90769","targetHints":{"allow":["GET"]}}],"collection":[{"href":"https:\/\/kidsplay.lt\/lv\/wp-json\/wp\/v2\/product"}],"about":[{"href":"https:\/\/kidsplay.lt\/lv\/wp-json\/wp\/v2\/types\/product"}],"version-history":[{"count":1,"href":"https:\/\/kidsplay.lt\/lv\/wp-json\/wp\/v2\/product\/90769\/revisions"}],"predecessor-version":[{"id":90770,"href":"https:\/\/kidsplay.lt\/lv\/wp-json\/wp\/v2\/product\/90769\/revisions\/90770"}],"wp:featuredmedia":[{"embeddable":true,"href":"https:\/\/kidsplay.lt\/lv\/wp-json\/wp\/v2\/media\/51283"}],"wp:attachment":[{"href":"https:\/\/kidsplay.lt\/lv\/wp-json\/wp\/v2\/media?parent=90769"}],"wp:term":[{"taxonomy":"product_brand","embeddable":true,"href":"https:\/\/kidsplay.lt\/lv\/wp-json\/wp\/v2\/product_brand?post=90769"},{"taxonomy":"product_cat","embeddable":true,"href":"https:\/\/kidsplay.lt\/lv\/wp-json\/wp\/v2\/product_cat?post=90769"},{"taxonomy":"product_tag","embeddable":true,"href":"https:\/\/kidsplay.lt\/lv\/wp-json\/wp\/v2\/product_tag?post=90769"}],"curies":[{"name":"wp","href":"https:\/\/api.w.org\/{rel}","templated":true}]}}