{"id":90773,"date":"2026-02-26T09:52:57","date_gmt":"2026-02-26T07:52:57","guid":{"rendered":"https:\/\/kidsplay.lt\/produktas\/mazojo-lankininko-rinkinys-su-skydu-vaikams\/"},"modified":"2026-04-07T11:05:41","modified_gmt":"2026-04-07T08:05:41","slug":"mazojo-lankininko-rinkinys-su-skydu-vaikams","status":"publish","type":"product","link":"https:\/\/kidsplay.lt\/lv\/products\/mazojo-lankininko-rinkinys-su-skydu-vaikams\/","title":{"rendered":"Ma\u017eojo lankininko rinkinys su skydu vaikams"},"content":{"rendered":"<p>Ma\u017eojo lankininko rinkinys su skydu vaikams yra puikus pasirinkimas J\u016bs\u0173 ma\u017eyliui. Be to, lankininko rinkinyje yra labai stabilus taikinys, kuris leis lavinti akies ir rank\u0173 koordinacij\u0105 pataikant \u012f taikin\u012f. Lankininko rinkinys gra\u017eiomis prislopintomis spalvomis, kurios traukia ak\u012f ir skatina \u017eaisti.<\/p>\n<p>&#8211; Rinkinyje rasite vaiki\u0161k\u0105 lank\u0105, 3 str\u0117l\u0117s su siurbtuku gale ir skyd\u0105.<br \/>\n&#8211; Rinkinys vaikams nuo 6 met\u0173;<br \/>\n&#8211; Auk\u0161ta med\u017eiag\u0173 kokybe;<br \/>\n&#8211; Nuda\u017eyti netoksi\u0161kais da\u017eais;<br \/>\n&#8211; N\u0117ra a\u0161tri\u0173 briaun\u0173, tod\u0117l vaikas gali \u017eaisti saugiai.<\/p>\n<p>\u017daislas gerina:<\/p>\n<p>&#8211; vaizduot\u0119;<br \/>\n&#8211; Rankinius \u012fg\u016bd\u017eiai;<br \/>\n&#8211; Pa\u017eintinius geb\u0117jimus;<br \/>\n&#8211; Geb\u0117jim\u0105 m\u0105styti logi\u0161kai;<br \/>\n&#8211; aki\u0173 rank\u0173 derinim\u0105.<\/p>","protected":false},"excerpt":{"rendered":"<p>Ma\u017eojo lankininko rinkinys su skydu vaikams yra puikus pasirinkimas J\u016bs\u0173 ma\u017eyliui. Be to, lankininko rinkinyje yra labai stabilus taikinys, kuris<\/p>","protected":false},"featured_media":54294,"template":"","meta":{"_acf_changed":false,"_glsr_average":0,"_glsr_ranking":0,"_glsr_reviews":0},"product_brand":[],"product_cat":[233,430],"product_tag":[],"class_list":{"0":"post-90773","1":"product","2":"type-product","3":"status-publish","4":"has-post-thumbnail","6":"product_cat-lauko-pramogos","7":"product_cat-zaidimai-ir-linksmybes","8":"\"style=\"background-color: #2ecc711c;\"","10":"first","11":"instock","12":"purchasable","13":"product-type-simple"},"acf":[],"yoast_head":"<!-- This site is optimized with the Yoast SEO plugin v27.3 - https:\/\/yoast.com\/product\/yoast-seo-wordpress\/ -->\n<title>Ma\u017eojo lankininko rinkinys su skydu vaikams<\/title>\n<meta name=\"description\" content=\"Ma\u017eojo lankininko rinkinys su skydu vaikams yra puikus pasirinkimas J\u016bs\u0173 ma\u017eyliui. Lankininko rinkinyje yra labai stabilus taikinys.\" \/>\n<meta name=\"robots\" content=\"index, follow, max-snippet:-1, max-image-preview:large, max-video-preview:-1\" \/>\n<link rel=\"canonical\" href=\"https:\/\/kidsplay.lt\/lv\/products\/mazojo-lankininko-rinkinys-su-skydu-vaikams\/\" \/>\n<meta property=\"og:locale\" content=\"lv_LV\" \/>\n<meta property=\"og:type\" content=\"article\" \/>\n<meta property=\"og:title\" content=\"Ma\u017eojo lankininko rinkinys su skydu vaikams\" \/>\n<meta property=\"og:description\" content=\"Ma\u017eojo lankininko rinkinys su skydu vaikams yra puikus pasirinkimas J\u016bs\u0173 ma\u017eyliui. Lankininko rinkinyje yra labai stabilus taikinys.\" \/>\n<meta property=\"og:url\" content=\"https:\/\/kidsplay.lt\/lv\/products\/mazojo-lankininko-rinkinys-su-skydu-vaikams\/\" \/>\n<meta property=\"og:site_name\" content=\"KidsPlay\" \/>\n<meta property=\"article:publisher\" content=\"https:\/\/www.facebook.com\/www.kidsplay.lt\" \/>\n<meta property=\"article:modified_time\" content=\"2026-04-07T08:05:41+00:00\" \/>\n<meta property=\"og:image\" content=\"https:\/\/kidsplay.lt\/wp-content\/uploads\/2024\/09\/Mazojo-lankininko-rinkinys-su-skydu-vaikams.jpg\" \/>\n\t<meta property=\"og:image:width\" content=\"1000\" \/>\n\t<meta property=\"og:image:height\" content=\"1000\" \/>\n\t<meta property=\"og:image:type\" content=\"image\/jpeg\" \/>\n<meta name=\"twitter:card\" content=\"summary_large_image\" \/>\n<meta name=\"twitter:label1\" content=\"Est. reading time\" \/>\n\t<meta name=\"twitter:data1\" content=\"1 min\u016bte\" \/>\n<script type=\"application\/ld+json\" class=\"yoast-schema-graph\">{\"@context\":\"https:\\\/\\\/schema.org\",\"@graph\":[{\"@type\":\"WebPage\",\"@id\":\"https:\\\/\\\/kidsplay.lt\\\/produktas\\\/mazojo-lankininko-rinkinys-su-skydu-vaikams\\\/\",\"url\":\"https:\\\/\\\/kidsplay.lt\\\/produktas\\\/mazojo-lankininko-rinkinys-su-skydu-vaikams\\\/\",\"name\":\"Ma\u017eojo lankininko rinkinys su skydu vaikams\",\"isPartOf\":{\"@id\":\"https:\\\/\\\/kidsplay.lt\\\/#website\"},\"primaryImageOfPage\":{\"@id\":\"https:\\\/\\\/kidsplay.lt\\\/produktas\\\/mazojo-lankininko-rinkinys-su-skydu-vaikams\\\/#primaryimage\"},\"image\":{\"@id\":\"https:\\\/\\\/kidsplay.lt\\\/produktas\\\/mazojo-lankininko-rinkinys-su-skydu-vaikams\\\/#primaryimage\"},\"thumbnailUrl\":\"https:\\\/\\\/kidsplay.lt\\\/wp-content\\\/uploads\\\/2024\\\/09\\\/Mazojo-lankininko-rinkinys-su-skydu-vaikams.jpg\",\"datePublished\":\"2026-02-26T07:52:57+00:00\",\"dateModified\":\"2026-04-07T08:05:41+00:00\",\"description\":\"Ma\u017eojo lankininko rinkinys su skydu vaikams yra puikus pasirinkimas J\u016bs\u0173 ma\u017eyliui. Lankininko rinkinyje yra labai stabilus taikinys.\",\"breadcrumb\":{\"@id\":\"https:\\\/\\\/kidsplay.lt\\\/produktas\\\/mazojo-lankininko-rinkinys-su-skydu-vaikams\\\/#breadcrumb\"},\"inLanguage\":\"lv-LV\",\"potentialAction\":[{\"@type\":\"ReadAction\",\"target\":[\"https:\\\/\\\/kidsplay.lt\\\/produktas\\\/mazojo-lankininko-rinkinys-su-skydu-vaikams\\\/\"]}]},{\"@type\":\"ImageObject\",\"inLanguage\":\"lv-LV\",\"@id\":\"https:\\\/\\\/kidsplay.lt\\\/produktas\\\/mazojo-lankininko-rinkinys-su-skydu-vaikams\\\/#primaryimage\",\"url\":\"https:\\\/\\\/kidsplay.lt\\\/wp-content\\\/uploads\\\/2024\\\/09\\\/Mazojo-lankininko-rinkinys-su-skydu-vaikams.jpg\",\"contentUrl\":\"https:\\\/\\\/kidsplay.lt\\\/wp-content\\\/uploads\\\/2024\\\/09\\\/Mazojo-lankininko-rinkinys-su-skydu-vaikams.jpg\",\"width\":1000,\"height\":1000,\"caption\":\"Ma\u017eojo lankininko rinkinys su skydu vaikams\"},{\"@type\":\"BreadcrumbList\",\"@id\":\"https:\\\/\\\/kidsplay.lt\\\/produktas\\\/mazojo-lankininko-rinkinys-su-skydu-vaikams\\\/#breadcrumb\",\"itemListElement\":[{\"@type\":\"ListItem\",\"position\":1,\"name\":\"Pagrindinis\",\"item\":\"https:\\\/\\\/kidsplay.lt\\\/\"},{\"@type\":\"ListItem\",\"position\":2,\"name\":\"Parduotuv\u0117\",\"item\":\"https:\\\/\\\/kidsplay.lt\\\/parduotuve\\\/\"},{\"@type\":\"ListItem\",\"position\":3,\"name\":\"Ma\u017eojo lankininko rinkinys su skydu vaikams\"}]},{\"@type\":\"WebSite\",\"@id\":\"https:\\\/\\\/kidsplay.lt\\\/#website\",\"url\":\"https:\\\/\\\/kidsplay.lt\\\/\",\"name\":\"Kidsplay.lt\",\"description\":\"\u012evairios prek\u0117s vaikams\",\"publisher\":{\"@id\":\"https:\\\/\\\/kidsplay.lt\\\/#organization\"},\"alternateName\":\"Kidsplay\",\"potentialAction\":[{\"@type\":\"SearchAction\",\"target\":{\"@type\":\"EntryPoint\",\"urlTemplate\":\"https:\\\/\\\/kidsplay.lt\\\/?s={search_term_string}\"},\"query-input\":{\"@type\":\"PropertyValueSpecification\",\"valueRequired\":true,\"valueName\":\"search_term_string\"}}],\"inLanguage\":\"lv-LV\"},{\"@type\":\"Organization\",\"@id\":\"https:\\\/\\\/kidsplay.lt\\\/#organization\",\"name\":\"KidsPlay\",\"url\":\"https:\\\/\\\/kidsplay.lt\\\/\",\"logo\":{\"@type\":\"ImageObject\",\"inLanguage\":\"lv-LV\",\"@id\":\"https:\\\/\\\/kidsplay.lt\\\/#\\\/schema\\\/logo\\\/image\\\/\",\"url\":\"https:\\\/\\\/kidsplay.lt\\\/wp-content\\\/uploads\\\/2023\\\/07\\\/kidsplay-logo.png\",\"contentUrl\":\"https:\\\/\\\/kidsplay.lt\\\/wp-content\\\/uploads\\\/2023\\\/07\\\/kidsplay-logo.png\",\"width\":451,\"height\":98,\"caption\":\"KidsPlay\"},\"image\":{\"@id\":\"https:\\\/\\\/kidsplay.lt\\\/#\\\/schema\\\/logo\\\/image\\\/\"},\"sameAs\":[\"https:\\\/\\\/www.facebook.com\\\/www.kidsplay.lt\"]}]}<\/script>\n<!-- \/ Yoast SEO plugin. -->","yoast_head_json":{"title":"Ma\u017eojo lankininko rinkinys su skydu vaikams","description":"Ma\u017eojo lankininko rinkinys su skydu vaikams yra puikus pasirinkimas J\u016bs\u0173 ma\u017eyliui. Lankininko rinkinyje yra labai stabilus taikinys.","robots":{"index":"index","follow":"follow","max-snippet":"max-snippet:-1","max-image-preview":"max-image-preview:large","max-video-preview":"max-video-preview:-1"},"canonical":"https:\/\/kidsplay.lt\/lv\/products\/mazojo-lankininko-rinkinys-su-skydu-vaikams\/","og_locale":"lv_LV","og_type":"article","og_title":"Ma\u017eojo lankininko rinkinys su skydu vaikams","og_description":"Ma\u017eojo lankininko rinkinys su skydu vaikams yra puikus pasirinkimas J\u016bs\u0173 ma\u017eyliui. Lankininko rinkinyje yra labai stabilus taikinys.","og_url":"https:\/\/kidsplay.lt\/lv\/products\/mazojo-lankininko-rinkinys-su-skydu-vaikams\/","og_site_name":"KidsPlay","article_publisher":"https:\/\/www.facebook.com\/www.kidsplay.lt","article_modified_time":"2026-04-07T08:05:41+00:00","og_image":[{"width":1000,"height":1000,"url":"https:\/\/kidsplay.lt\/wp-content\/uploads\/2024\/09\/Mazojo-lankininko-rinkinys-su-skydu-vaikams.jpg","type":"image\/jpeg"}],"twitter_card":"summary_large_image","twitter_misc":{"Est. reading time":"1 min\u016bte"},"schema":{"@context":"https:\/\/schema.org","@graph":[{"@type":"WebPage","@id":"https:\/\/kidsplay.lt\/produktas\/mazojo-lankininko-rinkinys-su-skydu-vaikams\/","url":"https:\/\/kidsplay.lt\/produktas\/mazojo-lankininko-rinkinys-su-skydu-vaikams\/","name":"Ma\u017eojo lankininko rinkinys su skydu vaikams","isPartOf":{"@id":"https:\/\/kidsplay.lt\/#website"},"primaryImageOfPage":{"@id":"https:\/\/kidsplay.lt\/produktas\/mazojo-lankininko-rinkinys-su-skydu-vaikams\/#primaryimage"},"image":{"@id":"https:\/\/kidsplay.lt\/produktas\/mazojo-lankininko-rinkinys-su-skydu-vaikams\/#primaryimage"},"thumbnailUrl":"https:\/\/kidsplay.lt\/wp-content\/uploads\/2024\/09\/Mazojo-lankininko-rinkinys-su-skydu-vaikams.jpg","datePublished":"2026-02-26T07:52:57+00:00","dateModified":"2026-04-07T08:05:41+00:00","description":"Ma\u017eojo lankininko rinkinys su skydu vaikams yra puikus pasirinkimas J\u016bs\u0173 ma\u017eyliui. Lankininko rinkinyje yra labai stabilus taikinys.","breadcrumb":{"@id":"https:\/\/kidsplay.lt\/produktas\/mazojo-lankininko-rinkinys-su-skydu-vaikams\/#breadcrumb"},"inLanguage":"lv-LV","potentialAction":[{"@type":"ReadAction","target":["https:\/\/kidsplay.lt\/produktas\/mazojo-lankininko-rinkinys-su-skydu-vaikams\/"]}]},{"@type":"ImageObject","inLanguage":"lv-LV","@id":"https:\/\/kidsplay.lt\/produktas\/mazojo-lankininko-rinkinys-su-skydu-vaikams\/#primaryimage","url":"https:\/\/kidsplay.lt\/wp-content\/uploads\/2024\/09\/Mazojo-lankininko-rinkinys-su-skydu-vaikams.jpg","contentUrl":"https:\/\/kidsplay.lt\/wp-content\/uploads\/2024\/09\/Mazojo-lankininko-rinkinys-su-skydu-vaikams.jpg","width":1000,"height":1000,"caption":"Ma\u017eojo lankininko rinkinys su skydu vaikams"},{"@type":"BreadcrumbList","@id":"https:\/\/kidsplay.lt\/produktas\/mazojo-lankininko-rinkinys-su-skydu-vaikams\/#breadcrumb","itemListElement":[{"@type":"ListItem","position":1,"name":"Pagrindinis","item":"https:\/\/kidsplay.lt\/"},{"@type":"ListItem","position":2,"name":"Parduotuv\u0117","item":"https:\/\/kidsplay.lt\/parduotuve\/"},{"@type":"ListItem","position":3,"name":"Ma\u017eojo lankininko rinkinys su skydu vaikams"}]},{"@type":"WebSite","@id":"https:\/\/kidsplay.lt\/#website","url":"https:\/\/kidsplay.lt\/","name":"B\u0113rnu sp\u0113les.lv","description":"\u012evairios prek\u0117s vaikams","publisher":{"@id":"https:\/\/kidsplay.lt\/#organization"},"alternateName":"Kidsplay","potentialAction":[{"@type":"SearchAction","target":{"@type":"EntryPoint","urlTemplate":"https:\/\/kidsplay.lt\/?s={search_term_string}"},"query-input":{"@type":"PropertyValueSpecification","valueRequired":true,"valueName":"search_term_string"}}],"inLanguage":"lv-LV"},{"@type":"Organization","@id":"https:\/\/kidsplay.lt\/#organization","name":"B\u0113rnu sp\u0113le","url":"https:\/\/kidsplay.lt\/","logo":{"@type":"ImageObject","inLanguage":"lv-LV","@id":"https:\/\/kidsplay.lt\/#\/schema\/logo\/image\/","url":"https:\/\/kidsplay.lt\/wp-content\/uploads\/2023\/07\/kidsplay-logo.png","contentUrl":"https:\/\/kidsplay.lt\/wp-content\/uploads\/2023\/07\/kidsplay-logo.png","width":451,"height":98,"caption":"KidsPlay"},"image":{"@id":"https:\/\/kidsplay.lt\/#\/schema\/logo\/image\/"},"sameAs":["https:\/\/www.facebook.com\/www.kidsplay.lt"]}]}},"_links":{"self":[{"href":"https:\/\/kidsplay.lt\/lv\/wp-json\/wp\/v2\/product\/90773","targetHints":{"allow":["GET"]}}],"collection":[{"href":"https:\/\/kidsplay.lt\/lv\/wp-json\/wp\/v2\/product"}],"about":[{"href":"https:\/\/kidsplay.lt\/lv\/wp-json\/wp\/v2\/types\/product"}],"version-history":[{"count":1,"href":"https:\/\/kidsplay.lt\/lv\/wp-json\/wp\/v2\/product\/90773\/revisions"}],"predecessor-version":[{"id":90774,"href":"https:\/\/kidsplay.lt\/lv\/wp-json\/wp\/v2\/product\/90773\/revisions\/90774"}],"wp:featuredmedia":[{"embeddable":true,"href":"https:\/\/kidsplay.lt\/lv\/wp-json\/wp\/v2\/media\/54294"}],"wp:attachment":[{"href":"https:\/\/kidsplay.lt\/lv\/wp-json\/wp\/v2\/media?parent=90773"}],"wp:term":[{"taxonomy":"product_brand","embeddable":true,"href":"https:\/\/kidsplay.lt\/lv\/wp-json\/wp\/v2\/product_brand?post=90773"},{"taxonomy":"product_cat","embeddable":true,"href":"https:\/\/kidsplay.lt\/lv\/wp-json\/wp\/v2\/product_cat?post=90773"},{"taxonomy":"product_tag","embeddable":true,"href":"https:\/\/kidsplay.lt\/lv\/wp-json\/wp\/v2\/product_tag?post=90773"}],"curies":[{"name":"wp","href":"https:\/\/api.w.org\/{rel}","templated":true}]}}