{"id":91114,"date":"2026-02-27T08:26:57","date_gmt":"2026-02-27T06:26:57","guid":{"rendered":"https:\/\/kidsplay.lt\/produktas\/tr1805-elektrinis-vaikiskas-keturratis-juodas\/"},"modified":"2026-04-10T10:03:06","modified_gmt":"2026-04-10T07:03:06","slug":"tr1805-elektrinis-vaikiskas-keturratis-juodas","status":"publish","type":"product","link":"https:\/\/kidsplay.lt\/lv\/product\/tr1805-elektrinis-vaikiskas-keturratis-juodas\/","title":{"rendered":"TR1805 elektrinis vaiki\u0161kas keturratis, juodas."},"content":{"rendered":"<p>Nuo \u0161iol tavo vaikas gali tur\u0117ti savo nuosav\u0105 keturrat\u012f! I\u0161pildyk ma\u017eylio svajon\u0119 nupirkdamas patog\u0173 TR1805 keturrat\u012f ry\u0161kios juodos spalvos. Ugdyk jo aistr\u0105 jau dabar \u2013 ateityje gal\u0117site ja dalintis kartu, \u012fveikdami pla\u010dius kelius. Leisk jam pajusti vairavimo d\u017eiaugsm\u0105 ir laisv\u0119.<\/p>\n<p>Vaiki\u0161ka transporto priemon\u0117 su akumuliatoriumi atrodo kaip tikras keturratis, tik pritaikytas keli\u0173 met\u0173 vaikui. Tvirta ir patvari konstrukcija, pagaminta i\u0161 auk\u0161tos kokyb\u0117s med\u017eiag\u0173, u\u017etikrina ilgus \u017eaidimo metus. Keturratis TR1805 sukurtas moderniu stiliumi, kuris patiks ne tik jauniausiems automobili\u0173 \u017eaisl\u0173 m\u0117g\u0117jams, bet ir j\u0173 t\u0117vams. Kruop\u0161\u010diai apgalvotas dizainas ir detal\u0117s, imituojan\u010dios tikras dalis, leis vaikui pasijusti tikru vairuotoju.<\/p>\n<p>TR1805 \u017eaislin\u0117 transporto priemon\u0117 skirta vaikams nuo 3 met\u0173, ta\u010diau pri\u017ei\u016brint suaugusiajam ja gali naudotis ir jaunesni. Keturratis turi CE sertifikat\u0105, o jo surinkimas labai paprastas ir trunka apie 30 minu\u010di\u0173.<\/p>\n<p>Prek\u0117s \u017eenklas: LEAN CARS<br \/>\nModelis: Quad TR1805<br \/>\nSpalva: juoda<\/p>\n<p>Tehniskie dati:<br \/>\nVariklis: 1\u00d735W<br \/>\nAkumuliatorius: 1\u00d76V 4Ah<br \/>\nPavaros: 2 (pirmyn \/ atgal)<br \/>\nI\u0161matavimai: 70 \u00d7 39 \u00d7 43 cm<br \/>\nMaksimalus greitis: 2,5\u20133 km\/h<br \/>\nSvoris: 5 kg<br \/>\nMaksimali apkrova: 30 kg<br \/>\n\u012ekrovimo laikas: 8 valandos Naudojimo trukm\u0117: iki 1 valandos<br \/>\nStabd\u017eiai: automatiniai \u2013 atleidus akseleratori\u0173<\/p>\n<p>\u012eranga:<br \/>\nSaugos dir\u017eai: n\u0117ra<br \/>\nAtidaromos durel\u0117s: n\u0117ra<br \/>\nRakteliai: n\u0117ra<br \/>\nS\u0117dyn\u0117: plastikin\u0117<br \/>\nRatai: plastikiniai su gumin\u0117mis juostomis<br \/>\nNuotolinio valdymo pultas: n\u0117ra<\/p>","protected":false},"excerpt":{"rendered":"<p>Nuo \u0161iol tavo vaikas gali tur\u0117ti savo nuosav\u0105 keturrat\u012f! I\u0161pildyk ma\u017eylio svajon\u0119 nupirkdamas patog\u0173 TR1805 keturrat\u012f ry\u0161kios juodos spalvos. Ugdyk<\/p>","protected":false},"featured_media":91116,"template":"","meta":{"_acf_changed":false,"_glsr_average":0,"_glsr_ranking":0,"_glsr_reviews":0},"product_brand":[],"product_cat":[310,237],"product_tag":[],"class_list":{"0":"post-91114","1":"product","2":"type-product","3":"status-publish","4":"has-post-thumbnail","6":"product_cat-akumuliatorines-transporto-priemones","7":"product_cat-judejimo-priemones","8":"\"style=\"background-color: #2ecc711c;\"","10":"first","11":"instock","12":"purchasable","13":"product-type-simple"},"acf":[],"yoast_head":"<!-- This site is optimized with the Yoast SEO plugin v27.3 - https:\/\/yoast.com\/product\/yoast-seo-wordpress\/ -->\n<title>TR1805 elektrinis vaiki\u0161kas keturratis, juodas.<\/title>\n<meta name=\"description\" content=\"TR1805 elektrinis vaiki\u0161kas keturratis, juodas. - KidsPlay. Did\u017eiausias vaik\u0173 \u017eaisl\u0173 pasirinkimas.\" \/>\n<meta name=\"robots\" content=\"index, follow, max-snippet:-1, max-image-preview:large, max-video-preview:-1\" \/>\n<link rel=\"canonical\" href=\"https:\/\/kidsplay.lt\/lv\/product\/tr1805-elektrinis-vaikiskas-keturratis-juodas\/\" \/>\n<meta property=\"og:locale\" content=\"lv_LV\" \/>\n<meta property=\"og:type\" content=\"article\" \/>\n<meta property=\"og:title\" content=\"TR1805 elektrinis vaiki\u0161kas keturratis, juodas.\" \/>\n<meta property=\"og:description\" content=\"TR1805 elektrinis vaiki\u0161kas keturratis, juodas. - KidsPlay. Did\u017eiausias vaik\u0173 \u017eaisl\u0173 pasirinkimas.\" \/>\n<meta property=\"og:url\" content=\"https:\/\/kidsplay.lt\/lv\/product\/tr1805-elektrinis-vaikiskas-keturratis-juodas\/\" \/>\n<meta property=\"og:site_name\" content=\"KidsPlay\" \/>\n<meta property=\"article:publisher\" content=\"https:\/\/www.facebook.com\/www.kidsplay.lt\" \/>\n<meta property=\"article:modified_time\" content=\"2026-04-10T07:03:06+00:00\" \/>\n<meta property=\"og:image\" content=\"https:\/\/kidsplay.lt\/wp-content\/uploads\/2026\/02\/TR1805-elektrinis-vaikiskas-keturratis-juodas.jpg\" \/>\n\t<meta property=\"og:image:width\" content=\"1000\" \/>\n\t<meta property=\"og:image:height\" content=\"707\" \/>\n\t<meta property=\"og:image:type\" content=\"image\/jpeg\" \/>\n<meta name=\"twitter:card\" content=\"summary_large_image\" \/>\n<meta name=\"twitter:label1\" content=\"Est. reading time\" \/>\n\t<meta name=\"twitter:data1\" content=\"1 min\u016bte\" \/>\n<script type=\"application\/ld+json\" class=\"yoast-schema-graph\">{\"@context\":\"https:\\\/\\\/schema.org\",\"@graph\":[{\"@type\":\"WebPage\",\"@id\":\"https:\\\/\\\/kidsplay.lt\\\/produktas\\\/tr1805-elektrinis-vaikiskas-keturratis-juodas\\\/\",\"url\":\"https:\\\/\\\/kidsplay.lt\\\/produktas\\\/tr1805-elektrinis-vaikiskas-keturratis-juodas\\\/\",\"name\":\"TR1805 elektrinis vaiki\u0161kas keturratis, juodas.\",\"isPartOf\":{\"@id\":\"https:\\\/\\\/kidsplay.lt\\\/#website\"},\"primaryImageOfPage\":{\"@id\":\"https:\\\/\\\/kidsplay.lt\\\/produktas\\\/tr1805-elektrinis-vaikiskas-keturratis-juodas\\\/#primaryimage\"},\"image\":{\"@id\":\"https:\\\/\\\/kidsplay.lt\\\/produktas\\\/tr1805-elektrinis-vaikiskas-keturratis-juodas\\\/#primaryimage\"},\"thumbnailUrl\":\"https:\\\/\\\/kidsplay.lt\\\/wp-content\\\/uploads\\\/2026\\\/02\\\/TR1805-elektrinis-vaikiskas-keturratis-juodas.jpg\",\"datePublished\":\"2026-02-27T06:26:57+00:00\",\"dateModified\":\"2026-04-10T07:03:06+00:00\",\"description\":\"TR1805 elektrinis vaiki\u0161kas keturratis, juodas. - KidsPlay. Did\u017eiausias vaik\u0173 \u017eaisl\u0173 pasirinkimas.\",\"breadcrumb\":{\"@id\":\"https:\\\/\\\/kidsplay.lt\\\/produktas\\\/tr1805-elektrinis-vaikiskas-keturratis-juodas\\\/#breadcrumb\"},\"inLanguage\":\"lv-LV\",\"potentialAction\":[{\"@type\":\"ReadAction\",\"target\":[\"https:\\\/\\\/kidsplay.lt\\\/produktas\\\/tr1805-elektrinis-vaikiskas-keturratis-juodas\\\/\"]}]},{\"@type\":\"ImageObject\",\"inLanguage\":\"lv-LV\",\"@id\":\"https:\\\/\\\/kidsplay.lt\\\/produktas\\\/tr1805-elektrinis-vaikiskas-keturratis-juodas\\\/#primaryimage\",\"url\":\"https:\\\/\\\/kidsplay.lt\\\/wp-content\\\/uploads\\\/2026\\\/02\\\/TR1805-elektrinis-vaikiskas-keturratis-juodas.jpg\",\"contentUrl\":\"https:\\\/\\\/kidsplay.lt\\\/wp-content\\\/uploads\\\/2026\\\/02\\\/TR1805-elektrinis-vaikiskas-keturratis-juodas.jpg\",\"width\":1000,\"height\":707,\"caption\":\"TR1805 elektrinis vaiki\u0161kas keturratis\"},{\"@type\":\"BreadcrumbList\",\"@id\":\"https:\\\/\\\/kidsplay.lt\\\/produktas\\\/tr1805-elektrinis-vaikiskas-keturratis-juodas\\\/#breadcrumb\",\"itemListElement\":[{\"@type\":\"ListItem\",\"position\":1,\"name\":\"Pagrindinis\",\"item\":\"https:\\\/\\\/kidsplay.lt\\\/\"},{\"@type\":\"ListItem\",\"position\":2,\"name\":\"Parduotuv\u0117\",\"item\":\"https:\\\/\\\/kidsplay.lt\\\/parduotuve\\\/\"},{\"@type\":\"ListItem\",\"position\":3,\"name\":\"TR1805 elektrinis vaiki\u0161kas keturratis, juodas.\"}]},{\"@type\":\"WebSite\",\"@id\":\"https:\\\/\\\/kidsplay.lt\\\/#website\",\"url\":\"https:\\\/\\\/kidsplay.lt\\\/\",\"name\":\"Kidsplay.lt\",\"description\":\"\u012evairios prek\u0117s vaikams\",\"publisher\":{\"@id\":\"https:\\\/\\\/kidsplay.lt\\\/#organization\"},\"alternateName\":\"Kidsplay\",\"potentialAction\":[{\"@type\":\"SearchAction\",\"target\":{\"@type\":\"EntryPoint\",\"urlTemplate\":\"https:\\\/\\\/kidsplay.lt\\\/?s={search_term_string}\"},\"query-input\":{\"@type\":\"PropertyValueSpecification\",\"valueRequired\":true,\"valueName\":\"search_term_string\"}}],\"inLanguage\":\"lv-LV\"},{\"@type\":\"Organization\",\"@id\":\"https:\\\/\\\/kidsplay.lt\\\/#organization\",\"name\":\"KidsPlay\",\"url\":\"https:\\\/\\\/kidsplay.lt\\\/\",\"logo\":{\"@type\":\"ImageObject\",\"inLanguage\":\"lv-LV\",\"@id\":\"https:\\\/\\\/kidsplay.lt\\\/#\\\/schema\\\/logo\\\/image\\\/\",\"url\":\"https:\\\/\\\/kidsplay.lt\\\/wp-content\\\/uploads\\\/2023\\\/07\\\/kidsplay-logo.png\",\"contentUrl\":\"https:\\\/\\\/kidsplay.lt\\\/wp-content\\\/uploads\\\/2023\\\/07\\\/kidsplay-logo.png\",\"width\":451,\"height\":98,\"caption\":\"KidsPlay\"},\"image\":{\"@id\":\"https:\\\/\\\/kidsplay.lt\\\/#\\\/schema\\\/logo\\\/image\\\/\"},\"sameAs\":[\"https:\\\/\\\/www.facebook.com\\\/www.kidsplay.lt\"]}]}<\/script>\n<!-- \/ Yoast SEO plugin. -->","yoast_head_json":{"title":"TR1805 elektrinis vaiki\u0161kas keturratis, juodas.","description":"TR1805 elektrinis vaiki\u0161kas keturratis, juodas. - KidsPlay. Did\u017eiausias vaik\u0173 \u017eaisl\u0173 pasirinkimas.","robots":{"index":"index","follow":"follow","max-snippet":"max-snippet:-1","max-image-preview":"max-image-preview:large","max-video-preview":"max-video-preview:-1"},"canonical":"https:\/\/kidsplay.lt\/lv\/product\/tr1805-elektrinis-vaikiskas-keturratis-juodas\/","og_locale":"lv_LV","og_type":"article","og_title":"TR1805 elektrinis vaiki\u0161kas keturratis, juodas.","og_description":"TR1805 elektrinis vaiki\u0161kas keturratis, juodas. - KidsPlay. Did\u017eiausias vaik\u0173 \u017eaisl\u0173 pasirinkimas.","og_url":"https:\/\/kidsplay.lt\/lv\/product\/tr1805-elektrinis-vaikiskas-keturratis-juodas\/","og_site_name":"KidsPlay","article_publisher":"https:\/\/www.facebook.com\/www.kidsplay.lt","article_modified_time":"2026-04-10T07:03:06+00:00","og_image":[{"width":1000,"height":707,"url":"https:\/\/kidsplay.lt\/wp-content\/uploads\/2026\/02\/TR1805-elektrinis-vaikiskas-keturratis-juodas.jpg","type":"image\/jpeg"}],"twitter_card":"summary_large_image","twitter_misc":{"Est. reading time":"1 min\u016bte"},"schema":{"@context":"https:\/\/schema.org","@graph":[{"@type":"WebPage","@id":"https:\/\/kidsplay.lt\/produktas\/tr1805-elektrinis-vaikiskas-keturratis-juodas\/","url":"https:\/\/kidsplay.lt\/produktas\/tr1805-elektrinis-vaikiskas-keturratis-juodas\/","name":"TR1805 elektrinis vaiki\u0161kas keturratis, juodas.","isPartOf":{"@id":"https:\/\/kidsplay.lt\/#website"},"primaryImageOfPage":{"@id":"https:\/\/kidsplay.lt\/produktas\/tr1805-elektrinis-vaikiskas-keturratis-juodas\/#primaryimage"},"image":{"@id":"https:\/\/kidsplay.lt\/produktas\/tr1805-elektrinis-vaikiskas-keturratis-juodas\/#primaryimage"},"thumbnailUrl":"https:\/\/kidsplay.lt\/wp-content\/uploads\/2026\/02\/TR1805-elektrinis-vaikiskas-keturratis-juodas.jpg","datePublished":"2026-02-27T06:26:57+00:00","dateModified":"2026-04-10T07:03:06+00:00","description":"TR1805 elektrinis vaiki\u0161kas keturratis, juodas. - KidsPlay. Did\u017eiausias vaik\u0173 \u017eaisl\u0173 pasirinkimas.","breadcrumb":{"@id":"https:\/\/kidsplay.lt\/produktas\/tr1805-elektrinis-vaikiskas-keturratis-juodas\/#breadcrumb"},"inLanguage":"lv-LV","potentialAction":[{"@type":"ReadAction","target":["https:\/\/kidsplay.lt\/produktas\/tr1805-elektrinis-vaikiskas-keturratis-juodas\/"]}]},{"@type":"ImageObject","inLanguage":"lv-LV","@id":"https:\/\/kidsplay.lt\/produktas\/tr1805-elektrinis-vaikiskas-keturratis-juodas\/#primaryimage","url":"https:\/\/kidsplay.lt\/wp-content\/uploads\/2026\/02\/TR1805-elektrinis-vaikiskas-keturratis-juodas.jpg","contentUrl":"https:\/\/kidsplay.lt\/wp-content\/uploads\/2026\/02\/TR1805-elektrinis-vaikiskas-keturratis-juodas.jpg","width":1000,"height":707,"caption":"TR1805 elektrinis vaiki\u0161kas keturratis"},{"@type":"BreadcrumbList","@id":"https:\/\/kidsplay.lt\/produktas\/tr1805-elektrinis-vaikiskas-keturratis-juodas\/#breadcrumb","itemListElement":[{"@type":"ListItem","position":1,"name":"Pagrindinis","item":"https:\/\/kidsplay.lt\/"},{"@type":"ListItem","position":2,"name":"Parduotuv\u0117","item":"https:\/\/kidsplay.lt\/parduotuve\/"},{"@type":"ListItem","position":3,"name":"TR1805 elektrinis vaiki\u0161kas keturratis, juodas."}]},{"@type":"WebSite","@id":"https:\/\/kidsplay.lt\/#website","url":"https:\/\/kidsplay.lt\/","name":"B\u0113rnu sp\u0113les.lv","description":"\u012evairios prek\u0117s vaikams","publisher":{"@id":"https:\/\/kidsplay.lt\/#organization"},"alternateName":"Kidsplay","potentialAction":[{"@type":"SearchAction","target":{"@type":"EntryPoint","urlTemplate":"https:\/\/kidsplay.lt\/?s={search_term_string}"},"query-input":{"@type":"PropertyValueSpecification","valueRequired":true,"valueName":"search_term_string"}}],"inLanguage":"lv-LV"},{"@type":"Organization","@id":"https:\/\/kidsplay.lt\/#organization","name":"B\u0113rnu sp\u0113le","url":"https:\/\/kidsplay.lt\/","logo":{"@type":"ImageObject","inLanguage":"lv-LV","@id":"https:\/\/kidsplay.lt\/#\/schema\/logo\/image\/","url":"https:\/\/kidsplay.lt\/wp-content\/uploads\/2023\/07\/kidsplay-logo.png","contentUrl":"https:\/\/kidsplay.lt\/wp-content\/uploads\/2023\/07\/kidsplay-logo.png","width":451,"height":98,"caption":"KidsPlay"},"image":{"@id":"https:\/\/kidsplay.lt\/#\/schema\/logo\/image\/"},"sameAs":["https:\/\/www.facebook.com\/www.kidsplay.lt"]}]}},"_links":{"self":[{"href":"https:\/\/kidsplay.lt\/lv\/wp-json\/wp\/v2\/product\/91114","targetHints":{"allow":["GET"]}}],"collection":[{"href":"https:\/\/kidsplay.lt\/lv\/wp-json\/wp\/v2\/product"}],"about":[{"href":"https:\/\/kidsplay.lt\/lv\/wp-json\/wp\/v2\/types\/product"}],"version-history":[{"count":1,"href":"https:\/\/kidsplay.lt\/lv\/wp-json\/wp\/v2\/product\/91114\/revisions"}],"predecessor-version":[{"id":91115,"href":"https:\/\/kidsplay.lt\/lv\/wp-json\/wp\/v2\/product\/91114\/revisions\/91115"}],"wp:featuredmedia":[{"embeddable":true,"href":"https:\/\/kidsplay.lt\/lv\/wp-json\/wp\/v2\/media\/91116"}],"wp:attachment":[{"href":"https:\/\/kidsplay.lt\/lv\/wp-json\/wp\/v2\/media?parent=91114"}],"wp:term":[{"taxonomy":"product_brand","embeddable":true,"href":"https:\/\/kidsplay.lt\/lv\/wp-json\/wp\/v2\/product_brand?post=91114"},{"taxonomy":"product_cat","embeddable":true,"href":"https:\/\/kidsplay.lt\/lv\/wp-json\/wp\/v2\/product_cat?post=91114"},{"taxonomy":"product_tag","embeddable":true,"href":"https:\/\/kidsplay.lt\/lv\/wp-json\/wp\/v2\/product_tag?post=91114"}],"curies":[{"name":"wp","href":"https:\/\/api.w.org\/{rel}","templated":true}]}}