{"id":91182,"date":"2026-02-27T16:26:52","date_gmt":"2026-02-27T14:26:52","guid":{"rendered":"https:\/\/kidsplay.lt\/produktas\/dk%e2%80%91p911-porsche-gt3-juodos-spalvos-akumuliatorinis-automobilis-vaikams\/"},"modified":"2026-04-17T18:30:01","modified_gmt":"2026-04-17T15:30:01","slug":"dk-p911-porsche-gt3-juodos-spalvos-akumuliatorinis-automobilis-vaikams","status":"publish","type":"product","link":"https:\/\/kidsplay.lt\/lv\/products\/dk-p911-porsche-gt3-juodos-spalvos-akumuliatorinis-automobilis-vaikams\/","title":{"rendered":"DK\u2011P911 Porsche GT3 melna ar akumulatoru darbin\u0101ma automa\u0161\u012bna b\u0113rniem"},"content":{"rendered":"<p>LEAN CARS DK\u2011P911 yra juodos spalvos akumuliatorinis automobilis vaikams, sukurtas pagal Porsche GT3 stili\u0173. Tai galingas ir kokybi\u0161kas modelis su keturiais tyliais 200 W varikliais, mink\u0161ta s\u0117dyne ir EVA ratais, u\u017etikrinan\u010diais komforti\u0161k\u0105 ir tyl\u0173 va\u017eiavim\u0105. Automobilis tinkamas vaikams, kurie m\u0117gsta realisti\u0161k\u0105 vairavimo poj\u016bt\u012f ir sporti\u0161k\u0105 dizain\u0105.<\/p>\n<p>Tehniskie dati:<\/p>\n<p>Ra\u017eot\u0101js: LEAN CARS<br \/>\nModelis: DK\u2011P911<br \/>\nKr\u0101sa: melna<br \/>\nTipas: elektrinis vaiki\u0161kas automobilis<\/p>\n<p>Varikliai: 4 x 200 W tylieji varikliai<br \/>\nAkumuliatorius: 24 V 10 Ah<br \/>\nMaksimalus greitis: 3\u20137 km\/h<br \/>\nVa\u017eiavimo trukm\u0117: iki 1 valandos<br \/>\n\u012ekrovimo laikas: apie 8 valandos<\/p>\n<p>I\u0161matavimai: 148 x 90 x 56 cm<br \/>\nGrynasis svoris: 36,5 kg<br \/>\nMaksimali apkrova: 50 kg<\/p>\n<p>Stabd\u017eiai: automatiniai, automobilis sustoja atleidus akseleratori\u0173<\/p>\n<p>Apr\u012bkojums:<\/p>\n<p>Raktai: n\u0117ra<br \/>\nAp\u0161vietimas: priekiniai ir galiniai \u017eibintai<br \/>\nS\u0117dyn\u0117: mink\u0161ta ekologi\u0161kos odos<br \/>\nRite\u0146i: EVA<br \/>\nGarso sistema: MP3, USB, muzikos pultas Bluetooth: yra<\/p>","protected":false},"excerpt":{"rendered":"<p>LEAN CARS DK\u2011P911 yra juodos spalvos akumuliatorinis automobilis vaikams, sukurtas pagal Porsche GT3 stili\u0173. Tai galingas ir kokybi\u0161kas modelis su<\/p>","protected":false},"featured_media":91184,"template":"","meta":{"_acf_changed":false,"_glsr_average":0,"_glsr_ranking":0,"_glsr_reviews":0},"product_brand":[],"product_cat":[310,237],"product_tag":[],"class_list":{"0":"post-91182","1":"product","2":"type-product","3":"status-publish","4":"has-post-thumbnail","6":"product_cat-akumuliatorines-transporto-priemones","7":"product_cat-judejimo-priemones","8":"\"style=\"background-color: #2ecc711c;\"","10":"first","11":"instock","12":"purchasable","13":"product-type-simple"},"acf":[],"yoast_head":"<!-- This site is optimized with the Yoast SEO plugin v27.4 - https:\/\/yoast.com\/product\/yoast-seo-wordpress\/ -->\n<title>DK\u2011P911 Porsche GT3 juodos spalvos akumuliatorinis automobilis vaikams<\/title>\n<meta name=\"description\" content=\"DK\u2011P911 Porsche GT3 juodos spalvos akumuliatorinis automobilis vaikams - KidsPlay. Did\u017eiausias vaik\u0173 \u017eaisl\u0173 pasirinkimas.\" \/>\n<meta name=\"robots\" content=\"index, follow, max-snippet:-1, max-image-preview:large, max-video-preview:-1\" \/>\n<link rel=\"canonical\" href=\"https:\/\/kidsplay.lt\/lv\/products\/dk-p911-porsche-gt3-juodos-spalvos-akumuliatorinis-automobilis-vaikams\/\" \/>\n<meta property=\"og:locale\" content=\"lv_LV\" \/>\n<meta property=\"og:type\" content=\"article\" \/>\n<meta property=\"og:title\" content=\"DK\u2011P911 Porsche GT3 juodos spalvos akumuliatorinis automobilis vaikams\" \/>\n<meta property=\"og:description\" content=\"DK\u2011P911 Porsche GT3 juodos spalvos akumuliatorinis automobilis vaikams - KidsPlay. Did\u017eiausias vaik\u0173 \u017eaisl\u0173 pasirinkimas.\" \/>\n<meta property=\"og:url\" content=\"https:\/\/kidsplay.lt\/lv\/products\/dk-p911-porsche-gt3-juodos-spalvos-akumuliatorinis-automobilis-vaikams\/\" \/>\n<meta property=\"og:site_name\" content=\"KidsPlay\" \/>\n<meta property=\"article:publisher\" content=\"https:\/\/www.facebook.com\/www.kidsplay.lt\" \/>\n<meta property=\"article:modified_time\" content=\"2026-04-17T15:30:01+00:00\" \/>\n<meta property=\"og:image\" content=\"https:\/\/kidsplay.lt\/wp-content\/uploads\/2026\/02\/DK\u2011P911-Porsche-GT3-juodos-spalvos-akumuliatorinis-automobilis-vaikams.jpg\" \/>\n\t<meta property=\"og:image:width\" content=\"1000\" \/>\n\t<meta property=\"og:image:height\" content=\"707\" \/>\n\t<meta property=\"og:image:type\" content=\"image\/jpeg\" \/>\n<meta name=\"twitter:card\" content=\"summary_large_image\" \/>\n<meta name=\"twitter:label1\" content=\"Est. reading time\" \/>\n\t<meta name=\"twitter:data1\" content=\"1 min\u016bte\" \/>\n<script type=\"application\/ld+json\" class=\"yoast-schema-graph\">{\"@context\":\"https:\\\/\\\/schema.org\",\"@graph\":[{\"@type\":\"WebPage\",\"@id\":\"https:\\\/\\\/kidsplay.lt\\\/produktas\\\/dk-p911-porsche-gt3-juodos-spalvos-akumuliatorinis-automobilis-vaikams\\\/\",\"url\":\"https:\\\/\\\/kidsplay.lt\\\/produktas\\\/dk-p911-porsche-gt3-juodos-spalvos-akumuliatorinis-automobilis-vaikams\\\/\",\"name\":\"DK\u2011P911 Porsche GT3 juodos spalvos akumuliatorinis automobilis vaikams\",\"isPartOf\":{\"@id\":\"https:\\\/\\\/kidsplay.lt\\\/#website\"},\"primaryImageOfPage\":{\"@id\":\"https:\\\/\\\/kidsplay.lt\\\/produktas\\\/dk-p911-porsche-gt3-juodos-spalvos-akumuliatorinis-automobilis-vaikams\\\/#primaryimage\"},\"image\":{\"@id\":\"https:\\\/\\\/kidsplay.lt\\\/produktas\\\/dk-p911-porsche-gt3-juodos-spalvos-akumuliatorinis-automobilis-vaikams\\\/#primaryimage\"},\"thumbnailUrl\":\"https:\\\/\\\/kidsplay.lt\\\/wp-content\\\/uploads\\\/2026\\\/02\\\/DK\u2011P911-Porsche-GT3-juodos-spalvos-akumuliatorinis-automobilis-vaikams.jpg\",\"datePublished\":\"2026-02-27T14:26:52+00:00\",\"dateModified\":\"2026-04-17T15:30:01+00:00\",\"description\":\"DK\u2011P911 Porsche GT3 juodos spalvos akumuliatorinis automobilis vaikams - KidsPlay. Did\u017eiausias vaik\u0173 \u017eaisl\u0173 pasirinkimas.\",\"breadcrumb\":{\"@id\":\"https:\\\/\\\/kidsplay.lt\\\/produktas\\\/dk-p911-porsche-gt3-juodos-spalvos-akumuliatorinis-automobilis-vaikams\\\/#breadcrumb\"},\"inLanguage\":\"lv-LV\",\"potentialAction\":[{\"@type\":\"ReadAction\",\"target\":[\"https:\\\/\\\/kidsplay.lt\\\/produktas\\\/dk-p911-porsche-gt3-juodos-spalvos-akumuliatorinis-automobilis-vaikams\\\/\"]}]},{\"@type\":\"ImageObject\",\"inLanguage\":\"lv-LV\",\"@id\":\"https:\\\/\\\/kidsplay.lt\\\/produktas\\\/dk-p911-porsche-gt3-juodos-spalvos-akumuliatorinis-automobilis-vaikams\\\/#primaryimage\",\"url\":\"https:\\\/\\\/kidsplay.lt\\\/wp-content\\\/uploads\\\/2026\\\/02\\\/DK\u2011P911-Porsche-GT3-juodos-spalvos-akumuliatorinis-automobilis-vaikams.jpg\",\"contentUrl\":\"https:\\\/\\\/kidsplay.lt\\\/wp-content\\\/uploads\\\/2026\\\/02\\\/DK\u2011P911-Porsche-GT3-juodos-spalvos-akumuliatorinis-automobilis-vaikams.jpg\",\"width\":1000,\"height\":707,\"caption\":\"DK\u2011P911 Porsche GT3 juodos spalvos akumuliatorinis automobilis vaikams\"},{\"@type\":\"BreadcrumbList\",\"@id\":\"https:\\\/\\\/kidsplay.lt\\\/produktas\\\/dk-p911-porsche-gt3-juodos-spalvos-akumuliatorinis-automobilis-vaikams\\\/#breadcrumb\",\"itemListElement\":[{\"@type\":\"ListItem\",\"position\":1,\"name\":\"Pagrindinis\",\"item\":\"https:\\\/\\\/kidsplay.lt\\\/\"},{\"@type\":\"ListItem\",\"position\":2,\"name\":\"Parduotuv\u0117\",\"item\":\"https:\\\/\\\/kidsplay.lt\\\/parduotuve\\\/\"},{\"@type\":\"ListItem\",\"position\":3,\"name\":\"DK\u2011P911 Porsche GT3 juodos spalvos akumuliatorinis automobilis vaikams\"}]},{\"@type\":\"WebSite\",\"@id\":\"https:\\\/\\\/kidsplay.lt\\\/#website\",\"url\":\"https:\\\/\\\/kidsplay.lt\\\/\",\"name\":\"Kidsplay.lt\",\"description\":\"\u012evairios prek\u0117s vaikams\",\"publisher\":{\"@id\":\"https:\\\/\\\/kidsplay.lt\\\/#organization\"},\"alternateName\":\"Kidsplay\",\"potentialAction\":[{\"@type\":\"SearchAction\",\"target\":{\"@type\":\"EntryPoint\",\"urlTemplate\":\"https:\\\/\\\/kidsplay.lt\\\/?s={search_term_string}\"},\"query-input\":{\"@type\":\"PropertyValueSpecification\",\"valueRequired\":true,\"valueName\":\"search_term_string\"}}],\"inLanguage\":\"lv-LV\"},{\"@type\":\"Organization\",\"@id\":\"https:\\\/\\\/kidsplay.lt\\\/#organization\",\"name\":\"KidsPlay\",\"url\":\"https:\\\/\\\/kidsplay.lt\\\/\",\"logo\":{\"@type\":\"ImageObject\",\"inLanguage\":\"lv-LV\",\"@id\":\"https:\\\/\\\/kidsplay.lt\\\/#\\\/schema\\\/logo\\\/image\\\/\",\"url\":\"https:\\\/\\\/kidsplay.lt\\\/wp-content\\\/uploads\\\/2023\\\/07\\\/kidsplay-logo.png\",\"contentUrl\":\"https:\\\/\\\/kidsplay.lt\\\/wp-content\\\/uploads\\\/2023\\\/07\\\/kidsplay-logo.png\",\"width\":451,\"height\":98,\"caption\":\"KidsPlay\"},\"image\":{\"@id\":\"https:\\\/\\\/kidsplay.lt\\\/#\\\/schema\\\/logo\\\/image\\\/\"},\"sameAs\":[\"https:\\\/\\\/www.facebook.com\\\/www.kidsplay.lt\"]}]}<\/script>\n<!-- \/ Yoast SEO plugin. -->","yoast_head_json":{"title":"DK\u2011P911 Porsche GT3 melna ar akumulatoru darbin\u0101ma automa\u0161\u012bna b\u0113rniem","description":"DK\u2011P911 Porsche GT3 juodos spalvos akumuliatorinis automobilis vaikams - KidsPlay. Did\u017eiausias vaik\u0173 \u017eaisl\u0173 pasirinkimas.","robots":{"index":"index","follow":"follow","max-snippet":"max-snippet:-1","max-image-preview":"max-image-preview:large","max-video-preview":"max-video-preview:-1"},"canonical":"https:\/\/kidsplay.lt\/lv\/products\/dk-p911-porsche-gt3-juodos-spalvos-akumuliatorinis-automobilis-vaikams\/","og_locale":"lv_LV","og_type":"article","og_title":"DK\u2011P911 Porsche GT3 juodos spalvos akumuliatorinis automobilis vaikams","og_description":"DK\u2011P911 Porsche GT3 juodos spalvos akumuliatorinis automobilis vaikams - KidsPlay. Did\u017eiausias vaik\u0173 \u017eaisl\u0173 pasirinkimas.","og_url":"https:\/\/kidsplay.lt\/lv\/products\/dk-p911-porsche-gt3-juodos-spalvos-akumuliatorinis-automobilis-vaikams\/","og_site_name":"KidsPlay","article_publisher":"https:\/\/www.facebook.com\/www.kidsplay.lt","article_modified_time":"2026-04-17T15:30:01+00:00","og_image":[{"width":1000,"height":707,"url":"https:\/\/kidsplay.lt\/wp-content\/uploads\/2026\/02\/DK\u2011P911-Porsche-GT3-juodos-spalvos-akumuliatorinis-automobilis-vaikams.jpg","type":"image\/jpeg"}],"twitter_card":"summary_large_image","twitter_misc":{"Est. reading time":"1 min\u016bte"},"schema":{"@context":"https:\/\/schema.org","@graph":[{"@type":"WebPage","@id":"https:\/\/kidsplay.lt\/produktas\/dk-p911-porsche-gt3-juodos-spalvos-akumuliatorinis-automobilis-vaikams\/","url":"https:\/\/kidsplay.lt\/produktas\/dk-p911-porsche-gt3-juodos-spalvos-akumuliatorinis-automobilis-vaikams\/","name":"DK\u2011P911 Porsche GT3 melna ar akumulatoru darbin\u0101ma automa\u0161\u012bna b\u0113rniem","isPartOf":{"@id":"https:\/\/kidsplay.lt\/#website"},"primaryImageOfPage":{"@id":"https:\/\/kidsplay.lt\/produktas\/dk-p911-porsche-gt3-juodos-spalvos-akumuliatorinis-automobilis-vaikams\/#primaryimage"},"image":{"@id":"https:\/\/kidsplay.lt\/produktas\/dk-p911-porsche-gt3-juodos-spalvos-akumuliatorinis-automobilis-vaikams\/#primaryimage"},"thumbnailUrl":"https:\/\/kidsplay.lt\/wp-content\/uploads\/2026\/02\/DK\u2011P911-Porsche-GT3-juodos-spalvos-akumuliatorinis-automobilis-vaikams.jpg","datePublished":"2026-02-27T14:26:52+00:00","dateModified":"2026-04-17T15:30:01+00:00","description":"DK\u2011P911 Porsche GT3 juodos spalvos akumuliatorinis automobilis vaikams - KidsPlay. Did\u017eiausias vaik\u0173 \u017eaisl\u0173 pasirinkimas.","breadcrumb":{"@id":"https:\/\/kidsplay.lt\/produktas\/dk-p911-porsche-gt3-juodos-spalvos-akumuliatorinis-automobilis-vaikams\/#breadcrumb"},"inLanguage":"lv-LV","potentialAction":[{"@type":"ReadAction","target":["https:\/\/kidsplay.lt\/produktas\/dk-p911-porsche-gt3-juodos-spalvos-akumuliatorinis-automobilis-vaikams\/"]}]},{"@type":"ImageObject","inLanguage":"lv-LV","@id":"https:\/\/kidsplay.lt\/produktas\/dk-p911-porsche-gt3-juodos-spalvos-akumuliatorinis-automobilis-vaikams\/#primaryimage","url":"https:\/\/kidsplay.lt\/wp-content\/uploads\/2026\/02\/DK\u2011P911-Porsche-GT3-juodos-spalvos-akumuliatorinis-automobilis-vaikams.jpg","contentUrl":"https:\/\/kidsplay.lt\/wp-content\/uploads\/2026\/02\/DK\u2011P911-Porsche-GT3-juodos-spalvos-akumuliatorinis-automobilis-vaikams.jpg","width":1000,"height":707,"caption":"DK\u2011P911 Porsche GT3 juodos spalvos akumuliatorinis automobilis vaikams"},{"@type":"BreadcrumbList","@id":"https:\/\/kidsplay.lt\/produktas\/dk-p911-porsche-gt3-juodos-spalvos-akumuliatorinis-automobilis-vaikams\/#breadcrumb","itemListElement":[{"@type":"ListItem","position":1,"name":"Pagrindinis","item":"https:\/\/kidsplay.lt\/"},{"@type":"ListItem","position":2,"name":"Parduotuv\u0117","item":"https:\/\/kidsplay.lt\/parduotuve\/"},{"@type":"ListItem","position":3,"name":"DK\u2011P911 Porsche GT3 juodos spalvos akumuliatorinis automobilis vaikams"}]},{"@type":"WebSite","@id":"https:\/\/kidsplay.lt\/#website","url":"https:\/\/kidsplay.lt\/","name":"B\u0113rnu sp\u0113les.lv","description":"\u012evairios prek\u0117s vaikams","publisher":{"@id":"https:\/\/kidsplay.lt\/#organization"},"alternateName":"Kidsplay","potentialAction":[{"@type":"SearchAction","target":{"@type":"EntryPoint","urlTemplate":"https:\/\/kidsplay.lt\/?s={search_term_string}"},"query-input":{"@type":"PropertyValueSpecification","valueRequired":true,"valueName":"search_term_string"}}],"inLanguage":"lv-LV"},{"@type":"Organization","@id":"https:\/\/kidsplay.lt\/#organization","name":"B\u0113rnu sp\u0113le","url":"https:\/\/kidsplay.lt\/","logo":{"@type":"ImageObject","inLanguage":"lv-LV","@id":"https:\/\/kidsplay.lt\/#\/schema\/logo\/image\/","url":"https:\/\/kidsplay.lt\/wp-content\/uploads\/2023\/07\/kidsplay-logo.png","contentUrl":"https:\/\/kidsplay.lt\/wp-content\/uploads\/2023\/07\/kidsplay-logo.png","width":451,"height":98,"caption":"KidsPlay"},"image":{"@id":"https:\/\/kidsplay.lt\/#\/schema\/logo\/image\/"},"sameAs":["https:\/\/www.facebook.com\/www.kidsplay.lt"]}]}},"_links":{"self":[{"href":"https:\/\/kidsplay.lt\/lv\/wp-json\/wp\/v2\/product\/91182","targetHints":{"allow":["GET"]}}],"collection":[{"href":"https:\/\/kidsplay.lt\/lv\/wp-json\/wp\/v2\/product"}],"about":[{"href":"https:\/\/kidsplay.lt\/lv\/wp-json\/wp\/v2\/types\/product"}],"version-history":[{"count":1,"href":"https:\/\/kidsplay.lt\/lv\/wp-json\/wp\/v2\/product\/91182\/revisions"}],"predecessor-version":[{"id":91183,"href":"https:\/\/kidsplay.lt\/lv\/wp-json\/wp\/v2\/product\/91182\/revisions\/91183"}],"wp:featuredmedia":[{"embeddable":true,"href":"https:\/\/kidsplay.lt\/lv\/wp-json\/wp\/v2\/media\/91184"}],"wp:attachment":[{"href":"https:\/\/kidsplay.lt\/lv\/wp-json\/wp\/v2\/media?parent=91182"}],"wp:term":[{"taxonomy":"product_brand","embeddable":true,"href":"https:\/\/kidsplay.lt\/lv\/wp-json\/wp\/v2\/product_brand?post=91182"},{"taxonomy":"product_cat","embeddable":true,"href":"https:\/\/kidsplay.lt\/lv\/wp-json\/wp\/v2\/product_cat?post=91182"},{"taxonomy":"product_tag","embeddable":true,"href":"https:\/\/kidsplay.lt\/lv\/wp-json\/wp\/v2\/product_tag?post=91182"}],"curies":[{"name":"wp","href":"https:\/\/api.w.org\/{rel}","templated":true}]}}