{"id":91474,"date":"2026-02-27T16:51:44","date_gmt":"2026-02-27T14:51:44","guid":{"rendered":"https:\/\/kidsplay.lt\/produktas\/dvipuse-magnetine-kreidine-markerine-lenta-melyna-raudona-su-trafaretais\/"},"modified":"2026-04-13T10:58:59","modified_gmt":"2026-04-13T07:58:59","slug":"dvipuse-magnetine-kreidine-markerine-lenta-melyna-raudona-su-trafaretais","status":"publish","type":"product","link":"https:\/\/kidsplay.lt\/lv\/products\/dvipuse-magnetine-kreidine-markerine-lenta-melyna-raudona-su-trafaretais\/","title":{"rendered":"Dvipus\u0117 magnetin\u0117 kreidin\u0117\u2013markerin\u0117 lenta (m\u0117lyna\u2013raudona) su trafaretais"},"content":{"rendered":"<p>Daugiafunkc\u0117 lenta suteiks daug d\u017eiaugsmo ne vienam ma\u017eajam menininkui ir kartu gali b\u016bti puiki mokymosi priemon\u0117. Pie\u0161imas kreidele ir markeriais patiks kiekvienam vaikui, m\u0117gstan\u010diam kurti. M\u0117lyna ir raudona lenta puikiai dera bet kuriame vaik\u0173 kambaryje. Pie\u0161imas ant lentos lavina meninius geb\u0117jimus, vaizduot\u0119, tikslum\u0105, rankos funkcij\u0105 ir aki\u0173\u2013rank\u0173 koordinacij\u0105.<\/p>\n<p>Vienas produktas \u2014 daug privalum\u0173.<\/p>\n<p>Lenta turi dvi pie\u0161imo puses: balt\u0105, skirt\u0105 nuvalomiems markeriais, ir juod\u0105, ant kurios pie\u0161iama kreidele. Rinkinyje yra 12 spalvot\u0173 markeri\u0173 ir 12 spalvot\u0173 kreideli\u0173. Apatin\u0117je lentos dalyje \u012frengtas stal\u010diukas, kuriame galima laikyti visus priedus, kai jie nenaudojami. Vir\u0161utin\u0117je dalyje yra kabliukas, leid\u017eiantis pritvirtinti popieriaus lap\u0105. Papildomi geometrini\u0173 fig\u016br\u0173 ir raid\u017ei\u0173 trafaretai padeda vaikui mokytis form\u0173, raid\u017ei\u0173 ir pirm\u0173j\u0173 matematikos pagrind\u0173.<\/p>\n<p>\ud83d\udce6 Komplekta saturs<\/p>\n<p> \tdvipus\u0117 lenta<br \/>\n \t12 spalvot\u0173 markeri\u0173<br \/>\n \t12 spalvot\u0173 kreideli\u0173<br \/>\n \tgeometrini\u0173 fig\u016br\u0173 trafaretas<br \/>\n \traid\u017ei\u0173 trafaretas<br \/>\n \tspecialus markeris, kuris ap\u0161vietus parodo nupie\u0161t\u0105 vaizd\u0105<\/p>\n<p>\ud83d\udccf Izm\u0113ri<\/p>\n<p> \tlentos dydis: 64 \u00d7 44 \u00d7 30 cm<br \/>\n \tra\u0161ymo pavir\u0161ius: 33 \u00d7 26 cm<br \/>\n \tauk\u0161tis nuo \u017eem\u0117s iki lentos: 30 cm<br \/>\n \tpakuot\u0117s dydis: 63 \u00d7 43 \u00d7 8,5 cm<\/p>\n<p>\ud83d\udee1\ufe0f Saugumas<\/p>\n<p> \ttinka vaikams nuo 3 met\u0173<br \/>\n \tatitinka EN71 standart\u0105 ir turi CE sertifikat\u0105<\/p>","protected":false},"excerpt":{"rendered":"<p>Daugiafunkc\u0117 lenta suteiks daug d\u017eiaugsmo ne vienam ma\u017eajam menininkui ir kartu gali b\u016bti puiki mokymosi priemon\u0117. Pie\u0161imas kreidele ir markeriais<\/p>","protected":false},"featured_media":91476,"template":"","meta":{"_acf_changed":false,"_glsr_average":0,"_glsr_ranking":0,"_glsr_reviews":0},"product_brand":[],"product_cat":[388,229],"product_tag":[],"class_list":{"0":"post-91474","1":"product","2":"type-product","3":"status-publish","4":"has-post-thumbnail","6":"product_cat-edukaciniai-lavinamieji-zaislai","7":"product_cat-zaislai-vaikams","8":"\"style=\"background-color: #2ecc711c;\"","10":"first","11":"instock","12":"purchasable","13":"product-type-simple"},"acf":[],"yoast_head":"<!-- This site is optimized with the Yoast SEO plugin v27.3 - https:\/\/yoast.com\/product\/yoast-seo-wordpress\/ -->\n<title>Dvipus\u0117 magnetin\u0117 kreidin\u0117\u2013markerin\u0117 lenta (m\u0117lyna\u2013raudona) su trafaretais<\/title>\n<meta name=\"description\" content=\"Dvipus\u0117 magnetin\u0117 kreidin\u0117\u2013markerin\u0117 lenta (m\u0117lyna\u2013raudona) su trafaretais - KidsPlay. Did\u017eiausias vaik\u0173 \u017eaisl\u0173 pasirinkimas.\" \/>\n<meta name=\"robots\" content=\"index, follow, max-snippet:-1, max-image-preview:large, max-video-preview:-1\" \/>\n<link rel=\"canonical\" href=\"https:\/\/kidsplay.lt\/lv\/products\/dvipuse-magnetine-kreidine-markerine-lenta-melyna-raudona-su-trafaretais\/\" \/>\n<meta property=\"og:locale\" content=\"lv_LV\" \/>\n<meta property=\"og:type\" content=\"article\" \/>\n<meta property=\"og:title\" content=\"Dvipus\u0117 magnetin\u0117 kreidin\u0117\u2013markerin\u0117 lenta (m\u0117lyna\u2013raudona) su trafaretais\" \/>\n<meta property=\"og:description\" content=\"Dvipus\u0117 magnetin\u0117 kreidin\u0117\u2013markerin\u0117 lenta (m\u0117lyna\u2013raudona) su trafaretais - KidsPlay. Did\u017eiausias vaik\u0173 \u017eaisl\u0173 pasirinkimas.\" \/>\n<meta property=\"og:url\" content=\"https:\/\/kidsplay.lt\/lv\/products\/dvipuse-magnetine-kreidine-markerine-lenta-melyna-raudona-su-trafaretais\/\" \/>\n<meta property=\"og:site_name\" content=\"KidsPlay\" \/>\n<meta property=\"article:publisher\" content=\"https:\/\/www.facebook.com\/www.kidsplay.lt\" \/>\n<meta property=\"article:modified_time\" content=\"2026-04-13T07:58:59+00:00\" \/>\n<meta property=\"og:image\" content=\"https:\/\/kidsplay.lt\/wp-content\/uploads\/2026\/02\/Dvipuse-magnetine-kreidine\u2013markerine-lenta-melyna\u2013raudona-su-trafaretais.jpg\" \/>\n\t<meta property=\"og:image:width\" content=\"1000\" \/>\n\t<meta property=\"og:image:height\" content=\"750\" \/>\n\t<meta property=\"og:image:type\" content=\"image\/jpeg\" \/>\n<meta name=\"twitter:card\" content=\"summary_large_image\" \/>\n<meta name=\"twitter:label1\" content=\"Est. reading time\" \/>\n\t<meta name=\"twitter:data1\" content=\"1 min\u016bte\" \/>\n<script type=\"application\/ld+json\" class=\"yoast-schema-graph\">{\"@context\":\"https:\\\/\\\/schema.org\",\"@graph\":[{\"@type\":\"WebPage\",\"@id\":\"https:\\\/\\\/kidsplay.lt\\\/produktas\\\/dvipuse-magnetine-kreidine-markerine-lenta-melyna-raudona-su-trafaretais\\\/\",\"url\":\"https:\\\/\\\/kidsplay.lt\\\/produktas\\\/dvipuse-magnetine-kreidine-markerine-lenta-melyna-raudona-su-trafaretais\\\/\",\"name\":\"Dvipus\u0117 magnetin\u0117 kreidin\u0117\u2013markerin\u0117 lenta (m\u0117lyna\u2013raudona) su trafaretais\",\"isPartOf\":{\"@id\":\"https:\\\/\\\/kidsplay.lt\\\/#website\"},\"primaryImageOfPage\":{\"@id\":\"https:\\\/\\\/kidsplay.lt\\\/produktas\\\/dvipuse-magnetine-kreidine-markerine-lenta-melyna-raudona-su-trafaretais\\\/#primaryimage\"},\"image\":{\"@id\":\"https:\\\/\\\/kidsplay.lt\\\/produktas\\\/dvipuse-magnetine-kreidine-markerine-lenta-melyna-raudona-su-trafaretais\\\/#primaryimage\"},\"thumbnailUrl\":\"https:\\\/\\\/kidsplay.lt\\\/wp-content\\\/uploads\\\/2026\\\/02\\\/Dvipuse-magnetine-kreidine\u2013markerine-lenta-melyna\u2013raudona-su-trafaretais.jpg\",\"datePublished\":\"2026-02-27T14:51:44+00:00\",\"dateModified\":\"2026-04-13T07:58:59+00:00\",\"description\":\"Dvipus\u0117 magnetin\u0117 kreidin\u0117\u2013markerin\u0117 lenta (m\u0117lyna\u2013raudona) su trafaretais - KidsPlay. Did\u017eiausias vaik\u0173 \u017eaisl\u0173 pasirinkimas.\",\"breadcrumb\":{\"@id\":\"https:\\\/\\\/kidsplay.lt\\\/produktas\\\/dvipuse-magnetine-kreidine-markerine-lenta-melyna-raudona-su-trafaretais\\\/#breadcrumb\"},\"inLanguage\":\"lv-LV\",\"potentialAction\":[{\"@type\":\"ReadAction\",\"target\":[\"https:\\\/\\\/kidsplay.lt\\\/produktas\\\/dvipuse-magnetine-kreidine-markerine-lenta-melyna-raudona-su-trafaretais\\\/\"]}]},{\"@type\":\"ImageObject\",\"inLanguage\":\"lv-LV\",\"@id\":\"https:\\\/\\\/kidsplay.lt\\\/produktas\\\/dvipuse-magnetine-kreidine-markerine-lenta-melyna-raudona-su-trafaretais\\\/#primaryimage\",\"url\":\"https:\\\/\\\/kidsplay.lt\\\/wp-content\\\/uploads\\\/2026\\\/02\\\/Dvipuse-magnetine-kreidine\u2013markerine-lenta-melyna\u2013raudona-su-trafaretais.jpg\",\"contentUrl\":\"https:\\\/\\\/kidsplay.lt\\\/wp-content\\\/uploads\\\/2026\\\/02\\\/Dvipuse-magnetine-kreidine\u2013markerine-lenta-melyna\u2013raudona-su-trafaretais.jpg\",\"width\":1000,\"height\":750,\"caption\":\"Dvipus\u0117 magnetin\u0117 kreidin\u0117\u2013markerin\u0117 lenta (m\u0117lyna\u2013raudona) su trafaretais\"},{\"@type\":\"BreadcrumbList\",\"@id\":\"https:\\\/\\\/kidsplay.lt\\\/produktas\\\/dvipuse-magnetine-kreidine-markerine-lenta-melyna-raudona-su-trafaretais\\\/#breadcrumb\",\"itemListElement\":[{\"@type\":\"ListItem\",\"position\":1,\"name\":\"Pagrindinis\",\"item\":\"https:\\\/\\\/kidsplay.lt\\\/\"},{\"@type\":\"ListItem\",\"position\":2,\"name\":\"Parduotuv\u0117\",\"item\":\"https:\\\/\\\/kidsplay.lt\\\/parduotuve\\\/\"},{\"@type\":\"ListItem\",\"position\":3,\"name\":\"Dvipus\u0117 magnetin\u0117 kreidin\u0117\u2013markerin\u0117 lenta (m\u0117lyna\u2013raudona) su trafaretais\"}]},{\"@type\":\"WebSite\",\"@id\":\"https:\\\/\\\/kidsplay.lt\\\/#website\",\"url\":\"https:\\\/\\\/kidsplay.lt\\\/\",\"name\":\"Kidsplay.lt\",\"description\":\"\u012evairios prek\u0117s vaikams\",\"publisher\":{\"@id\":\"https:\\\/\\\/kidsplay.lt\\\/#organization\"},\"alternateName\":\"Kidsplay\",\"potentialAction\":[{\"@type\":\"SearchAction\",\"target\":{\"@type\":\"EntryPoint\",\"urlTemplate\":\"https:\\\/\\\/kidsplay.lt\\\/?s={search_term_string}\"},\"query-input\":{\"@type\":\"PropertyValueSpecification\",\"valueRequired\":true,\"valueName\":\"search_term_string\"}}],\"inLanguage\":\"lv-LV\"},{\"@type\":\"Organization\",\"@id\":\"https:\\\/\\\/kidsplay.lt\\\/#organization\",\"name\":\"KidsPlay\",\"url\":\"https:\\\/\\\/kidsplay.lt\\\/\",\"logo\":{\"@type\":\"ImageObject\",\"inLanguage\":\"lv-LV\",\"@id\":\"https:\\\/\\\/kidsplay.lt\\\/#\\\/schema\\\/logo\\\/image\\\/\",\"url\":\"https:\\\/\\\/kidsplay.lt\\\/wp-content\\\/uploads\\\/2023\\\/07\\\/kidsplay-logo.png\",\"contentUrl\":\"https:\\\/\\\/kidsplay.lt\\\/wp-content\\\/uploads\\\/2023\\\/07\\\/kidsplay-logo.png\",\"width\":451,\"height\":98,\"caption\":\"KidsPlay\"},\"image\":{\"@id\":\"https:\\\/\\\/kidsplay.lt\\\/#\\\/schema\\\/logo\\\/image\\\/\"},\"sameAs\":[\"https:\\\/\\\/www.facebook.com\\\/www.kidsplay.lt\"]}]}<\/script>\n<!-- \/ Yoast SEO plugin. -->","yoast_head_json":{"title":"Dvipus\u0117 magnetin\u0117 kreidin\u0117\u2013markerin\u0117 lenta (m\u0117lyna\u2013raudona) su trafaretais","description":"Dvipus\u0117 magnetin\u0117 kreidin\u0117\u2013markerin\u0117 lenta (m\u0117lyna\u2013raudona) su trafaretais - KidsPlay. Did\u017eiausias vaik\u0173 \u017eaisl\u0173 pasirinkimas.","robots":{"index":"index","follow":"follow","max-snippet":"max-snippet:-1","max-image-preview":"max-image-preview:large","max-video-preview":"max-video-preview:-1"},"canonical":"https:\/\/kidsplay.lt\/lv\/products\/dvipuse-magnetine-kreidine-markerine-lenta-melyna-raudona-su-trafaretais\/","og_locale":"lv_LV","og_type":"article","og_title":"Dvipus\u0117 magnetin\u0117 kreidin\u0117\u2013markerin\u0117 lenta (m\u0117lyna\u2013raudona) su trafaretais","og_description":"Dvipus\u0117 magnetin\u0117 kreidin\u0117\u2013markerin\u0117 lenta (m\u0117lyna\u2013raudona) su trafaretais - KidsPlay. Did\u017eiausias vaik\u0173 \u017eaisl\u0173 pasirinkimas.","og_url":"https:\/\/kidsplay.lt\/lv\/products\/dvipuse-magnetine-kreidine-markerine-lenta-melyna-raudona-su-trafaretais\/","og_site_name":"KidsPlay","article_publisher":"https:\/\/www.facebook.com\/www.kidsplay.lt","article_modified_time":"2026-04-13T07:58:59+00:00","og_image":[{"width":1000,"height":750,"url":"https:\/\/kidsplay.lt\/wp-content\/uploads\/2026\/02\/Dvipuse-magnetine-kreidine\u2013markerine-lenta-melyna\u2013raudona-su-trafaretais.jpg","type":"image\/jpeg"}],"twitter_card":"summary_large_image","twitter_misc":{"Est. reading time":"1 min\u016bte"},"schema":{"@context":"https:\/\/schema.org","@graph":[{"@type":"WebPage","@id":"https:\/\/kidsplay.lt\/produktas\/dvipuse-magnetine-kreidine-markerine-lenta-melyna-raudona-su-trafaretais\/","url":"https:\/\/kidsplay.lt\/produktas\/dvipuse-magnetine-kreidine-markerine-lenta-melyna-raudona-su-trafaretais\/","name":"Dvipus\u0117 magnetin\u0117 kreidin\u0117\u2013markerin\u0117 lenta (m\u0117lyna\u2013raudona) su trafaretais","isPartOf":{"@id":"https:\/\/kidsplay.lt\/#website"},"primaryImageOfPage":{"@id":"https:\/\/kidsplay.lt\/produktas\/dvipuse-magnetine-kreidine-markerine-lenta-melyna-raudona-su-trafaretais\/#primaryimage"},"image":{"@id":"https:\/\/kidsplay.lt\/produktas\/dvipuse-magnetine-kreidine-markerine-lenta-melyna-raudona-su-trafaretais\/#primaryimage"},"thumbnailUrl":"https:\/\/kidsplay.lt\/wp-content\/uploads\/2026\/02\/Dvipuse-magnetine-kreidine\u2013markerine-lenta-melyna\u2013raudona-su-trafaretais.jpg","datePublished":"2026-02-27T14:51:44+00:00","dateModified":"2026-04-13T07:58:59+00:00","description":"Dvipus\u0117 magnetin\u0117 kreidin\u0117\u2013markerin\u0117 lenta (m\u0117lyna\u2013raudona) su trafaretais - KidsPlay. Did\u017eiausias vaik\u0173 \u017eaisl\u0173 pasirinkimas.","breadcrumb":{"@id":"https:\/\/kidsplay.lt\/produktas\/dvipuse-magnetine-kreidine-markerine-lenta-melyna-raudona-su-trafaretais\/#breadcrumb"},"inLanguage":"lv-LV","potentialAction":[{"@type":"ReadAction","target":["https:\/\/kidsplay.lt\/produktas\/dvipuse-magnetine-kreidine-markerine-lenta-melyna-raudona-su-trafaretais\/"]}]},{"@type":"ImageObject","inLanguage":"lv-LV","@id":"https:\/\/kidsplay.lt\/produktas\/dvipuse-magnetine-kreidine-markerine-lenta-melyna-raudona-su-trafaretais\/#primaryimage","url":"https:\/\/kidsplay.lt\/wp-content\/uploads\/2026\/02\/Dvipuse-magnetine-kreidine\u2013markerine-lenta-melyna\u2013raudona-su-trafaretais.jpg","contentUrl":"https:\/\/kidsplay.lt\/wp-content\/uploads\/2026\/02\/Dvipuse-magnetine-kreidine\u2013markerine-lenta-melyna\u2013raudona-su-trafaretais.jpg","width":1000,"height":750,"caption":"Dvipus\u0117 magnetin\u0117 kreidin\u0117\u2013markerin\u0117 lenta (m\u0117lyna\u2013raudona) su trafaretais"},{"@type":"BreadcrumbList","@id":"https:\/\/kidsplay.lt\/produktas\/dvipuse-magnetine-kreidine-markerine-lenta-melyna-raudona-su-trafaretais\/#breadcrumb","itemListElement":[{"@type":"ListItem","position":1,"name":"Pagrindinis","item":"https:\/\/kidsplay.lt\/"},{"@type":"ListItem","position":2,"name":"Parduotuv\u0117","item":"https:\/\/kidsplay.lt\/parduotuve\/"},{"@type":"ListItem","position":3,"name":"Dvipus\u0117 magnetin\u0117 kreidin\u0117\u2013markerin\u0117 lenta (m\u0117lyna\u2013raudona) su trafaretais"}]},{"@type":"WebSite","@id":"https:\/\/kidsplay.lt\/#website","url":"https:\/\/kidsplay.lt\/","name":"B\u0113rnu sp\u0113les.lv","description":"\u012evairios prek\u0117s vaikams","publisher":{"@id":"https:\/\/kidsplay.lt\/#organization"},"alternateName":"Kidsplay","potentialAction":[{"@type":"SearchAction","target":{"@type":"EntryPoint","urlTemplate":"https:\/\/kidsplay.lt\/?s={search_term_string}"},"query-input":{"@type":"PropertyValueSpecification","valueRequired":true,"valueName":"search_term_string"}}],"inLanguage":"lv-LV"},{"@type":"Organization","@id":"https:\/\/kidsplay.lt\/#organization","name":"B\u0113rnu sp\u0113le","url":"https:\/\/kidsplay.lt\/","logo":{"@type":"ImageObject","inLanguage":"lv-LV","@id":"https:\/\/kidsplay.lt\/#\/schema\/logo\/image\/","url":"https:\/\/kidsplay.lt\/wp-content\/uploads\/2023\/07\/kidsplay-logo.png","contentUrl":"https:\/\/kidsplay.lt\/wp-content\/uploads\/2023\/07\/kidsplay-logo.png","width":451,"height":98,"caption":"KidsPlay"},"image":{"@id":"https:\/\/kidsplay.lt\/#\/schema\/logo\/image\/"},"sameAs":["https:\/\/www.facebook.com\/www.kidsplay.lt"]}]}},"_links":{"self":[{"href":"https:\/\/kidsplay.lt\/lv\/wp-json\/wp\/v2\/product\/91474","targetHints":{"allow":["GET"]}}],"collection":[{"href":"https:\/\/kidsplay.lt\/lv\/wp-json\/wp\/v2\/product"}],"about":[{"href":"https:\/\/kidsplay.lt\/lv\/wp-json\/wp\/v2\/types\/product"}],"version-history":[{"count":1,"href":"https:\/\/kidsplay.lt\/lv\/wp-json\/wp\/v2\/product\/91474\/revisions"}],"predecessor-version":[{"id":91475,"href":"https:\/\/kidsplay.lt\/lv\/wp-json\/wp\/v2\/product\/91474\/revisions\/91475"}],"wp:featuredmedia":[{"embeddable":true,"href":"https:\/\/kidsplay.lt\/lv\/wp-json\/wp\/v2\/media\/91476"}],"wp:attachment":[{"href":"https:\/\/kidsplay.lt\/lv\/wp-json\/wp\/v2\/media?parent=91474"}],"wp:term":[{"taxonomy":"product_brand","embeddable":true,"href":"https:\/\/kidsplay.lt\/lv\/wp-json\/wp\/v2\/product_brand?post=91474"},{"taxonomy":"product_cat","embeddable":true,"href":"https:\/\/kidsplay.lt\/lv\/wp-json\/wp\/v2\/product_cat?post=91474"},{"taxonomy":"product_tag","embeddable":true,"href":"https:\/\/kidsplay.lt\/lv\/wp-json\/wp\/v2\/product_tag?post=91474"}],"curies":[{"name":"wp","href":"https:\/\/api.w.org\/{rel}","templated":true}]}}