{"id":91604,"date":"2026-02-27T17:29:27","date_gmt":"2026-02-27T15:29:27","guid":{"rendered":"https:\/\/kidsplay.lt\/produktas\/edukacinis-vulkano-ir-dinozauru-rinkinys-mazajam-chemikui\/"},"modified":"2026-04-17T18:29:35","modified_gmt":"2026-04-17T15:29:35","slug":"edukacinis-vulkano-ir-dinozauru-rinkinys-mazajam-chemikui","status":"publish","type":"product","link":"https:\/\/kidsplay.lt\/lv\/products\/edukacinis-vulkano-ir-dinozauru-rinkinys-mazajam-chemikui\/","title":{"rendered":"Izgl\u012btojo\u0161s vulk\u0101na un dinozaura komplekts mazajiem \u0137\u012bmi\u0137iem"},"content":{"rendered":"<p>Edukacinis rinkinys \u201eSprogstantis vulkanas ir dinozaurai\u201c \u2013 tai i\u0161skirtin\u0117 pramoga vaikams, kurie domisi mokslu, eksperimentais ir senov\u0117s pasaulio paslaptimis. \u0160is gausiai apr\u016bpintas rinkinys leid\u017eia ma\u017eiesiems tyrin\u0117tojams tapti tikrais mokslininkais ir archeologais: atlikti \u012fsp\u016bding\u0105 vulkano i\u0161siver\u017eimo eksperiment\u0105 ir atkasti dinozaur\u0173 fosilijas. Tai \u012ftraukiantis 2-in-1 \u017eaidimas, kuris ne tik suteikia emocij\u0173, bet ir moko \u2013 visi\u0161kai saugiomis nam\u0173 s\u0105lygomis.<\/p>\n<p>\u017daidimas su rinkiniu puikiai derina moksl\u0105 ir pramog\u0105 \u2013 vaikai prakti\u0161kai ir suprantamai susipa\u017e\u012fsta su chemijos, geologijos ir paleontologijos pagrindais. Steb\u0117dami chemin\u0119 reakcij\u0105 vulkano i\u0161siver\u017eimo metu ir ie\u0161kodami fosilij\u0173 gipsiniame vulkane, jie lavina login\u012f m\u0105stym\u0105, smulki\u0105j\u0105 motorik\u0105, kantryb\u0119, koncentracij\u0105, koordinacij\u0105 ir tikslum\u0105.<\/p>\n<p>Atsakingai parinktos med\u017eiagos ir ai\u0161kios instrukcijos leid\u017eia vaikui savaranki\u0161kai ir saugiai atlikti visus etapus \u2013 nuo cheminio eksperimento iki dinozauro skelet\u0173 surinkimo. Tai taip pat puiki dovana kiekvienam smalsiam jaunajam mokslininkui!<\/p>\n<p>\ud83d\udccf SPECIFIKACIJA<\/p>\n<p> \tTipas: edukacinis rinkinys \u2013 cheminiai ir archeologiniai eksperimentai<br \/>\n \tTema: vulkanas ir dinozaurai<br \/>\n \tPakuot\u0117s dydis: 21 \u00d7 13 \u00d7 9,5 cm<br \/>\n \tProdukto plotis: 9,5 cm<br \/>\n \tMed\u017eiagos: plastikas, gipsas, saugios chemin\u0117s med\u017eiagos<\/p>\n<p>\ud83d\udce6 RINKINIO SUD\u0116TIS<\/p>\n<p> \tgipsinis vulkano modelis<br \/>\n \tcitrinos r\u016bg\u0161tis<br \/>\n \tnatrio bikarbonatas<br \/>\n \tmatavimo indelis<br \/>\n \t\u0161\u013circe<br \/>\n \tmai\u0161ymo lazdel\u0117<br \/>\n \tmatavimo puodelis<br \/>\n \t\u0101murs<br \/>\n \tkaltukas<br \/>\n \t\u0161epet\u0117lis<br \/>\n \treljefin\u0117 vulkano iliustracija<br \/>\n \tiliustruotos instrukcijos<br \/>\n \tdekoratyvin\u0117 pakuot\u0117<\/p>","protected":false},"excerpt":{"rendered":"<p>Edukacinis rinkinys \u201eSprogstantis vulkanas ir dinozaurai\u201c \u2013 tai i\u0161skirtin\u0117 pramoga vaikams, kurie domisi mokslu, eksperimentais ir senov\u0117s pasaulio paslaptimis. \u0160is<\/p>","protected":false},"featured_media":91605,"template":"","meta":{"_acf_changed":false,"_glsr_average":0,"_glsr_ranking":0,"_glsr_reviews":0},"product_brand":[],"product_cat":[810,229],"product_tag":[],"class_list":{"0":"post-91604","1":"product","2":"type-product","3":"status-publish","4":"has-post-thumbnail","6":"product_cat-kurybiniai-rinkiniai","7":"product_cat-zaislai-vaikams","8":"\"style=\"background-color: #2ecc711c;\"","10":"first","11":"instock","12":"purchasable","13":"product-type-simple"},"acf":[],"yoast_head":"<!-- This site is optimized with the Yoast SEO plugin v27.4 - https:\/\/yoast.com\/product\/yoast-seo-wordpress\/ -->\n<title>Edukacinis vulkano ir dinozaur\u0173 rinkinys ma\u017eajam chemikui<\/title>\n<meta name=\"description\" content=\"Edukacinis vulkano ir dinozaur\u0173 rinkinys ma\u017eajam chemikui - KidsPlay. Did\u017eiausias vaik\u0173 \u017eaisl\u0173 pasirinkimas.\" \/>\n<meta name=\"robots\" content=\"index, follow, max-snippet:-1, max-image-preview:large, max-video-preview:-1\" \/>\n<link rel=\"canonical\" href=\"https:\/\/kidsplay.lt\/lv\/products\/edukacinis-vulkano-ir-dinozauru-rinkinys-mazajam-chemikui\/\" \/>\n<meta property=\"og:locale\" content=\"lv_LV\" \/>\n<meta property=\"og:type\" content=\"article\" \/>\n<meta property=\"og:title\" content=\"Edukacinis vulkano ir dinozaur\u0173 rinkinys ma\u017eajam chemikui\" \/>\n<meta property=\"og:description\" content=\"Edukacinis vulkano ir dinozaur\u0173 rinkinys ma\u017eajam chemikui - KidsPlay. Did\u017eiausias vaik\u0173 \u017eaisl\u0173 pasirinkimas.\" \/>\n<meta property=\"og:url\" content=\"https:\/\/kidsplay.lt\/lv\/products\/edukacinis-vulkano-ir-dinozauru-rinkinys-mazajam-chemikui\/\" \/>\n<meta property=\"og:site_name\" content=\"KidsPlay\" \/>\n<meta property=\"article:publisher\" content=\"https:\/\/www.facebook.com\/www.kidsplay.lt\" \/>\n<meta property=\"article:modified_time\" content=\"2026-04-17T15:29:35+00:00\" \/>\n<meta property=\"og:image\" content=\"https:\/\/kidsplay.lt\/wp-content\/uploads\/2026\/02\/Edukacinis-vulkano-ir-dinozauru-rinkinys-mazajam-chemikui.jpg\" \/>\n\t<meta property=\"og:image:width\" content=\"1000\" \/>\n\t<meta property=\"og:image:height\" content=\"1000\" \/>\n\t<meta property=\"og:image:type\" content=\"image\/jpeg\" \/>\n<meta name=\"twitter:card\" content=\"summary_large_image\" \/>\n<meta name=\"twitter:label1\" content=\"Est. reading time\" \/>\n\t<meta name=\"twitter:data1\" content=\"1 min\u016bte\" \/>\n<script type=\"application\/ld+json\" class=\"yoast-schema-graph\">{\"@context\":\"https:\\\/\\\/schema.org\",\"@graph\":[{\"@type\":\"WebPage\",\"@id\":\"https:\\\/\\\/kidsplay.lt\\\/produktas\\\/edukacinis-vulkano-ir-dinozauru-rinkinys-mazajam-chemikui\\\/\",\"url\":\"https:\\\/\\\/kidsplay.lt\\\/produktas\\\/edukacinis-vulkano-ir-dinozauru-rinkinys-mazajam-chemikui\\\/\",\"name\":\"Edukacinis vulkano ir dinozaur\u0173 rinkinys ma\u017eajam chemikui\",\"isPartOf\":{\"@id\":\"https:\\\/\\\/kidsplay.lt\\\/#website\"},\"primaryImageOfPage\":{\"@id\":\"https:\\\/\\\/kidsplay.lt\\\/produktas\\\/edukacinis-vulkano-ir-dinozauru-rinkinys-mazajam-chemikui\\\/#primaryimage\"},\"image\":{\"@id\":\"https:\\\/\\\/kidsplay.lt\\\/produktas\\\/edukacinis-vulkano-ir-dinozauru-rinkinys-mazajam-chemikui\\\/#primaryimage\"},\"thumbnailUrl\":\"https:\\\/\\\/kidsplay.lt\\\/wp-content\\\/uploads\\\/2026\\\/02\\\/Edukacinis-vulkano-ir-dinozauru-rinkinys-mazajam-chemikui.jpg\",\"datePublished\":\"2026-02-27T15:29:27+00:00\",\"dateModified\":\"2026-04-17T15:29:35+00:00\",\"description\":\"Edukacinis vulkano ir dinozaur\u0173 rinkinys ma\u017eajam chemikui - KidsPlay. Did\u017eiausias vaik\u0173 \u017eaisl\u0173 pasirinkimas.\",\"breadcrumb\":{\"@id\":\"https:\\\/\\\/kidsplay.lt\\\/produktas\\\/edukacinis-vulkano-ir-dinozauru-rinkinys-mazajam-chemikui\\\/#breadcrumb\"},\"inLanguage\":\"lv-LV\",\"potentialAction\":[{\"@type\":\"ReadAction\",\"target\":[\"https:\\\/\\\/kidsplay.lt\\\/produktas\\\/edukacinis-vulkano-ir-dinozauru-rinkinys-mazajam-chemikui\\\/\"]}]},{\"@type\":\"ImageObject\",\"inLanguage\":\"lv-LV\",\"@id\":\"https:\\\/\\\/kidsplay.lt\\\/produktas\\\/edukacinis-vulkano-ir-dinozauru-rinkinys-mazajam-chemikui\\\/#primaryimage\",\"url\":\"https:\\\/\\\/kidsplay.lt\\\/wp-content\\\/uploads\\\/2026\\\/02\\\/Edukacinis-vulkano-ir-dinozauru-rinkinys-mazajam-chemikui.jpg\",\"contentUrl\":\"https:\\\/\\\/kidsplay.lt\\\/wp-content\\\/uploads\\\/2026\\\/02\\\/Edukacinis-vulkano-ir-dinozauru-rinkinys-mazajam-chemikui.jpg\",\"width\":1000,\"height\":1000,\"caption\":\"Edukacinis vulkano ir dinozaur\u0173 rinkinys ma\u017eajam chemikui\"},{\"@type\":\"BreadcrumbList\",\"@id\":\"https:\\\/\\\/kidsplay.lt\\\/produktas\\\/edukacinis-vulkano-ir-dinozauru-rinkinys-mazajam-chemikui\\\/#breadcrumb\",\"itemListElement\":[{\"@type\":\"ListItem\",\"position\":1,\"name\":\"Pagrindinis\",\"item\":\"https:\\\/\\\/kidsplay.lt\\\/\"},{\"@type\":\"ListItem\",\"position\":2,\"name\":\"Parduotuv\u0117\",\"item\":\"https:\\\/\\\/kidsplay.lt\\\/parduotuve\\\/\"},{\"@type\":\"ListItem\",\"position\":3,\"name\":\"Edukacinis vulkano ir dinozaur\u0173 rinkinys ma\u017eajam chemikui\"}]},{\"@type\":\"WebSite\",\"@id\":\"https:\\\/\\\/kidsplay.lt\\\/#website\",\"url\":\"https:\\\/\\\/kidsplay.lt\\\/\",\"name\":\"Kidsplay.lt\",\"description\":\"\u012evairios prek\u0117s vaikams\",\"publisher\":{\"@id\":\"https:\\\/\\\/kidsplay.lt\\\/#organization\"},\"alternateName\":\"Kidsplay\",\"potentialAction\":[{\"@type\":\"SearchAction\",\"target\":{\"@type\":\"EntryPoint\",\"urlTemplate\":\"https:\\\/\\\/kidsplay.lt\\\/?s={search_term_string}\"},\"query-input\":{\"@type\":\"PropertyValueSpecification\",\"valueRequired\":true,\"valueName\":\"search_term_string\"}}],\"inLanguage\":\"lv-LV\"},{\"@type\":\"Organization\",\"@id\":\"https:\\\/\\\/kidsplay.lt\\\/#organization\",\"name\":\"KidsPlay\",\"url\":\"https:\\\/\\\/kidsplay.lt\\\/\",\"logo\":{\"@type\":\"ImageObject\",\"inLanguage\":\"lv-LV\",\"@id\":\"https:\\\/\\\/kidsplay.lt\\\/#\\\/schema\\\/logo\\\/image\\\/\",\"url\":\"https:\\\/\\\/kidsplay.lt\\\/wp-content\\\/uploads\\\/2023\\\/07\\\/kidsplay-logo.png\",\"contentUrl\":\"https:\\\/\\\/kidsplay.lt\\\/wp-content\\\/uploads\\\/2023\\\/07\\\/kidsplay-logo.png\",\"width\":451,\"height\":98,\"caption\":\"KidsPlay\"},\"image\":{\"@id\":\"https:\\\/\\\/kidsplay.lt\\\/#\\\/schema\\\/logo\\\/image\\\/\"},\"sameAs\":[\"https:\\\/\\\/www.facebook.com\\\/www.kidsplay.lt\"]}]}<\/script>\n<!-- \/ Yoast SEO plugin. -->","yoast_head_json":{"title":"Izgl\u012btojo\u0161s vulk\u0101na un dinozaura komplekts mazajiem \u0137\u012bmi\u0137iem","description":"Edukacinis vulkano ir dinozaur\u0173 rinkinys ma\u017eajam chemikui - KidsPlay. Did\u017eiausias vaik\u0173 \u017eaisl\u0173 pasirinkimas.","robots":{"index":"index","follow":"follow","max-snippet":"max-snippet:-1","max-image-preview":"max-image-preview:large","max-video-preview":"max-video-preview:-1"},"canonical":"https:\/\/kidsplay.lt\/lv\/products\/edukacinis-vulkano-ir-dinozauru-rinkinys-mazajam-chemikui\/","og_locale":"lv_LV","og_type":"article","og_title":"Edukacinis vulkano ir dinozaur\u0173 rinkinys ma\u017eajam chemikui","og_description":"Edukacinis vulkano ir dinozaur\u0173 rinkinys ma\u017eajam chemikui - KidsPlay. Did\u017eiausias vaik\u0173 \u017eaisl\u0173 pasirinkimas.","og_url":"https:\/\/kidsplay.lt\/lv\/products\/edukacinis-vulkano-ir-dinozauru-rinkinys-mazajam-chemikui\/","og_site_name":"KidsPlay","article_publisher":"https:\/\/www.facebook.com\/www.kidsplay.lt","article_modified_time":"2026-04-17T15:29:35+00:00","og_image":[{"width":1000,"height":1000,"url":"https:\/\/kidsplay.lt\/wp-content\/uploads\/2026\/02\/Edukacinis-vulkano-ir-dinozauru-rinkinys-mazajam-chemikui.jpg","type":"image\/jpeg"}],"twitter_card":"summary_large_image","twitter_misc":{"Est. reading time":"1 min\u016bte"},"schema":{"@context":"https:\/\/schema.org","@graph":[{"@type":"WebPage","@id":"https:\/\/kidsplay.lt\/produktas\/edukacinis-vulkano-ir-dinozauru-rinkinys-mazajam-chemikui\/","url":"https:\/\/kidsplay.lt\/produktas\/edukacinis-vulkano-ir-dinozauru-rinkinys-mazajam-chemikui\/","name":"Izgl\u012btojo\u0161s vulk\u0101na un dinozaura komplekts mazajiem \u0137\u012bmi\u0137iem","isPartOf":{"@id":"https:\/\/kidsplay.lt\/#website"},"primaryImageOfPage":{"@id":"https:\/\/kidsplay.lt\/produktas\/edukacinis-vulkano-ir-dinozauru-rinkinys-mazajam-chemikui\/#primaryimage"},"image":{"@id":"https:\/\/kidsplay.lt\/produktas\/edukacinis-vulkano-ir-dinozauru-rinkinys-mazajam-chemikui\/#primaryimage"},"thumbnailUrl":"https:\/\/kidsplay.lt\/wp-content\/uploads\/2026\/02\/Edukacinis-vulkano-ir-dinozauru-rinkinys-mazajam-chemikui.jpg","datePublished":"2026-02-27T15:29:27+00:00","dateModified":"2026-04-17T15:29:35+00:00","description":"Edukacinis vulkano ir dinozaur\u0173 rinkinys ma\u017eajam chemikui - KidsPlay. Did\u017eiausias vaik\u0173 \u017eaisl\u0173 pasirinkimas.","breadcrumb":{"@id":"https:\/\/kidsplay.lt\/produktas\/edukacinis-vulkano-ir-dinozauru-rinkinys-mazajam-chemikui\/#breadcrumb"},"inLanguage":"lv-LV","potentialAction":[{"@type":"ReadAction","target":["https:\/\/kidsplay.lt\/produktas\/edukacinis-vulkano-ir-dinozauru-rinkinys-mazajam-chemikui\/"]}]},{"@type":"ImageObject","inLanguage":"lv-LV","@id":"https:\/\/kidsplay.lt\/produktas\/edukacinis-vulkano-ir-dinozauru-rinkinys-mazajam-chemikui\/#primaryimage","url":"https:\/\/kidsplay.lt\/wp-content\/uploads\/2026\/02\/Edukacinis-vulkano-ir-dinozauru-rinkinys-mazajam-chemikui.jpg","contentUrl":"https:\/\/kidsplay.lt\/wp-content\/uploads\/2026\/02\/Edukacinis-vulkano-ir-dinozauru-rinkinys-mazajam-chemikui.jpg","width":1000,"height":1000,"caption":"Edukacinis vulkano ir dinozaur\u0173 rinkinys ma\u017eajam chemikui"},{"@type":"BreadcrumbList","@id":"https:\/\/kidsplay.lt\/produktas\/edukacinis-vulkano-ir-dinozauru-rinkinys-mazajam-chemikui\/#breadcrumb","itemListElement":[{"@type":"ListItem","position":1,"name":"Pagrindinis","item":"https:\/\/kidsplay.lt\/"},{"@type":"ListItem","position":2,"name":"Parduotuv\u0117","item":"https:\/\/kidsplay.lt\/parduotuve\/"},{"@type":"ListItem","position":3,"name":"Edukacinis vulkano ir dinozaur\u0173 rinkinys ma\u017eajam chemikui"}]},{"@type":"WebSite","@id":"https:\/\/kidsplay.lt\/#website","url":"https:\/\/kidsplay.lt\/","name":"B\u0113rnu sp\u0113les.lv","description":"\u012evairios prek\u0117s vaikams","publisher":{"@id":"https:\/\/kidsplay.lt\/#organization"},"alternateName":"Kidsplay","potentialAction":[{"@type":"SearchAction","target":{"@type":"EntryPoint","urlTemplate":"https:\/\/kidsplay.lt\/?s={search_term_string}"},"query-input":{"@type":"PropertyValueSpecification","valueRequired":true,"valueName":"search_term_string"}}],"inLanguage":"lv-LV"},{"@type":"Organization","@id":"https:\/\/kidsplay.lt\/#organization","name":"B\u0113rnu sp\u0113le","url":"https:\/\/kidsplay.lt\/","logo":{"@type":"ImageObject","inLanguage":"lv-LV","@id":"https:\/\/kidsplay.lt\/#\/schema\/logo\/image\/","url":"https:\/\/kidsplay.lt\/wp-content\/uploads\/2023\/07\/kidsplay-logo.png","contentUrl":"https:\/\/kidsplay.lt\/wp-content\/uploads\/2023\/07\/kidsplay-logo.png","width":451,"height":98,"caption":"KidsPlay"},"image":{"@id":"https:\/\/kidsplay.lt\/#\/schema\/logo\/image\/"},"sameAs":["https:\/\/www.facebook.com\/www.kidsplay.lt"]}]}},"_links":{"self":[{"href":"https:\/\/kidsplay.lt\/lv\/wp-json\/wp\/v2\/product\/91604","targetHints":{"allow":["GET"]}}],"collection":[{"href":"https:\/\/kidsplay.lt\/lv\/wp-json\/wp\/v2\/product"}],"about":[{"href":"https:\/\/kidsplay.lt\/lv\/wp-json\/wp\/v2\/types\/product"}],"version-history":[{"count":1,"href":"https:\/\/kidsplay.lt\/lv\/wp-json\/wp\/v2\/product\/91604\/revisions"}],"predecessor-version":[{"id":91611,"href":"https:\/\/kidsplay.lt\/lv\/wp-json\/wp\/v2\/product\/91604\/revisions\/91611"}],"wp:featuredmedia":[{"embeddable":true,"href":"https:\/\/kidsplay.lt\/lv\/wp-json\/wp\/v2\/media\/91605"}],"wp:attachment":[{"href":"https:\/\/kidsplay.lt\/lv\/wp-json\/wp\/v2\/media?parent=91604"}],"wp:term":[{"taxonomy":"product_brand","embeddable":true,"href":"https:\/\/kidsplay.lt\/lv\/wp-json\/wp\/v2\/product_brand?post=91604"},{"taxonomy":"product_cat","embeddable":true,"href":"https:\/\/kidsplay.lt\/lv\/wp-json\/wp\/v2\/product_cat?post=91604"},{"taxonomy":"product_tag","embeddable":true,"href":"https:\/\/kidsplay.lt\/lv\/wp-json\/wp\/v2\/product_tag?post=91604"}],"curies":[{"name":"wp","href":"https:\/\/api.w.org\/{rel}","templated":true}]}}