{"id":92106,"date":"2026-02-28T23:57:11","date_gmt":"2026-02-28T21:57:11","guid":{"rendered":"https:\/\/kidsplay.lt\/produktas\/bestway-staciakampis-karkasinis-baseinas-427-x-250-x-100-cm\/"},"modified":"2026-04-19T11:37:12","modified_gmt":"2026-04-19T08:37:12","slug":"bestway-staciakampis-karkasinis-baseinas-427-x-250-x-100-cm","status":"publish","type":"product","link":"https:\/\/kidsplay.lt\/lv\/products\/bestway-staciakampis-karkasinis-baseinas-427-x-250-x-100-cm\/","title":{"rendered":"Bestway sta\u010diakampis karkasinis baseinas 427 x 250 x 100 cm"},"content":{"rendered":"<p>Bestway Power Steel Swim Vista serijos karkasinis baseinas yra tvirta ir moderni konstrukcija, skirta visos \u0161eimos poilsiui ir pramogoms. D\u0117l pa\u017eangi\u0173 technologini\u0173 sprendim\u0173 ir patrauklaus dizaino jis puikiai tinka kar\u0161toms vasaros dienoms. Baseino sienel\u0117se \u012fmontuoti langai leid\u017eia steb\u0117ti, kas vyksta po vandeniu, o t\u0117vams \u2013 lengviau pri\u017ei\u016br\u0117ti ma\u017euosius. Baseinas lengvai surenkamas, jo metalinis r\u0117mas atsparus korozijai, o jung\u010di\u0173 sistema u\u017etikrina stabil\u0173 ir saug\u0173 konstrukcijos sujungim\u0105. Baseino danga pagaminta i\u0161 sustiprintos, prad\u016brimams atsparios med\u017eiagos. Komplekte yra filtravimo siurblys, saugos kop\u0117\u010dios ir ChemConnect chemikal\u0173 dozatorius, kuris palaiko \u0161var\u0173 ir sveik\u0105 vanden\u012f, tolygiai paskirstydamas chlor\u0105. Kop\u0117\u010dios turi pakeliamus laiptelius, tod\u0117l vaikai negal\u0117s patekti \u012f basein\u0105 be suaugusi\u0173j\u0173 prie\u017ei\u016bros.<\/p>\n<p>Tehniskie dati:<\/p>\n<p> \tBaseino matmenys: 427 x 250 x 100 cm<br \/>\n \tTalpa: 7250 l<br \/>\n \tSiurblio na\u0161umas: 2006 l\/val.<br \/>\n \tMaitinimas: 220\u2013240 V<br \/>\n \tVandens srautas: 1817 l\/val.<\/p>","protected":false},"excerpt":{"rendered":"<p>Bestway Power Steel Swim Vista serijos karkasinis baseinas yra tvirta ir moderni konstrukcija, skirta visos \u0161eimos poilsiui ir pramogoms. D\u0117l<\/p>","protected":false},"featured_media":92108,"template":"","meta":{"_acf_changed":false,"_glsr_average":0,"_glsr_ranking":0,"_glsr_reviews":0},"product_brand":[],"product_cat":[233,390],"product_tag":[],"class_list":{"0":"post-92106","1":"product","2":"type-product","3":"status-publish","4":"has-post-thumbnail","6":"product_cat-lauko-pramogos","7":"product_cat-vandens-pramogos","8":"\"style=\"background-color: #2ecc711c;\"","10":"first","11":"instock","12":"purchasable","13":"product-type-simple"},"acf":[],"yoast_head":"<!-- This site is optimized with the Yoast SEO plugin v27.4 - https:\/\/yoast.com\/product\/yoast-seo-wordpress\/ -->\n<title>Bestway sta\u010diakampis karkasinis baseinas 427 x 250 x 100 cm<\/title>\n<meta name=\"description\" content=\"Bestway sta\u010diakampis karkasinis baseinas 427 x 250 x 100 cm - KidsPlay. Did\u017eiausias vaik\u0173 \u017eaisl\u0173 pasirinkimas.\" \/>\n<meta name=\"robots\" content=\"index, follow, max-snippet:-1, max-image-preview:large, max-video-preview:-1\" \/>\n<link rel=\"canonical\" href=\"https:\/\/kidsplay.lt\/lv\/products\/bestway-staciakampis-karkasinis-baseinas-427-x-250-x-100-cm\/\" \/>\n<meta property=\"og:locale\" content=\"lv_LV\" \/>\n<meta property=\"og:type\" content=\"article\" \/>\n<meta property=\"og:title\" content=\"Bestway sta\u010diakampis karkasinis baseinas 427 x 250 x 100 cm\" \/>\n<meta property=\"og:description\" content=\"Bestway sta\u010diakampis karkasinis baseinas 427 x 250 x 100 cm - KidsPlay. Did\u017eiausias vaik\u0173 \u017eaisl\u0173 pasirinkimas.\" \/>\n<meta property=\"og:url\" content=\"https:\/\/kidsplay.lt\/lv\/products\/bestway-staciakampis-karkasinis-baseinas-427-x-250-x-100-cm\/\" \/>\n<meta property=\"og:site_name\" content=\"KidsPlay\" \/>\n<meta property=\"article:publisher\" content=\"https:\/\/www.facebook.com\/www.kidsplay.lt\" \/>\n<meta property=\"article:modified_time\" content=\"2026-04-19T08:37:12+00:00\" \/>\n<meta property=\"og:image\" content=\"https:\/\/kidsplay.lt\/wp-content\/uploads\/2026\/02\/Bestway-staciakampis-karkasinis-baseinas-427-x-250-x-100-cm.png\" \/>\n\t<meta property=\"og:image:width\" content=\"1000\" \/>\n\t<meta property=\"og:image:height\" content=\"707\" \/>\n\t<meta property=\"og:image:type\" content=\"image\/png\" \/>\n<meta name=\"twitter:card\" content=\"summary_large_image\" \/>\n<meta name=\"twitter:label1\" content=\"Est. reading time\" \/>\n\t<meta name=\"twitter:data1\" content=\"1 min\u016bte\" \/>\n<script type=\"application\/ld+json\" class=\"yoast-schema-graph\">{\"@context\":\"https:\\\/\\\/schema.org\",\"@graph\":[{\"@type\":\"WebPage\",\"@id\":\"https:\\\/\\\/kidsplay.lt\\\/produktas\\\/bestway-staciakampis-karkasinis-baseinas-427-x-250-x-100-cm\\\/\",\"url\":\"https:\\\/\\\/kidsplay.lt\\\/produktas\\\/bestway-staciakampis-karkasinis-baseinas-427-x-250-x-100-cm\\\/\",\"name\":\"Bestway sta\u010diakampis karkasinis baseinas 427 x 250 x 100 cm\",\"isPartOf\":{\"@id\":\"https:\\\/\\\/kidsplay.lt\\\/#website\"},\"primaryImageOfPage\":{\"@id\":\"https:\\\/\\\/kidsplay.lt\\\/produktas\\\/bestway-staciakampis-karkasinis-baseinas-427-x-250-x-100-cm\\\/#primaryimage\"},\"image\":{\"@id\":\"https:\\\/\\\/kidsplay.lt\\\/produktas\\\/bestway-staciakampis-karkasinis-baseinas-427-x-250-x-100-cm\\\/#primaryimage\"},\"thumbnailUrl\":\"https:\\\/\\\/kidsplay.lt\\\/wp-content\\\/uploads\\\/2026\\\/02\\\/Bestway-staciakampis-karkasinis-baseinas-427-x-250-x-100-cm.png\",\"datePublished\":\"2026-02-28T21:57:11+00:00\",\"dateModified\":\"2026-04-19T08:37:12+00:00\",\"description\":\"Bestway sta\u010diakampis karkasinis baseinas 427 x 250 x 100 cm - KidsPlay. Did\u017eiausias vaik\u0173 \u017eaisl\u0173 pasirinkimas.\",\"breadcrumb\":{\"@id\":\"https:\\\/\\\/kidsplay.lt\\\/produktas\\\/bestway-staciakampis-karkasinis-baseinas-427-x-250-x-100-cm\\\/#breadcrumb\"},\"inLanguage\":\"lv-LV\",\"potentialAction\":[{\"@type\":\"ReadAction\",\"target\":[\"https:\\\/\\\/kidsplay.lt\\\/produktas\\\/bestway-staciakampis-karkasinis-baseinas-427-x-250-x-100-cm\\\/\"]}]},{\"@type\":\"ImageObject\",\"inLanguage\":\"lv-LV\",\"@id\":\"https:\\\/\\\/kidsplay.lt\\\/produktas\\\/bestway-staciakampis-karkasinis-baseinas-427-x-250-x-100-cm\\\/#primaryimage\",\"url\":\"https:\\\/\\\/kidsplay.lt\\\/wp-content\\\/uploads\\\/2026\\\/02\\\/Bestway-staciakampis-karkasinis-baseinas-427-x-250-x-100-cm.png\",\"contentUrl\":\"https:\\\/\\\/kidsplay.lt\\\/wp-content\\\/uploads\\\/2026\\\/02\\\/Bestway-staciakampis-karkasinis-baseinas-427-x-250-x-100-cm.png\",\"width\":1000,\"height\":707,\"caption\":\"Bestway sta\u010diakampis karkasinis baseinas 427 x 250 x 100 cm\"},{\"@type\":\"BreadcrumbList\",\"@id\":\"https:\\\/\\\/kidsplay.lt\\\/produktas\\\/bestway-staciakampis-karkasinis-baseinas-427-x-250-x-100-cm\\\/#breadcrumb\",\"itemListElement\":[{\"@type\":\"ListItem\",\"position\":1,\"name\":\"Pagrindinis\",\"item\":\"https:\\\/\\\/kidsplay.lt\\\/\"},{\"@type\":\"ListItem\",\"position\":2,\"name\":\"Parduotuv\u0117\",\"item\":\"https:\\\/\\\/kidsplay.lt\\\/parduotuve\\\/\"},{\"@type\":\"ListItem\",\"position\":3,\"name\":\"Bestway sta\u010diakampis karkasinis baseinas 427 x 250 x 100 cm\"}]},{\"@type\":\"WebSite\",\"@id\":\"https:\\\/\\\/kidsplay.lt\\\/#website\",\"url\":\"https:\\\/\\\/kidsplay.lt\\\/\",\"name\":\"Kidsplay.lt\",\"description\":\"\u012evairios prek\u0117s vaikams\",\"publisher\":{\"@id\":\"https:\\\/\\\/kidsplay.lt\\\/#organization\"},\"alternateName\":\"Kidsplay\",\"potentialAction\":[{\"@type\":\"SearchAction\",\"target\":{\"@type\":\"EntryPoint\",\"urlTemplate\":\"https:\\\/\\\/kidsplay.lt\\\/?s={search_term_string}\"},\"query-input\":{\"@type\":\"PropertyValueSpecification\",\"valueRequired\":true,\"valueName\":\"search_term_string\"}}],\"inLanguage\":\"lv-LV\"},{\"@type\":\"Organization\",\"@id\":\"https:\\\/\\\/kidsplay.lt\\\/#organization\",\"name\":\"KidsPlay\",\"url\":\"https:\\\/\\\/kidsplay.lt\\\/\",\"logo\":{\"@type\":\"ImageObject\",\"inLanguage\":\"lv-LV\",\"@id\":\"https:\\\/\\\/kidsplay.lt\\\/#\\\/schema\\\/logo\\\/image\\\/\",\"url\":\"https:\\\/\\\/kidsplay.lt\\\/wp-content\\\/uploads\\\/2023\\\/07\\\/kidsplay-logo.png\",\"contentUrl\":\"https:\\\/\\\/kidsplay.lt\\\/wp-content\\\/uploads\\\/2023\\\/07\\\/kidsplay-logo.png\",\"width\":451,\"height\":98,\"caption\":\"KidsPlay\"},\"image\":{\"@id\":\"https:\\\/\\\/kidsplay.lt\\\/#\\\/schema\\\/logo\\\/image\\\/\"},\"sameAs\":[\"https:\\\/\\\/www.facebook.com\\\/www.kidsplay.lt\"]}]}<\/script>\n<!-- \/ Yoast SEO plugin. -->","yoast_head_json":{"title":"Bestway sta\u010diakampis karkasinis baseinas 427 x 250 x 100 cm","description":"Bestway sta\u010diakampis karkasinis baseinas 427 x 250 x 100 cm - KidsPlay. Did\u017eiausias vaik\u0173 \u017eaisl\u0173 pasirinkimas.","robots":{"index":"index","follow":"follow","max-snippet":"max-snippet:-1","max-image-preview":"max-image-preview:large","max-video-preview":"max-video-preview:-1"},"canonical":"https:\/\/kidsplay.lt\/lv\/products\/bestway-staciakampis-karkasinis-baseinas-427-x-250-x-100-cm\/","og_locale":"lv_LV","og_type":"article","og_title":"Bestway sta\u010diakampis karkasinis baseinas 427 x 250 x 100 cm","og_description":"Bestway sta\u010diakampis karkasinis baseinas 427 x 250 x 100 cm - KidsPlay. Did\u017eiausias vaik\u0173 \u017eaisl\u0173 pasirinkimas.","og_url":"https:\/\/kidsplay.lt\/lv\/products\/bestway-staciakampis-karkasinis-baseinas-427-x-250-x-100-cm\/","og_site_name":"KidsPlay","article_publisher":"https:\/\/www.facebook.com\/www.kidsplay.lt","article_modified_time":"2026-04-19T08:37:12+00:00","og_image":[{"width":1000,"height":707,"url":"https:\/\/kidsplay.lt\/wp-content\/uploads\/2026\/02\/Bestway-staciakampis-karkasinis-baseinas-427-x-250-x-100-cm.png","type":"image\/png"}],"twitter_card":"summary_large_image","twitter_misc":{"Est. reading time":"1 min\u016bte"},"schema":{"@context":"https:\/\/schema.org","@graph":[{"@type":"WebPage","@id":"https:\/\/kidsplay.lt\/produktas\/bestway-staciakampis-karkasinis-baseinas-427-x-250-x-100-cm\/","url":"https:\/\/kidsplay.lt\/produktas\/bestway-staciakampis-karkasinis-baseinas-427-x-250-x-100-cm\/","name":"Bestway sta\u010diakampis karkasinis baseinas 427 x 250 x 100 cm","isPartOf":{"@id":"https:\/\/kidsplay.lt\/#website"},"primaryImageOfPage":{"@id":"https:\/\/kidsplay.lt\/produktas\/bestway-staciakampis-karkasinis-baseinas-427-x-250-x-100-cm\/#primaryimage"},"image":{"@id":"https:\/\/kidsplay.lt\/produktas\/bestway-staciakampis-karkasinis-baseinas-427-x-250-x-100-cm\/#primaryimage"},"thumbnailUrl":"https:\/\/kidsplay.lt\/wp-content\/uploads\/2026\/02\/Bestway-staciakampis-karkasinis-baseinas-427-x-250-x-100-cm.png","datePublished":"2026-02-28T21:57:11+00:00","dateModified":"2026-04-19T08:37:12+00:00","description":"Bestway sta\u010diakampis karkasinis baseinas 427 x 250 x 100 cm - KidsPlay. Did\u017eiausias vaik\u0173 \u017eaisl\u0173 pasirinkimas.","breadcrumb":{"@id":"https:\/\/kidsplay.lt\/produktas\/bestway-staciakampis-karkasinis-baseinas-427-x-250-x-100-cm\/#breadcrumb"},"inLanguage":"lv-LV","potentialAction":[{"@type":"ReadAction","target":["https:\/\/kidsplay.lt\/produktas\/bestway-staciakampis-karkasinis-baseinas-427-x-250-x-100-cm\/"]}]},{"@type":"ImageObject","inLanguage":"lv-LV","@id":"https:\/\/kidsplay.lt\/produktas\/bestway-staciakampis-karkasinis-baseinas-427-x-250-x-100-cm\/#primaryimage","url":"https:\/\/kidsplay.lt\/wp-content\/uploads\/2026\/02\/Bestway-staciakampis-karkasinis-baseinas-427-x-250-x-100-cm.png","contentUrl":"https:\/\/kidsplay.lt\/wp-content\/uploads\/2026\/02\/Bestway-staciakampis-karkasinis-baseinas-427-x-250-x-100-cm.png","width":1000,"height":707,"caption":"Bestway sta\u010diakampis karkasinis baseinas 427 x 250 x 100 cm"},{"@type":"BreadcrumbList","@id":"https:\/\/kidsplay.lt\/produktas\/bestway-staciakampis-karkasinis-baseinas-427-x-250-x-100-cm\/#breadcrumb","itemListElement":[{"@type":"ListItem","position":1,"name":"Pagrindinis","item":"https:\/\/kidsplay.lt\/"},{"@type":"ListItem","position":2,"name":"Parduotuv\u0117","item":"https:\/\/kidsplay.lt\/parduotuve\/"},{"@type":"ListItem","position":3,"name":"Bestway sta\u010diakampis karkasinis baseinas 427 x 250 x 100 cm"}]},{"@type":"WebSite","@id":"https:\/\/kidsplay.lt\/#website","url":"https:\/\/kidsplay.lt\/","name":"B\u0113rnu sp\u0113les.lv","description":"\u012evairios prek\u0117s vaikams","publisher":{"@id":"https:\/\/kidsplay.lt\/#organization"},"alternateName":"Kidsplay","potentialAction":[{"@type":"SearchAction","target":{"@type":"EntryPoint","urlTemplate":"https:\/\/kidsplay.lt\/?s={search_term_string}"},"query-input":{"@type":"PropertyValueSpecification","valueRequired":true,"valueName":"search_term_string"}}],"inLanguage":"lv-LV"},{"@type":"Organization","@id":"https:\/\/kidsplay.lt\/#organization","name":"B\u0113rnu sp\u0113le","url":"https:\/\/kidsplay.lt\/","logo":{"@type":"ImageObject","inLanguage":"lv-LV","@id":"https:\/\/kidsplay.lt\/#\/schema\/logo\/image\/","url":"https:\/\/kidsplay.lt\/wp-content\/uploads\/2023\/07\/kidsplay-logo.png","contentUrl":"https:\/\/kidsplay.lt\/wp-content\/uploads\/2023\/07\/kidsplay-logo.png","width":451,"height":98,"caption":"KidsPlay"},"image":{"@id":"https:\/\/kidsplay.lt\/#\/schema\/logo\/image\/"},"sameAs":["https:\/\/www.facebook.com\/www.kidsplay.lt"]}]}},"_links":{"self":[{"href":"https:\/\/kidsplay.lt\/lv\/wp-json\/wp\/v2\/product\/92106","targetHints":{"allow":["GET"]}}],"collection":[{"href":"https:\/\/kidsplay.lt\/lv\/wp-json\/wp\/v2\/product"}],"about":[{"href":"https:\/\/kidsplay.lt\/lv\/wp-json\/wp\/v2\/types\/product"}],"version-history":[{"count":1,"href":"https:\/\/kidsplay.lt\/lv\/wp-json\/wp\/v2\/product\/92106\/revisions"}],"predecessor-version":[{"id":92107,"href":"https:\/\/kidsplay.lt\/lv\/wp-json\/wp\/v2\/product\/92106\/revisions\/92107"}],"wp:featuredmedia":[{"embeddable":true,"href":"https:\/\/kidsplay.lt\/lv\/wp-json\/wp\/v2\/media\/92108"}],"wp:attachment":[{"href":"https:\/\/kidsplay.lt\/lv\/wp-json\/wp\/v2\/media?parent=92106"}],"wp:term":[{"taxonomy":"product_brand","embeddable":true,"href":"https:\/\/kidsplay.lt\/lv\/wp-json\/wp\/v2\/product_brand?post=92106"},{"taxonomy":"product_cat","embeddable":true,"href":"https:\/\/kidsplay.lt\/lv\/wp-json\/wp\/v2\/product_cat?post=92106"},{"taxonomy":"product_tag","embeddable":true,"href":"https:\/\/kidsplay.lt\/lv\/wp-json\/wp\/v2\/product_tag?post=92106"}],"curies":[{"name":"wp","href":"https:\/\/api.w.org\/{rel}","templated":true}]}}