{"id":92139,"date":"2026-03-01T00:12:39","date_gmt":"2026-02-28T22:12:39","guid":{"rendered":"https:\/\/kidsplay.lt\/produktas\/bestway-pripuciamas-vaisiu-tematikos-baseinas-150-x-53-cm\/"},"modified":"2026-04-15T14:42:17","modified_gmt":"2026-04-15T11:42:17","slug":"bestway-pripuciamas-vaisiu-tematikos-baseinas-150-x-53-cm","status":"publish","type":"product","link":"https:\/\/kidsplay.lt\/lv\/products\/bestway-pripuciamas-vaisiu-tematikos-baseinas-150-x-53-cm\/","title":{"rendered":"Bestway pripu\u010diamas vaisi\u0173 tematikos baseinas 150 x 53 cm"},"content":{"rendered":"<p>Pripu\u010diamas baseinas ry\u0161kiomis spalvomis suteiks vaikams daug jud\u0117jimo ir vandens pramog\u0173. Jis sukurtas taip, kad skatint\u0173 vaikus aktyviai leisti laik\u0105 lauke ir smagiai \u017eaisti. D\u0117l kompakti\u0161k\u0173 matmen\u0173 jis puikiai tinka vaikams nuo 6 met\u0173. Basein\u0105 lengva prip\u016bsti ir i\u0161leisti or\u0105, tod\u0117l jo laikymas ar transportavimas nesukels sunkum\u0173. Trij\u0173 \u017eied\u0173 konstrukcija suteikia daugiau tvirtumo ir stabilumo, o mink\u0161tas pripu\u010diamas dugnas u\u017etikrina patogum\u0105 ma\u017eiesiems.<br \/>\nKomplekt\u0101 ietilpst:<\/p>\n<p> \tBaseinas 150 \u00d7 53 cm<br \/>\n \tTaisymo lopas<\/p>\n<p>Tehniskie dati<\/p>\n<p> \tMatmenys: 150 \u00d7 53 cm<br \/>\n \tTalpa: 445 l<br \/>\n \tSpalvingas dizainas su vaisi\u0173 motyvais<br \/>\n \tRekomenduojamas am\u017eius: nuo 6 met\u0173<br \/>\n \tMink\u0161tas dugnas<br \/>\n \tPatogios sienel\u0117s, kurios gali b\u016bti naudojamos kaip atlo\u0161as<br \/>\n \t3 \u017eiedai<\/p>","protected":false},"excerpt":{"rendered":"<p>Pripu\u010diamas baseinas ry\u0161kiomis spalvomis suteiks vaikams daug jud\u0117jimo ir vandens pramog\u0173. Jis sukurtas taip, kad skatint\u0173 vaikus aktyviai leisti laik\u0105<\/p>","protected":false},"featured_media":92141,"template":"","meta":{"_acf_changed":false,"_glsr_average":0,"_glsr_ranking":0,"_glsr_reviews":0},"product_brand":[],"product_cat":[233,390],"product_tag":[],"class_list":{"0":"post-92139","1":"product","2":"type-product","3":"status-publish","4":"has-post-thumbnail","6":"product_cat-lauko-pramogos","7":"product_cat-vandens-pramogos","8":"\"style=\"background-color: #2ecc711c;\"","10":"first","11":"instock","12":"purchasable","13":"product-type-simple"},"acf":[],"yoast_head":"<!-- This site is optimized with the Yoast SEO plugin v27.4 - https:\/\/yoast.com\/product\/yoast-seo-wordpress\/ -->\n<title>Bestway pripu\u010diamas vaisi\u0173 tematikos baseinas 150 x 53 cm<\/title>\n<meta name=\"description\" content=\"Bestway pripu\u010diamas vaisi\u0173 tematikos baseinas 150 x 53 cm - KidsPlay. Did\u017eiausias vaik\u0173 \u017eaisl\u0173 pasirinkimas.\" \/>\n<meta name=\"robots\" content=\"index, follow, max-snippet:-1, max-image-preview:large, max-video-preview:-1\" \/>\n<link rel=\"canonical\" href=\"https:\/\/kidsplay.lt\/lv\/products\/bestway-pripuciamas-vaisiu-tematikos-baseinas-150-x-53-cm\/\" \/>\n<meta property=\"og:locale\" content=\"lv_LV\" \/>\n<meta property=\"og:type\" content=\"article\" \/>\n<meta property=\"og:title\" content=\"Bestway pripu\u010diamas vaisi\u0173 tematikos baseinas 150 x 53 cm\" \/>\n<meta property=\"og:description\" content=\"Bestway pripu\u010diamas vaisi\u0173 tematikos baseinas 150 x 53 cm - KidsPlay. Did\u017eiausias vaik\u0173 \u017eaisl\u0173 pasirinkimas.\" \/>\n<meta property=\"og:url\" content=\"https:\/\/kidsplay.lt\/lv\/products\/bestway-pripuciamas-vaisiu-tematikos-baseinas-150-x-53-cm\/\" \/>\n<meta property=\"og:site_name\" content=\"KidsPlay\" \/>\n<meta property=\"article:publisher\" content=\"https:\/\/www.facebook.com\/www.kidsplay.lt\" \/>\n<meta property=\"article:modified_time\" content=\"2026-04-15T11:42:17+00:00\" \/>\n<meta property=\"og:image\" content=\"https:\/\/kidsplay.lt\/wp-content\/uploads\/2026\/03\/Bestway-pripuciamas-vaisiu-tematikos-baseinas-150-x-53-cm.png\" \/>\n\t<meta property=\"og:image:width\" content=\"1000\" \/>\n\t<meta property=\"og:image:height\" content=\"707\" \/>\n\t<meta property=\"og:image:type\" content=\"image\/png\" \/>\n<meta name=\"twitter:card\" content=\"summary_large_image\" \/>\n<meta name=\"twitter:label1\" content=\"Est. reading time\" \/>\n\t<meta name=\"twitter:data1\" content=\"1 min\u016bte\" \/>\n<script type=\"application\/ld+json\" class=\"yoast-schema-graph\">{\"@context\":\"https:\\\/\\\/schema.org\",\"@graph\":[{\"@type\":\"WebPage\",\"@id\":\"https:\\\/\\\/kidsplay.lt\\\/produktas\\\/bestway-pripuciamas-vaisiu-tematikos-baseinas-150-x-53-cm\\\/\",\"url\":\"https:\\\/\\\/kidsplay.lt\\\/produktas\\\/bestway-pripuciamas-vaisiu-tematikos-baseinas-150-x-53-cm\\\/\",\"name\":\"Bestway pripu\u010diamas vaisi\u0173 tematikos baseinas 150 x 53 cm\",\"isPartOf\":{\"@id\":\"https:\\\/\\\/kidsplay.lt\\\/#website\"},\"primaryImageOfPage\":{\"@id\":\"https:\\\/\\\/kidsplay.lt\\\/produktas\\\/bestway-pripuciamas-vaisiu-tematikos-baseinas-150-x-53-cm\\\/#primaryimage\"},\"image\":{\"@id\":\"https:\\\/\\\/kidsplay.lt\\\/produktas\\\/bestway-pripuciamas-vaisiu-tematikos-baseinas-150-x-53-cm\\\/#primaryimage\"},\"thumbnailUrl\":\"https:\\\/\\\/kidsplay.lt\\\/wp-content\\\/uploads\\\/2026\\\/03\\\/Bestway-pripuciamas-vaisiu-tematikos-baseinas-150-x-53-cm.png\",\"datePublished\":\"2026-02-28T22:12:39+00:00\",\"dateModified\":\"2026-04-15T11:42:17+00:00\",\"description\":\"Bestway pripu\u010diamas vaisi\u0173 tematikos baseinas 150 x 53 cm - KidsPlay. Did\u017eiausias vaik\u0173 \u017eaisl\u0173 pasirinkimas.\",\"breadcrumb\":{\"@id\":\"https:\\\/\\\/kidsplay.lt\\\/produktas\\\/bestway-pripuciamas-vaisiu-tematikos-baseinas-150-x-53-cm\\\/#breadcrumb\"},\"inLanguage\":\"lv-LV\",\"potentialAction\":[{\"@type\":\"ReadAction\",\"target\":[\"https:\\\/\\\/kidsplay.lt\\\/produktas\\\/bestway-pripuciamas-vaisiu-tematikos-baseinas-150-x-53-cm\\\/\"]}]},{\"@type\":\"ImageObject\",\"inLanguage\":\"lv-LV\",\"@id\":\"https:\\\/\\\/kidsplay.lt\\\/produktas\\\/bestway-pripuciamas-vaisiu-tematikos-baseinas-150-x-53-cm\\\/#primaryimage\",\"url\":\"https:\\\/\\\/kidsplay.lt\\\/wp-content\\\/uploads\\\/2026\\\/03\\\/Bestway-pripuciamas-vaisiu-tematikos-baseinas-150-x-53-cm.png\",\"contentUrl\":\"https:\\\/\\\/kidsplay.lt\\\/wp-content\\\/uploads\\\/2026\\\/03\\\/Bestway-pripuciamas-vaisiu-tematikos-baseinas-150-x-53-cm.png\",\"width\":1000,\"height\":707,\"caption\":\"Bestway pripu\u010diamas vaisi\u0173 tematikos baseinas 150 x 53 cm\"},{\"@type\":\"BreadcrumbList\",\"@id\":\"https:\\\/\\\/kidsplay.lt\\\/produktas\\\/bestway-pripuciamas-vaisiu-tematikos-baseinas-150-x-53-cm\\\/#breadcrumb\",\"itemListElement\":[{\"@type\":\"ListItem\",\"position\":1,\"name\":\"Pagrindinis\",\"item\":\"https:\\\/\\\/kidsplay.lt\\\/\"},{\"@type\":\"ListItem\",\"position\":2,\"name\":\"Parduotuv\u0117\",\"item\":\"https:\\\/\\\/kidsplay.lt\\\/parduotuve\\\/\"},{\"@type\":\"ListItem\",\"position\":3,\"name\":\"Bestway pripu\u010diamas vaisi\u0173 tematikos baseinas 150 x 53 cm\"}]},{\"@type\":\"WebSite\",\"@id\":\"https:\\\/\\\/kidsplay.lt\\\/#website\",\"url\":\"https:\\\/\\\/kidsplay.lt\\\/\",\"name\":\"Kidsplay.lt\",\"description\":\"\u012evairios prek\u0117s vaikams\",\"publisher\":{\"@id\":\"https:\\\/\\\/kidsplay.lt\\\/#organization\"},\"alternateName\":\"Kidsplay\",\"potentialAction\":[{\"@type\":\"SearchAction\",\"target\":{\"@type\":\"EntryPoint\",\"urlTemplate\":\"https:\\\/\\\/kidsplay.lt\\\/?s={search_term_string}\"},\"query-input\":{\"@type\":\"PropertyValueSpecification\",\"valueRequired\":true,\"valueName\":\"search_term_string\"}}],\"inLanguage\":\"lv-LV\"},{\"@type\":\"Organization\",\"@id\":\"https:\\\/\\\/kidsplay.lt\\\/#organization\",\"name\":\"KidsPlay\",\"url\":\"https:\\\/\\\/kidsplay.lt\\\/\",\"logo\":{\"@type\":\"ImageObject\",\"inLanguage\":\"lv-LV\",\"@id\":\"https:\\\/\\\/kidsplay.lt\\\/#\\\/schema\\\/logo\\\/image\\\/\",\"url\":\"https:\\\/\\\/kidsplay.lt\\\/wp-content\\\/uploads\\\/2023\\\/07\\\/kidsplay-logo.png\",\"contentUrl\":\"https:\\\/\\\/kidsplay.lt\\\/wp-content\\\/uploads\\\/2023\\\/07\\\/kidsplay-logo.png\",\"width\":451,\"height\":98,\"caption\":\"KidsPlay\"},\"image\":{\"@id\":\"https:\\\/\\\/kidsplay.lt\\\/#\\\/schema\\\/logo\\\/image\\\/\"},\"sameAs\":[\"https:\\\/\\\/www.facebook.com\\\/www.kidsplay.lt\"]}]}<\/script>\n<!-- \/ Yoast SEO plugin. -->","yoast_head_json":{"title":"Bestway pripu\u010diamas vaisi\u0173 tematikos baseinas 150 x 53 cm","description":"Bestway pripu\u010diamas vaisi\u0173 tematikos baseinas 150 x 53 cm - KidsPlay. Did\u017eiausias vaik\u0173 \u017eaisl\u0173 pasirinkimas.","robots":{"index":"index","follow":"follow","max-snippet":"max-snippet:-1","max-image-preview":"max-image-preview:large","max-video-preview":"max-video-preview:-1"},"canonical":"https:\/\/kidsplay.lt\/lv\/products\/bestway-pripuciamas-vaisiu-tematikos-baseinas-150-x-53-cm\/","og_locale":"lv_LV","og_type":"article","og_title":"Bestway pripu\u010diamas vaisi\u0173 tematikos baseinas 150 x 53 cm","og_description":"Bestway pripu\u010diamas vaisi\u0173 tematikos baseinas 150 x 53 cm - KidsPlay. Did\u017eiausias vaik\u0173 \u017eaisl\u0173 pasirinkimas.","og_url":"https:\/\/kidsplay.lt\/lv\/products\/bestway-pripuciamas-vaisiu-tematikos-baseinas-150-x-53-cm\/","og_site_name":"KidsPlay","article_publisher":"https:\/\/www.facebook.com\/www.kidsplay.lt","article_modified_time":"2026-04-15T11:42:17+00:00","og_image":[{"width":1000,"height":707,"url":"https:\/\/kidsplay.lt\/wp-content\/uploads\/2026\/03\/Bestway-pripuciamas-vaisiu-tematikos-baseinas-150-x-53-cm.png","type":"image\/png"}],"twitter_card":"summary_large_image","twitter_misc":{"Est. reading time":"1 min\u016bte"},"schema":{"@context":"https:\/\/schema.org","@graph":[{"@type":"WebPage","@id":"https:\/\/kidsplay.lt\/produktas\/bestway-pripuciamas-vaisiu-tematikos-baseinas-150-x-53-cm\/","url":"https:\/\/kidsplay.lt\/produktas\/bestway-pripuciamas-vaisiu-tematikos-baseinas-150-x-53-cm\/","name":"Bestway pripu\u010diamas vaisi\u0173 tematikos baseinas 150 x 53 cm","isPartOf":{"@id":"https:\/\/kidsplay.lt\/#website"},"primaryImageOfPage":{"@id":"https:\/\/kidsplay.lt\/produktas\/bestway-pripuciamas-vaisiu-tematikos-baseinas-150-x-53-cm\/#primaryimage"},"image":{"@id":"https:\/\/kidsplay.lt\/produktas\/bestway-pripuciamas-vaisiu-tematikos-baseinas-150-x-53-cm\/#primaryimage"},"thumbnailUrl":"https:\/\/kidsplay.lt\/wp-content\/uploads\/2026\/03\/Bestway-pripuciamas-vaisiu-tematikos-baseinas-150-x-53-cm.png","datePublished":"2026-02-28T22:12:39+00:00","dateModified":"2026-04-15T11:42:17+00:00","description":"Bestway pripu\u010diamas vaisi\u0173 tematikos baseinas 150 x 53 cm - KidsPlay. Did\u017eiausias vaik\u0173 \u017eaisl\u0173 pasirinkimas.","breadcrumb":{"@id":"https:\/\/kidsplay.lt\/produktas\/bestway-pripuciamas-vaisiu-tematikos-baseinas-150-x-53-cm\/#breadcrumb"},"inLanguage":"lv-LV","potentialAction":[{"@type":"ReadAction","target":["https:\/\/kidsplay.lt\/produktas\/bestway-pripuciamas-vaisiu-tematikos-baseinas-150-x-53-cm\/"]}]},{"@type":"ImageObject","inLanguage":"lv-LV","@id":"https:\/\/kidsplay.lt\/produktas\/bestway-pripuciamas-vaisiu-tematikos-baseinas-150-x-53-cm\/#primaryimage","url":"https:\/\/kidsplay.lt\/wp-content\/uploads\/2026\/03\/Bestway-pripuciamas-vaisiu-tematikos-baseinas-150-x-53-cm.png","contentUrl":"https:\/\/kidsplay.lt\/wp-content\/uploads\/2026\/03\/Bestway-pripuciamas-vaisiu-tematikos-baseinas-150-x-53-cm.png","width":1000,"height":707,"caption":"Bestway pripu\u010diamas vaisi\u0173 tematikos baseinas 150 x 53 cm"},{"@type":"BreadcrumbList","@id":"https:\/\/kidsplay.lt\/produktas\/bestway-pripuciamas-vaisiu-tematikos-baseinas-150-x-53-cm\/#breadcrumb","itemListElement":[{"@type":"ListItem","position":1,"name":"Pagrindinis","item":"https:\/\/kidsplay.lt\/"},{"@type":"ListItem","position":2,"name":"Parduotuv\u0117","item":"https:\/\/kidsplay.lt\/parduotuve\/"},{"@type":"ListItem","position":3,"name":"Bestway pripu\u010diamas vaisi\u0173 tematikos baseinas 150 x 53 cm"}]},{"@type":"WebSite","@id":"https:\/\/kidsplay.lt\/#website","url":"https:\/\/kidsplay.lt\/","name":"B\u0113rnu sp\u0113les.lv","description":"\u012evairios prek\u0117s vaikams","publisher":{"@id":"https:\/\/kidsplay.lt\/#organization"},"alternateName":"Kidsplay","potentialAction":[{"@type":"SearchAction","target":{"@type":"EntryPoint","urlTemplate":"https:\/\/kidsplay.lt\/?s={search_term_string}"},"query-input":{"@type":"PropertyValueSpecification","valueRequired":true,"valueName":"search_term_string"}}],"inLanguage":"lv-LV"},{"@type":"Organization","@id":"https:\/\/kidsplay.lt\/#organization","name":"B\u0113rnu sp\u0113le","url":"https:\/\/kidsplay.lt\/","logo":{"@type":"ImageObject","inLanguage":"lv-LV","@id":"https:\/\/kidsplay.lt\/#\/schema\/logo\/image\/","url":"https:\/\/kidsplay.lt\/wp-content\/uploads\/2023\/07\/kidsplay-logo.png","contentUrl":"https:\/\/kidsplay.lt\/wp-content\/uploads\/2023\/07\/kidsplay-logo.png","width":451,"height":98,"caption":"KidsPlay"},"image":{"@id":"https:\/\/kidsplay.lt\/#\/schema\/logo\/image\/"},"sameAs":["https:\/\/www.facebook.com\/www.kidsplay.lt"]}]}},"_links":{"self":[{"href":"https:\/\/kidsplay.lt\/lv\/wp-json\/wp\/v2\/product\/92139","targetHints":{"allow":["GET"]}}],"collection":[{"href":"https:\/\/kidsplay.lt\/lv\/wp-json\/wp\/v2\/product"}],"about":[{"href":"https:\/\/kidsplay.lt\/lv\/wp-json\/wp\/v2\/types\/product"}],"version-history":[{"count":1,"href":"https:\/\/kidsplay.lt\/lv\/wp-json\/wp\/v2\/product\/92139\/revisions"}],"predecessor-version":[{"id":92140,"href":"https:\/\/kidsplay.lt\/lv\/wp-json\/wp\/v2\/product\/92139\/revisions\/92140"}],"wp:featuredmedia":[{"embeddable":true,"href":"https:\/\/kidsplay.lt\/lv\/wp-json\/wp\/v2\/media\/92141"}],"wp:attachment":[{"href":"https:\/\/kidsplay.lt\/lv\/wp-json\/wp\/v2\/media?parent=92139"}],"wp:term":[{"taxonomy":"product_brand","embeddable":true,"href":"https:\/\/kidsplay.lt\/lv\/wp-json\/wp\/v2\/product_brand?post=92139"},{"taxonomy":"product_cat","embeddable":true,"href":"https:\/\/kidsplay.lt\/lv\/wp-json\/wp\/v2\/product_cat?post=92139"},{"taxonomy":"product_tag","embeddable":true,"href":"https:\/\/kidsplay.lt\/lv\/wp-json\/wp\/v2\/product_tag?post=92139"}],"curies":[{"name":"wp","href":"https:\/\/api.w.org\/{rel}","templated":true}]}}