{"id":92153,"date":"2026-03-01T00:16:29","date_gmt":"2026-02-28T22:16:29","guid":{"rendered":"https:\/\/kidsplay.lt\/produktas\/bestway-pripuciamas-3%e2%80%91in%e2%80%911-baseino-rinkinys-su-kamuoliuku-ir-plaukimo-ratu-122-x-20-cm\/"},"modified":"2026-04-15T14:46:08","modified_gmt":"2026-04-15T11:46:08","slug":"bestway-pripuciamas-3-in-1-baseino-rinkinys-su-kamuoliuku-ir-plaukimo-ratu-122-x-20-cm","status":"publish","type":"product","link":"https:\/\/kidsplay.lt\/lv\/products\/bestway-pripuciamas-3-in-1-baseino-rinkinys-su-kamuoliuku-ir-plaukimo-ratu-122-x-20-cm\/","title":{"rendered":"Bestway pripu\u010diamas 3\u2011in\u20111 baseino rinkinys su kamuoliuku ir plaukimo ratu 122 x 20 cm"},"content":{"rendered":"<p>\u0160is atostog\u0173 rinkinys vandens pramogoms paskatins vaik\u0105 daugiau jud\u0117ti ir \u017eaisti gryname ore. D\u0117l savo matmen\u0173 jis tinkamas vaikams nuo 2 met\u0173. Pripu\u010diami priedai pa\u012fvairina \u017eaidim\u0105 ir puikiai tinka tiek prie vandens telkini\u0173, tiek papl\u016bdimyje. Spalvingas 27 cm skersmens kamuolys gali b\u016bti naudojamas tiek vandenyje, tiek ant \u017eem\u0117s, o pripu\u010diamas plaukimo ratas puikiai tinka ma\u017eiesiems, kurie tik pradeda mokytis plaukti. Baseinas pagamintas i\u0161 tvirto, pa\u017eeidimams atsparaus PVC.<br \/>\nRinkinio sud\u0117tis<\/p>\n<p> \tBaseinas<br \/>\n \tKamuolys<br \/>\n \tPlaukimo ratas<br \/>\n \tTaisymo lopas<\/p>\n<p>Tehniskie dati<\/p>\n<p> \tBaseino matmenys: 122 \u00d7 20 cm<br \/>\n \tRato matmenys: 46 \u00d7 46 \u00d7 11 cm<br \/>\n \tKamuolio skersmuo: 27 cm<br \/>\n \tTalpa: 114 l<br \/>\n \tMink\u0161tas dugnas<br \/>\n \tPatogios sienel\u0117s<br \/>\n \t\u012edomus j\u016bros gyv\u016bn\u0173 motyvas<br \/>\n \tAm\u017eius: nuo 2 met\u0173<\/p>","protected":false},"excerpt":{"rendered":"<p>\u0160is atostog\u0173 rinkinys vandens pramogoms paskatins vaik\u0105 daugiau jud\u0117ti ir \u017eaisti gryname ore. D\u0117l savo matmen\u0173 jis tinkamas vaikams nuo<\/p>","protected":false},"featured_media":92155,"template":"","meta":{"_acf_changed":false,"_glsr_average":0,"_glsr_ranking":0,"_glsr_reviews":0},"product_brand":[],"product_cat":[233,390],"product_tag":[],"class_list":{"0":"post-92153","1":"product","2":"type-product","3":"status-publish","4":"has-post-thumbnail","6":"product_cat-lauko-pramogos","7":"product_cat-vandens-pramogos","8":"\"style=\"background-color: #2ecc711c;\"","10":"first","11":"instock","12":"purchasable","13":"product-type-simple"},"acf":[],"yoast_head":"<!-- This site is optimized with the Yoast SEO plugin v27.4 - https:\/\/yoast.com\/product\/yoast-seo-wordpress\/ -->\n<title>Bestway pripu\u010diamas 3\u2011in\u20111 baseino rinkinys su kamuoliuku ir plaukimo ratu 122 x 20 cm<\/title>\n<meta name=\"description\" content=\"Bestway pripu\u010diamas 3\u2011in\u20111 baseino rinkinys su kamuoliuku ir plaukimo ratu 122 x 20 cm - KidsPlay. Did\u017eiausias vaik\u0173 \u017eaisl\u0173 pasirinkimas.\" \/>\n<meta name=\"robots\" content=\"index, follow, max-snippet:-1, max-image-preview:large, max-video-preview:-1\" \/>\n<link rel=\"canonical\" href=\"https:\/\/kidsplay.lt\/lv\/products\/bestway-pripuciamas-3-in-1-baseino-rinkinys-su-kamuoliuku-ir-plaukimo-ratu-122-x-20-cm\/\" \/>\n<meta property=\"og:locale\" content=\"lv_LV\" \/>\n<meta property=\"og:type\" content=\"article\" \/>\n<meta property=\"og:title\" content=\"Bestway pripu\u010diamas 3\u2011in\u20111 baseino rinkinys su kamuoliuku ir plaukimo ratu 122 x 20 cm\" \/>\n<meta property=\"og:description\" content=\"Bestway pripu\u010diamas 3\u2011in\u20111 baseino rinkinys su kamuoliuku ir plaukimo ratu 122 x 20 cm - KidsPlay. Did\u017eiausias vaik\u0173 \u017eaisl\u0173 pasirinkimas.\" \/>\n<meta property=\"og:url\" content=\"https:\/\/kidsplay.lt\/lv\/products\/bestway-pripuciamas-3-in-1-baseino-rinkinys-su-kamuoliuku-ir-plaukimo-ratu-122-x-20-cm\/\" \/>\n<meta property=\"og:site_name\" content=\"KidsPlay\" \/>\n<meta property=\"article:publisher\" content=\"https:\/\/www.facebook.com\/www.kidsplay.lt\" \/>\n<meta property=\"article:modified_time\" content=\"2026-04-15T11:46:08+00:00\" \/>\n<meta property=\"og:image\" content=\"https:\/\/kidsplay.lt\/wp-content\/uploads\/2026\/03\/Bestway-pripuciamas-3\u2011in\u20111-baseino-rinkinys-su-kamuoliuku-ir-plaukimo-ratu-122-x-20-cm.png\" \/>\n\t<meta property=\"og:image:width\" content=\"1000\" \/>\n\t<meta property=\"og:image:height\" content=\"707\" \/>\n\t<meta property=\"og:image:type\" content=\"image\/png\" \/>\n<meta name=\"twitter:card\" content=\"summary_large_image\" \/>\n<meta name=\"twitter:label1\" content=\"Est. reading time\" \/>\n\t<meta name=\"twitter:data1\" content=\"1 min\u016bte\" \/>\n<script type=\"application\/ld+json\" class=\"yoast-schema-graph\">{\"@context\":\"https:\\\/\\\/schema.org\",\"@graph\":[{\"@type\":\"WebPage\",\"@id\":\"https:\\\/\\\/kidsplay.lt\\\/produktas\\\/bestway-pripuciamas-3-in-1-baseino-rinkinys-su-kamuoliuku-ir-plaukimo-ratu-122-x-20-cm\\\/\",\"url\":\"https:\\\/\\\/kidsplay.lt\\\/produktas\\\/bestway-pripuciamas-3-in-1-baseino-rinkinys-su-kamuoliuku-ir-plaukimo-ratu-122-x-20-cm\\\/\",\"name\":\"Bestway pripu\u010diamas 3\u2011in\u20111 baseino rinkinys su kamuoliuku ir plaukimo ratu 122 x 20 cm\",\"isPartOf\":{\"@id\":\"https:\\\/\\\/kidsplay.lt\\\/#website\"},\"primaryImageOfPage\":{\"@id\":\"https:\\\/\\\/kidsplay.lt\\\/produktas\\\/bestway-pripuciamas-3-in-1-baseino-rinkinys-su-kamuoliuku-ir-plaukimo-ratu-122-x-20-cm\\\/#primaryimage\"},\"image\":{\"@id\":\"https:\\\/\\\/kidsplay.lt\\\/produktas\\\/bestway-pripuciamas-3-in-1-baseino-rinkinys-su-kamuoliuku-ir-plaukimo-ratu-122-x-20-cm\\\/#primaryimage\"},\"thumbnailUrl\":\"https:\\\/\\\/kidsplay.lt\\\/wp-content\\\/uploads\\\/2026\\\/03\\\/Bestway-pripuciamas-3\u2011in\u20111-baseino-rinkinys-su-kamuoliuku-ir-plaukimo-ratu-122-x-20-cm.png\",\"datePublished\":\"2026-02-28T22:16:29+00:00\",\"dateModified\":\"2026-04-15T11:46:08+00:00\",\"description\":\"Bestway pripu\u010diamas 3\u2011in\u20111 baseino rinkinys su kamuoliuku ir plaukimo ratu 122 x 20 cm - KidsPlay. Did\u017eiausias vaik\u0173 \u017eaisl\u0173 pasirinkimas.\",\"breadcrumb\":{\"@id\":\"https:\\\/\\\/kidsplay.lt\\\/produktas\\\/bestway-pripuciamas-3-in-1-baseino-rinkinys-su-kamuoliuku-ir-plaukimo-ratu-122-x-20-cm\\\/#breadcrumb\"},\"inLanguage\":\"lv-LV\",\"potentialAction\":[{\"@type\":\"ReadAction\",\"target\":[\"https:\\\/\\\/kidsplay.lt\\\/produktas\\\/bestway-pripuciamas-3-in-1-baseino-rinkinys-su-kamuoliuku-ir-plaukimo-ratu-122-x-20-cm\\\/\"]}]},{\"@type\":\"ImageObject\",\"inLanguage\":\"lv-LV\",\"@id\":\"https:\\\/\\\/kidsplay.lt\\\/produktas\\\/bestway-pripuciamas-3-in-1-baseino-rinkinys-su-kamuoliuku-ir-plaukimo-ratu-122-x-20-cm\\\/#primaryimage\",\"url\":\"https:\\\/\\\/kidsplay.lt\\\/wp-content\\\/uploads\\\/2026\\\/03\\\/Bestway-pripuciamas-3\u2011in\u20111-baseino-rinkinys-su-kamuoliuku-ir-plaukimo-ratu-122-x-20-cm.png\",\"contentUrl\":\"https:\\\/\\\/kidsplay.lt\\\/wp-content\\\/uploads\\\/2026\\\/03\\\/Bestway-pripuciamas-3\u2011in\u20111-baseino-rinkinys-su-kamuoliuku-ir-plaukimo-ratu-122-x-20-cm.png\",\"width\":1000,\"height\":707,\"caption\":\"Bestway pripu\u010diamas 3\u2011in\u20111 baseino rinkinys su kamuoliuku ir plaukimo ratu 122 x 20 cm\"},{\"@type\":\"BreadcrumbList\",\"@id\":\"https:\\\/\\\/kidsplay.lt\\\/produktas\\\/bestway-pripuciamas-3-in-1-baseino-rinkinys-su-kamuoliuku-ir-plaukimo-ratu-122-x-20-cm\\\/#breadcrumb\",\"itemListElement\":[{\"@type\":\"ListItem\",\"position\":1,\"name\":\"Pagrindinis\",\"item\":\"https:\\\/\\\/kidsplay.lt\\\/\"},{\"@type\":\"ListItem\",\"position\":2,\"name\":\"Parduotuv\u0117\",\"item\":\"https:\\\/\\\/kidsplay.lt\\\/parduotuve\\\/\"},{\"@type\":\"ListItem\",\"position\":3,\"name\":\"Bestway pripu\u010diamas 3\u2011in\u20111 baseino rinkinys su kamuoliuku ir plaukimo ratu 122 x 20 cm\"}]},{\"@type\":\"WebSite\",\"@id\":\"https:\\\/\\\/kidsplay.lt\\\/#website\",\"url\":\"https:\\\/\\\/kidsplay.lt\\\/\",\"name\":\"Kidsplay.lt\",\"description\":\"\u012evairios prek\u0117s vaikams\",\"publisher\":{\"@id\":\"https:\\\/\\\/kidsplay.lt\\\/#organization\"},\"alternateName\":\"Kidsplay\",\"potentialAction\":[{\"@type\":\"SearchAction\",\"target\":{\"@type\":\"EntryPoint\",\"urlTemplate\":\"https:\\\/\\\/kidsplay.lt\\\/?s={search_term_string}\"},\"query-input\":{\"@type\":\"PropertyValueSpecification\",\"valueRequired\":true,\"valueName\":\"search_term_string\"}}],\"inLanguage\":\"lv-LV\"},{\"@type\":\"Organization\",\"@id\":\"https:\\\/\\\/kidsplay.lt\\\/#organization\",\"name\":\"KidsPlay\",\"url\":\"https:\\\/\\\/kidsplay.lt\\\/\",\"logo\":{\"@type\":\"ImageObject\",\"inLanguage\":\"lv-LV\",\"@id\":\"https:\\\/\\\/kidsplay.lt\\\/#\\\/schema\\\/logo\\\/image\\\/\",\"url\":\"https:\\\/\\\/kidsplay.lt\\\/wp-content\\\/uploads\\\/2023\\\/07\\\/kidsplay-logo.png\",\"contentUrl\":\"https:\\\/\\\/kidsplay.lt\\\/wp-content\\\/uploads\\\/2023\\\/07\\\/kidsplay-logo.png\",\"width\":451,\"height\":98,\"caption\":\"KidsPlay\"},\"image\":{\"@id\":\"https:\\\/\\\/kidsplay.lt\\\/#\\\/schema\\\/logo\\\/image\\\/\"},\"sameAs\":[\"https:\\\/\\\/www.facebook.com\\\/www.kidsplay.lt\"]}]}<\/script>\n<!-- \/ Yoast SEO plugin. -->","yoast_head_json":{"title":"Bestway pripu\u010diamas 3\u2011in\u20111 baseino rinkinys su kamuoliuku ir plaukimo ratu 122 x 20 cm","description":"Bestway pripu\u010diamas 3\u2011in\u20111 baseino rinkinys su kamuoliuku ir plaukimo ratu 122 x 20 cm - KidsPlay. Did\u017eiausias vaik\u0173 \u017eaisl\u0173 pasirinkimas.","robots":{"index":"index","follow":"follow","max-snippet":"max-snippet:-1","max-image-preview":"max-image-preview:large","max-video-preview":"max-video-preview:-1"},"canonical":"https:\/\/kidsplay.lt\/lv\/products\/bestway-pripuciamas-3-in-1-baseino-rinkinys-su-kamuoliuku-ir-plaukimo-ratu-122-x-20-cm\/","og_locale":"lv_LV","og_type":"article","og_title":"Bestway pripu\u010diamas 3\u2011in\u20111 baseino rinkinys su kamuoliuku ir plaukimo ratu 122 x 20 cm","og_description":"Bestway pripu\u010diamas 3\u2011in\u20111 baseino rinkinys su kamuoliuku ir plaukimo ratu 122 x 20 cm - KidsPlay. Did\u017eiausias vaik\u0173 \u017eaisl\u0173 pasirinkimas.","og_url":"https:\/\/kidsplay.lt\/lv\/products\/bestway-pripuciamas-3-in-1-baseino-rinkinys-su-kamuoliuku-ir-plaukimo-ratu-122-x-20-cm\/","og_site_name":"KidsPlay","article_publisher":"https:\/\/www.facebook.com\/www.kidsplay.lt","article_modified_time":"2026-04-15T11:46:08+00:00","og_image":[{"width":1000,"height":707,"url":"https:\/\/kidsplay.lt\/wp-content\/uploads\/2026\/03\/Bestway-pripuciamas-3\u2011in\u20111-baseino-rinkinys-su-kamuoliuku-ir-plaukimo-ratu-122-x-20-cm.png","type":"image\/png"}],"twitter_card":"summary_large_image","twitter_misc":{"Est. reading time":"1 min\u016bte"},"schema":{"@context":"https:\/\/schema.org","@graph":[{"@type":"WebPage","@id":"https:\/\/kidsplay.lt\/produktas\/bestway-pripuciamas-3-in-1-baseino-rinkinys-su-kamuoliuku-ir-plaukimo-ratu-122-x-20-cm\/","url":"https:\/\/kidsplay.lt\/produktas\/bestway-pripuciamas-3-in-1-baseino-rinkinys-su-kamuoliuku-ir-plaukimo-ratu-122-x-20-cm\/","name":"Bestway pripu\u010diamas 3\u2011in\u20111 baseino rinkinys su kamuoliuku ir plaukimo ratu 122 x 20 cm","isPartOf":{"@id":"https:\/\/kidsplay.lt\/#website"},"primaryImageOfPage":{"@id":"https:\/\/kidsplay.lt\/produktas\/bestway-pripuciamas-3-in-1-baseino-rinkinys-su-kamuoliuku-ir-plaukimo-ratu-122-x-20-cm\/#primaryimage"},"image":{"@id":"https:\/\/kidsplay.lt\/produktas\/bestway-pripuciamas-3-in-1-baseino-rinkinys-su-kamuoliuku-ir-plaukimo-ratu-122-x-20-cm\/#primaryimage"},"thumbnailUrl":"https:\/\/kidsplay.lt\/wp-content\/uploads\/2026\/03\/Bestway-pripuciamas-3\u2011in\u20111-baseino-rinkinys-su-kamuoliuku-ir-plaukimo-ratu-122-x-20-cm.png","datePublished":"2026-02-28T22:16:29+00:00","dateModified":"2026-04-15T11:46:08+00:00","description":"Bestway pripu\u010diamas 3\u2011in\u20111 baseino rinkinys su kamuoliuku ir plaukimo ratu 122 x 20 cm - KidsPlay. Did\u017eiausias vaik\u0173 \u017eaisl\u0173 pasirinkimas.","breadcrumb":{"@id":"https:\/\/kidsplay.lt\/produktas\/bestway-pripuciamas-3-in-1-baseino-rinkinys-su-kamuoliuku-ir-plaukimo-ratu-122-x-20-cm\/#breadcrumb"},"inLanguage":"lv-LV","potentialAction":[{"@type":"ReadAction","target":["https:\/\/kidsplay.lt\/produktas\/bestway-pripuciamas-3-in-1-baseino-rinkinys-su-kamuoliuku-ir-plaukimo-ratu-122-x-20-cm\/"]}]},{"@type":"ImageObject","inLanguage":"lv-LV","@id":"https:\/\/kidsplay.lt\/produktas\/bestway-pripuciamas-3-in-1-baseino-rinkinys-su-kamuoliuku-ir-plaukimo-ratu-122-x-20-cm\/#primaryimage","url":"https:\/\/kidsplay.lt\/wp-content\/uploads\/2026\/03\/Bestway-pripuciamas-3\u2011in\u20111-baseino-rinkinys-su-kamuoliuku-ir-plaukimo-ratu-122-x-20-cm.png","contentUrl":"https:\/\/kidsplay.lt\/wp-content\/uploads\/2026\/03\/Bestway-pripuciamas-3\u2011in\u20111-baseino-rinkinys-su-kamuoliuku-ir-plaukimo-ratu-122-x-20-cm.png","width":1000,"height":707,"caption":"Bestway pripu\u010diamas 3\u2011in\u20111 baseino rinkinys su kamuoliuku ir plaukimo ratu 122 x 20 cm"},{"@type":"BreadcrumbList","@id":"https:\/\/kidsplay.lt\/produktas\/bestway-pripuciamas-3-in-1-baseino-rinkinys-su-kamuoliuku-ir-plaukimo-ratu-122-x-20-cm\/#breadcrumb","itemListElement":[{"@type":"ListItem","position":1,"name":"Pagrindinis","item":"https:\/\/kidsplay.lt\/"},{"@type":"ListItem","position":2,"name":"Parduotuv\u0117","item":"https:\/\/kidsplay.lt\/parduotuve\/"},{"@type":"ListItem","position":3,"name":"Bestway pripu\u010diamas 3\u2011in\u20111 baseino rinkinys su kamuoliuku ir plaukimo ratu 122 x 20 cm"}]},{"@type":"WebSite","@id":"https:\/\/kidsplay.lt\/#website","url":"https:\/\/kidsplay.lt\/","name":"B\u0113rnu sp\u0113les.lv","description":"\u012evairios prek\u0117s vaikams","publisher":{"@id":"https:\/\/kidsplay.lt\/#organization"},"alternateName":"Kidsplay","potentialAction":[{"@type":"SearchAction","target":{"@type":"EntryPoint","urlTemplate":"https:\/\/kidsplay.lt\/?s={search_term_string}"},"query-input":{"@type":"PropertyValueSpecification","valueRequired":true,"valueName":"search_term_string"}}],"inLanguage":"lv-LV"},{"@type":"Organization","@id":"https:\/\/kidsplay.lt\/#organization","name":"B\u0113rnu sp\u0113le","url":"https:\/\/kidsplay.lt\/","logo":{"@type":"ImageObject","inLanguage":"lv-LV","@id":"https:\/\/kidsplay.lt\/#\/schema\/logo\/image\/","url":"https:\/\/kidsplay.lt\/wp-content\/uploads\/2023\/07\/kidsplay-logo.png","contentUrl":"https:\/\/kidsplay.lt\/wp-content\/uploads\/2023\/07\/kidsplay-logo.png","width":451,"height":98,"caption":"KidsPlay"},"image":{"@id":"https:\/\/kidsplay.lt\/#\/schema\/logo\/image\/"},"sameAs":["https:\/\/www.facebook.com\/www.kidsplay.lt"]}]}},"_links":{"self":[{"href":"https:\/\/kidsplay.lt\/lv\/wp-json\/wp\/v2\/product\/92153","targetHints":{"allow":["GET"]}}],"collection":[{"href":"https:\/\/kidsplay.lt\/lv\/wp-json\/wp\/v2\/product"}],"about":[{"href":"https:\/\/kidsplay.lt\/lv\/wp-json\/wp\/v2\/types\/product"}],"version-history":[{"count":1,"href":"https:\/\/kidsplay.lt\/lv\/wp-json\/wp\/v2\/product\/92153\/revisions"}],"predecessor-version":[{"id":92154,"href":"https:\/\/kidsplay.lt\/lv\/wp-json\/wp\/v2\/product\/92153\/revisions\/92154"}],"wp:featuredmedia":[{"embeddable":true,"href":"https:\/\/kidsplay.lt\/lv\/wp-json\/wp\/v2\/media\/92155"}],"wp:attachment":[{"href":"https:\/\/kidsplay.lt\/lv\/wp-json\/wp\/v2\/media?parent=92153"}],"wp:term":[{"taxonomy":"product_brand","embeddable":true,"href":"https:\/\/kidsplay.lt\/lv\/wp-json\/wp\/v2\/product_brand?post=92153"},{"taxonomy":"product_cat","embeddable":true,"href":"https:\/\/kidsplay.lt\/lv\/wp-json\/wp\/v2\/product_cat?post=92153"},{"taxonomy":"product_tag","embeddable":true,"href":"https:\/\/kidsplay.lt\/lv\/wp-json\/wp\/v2\/product_tag?post=92153"}],"curies":[{"name":"wp","href":"https:\/\/api.w.org\/{rel}","templated":true}]}}