{"id":92160,"date":"2026-03-01T00:21:14","date_gmt":"2026-02-28T22:21:14","guid":{"rendered":"https:\/\/kidsplay.lt\/produktas\/bestway-dviguba-vandens-ciuozykla-488-m\/"},"modified":"2026-04-10T09:47:49","modified_gmt":"2026-04-10T06:47:49","slug":"bestway-dviguba-vandens-ciuozykla-488-m","status":"publish","type":"product","link":"https:\/\/kidsplay.lt\/lv\/products\/bestway-dviguba-vandens-ciuozykla-488-m\/","title":{"rendered":"Bestway dviguba vandens \u010diuo\u017eykla 4,88 m"},"content":{"rendered":"<p>Dviguba vandens \u010diuo\u017eykla suteikia vaikams nuo 3 met\u0173 am\u017eiaus daug smagi\u0173 ir aktyvi\u0173 pramog\u0173 kieme. Ji lengvai paruo\u0161iama naudojimui: tereikia j\u0105 i\u0161skleisti, pritvirtinti prie \u017eem\u0117s ir prijungti sodo \u017earn\u0105. Special\u016bs tvirtinimai neleid\u017eia \u010diuo\u017eyklai slinkti. 4,88 m ilgio takelis puikiai tinka tiek vienam vaikui, tiek \u017eaid\u017eiant paeiliui su draugais. Vandens tuneliai \u010diuo\u017eyklos pabaigoje sukuria didel\u012f \u0161li\u016bk\u0161tel\u0117jim\u0105 nusileidimo metu. Integruoti purk\u0161tukai tolygiai dr\u0117kina tak\u0105, tod\u0117l pavir\u0161ius i\u0161lieka slidus ir suteikia dar daugiau grei\u010dio.<br \/>\nKomplekt\u0101 ietilpst:<\/p>\n<p> \tVandens \u010diuo\u017eykla<br \/>\n \tTaisymo lopas<\/p>\n<p>Techniniai duomenys<\/p>\n<p> \tIlgis: 4,88 m<br \/>\n \tSkirta dviem vaikams<br \/>\n \tPripu\u010diama mink\u0161ta nusileidimo zona<br \/>\n \tVanduo nub\u0117ga \u012f basein\u0117l\u012f, sukuriant purslus nusileidimo pabaigoje<br \/>\n \tDu takeliai<br \/>\n \tPVC med\u017eiaga<br \/>\n \tIntegruoti purk\u0161tukai<br \/>\n \tB\u0113rniem no 3 gadu vecuma<\/p>","protected":false},"excerpt":{"rendered":"<p>Dviguba vandens \u010diuo\u017eykla suteikia vaikams nuo 3 met\u0173 am\u017eiaus daug smagi\u0173 ir aktyvi\u0173 pramog\u0173 kieme. Ji lengvai paruo\u0161iama naudojimui: tereikia<\/p>","protected":false},"featured_media":92162,"template":"","meta":{"_acf_changed":false,"_glsr_average":0,"_glsr_ranking":0,"_glsr_reviews":0},"product_brand":[],"product_cat":[233,390],"product_tag":[],"class_list":{"0":"post-92160","1":"product","2":"type-product","3":"status-publish","4":"has-post-thumbnail","6":"product_cat-lauko-pramogos","7":"product_cat-vandens-pramogos","8":"\"style=\"background-color: #2ecc711c;\"","10":"first","11":"instock","12":"purchasable","13":"product-type-simple"},"acf":[],"yoast_head":"<!-- This site is optimized with the Yoast SEO plugin v27.3 - https:\/\/yoast.com\/product\/yoast-seo-wordpress\/ -->\n<title>Bestway dviguba vandens \u010diuo\u017eykla 4,88 m<\/title>\n<meta name=\"description\" content=\"Bestway dviguba vandens \u010diuo\u017eykla 4,88 m - KidsPlay. Did\u017eiausias vaik\u0173 \u017eaisl\u0173 pasirinkimas.\" \/>\n<meta name=\"robots\" content=\"index, follow, max-snippet:-1, max-image-preview:large, max-video-preview:-1\" \/>\n<link rel=\"canonical\" href=\"https:\/\/kidsplay.lt\/lv\/products\/bestway-dviguba-vandens-ciuozykla-488-m\/\" \/>\n<meta property=\"og:locale\" content=\"lv_LV\" \/>\n<meta property=\"og:type\" content=\"article\" \/>\n<meta property=\"og:title\" content=\"Bestway dviguba vandens \u010diuo\u017eykla 4,88 m\" \/>\n<meta property=\"og:description\" content=\"Bestway dviguba vandens \u010diuo\u017eykla 4,88 m - KidsPlay. Did\u017eiausias vaik\u0173 \u017eaisl\u0173 pasirinkimas.\" \/>\n<meta property=\"og:url\" content=\"https:\/\/kidsplay.lt\/lv\/products\/bestway-dviguba-vandens-ciuozykla-488-m\/\" \/>\n<meta property=\"og:site_name\" content=\"KidsPlay\" \/>\n<meta property=\"article:publisher\" content=\"https:\/\/www.facebook.com\/www.kidsplay.lt\" \/>\n<meta property=\"article:modified_time\" content=\"2026-04-10T06:47:49+00:00\" \/>\n<meta property=\"og:image\" content=\"https:\/\/kidsplay.lt\/wp-content\/uploads\/2026\/03\/Bestway-dviguba-vandens-ciuozykla-488-m.jpg\" \/>\n\t<meta property=\"og:image:width\" content=\"1000\" \/>\n\t<meta property=\"og:image:height\" content=\"707\" \/>\n\t<meta property=\"og:image:type\" content=\"image\/jpeg\" \/>\n<meta name=\"twitter:card\" content=\"summary_large_image\" \/>\n<meta name=\"twitter:label1\" content=\"Est. reading time\" \/>\n\t<meta name=\"twitter:data1\" content=\"1 min\u016bte\" \/>\n<script type=\"application\/ld+json\" class=\"yoast-schema-graph\">{\"@context\":\"https:\\\/\\\/schema.org\",\"@graph\":[{\"@type\":\"WebPage\",\"@id\":\"https:\\\/\\\/kidsplay.lt\\\/produktas\\\/bestway-dviguba-vandens-ciuozykla-488-m\\\/\",\"url\":\"https:\\\/\\\/kidsplay.lt\\\/produktas\\\/bestway-dviguba-vandens-ciuozykla-488-m\\\/\",\"name\":\"Bestway dviguba vandens \u010diuo\u017eykla 4,88 m\",\"isPartOf\":{\"@id\":\"https:\\\/\\\/kidsplay.lt\\\/#website\"},\"primaryImageOfPage\":{\"@id\":\"https:\\\/\\\/kidsplay.lt\\\/produktas\\\/bestway-dviguba-vandens-ciuozykla-488-m\\\/#primaryimage\"},\"image\":{\"@id\":\"https:\\\/\\\/kidsplay.lt\\\/produktas\\\/bestway-dviguba-vandens-ciuozykla-488-m\\\/#primaryimage\"},\"thumbnailUrl\":\"https:\\\/\\\/kidsplay.lt\\\/wp-content\\\/uploads\\\/2026\\\/03\\\/Bestway-dviguba-vandens-ciuozykla-488-m.jpg\",\"datePublished\":\"2026-02-28T22:21:14+00:00\",\"dateModified\":\"2026-04-10T06:47:49+00:00\",\"description\":\"Bestway dviguba vandens \u010diuo\u017eykla 4,88 m - KidsPlay. Did\u017eiausias vaik\u0173 \u017eaisl\u0173 pasirinkimas.\",\"breadcrumb\":{\"@id\":\"https:\\\/\\\/kidsplay.lt\\\/produktas\\\/bestway-dviguba-vandens-ciuozykla-488-m\\\/#breadcrumb\"},\"inLanguage\":\"lv-LV\",\"potentialAction\":[{\"@type\":\"ReadAction\",\"target\":[\"https:\\\/\\\/kidsplay.lt\\\/produktas\\\/bestway-dviguba-vandens-ciuozykla-488-m\\\/\"]}]},{\"@type\":\"ImageObject\",\"inLanguage\":\"lv-LV\",\"@id\":\"https:\\\/\\\/kidsplay.lt\\\/produktas\\\/bestway-dviguba-vandens-ciuozykla-488-m\\\/#primaryimage\",\"url\":\"https:\\\/\\\/kidsplay.lt\\\/wp-content\\\/uploads\\\/2026\\\/03\\\/Bestway-dviguba-vandens-ciuozykla-488-m.jpg\",\"contentUrl\":\"https:\\\/\\\/kidsplay.lt\\\/wp-content\\\/uploads\\\/2026\\\/03\\\/Bestway-dviguba-vandens-ciuozykla-488-m.jpg\",\"width\":1000,\"height\":707,\"caption\":\"Bestway dviguba vandens \u010diuo\u017eykla 4\"},{\"@type\":\"BreadcrumbList\",\"@id\":\"https:\\\/\\\/kidsplay.lt\\\/produktas\\\/bestway-dviguba-vandens-ciuozykla-488-m\\\/#breadcrumb\",\"itemListElement\":[{\"@type\":\"ListItem\",\"position\":1,\"name\":\"Pagrindinis\",\"item\":\"https:\\\/\\\/kidsplay.lt\\\/\"},{\"@type\":\"ListItem\",\"position\":2,\"name\":\"Parduotuv\u0117\",\"item\":\"https:\\\/\\\/kidsplay.lt\\\/parduotuve\\\/\"},{\"@type\":\"ListItem\",\"position\":3,\"name\":\"Bestway dviguba vandens \u010diuo\u017eykla 4,88 m\"}]},{\"@type\":\"WebSite\",\"@id\":\"https:\\\/\\\/kidsplay.lt\\\/#website\",\"url\":\"https:\\\/\\\/kidsplay.lt\\\/\",\"name\":\"Kidsplay.lt\",\"description\":\"\u012evairios prek\u0117s vaikams\",\"publisher\":{\"@id\":\"https:\\\/\\\/kidsplay.lt\\\/#organization\"},\"alternateName\":\"Kidsplay\",\"potentialAction\":[{\"@type\":\"SearchAction\",\"target\":{\"@type\":\"EntryPoint\",\"urlTemplate\":\"https:\\\/\\\/kidsplay.lt\\\/?s={search_term_string}\"},\"query-input\":{\"@type\":\"PropertyValueSpecification\",\"valueRequired\":true,\"valueName\":\"search_term_string\"}}],\"inLanguage\":\"lv-LV\"},{\"@type\":\"Organization\",\"@id\":\"https:\\\/\\\/kidsplay.lt\\\/#organization\",\"name\":\"KidsPlay\",\"url\":\"https:\\\/\\\/kidsplay.lt\\\/\",\"logo\":{\"@type\":\"ImageObject\",\"inLanguage\":\"lv-LV\",\"@id\":\"https:\\\/\\\/kidsplay.lt\\\/#\\\/schema\\\/logo\\\/image\\\/\",\"url\":\"https:\\\/\\\/kidsplay.lt\\\/wp-content\\\/uploads\\\/2023\\\/07\\\/kidsplay-logo.png\",\"contentUrl\":\"https:\\\/\\\/kidsplay.lt\\\/wp-content\\\/uploads\\\/2023\\\/07\\\/kidsplay-logo.png\",\"width\":451,\"height\":98,\"caption\":\"KidsPlay\"},\"image\":{\"@id\":\"https:\\\/\\\/kidsplay.lt\\\/#\\\/schema\\\/logo\\\/image\\\/\"},\"sameAs\":[\"https:\\\/\\\/www.facebook.com\\\/www.kidsplay.lt\"]}]}<\/script>\n<!-- \/ Yoast SEO plugin. -->","yoast_head_json":{"title":"Bestway dviguba vandens \u010diuo\u017eykla 4,88 m","description":"Bestway dviguba vandens \u010diuo\u017eykla 4,88 m - KidsPlay. Did\u017eiausias vaik\u0173 \u017eaisl\u0173 pasirinkimas.","robots":{"index":"index","follow":"follow","max-snippet":"max-snippet:-1","max-image-preview":"max-image-preview:large","max-video-preview":"max-video-preview:-1"},"canonical":"https:\/\/kidsplay.lt\/lv\/products\/bestway-dviguba-vandens-ciuozykla-488-m\/","og_locale":"lv_LV","og_type":"article","og_title":"Bestway dviguba vandens \u010diuo\u017eykla 4,88 m","og_description":"Bestway dviguba vandens \u010diuo\u017eykla 4,88 m - KidsPlay. Did\u017eiausias vaik\u0173 \u017eaisl\u0173 pasirinkimas.","og_url":"https:\/\/kidsplay.lt\/lv\/products\/bestway-dviguba-vandens-ciuozykla-488-m\/","og_site_name":"KidsPlay","article_publisher":"https:\/\/www.facebook.com\/www.kidsplay.lt","article_modified_time":"2026-04-10T06:47:49+00:00","og_image":[{"width":1000,"height":707,"url":"https:\/\/kidsplay.lt\/wp-content\/uploads\/2026\/03\/Bestway-dviguba-vandens-ciuozykla-488-m.jpg","type":"image\/jpeg"}],"twitter_card":"summary_large_image","twitter_misc":{"Est. reading time":"1 min\u016bte"},"schema":{"@context":"https:\/\/schema.org","@graph":[{"@type":"WebPage","@id":"https:\/\/kidsplay.lt\/produktas\/bestway-dviguba-vandens-ciuozykla-488-m\/","url":"https:\/\/kidsplay.lt\/produktas\/bestway-dviguba-vandens-ciuozykla-488-m\/","name":"Bestway dviguba vandens \u010diuo\u017eykla 4,88 m","isPartOf":{"@id":"https:\/\/kidsplay.lt\/#website"},"primaryImageOfPage":{"@id":"https:\/\/kidsplay.lt\/produktas\/bestway-dviguba-vandens-ciuozykla-488-m\/#primaryimage"},"image":{"@id":"https:\/\/kidsplay.lt\/produktas\/bestway-dviguba-vandens-ciuozykla-488-m\/#primaryimage"},"thumbnailUrl":"https:\/\/kidsplay.lt\/wp-content\/uploads\/2026\/03\/Bestway-dviguba-vandens-ciuozykla-488-m.jpg","datePublished":"2026-02-28T22:21:14+00:00","dateModified":"2026-04-10T06:47:49+00:00","description":"Bestway dviguba vandens \u010diuo\u017eykla 4,88 m - KidsPlay. Did\u017eiausias vaik\u0173 \u017eaisl\u0173 pasirinkimas.","breadcrumb":{"@id":"https:\/\/kidsplay.lt\/produktas\/bestway-dviguba-vandens-ciuozykla-488-m\/#breadcrumb"},"inLanguage":"lv-LV","potentialAction":[{"@type":"ReadAction","target":["https:\/\/kidsplay.lt\/produktas\/bestway-dviguba-vandens-ciuozykla-488-m\/"]}]},{"@type":"ImageObject","inLanguage":"lv-LV","@id":"https:\/\/kidsplay.lt\/produktas\/bestway-dviguba-vandens-ciuozykla-488-m\/#primaryimage","url":"https:\/\/kidsplay.lt\/wp-content\/uploads\/2026\/03\/Bestway-dviguba-vandens-ciuozykla-488-m.jpg","contentUrl":"https:\/\/kidsplay.lt\/wp-content\/uploads\/2026\/03\/Bestway-dviguba-vandens-ciuozykla-488-m.jpg","width":1000,"height":707,"caption":"Bestway dviguba vandens \u010diuo\u017eykla 4"},{"@type":"BreadcrumbList","@id":"https:\/\/kidsplay.lt\/produktas\/bestway-dviguba-vandens-ciuozykla-488-m\/#breadcrumb","itemListElement":[{"@type":"ListItem","position":1,"name":"Pagrindinis","item":"https:\/\/kidsplay.lt\/"},{"@type":"ListItem","position":2,"name":"Parduotuv\u0117","item":"https:\/\/kidsplay.lt\/parduotuve\/"},{"@type":"ListItem","position":3,"name":"Bestway dviguba vandens \u010diuo\u017eykla 4,88 m"}]},{"@type":"WebSite","@id":"https:\/\/kidsplay.lt\/#website","url":"https:\/\/kidsplay.lt\/","name":"B\u0113rnu sp\u0113les.lv","description":"\u012evairios prek\u0117s vaikams","publisher":{"@id":"https:\/\/kidsplay.lt\/#organization"},"alternateName":"Kidsplay","potentialAction":[{"@type":"SearchAction","target":{"@type":"EntryPoint","urlTemplate":"https:\/\/kidsplay.lt\/?s={search_term_string}"},"query-input":{"@type":"PropertyValueSpecification","valueRequired":true,"valueName":"search_term_string"}}],"inLanguage":"lv-LV"},{"@type":"Organization","@id":"https:\/\/kidsplay.lt\/#organization","name":"B\u0113rnu sp\u0113le","url":"https:\/\/kidsplay.lt\/","logo":{"@type":"ImageObject","inLanguage":"lv-LV","@id":"https:\/\/kidsplay.lt\/#\/schema\/logo\/image\/","url":"https:\/\/kidsplay.lt\/wp-content\/uploads\/2023\/07\/kidsplay-logo.png","contentUrl":"https:\/\/kidsplay.lt\/wp-content\/uploads\/2023\/07\/kidsplay-logo.png","width":451,"height":98,"caption":"KidsPlay"},"image":{"@id":"https:\/\/kidsplay.lt\/#\/schema\/logo\/image\/"},"sameAs":["https:\/\/www.facebook.com\/www.kidsplay.lt"]}]}},"_links":{"self":[{"href":"https:\/\/kidsplay.lt\/lv\/wp-json\/wp\/v2\/product\/92160","targetHints":{"allow":["GET"]}}],"collection":[{"href":"https:\/\/kidsplay.lt\/lv\/wp-json\/wp\/v2\/product"}],"about":[{"href":"https:\/\/kidsplay.lt\/lv\/wp-json\/wp\/v2\/types\/product"}],"version-history":[{"count":1,"href":"https:\/\/kidsplay.lt\/lv\/wp-json\/wp\/v2\/product\/92160\/revisions"}],"predecessor-version":[{"id":92161,"href":"https:\/\/kidsplay.lt\/lv\/wp-json\/wp\/v2\/product\/92160\/revisions\/92161"}],"wp:featuredmedia":[{"embeddable":true,"href":"https:\/\/kidsplay.lt\/lv\/wp-json\/wp\/v2\/media\/92162"}],"wp:attachment":[{"href":"https:\/\/kidsplay.lt\/lv\/wp-json\/wp\/v2\/media?parent=92160"}],"wp:term":[{"taxonomy":"product_brand","embeddable":true,"href":"https:\/\/kidsplay.lt\/lv\/wp-json\/wp\/v2\/product_brand?post=92160"},{"taxonomy":"product_cat","embeddable":true,"href":"https:\/\/kidsplay.lt\/lv\/wp-json\/wp\/v2\/product_cat?post=92160"},{"taxonomy":"product_tag","embeddable":true,"href":"https:\/\/kidsplay.lt\/lv\/wp-json\/wp\/v2\/product_tag?post=92160"}],"curies":[{"name":"wp","href":"https:\/\/api.w.org\/{rel}","templated":true}]}}