{"id":93341,"date":"2026-03-01T19:52:17","date_gmt":"2026-03-01T17:52:17","guid":{"rendered":"https:\/\/kidsplay.lt\/?post_type=product&#038;p=93341"},"modified":"2026-03-01T20:02:26","modified_gmt":"2026-03-01T18:02:26","slug":"pliusines-kedes-talismanas-meskiukas-sticas-sulankstomas-melynas-pufas","status":"publish","type":"product","link":"https:\/\/kidsplay.lt\/lv\/products\/pliusines-kedes-talismanas-meskiukas-sticas-sulankstomas-melynas-pufas\/","title":{"rendered":"Pl\u012b\u0161a kr\u0113sla talismans, l\u0101c\u012btis, saliekams, zils pufs"},"content":{"rendered":"<div class=\"mpof_ki myre_zn myre_8v_l m389_6m_l\">\n<div class=\"mp4t_16_s mryx_16_s mr3m_1 mli2_1 mh85_56 mh85_0_l\">\n<div class=\"mgn2_16 _0d3bd_am0a-\">\n<p><b>Tamsiai m\u0117lynas \u010diu\u017einys, kaip sofa berniukui arba mergaitei, itin mink\u0161tas ir malonus liesti.<\/b><\/p>\n<p><b>M\u016bs\u0173 gultai yra \u017eaislo, s\u0117dyn\u0117s, k\u0117d\u0117s ir gulto derinys<\/b>. Pagaminta i\u0161\u00a0<b>subtilaus, puraus auk\u0161tos kokyb\u0117s pliu\u0161o<\/b>, malonus\u00a0<b>liesti ir lengvai valomas.<\/b>\u00a0\u0160is gaminys puikiai tinka\u00a0<b>kaip dovana ypatingoms progoms<\/b>, tokioms kaip\u00a0<b>krik\u0161tynos<\/b>,\u00a0<b>gimtadieniai<\/b>, paliekant malonius prisiminimus ilgam laikui.<\/p>\n<\/div>\n<\/div>\n<div class=\"mp4t_16_s mryx_16_s mr3m_1 mli2_1 mh85_56 mh85_0_l\">\n<div class=\"mg9e_8 mj7a_8 mg9e_0_s mvrt_0_s mj7a_0_s mh36_0_s mzmg_6m munh_16_l m3h2_16_l\">\n<div class=\"mp4t_0 mryx_0 munh_56 m3h2_56\">\n<div class=\"mp7g_oh\"><\/div>\n<\/div>\n<\/div>\n<\/div>\n<\/div>\n<div class=\"mpof_ki myre_zn myre_8v_l m389_6m_l\">\n<div class=\"mp4t_16_s mryx_16_s mr3m_1 mli2_1 mh85_56 mh85_0_l\">\n<div class=\"mgn2_16 _0d3bd_am0a-\">\n<p><b>Atlo\u0161as sulankstomas<\/b>. Vaik\u0173 kambarys yra ma\u017ea karalyst\u0117, kurioje vaikai ne tik\u00a0<b>atsipalaiduoja ar gerai miega<\/b>, bet ir da\u017enai leid\u017eia laisvalaik\u012f \u017eaisdami ar mokydamiesi, tod\u0117l taip svarbu pasirinkti tinkamus\u00a0<b>baldus ir aksesuarus<\/b>\u00a0savo mylimam kambariui, kuri\u0173 d\u0117ka vaikams patiks keturi kampai ir jie gal\u0117s jaustis itin saugiai ir patogiai. Tod\u0117l m\u016bs\u0173 gaminys idealiai pasitarnaus kaip poilsio vieta, kur vaikas\u00a0<b>gali patogiai gul\u0117ti ar s\u0117d\u0117ti valand\u0173 valandas klausydamasis t\u0117v\u0173 ar seneli\u0173 skaitom\u0173 knyg\u0173 ar garsini\u0173 knyg\u0173.<\/b><\/p>\n<p><b>T\u0117vai puikiai \u017eino, kad vaikai vystymosi stadijoje yra labai aktyv\u016bs<\/b>, o tai rei\u0161kia,\u00a0<b>kad jie vengia s\u0117d\u0117ti vienoje vietoje, pvz., ant lovos ar sofos<\/b>, bet labai da\u017enai renkasi savo viet\u0105 tiesiai ant grind\u0173 ar ant kilimo.\u00a0<b>M\u016bs\u0173 pliu\u0161iniai foteliai yra pagaminti i\u0161 patvari\u0173 ir tuo pa\u010diu labai lengv\u0173 med\u017eiag\u0173<\/b>, tod\u0117l\u00a0<b>vaikas gali juos perkelti bet kurioje nam\u0173 vietoje<\/b>, taip i\u0161vengdamas buvimo ant \u0161alt\u0173 grind\u0173, o\u00a0<b>taip m\u016bs\u0173 vaikai i\u0161lieka sveiki ir kupini energijos.<\/b><\/p>\n<\/div>\n<\/div>\n<\/div>\n<div class=\"mpof_ki myre_zn myre_8v_l m389_6m_l\">\n<div class=\"mp4t_16_s mryx_16_s mr3m_1 mli2_1 mh85_56 mh85_0_l\">\n<div class=\"mgn2_16 _0d3bd_am0a-\">\n<p><b>S\u0117dyn\u0117s matmenys i\u0161skleidus:<\/b><\/p>\n<ul>\n<li>Auk\u0161tis: 8 cm<\/li>\n<li>Ilgis: 90 cm<\/li>\n<li>Plotis: 45 cm<\/li>\n<\/ul>\n<p><b>Priek\u0161roc\u012bbas:<\/b><\/p>\n<ul>\n<li>vidutinis\u00a0<b>\u010diu\u017einys<\/b><\/li>\n<li>Produktas skirtas vaikams vystymosi faz\u0117je (<b>iki 8 met\u0173 am\u017eiaus)<\/b>)<\/li>\n<li>J\u016bs\u0173 vaikas nes\u0117d\u0117s ant \u017eem\u0117s, k\u0117dut\u0117 apsaugo nuo s\u0105ly\u010dio su \u0161altomis grindimis ir per\u0161alimo<\/li>\n<li>Idealus baldas kambariui, terasai, balkonui, svetainei, taip pat pasiimti su savimi atostogauti.<\/li>\n<li>Visi \u017eaislai yra nauji ir be defekt\u0173, su gamintojo etiket\u0117mis<\/li>\n<li>Talismano med\u017eiaga yra itin mink\u0161ta ir maloni liesti<\/li>\n<li>D\u0117l lengvumo j\u012f lengva perkelti<\/li>\n<li>Pasak\u0173 modeliai, kuriuos suk\u016br\u0117 pedagogin\u012f i\u0161silavinim\u0105 turintys \u017emon\u0117s<\/li>\n<li>Vaikas gali jame s\u0117d\u0117ti, \u017eaisti, miegoti, i\u0161mokti i\u0161laikyti s\u0117d\u0117jimo poz\u0105.<\/li>\n<\/ul>\n<p><b>Poliuretano putplastis &#8211;<\/b>\u00a0naudojamas d\u0117l antialergini\u0173 ir izoliacini\u0173 savybi\u0173. Pagrindiniai jo privalumai yra pralaidumas orui ir vienoda konstrukcija, kuri suteikia ger\u0105 stuburo palaikym\u0105 ir patog\u0173, sveik\u0105 mieg\u0105. Jo kokyb\u0119 lemia tankio indeksas &#8211; kuo didesnis putplas\u010dio tankis, tuo patvaresnis \u010diu\u017einys.<\/p>\n<\/div>\n<\/div>\n<\/div>","protected":false},"excerpt":{"rendered":"<p class=\"mp4t_0 mryx_0 mj7a_4 mp0t_ji m9qz_yo munh_0 mqu1_1j mgmw_wo mgn2_21 mgn2_25_s mvrt_8\">Pliu\u0161in\u0117s k\u0117d\u0117s talismanas, me\u0161kiukas Sti\u010das, sulankstomas m\u0117lynas pufas<\/p>","protected":false},"featured_media":93342,"template":"","meta":{"_acf_changed":false,"_glsr_average":0,"_glsr_ranking":0,"_glsr_reviews":0},"product_brand":[],"product_cat":[314,254],"product_tag":[],"class_list":{"0":"post-93341","1":"product","2":"type-product","3":"status-publish","4":"has-post-thumbnail","6":"product_cat-staliukai-ir-kedutes","7":"product_cat-vaiko-kambarys","8":"\"style=\"background-color: #2ecc711c;\"","10":"first","11":"instock","12":"shipping-taxable","13":"purchasable","14":"product-type-simple"},"acf":[],"yoast_head":"<!-- This site is optimized with the Yoast SEO plugin v27.3 - https:\/\/yoast.com\/product\/yoast-seo-wordpress\/ -->\n<title>Pliu\u0161in\u0117s k\u0117d\u0117s talismanas me\u0161kiukas Sti\u010das sulankstomas m\u0117lynas pufas - KidsPlay<\/title>\n<meta name=\"description\" content=\"Pliu\u0161in\u0117s k\u0117d\u0117s talismanas me\u0161kiukas Sti\u010das sulankstomas m\u0117lynas pufas - KidsPlay. Did\u017eiausias vaik\u0173 \u017eaisl\u0173 pasirinkimas.\" \/>\n<meta name=\"robots\" content=\"index, follow, max-snippet:-1, max-image-preview:large, max-video-preview:-1\" \/>\n<link rel=\"canonical\" href=\"https:\/\/kidsplay.lt\/lv\/products\/pliusines-kedes-talismanas-meskiukas-sticas-sulankstomas-melynas-pufas\/\" \/>\n<meta property=\"og:locale\" content=\"lv_LV\" \/>\n<meta property=\"og:type\" content=\"article\" \/>\n<meta property=\"og:title\" content=\"Pliu\u0161in\u0117s k\u0117d\u0117s talismanas me\u0161kiukas Sti\u010das sulankstomas m\u0117lynas pufas - KidsPlay\" \/>\n<meta property=\"og:description\" content=\"Pliu\u0161in\u0117s k\u0117d\u0117s talismanas me\u0161kiukas Sti\u010das sulankstomas m\u0117lynas pufas - KidsPlay. Did\u017eiausias vaik\u0173 \u017eaisl\u0173 pasirinkimas.\" \/>\n<meta property=\"og:url\" content=\"https:\/\/kidsplay.lt\/lv\/products\/pliusines-kedes-talismanas-meskiukas-sticas-sulankstomas-melynas-pufas\/\" \/>\n<meta property=\"og:site_name\" content=\"KidsPlay\" \/>\n<meta property=\"article:publisher\" content=\"https:\/\/www.facebook.com\/www.kidsplay.lt\" \/>\n<meta property=\"article:modified_time\" content=\"2026-03-01T18:02:26+00:00\" \/>\n<meta property=\"og:image\" content=\"https:\/\/kidsplay.lt\/wp-content\/uploads\/2026\/03\/Screenshot_1-3-2026_194452_business.allegro.pl_.jpeg\" \/>\n\t<meta property=\"og:image:width\" content=\"818\" \/>\n\t<meta property=\"og:image:height\" content=\"794\" \/>\n\t<meta property=\"og:image:type\" content=\"image\/jpeg\" \/>\n<meta name=\"twitter:card\" content=\"summary_large_image\" \/>\n<meta name=\"twitter:label1\" content=\"Est. reading time\" \/>\n\t<meta name=\"twitter:data1\" content=\"2 min\u016btes\" \/>\n<script type=\"application\/ld+json\" class=\"yoast-schema-graph\">{\"@context\":\"https:\\\/\\\/schema.org\",\"@graph\":[{\"@type\":\"WebPage\",\"@id\":\"https:\\\/\\\/kidsplay.lt\\\/produktas\\\/pliusines-kedes-talismanas-meskiukas-sticas-sulankstomas-melynas-pufas\\\/\",\"url\":\"https:\\\/\\\/kidsplay.lt\\\/produktas\\\/pliusines-kedes-talismanas-meskiukas-sticas-sulankstomas-melynas-pufas\\\/\",\"name\":\"Pliu\u0161in\u0117s k\u0117d\u0117s talismanas me\u0161kiukas Sti\u010das sulankstomas m\u0117lynas pufas - KidsPlay\",\"isPartOf\":{\"@id\":\"https:\\\/\\\/kidsplay.lt\\\/#website\"},\"primaryImageOfPage\":{\"@id\":\"https:\\\/\\\/kidsplay.lt\\\/produktas\\\/pliusines-kedes-talismanas-meskiukas-sticas-sulankstomas-melynas-pufas\\\/#primaryimage\"},\"image\":{\"@id\":\"https:\\\/\\\/kidsplay.lt\\\/produktas\\\/pliusines-kedes-talismanas-meskiukas-sticas-sulankstomas-melynas-pufas\\\/#primaryimage\"},\"thumbnailUrl\":\"https:\\\/\\\/kidsplay.lt\\\/wp-content\\\/uploads\\\/2026\\\/03\\\/Screenshot_1-3-2026_194452_business.allegro.pl_.jpeg\",\"datePublished\":\"2026-03-01T17:52:17+00:00\",\"dateModified\":\"2026-03-01T18:02:26+00:00\",\"description\":\"Pliu\u0161in\u0117s k\u0117d\u0117s talismanas me\u0161kiukas Sti\u010das sulankstomas m\u0117lynas pufas - KidsPlay. Did\u017eiausias vaik\u0173 \u017eaisl\u0173 pasirinkimas.\",\"breadcrumb\":{\"@id\":\"https:\\\/\\\/kidsplay.lt\\\/produktas\\\/pliusines-kedes-talismanas-meskiukas-sticas-sulankstomas-melynas-pufas\\\/#breadcrumb\"},\"inLanguage\":\"lv-LV\",\"potentialAction\":[{\"@type\":\"ReadAction\",\"target\":[\"https:\\\/\\\/kidsplay.lt\\\/produktas\\\/pliusines-kedes-talismanas-meskiukas-sticas-sulankstomas-melynas-pufas\\\/\"]}]},{\"@type\":\"ImageObject\",\"inLanguage\":\"lv-LV\",\"@id\":\"https:\\\/\\\/kidsplay.lt\\\/produktas\\\/pliusines-kedes-talismanas-meskiukas-sticas-sulankstomas-melynas-pufas\\\/#primaryimage\",\"url\":\"https:\\\/\\\/kidsplay.lt\\\/wp-content\\\/uploads\\\/2026\\\/03\\\/Screenshot_1-3-2026_194452_business.allegro.pl_.jpeg\",\"contentUrl\":\"https:\\\/\\\/kidsplay.lt\\\/wp-content\\\/uploads\\\/2026\\\/03\\\/Screenshot_1-3-2026_194452_business.allegro.pl_.jpeg\",\"width\":818,\"height\":794},{\"@type\":\"BreadcrumbList\",\"@id\":\"https:\\\/\\\/kidsplay.lt\\\/produktas\\\/pliusines-kedes-talismanas-meskiukas-sticas-sulankstomas-melynas-pufas\\\/#breadcrumb\",\"itemListElement\":[{\"@type\":\"ListItem\",\"position\":1,\"name\":\"Pagrindinis\",\"item\":\"https:\\\/\\\/kidsplay.lt\\\/\"},{\"@type\":\"ListItem\",\"position\":2,\"name\":\"Parduotuv\u0117\",\"item\":\"https:\\\/\\\/kidsplay.lt\\\/parduotuve\\\/\"},{\"@type\":\"ListItem\",\"position\":3,\"name\":\"Pliu\u0161in\u0117s k\u0117d\u0117s talismanas me\u0161kiukas Sti\u010das sulankstomas m\u0117lynas pufas\"}]},{\"@type\":\"WebSite\",\"@id\":\"https:\\\/\\\/kidsplay.lt\\\/#website\",\"url\":\"https:\\\/\\\/kidsplay.lt\\\/\",\"name\":\"Kidsplay.lt\",\"description\":\"\u012evairios prek\u0117s vaikams\",\"publisher\":{\"@id\":\"https:\\\/\\\/kidsplay.lt\\\/#organization\"},\"alternateName\":\"Kidsplay\",\"potentialAction\":[{\"@type\":\"SearchAction\",\"target\":{\"@type\":\"EntryPoint\",\"urlTemplate\":\"https:\\\/\\\/kidsplay.lt\\\/?s={search_term_string}\"},\"query-input\":{\"@type\":\"PropertyValueSpecification\",\"valueRequired\":true,\"valueName\":\"search_term_string\"}}],\"inLanguage\":\"lv-LV\"},{\"@type\":\"Organization\",\"@id\":\"https:\\\/\\\/kidsplay.lt\\\/#organization\",\"name\":\"KidsPlay\",\"url\":\"https:\\\/\\\/kidsplay.lt\\\/\",\"logo\":{\"@type\":\"ImageObject\",\"inLanguage\":\"lv-LV\",\"@id\":\"https:\\\/\\\/kidsplay.lt\\\/#\\\/schema\\\/logo\\\/image\\\/\",\"url\":\"https:\\\/\\\/kidsplay.lt\\\/wp-content\\\/uploads\\\/2023\\\/07\\\/kidsplay-logo.png\",\"contentUrl\":\"https:\\\/\\\/kidsplay.lt\\\/wp-content\\\/uploads\\\/2023\\\/07\\\/kidsplay-logo.png\",\"width\":451,\"height\":98,\"caption\":\"KidsPlay\"},\"image\":{\"@id\":\"https:\\\/\\\/kidsplay.lt\\\/#\\\/schema\\\/logo\\\/image\\\/\"},\"sameAs\":[\"https:\\\/\\\/www.facebook.com\\\/www.kidsplay.lt\"]}]}<\/script>\n<!-- \/ Yoast SEO plugin. -->","yoast_head_json":{"title":"Pliu\u0161in\u0117s k\u0117d\u0117s talismanas me\u0161kiukas Sti\u010das sulankstomas m\u0117lynas pufas - KidsPlay","description":"Pliu\u0161in\u0117s k\u0117d\u0117s talismanas me\u0161kiukas Sti\u010das sulankstomas m\u0117lynas pufas - KidsPlay. Did\u017eiausias vaik\u0173 \u017eaisl\u0173 pasirinkimas.","robots":{"index":"index","follow":"follow","max-snippet":"max-snippet:-1","max-image-preview":"max-image-preview:large","max-video-preview":"max-video-preview:-1"},"canonical":"https:\/\/kidsplay.lt\/lv\/products\/pliusines-kedes-talismanas-meskiukas-sticas-sulankstomas-melynas-pufas\/","og_locale":"lv_LV","og_type":"article","og_title":"Pliu\u0161in\u0117s k\u0117d\u0117s talismanas me\u0161kiukas Sti\u010das sulankstomas m\u0117lynas pufas - KidsPlay","og_description":"Pliu\u0161in\u0117s k\u0117d\u0117s talismanas me\u0161kiukas Sti\u010das sulankstomas m\u0117lynas pufas - KidsPlay. Did\u017eiausias vaik\u0173 \u017eaisl\u0173 pasirinkimas.","og_url":"https:\/\/kidsplay.lt\/lv\/products\/pliusines-kedes-talismanas-meskiukas-sticas-sulankstomas-melynas-pufas\/","og_site_name":"KidsPlay","article_publisher":"https:\/\/www.facebook.com\/www.kidsplay.lt","article_modified_time":"2026-03-01T18:02:26+00:00","og_image":[{"width":818,"height":794,"url":"https:\/\/kidsplay.lt\/wp-content\/uploads\/2026\/03\/Screenshot_1-3-2026_194452_business.allegro.pl_.jpeg","type":"image\/jpeg"}],"twitter_card":"summary_large_image","twitter_misc":{"Est. reading time":"2 min\u016btes"},"schema":{"@context":"https:\/\/schema.org","@graph":[{"@type":"WebPage","@id":"https:\/\/kidsplay.lt\/produktas\/pliusines-kedes-talismanas-meskiukas-sticas-sulankstomas-melynas-pufas\/","url":"https:\/\/kidsplay.lt\/produktas\/pliusines-kedes-talismanas-meskiukas-sticas-sulankstomas-melynas-pufas\/","name":"Pliu\u0161in\u0117s k\u0117d\u0117s talismanas me\u0161kiukas Sti\u010das sulankstomas m\u0117lynas pufas - KidsPlay","isPartOf":{"@id":"https:\/\/kidsplay.lt\/#website"},"primaryImageOfPage":{"@id":"https:\/\/kidsplay.lt\/produktas\/pliusines-kedes-talismanas-meskiukas-sticas-sulankstomas-melynas-pufas\/#primaryimage"},"image":{"@id":"https:\/\/kidsplay.lt\/produktas\/pliusines-kedes-talismanas-meskiukas-sticas-sulankstomas-melynas-pufas\/#primaryimage"},"thumbnailUrl":"https:\/\/kidsplay.lt\/wp-content\/uploads\/2026\/03\/Screenshot_1-3-2026_194452_business.allegro.pl_.jpeg","datePublished":"2026-03-01T17:52:17+00:00","dateModified":"2026-03-01T18:02:26+00:00","description":"Pliu\u0161in\u0117s k\u0117d\u0117s talismanas me\u0161kiukas Sti\u010das sulankstomas m\u0117lynas pufas - KidsPlay. Did\u017eiausias vaik\u0173 \u017eaisl\u0173 pasirinkimas.","breadcrumb":{"@id":"https:\/\/kidsplay.lt\/produktas\/pliusines-kedes-talismanas-meskiukas-sticas-sulankstomas-melynas-pufas\/#breadcrumb"},"inLanguage":"lv-LV","potentialAction":[{"@type":"ReadAction","target":["https:\/\/kidsplay.lt\/produktas\/pliusines-kedes-talismanas-meskiukas-sticas-sulankstomas-melynas-pufas\/"]}]},{"@type":"ImageObject","inLanguage":"lv-LV","@id":"https:\/\/kidsplay.lt\/produktas\/pliusines-kedes-talismanas-meskiukas-sticas-sulankstomas-melynas-pufas\/#primaryimage","url":"https:\/\/kidsplay.lt\/wp-content\/uploads\/2026\/03\/Screenshot_1-3-2026_194452_business.allegro.pl_.jpeg","contentUrl":"https:\/\/kidsplay.lt\/wp-content\/uploads\/2026\/03\/Screenshot_1-3-2026_194452_business.allegro.pl_.jpeg","width":818,"height":794},{"@type":"BreadcrumbList","@id":"https:\/\/kidsplay.lt\/produktas\/pliusines-kedes-talismanas-meskiukas-sticas-sulankstomas-melynas-pufas\/#breadcrumb","itemListElement":[{"@type":"ListItem","position":1,"name":"Pagrindinis","item":"https:\/\/kidsplay.lt\/"},{"@type":"ListItem","position":2,"name":"Parduotuv\u0117","item":"https:\/\/kidsplay.lt\/parduotuve\/"},{"@type":"ListItem","position":3,"name":"Pliu\u0161in\u0117s k\u0117d\u0117s talismanas me\u0161kiukas Sti\u010das sulankstomas m\u0117lynas pufas"}]},{"@type":"WebSite","@id":"https:\/\/kidsplay.lt\/#website","url":"https:\/\/kidsplay.lt\/","name":"B\u0113rnu sp\u0113les.lv","description":"\u012evairios prek\u0117s vaikams","publisher":{"@id":"https:\/\/kidsplay.lt\/#organization"},"alternateName":"Kidsplay","potentialAction":[{"@type":"SearchAction","target":{"@type":"EntryPoint","urlTemplate":"https:\/\/kidsplay.lt\/?s={search_term_string}"},"query-input":{"@type":"PropertyValueSpecification","valueRequired":true,"valueName":"search_term_string"}}],"inLanguage":"lv-LV"},{"@type":"Organization","@id":"https:\/\/kidsplay.lt\/#organization","name":"B\u0113rnu sp\u0113le","url":"https:\/\/kidsplay.lt\/","logo":{"@type":"ImageObject","inLanguage":"lv-LV","@id":"https:\/\/kidsplay.lt\/#\/schema\/logo\/image\/","url":"https:\/\/kidsplay.lt\/wp-content\/uploads\/2023\/07\/kidsplay-logo.png","contentUrl":"https:\/\/kidsplay.lt\/wp-content\/uploads\/2023\/07\/kidsplay-logo.png","width":451,"height":98,"caption":"KidsPlay"},"image":{"@id":"https:\/\/kidsplay.lt\/#\/schema\/logo\/image\/"},"sameAs":["https:\/\/www.facebook.com\/www.kidsplay.lt"]}]}},"_links":{"self":[{"href":"https:\/\/kidsplay.lt\/lv\/wp-json\/wp\/v2\/product\/93341","targetHints":{"allow":["GET"]}}],"collection":[{"href":"https:\/\/kidsplay.lt\/lv\/wp-json\/wp\/v2\/product"}],"about":[{"href":"https:\/\/kidsplay.lt\/lv\/wp-json\/wp\/v2\/types\/product"}],"version-history":[{"count":2,"href":"https:\/\/kidsplay.lt\/lv\/wp-json\/wp\/v2\/product\/93341\/revisions"}],"predecessor-version":[{"id":93346,"href":"https:\/\/kidsplay.lt\/lv\/wp-json\/wp\/v2\/product\/93341\/revisions\/93346"}],"wp:featuredmedia":[{"embeddable":true,"href":"https:\/\/kidsplay.lt\/lv\/wp-json\/wp\/v2\/media\/93342"}],"wp:attachment":[{"href":"https:\/\/kidsplay.lt\/lv\/wp-json\/wp\/v2\/media?parent=93341"}],"wp:term":[{"taxonomy":"product_brand","embeddable":true,"href":"https:\/\/kidsplay.lt\/lv\/wp-json\/wp\/v2\/product_brand?post=93341"},{"taxonomy":"product_cat","embeddable":true,"href":"https:\/\/kidsplay.lt\/lv\/wp-json\/wp\/v2\/product_cat?post=93341"},{"taxonomy":"product_tag","embeddable":true,"href":"https:\/\/kidsplay.lt\/lv\/wp-json\/wp\/v2\/product_tag?post=93341"}],"curies":[{"name":"wp","href":"https:\/\/api.w.org\/{rel}","templated":true}]}}