{"id":93842,"date":"2026-03-03T08:21:47","date_gmt":"2026-03-03T06:21:47","guid":{"rendered":"https:\/\/kidsplay.lt\/produktas\/deserto-ir-arbatos-rinkinys-su-padeklu\/"},"modified":"2026-04-10T09:59:21","modified_gmt":"2026-04-10T06:59:21","slug":"deserto-ir-arbatos-rinkinys-su-padeklu","status":"publish","type":"product","link":"https:\/\/kidsplay.lt\/lv\/products\/deserto-ir-arbatos-rinkinys-su-padeklu\/","title":{"rendered":"Deserto ir arbatos rinkinys su pad\u0117klu"},"content":{"rendered":"<p>\u0160is \u017eaislinis deserto rinkinys leid\u017eia vaikui pasinerti \u012f sald\u0173j\u012f konditerijos pasaul\u012f \u2013 serviruoti desertus, kurti savo \u201ekavin\u0119\u201c ir vai\u0161inti sve\u010dius. \u017daidimas su maisto imitacijomis lavina vaizduot\u0119, socialinius \u012fg\u016bd\u017eius, smulki\u0105j\u0105 motorik\u0105 ir suteikia daug d\u017eiaugsmo. Rinkinyje esantys pyragai\u010diai, keksiukai ir jogurtas atrodo taip skaniai, kad net suaugusieji nusi\u0161ypsos!<\/p>\n<p>\ud83c\udf7d\ufe0f Rinkinio sud\u0117tis<\/p>\n<p> \tpad\u0117klas<br \/>\n \t2 l\u0117k\u0161t\u0117s<br \/>\n \t2 \u0161akut\u0117s<br \/>\n \tjogurtas<br \/>\n \t2 ma\u017eos pyrago dalys<br \/>\n \t2 didel\u0117s pyrago dalys<br \/>\n \tkeksiukas<br \/>\n \tpuodelis su \u201ebaltuoju \u0161okoladu\u201c viduje<\/p>\n<p>\ud83d\udccf Element\u0173 dyd\u017eiai<\/p>\n<p> \tPad\u0117klas: 26,5 \u00d7 19 cm<br \/>\n \t\u0160akut\u0117: 10,5 cm<br \/>\n \tL\u0117k\u0161t\u0117: 10 \u00d7 10 cm<br \/>\n \tMa\u017ea pyrago dalis: 4 \u00d7 4 cm<br \/>\n \tDidel\u0117 pyrago dalis: 8 \u00d7 3 cm<br \/>\n \tKeksiukas: 6,5 \u00d7 5,5 cm<br \/>\n \tPuodelis: 5 \u00d7 6 cm<\/p>\n<p>\ud83c\udf81 Pakuot\u0117<\/p>\n<p> \t31,5 \u00d7 9 \u00d7 30,5 cm<br \/>\n \tsupakuota \u012f kartonin\u0119 d\u0117\u017eut\u0119 su apsauginiu plastikiniu elementu \u2013 puikiai tinka dovanai<\/p>\n<p>\ud83d\udee1\ufe0f Dro\u0161\u012bba un kvalit\u0101te<\/p>\n<p> \tatitinka CE reikalavimus<br \/>\n \tatbilst rota\u013clietu dro\u0161\u012bbas standartam EN 71<br \/>\n \tvisi\u0161kai saugus vaikams<br \/>\n \trekomenduojama nuo 3 met\u0173<\/p>","protected":false},"excerpt":{"rendered":"<p>\u0160is \u017eaislinis deserto rinkinys leid\u017eia vaikui pasinerti \u012f sald\u0173j\u012f konditerijos pasaul\u012f \u2013 serviruoti desertus, kurti savo \u201ekavin\u0119\u201c ir vai\u0161inti sve\u010dius.<\/p>","protected":false},"featured_media":93844,"template":"","meta":{"_acf_changed":false,"_glsr_average":0,"_glsr_ranking":0,"_glsr_reviews":0},"product_brand":[],"product_cat":[399,282],"product_tag":[],"class_list":{"0":"post-93842","1":"product","2":"type-product","3":"status-publish","4":"has-post-thumbnail","6":"product_cat-vaidmenu-zaidimai-2","7":"product_cat-virtuves-reikmenys-vaidmenu-zaidimai","8":"\"style=\"background-color: #2ecc711c;\"","10":"first","11":"instock","12":"purchasable","13":"product-type-simple"},"acf":[],"yoast_head":"<!-- This site is optimized with the Yoast SEO plugin v27.3 - https:\/\/yoast.com\/product\/yoast-seo-wordpress\/ -->\n<title>Deserto ir arbatos rinkinys su pad\u0117klu<\/title>\n<meta name=\"description\" content=\"Deserto ir arbatos rinkinys su pad\u0117klu - KidsPlay. Did\u017eiausias vaik\u0173 \u017eaisl\u0173 pasirinkimas.\" \/>\n<meta name=\"robots\" content=\"index, follow, max-snippet:-1, max-image-preview:large, max-video-preview:-1\" \/>\n<link rel=\"canonical\" href=\"https:\/\/kidsplay.lt\/lv\/products\/deserto-ir-arbatos-rinkinys-su-padeklu\/\" \/>\n<meta property=\"og:locale\" content=\"lv_LV\" \/>\n<meta property=\"og:type\" content=\"article\" \/>\n<meta property=\"og:title\" content=\"Deserto ir arbatos rinkinys su pad\u0117klu\" \/>\n<meta property=\"og:description\" content=\"Deserto ir arbatos rinkinys su pad\u0117klu - KidsPlay. Did\u017eiausias vaik\u0173 \u017eaisl\u0173 pasirinkimas.\" \/>\n<meta property=\"og:url\" content=\"https:\/\/kidsplay.lt\/lv\/products\/deserto-ir-arbatos-rinkinys-su-padeklu\/\" \/>\n<meta property=\"og:site_name\" content=\"KidsPlay\" \/>\n<meta property=\"article:publisher\" content=\"https:\/\/www.facebook.com\/www.kidsplay.lt\" \/>\n<meta property=\"article:modified_time\" content=\"2026-04-10T06:59:21+00:00\" \/>\n<meta property=\"og:image\" content=\"https:\/\/kidsplay.lt\/wp-content\/uploads\/2026\/03\/Deserto-ir-arbatos-rinkinys-su-padeklu.jpg\" \/>\n\t<meta property=\"og:image:width\" content=\"826\" \/>\n\t<meta property=\"og:image:height\" content=\"578\" \/>\n\t<meta property=\"og:image:type\" content=\"image\/jpeg\" \/>\n<meta name=\"twitter:card\" content=\"summary_large_image\" \/>\n<meta name=\"twitter:label1\" content=\"Est. reading time\" \/>\n\t<meta name=\"twitter:data1\" content=\"1 min\u016bte\" \/>\n<script type=\"application\/ld+json\" class=\"yoast-schema-graph\">{\"@context\":\"https:\\\/\\\/schema.org\",\"@graph\":[{\"@type\":\"WebPage\",\"@id\":\"https:\\\/\\\/kidsplay.lt\\\/produktas\\\/deserto-ir-arbatos-rinkinys-su-padeklu\\\/\",\"url\":\"https:\\\/\\\/kidsplay.lt\\\/produktas\\\/deserto-ir-arbatos-rinkinys-su-padeklu\\\/\",\"name\":\"Deserto ir arbatos rinkinys su pad\u0117klu\",\"isPartOf\":{\"@id\":\"https:\\\/\\\/kidsplay.lt\\\/#website\"},\"primaryImageOfPage\":{\"@id\":\"https:\\\/\\\/kidsplay.lt\\\/produktas\\\/deserto-ir-arbatos-rinkinys-su-padeklu\\\/#primaryimage\"},\"image\":{\"@id\":\"https:\\\/\\\/kidsplay.lt\\\/produktas\\\/deserto-ir-arbatos-rinkinys-su-padeklu\\\/#primaryimage\"},\"thumbnailUrl\":\"https:\\\/\\\/kidsplay.lt\\\/wp-content\\\/uploads\\\/2026\\\/03\\\/Deserto-ir-arbatos-rinkinys-su-padeklu.jpg\",\"datePublished\":\"2026-03-03T06:21:47+00:00\",\"dateModified\":\"2026-04-10T06:59:21+00:00\",\"description\":\"Deserto ir arbatos rinkinys su pad\u0117klu - KidsPlay. Did\u017eiausias vaik\u0173 \u017eaisl\u0173 pasirinkimas.\",\"breadcrumb\":{\"@id\":\"https:\\\/\\\/kidsplay.lt\\\/produktas\\\/deserto-ir-arbatos-rinkinys-su-padeklu\\\/#breadcrumb\"},\"inLanguage\":\"lv-LV\",\"potentialAction\":[{\"@type\":\"ReadAction\",\"target\":[\"https:\\\/\\\/kidsplay.lt\\\/produktas\\\/deserto-ir-arbatos-rinkinys-su-padeklu\\\/\"]}]},{\"@type\":\"ImageObject\",\"inLanguage\":\"lv-LV\",\"@id\":\"https:\\\/\\\/kidsplay.lt\\\/produktas\\\/deserto-ir-arbatos-rinkinys-su-padeklu\\\/#primaryimage\",\"url\":\"https:\\\/\\\/kidsplay.lt\\\/wp-content\\\/uploads\\\/2026\\\/03\\\/Deserto-ir-arbatos-rinkinys-su-padeklu.jpg\",\"contentUrl\":\"https:\\\/\\\/kidsplay.lt\\\/wp-content\\\/uploads\\\/2026\\\/03\\\/Deserto-ir-arbatos-rinkinys-su-padeklu.jpg\",\"width\":826,\"height\":578,\"caption\":\"Deserto ir arbatos rinkinys su pad\u0117klu\"},{\"@type\":\"BreadcrumbList\",\"@id\":\"https:\\\/\\\/kidsplay.lt\\\/produktas\\\/deserto-ir-arbatos-rinkinys-su-padeklu\\\/#breadcrumb\",\"itemListElement\":[{\"@type\":\"ListItem\",\"position\":1,\"name\":\"Pagrindinis\",\"item\":\"https:\\\/\\\/kidsplay.lt\\\/\"},{\"@type\":\"ListItem\",\"position\":2,\"name\":\"Parduotuv\u0117\",\"item\":\"https:\\\/\\\/kidsplay.lt\\\/parduotuve\\\/\"},{\"@type\":\"ListItem\",\"position\":3,\"name\":\"Deserto ir arbatos rinkinys su pad\u0117klu\"}]},{\"@type\":\"WebSite\",\"@id\":\"https:\\\/\\\/kidsplay.lt\\\/#website\",\"url\":\"https:\\\/\\\/kidsplay.lt\\\/\",\"name\":\"Kidsplay.lt\",\"description\":\"\u012evairios prek\u0117s vaikams\",\"publisher\":{\"@id\":\"https:\\\/\\\/kidsplay.lt\\\/#organization\"},\"alternateName\":\"Kidsplay\",\"potentialAction\":[{\"@type\":\"SearchAction\",\"target\":{\"@type\":\"EntryPoint\",\"urlTemplate\":\"https:\\\/\\\/kidsplay.lt\\\/?s={search_term_string}\"},\"query-input\":{\"@type\":\"PropertyValueSpecification\",\"valueRequired\":true,\"valueName\":\"search_term_string\"}}],\"inLanguage\":\"lv-LV\"},{\"@type\":\"Organization\",\"@id\":\"https:\\\/\\\/kidsplay.lt\\\/#organization\",\"name\":\"KidsPlay\",\"url\":\"https:\\\/\\\/kidsplay.lt\\\/\",\"logo\":{\"@type\":\"ImageObject\",\"inLanguage\":\"lv-LV\",\"@id\":\"https:\\\/\\\/kidsplay.lt\\\/#\\\/schema\\\/logo\\\/image\\\/\",\"url\":\"https:\\\/\\\/kidsplay.lt\\\/wp-content\\\/uploads\\\/2023\\\/07\\\/kidsplay-logo.png\",\"contentUrl\":\"https:\\\/\\\/kidsplay.lt\\\/wp-content\\\/uploads\\\/2023\\\/07\\\/kidsplay-logo.png\",\"width\":451,\"height\":98,\"caption\":\"KidsPlay\"},\"image\":{\"@id\":\"https:\\\/\\\/kidsplay.lt\\\/#\\\/schema\\\/logo\\\/image\\\/\"},\"sameAs\":[\"https:\\\/\\\/www.facebook.com\\\/www.kidsplay.lt\"]}]}<\/script>\n<!-- \/ Yoast SEO plugin. -->","yoast_head_json":{"title":"Deserto ir arbatos rinkinys su pad\u0117klu","description":"Deserto ir arbatos rinkinys su pad\u0117klu - KidsPlay. Did\u017eiausias vaik\u0173 \u017eaisl\u0173 pasirinkimas.","robots":{"index":"index","follow":"follow","max-snippet":"max-snippet:-1","max-image-preview":"max-image-preview:large","max-video-preview":"max-video-preview:-1"},"canonical":"https:\/\/kidsplay.lt\/lv\/products\/deserto-ir-arbatos-rinkinys-su-padeklu\/","og_locale":"lv_LV","og_type":"article","og_title":"Deserto ir arbatos rinkinys su pad\u0117klu","og_description":"Deserto ir arbatos rinkinys su pad\u0117klu - KidsPlay. Did\u017eiausias vaik\u0173 \u017eaisl\u0173 pasirinkimas.","og_url":"https:\/\/kidsplay.lt\/lv\/products\/deserto-ir-arbatos-rinkinys-su-padeklu\/","og_site_name":"KidsPlay","article_publisher":"https:\/\/www.facebook.com\/www.kidsplay.lt","article_modified_time":"2026-04-10T06:59:21+00:00","og_image":[{"width":826,"height":578,"url":"https:\/\/kidsplay.lt\/wp-content\/uploads\/2026\/03\/Deserto-ir-arbatos-rinkinys-su-padeklu.jpg","type":"image\/jpeg"}],"twitter_card":"summary_large_image","twitter_misc":{"Est. reading time":"1 min\u016bte"},"schema":{"@context":"https:\/\/schema.org","@graph":[{"@type":"WebPage","@id":"https:\/\/kidsplay.lt\/produktas\/deserto-ir-arbatos-rinkinys-su-padeklu\/","url":"https:\/\/kidsplay.lt\/produktas\/deserto-ir-arbatos-rinkinys-su-padeklu\/","name":"Deserto ir arbatos rinkinys su pad\u0117klu","isPartOf":{"@id":"https:\/\/kidsplay.lt\/#website"},"primaryImageOfPage":{"@id":"https:\/\/kidsplay.lt\/produktas\/deserto-ir-arbatos-rinkinys-su-padeklu\/#primaryimage"},"image":{"@id":"https:\/\/kidsplay.lt\/produktas\/deserto-ir-arbatos-rinkinys-su-padeklu\/#primaryimage"},"thumbnailUrl":"https:\/\/kidsplay.lt\/wp-content\/uploads\/2026\/03\/Deserto-ir-arbatos-rinkinys-su-padeklu.jpg","datePublished":"2026-03-03T06:21:47+00:00","dateModified":"2026-04-10T06:59:21+00:00","description":"Deserto ir arbatos rinkinys su pad\u0117klu - KidsPlay. Did\u017eiausias vaik\u0173 \u017eaisl\u0173 pasirinkimas.","breadcrumb":{"@id":"https:\/\/kidsplay.lt\/produktas\/deserto-ir-arbatos-rinkinys-su-padeklu\/#breadcrumb"},"inLanguage":"lv-LV","potentialAction":[{"@type":"ReadAction","target":["https:\/\/kidsplay.lt\/produktas\/deserto-ir-arbatos-rinkinys-su-padeklu\/"]}]},{"@type":"ImageObject","inLanguage":"lv-LV","@id":"https:\/\/kidsplay.lt\/produktas\/deserto-ir-arbatos-rinkinys-su-padeklu\/#primaryimage","url":"https:\/\/kidsplay.lt\/wp-content\/uploads\/2026\/03\/Deserto-ir-arbatos-rinkinys-su-padeklu.jpg","contentUrl":"https:\/\/kidsplay.lt\/wp-content\/uploads\/2026\/03\/Deserto-ir-arbatos-rinkinys-su-padeklu.jpg","width":826,"height":578,"caption":"Deserto ir arbatos rinkinys su pad\u0117klu"},{"@type":"BreadcrumbList","@id":"https:\/\/kidsplay.lt\/produktas\/deserto-ir-arbatos-rinkinys-su-padeklu\/#breadcrumb","itemListElement":[{"@type":"ListItem","position":1,"name":"Pagrindinis","item":"https:\/\/kidsplay.lt\/"},{"@type":"ListItem","position":2,"name":"Parduotuv\u0117","item":"https:\/\/kidsplay.lt\/parduotuve\/"},{"@type":"ListItem","position":3,"name":"Deserto ir arbatos rinkinys su pad\u0117klu"}]},{"@type":"WebSite","@id":"https:\/\/kidsplay.lt\/#website","url":"https:\/\/kidsplay.lt\/","name":"B\u0113rnu sp\u0113les.lv","description":"\u012evairios prek\u0117s vaikams","publisher":{"@id":"https:\/\/kidsplay.lt\/#organization"},"alternateName":"Kidsplay","potentialAction":[{"@type":"SearchAction","target":{"@type":"EntryPoint","urlTemplate":"https:\/\/kidsplay.lt\/?s={search_term_string}"},"query-input":{"@type":"PropertyValueSpecification","valueRequired":true,"valueName":"search_term_string"}}],"inLanguage":"lv-LV"},{"@type":"Organization","@id":"https:\/\/kidsplay.lt\/#organization","name":"B\u0113rnu sp\u0113le","url":"https:\/\/kidsplay.lt\/","logo":{"@type":"ImageObject","inLanguage":"lv-LV","@id":"https:\/\/kidsplay.lt\/#\/schema\/logo\/image\/","url":"https:\/\/kidsplay.lt\/wp-content\/uploads\/2023\/07\/kidsplay-logo.png","contentUrl":"https:\/\/kidsplay.lt\/wp-content\/uploads\/2023\/07\/kidsplay-logo.png","width":451,"height":98,"caption":"KidsPlay"},"image":{"@id":"https:\/\/kidsplay.lt\/#\/schema\/logo\/image\/"},"sameAs":["https:\/\/www.facebook.com\/www.kidsplay.lt"]}]}},"_links":{"self":[{"href":"https:\/\/kidsplay.lt\/lv\/wp-json\/wp\/v2\/product\/93842","targetHints":{"allow":["GET"]}}],"collection":[{"href":"https:\/\/kidsplay.lt\/lv\/wp-json\/wp\/v2\/product"}],"about":[{"href":"https:\/\/kidsplay.lt\/lv\/wp-json\/wp\/v2\/types\/product"}],"version-history":[{"count":1,"href":"https:\/\/kidsplay.lt\/lv\/wp-json\/wp\/v2\/product\/93842\/revisions"}],"predecessor-version":[{"id":93843,"href":"https:\/\/kidsplay.lt\/lv\/wp-json\/wp\/v2\/product\/93842\/revisions\/93843"}],"wp:featuredmedia":[{"embeddable":true,"href":"https:\/\/kidsplay.lt\/lv\/wp-json\/wp\/v2\/media\/93844"}],"wp:attachment":[{"href":"https:\/\/kidsplay.lt\/lv\/wp-json\/wp\/v2\/media?parent=93842"}],"wp:term":[{"taxonomy":"product_brand","embeddable":true,"href":"https:\/\/kidsplay.lt\/lv\/wp-json\/wp\/v2\/product_brand?post=93842"},{"taxonomy":"product_cat","embeddable":true,"href":"https:\/\/kidsplay.lt\/lv\/wp-json\/wp\/v2\/product_cat?post=93842"},{"taxonomy":"product_tag","embeddable":true,"href":"https:\/\/kidsplay.lt\/lv\/wp-json\/wp\/v2\/product_tag?post=93842"}],"curies":[{"name":"wp","href":"https:\/\/api.w.org\/{rel}","templated":true}]}}