{"id":94042,"date":"2026-03-03T08:26:30","date_gmt":"2026-03-03T06:26:30","guid":{"rendered":"https:\/\/kidsplay.lt\/produktas\/interaktyvus-zvejybos-zaidimas-15-zuvyciu\/"},"modified":"2026-04-13T11:08:12","modified_gmt":"2026-04-13T08:08:12","slug":"interaktyvus-zvejybos-zaidimas-15-zuvyciu","status":"publish","type":"product","link":"https:\/\/kidsplay.lt\/lv\/products\/interaktyvus-zvejybos-zaidimas-15-zuvyciu\/","title":{"rendered":"Interaktyvus \u017evejybos \u017eaidimas 15 \u017euvy\u010di\u0173"},"content":{"rendered":"<p>\u0160is vandens pagrindu veikiantis \u017evejybos \u017eaidimas suteikia daug juoko, azarto ir sveikos konkurencijos visai \u0161eimai. Sukantis vandeniui, spalvingos \u017euvyt\u0117s pradeda \u201eplaukioti\u201c, o \u017eaid\u0117j\u0173 u\u017eduotis \u2013 kuo taikliau jas pagauti me\u0161ker\u0117mis. \u017daidimas lavina vaik\u0173 reakcij\u0105, koncentracij\u0105, rank\u0173\u2013aki\u0173 koordinacij\u0105 ir skatina draugi\u0161k\u0105 var\u017eym\u0105si.<\/p>\n<p>\ud83e\udde9 Rinkinio sud\u0117tis<\/p>\n<p> \t2 me\u0161ker\u0117s<br \/>\n \t15 \u017euvy\u010di\u0173<br \/>\n \tbang\u0173 suk\u016brimo elementas<br \/>\n \t2 d\u0117\u017eut\u0117s pagautoms \u017euvims<br \/>\n \t\u017eaidimo pagrindas (stalelis)<br \/>\n \t3 stalo kojel\u0117s<\/p>\n<p>\ud83c\udfae Kaip \u017eaisti?<br \/>\n\u012e \u017eaidimo stalel\u012f \u012fpilamas vanduo, \u012fdedamos visos \u017euvyt\u0117s, o suk\u016brus bang\u0173 efekt\u0105 vanduo pradeda suktis. \u017duvyt\u0117s juda, tod\u0117l jas pagauti tampa i\u0161\u0161\u016bkiu. Laimi tas \u017eaid\u0117jas, kuris pagaus daugiau \u017euv\u0173. \u017daidimas smagus tiek vienam vaikui, tiek \u017eaid\u017eiant dviese.<\/p>\n<p>\ud83d\udccf Izm\u0113ri<\/p>\n<p> \tStalelis: 38,5 \u00d7 38,5 \u00d7 23 cm<br \/>\n \tAuk\u0161tis su me\u0161kere: 41 cm<br \/>\n \tPakuot\u0117: 38 \u00d7 11 \u00d7 37 cm<\/p>\n<p>\ud83d\udee1\ufe0f Dro\u0161\u012bba un kvalit\u0101te<\/p>\n<p> \tAtitinka CE reikalavimus<br \/>\n \tAtitinka EN 71 \u017eaisl\u0173 saugos standart\u0105<br \/>\n \tRekomenduojama vaikams nuo 3 met\u0173<br \/>\n \tLengvai surenkamas ir paprastai naudojamas<\/p>","protected":false},"excerpt":{"rendered":"<p>\u0160is vandens pagrindu veikiantis \u017evejybos \u017eaidimas suteikia daug juoko, azarto ir sveikos konkurencijos visai \u0161eimai. Sukantis vandeniui, spalvingos \u017euvyt\u0117s pradeda<\/p>","protected":false},"featured_media":94044,"template":"","meta":{"_acf_changed":false,"_glsr_average":0,"_glsr_ranking":0,"_glsr_reviews":0},"product_brand":[],"product_cat":[233,390],"product_tag":[],"class_list":{"0":"post-94042","1":"product","2":"type-product","3":"status-publish","4":"has-post-thumbnail","6":"product_cat-lauko-pramogos","7":"product_cat-vandens-pramogos","8":"\"style=\"background-color: #2ecc711c;\"","10":"first","11":"instock","12":"purchasable","13":"product-type-simple"},"acf":[],"yoast_head":"<!-- This site is optimized with the Yoast SEO plugin v27.3 - https:\/\/yoast.com\/product\/yoast-seo-wordpress\/ -->\n<title>Interaktyvus \u017evejybos \u017eaidimas 15 \u017euvy\u010di\u0173<\/title>\n<meta name=\"description\" content=\"Interaktyvus \u017evejybos \u017eaidimas 15 \u017euvy\u010di\u0173 - KidsPlay. Did\u017eiausias vaik\u0173 \u017eaisl\u0173 pasirinkimas.\" \/>\n<meta name=\"robots\" content=\"index, follow, max-snippet:-1, max-image-preview:large, max-video-preview:-1\" \/>\n<link rel=\"canonical\" href=\"https:\/\/kidsplay.lt\/lv\/products\/interaktyvus-zvejybos-zaidimas-15-zuvyciu\/\" \/>\n<meta property=\"og:locale\" content=\"lv_LV\" \/>\n<meta property=\"og:type\" content=\"article\" \/>\n<meta property=\"og:title\" content=\"Interaktyvus \u017evejybos \u017eaidimas 15 \u017euvy\u010di\u0173\" \/>\n<meta property=\"og:description\" content=\"Interaktyvus \u017evejybos \u017eaidimas 15 \u017euvy\u010di\u0173 - KidsPlay. Did\u017eiausias vaik\u0173 \u017eaisl\u0173 pasirinkimas.\" \/>\n<meta property=\"og:url\" content=\"https:\/\/kidsplay.lt\/lv\/products\/interaktyvus-zvejybos-zaidimas-15-zuvyciu\/\" \/>\n<meta property=\"og:site_name\" content=\"KidsPlay\" \/>\n<meta property=\"article:publisher\" content=\"https:\/\/www.facebook.com\/www.kidsplay.lt\" \/>\n<meta property=\"article:modified_time\" content=\"2026-04-13T08:08:12+00:00\" \/>\n<meta property=\"og:image\" content=\"https:\/\/kidsplay.lt\/wp-content\/uploads\/2026\/03\/Interaktyvus-zvejybos-zaidimas-15-zuvyciu.jpg\" \/>\n\t<meta property=\"og:image:width\" content=\"826\" \/>\n\t<meta property=\"og:image:height\" content=\"578\" \/>\n\t<meta property=\"og:image:type\" content=\"image\/jpeg\" \/>\n<meta name=\"twitter:card\" content=\"summary_large_image\" \/>\n<meta name=\"twitter:label1\" content=\"Est. reading time\" \/>\n\t<meta name=\"twitter:data1\" content=\"1 min\u016bte\" \/>\n<script type=\"application\/ld+json\" class=\"yoast-schema-graph\">{\"@context\":\"https:\\\/\\\/schema.org\",\"@graph\":[{\"@type\":\"WebPage\",\"@id\":\"https:\\\/\\\/kidsplay.lt\\\/produktas\\\/interaktyvus-zvejybos-zaidimas-15-zuvyciu\\\/\",\"url\":\"https:\\\/\\\/kidsplay.lt\\\/produktas\\\/interaktyvus-zvejybos-zaidimas-15-zuvyciu\\\/\",\"name\":\"Interaktyvus \u017evejybos \u017eaidimas 15 \u017euvy\u010di\u0173\",\"isPartOf\":{\"@id\":\"https:\\\/\\\/kidsplay.lt\\\/#website\"},\"primaryImageOfPage\":{\"@id\":\"https:\\\/\\\/kidsplay.lt\\\/produktas\\\/interaktyvus-zvejybos-zaidimas-15-zuvyciu\\\/#primaryimage\"},\"image\":{\"@id\":\"https:\\\/\\\/kidsplay.lt\\\/produktas\\\/interaktyvus-zvejybos-zaidimas-15-zuvyciu\\\/#primaryimage\"},\"thumbnailUrl\":\"https:\\\/\\\/kidsplay.lt\\\/wp-content\\\/uploads\\\/2026\\\/03\\\/Interaktyvus-zvejybos-zaidimas-15-zuvyciu.jpg\",\"datePublished\":\"2026-03-03T06:26:30+00:00\",\"dateModified\":\"2026-04-13T08:08:12+00:00\",\"description\":\"Interaktyvus \u017evejybos \u017eaidimas 15 \u017euvy\u010di\u0173 - KidsPlay. Did\u017eiausias vaik\u0173 \u017eaisl\u0173 pasirinkimas.\",\"breadcrumb\":{\"@id\":\"https:\\\/\\\/kidsplay.lt\\\/produktas\\\/interaktyvus-zvejybos-zaidimas-15-zuvyciu\\\/#breadcrumb\"},\"inLanguage\":\"lv-LV\",\"potentialAction\":[{\"@type\":\"ReadAction\",\"target\":[\"https:\\\/\\\/kidsplay.lt\\\/produktas\\\/interaktyvus-zvejybos-zaidimas-15-zuvyciu\\\/\"]}]},{\"@type\":\"ImageObject\",\"inLanguage\":\"lv-LV\",\"@id\":\"https:\\\/\\\/kidsplay.lt\\\/produktas\\\/interaktyvus-zvejybos-zaidimas-15-zuvyciu\\\/#primaryimage\",\"url\":\"https:\\\/\\\/kidsplay.lt\\\/wp-content\\\/uploads\\\/2026\\\/03\\\/Interaktyvus-zvejybos-zaidimas-15-zuvyciu.jpg\",\"contentUrl\":\"https:\\\/\\\/kidsplay.lt\\\/wp-content\\\/uploads\\\/2026\\\/03\\\/Interaktyvus-zvejybos-zaidimas-15-zuvyciu.jpg\",\"width\":826,\"height\":578,\"caption\":\"Interaktyvus \u017evejybos \u017eaidimas 15 \u017euvy\u010di\u0173\"},{\"@type\":\"BreadcrumbList\",\"@id\":\"https:\\\/\\\/kidsplay.lt\\\/produktas\\\/interaktyvus-zvejybos-zaidimas-15-zuvyciu\\\/#breadcrumb\",\"itemListElement\":[{\"@type\":\"ListItem\",\"position\":1,\"name\":\"Pagrindinis\",\"item\":\"https:\\\/\\\/kidsplay.lt\\\/\"},{\"@type\":\"ListItem\",\"position\":2,\"name\":\"Parduotuv\u0117\",\"item\":\"https:\\\/\\\/kidsplay.lt\\\/parduotuve\\\/\"},{\"@type\":\"ListItem\",\"position\":3,\"name\":\"Interaktyvus \u017evejybos \u017eaidimas 15 \u017euvy\u010di\u0173\"}]},{\"@type\":\"WebSite\",\"@id\":\"https:\\\/\\\/kidsplay.lt\\\/#website\",\"url\":\"https:\\\/\\\/kidsplay.lt\\\/\",\"name\":\"Kidsplay.lt\",\"description\":\"\u012evairios prek\u0117s vaikams\",\"publisher\":{\"@id\":\"https:\\\/\\\/kidsplay.lt\\\/#organization\"},\"alternateName\":\"Kidsplay\",\"potentialAction\":[{\"@type\":\"SearchAction\",\"target\":{\"@type\":\"EntryPoint\",\"urlTemplate\":\"https:\\\/\\\/kidsplay.lt\\\/?s={search_term_string}\"},\"query-input\":{\"@type\":\"PropertyValueSpecification\",\"valueRequired\":true,\"valueName\":\"search_term_string\"}}],\"inLanguage\":\"lv-LV\"},{\"@type\":\"Organization\",\"@id\":\"https:\\\/\\\/kidsplay.lt\\\/#organization\",\"name\":\"KidsPlay\",\"url\":\"https:\\\/\\\/kidsplay.lt\\\/\",\"logo\":{\"@type\":\"ImageObject\",\"inLanguage\":\"lv-LV\",\"@id\":\"https:\\\/\\\/kidsplay.lt\\\/#\\\/schema\\\/logo\\\/image\\\/\",\"url\":\"https:\\\/\\\/kidsplay.lt\\\/wp-content\\\/uploads\\\/2023\\\/07\\\/kidsplay-logo.png\",\"contentUrl\":\"https:\\\/\\\/kidsplay.lt\\\/wp-content\\\/uploads\\\/2023\\\/07\\\/kidsplay-logo.png\",\"width\":451,\"height\":98,\"caption\":\"KidsPlay\"},\"image\":{\"@id\":\"https:\\\/\\\/kidsplay.lt\\\/#\\\/schema\\\/logo\\\/image\\\/\"},\"sameAs\":[\"https:\\\/\\\/www.facebook.com\\\/www.kidsplay.lt\"]}]}<\/script>\n<!-- \/ Yoast SEO plugin. -->","yoast_head_json":{"title":"Interaktyvus \u017evejybos \u017eaidimas 15 \u017euvy\u010di\u0173","description":"Interaktyvus \u017evejybos \u017eaidimas 15 \u017euvy\u010di\u0173 - KidsPlay. Did\u017eiausias vaik\u0173 \u017eaisl\u0173 pasirinkimas.","robots":{"index":"index","follow":"follow","max-snippet":"max-snippet:-1","max-image-preview":"max-image-preview:large","max-video-preview":"max-video-preview:-1"},"canonical":"https:\/\/kidsplay.lt\/lv\/products\/interaktyvus-zvejybos-zaidimas-15-zuvyciu\/","og_locale":"lv_LV","og_type":"article","og_title":"Interaktyvus \u017evejybos \u017eaidimas 15 \u017euvy\u010di\u0173","og_description":"Interaktyvus \u017evejybos \u017eaidimas 15 \u017euvy\u010di\u0173 - KidsPlay. Did\u017eiausias vaik\u0173 \u017eaisl\u0173 pasirinkimas.","og_url":"https:\/\/kidsplay.lt\/lv\/products\/interaktyvus-zvejybos-zaidimas-15-zuvyciu\/","og_site_name":"KidsPlay","article_publisher":"https:\/\/www.facebook.com\/www.kidsplay.lt","article_modified_time":"2026-04-13T08:08:12+00:00","og_image":[{"width":826,"height":578,"url":"https:\/\/kidsplay.lt\/wp-content\/uploads\/2026\/03\/Interaktyvus-zvejybos-zaidimas-15-zuvyciu.jpg","type":"image\/jpeg"}],"twitter_card":"summary_large_image","twitter_misc":{"Est. reading time":"1 min\u016bte"},"schema":{"@context":"https:\/\/schema.org","@graph":[{"@type":"WebPage","@id":"https:\/\/kidsplay.lt\/produktas\/interaktyvus-zvejybos-zaidimas-15-zuvyciu\/","url":"https:\/\/kidsplay.lt\/produktas\/interaktyvus-zvejybos-zaidimas-15-zuvyciu\/","name":"Interaktyvus \u017evejybos \u017eaidimas 15 \u017euvy\u010di\u0173","isPartOf":{"@id":"https:\/\/kidsplay.lt\/#website"},"primaryImageOfPage":{"@id":"https:\/\/kidsplay.lt\/produktas\/interaktyvus-zvejybos-zaidimas-15-zuvyciu\/#primaryimage"},"image":{"@id":"https:\/\/kidsplay.lt\/produktas\/interaktyvus-zvejybos-zaidimas-15-zuvyciu\/#primaryimage"},"thumbnailUrl":"https:\/\/kidsplay.lt\/wp-content\/uploads\/2026\/03\/Interaktyvus-zvejybos-zaidimas-15-zuvyciu.jpg","datePublished":"2026-03-03T06:26:30+00:00","dateModified":"2026-04-13T08:08:12+00:00","description":"Interaktyvus \u017evejybos \u017eaidimas 15 \u017euvy\u010di\u0173 - KidsPlay. Did\u017eiausias vaik\u0173 \u017eaisl\u0173 pasirinkimas.","breadcrumb":{"@id":"https:\/\/kidsplay.lt\/produktas\/interaktyvus-zvejybos-zaidimas-15-zuvyciu\/#breadcrumb"},"inLanguage":"lv-LV","potentialAction":[{"@type":"ReadAction","target":["https:\/\/kidsplay.lt\/produktas\/interaktyvus-zvejybos-zaidimas-15-zuvyciu\/"]}]},{"@type":"ImageObject","inLanguage":"lv-LV","@id":"https:\/\/kidsplay.lt\/produktas\/interaktyvus-zvejybos-zaidimas-15-zuvyciu\/#primaryimage","url":"https:\/\/kidsplay.lt\/wp-content\/uploads\/2026\/03\/Interaktyvus-zvejybos-zaidimas-15-zuvyciu.jpg","contentUrl":"https:\/\/kidsplay.lt\/wp-content\/uploads\/2026\/03\/Interaktyvus-zvejybos-zaidimas-15-zuvyciu.jpg","width":826,"height":578,"caption":"Interaktyvus \u017evejybos \u017eaidimas 15 \u017euvy\u010di\u0173"},{"@type":"BreadcrumbList","@id":"https:\/\/kidsplay.lt\/produktas\/interaktyvus-zvejybos-zaidimas-15-zuvyciu\/#breadcrumb","itemListElement":[{"@type":"ListItem","position":1,"name":"Pagrindinis","item":"https:\/\/kidsplay.lt\/"},{"@type":"ListItem","position":2,"name":"Parduotuv\u0117","item":"https:\/\/kidsplay.lt\/parduotuve\/"},{"@type":"ListItem","position":3,"name":"Interaktyvus \u017evejybos \u017eaidimas 15 \u017euvy\u010di\u0173"}]},{"@type":"WebSite","@id":"https:\/\/kidsplay.lt\/#website","url":"https:\/\/kidsplay.lt\/","name":"B\u0113rnu sp\u0113les.lv","description":"\u012evairios prek\u0117s vaikams","publisher":{"@id":"https:\/\/kidsplay.lt\/#organization"},"alternateName":"Kidsplay","potentialAction":[{"@type":"SearchAction","target":{"@type":"EntryPoint","urlTemplate":"https:\/\/kidsplay.lt\/?s={search_term_string}"},"query-input":{"@type":"PropertyValueSpecification","valueRequired":true,"valueName":"search_term_string"}}],"inLanguage":"lv-LV"},{"@type":"Organization","@id":"https:\/\/kidsplay.lt\/#organization","name":"B\u0113rnu sp\u0113le","url":"https:\/\/kidsplay.lt\/","logo":{"@type":"ImageObject","inLanguage":"lv-LV","@id":"https:\/\/kidsplay.lt\/#\/schema\/logo\/image\/","url":"https:\/\/kidsplay.lt\/wp-content\/uploads\/2023\/07\/kidsplay-logo.png","contentUrl":"https:\/\/kidsplay.lt\/wp-content\/uploads\/2023\/07\/kidsplay-logo.png","width":451,"height":98,"caption":"KidsPlay"},"image":{"@id":"https:\/\/kidsplay.lt\/#\/schema\/logo\/image\/"},"sameAs":["https:\/\/www.facebook.com\/www.kidsplay.lt"]}]}},"_links":{"self":[{"href":"https:\/\/kidsplay.lt\/lv\/wp-json\/wp\/v2\/product\/94042","targetHints":{"allow":["GET"]}}],"collection":[{"href":"https:\/\/kidsplay.lt\/lv\/wp-json\/wp\/v2\/product"}],"about":[{"href":"https:\/\/kidsplay.lt\/lv\/wp-json\/wp\/v2\/types\/product"}],"version-history":[{"count":1,"href":"https:\/\/kidsplay.lt\/lv\/wp-json\/wp\/v2\/product\/94042\/revisions"}],"predecessor-version":[{"id":94043,"href":"https:\/\/kidsplay.lt\/lv\/wp-json\/wp\/v2\/product\/94042\/revisions\/94043"}],"wp:featuredmedia":[{"embeddable":true,"href":"https:\/\/kidsplay.lt\/lv\/wp-json\/wp\/v2\/media\/94044"}],"wp:attachment":[{"href":"https:\/\/kidsplay.lt\/lv\/wp-json\/wp\/v2\/media?parent=94042"}],"wp:term":[{"taxonomy":"product_brand","embeddable":true,"href":"https:\/\/kidsplay.lt\/lv\/wp-json\/wp\/v2\/product_brand?post=94042"},{"taxonomy":"product_cat","embeddable":true,"href":"https:\/\/kidsplay.lt\/lv\/wp-json\/wp\/v2\/product_cat?post=94042"},{"taxonomy":"product_tag","embeddable":true,"href":"https:\/\/kidsplay.lt\/lv\/wp-json\/wp\/v2\/product_tag?post=94042"}],"curies":[{"name":"wp","href":"https:\/\/api.w.org\/{rel}","templated":true}]}}