{"id":94399,"date":"2026-03-14T20:34:07","date_gmt":"2026-03-14T18:34:07","guid":{"rendered":"https:\/\/kidsplay.lt\/produktas\/vaikiskas-elektrinis-keturratis-quad-js320-raudonas\/"},"modified":"2026-04-10T09:55:42","modified_gmt":"2026-04-10T06:55:42","slug":"vaikiskas-elektrinis-keturratis-quad-js320-raudonas","status":"publish","type":"product","link":"https:\/\/kidsplay.lt\/lv\/products\/vaikiskas-elektrinis-keturratis-quad-js320-raudonas\/","title":{"rendered":"B\u0113rnu elektriskais kvadracikls Quad JS320 Red"},"content":{"rendered":"<p>Vaikas nuo \u0161iol gali tur\u0117ti savo nuosav\u0105 keturrat\u012f! I\u0161pildykite ma\u017eylio svajon\u0119 padovanodami jam patog\u0173, ak\u012f traukiant\u012f JS320 akumuliatorin\u012f keturrat\u012f. Tai puikus b\u016bdas ugdyti susidom\u0117jim\u0105 transporto priemon\u0117mis ir suteikti vaikui laisv\u0117s bei savaranki\u0161kumo poj\u016bt\u012f.<\/p>\n<p>\u0160is vaiki\u0161kas keturratis atrodo kaip tikras \u2013 tik jo dydis pritaikytas ma\u017eiems vairuotojams. Tvirta konstrukcija, pagaminta i\u0161 auk\u0161tos kokyb\u0117s med\u017eiag\u0173, u\u017etikrina ilgaam\u017e\u012f ir saug\u0173 naudojim\u0105. Modernus dizainas, detalus apdailos atlikimas ir realias dalis imituojantys elementai leid\u017eia vaikui pasijusti lyg tikrame keturratyje.<\/p>\n<p>JS320 keturratis skirtas vaikams nuo 1,5 iki 3 met\u0173, ta\u010diau jaunesni gali juo naudotis pri\u017ei\u016brimi suaugusi\u0173j\u0173. \u017daislas turi CE sertifikat\u0105, o surinkimas yra paprastas ir trunka apie 30 minu\u010di\u0173.<\/p>\n<p>\ud83d\udce6 Pakuot\u0117s matmenys<\/p>\n<p> \t69 \u00d7 44 \u00d7 31 cm<br \/>\n \tSvoris su pakuote: 6,8 kg<\/p>\n<p>\ud83d\udee1\ufe0f Dro\u0161\u012bba un kvalit\u0101te<\/p>\n<p> \tauk\u0161tos kokyb\u0117s, sertifikuotos med\u017eiagos<br \/>\n \tCE sertifikatas<br \/>\n \tpaprastas surinkimas<br \/>\n \ttinkamas ma\u017eiesiems vairuotojams nuo 1,5 met\u0173<\/p>","protected":false},"excerpt":{"rendered":"<p>Vaikas nuo \u0161iol gali tur\u0117ti savo nuosav\u0105 keturrat\u012f! I\u0161pildykite ma\u017eylio svajon\u0119 padovanodami jam patog\u0173, ak\u012f traukiant\u012f JS320 akumuliatorin\u012f keturrat\u012f. Tai<\/p>","protected":false},"featured_media":94401,"template":"","meta":{"_acf_changed":false,"_glsr_average":0,"_glsr_ranking":0,"_glsr_reviews":0},"product_brand":[],"product_cat":[310,237],"product_tag":[],"class_list":{"0":"post-94399","1":"product","2":"type-product","3":"status-publish","4":"has-post-thumbnail","6":"product_cat-akumuliatorines-transporto-priemones","7":"product_cat-judejimo-priemones","8":"\"style=\"background-color: #2ecc711c;\"","10":"first","11":"instock","12":"purchasable","13":"product-type-simple"},"acf":[],"yoast_head":"<!-- This site is optimized with the Yoast SEO plugin v27.3 - https:\/\/yoast.com\/product\/yoast-seo-wordpress\/ -->\n<title>Vaiki\u0161kas elektrinis keturratis Quad JS320 Raudonas<\/title>\n<meta name=\"description\" content=\"Vaiki\u0161kas elektrinis keturratis Quad JS320 Raudonas - KidsPlay. Did\u017eiausias vaik\u0173 \u017eaisl\u0173 pasirinkimas.\" \/>\n<meta name=\"robots\" content=\"index, follow, max-snippet:-1, max-image-preview:large, max-video-preview:-1\" \/>\n<link rel=\"canonical\" href=\"https:\/\/kidsplay.lt\/lv\/products\/vaikiskas-elektrinis-keturratis-quad-js320-raudonas\/\" \/>\n<meta property=\"og:locale\" content=\"lv_LV\" \/>\n<meta property=\"og:type\" content=\"article\" \/>\n<meta property=\"og:title\" content=\"Vaiki\u0161kas elektrinis keturratis Quad JS320 Raudonas\" \/>\n<meta property=\"og:description\" content=\"Vaiki\u0161kas elektrinis keturratis Quad JS320 Raudonas - KidsPlay. Did\u017eiausias vaik\u0173 \u017eaisl\u0173 pasirinkimas.\" \/>\n<meta property=\"og:url\" content=\"https:\/\/kidsplay.lt\/lv\/products\/vaikiskas-elektrinis-keturratis-quad-js320-raudonas\/\" \/>\n<meta property=\"og:site_name\" content=\"KidsPlay\" \/>\n<meta property=\"article:publisher\" content=\"https:\/\/www.facebook.com\/www.kidsplay.lt\" \/>\n<meta property=\"article:modified_time\" content=\"2026-04-10T06:55:42+00:00\" \/>\n<meta property=\"og:image\" content=\"https:\/\/kidsplay.lt\/wp-content\/uploads\/2026\/03\/Vaikiskas-elektrinis-keturratis-Quad-JS320-Raudonas.jpg\" \/>\n\t<meta property=\"og:image:width\" content=\"1000\" \/>\n\t<meta property=\"og:image:height\" content=\"750\" \/>\n\t<meta property=\"og:image:type\" content=\"image\/jpeg\" \/>\n<meta name=\"twitter:card\" content=\"summary_large_image\" \/>\n<meta name=\"twitter:label1\" content=\"Est. reading time\" \/>\n\t<meta name=\"twitter:data1\" content=\"1 min\u016bte\" \/>\n<script type=\"application\/ld+json\" class=\"yoast-schema-graph\">{\"@context\":\"https:\\\/\\\/schema.org\",\"@graph\":[{\"@type\":\"WebPage\",\"@id\":\"https:\\\/\\\/kidsplay.lt\\\/produktas\\\/vaikiskas-elektrinis-keturratis-quad-js320-raudonas\\\/\",\"url\":\"https:\\\/\\\/kidsplay.lt\\\/produktas\\\/vaikiskas-elektrinis-keturratis-quad-js320-raudonas\\\/\",\"name\":\"Vaiki\u0161kas elektrinis keturratis Quad JS320 Raudonas\",\"isPartOf\":{\"@id\":\"https:\\\/\\\/kidsplay.lt\\\/#website\"},\"primaryImageOfPage\":{\"@id\":\"https:\\\/\\\/kidsplay.lt\\\/produktas\\\/vaikiskas-elektrinis-keturratis-quad-js320-raudonas\\\/#primaryimage\"},\"image\":{\"@id\":\"https:\\\/\\\/kidsplay.lt\\\/produktas\\\/vaikiskas-elektrinis-keturratis-quad-js320-raudonas\\\/#primaryimage\"},\"thumbnailUrl\":\"https:\\\/\\\/kidsplay.lt\\\/wp-content\\\/uploads\\\/2026\\\/03\\\/Vaikiskas-elektrinis-keturratis-Quad-JS320-Raudonas.jpg\",\"datePublished\":\"2026-03-14T18:34:07+00:00\",\"dateModified\":\"2026-04-10T06:55:42+00:00\",\"description\":\"Vaiki\u0161kas elektrinis keturratis Quad JS320 Raudonas - KidsPlay. Did\u017eiausias vaik\u0173 \u017eaisl\u0173 pasirinkimas.\",\"breadcrumb\":{\"@id\":\"https:\\\/\\\/kidsplay.lt\\\/produktas\\\/vaikiskas-elektrinis-keturratis-quad-js320-raudonas\\\/#breadcrumb\"},\"inLanguage\":\"lv-LV\",\"potentialAction\":[{\"@type\":\"ReadAction\",\"target\":[\"https:\\\/\\\/kidsplay.lt\\\/produktas\\\/vaikiskas-elektrinis-keturratis-quad-js320-raudonas\\\/\"]}]},{\"@type\":\"ImageObject\",\"inLanguage\":\"lv-LV\",\"@id\":\"https:\\\/\\\/kidsplay.lt\\\/produktas\\\/vaikiskas-elektrinis-keturratis-quad-js320-raudonas\\\/#primaryimage\",\"url\":\"https:\\\/\\\/kidsplay.lt\\\/wp-content\\\/uploads\\\/2026\\\/03\\\/Vaikiskas-elektrinis-keturratis-Quad-JS320-Raudonas.jpg\",\"contentUrl\":\"https:\\\/\\\/kidsplay.lt\\\/wp-content\\\/uploads\\\/2026\\\/03\\\/Vaikiskas-elektrinis-keturratis-Quad-JS320-Raudonas.jpg\",\"width\":1000,\"height\":750,\"caption\":\"Vaiki\u0161kas elektrinis keturratis Quad JS320 Raudonas\"},{\"@type\":\"BreadcrumbList\",\"@id\":\"https:\\\/\\\/kidsplay.lt\\\/produktas\\\/vaikiskas-elektrinis-keturratis-quad-js320-raudonas\\\/#breadcrumb\",\"itemListElement\":[{\"@type\":\"ListItem\",\"position\":1,\"name\":\"Pagrindinis\",\"item\":\"https:\\\/\\\/kidsplay.lt\\\/\"},{\"@type\":\"ListItem\",\"position\":2,\"name\":\"Parduotuv\u0117\",\"item\":\"https:\\\/\\\/kidsplay.lt\\\/parduotuve\\\/\"},{\"@type\":\"ListItem\",\"position\":3,\"name\":\"Vaiki\u0161kas elektrinis keturratis Quad JS320 Raudonas\"}]},{\"@type\":\"WebSite\",\"@id\":\"https:\\\/\\\/kidsplay.lt\\\/#website\",\"url\":\"https:\\\/\\\/kidsplay.lt\\\/\",\"name\":\"Kidsplay.lt\",\"description\":\"\u012evairios prek\u0117s vaikams\",\"publisher\":{\"@id\":\"https:\\\/\\\/kidsplay.lt\\\/#organization\"},\"alternateName\":\"Kidsplay\",\"potentialAction\":[{\"@type\":\"SearchAction\",\"target\":{\"@type\":\"EntryPoint\",\"urlTemplate\":\"https:\\\/\\\/kidsplay.lt\\\/?s={search_term_string}\"},\"query-input\":{\"@type\":\"PropertyValueSpecification\",\"valueRequired\":true,\"valueName\":\"search_term_string\"}}],\"inLanguage\":\"lv-LV\"},{\"@type\":\"Organization\",\"@id\":\"https:\\\/\\\/kidsplay.lt\\\/#organization\",\"name\":\"KidsPlay\",\"url\":\"https:\\\/\\\/kidsplay.lt\\\/\",\"logo\":{\"@type\":\"ImageObject\",\"inLanguage\":\"lv-LV\",\"@id\":\"https:\\\/\\\/kidsplay.lt\\\/#\\\/schema\\\/logo\\\/image\\\/\",\"url\":\"https:\\\/\\\/kidsplay.lt\\\/wp-content\\\/uploads\\\/2023\\\/07\\\/kidsplay-logo.png\",\"contentUrl\":\"https:\\\/\\\/kidsplay.lt\\\/wp-content\\\/uploads\\\/2023\\\/07\\\/kidsplay-logo.png\",\"width\":451,\"height\":98,\"caption\":\"KidsPlay\"},\"image\":{\"@id\":\"https:\\\/\\\/kidsplay.lt\\\/#\\\/schema\\\/logo\\\/image\\\/\"},\"sameAs\":[\"https:\\\/\\\/www.facebook.com\\\/www.kidsplay.lt\"]}]}<\/script>\n<!-- \/ Yoast SEO plugin. -->","yoast_head_json":{"title":"B\u0113rnu elektriskais kvadracikls Quad JS320 Red","description":"Vaiki\u0161kas elektrinis keturratis Quad JS320 Raudonas - KidsPlay. Did\u017eiausias vaik\u0173 \u017eaisl\u0173 pasirinkimas.","robots":{"index":"index","follow":"follow","max-snippet":"max-snippet:-1","max-image-preview":"max-image-preview:large","max-video-preview":"max-video-preview:-1"},"canonical":"https:\/\/kidsplay.lt\/lv\/products\/vaikiskas-elektrinis-keturratis-quad-js320-raudonas\/","og_locale":"lv_LV","og_type":"article","og_title":"Vaiki\u0161kas elektrinis keturratis Quad JS320 Raudonas","og_description":"Vaiki\u0161kas elektrinis keturratis Quad JS320 Raudonas - KidsPlay. Did\u017eiausias vaik\u0173 \u017eaisl\u0173 pasirinkimas.","og_url":"https:\/\/kidsplay.lt\/lv\/products\/vaikiskas-elektrinis-keturratis-quad-js320-raudonas\/","og_site_name":"KidsPlay","article_publisher":"https:\/\/www.facebook.com\/www.kidsplay.lt","article_modified_time":"2026-04-10T06:55:42+00:00","og_image":[{"width":1000,"height":750,"url":"https:\/\/kidsplay.lt\/wp-content\/uploads\/2026\/03\/Vaikiskas-elektrinis-keturratis-Quad-JS320-Raudonas.jpg","type":"image\/jpeg"}],"twitter_card":"summary_large_image","twitter_misc":{"Est. reading time":"1 min\u016bte"},"schema":{"@context":"https:\/\/schema.org","@graph":[{"@type":"WebPage","@id":"https:\/\/kidsplay.lt\/produktas\/vaikiskas-elektrinis-keturratis-quad-js320-raudonas\/","url":"https:\/\/kidsplay.lt\/produktas\/vaikiskas-elektrinis-keturratis-quad-js320-raudonas\/","name":"B\u0113rnu elektriskais kvadracikls Quad JS320 Red","isPartOf":{"@id":"https:\/\/kidsplay.lt\/#website"},"primaryImageOfPage":{"@id":"https:\/\/kidsplay.lt\/produktas\/vaikiskas-elektrinis-keturratis-quad-js320-raudonas\/#primaryimage"},"image":{"@id":"https:\/\/kidsplay.lt\/produktas\/vaikiskas-elektrinis-keturratis-quad-js320-raudonas\/#primaryimage"},"thumbnailUrl":"https:\/\/kidsplay.lt\/wp-content\/uploads\/2026\/03\/Vaikiskas-elektrinis-keturratis-Quad-JS320-Raudonas.jpg","datePublished":"2026-03-14T18:34:07+00:00","dateModified":"2026-04-10T06:55:42+00:00","description":"Vaiki\u0161kas elektrinis keturratis Quad JS320 Raudonas - KidsPlay. Did\u017eiausias vaik\u0173 \u017eaisl\u0173 pasirinkimas.","breadcrumb":{"@id":"https:\/\/kidsplay.lt\/produktas\/vaikiskas-elektrinis-keturratis-quad-js320-raudonas\/#breadcrumb"},"inLanguage":"lv-LV","potentialAction":[{"@type":"ReadAction","target":["https:\/\/kidsplay.lt\/produktas\/vaikiskas-elektrinis-keturratis-quad-js320-raudonas\/"]}]},{"@type":"ImageObject","inLanguage":"lv-LV","@id":"https:\/\/kidsplay.lt\/produktas\/vaikiskas-elektrinis-keturratis-quad-js320-raudonas\/#primaryimage","url":"https:\/\/kidsplay.lt\/wp-content\/uploads\/2026\/03\/Vaikiskas-elektrinis-keturratis-Quad-JS320-Raudonas.jpg","contentUrl":"https:\/\/kidsplay.lt\/wp-content\/uploads\/2026\/03\/Vaikiskas-elektrinis-keturratis-Quad-JS320-Raudonas.jpg","width":1000,"height":750,"caption":"Vaiki\u0161kas elektrinis keturratis Quad JS320 Raudonas"},{"@type":"BreadcrumbList","@id":"https:\/\/kidsplay.lt\/produktas\/vaikiskas-elektrinis-keturratis-quad-js320-raudonas\/#breadcrumb","itemListElement":[{"@type":"ListItem","position":1,"name":"Pagrindinis","item":"https:\/\/kidsplay.lt\/"},{"@type":"ListItem","position":2,"name":"Parduotuv\u0117","item":"https:\/\/kidsplay.lt\/parduotuve\/"},{"@type":"ListItem","position":3,"name":"Vaiki\u0161kas elektrinis keturratis Quad JS320 Raudonas"}]},{"@type":"WebSite","@id":"https:\/\/kidsplay.lt\/#website","url":"https:\/\/kidsplay.lt\/","name":"B\u0113rnu sp\u0113les.lv","description":"\u012evairios prek\u0117s vaikams","publisher":{"@id":"https:\/\/kidsplay.lt\/#organization"},"alternateName":"Kidsplay","potentialAction":[{"@type":"SearchAction","target":{"@type":"EntryPoint","urlTemplate":"https:\/\/kidsplay.lt\/?s={search_term_string}"},"query-input":{"@type":"PropertyValueSpecification","valueRequired":true,"valueName":"search_term_string"}}],"inLanguage":"lv-LV"},{"@type":"Organization","@id":"https:\/\/kidsplay.lt\/#organization","name":"B\u0113rnu sp\u0113le","url":"https:\/\/kidsplay.lt\/","logo":{"@type":"ImageObject","inLanguage":"lv-LV","@id":"https:\/\/kidsplay.lt\/#\/schema\/logo\/image\/","url":"https:\/\/kidsplay.lt\/wp-content\/uploads\/2023\/07\/kidsplay-logo.png","contentUrl":"https:\/\/kidsplay.lt\/wp-content\/uploads\/2023\/07\/kidsplay-logo.png","width":451,"height":98,"caption":"KidsPlay"},"image":{"@id":"https:\/\/kidsplay.lt\/#\/schema\/logo\/image\/"},"sameAs":["https:\/\/www.facebook.com\/www.kidsplay.lt"]}]}},"_links":{"self":[{"href":"https:\/\/kidsplay.lt\/lv\/wp-json\/wp\/v2\/product\/94399","targetHints":{"allow":["GET"]}}],"collection":[{"href":"https:\/\/kidsplay.lt\/lv\/wp-json\/wp\/v2\/product"}],"about":[{"href":"https:\/\/kidsplay.lt\/lv\/wp-json\/wp\/v2\/types\/product"}],"version-history":[{"count":1,"href":"https:\/\/kidsplay.lt\/lv\/wp-json\/wp\/v2\/product\/94399\/revisions"}],"predecessor-version":[{"id":94400,"href":"https:\/\/kidsplay.lt\/lv\/wp-json\/wp\/v2\/product\/94399\/revisions\/94400"}],"wp:featuredmedia":[{"embeddable":true,"href":"https:\/\/kidsplay.lt\/lv\/wp-json\/wp\/v2\/media\/94401"}],"wp:attachment":[{"href":"https:\/\/kidsplay.lt\/lv\/wp-json\/wp\/v2\/media?parent=94399"}],"wp:term":[{"taxonomy":"product_brand","embeddable":true,"href":"https:\/\/kidsplay.lt\/lv\/wp-json\/wp\/v2\/product_brand?post=94399"},{"taxonomy":"product_cat","embeddable":true,"href":"https:\/\/kidsplay.lt\/lv\/wp-json\/wp\/v2\/product_cat?post=94399"},{"taxonomy":"product_tag","embeddable":true,"href":"https:\/\/kidsplay.lt\/lv\/wp-json\/wp\/v2\/product_tag?post=94399"}],"curies":[{"name":"wp","href":"https:\/\/api.w.org\/{rel}","templated":true}]}}