{"id":94426,"date":"2026-03-14T20:34:33","date_gmt":"2026-03-14T18:34:33","guid":{"rendered":"https:\/\/kidsplay.lt\/produktas\/magiskas-veidrodis-su-mikrofonu-melynas-usb-sviesos-garsai\/"},"modified":"2026-04-10T09:55:50","modified_gmt":"2026-04-10T06:55:50","slug":"magiskas-veidrodis-su-mikrofonu-melynas-usb-sviesos-garsai","status":"publish","type":"product","link":"https:\/\/kidsplay.lt\/lv\/products\/magiskas-veidrodis-su-mikrofonu-melynas-usb-sviesos-garsai\/","title":{"rendered":"Magi\u0161kas veidrodis su mikrofonu, m\u0117lynas \u2013 USB, \u0161viesos, garsai"},"content":{"rendered":"<p>Magi\u0161kas veidrodis su mikrofonu \u2013 tai i\u0161skirtinis \u017eaislas kiekvienai mergaitei, svajojan\u010diai apie pasirodymus scenoje ir tikros \u017evaig\u017ed\u0117s akimirkas. Tai nuostabus karaok\u0117s mikrofono ir pasaki\u0161ko veidrod\u017eio derinys, \u017eavintis tiek i\u0161vaizda, tiek funkcijomis.<\/p>\n<p>Karaok\u0117 ne tik suteikia daug d\u017eiaugsmo, bet ir lavina muzikinius geb\u0117jimus, ritmo poj\u016bt\u012f, k\u016brybi\u0161kum\u0105 bei dr\u0105s\u0105 pasirodyti prie\u0161 kitus. Dainuodamas vaikas mokosi reik\u0161ti emocijas, jud\u0117ti pagal muzik\u0105, lavina koordinacij\u0105 ir muzikin\u0119 atmint\u012f.<\/p>\n<p>Visas rinkinys yra ry\u0161kiai \u017eydros spalvos, dekoruotas kaspin\u0117liais, blizgu\u010diais ir veidrod\u017eio pavir\u0161iumi, kuris \u012fjungus \u017eaisl\u0105 magi\u0161kai atspindi mergait\u0117s fig\u016br\u0105. Mikrofonas \u0161vie\u010dia spalvotomis lemput\u0117mis, suteikdamas pasirodymui dar daugiau \u017eavesio.<\/p>\n<p>\u017daislas turi tris garso mygtukus, kurie \u012fjungia muzik\u0105 ir ritmus. Mikrofon\u0105 galima prijungti prie i\u0161orinio garso \u0161altinio (telefono, iPod, MP3 grotuvo), tod\u0117l galima dainuoti m\u0117gstamas dainas. Tai puikus fonas tiek solo, tiek grupiniams pasirodymams.<\/p>\n<p>\u017daislas pagamintas i\u0161 saugi\u0173, tvirt\u0173 med\u017eiag\u0173 ir puikiai tinka dovanai gimtadienio, \u0161ven\u010di\u0173 ar bet kuria kita proga.<\/p>\n<p>\ud83c\udf1f Funkcijos<\/p>\n<p> \tkaraoke re\u017eimas<br \/>\n \tUSB \/ MP3 prijungimas<br \/>\n \t\u0161viesos efektai<br \/>\n \tgarso efektai<\/p>\n<p>\ud83d\udccf Izm\u0113ri<\/p>\n<p> \tMikrofonas: 7 \u00d7 7 \u00d7 20 cm<br \/>\n \tPakuot\u0117: 12,5 \u00d7 6,5 \u00d7 26 cm<\/p>\n<p>\ud83d\udd0b Baro\u0161anas avots<\/p>\n<p> \t3 \u00d7 AAA 1,5 V baterijos (nepridedamos)<\/p>\n<p>\ud83e\udde9 Med\u017eiaga<\/p>\n<p> \tplastikas<\/p>\n<p>\ud83d\udce6 Rinkinio sud\u0117tis<\/p>\n<p> \tmagi\u0161kas veidrodis su mikrofonu<br \/>\n \tspalvinga dovan\u0173 d\u0117\u017eut\u0117<\/p>","protected":false},"excerpt":{"rendered":"<p>Magi\u0161kas veidrodis su mikrofonu \u2013 tai i\u0161skirtinis \u017eaislas kiekvienai mergaitei, svajojan\u010diai apie pasirodymus scenoje ir tikros \u017evaig\u017ed\u0117s akimirkas. Tai nuostabus<\/p>","protected":false},"featured_media":94428,"template":"","meta":{"_acf_changed":false,"_glsr_average":0,"_glsr_ranking":0,"_glsr_reviews":0},"product_brand":[],"product_cat":[388,229],"product_tag":[],"class_list":{"0":"post-94426","1":"product","2":"type-product","3":"status-publish","4":"has-post-thumbnail","6":"product_cat-edukaciniai-lavinamieji-zaislai","7":"product_cat-zaislai-vaikams","8":"\"style=\"background-color: #2ecc711c;\"","10":"first","11":"instock","12":"purchasable","13":"product-type-simple"},"acf":[],"yoast_head":"<!-- This site is optimized with the Yoast SEO plugin v27.3 - https:\/\/yoast.com\/product\/yoast-seo-wordpress\/ -->\n<title>Magi\u0161kas veidrodis su mikrofonu, m\u0117lynas \u2013 USB, \u0161viesos, garsai<\/title>\n<meta name=\"description\" content=\"Magi\u0161kas veidrodis su mikrofonu, m\u0117lynas \u2013 USB, \u0161viesos, garsai - KidsPlay. Did\u017eiausias vaik\u0173 \u017eaisl\u0173 pasirinkimas.\" \/>\n<meta name=\"robots\" content=\"index, follow, max-snippet:-1, max-image-preview:large, max-video-preview:-1\" \/>\n<link rel=\"canonical\" href=\"https:\/\/kidsplay.lt\/lv\/products\/magiskas-veidrodis-su-mikrofonu-melynas-usb-sviesos-garsai\/\" \/>\n<meta property=\"og:locale\" content=\"lv_LV\" \/>\n<meta property=\"og:type\" content=\"article\" \/>\n<meta property=\"og:title\" content=\"Magi\u0161kas veidrodis su mikrofonu, m\u0117lynas \u2013 USB, \u0161viesos, garsai\" \/>\n<meta property=\"og:description\" content=\"Magi\u0161kas veidrodis su mikrofonu, m\u0117lynas \u2013 USB, \u0161viesos, garsai - KidsPlay. Did\u017eiausias vaik\u0173 \u017eaisl\u0173 pasirinkimas.\" \/>\n<meta property=\"og:url\" content=\"https:\/\/kidsplay.lt\/lv\/products\/magiskas-veidrodis-su-mikrofonu-melynas-usb-sviesos-garsai\/\" \/>\n<meta property=\"og:site_name\" content=\"KidsPlay\" \/>\n<meta property=\"article:publisher\" content=\"https:\/\/www.facebook.com\/www.kidsplay.lt\" \/>\n<meta property=\"article:modified_time\" content=\"2026-04-10T06:55:50+00:00\" \/>\n<meta property=\"og:image\" content=\"https:\/\/kidsplay.lt\/wp-content\/uploads\/2026\/03\/Magiskas-veidrodis-su-mikrofonu-melynas-\u2013-USB-sviesos-garsai.jpg\" \/>\n\t<meta property=\"og:image:width\" content=\"1000\" \/>\n\t<meta property=\"og:image:height\" content=\"1000\" \/>\n\t<meta property=\"og:image:type\" content=\"image\/jpeg\" \/>\n<meta name=\"twitter:card\" content=\"summary_large_image\" \/>\n<meta name=\"twitter:label1\" content=\"Est. reading time\" \/>\n\t<meta name=\"twitter:data1\" content=\"1 min\u016bte\" \/>\n<script type=\"application\/ld+json\" class=\"yoast-schema-graph\">{\"@context\":\"https:\\\/\\\/schema.org\",\"@graph\":[{\"@type\":\"WebPage\",\"@id\":\"https:\\\/\\\/kidsplay.lt\\\/produktas\\\/magiskas-veidrodis-su-mikrofonu-melynas-usb-sviesos-garsai\\\/\",\"url\":\"https:\\\/\\\/kidsplay.lt\\\/produktas\\\/magiskas-veidrodis-su-mikrofonu-melynas-usb-sviesos-garsai\\\/\",\"name\":\"Magi\u0161kas veidrodis su mikrofonu, m\u0117lynas \u2013 USB, \u0161viesos, garsai\",\"isPartOf\":{\"@id\":\"https:\\\/\\\/kidsplay.lt\\\/#website\"},\"primaryImageOfPage\":{\"@id\":\"https:\\\/\\\/kidsplay.lt\\\/produktas\\\/magiskas-veidrodis-su-mikrofonu-melynas-usb-sviesos-garsai\\\/#primaryimage\"},\"image\":{\"@id\":\"https:\\\/\\\/kidsplay.lt\\\/produktas\\\/magiskas-veidrodis-su-mikrofonu-melynas-usb-sviesos-garsai\\\/#primaryimage\"},\"thumbnailUrl\":\"https:\\\/\\\/kidsplay.lt\\\/wp-content\\\/uploads\\\/2026\\\/03\\\/Magiskas-veidrodis-su-mikrofonu-melynas-\u2013-USB-sviesos-garsai.jpg\",\"datePublished\":\"2026-03-14T18:34:33+00:00\",\"dateModified\":\"2026-04-10T06:55:50+00:00\",\"description\":\"Magi\u0161kas veidrodis su mikrofonu, m\u0117lynas \u2013 USB, \u0161viesos, garsai - KidsPlay. Did\u017eiausias vaik\u0173 \u017eaisl\u0173 pasirinkimas.\",\"breadcrumb\":{\"@id\":\"https:\\\/\\\/kidsplay.lt\\\/produktas\\\/magiskas-veidrodis-su-mikrofonu-melynas-usb-sviesos-garsai\\\/#breadcrumb\"},\"inLanguage\":\"lv-LV\",\"potentialAction\":[{\"@type\":\"ReadAction\",\"target\":[\"https:\\\/\\\/kidsplay.lt\\\/produktas\\\/magiskas-veidrodis-su-mikrofonu-melynas-usb-sviesos-garsai\\\/\"]}]},{\"@type\":\"ImageObject\",\"inLanguage\":\"lv-LV\",\"@id\":\"https:\\\/\\\/kidsplay.lt\\\/produktas\\\/magiskas-veidrodis-su-mikrofonu-melynas-usb-sviesos-garsai\\\/#primaryimage\",\"url\":\"https:\\\/\\\/kidsplay.lt\\\/wp-content\\\/uploads\\\/2026\\\/03\\\/Magiskas-veidrodis-su-mikrofonu-melynas-\u2013-USB-sviesos-garsai.jpg\",\"contentUrl\":\"https:\\\/\\\/kidsplay.lt\\\/wp-content\\\/uploads\\\/2026\\\/03\\\/Magiskas-veidrodis-su-mikrofonu-melynas-\u2013-USB-sviesos-garsai.jpg\",\"width\":1000,\"height\":1000,\"caption\":\"Magi\u0161kas veidrodis su mikrofonu\"},{\"@type\":\"BreadcrumbList\",\"@id\":\"https:\\\/\\\/kidsplay.lt\\\/produktas\\\/magiskas-veidrodis-su-mikrofonu-melynas-usb-sviesos-garsai\\\/#breadcrumb\",\"itemListElement\":[{\"@type\":\"ListItem\",\"position\":1,\"name\":\"Pagrindinis\",\"item\":\"https:\\\/\\\/kidsplay.lt\\\/\"},{\"@type\":\"ListItem\",\"position\":2,\"name\":\"Parduotuv\u0117\",\"item\":\"https:\\\/\\\/kidsplay.lt\\\/parduotuve\\\/\"},{\"@type\":\"ListItem\",\"position\":3,\"name\":\"Magi\u0161kas veidrodis su mikrofonu, m\u0117lynas \u2013 USB, \u0161viesos, garsai\"}]},{\"@type\":\"WebSite\",\"@id\":\"https:\\\/\\\/kidsplay.lt\\\/#website\",\"url\":\"https:\\\/\\\/kidsplay.lt\\\/\",\"name\":\"Kidsplay.lt\",\"description\":\"\u012evairios prek\u0117s vaikams\",\"publisher\":{\"@id\":\"https:\\\/\\\/kidsplay.lt\\\/#organization\"},\"alternateName\":\"Kidsplay\",\"potentialAction\":[{\"@type\":\"SearchAction\",\"target\":{\"@type\":\"EntryPoint\",\"urlTemplate\":\"https:\\\/\\\/kidsplay.lt\\\/?s={search_term_string}\"},\"query-input\":{\"@type\":\"PropertyValueSpecification\",\"valueRequired\":true,\"valueName\":\"search_term_string\"}}],\"inLanguage\":\"lv-LV\"},{\"@type\":\"Organization\",\"@id\":\"https:\\\/\\\/kidsplay.lt\\\/#organization\",\"name\":\"KidsPlay\",\"url\":\"https:\\\/\\\/kidsplay.lt\\\/\",\"logo\":{\"@type\":\"ImageObject\",\"inLanguage\":\"lv-LV\",\"@id\":\"https:\\\/\\\/kidsplay.lt\\\/#\\\/schema\\\/logo\\\/image\\\/\",\"url\":\"https:\\\/\\\/kidsplay.lt\\\/wp-content\\\/uploads\\\/2023\\\/07\\\/kidsplay-logo.png\",\"contentUrl\":\"https:\\\/\\\/kidsplay.lt\\\/wp-content\\\/uploads\\\/2023\\\/07\\\/kidsplay-logo.png\",\"width\":451,\"height\":98,\"caption\":\"KidsPlay\"},\"image\":{\"@id\":\"https:\\\/\\\/kidsplay.lt\\\/#\\\/schema\\\/logo\\\/image\\\/\"},\"sameAs\":[\"https:\\\/\\\/www.facebook.com\\\/www.kidsplay.lt\"]}]}<\/script>\n<!-- \/ Yoast SEO plugin. -->","yoast_head_json":{"title":"Magi\u0161kas veidrodis su mikrofonu, m\u0117lynas \u2013 USB, \u0161viesos, garsai","description":"Magi\u0161kas veidrodis su mikrofonu, m\u0117lynas \u2013 USB, \u0161viesos, garsai - KidsPlay. Did\u017eiausias vaik\u0173 \u017eaisl\u0173 pasirinkimas.","robots":{"index":"index","follow":"follow","max-snippet":"max-snippet:-1","max-image-preview":"max-image-preview:large","max-video-preview":"max-video-preview:-1"},"canonical":"https:\/\/kidsplay.lt\/lv\/products\/magiskas-veidrodis-su-mikrofonu-melynas-usb-sviesos-garsai\/","og_locale":"lv_LV","og_type":"article","og_title":"Magi\u0161kas veidrodis su mikrofonu, m\u0117lynas \u2013 USB, \u0161viesos, garsai","og_description":"Magi\u0161kas veidrodis su mikrofonu, m\u0117lynas \u2013 USB, \u0161viesos, garsai - KidsPlay. Did\u017eiausias vaik\u0173 \u017eaisl\u0173 pasirinkimas.","og_url":"https:\/\/kidsplay.lt\/lv\/products\/magiskas-veidrodis-su-mikrofonu-melynas-usb-sviesos-garsai\/","og_site_name":"KidsPlay","article_publisher":"https:\/\/www.facebook.com\/www.kidsplay.lt","article_modified_time":"2026-04-10T06:55:50+00:00","og_image":[{"width":1000,"height":1000,"url":"https:\/\/kidsplay.lt\/wp-content\/uploads\/2026\/03\/Magiskas-veidrodis-su-mikrofonu-melynas-\u2013-USB-sviesos-garsai.jpg","type":"image\/jpeg"}],"twitter_card":"summary_large_image","twitter_misc":{"Est. reading time":"1 min\u016bte"},"schema":{"@context":"https:\/\/schema.org","@graph":[{"@type":"WebPage","@id":"https:\/\/kidsplay.lt\/produktas\/magiskas-veidrodis-su-mikrofonu-melynas-usb-sviesos-garsai\/","url":"https:\/\/kidsplay.lt\/produktas\/magiskas-veidrodis-su-mikrofonu-melynas-usb-sviesos-garsai\/","name":"Magi\u0161kas veidrodis su mikrofonu, m\u0117lynas \u2013 USB, \u0161viesos, garsai","isPartOf":{"@id":"https:\/\/kidsplay.lt\/#website"},"primaryImageOfPage":{"@id":"https:\/\/kidsplay.lt\/produktas\/magiskas-veidrodis-su-mikrofonu-melynas-usb-sviesos-garsai\/#primaryimage"},"image":{"@id":"https:\/\/kidsplay.lt\/produktas\/magiskas-veidrodis-su-mikrofonu-melynas-usb-sviesos-garsai\/#primaryimage"},"thumbnailUrl":"https:\/\/kidsplay.lt\/wp-content\/uploads\/2026\/03\/Magiskas-veidrodis-su-mikrofonu-melynas-\u2013-USB-sviesos-garsai.jpg","datePublished":"2026-03-14T18:34:33+00:00","dateModified":"2026-04-10T06:55:50+00:00","description":"Magi\u0161kas veidrodis su mikrofonu, m\u0117lynas \u2013 USB, \u0161viesos, garsai - KidsPlay. Did\u017eiausias vaik\u0173 \u017eaisl\u0173 pasirinkimas.","breadcrumb":{"@id":"https:\/\/kidsplay.lt\/produktas\/magiskas-veidrodis-su-mikrofonu-melynas-usb-sviesos-garsai\/#breadcrumb"},"inLanguage":"lv-LV","potentialAction":[{"@type":"ReadAction","target":["https:\/\/kidsplay.lt\/produktas\/magiskas-veidrodis-su-mikrofonu-melynas-usb-sviesos-garsai\/"]}]},{"@type":"ImageObject","inLanguage":"lv-LV","@id":"https:\/\/kidsplay.lt\/produktas\/magiskas-veidrodis-su-mikrofonu-melynas-usb-sviesos-garsai\/#primaryimage","url":"https:\/\/kidsplay.lt\/wp-content\/uploads\/2026\/03\/Magiskas-veidrodis-su-mikrofonu-melynas-\u2013-USB-sviesos-garsai.jpg","contentUrl":"https:\/\/kidsplay.lt\/wp-content\/uploads\/2026\/03\/Magiskas-veidrodis-su-mikrofonu-melynas-\u2013-USB-sviesos-garsai.jpg","width":1000,"height":1000,"caption":"Magi\u0161kas veidrodis su mikrofonu"},{"@type":"BreadcrumbList","@id":"https:\/\/kidsplay.lt\/produktas\/magiskas-veidrodis-su-mikrofonu-melynas-usb-sviesos-garsai\/#breadcrumb","itemListElement":[{"@type":"ListItem","position":1,"name":"Pagrindinis","item":"https:\/\/kidsplay.lt\/"},{"@type":"ListItem","position":2,"name":"Parduotuv\u0117","item":"https:\/\/kidsplay.lt\/parduotuve\/"},{"@type":"ListItem","position":3,"name":"Magi\u0161kas veidrodis su mikrofonu, m\u0117lynas \u2013 USB, \u0161viesos, garsai"}]},{"@type":"WebSite","@id":"https:\/\/kidsplay.lt\/#website","url":"https:\/\/kidsplay.lt\/","name":"B\u0113rnu sp\u0113les.lv","description":"\u012evairios prek\u0117s vaikams","publisher":{"@id":"https:\/\/kidsplay.lt\/#organization"},"alternateName":"Kidsplay","potentialAction":[{"@type":"SearchAction","target":{"@type":"EntryPoint","urlTemplate":"https:\/\/kidsplay.lt\/?s={search_term_string}"},"query-input":{"@type":"PropertyValueSpecification","valueRequired":true,"valueName":"search_term_string"}}],"inLanguage":"lv-LV"},{"@type":"Organization","@id":"https:\/\/kidsplay.lt\/#organization","name":"B\u0113rnu sp\u0113le","url":"https:\/\/kidsplay.lt\/","logo":{"@type":"ImageObject","inLanguage":"lv-LV","@id":"https:\/\/kidsplay.lt\/#\/schema\/logo\/image\/","url":"https:\/\/kidsplay.lt\/wp-content\/uploads\/2023\/07\/kidsplay-logo.png","contentUrl":"https:\/\/kidsplay.lt\/wp-content\/uploads\/2023\/07\/kidsplay-logo.png","width":451,"height":98,"caption":"KidsPlay"},"image":{"@id":"https:\/\/kidsplay.lt\/#\/schema\/logo\/image\/"},"sameAs":["https:\/\/www.facebook.com\/www.kidsplay.lt"]}]}},"_links":{"self":[{"href":"https:\/\/kidsplay.lt\/lv\/wp-json\/wp\/v2\/product\/94426","targetHints":{"allow":["GET"]}}],"collection":[{"href":"https:\/\/kidsplay.lt\/lv\/wp-json\/wp\/v2\/product"}],"about":[{"href":"https:\/\/kidsplay.lt\/lv\/wp-json\/wp\/v2\/types\/product"}],"version-history":[{"count":1,"href":"https:\/\/kidsplay.lt\/lv\/wp-json\/wp\/v2\/product\/94426\/revisions"}],"predecessor-version":[{"id":94427,"href":"https:\/\/kidsplay.lt\/lv\/wp-json\/wp\/v2\/product\/94426\/revisions\/94427"}],"wp:featuredmedia":[{"embeddable":true,"href":"https:\/\/kidsplay.lt\/lv\/wp-json\/wp\/v2\/media\/94428"}],"wp:attachment":[{"href":"https:\/\/kidsplay.lt\/lv\/wp-json\/wp\/v2\/media?parent=94426"}],"wp:term":[{"taxonomy":"product_brand","embeddable":true,"href":"https:\/\/kidsplay.lt\/lv\/wp-json\/wp\/v2\/product_brand?post=94426"},{"taxonomy":"product_cat","embeddable":true,"href":"https:\/\/kidsplay.lt\/lv\/wp-json\/wp\/v2\/product_cat?post=94426"},{"taxonomy":"product_tag","embeddable":true,"href":"https:\/\/kidsplay.lt\/lv\/wp-json\/wp\/v2\/product_tag?post=94426"}],"curies":[{"name":"wp","href":"https:\/\/api.w.org\/{rel}","templated":true}]}}