{"id":94445,"date":"2026-03-14T20:34:57","date_gmt":"2026-03-14T18:34:57","guid":{"rendered":"https:\/\/kidsplay.lt\/produktas\/2in1-leliu-vezimelis-su-juodu-ir-roziniu-krepsiu\/"},"modified":"2026-04-15T15:25:26","modified_gmt":"2026-04-15T12:25:26","slug":"2in1-leliu-vezimelis-su-juodu-ir-roziniu-krepsiu","status":"publish","type":"product","link":"https:\/\/kidsplay.lt\/lv\/products\/2in1-leliu-vezimelis-su-juodu-ir-roziniu-krepsiu\/","title":{"rendered":"2in1 le\u013c\u013cu rati\u0146i ar melnu un roz\u0101 grozu"},"content":{"rendered":"<p>\u0160is \u201eAlice\u201c 2in1 l\u0117li\u0173 ve\u017eim\u0117lis yra puiki dovana mergaitei, m\u0117gstan\u010diai r\u016bpintis savo l\u0117l\u0117mis. Jis leid\u017eia vaikui pasijusti tikra mamyte, lavina empatij\u0105, atsakomyb\u0119 ir socialinius \u012fg\u016bd\u017eius. Ve\u017eim\u0117lis atrodo kaip tikras, tod\u0117l \u017eaidimas tampa dar \u012fdomesnis ir realisti\u0161kesnis.<\/p>\n<p>Ve\u017eim\u0117lis yra juodos spalvos su ry\u0161kiais ro\u017einiais ta\u0161keliais, o tvirta konstrukcija pagaminta i\u0161 sidabro spalvos aliuminio vamzdeli\u0173 su juodais plastikiniais sujungimais. Keturi siauri ratukai u\u017etikrina lengv\u0105 manevravim\u0105, o auk\u0161tos kokyb\u0117s plastikas suteikia patogumo ir ilgaam\u017ei\u0161kumo.<\/p>\n<p>Ve\u017eim\u0117lyje telpa ma\u017edaug 40 cm dyd\u017eio l\u0117l\u0117, o papildomi priedai \u2013 krep\u0161ys su lipdukais ir krep\u0161elis po ve\u017eim\u0117liu \u2013 leid\u017eia vaikui pasiimti visus reikalingus daiktus: buteliuk\u0105, drabu\u017e\u0117lius ar \u017eaisliukus. Gondol\u0105 galima naudoti ir kaip ne\u0161yn\u0119, nes ji turi patogi\u0105 ranken\u0105.<\/p>\n<p>Did\u017eiausias \u0161io modelio privalumas \u2013 2in1 funkcija. Ve\u017eim\u0117l\u012f galima naudoti kaip klasikin\u012f ve\u017eim\u0117l\u012f arba kaip sportinuk\u0105. Komplekte yra instrukcija, kaip pakeisti ve\u017eim\u0117lio konfig\u016bracij\u0105.<\/p>\n<p>\ud83c\udf1f Rinkinio sud\u0117tis<\/p>\n<p> \tve\u017eim\u0117lis<br \/>\n \tgondola<br \/>\n \t\u010diu\u017einukas<br \/>\n \tkrep\u0161ys su lipdukais<br \/>\n \tlieto\u0161anas instrukcija<\/p>\n<p>\ud83d\udccf Izm\u0113ri<\/p>\n<p> \tVe\u017eim\u0117lis: 44 \u00d7 33 \u00d7 67 cm<br \/>\n \tAuk\u0161tis iki gondolos: 30 cm<br \/>\n \tRankenos auk\u0161tis: 67 cm<br \/>\n \tRatai: 15 cm<br \/>\n \tRat\u0173 baz\u0117: 27 cm<br \/>\n \tGondola: 48 \u00d7 21 \u00d7 35 cm<br \/>\n \tGondolos vidus: 45 \u00d7 20 \u00d7 11 cm<br \/>\n \tKrep\u0161ys: 23 \u00d7 18 \u00d7 11 cm<br \/>\n \tSportinukas: auk\u0161tis 34 cm, plotis 17 cm, gylis 11 cm<br \/>\n \tPakuot\u0117: 54,5 \u00d7 34 \u00d7 18 cm<\/p>\n<p>\ud83d\udee1\ufe0f Dro\u0161\u012bba un kvalit\u0101te<\/p>\n<p> \tparedz\u0113ts b\u0113rniem no 3 gadu vecuma<br \/>\n \tpagaminta i\u0161 auk\u0161tos kokyb\u0117s, sertifikuot\u0173 med\u017eiag\u0173<br \/>\n \tir CE sertifik\u0101ts<br \/>\n \tatbilst rota\u013clietu dro\u0161\u012bbas standartam EN 71<br \/>\n \tsupakuota \u012f originali\u0105 kartonin\u0119 d\u0117\u017e\u0119 \u2013 puiki dovana ma\u017eajai l\u0117li\u0173 mamytei<\/p>","protected":false},"excerpt":{"rendered":"<p>\u0160is \u201eAlice\u201c 2in1 l\u0117li\u0173 ve\u017eim\u0117lis yra puiki dovana mergaitei, m\u0117gstan\u010diai r\u016bpintis savo l\u0117l\u0117mis. Jis leid\u017eia vaikui pasijusti tikra mamyte, lavina<\/p>","protected":false},"featured_media":94447,"template":"","meta":{"_acf_changed":false,"_glsr_average":0,"_glsr_ranking":0,"_glsr_reviews":0},"product_brand":[],"product_cat":[443,229],"product_tag":[],"class_list":{"0":"post-94445","1":"product","2":"type-product","3":"status-publish","4":"has-post-thumbnail","6":"product_cat-leles-ir-priedai","7":"product_cat-zaislai-vaikams","8":"\"style=\"background-color: #2ecc711c;\"","10":"first","11":"instock","12":"purchasable","13":"product-type-simple"},"acf":[],"yoast_head":"<!-- This site is optimized with the Yoast SEO plugin v27.4 - https:\/\/yoast.com\/product\/yoast-seo-wordpress\/ -->\n<title>2in1 l\u0117li\u0173 ve\u017eim\u0117lis su juodu ir ro\u017einiu krep\u0161iu<\/title>\n<meta name=\"description\" content=\"2in1 l\u0117li\u0173 ve\u017eim\u0117lis su juodu ir ro\u017einiu krep\u0161iu - KidsPlay. Did\u017eiausias vaik\u0173 \u017eaisl\u0173 pasirinkimas.\" \/>\n<meta name=\"robots\" content=\"index, follow, max-snippet:-1, max-image-preview:large, max-video-preview:-1\" \/>\n<link rel=\"canonical\" href=\"https:\/\/kidsplay.lt\/lv\/products\/2in1-leliu-vezimelis-su-juodu-ir-roziniu-krepsiu\/\" \/>\n<meta property=\"og:locale\" content=\"lv_LV\" \/>\n<meta property=\"og:type\" content=\"article\" \/>\n<meta property=\"og:title\" content=\"2in1 l\u0117li\u0173 ve\u017eim\u0117lis su juodu ir ro\u017einiu krep\u0161iu\" \/>\n<meta property=\"og:description\" content=\"2in1 l\u0117li\u0173 ve\u017eim\u0117lis su juodu ir ro\u017einiu krep\u0161iu - KidsPlay. Did\u017eiausias vaik\u0173 \u017eaisl\u0173 pasirinkimas.\" \/>\n<meta property=\"og:url\" content=\"https:\/\/kidsplay.lt\/lv\/products\/2in1-leliu-vezimelis-su-juodu-ir-roziniu-krepsiu\/\" \/>\n<meta property=\"og:site_name\" content=\"KidsPlay\" \/>\n<meta property=\"article:publisher\" content=\"https:\/\/www.facebook.com\/www.kidsplay.lt\" \/>\n<meta property=\"article:modified_time\" content=\"2026-04-15T12:25:26+00:00\" \/>\n<meta property=\"og:image\" content=\"https:\/\/kidsplay.lt\/wp-content\/uploads\/2026\/03\/2in1-leliu-vezimelis-su-juodu-ir-roziniu-krepsiu.jpg\" \/>\n\t<meta property=\"og:image:width\" content=\"1000\" \/>\n\t<meta property=\"og:image:height\" content=\"1000\" \/>\n\t<meta property=\"og:image:type\" content=\"image\/jpeg\" \/>\n<meta name=\"twitter:card\" content=\"summary_large_image\" \/>\n<meta name=\"twitter:label1\" content=\"Est. reading time\" \/>\n\t<meta name=\"twitter:data1\" content=\"1 min\u016bte\" \/>\n<script type=\"application\/ld+json\" class=\"yoast-schema-graph\">{\"@context\":\"https:\\\/\\\/schema.org\",\"@graph\":[{\"@type\":\"WebPage\",\"@id\":\"https:\\\/\\\/kidsplay.lt\\\/produktas\\\/2in1-leliu-vezimelis-su-juodu-ir-roziniu-krepsiu\\\/\",\"url\":\"https:\\\/\\\/kidsplay.lt\\\/produktas\\\/2in1-leliu-vezimelis-su-juodu-ir-roziniu-krepsiu\\\/\",\"name\":\"2in1 l\u0117li\u0173 ve\u017eim\u0117lis su juodu ir ro\u017einiu krep\u0161iu\",\"isPartOf\":{\"@id\":\"https:\\\/\\\/kidsplay.lt\\\/#website\"},\"primaryImageOfPage\":{\"@id\":\"https:\\\/\\\/kidsplay.lt\\\/produktas\\\/2in1-leliu-vezimelis-su-juodu-ir-roziniu-krepsiu\\\/#primaryimage\"},\"image\":{\"@id\":\"https:\\\/\\\/kidsplay.lt\\\/produktas\\\/2in1-leliu-vezimelis-su-juodu-ir-roziniu-krepsiu\\\/#primaryimage\"},\"thumbnailUrl\":\"https:\\\/\\\/kidsplay.lt\\\/wp-content\\\/uploads\\\/2026\\\/03\\\/2in1-leliu-vezimelis-su-juodu-ir-roziniu-krepsiu.jpg\",\"datePublished\":\"2026-03-14T18:34:57+00:00\",\"dateModified\":\"2026-04-15T12:25:26+00:00\",\"description\":\"2in1 l\u0117li\u0173 ve\u017eim\u0117lis su juodu ir ro\u017einiu krep\u0161iu - KidsPlay. Did\u017eiausias vaik\u0173 \u017eaisl\u0173 pasirinkimas.\",\"breadcrumb\":{\"@id\":\"https:\\\/\\\/kidsplay.lt\\\/produktas\\\/2in1-leliu-vezimelis-su-juodu-ir-roziniu-krepsiu\\\/#breadcrumb\"},\"inLanguage\":\"lv-LV\",\"potentialAction\":[{\"@type\":\"ReadAction\",\"target\":[\"https:\\\/\\\/kidsplay.lt\\\/produktas\\\/2in1-leliu-vezimelis-su-juodu-ir-roziniu-krepsiu\\\/\"]}]},{\"@type\":\"ImageObject\",\"inLanguage\":\"lv-LV\",\"@id\":\"https:\\\/\\\/kidsplay.lt\\\/produktas\\\/2in1-leliu-vezimelis-su-juodu-ir-roziniu-krepsiu\\\/#primaryimage\",\"url\":\"https:\\\/\\\/kidsplay.lt\\\/wp-content\\\/uploads\\\/2026\\\/03\\\/2in1-leliu-vezimelis-su-juodu-ir-roziniu-krepsiu.jpg\",\"contentUrl\":\"https:\\\/\\\/kidsplay.lt\\\/wp-content\\\/uploads\\\/2026\\\/03\\\/2in1-leliu-vezimelis-su-juodu-ir-roziniu-krepsiu.jpg\",\"width\":1000,\"height\":1000,\"caption\":\"2in1 l\u0117li\u0173 ve\u017eim\u0117lis su juodu ir ro\u017einiu krep\u0161iu\"},{\"@type\":\"BreadcrumbList\",\"@id\":\"https:\\\/\\\/kidsplay.lt\\\/produktas\\\/2in1-leliu-vezimelis-su-juodu-ir-roziniu-krepsiu\\\/#breadcrumb\",\"itemListElement\":[{\"@type\":\"ListItem\",\"position\":1,\"name\":\"Pagrindinis\",\"item\":\"https:\\\/\\\/kidsplay.lt\\\/\"},{\"@type\":\"ListItem\",\"position\":2,\"name\":\"Parduotuv\u0117\",\"item\":\"https:\\\/\\\/kidsplay.lt\\\/parduotuve\\\/\"},{\"@type\":\"ListItem\",\"position\":3,\"name\":\"2in1 l\u0117li\u0173 ve\u017eim\u0117lis su juodu ir ro\u017einiu krep\u0161iu\"}]},{\"@type\":\"WebSite\",\"@id\":\"https:\\\/\\\/kidsplay.lt\\\/#website\",\"url\":\"https:\\\/\\\/kidsplay.lt\\\/\",\"name\":\"Kidsplay.lt\",\"description\":\"\u012evairios prek\u0117s vaikams\",\"publisher\":{\"@id\":\"https:\\\/\\\/kidsplay.lt\\\/#organization\"},\"alternateName\":\"Kidsplay\",\"potentialAction\":[{\"@type\":\"SearchAction\",\"target\":{\"@type\":\"EntryPoint\",\"urlTemplate\":\"https:\\\/\\\/kidsplay.lt\\\/?s={search_term_string}\"},\"query-input\":{\"@type\":\"PropertyValueSpecification\",\"valueRequired\":true,\"valueName\":\"search_term_string\"}}],\"inLanguage\":\"lv-LV\"},{\"@type\":\"Organization\",\"@id\":\"https:\\\/\\\/kidsplay.lt\\\/#organization\",\"name\":\"KidsPlay\",\"url\":\"https:\\\/\\\/kidsplay.lt\\\/\",\"logo\":{\"@type\":\"ImageObject\",\"inLanguage\":\"lv-LV\",\"@id\":\"https:\\\/\\\/kidsplay.lt\\\/#\\\/schema\\\/logo\\\/image\\\/\",\"url\":\"https:\\\/\\\/kidsplay.lt\\\/wp-content\\\/uploads\\\/2023\\\/07\\\/kidsplay-logo.png\",\"contentUrl\":\"https:\\\/\\\/kidsplay.lt\\\/wp-content\\\/uploads\\\/2023\\\/07\\\/kidsplay-logo.png\",\"width\":451,\"height\":98,\"caption\":\"KidsPlay\"},\"image\":{\"@id\":\"https:\\\/\\\/kidsplay.lt\\\/#\\\/schema\\\/logo\\\/image\\\/\"},\"sameAs\":[\"https:\\\/\\\/www.facebook.com\\\/www.kidsplay.lt\"]}]}<\/script>\n<!-- \/ Yoast SEO plugin. -->","yoast_head_json":{"title":"2in1 le\u013c\u013cu rati\u0146i ar melnu un roz\u0101 grozu","description":"2in1 l\u0117li\u0173 ve\u017eim\u0117lis su juodu ir ro\u017einiu krep\u0161iu - KidsPlay. Did\u017eiausias vaik\u0173 \u017eaisl\u0173 pasirinkimas.","robots":{"index":"index","follow":"follow","max-snippet":"max-snippet:-1","max-image-preview":"max-image-preview:large","max-video-preview":"max-video-preview:-1"},"canonical":"https:\/\/kidsplay.lt\/lv\/products\/2in1-leliu-vezimelis-su-juodu-ir-roziniu-krepsiu\/","og_locale":"lv_LV","og_type":"article","og_title":"2in1 l\u0117li\u0173 ve\u017eim\u0117lis su juodu ir ro\u017einiu krep\u0161iu","og_description":"2in1 l\u0117li\u0173 ve\u017eim\u0117lis su juodu ir ro\u017einiu krep\u0161iu - KidsPlay. Did\u017eiausias vaik\u0173 \u017eaisl\u0173 pasirinkimas.","og_url":"https:\/\/kidsplay.lt\/lv\/products\/2in1-leliu-vezimelis-su-juodu-ir-roziniu-krepsiu\/","og_site_name":"KidsPlay","article_publisher":"https:\/\/www.facebook.com\/www.kidsplay.lt","article_modified_time":"2026-04-15T12:25:26+00:00","og_image":[{"width":1000,"height":1000,"url":"https:\/\/kidsplay.lt\/wp-content\/uploads\/2026\/03\/2in1-leliu-vezimelis-su-juodu-ir-roziniu-krepsiu.jpg","type":"image\/jpeg"}],"twitter_card":"summary_large_image","twitter_misc":{"Est. reading time":"1 min\u016bte"},"schema":{"@context":"https:\/\/schema.org","@graph":[{"@type":"WebPage","@id":"https:\/\/kidsplay.lt\/produktas\/2in1-leliu-vezimelis-su-juodu-ir-roziniu-krepsiu\/","url":"https:\/\/kidsplay.lt\/produktas\/2in1-leliu-vezimelis-su-juodu-ir-roziniu-krepsiu\/","name":"2in1 le\u013c\u013cu rati\u0146i ar melnu un roz\u0101 grozu","isPartOf":{"@id":"https:\/\/kidsplay.lt\/#website"},"primaryImageOfPage":{"@id":"https:\/\/kidsplay.lt\/produktas\/2in1-leliu-vezimelis-su-juodu-ir-roziniu-krepsiu\/#primaryimage"},"image":{"@id":"https:\/\/kidsplay.lt\/produktas\/2in1-leliu-vezimelis-su-juodu-ir-roziniu-krepsiu\/#primaryimage"},"thumbnailUrl":"https:\/\/kidsplay.lt\/wp-content\/uploads\/2026\/03\/2in1-leliu-vezimelis-su-juodu-ir-roziniu-krepsiu.jpg","datePublished":"2026-03-14T18:34:57+00:00","dateModified":"2026-04-15T12:25:26+00:00","description":"2in1 l\u0117li\u0173 ve\u017eim\u0117lis su juodu ir ro\u017einiu krep\u0161iu - KidsPlay. Did\u017eiausias vaik\u0173 \u017eaisl\u0173 pasirinkimas.","breadcrumb":{"@id":"https:\/\/kidsplay.lt\/produktas\/2in1-leliu-vezimelis-su-juodu-ir-roziniu-krepsiu\/#breadcrumb"},"inLanguage":"lv-LV","potentialAction":[{"@type":"ReadAction","target":["https:\/\/kidsplay.lt\/produktas\/2in1-leliu-vezimelis-su-juodu-ir-roziniu-krepsiu\/"]}]},{"@type":"ImageObject","inLanguage":"lv-LV","@id":"https:\/\/kidsplay.lt\/produktas\/2in1-leliu-vezimelis-su-juodu-ir-roziniu-krepsiu\/#primaryimage","url":"https:\/\/kidsplay.lt\/wp-content\/uploads\/2026\/03\/2in1-leliu-vezimelis-su-juodu-ir-roziniu-krepsiu.jpg","contentUrl":"https:\/\/kidsplay.lt\/wp-content\/uploads\/2026\/03\/2in1-leliu-vezimelis-su-juodu-ir-roziniu-krepsiu.jpg","width":1000,"height":1000,"caption":"2in1 l\u0117li\u0173 ve\u017eim\u0117lis su juodu ir ro\u017einiu krep\u0161iu"},{"@type":"BreadcrumbList","@id":"https:\/\/kidsplay.lt\/produktas\/2in1-leliu-vezimelis-su-juodu-ir-roziniu-krepsiu\/#breadcrumb","itemListElement":[{"@type":"ListItem","position":1,"name":"Pagrindinis","item":"https:\/\/kidsplay.lt\/"},{"@type":"ListItem","position":2,"name":"Parduotuv\u0117","item":"https:\/\/kidsplay.lt\/parduotuve\/"},{"@type":"ListItem","position":3,"name":"2in1 l\u0117li\u0173 ve\u017eim\u0117lis su juodu ir ro\u017einiu krep\u0161iu"}]},{"@type":"WebSite","@id":"https:\/\/kidsplay.lt\/#website","url":"https:\/\/kidsplay.lt\/","name":"B\u0113rnu sp\u0113les.lv","description":"\u012evairios prek\u0117s vaikams","publisher":{"@id":"https:\/\/kidsplay.lt\/#organization"},"alternateName":"Kidsplay","potentialAction":[{"@type":"SearchAction","target":{"@type":"EntryPoint","urlTemplate":"https:\/\/kidsplay.lt\/?s={search_term_string}"},"query-input":{"@type":"PropertyValueSpecification","valueRequired":true,"valueName":"search_term_string"}}],"inLanguage":"lv-LV"},{"@type":"Organization","@id":"https:\/\/kidsplay.lt\/#organization","name":"B\u0113rnu sp\u0113le","url":"https:\/\/kidsplay.lt\/","logo":{"@type":"ImageObject","inLanguage":"lv-LV","@id":"https:\/\/kidsplay.lt\/#\/schema\/logo\/image\/","url":"https:\/\/kidsplay.lt\/wp-content\/uploads\/2023\/07\/kidsplay-logo.png","contentUrl":"https:\/\/kidsplay.lt\/wp-content\/uploads\/2023\/07\/kidsplay-logo.png","width":451,"height":98,"caption":"KidsPlay"},"image":{"@id":"https:\/\/kidsplay.lt\/#\/schema\/logo\/image\/"},"sameAs":["https:\/\/www.facebook.com\/www.kidsplay.lt"]}]}},"_links":{"self":[{"href":"https:\/\/kidsplay.lt\/lv\/wp-json\/wp\/v2\/product\/94445","targetHints":{"allow":["GET"]}}],"collection":[{"href":"https:\/\/kidsplay.lt\/lv\/wp-json\/wp\/v2\/product"}],"about":[{"href":"https:\/\/kidsplay.lt\/lv\/wp-json\/wp\/v2\/types\/product"}],"version-history":[{"count":1,"href":"https:\/\/kidsplay.lt\/lv\/wp-json\/wp\/v2\/product\/94445\/revisions"}],"predecessor-version":[{"id":94446,"href":"https:\/\/kidsplay.lt\/lv\/wp-json\/wp\/v2\/product\/94445\/revisions\/94446"}],"wp:featuredmedia":[{"embeddable":true,"href":"https:\/\/kidsplay.lt\/lv\/wp-json\/wp\/v2\/media\/94447"}],"wp:attachment":[{"href":"https:\/\/kidsplay.lt\/lv\/wp-json\/wp\/v2\/media?parent=94445"}],"wp:term":[{"taxonomy":"product_brand","embeddable":true,"href":"https:\/\/kidsplay.lt\/lv\/wp-json\/wp\/v2\/product_brand?post=94445"},{"taxonomy":"product_cat","embeddable":true,"href":"https:\/\/kidsplay.lt\/lv\/wp-json\/wp\/v2\/product_cat?post=94445"},{"taxonomy":"product_tag","embeddable":true,"href":"https:\/\/kidsplay.lt\/lv\/wp-json\/wp\/v2\/product_tag?post=94445"}],"curies":[{"name":"wp","href":"https:\/\/api.w.org\/{rel}","templated":true}]}}