{"id":94452,"date":"2026-03-14T20:35:04","date_gmt":"2026-03-14T18:35:04","guid":{"rendered":"https:\/\/kidsplay.lt\/produktas\/leliu-lovyte-alice-rozine-su-gelytemis\/"},"modified":"2026-04-20T12:13:29","modified_gmt":"2026-04-20T09:13:29","slug":"leliu-lovyte-alice-rozine-su-gelytemis","status":"publish","type":"product","link":"https:\/\/kidsplay.lt\/lv\/products\/leliu-lovyte-alice-rozine-su-gelytemis\/","title":{"rendered":"L\u0117li\u0173 lovyt\u0117 \u201eAlice\u201c \u2013 ro\u017ein\u0117 su g\u0117lyt\u0117mis"},"content":{"rendered":"<p>\u0160i miela l\u0117li\u0173 lovyt\u0117 yra puikus \u017eaidimo aksesuaras, kuris patiks kiekvienai mergaitei. Dabar vaiko l\u0117l\u0117 tur\u0117s savo jauk\u0173 kampel\u012f ir viet\u0105, kur gal\u0117s \u201emiegoti\u201c. Tinkleliniai lovyt\u0117s \u0161onai leid\u017eia vaikui steb\u0117ti l\u0117lyt\u0119 ir r\u016bpintis ja tarsi tikru k\u016bdikiu.<\/p>\n<p>Lovyt\u0117s r\u0117mas pagamintas i\u0161 lengv\u0173 aliuminio vamzdeli\u0173 su juodais plastikiniais sujungimais. Komplekte yra antklod\u0117 ir pagalv\u0117. Visas dizainas \u2013 baltas su g\u0117lyt\u0117mis, papildytas ro\u017einiais ir juodais akcentais. \u012e lovyt\u0119 telpa ma\u017edaug 40 cm dyd\u017eio l\u0117l\u0117.<\/p>\n<p>\ud83c\udf38 Rinkinio sud\u0117tis<\/p>\n<p> \tl\u0117li\u0173 lovyt\u0117<br \/>\n \tantklod\u0117<br \/>\n \tpagalv\u0117<br \/>\n \tprakti\u0161kas transportavimo krep\u0161ys<\/p>\n<p>\ud83d\udccf Izm\u0113ri<\/p>\n<p> \tI\u0161oriniai lovyt\u0117s matmenys: 52,5 \u00d7 30,5 \u00d7 32 cm<br \/>\n \tVidiniai matmenys: 43 \u00d7 24 \u00d7 26 cm<br \/>\n \tAntklod\u0117: 31 \u00d7 24 cm<br \/>\n \tPagalv\u0117: 24 \u00d7 17,5 cm<br \/>\n \tTransportavimo krep\u0161ys: 32 cm (ilgis), 9 cm (skersmuo)<br \/>\n \tPakuot\u0117: 32,5 \u00d7 10 \u00d7 9 cm<\/p>\n<p>\ud83d\udee1\ufe0f Dro\u0161\u012bba un kvalit\u0101te<\/p>\n<p> \tparedz\u0113ts b\u0113rniem no 3 gadu vecuma<br \/>\n \tpagaminta i\u0161 auk\u0161tos kokyb\u0117s, sertifikuot\u0173 med\u017eiag\u0173<br \/>\n \tir CE sertifik\u0101ts<br \/>\n \tatbilst rota\u013clietu dro\u0161\u012bbas standartam EN 71<br \/>\n \tsupakuota \u012f originali\u0105 kartonin\u0119 d\u0117\u017eut\u0119 \u2013 puiki dovana ma\u017eajai l\u0117li\u0173 mamytei<\/p>","protected":false},"excerpt":{"rendered":"<p>\u0160i miela l\u0117li\u0173 lovyt\u0117 yra puikus \u017eaidimo aksesuaras, kuris patiks kiekvienai mergaitei. Dabar vaiko l\u0117l\u0117 tur\u0117s savo jauk\u0173 kampel\u012f ir<\/p>","protected":false},"featured_media":94454,"template":"","meta":{"_acf_changed":false,"_glsr_average":0,"_glsr_ranking":0,"_glsr_reviews":0},"product_brand":[],"product_cat":[443,229],"product_tag":[],"class_list":{"0":"post-94452","1":"product","2":"type-product","3":"status-publish","4":"has-post-thumbnail","6":"product_cat-leles-ir-priedai","7":"product_cat-zaislai-vaikams","8":"\"style=\"background-color: #2ecc711c;\"","10":"first","11":"instock","12":"purchasable","13":"product-type-simple"},"acf":[],"yoast_head":"<!-- This site is optimized with the Yoast SEO plugin v27.4 - https:\/\/yoast.com\/product\/yoast-seo-wordpress\/ -->\n<title>L\u0117li\u0173 lovyt\u0117 \u201eAlice\u201c \u2013 ro\u017ein\u0117 su g\u0117lyt\u0117mis<\/title>\n<meta name=\"description\" content=\"L\u0117li\u0173 lovyt\u0117 \u201eAlice\u201c \u2013 ro\u017ein\u0117 su g\u0117lyt\u0117mis - KidsPlay. Did\u017eiausias vaik\u0173 \u017eaisl\u0173 pasirinkimas.\" \/>\n<meta name=\"robots\" content=\"index, follow, max-snippet:-1, max-image-preview:large, max-video-preview:-1\" \/>\n<link rel=\"canonical\" href=\"https:\/\/kidsplay.lt\/lv\/products\/leliu-lovyte-alice-rozine-su-gelytemis\/\" \/>\n<meta property=\"og:locale\" content=\"lv_LV\" \/>\n<meta property=\"og:type\" content=\"article\" \/>\n<meta property=\"og:title\" content=\"L\u0117li\u0173 lovyt\u0117 \u201eAlice\u201c \u2013 ro\u017ein\u0117 su g\u0117lyt\u0117mis\" \/>\n<meta property=\"og:description\" content=\"L\u0117li\u0173 lovyt\u0117 \u201eAlice\u201c \u2013 ro\u017ein\u0117 su g\u0117lyt\u0117mis - KidsPlay. Did\u017eiausias vaik\u0173 \u017eaisl\u0173 pasirinkimas.\" \/>\n<meta property=\"og:url\" content=\"https:\/\/kidsplay.lt\/lv\/products\/leliu-lovyte-alice-rozine-su-gelytemis\/\" \/>\n<meta property=\"og:site_name\" content=\"KidsPlay\" \/>\n<meta property=\"article:publisher\" content=\"https:\/\/www.facebook.com\/www.kidsplay.lt\" \/>\n<meta property=\"article:modified_time\" content=\"2026-04-20T09:13:29+00:00\" \/>\n<meta property=\"og:image\" content=\"https:\/\/kidsplay.lt\/wp-content\/uploads\/2026\/03\/Leliu-lovyte-\u201eAlice-\u2013-rozine-su-gelytemis.jpg\" \/>\n\t<meta property=\"og:image:width\" content=\"826\" \/>\n\t<meta property=\"og:image:height\" content=\"578\" \/>\n\t<meta property=\"og:image:type\" content=\"image\/jpeg\" \/>\n<meta name=\"twitter:card\" content=\"summary_large_image\" \/>\n<meta name=\"twitter:label1\" content=\"Est. reading time\" \/>\n\t<meta name=\"twitter:data1\" content=\"1 min\u016bte\" \/>\n<script type=\"application\/ld+json\" class=\"yoast-schema-graph\">{\"@context\":\"https:\\\/\\\/schema.org\",\"@graph\":[{\"@type\":\"WebPage\",\"@id\":\"https:\\\/\\\/kidsplay.lt\\\/produktas\\\/leliu-lovyte-alice-rozine-su-gelytemis\\\/\",\"url\":\"https:\\\/\\\/kidsplay.lt\\\/produktas\\\/leliu-lovyte-alice-rozine-su-gelytemis\\\/\",\"name\":\"L\u0117li\u0173 lovyt\u0117 \u201eAlice\u201c \u2013 ro\u017ein\u0117 su g\u0117lyt\u0117mis\",\"isPartOf\":{\"@id\":\"https:\\\/\\\/kidsplay.lt\\\/#website\"},\"primaryImageOfPage\":{\"@id\":\"https:\\\/\\\/kidsplay.lt\\\/produktas\\\/leliu-lovyte-alice-rozine-su-gelytemis\\\/#primaryimage\"},\"image\":{\"@id\":\"https:\\\/\\\/kidsplay.lt\\\/produktas\\\/leliu-lovyte-alice-rozine-su-gelytemis\\\/#primaryimage\"},\"thumbnailUrl\":\"https:\\\/\\\/kidsplay.lt\\\/wp-content\\\/uploads\\\/2026\\\/03\\\/Leliu-lovyte-\u201eAlice-\u2013-rozine-su-gelytemis.jpg\",\"datePublished\":\"2026-03-14T18:35:04+00:00\",\"dateModified\":\"2026-04-20T09:13:29+00:00\",\"description\":\"L\u0117li\u0173 lovyt\u0117 \u201eAlice\u201c \u2013 ro\u017ein\u0117 su g\u0117lyt\u0117mis - KidsPlay. Did\u017eiausias vaik\u0173 \u017eaisl\u0173 pasirinkimas.\",\"breadcrumb\":{\"@id\":\"https:\\\/\\\/kidsplay.lt\\\/produktas\\\/leliu-lovyte-alice-rozine-su-gelytemis\\\/#breadcrumb\"},\"inLanguage\":\"lv-LV\",\"potentialAction\":[{\"@type\":\"ReadAction\",\"target\":[\"https:\\\/\\\/kidsplay.lt\\\/produktas\\\/leliu-lovyte-alice-rozine-su-gelytemis\\\/\"]}]},{\"@type\":\"ImageObject\",\"inLanguage\":\"lv-LV\",\"@id\":\"https:\\\/\\\/kidsplay.lt\\\/produktas\\\/leliu-lovyte-alice-rozine-su-gelytemis\\\/#primaryimage\",\"url\":\"https:\\\/\\\/kidsplay.lt\\\/wp-content\\\/uploads\\\/2026\\\/03\\\/Leliu-lovyte-\u201eAlice-\u2013-rozine-su-gelytemis.jpg\",\"contentUrl\":\"https:\\\/\\\/kidsplay.lt\\\/wp-content\\\/uploads\\\/2026\\\/03\\\/Leliu-lovyte-\u201eAlice-\u2013-rozine-su-gelytemis.jpg\",\"width\":826,\"height\":578,\"caption\":\"L\u0117li\u0173 lovyt\u0117 \u201eAlice\u201c \u2013 ro\u017ein\u0117 su g\u0117lyt\u0117mis\"},{\"@type\":\"BreadcrumbList\",\"@id\":\"https:\\\/\\\/kidsplay.lt\\\/produktas\\\/leliu-lovyte-alice-rozine-su-gelytemis\\\/#breadcrumb\",\"itemListElement\":[{\"@type\":\"ListItem\",\"position\":1,\"name\":\"Pagrindinis\",\"item\":\"https:\\\/\\\/kidsplay.lt\\\/\"},{\"@type\":\"ListItem\",\"position\":2,\"name\":\"Parduotuv\u0117\",\"item\":\"https:\\\/\\\/kidsplay.lt\\\/parduotuve\\\/\"},{\"@type\":\"ListItem\",\"position\":3,\"name\":\"L\u0117li\u0173 lovyt\u0117 \u201eAlice\u201c \u2013 ro\u017ein\u0117 su g\u0117lyt\u0117mis\"}]},{\"@type\":\"WebSite\",\"@id\":\"https:\\\/\\\/kidsplay.lt\\\/#website\",\"url\":\"https:\\\/\\\/kidsplay.lt\\\/\",\"name\":\"Kidsplay.lt\",\"description\":\"\u012evairios prek\u0117s vaikams\",\"publisher\":{\"@id\":\"https:\\\/\\\/kidsplay.lt\\\/#organization\"},\"alternateName\":\"Kidsplay\",\"potentialAction\":[{\"@type\":\"SearchAction\",\"target\":{\"@type\":\"EntryPoint\",\"urlTemplate\":\"https:\\\/\\\/kidsplay.lt\\\/?s={search_term_string}\"},\"query-input\":{\"@type\":\"PropertyValueSpecification\",\"valueRequired\":true,\"valueName\":\"search_term_string\"}}],\"inLanguage\":\"lv-LV\"},{\"@type\":\"Organization\",\"@id\":\"https:\\\/\\\/kidsplay.lt\\\/#organization\",\"name\":\"KidsPlay\",\"url\":\"https:\\\/\\\/kidsplay.lt\\\/\",\"logo\":{\"@type\":\"ImageObject\",\"inLanguage\":\"lv-LV\",\"@id\":\"https:\\\/\\\/kidsplay.lt\\\/#\\\/schema\\\/logo\\\/image\\\/\",\"url\":\"https:\\\/\\\/kidsplay.lt\\\/wp-content\\\/uploads\\\/2023\\\/07\\\/kidsplay-logo.png\",\"contentUrl\":\"https:\\\/\\\/kidsplay.lt\\\/wp-content\\\/uploads\\\/2023\\\/07\\\/kidsplay-logo.png\",\"width\":451,\"height\":98,\"caption\":\"KidsPlay\"},\"image\":{\"@id\":\"https:\\\/\\\/kidsplay.lt\\\/#\\\/schema\\\/logo\\\/image\\\/\"},\"sameAs\":[\"https:\\\/\\\/www.facebook.com\\\/www.kidsplay.lt\"]}]}<\/script>\n<!-- \/ Yoast SEO plugin. -->","yoast_head_json":{"title":"L\u0117li\u0173 lovyt\u0117 \u201eAlice\u201c \u2013 ro\u017ein\u0117 su g\u0117lyt\u0117mis","description":"L\u0117li\u0173 lovyt\u0117 \u201eAlice\u201c \u2013 ro\u017ein\u0117 su g\u0117lyt\u0117mis - KidsPlay. Did\u017eiausias vaik\u0173 \u017eaisl\u0173 pasirinkimas.","robots":{"index":"index","follow":"follow","max-snippet":"max-snippet:-1","max-image-preview":"max-image-preview:large","max-video-preview":"max-video-preview:-1"},"canonical":"https:\/\/kidsplay.lt\/lv\/products\/leliu-lovyte-alice-rozine-su-gelytemis\/","og_locale":"lv_LV","og_type":"article","og_title":"L\u0117li\u0173 lovyt\u0117 \u201eAlice\u201c \u2013 ro\u017ein\u0117 su g\u0117lyt\u0117mis","og_description":"L\u0117li\u0173 lovyt\u0117 \u201eAlice\u201c \u2013 ro\u017ein\u0117 su g\u0117lyt\u0117mis - KidsPlay. Did\u017eiausias vaik\u0173 \u017eaisl\u0173 pasirinkimas.","og_url":"https:\/\/kidsplay.lt\/lv\/products\/leliu-lovyte-alice-rozine-su-gelytemis\/","og_site_name":"KidsPlay","article_publisher":"https:\/\/www.facebook.com\/www.kidsplay.lt","article_modified_time":"2026-04-20T09:13:29+00:00","og_image":[{"width":826,"height":578,"url":"https:\/\/kidsplay.lt\/wp-content\/uploads\/2026\/03\/Leliu-lovyte-\u201eAlice-\u2013-rozine-su-gelytemis.jpg","type":"image\/jpeg"}],"twitter_card":"summary_large_image","twitter_misc":{"Est. reading time":"1 min\u016bte"},"schema":{"@context":"https:\/\/schema.org","@graph":[{"@type":"WebPage","@id":"https:\/\/kidsplay.lt\/produktas\/leliu-lovyte-alice-rozine-su-gelytemis\/","url":"https:\/\/kidsplay.lt\/produktas\/leliu-lovyte-alice-rozine-su-gelytemis\/","name":"L\u0117li\u0173 lovyt\u0117 \u201eAlice\u201c \u2013 ro\u017ein\u0117 su g\u0117lyt\u0117mis","isPartOf":{"@id":"https:\/\/kidsplay.lt\/#website"},"primaryImageOfPage":{"@id":"https:\/\/kidsplay.lt\/produktas\/leliu-lovyte-alice-rozine-su-gelytemis\/#primaryimage"},"image":{"@id":"https:\/\/kidsplay.lt\/produktas\/leliu-lovyte-alice-rozine-su-gelytemis\/#primaryimage"},"thumbnailUrl":"https:\/\/kidsplay.lt\/wp-content\/uploads\/2026\/03\/Leliu-lovyte-\u201eAlice-\u2013-rozine-su-gelytemis.jpg","datePublished":"2026-03-14T18:35:04+00:00","dateModified":"2026-04-20T09:13:29+00:00","description":"L\u0117li\u0173 lovyt\u0117 \u201eAlice\u201c \u2013 ro\u017ein\u0117 su g\u0117lyt\u0117mis - KidsPlay. Did\u017eiausias vaik\u0173 \u017eaisl\u0173 pasirinkimas.","breadcrumb":{"@id":"https:\/\/kidsplay.lt\/produktas\/leliu-lovyte-alice-rozine-su-gelytemis\/#breadcrumb"},"inLanguage":"lv-LV","potentialAction":[{"@type":"ReadAction","target":["https:\/\/kidsplay.lt\/produktas\/leliu-lovyte-alice-rozine-su-gelytemis\/"]}]},{"@type":"ImageObject","inLanguage":"lv-LV","@id":"https:\/\/kidsplay.lt\/produktas\/leliu-lovyte-alice-rozine-su-gelytemis\/#primaryimage","url":"https:\/\/kidsplay.lt\/wp-content\/uploads\/2026\/03\/Leliu-lovyte-\u201eAlice-\u2013-rozine-su-gelytemis.jpg","contentUrl":"https:\/\/kidsplay.lt\/wp-content\/uploads\/2026\/03\/Leliu-lovyte-\u201eAlice-\u2013-rozine-su-gelytemis.jpg","width":826,"height":578,"caption":"L\u0117li\u0173 lovyt\u0117 \u201eAlice\u201c \u2013 ro\u017ein\u0117 su g\u0117lyt\u0117mis"},{"@type":"BreadcrumbList","@id":"https:\/\/kidsplay.lt\/produktas\/leliu-lovyte-alice-rozine-su-gelytemis\/#breadcrumb","itemListElement":[{"@type":"ListItem","position":1,"name":"Pagrindinis","item":"https:\/\/kidsplay.lt\/"},{"@type":"ListItem","position":2,"name":"Parduotuv\u0117","item":"https:\/\/kidsplay.lt\/parduotuve\/"},{"@type":"ListItem","position":3,"name":"L\u0117li\u0173 lovyt\u0117 \u201eAlice\u201c \u2013 ro\u017ein\u0117 su g\u0117lyt\u0117mis"}]},{"@type":"WebSite","@id":"https:\/\/kidsplay.lt\/#website","url":"https:\/\/kidsplay.lt\/","name":"B\u0113rnu sp\u0113les.lv","description":"\u012evairios prek\u0117s vaikams","publisher":{"@id":"https:\/\/kidsplay.lt\/#organization"},"alternateName":"Kidsplay","potentialAction":[{"@type":"SearchAction","target":{"@type":"EntryPoint","urlTemplate":"https:\/\/kidsplay.lt\/?s={search_term_string}"},"query-input":{"@type":"PropertyValueSpecification","valueRequired":true,"valueName":"search_term_string"}}],"inLanguage":"lv-LV"},{"@type":"Organization","@id":"https:\/\/kidsplay.lt\/#organization","name":"B\u0113rnu sp\u0113le","url":"https:\/\/kidsplay.lt\/","logo":{"@type":"ImageObject","inLanguage":"lv-LV","@id":"https:\/\/kidsplay.lt\/#\/schema\/logo\/image\/","url":"https:\/\/kidsplay.lt\/wp-content\/uploads\/2023\/07\/kidsplay-logo.png","contentUrl":"https:\/\/kidsplay.lt\/wp-content\/uploads\/2023\/07\/kidsplay-logo.png","width":451,"height":98,"caption":"KidsPlay"},"image":{"@id":"https:\/\/kidsplay.lt\/#\/schema\/logo\/image\/"},"sameAs":["https:\/\/www.facebook.com\/www.kidsplay.lt"]}]}},"_links":{"self":[{"href":"https:\/\/kidsplay.lt\/lv\/wp-json\/wp\/v2\/product\/94452","targetHints":{"allow":["GET"]}}],"collection":[{"href":"https:\/\/kidsplay.lt\/lv\/wp-json\/wp\/v2\/product"}],"about":[{"href":"https:\/\/kidsplay.lt\/lv\/wp-json\/wp\/v2\/types\/product"}],"version-history":[{"count":1,"href":"https:\/\/kidsplay.lt\/lv\/wp-json\/wp\/v2\/product\/94452\/revisions"}],"predecessor-version":[{"id":94453,"href":"https:\/\/kidsplay.lt\/lv\/wp-json\/wp\/v2\/product\/94452\/revisions\/94453"}],"wp:featuredmedia":[{"embeddable":true,"href":"https:\/\/kidsplay.lt\/lv\/wp-json\/wp\/v2\/media\/94454"}],"wp:attachment":[{"href":"https:\/\/kidsplay.lt\/lv\/wp-json\/wp\/v2\/media?parent=94452"}],"wp:term":[{"taxonomy":"product_brand","embeddable":true,"href":"https:\/\/kidsplay.lt\/lv\/wp-json\/wp\/v2\/product_brand?post=94452"},{"taxonomy":"product_cat","embeddable":true,"href":"https:\/\/kidsplay.lt\/lv\/wp-json\/wp\/v2\/product_cat?post=94452"},{"taxonomy":"product_tag","embeddable":true,"href":"https:\/\/kidsplay.lt\/lv\/wp-json\/wp\/v2\/product_tag?post=94452"}],"curies":[{"name":"wp","href":"https:\/\/api.w.org\/{rel}","templated":true}]}}