{"id":94467,"date":"2026-03-14T20:35:49","date_gmt":"2026-03-14T18:35:49","guid":{"rendered":"https:\/\/kidsplay.lt\/produktas\/3in1-lagaminas-dirbtuves-su-bateriniu-graztu-85-elementai\/"},"modified":"2026-04-15T15:25:57","modified_gmt":"2026-04-15T12:25:57","slug":"3in1-lagaminas-dirbtuves-su-bateriniu-graztu-85-elementai","status":"publish","type":"product","link":"https:\/\/kidsplay.lt\/lv\/products\/3in1-lagaminas-dirbtuves-su-bateriniu-graztu-85-elementai\/","title":{"rendered":"3in1 instrumentu kaste ar akumulatora urbi, 85 elementi"},"content":{"rendered":"<p>\u0160is p\u0101rn\u0113s\u0101jamais 3in1 darbn\u012bcas koferis ir lielisks komplekts b\u0113rnam, kuram pat\u012bk pal\u012bdz\u0113t t\u0113tim gar\u0101\u017e\u0101 vai interes\u0113jas par instrumentiem. Koferis, kas p\u0101rtop par \u012bstu darbn\u012bcu, ir piem\u0113rots b\u0113rniem no 3 gadu vecuma. To var \u0146emt l\u012bdzi jebkur, un p\u0113c atv\u0113r\u0161anas un nepiecie\u0161amo deta\u013cu piestiprin\u0101\u0161anas darbn\u012bca ir gatava lieto\u0161anai. Komplekts neaiz\u0146em daudz vietas, ir viegli transport\u0113jams un vienm\u0113r ir pa rokai.<\/p>\n<p>Komplekt\u0101 eso\u0161ie instrumenti \u013cauj b\u0113rnam atdarin\u0101t pieaugu\u0161o darbu, att\u012bst\u012bt roku kust\u012bgumu, koordin\u0101ciju, lo\u0123isko dom\u0101\u0161anu un apg\u016bt pamata remonta darb\u012bbas. Liels galds ar \u0101\u0137iem \u013cauj \u0113rti uzglab\u0101t visus instrumentus un piederumus. Spilgti sarkanas un dzeltenas kr\u0101sas pie\u0161\u0137ir sp\u0113lei rota\u013c\u012bgu noska\u0146u. Komplekt\u0101 ietilpst ar\u012b elektrisk\u0101 rota\u013cu urbjma\u0161\u012bna.<\/p>\n<p>Papildu priek\u0161roc\u012bba ir t\u0101, ka \u010demod\u0101nu var p\u0101rveidot par \u010demod\u0101nu uz rite\u0146iem, ko var vilkt k\u0101 \u012bstu bag\u0101\u017eu.<\/p>\n<p>\ud83e\uddf0 Komplekta saturs<\/p>\n<p> \tstruktur\u0101lie elementi<br \/>\n \t3 koka elementi skr\u016bv\u0113\u0161anai<br \/>\n \t2 skr\u016bvgrie\u017ei<br \/>\n \tatsl\u0113ga<br \/>\n \tz\u0101\u0123is<br \/>\n \t\u0101murs<br \/>\n \t16 skr\u016bves<br \/>\n \t16 rieksti<br \/>\n \trota\u013cu urbis<br \/>\n \tmain\u0101mi uzga\u013ci<br \/>\n \tknaibles<br \/>\n \tuzgrie\u017e\u0146u atsl\u0113ga<br \/>\n \tskavas<br \/>\n \tdaudzi citi aksesu\u0101ri<\/p>\n<p>\ud83d\udccf Izm\u0113ri<\/p>\n<p> \tSaloc\u012bta darbn\u012bca: 43 \u00d7 26 \u00d7 61 cm<br \/>\n \tIepakojums: 56 \u00d7 44 \u00d7 12 cm<\/p>\n<p>\ud83d\udd0b Baro\u0161anas avots<\/p>\n<p> \t2 \u00d7 AA 1,5 V baterijas (nav iek\u013cautas komplekt\u0101)<\/p>\n<p>\ud83d\udee1\ufe0f Dro\u0161\u012bba un kvalit\u0101te<\/p>\n<p> \tparedz\u0113ts b\u0113rniem no 3 gadu vecuma<br \/>\n \tir CE sertifik\u0101ts<br \/>\n \tatbilst rota\u013clietu dro\u0161\u012bbas standartam EN 71<br \/>\n \tiepakots liel\u0101 kartona kast\u0113 - lieliska d\u0101vana mazam rokdarbniekam<\/p>","protected":false},"excerpt":{"rendered":"<p>\u0160is ne\u0161iojamas 3in1 dirbtuvi\u0173 lagaminas yra puikus rinkinys vaikui, kuris m\u0117gsta pad\u0117ti t\u0117\u010diui gara\u017ee ar domisi \u012frankiais. Lagaminas, kuris virsta<\/p>","protected":false},"featured_media":94469,"template":"","meta":{"_acf_changed":false,"_glsr_average":0,"_glsr_ranking":0,"_glsr_reviews":0},"product_brand":[],"product_cat":[402,399],"product_tag":[],"class_list":{"0":"post-94467","1":"product","2":"type-product","3":"status-publish","4":"has-post-thumbnail","6":"product_cat-dirbtuves-ir-irankiai","7":"product_cat-vaidmenu-zaidimai-2","8":"\"style=\"background-color: #2ecc711c;\"","10":"first","11":"instock","12":"purchasable","13":"product-type-simple"},"acf":[],"yoast_head":"<!-- This site is optimized with the Yoast SEO plugin v27.4 - https:\/\/yoast.com\/product\/yoast-seo-wordpress\/ -->\n<title>3in1 lagaminas\u2013dirbtuv\u0117s su bateriniu gr\u0105\u017etu, 85 elementai<\/title>\n<meta name=\"description\" content=\"3in1 lagaminas\u2013dirbtuv\u0117s su bateriniu gr\u0105\u017etu, 85 elementai - KidsPlay. Did\u017eiausias vaik\u0173 \u017eaisl\u0173 pasirinkimas.\" \/>\n<meta name=\"robots\" content=\"index, follow, max-snippet:-1, max-image-preview:large, max-video-preview:-1\" \/>\n<link rel=\"canonical\" href=\"https:\/\/kidsplay.lt\/lv\/products\/3in1-lagaminas-dirbtuves-su-bateriniu-graztu-85-elementai\/\" \/>\n<meta property=\"og:locale\" content=\"lv_LV\" \/>\n<meta property=\"og:type\" content=\"article\" \/>\n<meta property=\"og:title\" content=\"3in1 lagaminas\u2013dirbtuv\u0117s su bateriniu gr\u0105\u017etu, 85 elementai\" \/>\n<meta property=\"og:description\" content=\"3in1 lagaminas\u2013dirbtuv\u0117s su bateriniu gr\u0105\u017etu, 85 elementai - KidsPlay. Did\u017eiausias vaik\u0173 \u017eaisl\u0173 pasirinkimas.\" \/>\n<meta property=\"og:url\" content=\"https:\/\/kidsplay.lt\/lv\/products\/3in1-lagaminas-dirbtuves-su-bateriniu-graztu-85-elementai\/\" \/>\n<meta property=\"og:site_name\" content=\"KidsPlay\" \/>\n<meta property=\"article:publisher\" content=\"https:\/\/www.facebook.com\/www.kidsplay.lt\" \/>\n<meta property=\"article:modified_time\" content=\"2026-04-15T12:25:57+00:00\" \/>\n<meta property=\"og:image\" content=\"https:\/\/kidsplay.lt\/wp-content\/uploads\/2026\/03\/3in1-lagaminas\u2013dirbtuves-su-bateriniu-graztu-85-elementai.jpg\" \/>\n\t<meta property=\"og:image:width\" content=\"826\" \/>\n\t<meta property=\"og:image:height\" content=\"578\" \/>\n\t<meta property=\"og:image:type\" content=\"image\/jpeg\" \/>\n<meta name=\"twitter:card\" content=\"summary_large_image\" \/>\n<meta name=\"twitter:label1\" content=\"Est. reading time\" \/>\n\t<meta name=\"twitter:data1\" content=\"1 min\u016bte\" \/>\n<script type=\"application\/ld+json\" class=\"yoast-schema-graph\">{\"@context\":\"https:\\\/\\\/schema.org\",\"@graph\":[{\"@type\":\"WebPage\",\"@id\":\"https:\\\/\\\/kidsplay.lt\\\/produktas\\\/3in1-lagaminas-dirbtuves-su-bateriniu-graztu-85-elementai\\\/\",\"url\":\"https:\\\/\\\/kidsplay.lt\\\/produktas\\\/3in1-lagaminas-dirbtuves-su-bateriniu-graztu-85-elementai\\\/\",\"name\":\"3in1 lagaminas\u2013dirbtuv\u0117s su bateriniu gr\u0105\u017etu, 85 elementai\",\"isPartOf\":{\"@id\":\"https:\\\/\\\/kidsplay.lt\\\/#website\"},\"primaryImageOfPage\":{\"@id\":\"https:\\\/\\\/kidsplay.lt\\\/produktas\\\/3in1-lagaminas-dirbtuves-su-bateriniu-graztu-85-elementai\\\/#primaryimage\"},\"image\":{\"@id\":\"https:\\\/\\\/kidsplay.lt\\\/produktas\\\/3in1-lagaminas-dirbtuves-su-bateriniu-graztu-85-elementai\\\/#primaryimage\"},\"thumbnailUrl\":\"https:\\\/\\\/kidsplay.lt\\\/wp-content\\\/uploads\\\/2026\\\/03\\\/3in1-lagaminas\u2013dirbtuves-su-bateriniu-graztu-85-elementai.jpg\",\"datePublished\":\"2026-03-14T18:35:49+00:00\",\"dateModified\":\"2026-04-15T12:25:57+00:00\",\"description\":\"3in1 lagaminas\u2013dirbtuv\u0117s su bateriniu gr\u0105\u017etu, 85 elementai - KidsPlay. Did\u017eiausias vaik\u0173 \u017eaisl\u0173 pasirinkimas.\",\"breadcrumb\":{\"@id\":\"https:\\\/\\\/kidsplay.lt\\\/produktas\\\/3in1-lagaminas-dirbtuves-su-bateriniu-graztu-85-elementai\\\/#breadcrumb\"},\"inLanguage\":\"lv-LV\",\"potentialAction\":[{\"@type\":\"ReadAction\",\"target\":[\"https:\\\/\\\/kidsplay.lt\\\/produktas\\\/3in1-lagaminas-dirbtuves-su-bateriniu-graztu-85-elementai\\\/\"]}]},{\"@type\":\"ImageObject\",\"inLanguage\":\"lv-LV\",\"@id\":\"https:\\\/\\\/kidsplay.lt\\\/produktas\\\/3in1-lagaminas-dirbtuves-su-bateriniu-graztu-85-elementai\\\/#primaryimage\",\"url\":\"https:\\\/\\\/kidsplay.lt\\\/wp-content\\\/uploads\\\/2026\\\/03\\\/3in1-lagaminas\u2013dirbtuves-su-bateriniu-graztu-85-elementai.jpg\",\"contentUrl\":\"https:\\\/\\\/kidsplay.lt\\\/wp-content\\\/uploads\\\/2026\\\/03\\\/3in1-lagaminas\u2013dirbtuves-su-bateriniu-graztu-85-elementai.jpg\",\"width\":826,\"height\":578,\"caption\":\"3in1 lagaminas\u2013dirbtuv\u0117s su bateriniu gr\u0105\u017etu\"},{\"@type\":\"BreadcrumbList\",\"@id\":\"https:\\\/\\\/kidsplay.lt\\\/produktas\\\/3in1-lagaminas-dirbtuves-su-bateriniu-graztu-85-elementai\\\/#breadcrumb\",\"itemListElement\":[{\"@type\":\"ListItem\",\"position\":1,\"name\":\"Pagrindinis\",\"item\":\"https:\\\/\\\/kidsplay.lt\\\/\"},{\"@type\":\"ListItem\",\"position\":2,\"name\":\"Parduotuv\u0117\",\"item\":\"https:\\\/\\\/kidsplay.lt\\\/parduotuve\\\/\"},{\"@type\":\"ListItem\",\"position\":3,\"name\":\"3in1 lagaminas\u2013dirbtuv\u0117s su bateriniu gr\u0105\u017etu, 85 elementai\"}]},{\"@type\":\"WebSite\",\"@id\":\"https:\\\/\\\/kidsplay.lt\\\/#website\",\"url\":\"https:\\\/\\\/kidsplay.lt\\\/\",\"name\":\"Kidsplay.lt\",\"description\":\"\u012evairios prek\u0117s vaikams\",\"publisher\":{\"@id\":\"https:\\\/\\\/kidsplay.lt\\\/#organization\"},\"alternateName\":\"Kidsplay\",\"potentialAction\":[{\"@type\":\"SearchAction\",\"target\":{\"@type\":\"EntryPoint\",\"urlTemplate\":\"https:\\\/\\\/kidsplay.lt\\\/?s={search_term_string}\"},\"query-input\":{\"@type\":\"PropertyValueSpecification\",\"valueRequired\":true,\"valueName\":\"search_term_string\"}}],\"inLanguage\":\"lv-LV\"},{\"@type\":\"Organization\",\"@id\":\"https:\\\/\\\/kidsplay.lt\\\/#organization\",\"name\":\"KidsPlay\",\"url\":\"https:\\\/\\\/kidsplay.lt\\\/\",\"logo\":{\"@type\":\"ImageObject\",\"inLanguage\":\"lv-LV\",\"@id\":\"https:\\\/\\\/kidsplay.lt\\\/#\\\/schema\\\/logo\\\/image\\\/\",\"url\":\"https:\\\/\\\/kidsplay.lt\\\/wp-content\\\/uploads\\\/2023\\\/07\\\/kidsplay-logo.png\",\"contentUrl\":\"https:\\\/\\\/kidsplay.lt\\\/wp-content\\\/uploads\\\/2023\\\/07\\\/kidsplay-logo.png\",\"width\":451,\"height\":98,\"caption\":\"KidsPlay\"},\"image\":{\"@id\":\"https:\\\/\\\/kidsplay.lt\\\/#\\\/schema\\\/logo\\\/image\\\/\"},\"sameAs\":[\"https:\\\/\\\/www.facebook.com\\\/www.kidsplay.lt\"]}]}<\/script>\n<!-- \/ Yoast SEO plugin. -->","yoast_head_json":{"title":"3in1 instrumentu kaste ar akumulatora urbi, 85 elementi","description":"3in1 lagaminas\u2013dirbtuv\u0117s su bateriniu gr\u0105\u017etu, 85 elementai - KidsPlay. Did\u017eiausias vaik\u0173 \u017eaisl\u0173 pasirinkimas.","robots":{"index":"index","follow":"follow","max-snippet":"max-snippet:-1","max-image-preview":"max-image-preview:large","max-video-preview":"max-video-preview:-1"},"canonical":"https:\/\/kidsplay.lt\/lv\/products\/3in1-lagaminas-dirbtuves-su-bateriniu-graztu-85-elementai\/","og_locale":"lv_LV","og_type":"article","og_title":"3in1 lagaminas\u2013dirbtuv\u0117s su bateriniu gr\u0105\u017etu, 85 elementai","og_description":"3in1 lagaminas\u2013dirbtuv\u0117s su bateriniu gr\u0105\u017etu, 85 elementai - KidsPlay. Did\u017eiausias vaik\u0173 \u017eaisl\u0173 pasirinkimas.","og_url":"https:\/\/kidsplay.lt\/lv\/products\/3in1-lagaminas-dirbtuves-su-bateriniu-graztu-85-elementai\/","og_site_name":"KidsPlay","article_publisher":"https:\/\/www.facebook.com\/www.kidsplay.lt","article_modified_time":"2026-04-15T12:25:57+00:00","og_image":[{"width":826,"height":578,"url":"https:\/\/kidsplay.lt\/wp-content\/uploads\/2026\/03\/3in1-lagaminas\u2013dirbtuves-su-bateriniu-graztu-85-elementai.jpg","type":"image\/jpeg"}],"twitter_card":"summary_large_image","twitter_misc":{"Est. reading time":"1 min\u016bte"},"schema":{"@context":"https:\/\/schema.org","@graph":[{"@type":"WebPage","@id":"https:\/\/kidsplay.lt\/produktas\/3in1-lagaminas-dirbtuves-su-bateriniu-graztu-85-elementai\/","url":"https:\/\/kidsplay.lt\/produktas\/3in1-lagaminas-dirbtuves-su-bateriniu-graztu-85-elementai\/","name":"3in1 instrumentu kaste ar akumulatora urbi, 85 elementi","isPartOf":{"@id":"https:\/\/kidsplay.lt\/#website"},"primaryImageOfPage":{"@id":"https:\/\/kidsplay.lt\/produktas\/3in1-lagaminas-dirbtuves-su-bateriniu-graztu-85-elementai\/#primaryimage"},"image":{"@id":"https:\/\/kidsplay.lt\/produktas\/3in1-lagaminas-dirbtuves-su-bateriniu-graztu-85-elementai\/#primaryimage"},"thumbnailUrl":"https:\/\/kidsplay.lt\/wp-content\/uploads\/2026\/03\/3in1-lagaminas\u2013dirbtuves-su-bateriniu-graztu-85-elementai.jpg","datePublished":"2026-03-14T18:35:49+00:00","dateModified":"2026-04-15T12:25:57+00:00","description":"3in1 lagaminas\u2013dirbtuv\u0117s su bateriniu gr\u0105\u017etu, 85 elementai - KidsPlay. Did\u017eiausias vaik\u0173 \u017eaisl\u0173 pasirinkimas.","breadcrumb":{"@id":"https:\/\/kidsplay.lt\/produktas\/3in1-lagaminas-dirbtuves-su-bateriniu-graztu-85-elementai\/#breadcrumb"},"inLanguage":"lv-LV","potentialAction":[{"@type":"ReadAction","target":["https:\/\/kidsplay.lt\/produktas\/3in1-lagaminas-dirbtuves-su-bateriniu-graztu-85-elementai\/"]}]},{"@type":"ImageObject","inLanguage":"lv-LV","@id":"https:\/\/kidsplay.lt\/produktas\/3in1-lagaminas-dirbtuves-su-bateriniu-graztu-85-elementai\/#primaryimage","url":"https:\/\/kidsplay.lt\/wp-content\/uploads\/2026\/03\/3in1-lagaminas\u2013dirbtuves-su-bateriniu-graztu-85-elementai.jpg","contentUrl":"https:\/\/kidsplay.lt\/wp-content\/uploads\/2026\/03\/3in1-lagaminas\u2013dirbtuves-su-bateriniu-graztu-85-elementai.jpg","width":826,"height":578,"caption":"3in1 lagaminas\u2013dirbtuv\u0117s su bateriniu gr\u0105\u017etu"},{"@type":"BreadcrumbList","@id":"https:\/\/kidsplay.lt\/produktas\/3in1-lagaminas-dirbtuves-su-bateriniu-graztu-85-elementai\/#breadcrumb","itemListElement":[{"@type":"ListItem","position":1,"name":"Pagrindinis","item":"https:\/\/kidsplay.lt\/"},{"@type":"ListItem","position":2,"name":"Parduotuv\u0117","item":"https:\/\/kidsplay.lt\/parduotuve\/"},{"@type":"ListItem","position":3,"name":"3in1 lagaminas\u2013dirbtuv\u0117s su bateriniu gr\u0105\u017etu, 85 elementai"}]},{"@type":"WebSite","@id":"https:\/\/kidsplay.lt\/#website","url":"https:\/\/kidsplay.lt\/","name":"B\u0113rnu sp\u0113les.lv","description":"\u012evairios prek\u0117s vaikams","publisher":{"@id":"https:\/\/kidsplay.lt\/#organization"},"alternateName":"Kidsplay","potentialAction":[{"@type":"SearchAction","target":{"@type":"EntryPoint","urlTemplate":"https:\/\/kidsplay.lt\/?s={search_term_string}"},"query-input":{"@type":"PropertyValueSpecification","valueRequired":true,"valueName":"search_term_string"}}],"inLanguage":"lv-LV"},{"@type":"Organization","@id":"https:\/\/kidsplay.lt\/#organization","name":"B\u0113rnu sp\u0113le","url":"https:\/\/kidsplay.lt\/","logo":{"@type":"ImageObject","inLanguage":"lv-LV","@id":"https:\/\/kidsplay.lt\/#\/schema\/logo\/image\/","url":"https:\/\/kidsplay.lt\/wp-content\/uploads\/2023\/07\/kidsplay-logo.png","contentUrl":"https:\/\/kidsplay.lt\/wp-content\/uploads\/2023\/07\/kidsplay-logo.png","width":451,"height":98,"caption":"KidsPlay"},"image":{"@id":"https:\/\/kidsplay.lt\/#\/schema\/logo\/image\/"},"sameAs":["https:\/\/www.facebook.com\/www.kidsplay.lt"]}]}},"_links":{"self":[{"href":"https:\/\/kidsplay.lt\/lv\/wp-json\/wp\/v2\/product\/94467","targetHints":{"allow":["GET"]}}],"collection":[{"href":"https:\/\/kidsplay.lt\/lv\/wp-json\/wp\/v2\/product"}],"about":[{"href":"https:\/\/kidsplay.lt\/lv\/wp-json\/wp\/v2\/types\/product"}],"version-history":[{"count":1,"href":"https:\/\/kidsplay.lt\/lv\/wp-json\/wp\/v2\/product\/94467\/revisions"}],"predecessor-version":[{"id":94468,"href":"https:\/\/kidsplay.lt\/lv\/wp-json\/wp\/v2\/product\/94467\/revisions\/94468"}],"wp:featuredmedia":[{"embeddable":true,"href":"https:\/\/kidsplay.lt\/lv\/wp-json\/wp\/v2\/media\/94469"}],"wp:attachment":[{"href":"https:\/\/kidsplay.lt\/lv\/wp-json\/wp\/v2\/media?parent=94467"}],"wp:term":[{"taxonomy":"product_brand","embeddable":true,"href":"https:\/\/kidsplay.lt\/lv\/wp-json\/wp\/v2\/product_brand?post=94467"},{"taxonomy":"product_cat","embeddable":true,"href":"https:\/\/kidsplay.lt\/lv\/wp-json\/wp\/v2\/product_cat?post=94467"},{"taxonomy":"product_tag","embeddable":true,"href":"https:\/\/kidsplay.lt\/lv\/wp-json\/wp\/v2\/product_tag?post=94467"}],"curies":[{"name":"wp","href":"https:\/\/api.w.org\/{rel}","templated":true}]}}