{"id":94589,"date":"2026-03-15T21:52:06","date_gmt":"2026-03-15T19:52:06","guid":{"rendered":"https:\/\/kidsplay.lt\/?post_type=product&#038;p=94589"},"modified":"2026-04-19T09:53:56","modified_gmt":"2026-04-19T06:53:56","slug":"konstruktorius-muzikos-instrumentu-konstravimo-rinkinys","status":"publish","type":"product","link":"https:\/\/kidsplay.lt\/lv\/products\/konstruktorius-muzikos-instrumentu-konstravimo-rinkinys\/","title":{"rendered":"Konstruktors + m\u016bzikas instrumentu konstruktora komplekts"},"content":{"rendered":"<div class=\"mpof_ki myre_zn myre_8v_l m389_6m_l\">\n<div class=\"mp4t_16_s mryx_16_s mr3m_1 mli2_1 mh85_56 mh85_0_l\">\n<div class=\"mgn2_16 _0d3bd_am0a-\">\n<p>KORBO kalad\u0117l\u0117s yra\u00a0edukacinio \u017eaislo vizija &#8211; universali ir patraukli bet kokio am\u017eiaus vaikams. Id\u0117ja:\u00a0&#8222;M\u0105styk, statyk, suk&#8221;, geriausiai apib\u016bdina \u0161io produkto naujoves. \u017daidimas su KORBO konstravimo blokais teigiamai veikia vaiko vystym\u0105si, skatina k\u016brybi\u0161kai ir logi\u0161kai m\u0105styti, stimuliuoja poj\u016b\u010dius, leid\u017eia lavinti rankinius \u012fg\u016bd\u017eius ir rank\u0173 ir aki\u0173 koordinacij\u0105.<\/p>\n<\/div>\n<\/div>\n<\/div>\n<div class=\"mpof_ki myre_zn myre_8v_l m389_6m_l\">\n<div class=\"mp4t_16_s mryx_16_s mr3m_1 mli2_1 mh85_56 mh85_0_l\">\n<div class=\"mgn2_16 _0d3bd_am0a-\">\n<p>Kiekvienas kalad\u0117li\u0173 rinkinys yra puikus b\u016bdas smagiai praleisti laik\u0105 ir mokytis \u017eaid\u017eiant.<\/p>\n<p>Korbo Basic 120\u00a0yra rinkinys, sukurtas vaikams, besidomintiems pasauliu. Tai leid\u017eia statyti judan\u010dias konstrukcijas. Krumpliara\u010di\u0173 d\u0117ka vaikas mokosi mechanikos princip\u0173. Pridedamas vartotojo vadovas, kuris pad\u0117s sukurti pagrindin\u0119 strukt\u016br\u0105.<\/p>\n<p>Likusi dalis priklauso nuo vaizduot\u0117s. Leiskime jam vystytis&#8230;<\/p>\n<\/div>\n<\/div>\n<\/div>\n<div class=\"mpof_ki myre_zn myre_8v_l m389_6m_l\">\n<div class=\"mp4t_16_s mryx_16_s mr3m_1 mli2_1 mh85_56 mh85_0_l\">\n<div class=\"mgn2_16 _0d3bd_am0a-\">\n<p>Muzikos instrument\u0173 konstravimo rinkinys, skirtas ma\u017eiausiems virtuozams.<\/p>\n<p>Leiskime gimti muzikiniams talentams.<\/p>\n<p>17 skirting\u0173 element\u0173 rinkinys, leid\u017eiantis sukurti originalius ir individualius pu\u010diamuosius instrumentus. Kiekvienas i\u0161 j\u0173 gali skleisti skirtingo auk\u0161\u010dio garsus, priklausomai nuo prijungt\u0173 element\u0173 skai\u010diaus.<\/p>\n<p>Trombono \u0161vaistiklio rinkinys leid\u017eia konstruoti \u012fvairius instrumentus<\/p>\n<ul>\n<li>klarnetas<\/li>\n<li>saksofonas<\/li>\n<li>trimitas<\/li>\n<\/ul>\n<p>Puikios linksmyb\u0117s garantuotos.<\/p>\n<\/div>\n<\/div>\n<\/div>\n<div class=\"mpof_ki myre_zn myre_8v_l m389_6m_l\">\n<div class=\"mp4t_16_s mryx_16_s mr3m_1 mli2_1 mh85_56 mh85_0_l\">\n<div class=\"mgn2_16 _0d3bd_am0a-\">\n<p>Logoped\u0173 rekomenduojama kaip pagalbin\u0117 priemon\u0117 mokantis ai\u0161kiai kalb\u0117ti.<\/p>\n<p>Vaikas, konstruodamas instrument\u0105 ir ie\u0161kodamas \u012fdomaus garso, automati\u0161kai atlieka logopedinius pratimus, kurie prailgina i\u0161kv\u0117pimo faz\u0119.<\/p>\n<p>Pagalv\u0117l\u0117s yra saugios ir tvirtos, atsparios mechaniniams pa\u017eeidimams, funkcionalios ir suderinamos (galite laisvai derinti elementus i\u0161 skirting\u0173 Korbo rinkini\u0173), taip pat \u012fvairiaspalv\u0117s ir vizualiai patrauklios.<\/p>\n<\/div>\n<\/div>\n<\/div>","protected":false},"excerpt":{"rendered":"<p>Konstruktors + m\u016bzikas instrumentu konstruktora komplekts<\/p>","protected":false},"featured_media":94591,"template":"","meta":{"_acf_changed":false,"_glsr_average":0,"_glsr_ranking":0,"_glsr_reviews":0},"product_brand":[],"product_cat":[446,229],"product_tag":[],"class_list":{"0":"post-94589","1":"product","2":"type-product","3":"status-publish","4":"has-post-thumbnail","6":"product_cat-konstruktoriai","7":"product_cat-zaislai-vaikams","8":"\"style=\"background-color: #2ecc711c;\"","10":"first","11":"instock","12":"shipping-taxable","13":"purchasable","14":"product-type-simple"},"acf":[],"yoast_head":"<!-- This site is optimized with the Yoast SEO plugin v27.4 - https:\/\/yoast.com\/product\/yoast-seo-wordpress\/ -->\n<title>Konstruktorius + muzikos instrument\u0173 konstravimo rinkinys - KidsPlay<\/title>\n<meta name=\"description\" content=\"Konstruktorius + muzikos instrument\u0173 konstravimo rinkinys - KidsPlay. Did\u017eiausias vaik\u0173 \u017eaisl\u0173 pasirinkimas.\" \/>\n<meta name=\"robots\" content=\"index, follow, max-snippet:-1, max-image-preview:large, max-video-preview:-1\" \/>\n<link rel=\"canonical\" href=\"https:\/\/kidsplay.lt\/lv\/products\/konstruktorius-muzikos-instrumentu-konstravimo-rinkinys\/\" \/>\n<meta property=\"og:locale\" content=\"lv_LV\" \/>\n<meta property=\"og:type\" content=\"article\" \/>\n<meta property=\"og:title\" content=\"Konstruktorius + muzikos instrument\u0173 konstravimo rinkinys - KidsPlay\" \/>\n<meta property=\"og:description\" content=\"Konstruktorius + muzikos instrument\u0173 konstravimo rinkinys - KidsPlay. Did\u017eiausias vaik\u0173 \u017eaisl\u0173 pasirinkimas.\" \/>\n<meta property=\"og:url\" content=\"https:\/\/kidsplay.lt\/lv\/products\/konstruktorius-muzikos-instrumentu-konstravimo-rinkinys\/\" \/>\n<meta property=\"og:site_name\" content=\"KidsPlay\" \/>\n<meta property=\"article:publisher\" content=\"https:\/\/www.facebook.com\/www.kidsplay.lt\" \/>\n<meta property=\"article:modified_time\" content=\"2026-04-19T06:53:56+00:00\" \/>\n<meta property=\"og:image\" content=\"https:\/\/kidsplay.lt\/wp-content\/uploads\/2026\/03\/Screenshot-2026-03-15-214527.png\" \/>\n\t<meta property=\"og:image:width\" content=\"808\" \/>\n\t<meta property=\"og:image:height\" content=\"758\" \/>\n\t<meta property=\"og:image:type\" content=\"image\/png\" \/>\n<meta name=\"twitter:card\" content=\"summary_large_image\" \/>\n<meta name=\"twitter:label1\" content=\"Est. reading time\" \/>\n\t<meta name=\"twitter:data1\" content=\"2 min\u016btes\" \/>\n<script type=\"application\/ld+json\" class=\"yoast-schema-graph\">{\"@context\":\"https:\\\/\\\/schema.org\",\"@graph\":[{\"@type\":\"WebPage\",\"@id\":\"https:\\\/\\\/kidsplay.lt\\\/produktas\\\/konstruktorius-muzikos-instrumentu-konstravimo-rinkinys\\\/\",\"url\":\"https:\\\/\\\/kidsplay.lt\\\/produktas\\\/konstruktorius-muzikos-instrumentu-konstravimo-rinkinys\\\/\",\"name\":\"Konstruktorius + muzikos instrument\u0173 konstravimo rinkinys - KidsPlay\",\"isPartOf\":{\"@id\":\"https:\\\/\\\/kidsplay.lt\\\/#website\"},\"primaryImageOfPage\":{\"@id\":\"https:\\\/\\\/kidsplay.lt\\\/produktas\\\/konstruktorius-muzikos-instrumentu-konstravimo-rinkinys\\\/#primaryimage\"},\"image\":{\"@id\":\"https:\\\/\\\/kidsplay.lt\\\/produktas\\\/konstruktorius-muzikos-instrumentu-konstravimo-rinkinys\\\/#primaryimage\"},\"thumbnailUrl\":\"https:\\\/\\\/kidsplay.lt\\\/wp-content\\\/uploads\\\/2026\\\/03\\\/Screenshot-2026-03-15-214527.png\",\"datePublished\":\"2026-03-15T19:52:06+00:00\",\"dateModified\":\"2026-04-19T06:53:56+00:00\",\"description\":\"Konstruktorius + muzikos instrument\u0173 konstravimo rinkinys - KidsPlay. Did\u017eiausias vaik\u0173 \u017eaisl\u0173 pasirinkimas.\",\"breadcrumb\":{\"@id\":\"https:\\\/\\\/kidsplay.lt\\\/produktas\\\/konstruktorius-muzikos-instrumentu-konstravimo-rinkinys\\\/#breadcrumb\"},\"inLanguage\":\"lv-LV\",\"potentialAction\":[{\"@type\":\"ReadAction\",\"target\":[\"https:\\\/\\\/kidsplay.lt\\\/produktas\\\/konstruktorius-muzikos-instrumentu-konstravimo-rinkinys\\\/\"]}]},{\"@type\":\"ImageObject\",\"inLanguage\":\"lv-LV\",\"@id\":\"https:\\\/\\\/kidsplay.lt\\\/produktas\\\/konstruktorius-muzikos-instrumentu-konstravimo-rinkinys\\\/#primaryimage\",\"url\":\"https:\\\/\\\/kidsplay.lt\\\/wp-content\\\/uploads\\\/2026\\\/03\\\/Screenshot-2026-03-15-214527.png\",\"contentUrl\":\"https:\\\/\\\/kidsplay.lt\\\/wp-content\\\/uploads\\\/2026\\\/03\\\/Screenshot-2026-03-15-214527.png\",\"width\":808,\"height\":758},{\"@type\":\"BreadcrumbList\",\"@id\":\"https:\\\/\\\/kidsplay.lt\\\/produktas\\\/konstruktorius-muzikos-instrumentu-konstravimo-rinkinys\\\/#breadcrumb\",\"itemListElement\":[{\"@type\":\"ListItem\",\"position\":1,\"name\":\"Pagrindinis\",\"item\":\"https:\\\/\\\/kidsplay.lt\\\/\"},{\"@type\":\"ListItem\",\"position\":2,\"name\":\"Parduotuv\u0117\",\"item\":\"https:\\\/\\\/kidsplay.lt\\\/parduotuve\\\/\"},{\"@type\":\"ListItem\",\"position\":3,\"name\":\"Konstruktorius + muzikos instrument\u0173 konstravimo rinkinys\"}]},{\"@type\":\"WebSite\",\"@id\":\"https:\\\/\\\/kidsplay.lt\\\/#website\",\"url\":\"https:\\\/\\\/kidsplay.lt\\\/\",\"name\":\"Kidsplay.lt\",\"description\":\"\u012evairios prek\u0117s vaikams\",\"publisher\":{\"@id\":\"https:\\\/\\\/kidsplay.lt\\\/#organization\"},\"alternateName\":\"Kidsplay\",\"potentialAction\":[{\"@type\":\"SearchAction\",\"target\":{\"@type\":\"EntryPoint\",\"urlTemplate\":\"https:\\\/\\\/kidsplay.lt\\\/?s={search_term_string}\"},\"query-input\":{\"@type\":\"PropertyValueSpecification\",\"valueRequired\":true,\"valueName\":\"search_term_string\"}}],\"inLanguage\":\"lv-LV\"},{\"@type\":\"Organization\",\"@id\":\"https:\\\/\\\/kidsplay.lt\\\/#organization\",\"name\":\"KidsPlay\",\"url\":\"https:\\\/\\\/kidsplay.lt\\\/\",\"logo\":{\"@type\":\"ImageObject\",\"inLanguage\":\"lv-LV\",\"@id\":\"https:\\\/\\\/kidsplay.lt\\\/#\\\/schema\\\/logo\\\/image\\\/\",\"url\":\"https:\\\/\\\/kidsplay.lt\\\/wp-content\\\/uploads\\\/2023\\\/07\\\/kidsplay-logo.png\",\"contentUrl\":\"https:\\\/\\\/kidsplay.lt\\\/wp-content\\\/uploads\\\/2023\\\/07\\\/kidsplay-logo.png\",\"width\":451,\"height\":98,\"caption\":\"KidsPlay\"},\"image\":{\"@id\":\"https:\\\/\\\/kidsplay.lt\\\/#\\\/schema\\\/logo\\\/image\\\/\"},\"sameAs\":[\"https:\\\/\\\/www.facebook.com\\\/www.kidsplay.lt\"]}]}<\/script>\n<!-- \/ Yoast SEO plugin. -->","yoast_head_json":{"title":"Konstruktorius + muzikos instrument\u0173 konstravimo rinkinys - KidsPlay","description":"Konstruktorius + muzikos instrument\u0173 konstravimo rinkinys - KidsPlay. Did\u017eiausias vaik\u0173 \u017eaisl\u0173 pasirinkimas.","robots":{"index":"index","follow":"follow","max-snippet":"max-snippet:-1","max-image-preview":"max-image-preview:large","max-video-preview":"max-video-preview:-1"},"canonical":"https:\/\/kidsplay.lt\/lv\/products\/konstruktorius-muzikos-instrumentu-konstravimo-rinkinys\/","og_locale":"lv_LV","og_type":"article","og_title":"Konstruktorius + muzikos instrument\u0173 konstravimo rinkinys - KidsPlay","og_description":"Konstruktorius + muzikos instrument\u0173 konstravimo rinkinys - KidsPlay. Did\u017eiausias vaik\u0173 \u017eaisl\u0173 pasirinkimas.","og_url":"https:\/\/kidsplay.lt\/lv\/products\/konstruktorius-muzikos-instrumentu-konstravimo-rinkinys\/","og_site_name":"KidsPlay","article_publisher":"https:\/\/www.facebook.com\/www.kidsplay.lt","article_modified_time":"2026-04-19T06:53:56+00:00","og_image":[{"width":808,"height":758,"url":"https:\/\/kidsplay.lt\/wp-content\/uploads\/2026\/03\/Screenshot-2026-03-15-214527.png","type":"image\/png"}],"twitter_card":"summary_large_image","twitter_misc":{"Est. reading time":"2 min\u016btes"},"schema":{"@context":"https:\/\/schema.org","@graph":[{"@type":"WebPage","@id":"https:\/\/kidsplay.lt\/produktas\/konstruktorius-muzikos-instrumentu-konstravimo-rinkinys\/","url":"https:\/\/kidsplay.lt\/produktas\/konstruktorius-muzikos-instrumentu-konstravimo-rinkinys\/","name":"Konstruktorius + muzikos instrument\u0173 konstravimo rinkinys - KidsPlay","isPartOf":{"@id":"https:\/\/kidsplay.lt\/#website"},"primaryImageOfPage":{"@id":"https:\/\/kidsplay.lt\/produktas\/konstruktorius-muzikos-instrumentu-konstravimo-rinkinys\/#primaryimage"},"image":{"@id":"https:\/\/kidsplay.lt\/produktas\/konstruktorius-muzikos-instrumentu-konstravimo-rinkinys\/#primaryimage"},"thumbnailUrl":"https:\/\/kidsplay.lt\/wp-content\/uploads\/2026\/03\/Screenshot-2026-03-15-214527.png","datePublished":"2026-03-15T19:52:06+00:00","dateModified":"2026-04-19T06:53:56+00:00","description":"Konstruktorius + muzikos instrument\u0173 konstravimo rinkinys - KidsPlay. Did\u017eiausias vaik\u0173 \u017eaisl\u0173 pasirinkimas.","breadcrumb":{"@id":"https:\/\/kidsplay.lt\/produktas\/konstruktorius-muzikos-instrumentu-konstravimo-rinkinys\/#breadcrumb"},"inLanguage":"lv-LV","potentialAction":[{"@type":"ReadAction","target":["https:\/\/kidsplay.lt\/produktas\/konstruktorius-muzikos-instrumentu-konstravimo-rinkinys\/"]}]},{"@type":"ImageObject","inLanguage":"lv-LV","@id":"https:\/\/kidsplay.lt\/produktas\/konstruktorius-muzikos-instrumentu-konstravimo-rinkinys\/#primaryimage","url":"https:\/\/kidsplay.lt\/wp-content\/uploads\/2026\/03\/Screenshot-2026-03-15-214527.png","contentUrl":"https:\/\/kidsplay.lt\/wp-content\/uploads\/2026\/03\/Screenshot-2026-03-15-214527.png","width":808,"height":758},{"@type":"BreadcrumbList","@id":"https:\/\/kidsplay.lt\/produktas\/konstruktorius-muzikos-instrumentu-konstravimo-rinkinys\/#breadcrumb","itemListElement":[{"@type":"ListItem","position":1,"name":"Pagrindinis","item":"https:\/\/kidsplay.lt\/"},{"@type":"ListItem","position":2,"name":"Parduotuv\u0117","item":"https:\/\/kidsplay.lt\/parduotuve\/"},{"@type":"ListItem","position":3,"name":"Konstruktorius + muzikos instrument\u0173 konstravimo rinkinys"}]},{"@type":"WebSite","@id":"https:\/\/kidsplay.lt\/#website","url":"https:\/\/kidsplay.lt\/","name":"B\u0113rnu sp\u0113les.lv","description":"\u012evairios prek\u0117s vaikams","publisher":{"@id":"https:\/\/kidsplay.lt\/#organization"},"alternateName":"Kidsplay","potentialAction":[{"@type":"SearchAction","target":{"@type":"EntryPoint","urlTemplate":"https:\/\/kidsplay.lt\/?s={search_term_string}"},"query-input":{"@type":"PropertyValueSpecification","valueRequired":true,"valueName":"search_term_string"}}],"inLanguage":"lv-LV"},{"@type":"Organization","@id":"https:\/\/kidsplay.lt\/#organization","name":"B\u0113rnu sp\u0113le","url":"https:\/\/kidsplay.lt\/","logo":{"@type":"ImageObject","inLanguage":"lv-LV","@id":"https:\/\/kidsplay.lt\/#\/schema\/logo\/image\/","url":"https:\/\/kidsplay.lt\/wp-content\/uploads\/2023\/07\/kidsplay-logo.png","contentUrl":"https:\/\/kidsplay.lt\/wp-content\/uploads\/2023\/07\/kidsplay-logo.png","width":451,"height":98,"caption":"KidsPlay"},"image":{"@id":"https:\/\/kidsplay.lt\/#\/schema\/logo\/image\/"},"sameAs":["https:\/\/www.facebook.com\/www.kidsplay.lt"]}]}},"_links":{"self":[{"href":"https:\/\/kidsplay.lt\/lv\/wp-json\/wp\/v2\/product\/94589","targetHints":{"allow":["GET"]}}],"collection":[{"href":"https:\/\/kidsplay.lt\/lv\/wp-json\/wp\/v2\/product"}],"about":[{"href":"https:\/\/kidsplay.lt\/lv\/wp-json\/wp\/v2\/types\/product"}],"version-history":[{"count":1,"href":"https:\/\/kidsplay.lt\/lv\/wp-json\/wp\/v2\/product\/94589\/revisions"}],"predecessor-version":[{"id":94597,"href":"https:\/\/kidsplay.lt\/lv\/wp-json\/wp\/v2\/product\/94589\/revisions\/94597"}],"wp:featuredmedia":[{"embeddable":true,"href":"https:\/\/kidsplay.lt\/lv\/wp-json\/wp\/v2\/media\/94591"}],"wp:attachment":[{"href":"https:\/\/kidsplay.lt\/lv\/wp-json\/wp\/v2\/media?parent=94589"}],"wp:term":[{"taxonomy":"product_brand","embeddable":true,"href":"https:\/\/kidsplay.lt\/lv\/wp-json\/wp\/v2\/product_brand?post=94589"},{"taxonomy":"product_cat","embeddable":true,"href":"https:\/\/kidsplay.lt\/lv\/wp-json\/wp\/v2\/product_cat?post=94589"},{"taxonomy":"product_tag","embeddable":true,"href":"https:\/\/kidsplay.lt\/lv\/wp-json\/wp\/v2\/product_tag?post=94589"}],"curies":[{"name":"wp","href":"https:\/\/api.w.org\/{rel}","templated":true}]}}