{"id":94598,"date":"2026-03-15T21:59:02","date_gmt":"2026-03-15T19:59:02","guid":{"rendered":"https:\/\/kidsplay.lt\/?post_type=product&#038;p=94598"},"modified":"2026-03-15T21:59:02","modified_gmt":"2026-03-15T19:59:02","slug":"minksto-putplascio-blokai-dideli-spalvingi","status":"publish","type":"product","link":"https:\/\/kidsplay.lt\/lv\/products\/minksto-putplascio-blokai-dideli-spalvingi\/","title":{"rendered":"MINK\u0160TO PUTPLAS\u010cIO BLOKAI DIDELI SPALVINGI"},"content":{"rendered":"<div class=\"mpof_ki myre_zn myre_8v_l m389_6m_l\">\n<div class=\"mp4t_16_s mryx_16_s mr3m_1 mli2_1 mh85_56 mh85_0_l\">\n<div class=\"mgn2_16 _0d3bd_am0a-\">\n<p>\u2728Mink\u0161ti putplas\u010dio blokai vaikams 54 vnt. \u2728<\/p>\n<p>\u012e\u017eiebkite vaiko vaizduot\u0119 su \u0161iuo mink\u0161t\u0173, spalving\u0173 putplas\u010dio blok\u0173 rinkiniu. Rinkin\u012f sudaro 54 \u012fvairi\u0173 form\u0173 ir spalv\u0173 kalad\u0117l\u0117s, kuri\u0173 d\u0117ka kiekvienas ma\u017eylis gal\u0117s pats susikurti bet koki\u0105 konstrukcij\u0105. Statyba su blokais daro didel\u0119 \u012ftak\u0105 reg\u0117jimo, lyt\u0117jimo ir motorin\u0117s koordinacijos vystymuisi.<\/p>\n<p>Didelis blok\u0173 privalumas yra tai, kad jie n\u0117ra kieti, bet draugi\u0161ki p\u0117dai. Tai ypa\u010d svarbu vaik\u0173 saugumui, nes n\u0117ra pavojaus nety\u010dia susi\u017eeisti su pa\u017eeistu komponentu, kaip plastikini\u0173 \u017eaisl\u0173 atveju.<\/p>\n<p>Putplas\u010dio blokai puikiai tinka \u017eaisti vonioje ar baseine.<\/p>\n<p>Jie buvo kruop\u0161\u010diai pagaminti i\u0161 auk\u0161tos kokyb\u0117s plastiko. Rinkinys supakuotas \u012f u\u017etrauktuku u\u017esegam\u0105 dangtel\u012f, tod\u0117l patogiau laikyti.<\/p>\n<\/div>\n<\/div>\n<\/div>\n<div class=\"mpof_ki myre_zn myre_8v_l m389_6m_l\">\n<div class=\"mp4t_16_s mryx_16_s mr3m_1 mli2_1 mh85_56 mh85_0_l\">\n<div class=\"mgn2_16 _0d3bd_am0a-\">\n<p>\u2705 Blok\u0173 privalumai:<\/p>\n<ul>\n<li>dideli, spalvingi \u012fvairi\u0173 form\u0173 elementai,<\/li>\n<li>mink\u0161tas, putojantis, saugus vaikui,<\/li>\n<li>galimyb\u0117 sukurti \u012fvairias strukt\u016bras,<\/li>\n<li>patogi pakuot\u0117 laikymui.<\/li>\n<\/ul>\n<\/div>\n<\/div>\n<\/div>","protected":false},"excerpt":{"rendered":"<p>MINK\u0160TO PUTPLAS\u010cIO BLOKAI DIDELI SPALVINGI<\/p>","protected":false},"featured_media":94599,"template":"","meta":{"_acf_changed":false,"_glsr_average":0,"_glsr_ranking":0,"_glsr_reviews":0},"product_brand":[],"product_cat":[446,229],"product_tag":[],"class_list":{"0":"post-94598","1":"product","2":"type-product","3":"status-publish","4":"has-post-thumbnail","6":"product_cat-konstruktoriai","7":"product_cat-zaislai-vaikams","8":"\"style=\"background-color: #2ecc711c;\"","10":"first","11":"instock","12":"shipping-taxable","13":"purchasable","14":"product-type-simple"},"acf":[],"yoast_head":"<!-- This site is optimized with the Yoast SEO plugin v27.3 - https:\/\/yoast.com\/product\/yoast-seo-wordpress\/ -->\n<title>MINK\u0160TO PUTPLAS\u010cIO BLOKAI DIDELI SPALVINGI - KidsPlay<\/title>\n<meta name=\"description\" content=\"MINK\u0160TO PUTPLAS\u010cIO BLOKAI DIDELI SPALVINGI - KidsPlay. Did\u017eiausias vaik\u0173 \u017eaisl\u0173 pasirinkimas.\" \/>\n<meta name=\"robots\" content=\"index, follow, max-snippet:-1, max-image-preview:large, max-video-preview:-1\" \/>\n<link rel=\"canonical\" href=\"https:\/\/kidsplay.lt\/lv\/products\/minksto-putplascio-blokai-dideli-spalvingi\/\" \/>\n<meta property=\"og:locale\" content=\"lv_LV\" \/>\n<meta property=\"og:type\" content=\"article\" \/>\n<meta property=\"og:title\" content=\"MINK\u0160TO PUTPLAS\u010cIO BLOKAI DIDELI SPALVINGI - KidsPlay\" \/>\n<meta property=\"og:description\" content=\"MINK\u0160TO PUTPLAS\u010cIO BLOKAI DIDELI SPALVINGI - KidsPlay. Did\u017eiausias vaik\u0173 \u017eaisl\u0173 pasirinkimas.\" \/>\n<meta property=\"og:url\" content=\"https:\/\/kidsplay.lt\/lv\/products\/minksto-putplascio-blokai-dideli-spalvingi\/\" \/>\n<meta property=\"og:site_name\" content=\"KidsPlay\" \/>\n<meta property=\"article:publisher\" content=\"https:\/\/www.facebook.com\/www.kidsplay.lt\" \/>\n<meta property=\"og:image\" content=\"https:\/\/kidsplay.lt\/wp-content\/uploads\/2026\/03\/Screenshot-2026-03-15-215518.png\" \/>\n\t<meta property=\"og:image:width\" content=\"1699\" \/>\n\t<meta property=\"og:image:height\" content=\"757\" \/>\n\t<meta property=\"og:image:type\" content=\"image\/png\" \/>\n<meta name=\"twitter:card\" content=\"summary_large_image\" \/>\n<meta name=\"twitter:label1\" content=\"Est. reading time\" \/>\n\t<meta name=\"twitter:data1\" content=\"1 min\u016bte\" \/>\n<script type=\"application\/ld+json\" class=\"yoast-schema-graph\">{\"@context\":\"https:\\\/\\\/schema.org\",\"@graph\":[{\"@type\":\"WebPage\",\"@id\":\"https:\\\/\\\/kidsplay.lt\\\/produktas\\\/minksto-putplascio-blokai-dideli-spalvingi\\\/\",\"url\":\"https:\\\/\\\/kidsplay.lt\\\/produktas\\\/minksto-putplascio-blokai-dideli-spalvingi\\\/\",\"name\":\"MINK\u0160TO PUTPLAS\u010cIO BLOKAI DIDELI SPALVINGI - KidsPlay\",\"isPartOf\":{\"@id\":\"https:\\\/\\\/kidsplay.lt\\\/#website\"},\"primaryImageOfPage\":{\"@id\":\"https:\\\/\\\/kidsplay.lt\\\/produktas\\\/minksto-putplascio-blokai-dideli-spalvingi\\\/#primaryimage\"},\"image\":{\"@id\":\"https:\\\/\\\/kidsplay.lt\\\/produktas\\\/minksto-putplascio-blokai-dideli-spalvingi\\\/#primaryimage\"},\"thumbnailUrl\":\"https:\\\/\\\/kidsplay.lt\\\/wp-content\\\/uploads\\\/2026\\\/03\\\/Screenshot-2026-03-15-215518.png\",\"datePublished\":\"2026-03-15T19:59:02+00:00\",\"description\":\"MINK\u0160TO PUTPLAS\u010cIO BLOKAI DIDELI SPALVINGI - KidsPlay. Did\u017eiausias vaik\u0173 \u017eaisl\u0173 pasirinkimas.\",\"breadcrumb\":{\"@id\":\"https:\\\/\\\/kidsplay.lt\\\/produktas\\\/minksto-putplascio-blokai-dideli-spalvingi\\\/#breadcrumb\"},\"inLanguage\":\"lv-LV\",\"potentialAction\":[{\"@type\":\"ReadAction\",\"target\":[\"https:\\\/\\\/kidsplay.lt\\\/produktas\\\/minksto-putplascio-blokai-dideli-spalvingi\\\/\"]}]},{\"@type\":\"ImageObject\",\"inLanguage\":\"lv-LV\",\"@id\":\"https:\\\/\\\/kidsplay.lt\\\/produktas\\\/minksto-putplascio-blokai-dideli-spalvingi\\\/#primaryimage\",\"url\":\"https:\\\/\\\/kidsplay.lt\\\/wp-content\\\/uploads\\\/2026\\\/03\\\/Screenshot-2026-03-15-215518.png\",\"contentUrl\":\"https:\\\/\\\/kidsplay.lt\\\/wp-content\\\/uploads\\\/2026\\\/03\\\/Screenshot-2026-03-15-215518.png\",\"width\":1699,\"height\":757},{\"@type\":\"BreadcrumbList\",\"@id\":\"https:\\\/\\\/kidsplay.lt\\\/produktas\\\/minksto-putplascio-blokai-dideli-spalvingi\\\/#breadcrumb\",\"itemListElement\":[{\"@type\":\"ListItem\",\"position\":1,\"name\":\"Pagrindinis\",\"item\":\"https:\\\/\\\/kidsplay.lt\\\/\"},{\"@type\":\"ListItem\",\"position\":2,\"name\":\"Parduotuv\u0117\",\"item\":\"https:\\\/\\\/kidsplay.lt\\\/parduotuve\\\/\"},{\"@type\":\"ListItem\",\"position\":3,\"name\":\"MINK\u0160TO PUTPLAS\u010cIO BLOKAI DIDELI SPALVINGI\"}]},{\"@type\":\"WebSite\",\"@id\":\"https:\\\/\\\/kidsplay.lt\\\/#website\",\"url\":\"https:\\\/\\\/kidsplay.lt\\\/\",\"name\":\"Kidsplay.lt\",\"description\":\"\u012evairios prek\u0117s vaikams\",\"publisher\":{\"@id\":\"https:\\\/\\\/kidsplay.lt\\\/#organization\"},\"alternateName\":\"Kidsplay\",\"potentialAction\":[{\"@type\":\"SearchAction\",\"target\":{\"@type\":\"EntryPoint\",\"urlTemplate\":\"https:\\\/\\\/kidsplay.lt\\\/?s={search_term_string}\"},\"query-input\":{\"@type\":\"PropertyValueSpecification\",\"valueRequired\":true,\"valueName\":\"search_term_string\"}}],\"inLanguage\":\"lv-LV\"},{\"@type\":\"Organization\",\"@id\":\"https:\\\/\\\/kidsplay.lt\\\/#organization\",\"name\":\"KidsPlay\",\"url\":\"https:\\\/\\\/kidsplay.lt\\\/\",\"logo\":{\"@type\":\"ImageObject\",\"inLanguage\":\"lv-LV\",\"@id\":\"https:\\\/\\\/kidsplay.lt\\\/#\\\/schema\\\/logo\\\/image\\\/\",\"url\":\"https:\\\/\\\/kidsplay.lt\\\/wp-content\\\/uploads\\\/2023\\\/07\\\/kidsplay-logo.png\",\"contentUrl\":\"https:\\\/\\\/kidsplay.lt\\\/wp-content\\\/uploads\\\/2023\\\/07\\\/kidsplay-logo.png\",\"width\":451,\"height\":98,\"caption\":\"KidsPlay\"},\"image\":{\"@id\":\"https:\\\/\\\/kidsplay.lt\\\/#\\\/schema\\\/logo\\\/image\\\/\"},\"sameAs\":[\"https:\\\/\\\/www.facebook.com\\\/www.kidsplay.lt\"]}]}<\/script>\n<!-- \/ Yoast SEO plugin. -->","yoast_head_json":{"title":"MINK\u0160TO PUTPLAS\u010cIO BLOKAI DIDELI SPALVINGI - KidsPlay","description":"MINK\u0160TO PUTPLAS\u010cIO BLOKAI DIDELI SPALVINGI - KidsPlay. Did\u017eiausias vaik\u0173 \u017eaisl\u0173 pasirinkimas.","robots":{"index":"index","follow":"follow","max-snippet":"max-snippet:-1","max-image-preview":"max-image-preview:large","max-video-preview":"max-video-preview:-1"},"canonical":"https:\/\/kidsplay.lt\/lv\/products\/minksto-putplascio-blokai-dideli-spalvingi\/","og_locale":"lv_LV","og_type":"article","og_title":"MINK\u0160TO PUTPLAS\u010cIO BLOKAI DIDELI SPALVINGI - KidsPlay","og_description":"MINK\u0160TO PUTPLAS\u010cIO BLOKAI DIDELI SPALVINGI - KidsPlay. Did\u017eiausias vaik\u0173 \u017eaisl\u0173 pasirinkimas.","og_url":"https:\/\/kidsplay.lt\/lv\/products\/minksto-putplascio-blokai-dideli-spalvingi\/","og_site_name":"KidsPlay","article_publisher":"https:\/\/www.facebook.com\/www.kidsplay.lt","og_image":[{"width":1699,"height":757,"url":"https:\/\/kidsplay.lt\/wp-content\/uploads\/2026\/03\/Screenshot-2026-03-15-215518.png","type":"image\/png"}],"twitter_card":"summary_large_image","twitter_misc":{"Est. reading time":"1 min\u016bte"},"schema":{"@context":"https:\/\/schema.org","@graph":[{"@type":"WebPage","@id":"https:\/\/kidsplay.lt\/produktas\/minksto-putplascio-blokai-dideli-spalvingi\/","url":"https:\/\/kidsplay.lt\/produktas\/minksto-putplascio-blokai-dideli-spalvingi\/","name":"MINK\u0160TO PUTPLAS\u010cIO BLOKAI DIDELI SPALVINGI - KidsPlay","isPartOf":{"@id":"https:\/\/kidsplay.lt\/#website"},"primaryImageOfPage":{"@id":"https:\/\/kidsplay.lt\/produktas\/minksto-putplascio-blokai-dideli-spalvingi\/#primaryimage"},"image":{"@id":"https:\/\/kidsplay.lt\/produktas\/minksto-putplascio-blokai-dideli-spalvingi\/#primaryimage"},"thumbnailUrl":"https:\/\/kidsplay.lt\/wp-content\/uploads\/2026\/03\/Screenshot-2026-03-15-215518.png","datePublished":"2026-03-15T19:59:02+00:00","description":"MINK\u0160TO PUTPLAS\u010cIO BLOKAI DIDELI SPALVINGI - KidsPlay. Did\u017eiausias vaik\u0173 \u017eaisl\u0173 pasirinkimas.","breadcrumb":{"@id":"https:\/\/kidsplay.lt\/produktas\/minksto-putplascio-blokai-dideli-spalvingi\/#breadcrumb"},"inLanguage":"lv-LV","potentialAction":[{"@type":"ReadAction","target":["https:\/\/kidsplay.lt\/produktas\/minksto-putplascio-blokai-dideli-spalvingi\/"]}]},{"@type":"ImageObject","inLanguage":"lv-LV","@id":"https:\/\/kidsplay.lt\/produktas\/minksto-putplascio-blokai-dideli-spalvingi\/#primaryimage","url":"https:\/\/kidsplay.lt\/wp-content\/uploads\/2026\/03\/Screenshot-2026-03-15-215518.png","contentUrl":"https:\/\/kidsplay.lt\/wp-content\/uploads\/2026\/03\/Screenshot-2026-03-15-215518.png","width":1699,"height":757},{"@type":"BreadcrumbList","@id":"https:\/\/kidsplay.lt\/produktas\/minksto-putplascio-blokai-dideli-spalvingi\/#breadcrumb","itemListElement":[{"@type":"ListItem","position":1,"name":"Pagrindinis","item":"https:\/\/kidsplay.lt\/"},{"@type":"ListItem","position":2,"name":"Parduotuv\u0117","item":"https:\/\/kidsplay.lt\/parduotuve\/"},{"@type":"ListItem","position":3,"name":"MINK\u0160TO PUTPLAS\u010cIO BLOKAI DIDELI SPALVINGI"}]},{"@type":"WebSite","@id":"https:\/\/kidsplay.lt\/#website","url":"https:\/\/kidsplay.lt\/","name":"B\u0113rnu sp\u0113les.lv","description":"\u012evairios prek\u0117s vaikams","publisher":{"@id":"https:\/\/kidsplay.lt\/#organization"},"alternateName":"Kidsplay","potentialAction":[{"@type":"SearchAction","target":{"@type":"EntryPoint","urlTemplate":"https:\/\/kidsplay.lt\/?s={search_term_string}"},"query-input":{"@type":"PropertyValueSpecification","valueRequired":true,"valueName":"search_term_string"}}],"inLanguage":"lv-LV"},{"@type":"Organization","@id":"https:\/\/kidsplay.lt\/#organization","name":"B\u0113rnu sp\u0113le","url":"https:\/\/kidsplay.lt\/","logo":{"@type":"ImageObject","inLanguage":"lv-LV","@id":"https:\/\/kidsplay.lt\/#\/schema\/logo\/image\/","url":"https:\/\/kidsplay.lt\/wp-content\/uploads\/2023\/07\/kidsplay-logo.png","contentUrl":"https:\/\/kidsplay.lt\/wp-content\/uploads\/2023\/07\/kidsplay-logo.png","width":451,"height":98,"caption":"KidsPlay"},"image":{"@id":"https:\/\/kidsplay.lt\/#\/schema\/logo\/image\/"},"sameAs":["https:\/\/www.facebook.com\/www.kidsplay.lt"]}]}},"_links":{"self":[{"href":"https:\/\/kidsplay.lt\/lv\/wp-json\/wp\/v2\/product\/94598","targetHints":{"allow":["GET"]}}],"collection":[{"href":"https:\/\/kidsplay.lt\/lv\/wp-json\/wp\/v2\/product"}],"about":[{"href":"https:\/\/kidsplay.lt\/lv\/wp-json\/wp\/v2\/types\/product"}],"version-history":[{"count":1,"href":"https:\/\/kidsplay.lt\/lv\/wp-json\/wp\/v2\/product\/94598\/revisions"}],"predecessor-version":[{"id":94603,"href":"https:\/\/kidsplay.lt\/lv\/wp-json\/wp\/v2\/product\/94598\/revisions\/94603"}],"wp:featuredmedia":[{"embeddable":true,"href":"https:\/\/kidsplay.lt\/lv\/wp-json\/wp\/v2\/media\/94599"}],"wp:attachment":[{"href":"https:\/\/kidsplay.lt\/lv\/wp-json\/wp\/v2\/media?parent=94598"}],"wp:term":[{"taxonomy":"product_brand","embeddable":true,"href":"https:\/\/kidsplay.lt\/lv\/wp-json\/wp\/v2\/product_brand?post=94598"},{"taxonomy":"product_cat","embeddable":true,"href":"https:\/\/kidsplay.lt\/lv\/wp-json\/wp\/v2\/product_cat?post=94598"},{"taxonomy":"product_tag","embeddable":true,"href":"https:\/\/kidsplay.lt\/lv\/wp-json\/wp\/v2\/product_tag?post=94598"}],"curies":[{"name":"wp","href":"https:\/\/api.w.org\/{rel}","templated":true}]}}