{"id":94612,"date":"2026-03-16T21:46:24","date_gmt":"2026-03-16T19:46:24","guid":{"rendered":"https:\/\/kidsplay.lt\/?post_type=product&#038;p=94612"},"modified":"2026-03-17T09:09:50","modified_gmt":"2026-03-17T07:09:50","slug":"medinis-sensorinis-stalas-vaikams-manipuliacinis-stalo-zaislas","status":"publish","type":"product","link":"https:\/\/kidsplay.lt\/lv\/products\/medinis-sensorinis-stalas-vaikams-manipuliacinis-stalo-zaislas\/","title":{"rendered":"MEDINIS SENSORINIS STALAS VAIKAMS Manipuliacinis stalo \u017eaislas"},"content":{"rendered":"<div class=\"mpof_ki myre_zn myre_8v_l m389_6m_l\">\n<div class=\"mp4t_16_s mryx_16_s mr3m_1 mli2_1 mh85_56 mh85_0_l\">\n<div class=\"mgn2_16 _0d3bd_am0a-\">\n<p>SPALVINGAS EDUKACINIS STALAS VAIKAMS 2IN1<\/p>\n<\/div>\n<\/div>\n<\/div>\n<div class=\"mp4t_16_s mryx_16_s mr3m_1 mli2_1 mh85_56 mh85_0_l\">\n<div class=\"mgn2_16 _0d3bd_am0a-\">\n<p>D\u0117l gerai apgalvoto dizaino jis turi\u00a0dvi funkcijas:<\/p>\n<p>\u27a1\ufe0f\u00a0manipuliavimo lenta\u00a0pilna interaktyvi\u0173 moduli\u0173<\/p>\n<p>\u27a1\ufe0f\u00a0stalas \u017eaisti ir pie\u0161ti nu\u0117mus edukacin\u012f skydel\u012f.<\/p>\n<\/div>\n<\/div>\n<div class=\"mp4t_16_s mryx_16_s mr3m_1 mli2_1 mh85_56 mh85_0_l\">\n<div class=\"mgn2_16 _0d3bd_am0a-\">\n<p>Tai idealus sprendimas vaik\u0173 kambariui \u2013 u\u017eima ma\u017eai vietos ir suteikia valand\u0173 valandas verting\u0173 pramog\u0173.<\/p>\n<\/div>\n<\/div>\n<div class=\"mp4t_16_s mryx_16_s mr3m_1 mli2_1 mh85_56 mh85_0_l\">\n<div class=\"mgn2_16 _0d3bd_am0a-\">\n<p>TOBUL\u0116JIMAS \u017dAID\u017dIANT<\/p>\n<p>\u0160is medinis mokomasis stalas:<\/p>\n<p>\u2705 lavina\u00a0rankinius \u012fg\u016bd\u017eius ir smulki\u0105j\u0105 motorik\u0105<\/p>\n<p>\u2705\u00a0Pratimai rank\u0173 ir aki\u0173 koordinacija<\/p>\n<p>\u2705 stimuliuoja\u00a0jutimin\u012f vystym\u0105si<\/p>\n<p>\u2705 moko loginio m\u0105stymo ir susikaupimo<\/p>\n<p>\u2705 ugdo vaiko savaranki\u0161kum\u0105<\/p>\n<\/div>\n<\/div>\n<div class=\"mp4t_16_s mryx_16_s mr3m_1 mli2_1 mh85_56 mh85_0_l\">\n<div class=\"mgn2_16 _0d3bd_am0a-\">\n<p>Spalvingi elementai ir \u012fvairios veiklos\u00a0nat\u016braliai patraukia vaiko d\u0117mes\u012f, skatina atrasti ir mokytis \u017eaid\u017eiant.<\/p>\n<p>K\u0104 RASITE ANT STALO PAVIR\u0160IAUS?<\/p>\n<p>Edukacin\u012f stal\u0105 sudaro:<\/p>\n<p>\u2705\u00a0Labirintas su karoliukais<\/p>\n<p>\u2705\u00a0Muzikiniai cimbolai su plaktuku<\/p>\n<p>\u2705\u00a0Form\u0173 r\u016b\u0161iavimo \u012frenginys su kalad\u0117l\u0117mis<\/p>\n<p>\u2705\u00a0Besisukantys ir stumdomi elementai<\/p>\n<p>\u2705\u00a0Spalvingi sensoriniai moduliai<\/p>\n<\/div>\n<\/div>\n<div class=\"mp4t_16_s mryx_16_s mr3m_1 mli2_1 mh85_56 mh85_0_l\">\n<div class=\"mg9e_8 mj7a_8 mg9e_0_s mvrt_0_s mj7a_0_s mh36_0_s mzmg_6m munh_16_l m3h2_16_l\">\n<div class=\"mp4t_0 mryx_0 munh_56 m3h2_56\">\n<div class=\"mp7g_oh\"><\/div>\n<\/div>\n<\/div>\n<\/div>\n<div class=\"mp4t_16_s mryx_16_s mr3m_1 mli2_1 mh85_56 mh85_0_l\">\n<div class=\"mgn2_16 _0d3bd_am0a-\">\n<p>Kiekvienas elementas sukurtas taip, kad palaikyt\u0173 vaiko vystym\u0105si saugiu ir patraukliu b\u016bdu<\/p>\n<\/div>\n<\/div>\n<div class=\"mp4t_16_s mryx_16_s mr3m_1 mli2_1 mh85_56 mh85_0_l\">\n<div class=\"mgn2_16 _0d3bd_am0a-\">\n<p>TECHNINIAI PARAMETRAI<\/p>\n<ul>\n<li>Vaiko am\u017eius:\u00a03+<\/li>\n<li>Med\u017eiaga:\u00a0mediena<\/li>\n<li>Spalva: mediena + balta + pastel\u0117s (m\u0117t\u0173, geltona, \u017ealia, oran\u017ein\u0117)<\/li>\n<li>Matmenys:\u00a049 cm x 31 cm x 38 cm<\/li>\n<li>Svoris su pakuote:\u00a04 kg<\/li>\n<\/ul>\n<\/div>\n<\/div>\n<div class=\"mp4t_16_s mryx_16_s mr3m_1 mli2_1 mh85_56 mh85_0_l\">\n<div class=\"mg9e_8 mj7a_8 mg9e_0_s mvrt_0_s mj7a_0_s mh36_0_s mzmg_6m munh_16_l m3h2_16_l\"><\/div>\n<\/div>","protected":false},"excerpt":{"rendered":"<p>MEDINIS SENSORINIS STALAS VAIKAMS Manipuliacinis stalo \u017eaislas<\/p>","protected":false},"featured_media":94613,"template":"","meta":{"_acf_changed":false,"_glsr_average":0,"_glsr_ranking":0,"_glsr_reviews":0},"product_brand":[],"product_cat":[675,229],"product_tag":[],"class_list":{"0":"post-94612","1":"product","2":"type-product","3":"status-publish","4":"has-post-thumbnail","6":"product_cat-edukaciniai-staliukai","7":"product_cat-zaislai-vaikams","8":"\"style=\"background-color: #2ecc711c;\"","10":"first","11":"instock","12":"shipping-taxable","13":"purchasable","14":"product-type-simple"},"acf":[],"yoast_head":"<!-- This site is optimized with the Yoast SEO plugin v27.4 - https:\/\/yoast.com\/product\/yoast-seo-wordpress\/ -->\n<title>MEDINIS SENSORINIS STALAS VAIKAMS Manipuliacinis stalo \u017eaislas - KidsPlay<\/title>\n<meta name=\"description\" content=\"MEDINIS SENSORINIS STALAS VAIKAMS Manipuliacinis stalo \u017eaislas - KidsPlay. Did\u017eiausias vaik\u0173 \u017eaisl\u0173 pasirinkimas.\" \/>\n<meta name=\"robots\" content=\"index, follow, max-snippet:-1, max-image-preview:large, max-video-preview:-1\" \/>\n<link rel=\"canonical\" href=\"https:\/\/kidsplay.lt\/lv\/products\/medinis-sensorinis-stalas-vaikams-manipuliacinis-stalo-zaislas\/\" \/>\n<meta property=\"og:locale\" content=\"lv_LV\" \/>\n<meta property=\"og:type\" content=\"article\" \/>\n<meta property=\"og:title\" content=\"MEDINIS SENSORINIS STALAS VAIKAMS Manipuliacinis stalo \u017eaislas - KidsPlay\" \/>\n<meta property=\"og:description\" content=\"MEDINIS SENSORINIS STALAS VAIKAMS Manipuliacinis stalo \u017eaislas - KidsPlay. Did\u017eiausias vaik\u0173 \u017eaisl\u0173 pasirinkimas.\" \/>\n<meta property=\"og:url\" content=\"https:\/\/kidsplay.lt\/lv\/products\/medinis-sensorinis-stalas-vaikams-manipuliacinis-stalo-zaislas\/\" \/>\n<meta property=\"og:site_name\" content=\"KidsPlay\" \/>\n<meta property=\"article:publisher\" content=\"https:\/\/www.facebook.com\/www.kidsplay.lt\" \/>\n<meta property=\"article:modified_time\" content=\"2026-03-17T07:09:50+00:00\" \/>\n<meta property=\"og:image\" content=\"https:\/\/kidsplay.lt\/wp-content\/uploads\/2026\/03\/Screenshot-2026-03-16-214203.png\" \/>\n\t<meta property=\"og:image:width\" content=\"829\" \/>\n\t<meta property=\"og:image:height\" content=\"795\" \/>\n\t<meta property=\"og:image:type\" content=\"image\/png\" \/>\n<meta name=\"twitter:card\" content=\"summary_large_image\" \/>\n<meta name=\"twitter:label1\" content=\"Est. reading time\" \/>\n\t<meta name=\"twitter:data1\" content=\"2 min\u016btes\" \/>\n<script type=\"application\/ld+json\" class=\"yoast-schema-graph\">{\"@context\":\"https:\\\/\\\/schema.org\",\"@graph\":[{\"@type\":\"WebPage\",\"@id\":\"https:\\\/\\\/kidsplay.lt\\\/produktas\\\/medinis-sensorinis-stalas-vaikams-manipuliacinis-stalo-zaislas\\\/\",\"url\":\"https:\\\/\\\/kidsplay.lt\\\/produktas\\\/medinis-sensorinis-stalas-vaikams-manipuliacinis-stalo-zaislas\\\/\",\"name\":\"MEDINIS SENSORINIS STALAS VAIKAMS Manipuliacinis stalo \u017eaislas - KidsPlay\",\"isPartOf\":{\"@id\":\"https:\\\/\\\/kidsplay.lt\\\/#website\"},\"primaryImageOfPage\":{\"@id\":\"https:\\\/\\\/kidsplay.lt\\\/produktas\\\/medinis-sensorinis-stalas-vaikams-manipuliacinis-stalo-zaislas\\\/#primaryimage\"},\"image\":{\"@id\":\"https:\\\/\\\/kidsplay.lt\\\/produktas\\\/medinis-sensorinis-stalas-vaikams-manipuliacinis-stalo-zaislas\\\/#primaryimage\"},\"thumbnailUrl\":\"https:\\\/\\\/kidsplay.lt\\\/wp-content\\\/uploads\\\/2026\\\/03\\\/Screenshot-2026-03-16-214203.png\",\"datePublished\":\"2026-03-16T19:46:24+00:00\",\"dateModified\":\"2026-03-17T07:09:50+00:00\",\"description\":\"MEDINIS SENSORINIS STALAS VAIKAMS Manipuliacinis stalo \u017eaislas - KidsPlay. Did\u017eiausias vaik\u0173 \u017eaisl\u0173 pasirinkimas.\",\"breadcrumb\":{\"@id\":\"https:\\\/\\\/kidsplay.lt\\\/produktas\\\/medinis-sensorinis-stalas-vaikams-manipuliacinis-stalo-zaislas\\\/#breadcrumb\"},\"inLanguage\":\"lv-LV\",\"potentialAction\":[{\"@type\":\"ReadAction\",\"target\":[\"https:\\\/\\\/kidsplay.lt\\\/produktas\\\/medinis-sensorinis-stalas-vaikams-manipuliacinis-stalo-zaislas\\\/\"]}]},{\"@type\":\"ImageObject\",\"inLanguage\":\"lv-LV\",\"@id\":\"https:\\\/\\\/kidsplay.lt\\\/produktas\\\/medinis-sensorinis-stalas-vaikams-manipuliacinis-stalo-zaislas\\\/#primaryimage\",\"url\":\"https:\\\/\\\/kidsplay.lt\\\/wp-content\\\/uploads\\\/2026\\\/03\\\/Screenshot-2026-03-16-214203.png\",\"contentUrl\":\"https:\\\/\\\/kidsplay.lt\\\/wp-content\\\/uploads\\\/2026\\\/03\\\/Screenshot-2026-03-16-214203.png\",\"width\":829,\"height\":795},{\"@type\":\"BreadcrumbList\",\"@id\":\"https:\\\/\\\/kidsplay.lt\\\/produktas\\\/medinis-sensorinis-stalas-vaikams-manipuliacinis-stalo-zaislas\\\/#breadcrumb\",\"itemListElement\":[{\"@type\":\"ListItem\",\"position\":1,\"name\":\"Pagrindinis\",\"item\":\"https:\\\/\\\/kidsplay.lt\\\/\"},{\"@type\":\"ListItem\",\"position\":2,\"name\":\"Parduotuv\u0117\",\"item\":\"https:\\\/\\\/kidsplay.lt\\\/parduotuve\\\/\"},{\"@type\":\"ListItem\",\"position\":3,\"name\":\"MEDINIS SENSORINIS STALAS VAIKAMS Manipuliacinis stalo \u017eaislas\"}]},{\"@type\":\"WebSite\",\"@id\":\"https:\\\/\\\/kidsplay.lt\\\/#website\",\"url\":\"https:\\\/\\\/kidsplay.lt\\\/\",\"name\":\"Kidsplay.lt\",\"description\":\"\u012evairios prek\u0117s vaikams\",\"publisher\":{\"@id\":\"https:\\\/\\\/kidsplay.lt\\\/#organization\"},\"alternateName\":\"Kidsplay\",\"potentialAction\":[{\"@type\":\"SearchAction\",\"target\":{\"@type\":\"EntryPoint\",\"urlTemplate\":\"https:\\\/\\\/kidsplay.lt\\\/?s={search_term_string}\"},\"query-input\":{\"@type\":\"PropertyValueSpecification\",\"valueRequired\":true,\"valueName\":\"search_term_string\"}}],\"inLanguage\":\"lv-LV\"},{\"@type\":\"Organization\",\"@id\":\"https:\\\/\\\/kidsplay.lt\\\/#organization\",\"name\":\"KidsPlay\",\"url\":\"https:\\\/\\\/kidsplay.lt\\\/\",\"logo\":{\"@type\":\"ImageObject\",\"inLanguage\":\"lv-LV\",\"@id\":\"https:\\\/\\\/kidsplay.lt\\\/#\\\/schema\\\/logo\\\/image\\\/\",\"url\":\"https:\\\/\\\/kidsplay.lt\\\/wp-content\\\/uploads\\\/2023\\\/07\\\/kidsplay-logo.png\",\"contentUrl\":\"https:\\\/\\\/kidsplay.lt\\\/wp-content\\\/uploads\\\/2023\\\/07\\\/kidsplay-logo.png\",\"width\":451,\"height\":98,\"caption\":\"KidsPlay\"},\"image\":{\"@id\":\"https:\\\/\\\/kidsplay.lt\\\/#\\\/schema\\\/logo\\\/image\\\/\"},\"sameAs\":[\"https:\\\/\\\/www.facebook.com\\\/www.kidsplay.lt\"]}]}<\/script>\n<!-- \/ Yoast SEO plugin. -->","yoast_head_json":{"title":"MEDINIS SENSORINIS STALAS VAIKAMS Manipuliacinis stalo \u017eaislas - KidsPlay","description":"MEDINIS SENSORINIS STALAS VAIKAMS Manipuliacinis stalo \u017eaislas - KidsPlay. Did\u017eiausias vaik\u0173 \u017eaisl\u0173 pasirinkimas.","robots":{"index":"index","follow":"follow","max-snippet":"max-snippet:-1","max-image-preview":"max-image-preview:large","max-video-preview":"max-video-preview:-1"},"canonical":"https:\/\/kidsplay.lt\/lv\/products\/medinis-sensorinis-stalas-vaikams-manipuliacinis-stalo-zaislas\/","og_locale":"lv_LV","og_type":"article","og_title":"MEDINIS SENSORINIS STALAS VAIKAMS Manipuliacinis stalo \u017eaislas - KidsPlay","og_description":"MEDINIS SENSORINIS STALAS VAIKAMS Manipuliacinis stalo \u017eaislas - KidsPlay. Did\u017eiausias vaik\u0173 \u017eaisl\u0173 pasirinkimas.","og_url":"https:\/\/kidsplay.lt\/lv\/products\/medinis-sensorinis-stalas-vaikams-manipuliacinis-stalo-zaislas\/","og_site_name":"KidsPlay","article_publisher":"https:\/\/www.facebook.com\/www.kidsplay.lt","article_modified_time":"2026-03-17T07:09:50+00:00","og_image":[{"width":829,"height":795,"url":"https:\/\/kidsplay.lt\/wp-content\/uploads\/2026\/03\/Screenshot-2026-03-16-214203.png","type":"image\/png"}],"twitter_card":"summary_large_image","twitter_misc":{"Est. reading time":"2 min\u016btes"},"schema":{"@context":"https:\/\/schema.org","@graph":[{"@type":"WebPage","@id":"https:\/\/kidsplay.lt\/produktas\/medinis-sensorinis-stalas-vaikams-manipuliacinis-stalo-zaislas\/","url":"https:\/\/kidsplay.lt\/produktas\/medinis-sensorinis-stalas-vaikams-manipuliacinis-stalo-zaislas\/","name":"MEDINIS SENSORINIS STALAS VAIKAMS Manipuliacinis stalo \u017eaislas - KidsPlay","isPartOf":{"@id":"https:\/\/kidsplay.lt\/#website"},"primaryImageOfPage":{"@id":"https:\/\/kidsplay.lt\/produktas\/medinis-sensorinis-stalas-vaikams-manipuliacinis-stalo-zaislas\/#primaryimage"},"image":{"@id":"https:\/\/kidsplay.lt\/produktas\/medinis-sensorinis-stalas-vaikams-manipuliacinis-stalo-zaislas\/#primaryimage"},"thumbnailUrl":"https:\/\/kidsplay.lt\/wp-content\/uploads\/2026\/03\/Screenshot-2026-03-16-214203.png","datePublished":"2026-03-16T19:46:24+00:00","dateModified":"2026-03-17T07:09:50+00:00","description":"MEDINIS SENSORINIS STALAS VAIKAMS Manipuliacinis stalo \u017eaislas - KidsPlay. Did\u017eiausias vaik\u0173 \u017eaisl\u0173 pasirinkimas.","breadcrumb":{"@id":"https:\/\/kidsplay.lt\/produktas\/medinis-sensorinis-stalas-vaikams-manipuliacinis-stalo-zaislas\/#breadcrumb"},"inLanguage":"lv-LV","potentialAction":[{"@type":"ReadAction","target":["https:\/\/kidsplay.lt\/produktas\/medinis-sensorinis-stalas-vaikams-manipuliacinis-stalo-zaislas\/"]}]},{"@type":"ImageObject","inLanguage":"lv-LV","@id":"https:\/\/kidsplay.lt\/produktas\/medinis-sensorinis-stalas-vaikams-manipuliacinis-stalo-zaislas\/#primaryimage","url":"https:\/\/kidsplay.lt\/wp-content\/uploads\/2026\/03\/Screenshot-2026-03-16-214203.png","contentUrl":"https:\/\/kidsplay.lt\/wp-content\/uploads\/2026\/03\/Screenshot-2026-03-16-214203.png","width":829,"height":795},{"@type":"BreadcrumbList","@id":"https:\/\/kidsplay.lt\/produktas\/medinis-sensorinis-stalas-vaikams-manipuliacinis-stalo-zaislas\/#breadcrumb","itemListElement":[{"@type":"ListItem","position":1,"name":"Pagrindinis","item":"https:\/\/kidsplay.lt\/"},{"@type":"ListItem","position":2,"name":"Parduotuv\u0117","item":"https:\/\/kidsplay.lt\/parduotuve\/"},{"@type":"ListItem","position":3,"name":"MEDINIS SENSORINIS STALAS VAIKAMS Manipuliacinis stalo \u017eaislas"}]},{"@type":"WebSite","@id":"https:\/\/kidsplay.lt\/#website","url":"https:\/\/kidsplay.lt\/","name":"B\u0113rnu sp\u0113les.lv","description":"\u012evairios prek\u0117s vaikams","publisher":{"@id":"https:\/\/kidsplay.lt\/#organization"},"alternateName":"Kidsplay","potentialAction":[{"@type":"SearchAction","target":{"@type":"EntryPoint","urlTemplate":"https:\/\/kidsplay.lt\/?s={search_term_string}"},"query-input":{"@type":"PropertyValueSpecification","valueRequired":true,"valueName":"search_term_string"}}],"inLanguage":"lv-LV"},{"@type":"Organization","@id":"https:\/\/kidsplay.lt\/#organization","name":"B\u0113rnu sp\u0113le","url":"https:\/\/kidsplay.lt\/","logo":{"@type":"ImageObject","inLanguage":"lv-LV","@id":"https:\/\/kidsplay.lt\/#\/schema\/logo\/image\/","url":"https:\/\/kidsplay.lt\/wp-content\/uploads\/2023\/07\/kidsplay-logo.png","contentUrl":"https:\/\/kidsplay.lt\/wp-content\/uploads\/2023\/07\/kidsplay-logo.png","width":451,"height":98,"caption":"KidsPlay"},"image":{"@id":"https:\/\/kidsplay.lt\/#\/schema\/logo\/image\/"},"sameAs":["https:\/\/www.facebook.com\/www.kidsplay.lt"]}]}},"_links":{"self":[{"href":"https:\/\/kidsplay.lt\/lv\/wp-json\/wp\/v2\/product\/94612","targetHints":{"allow":["GET"]}}],"collection":[{"href":"https:\/\/kidsplay.lt\/lv\/wp-json\/wp\/v2\/product"}],"about":[{"href":"https:\/\/kidsplay.lt\/lv\/wp-json\/wp\/v2\/types\/product"}],"version-history":[{"count":2,"href":"https:\/\/kidsplay.lt\/lv\/wp-json\/wp\/v2\/product\/94612\/revisions"}],"predecessor-version":[{"id":94621,"href":"https:\/\/kidsplay.lt\/lv\/wp-json\/wp\/v2\/product\/94612\/revisions\/94621"}],"wp:featuredmedia":[{"embeddable":true,"href":"https:\/\/kidsplay.lt\/lv\/wp-json\/wp\/v2\/media\/94613"}],"wp:attachment":[{"href":"https:\/\/kidsplay.lt\/lv\/wp-json\/wp\/v2\/media?parent=94612"}],"wp:term":[{"taxonomy":"product_brand","embeddable":true,"href":"https:\/\/kidsplay.lt\/lv\/wp-json\/wp\/v2\/product_brand?post=94612"},{"taxonomy":"product_cat","embeddable":true,"href":"https:\/\/kidsplay.lt\/lv\/wp-json\/wp\/v2\/product_cat?post=94612"},{"taxonomy":"product_tag","embeddable":true,"href":"https:\/\/kidsplay.lt\/lv\/wp-json\/wp\/v2\/product_tag?post=94612"}],"curies":[{"name":"wp","href":"https:\/\/api.w.org\/{rel}","templated":true}]}}