{"id":94640,"date":"2026-03-19T12:23:00","date_gmt":"2026-03-19T10:23:00","guid":{"rendered":"https:\/\/kidsplay.lt\/produktas\/falk-birdy-farm-ekologiskas-stumdomas-traktoriukas-su-priekaba\/"},"modified":"2026-03-30T18:51:39","modified_gmt":"2026-03-30T15:51:39","slug":"falk-birdy-farm-ekologiskas-stumdomas-traktoriukas-su-priekaba","status":"publish","type":"product","link":"https:\/\/kidsplay.lt\/lv\/product\/falk-birdy-farm-ekologiskas-stumdomas-traktoriukas-su-priekaba\/","title":{"rendered":"Falk Birdy Farm ekologi\u0161kas stumdomas traktoriukas su priekaba"},"content":{"rendered":"<p>Birdy Farm Ride-on Tractor i\u0161 garsaus Falk prek\u0117s \u017eenklo \u2013 tai idealus pirmasis transportas kiekvienam ma\u017eyliui. \u0160is i\u0161skirtinis traktoriukas pasi\u017eymi itin draugi\u0161ku po\u017ei\u016briu \u012f gamt\u0105 \u2013 pagamintas i\u0161 90% perdirbto plastiko. Rinkdamiesi \u0161\u012f produkt\u0105, suteikiate vaikui d\u017eiaugsmo ir kartu prisidedate prie aplinkos tausojimo.<\/p>\n<p>Traktoriukas pasi\u017eymi malonia \u017ealia spalv\u0173 gama ir \u016bkio tematika, kuri skatina aktyv\u0173 \u017eaidim\u0105. Stabilus korpusas ir ergonomi\u0161kas dizainas u\u017etikrina saugum\u0105 pirm\u0173j\u0173 kelioni\u0173 metu.<\/p>\n<p>Raksturojums:<\/p>\n<p> \tSkirtas vaikams nuo 1 iki 3 met\u0173<br \/>\n \tPagamintas i\u0161 90% perdirbtos med\u017eiagos, patvirtinta Recycle Score sertifikatu<br \/>\n \tSukamas vairas lengvesniam manevravimui<br \/>\n \tPatogi s\u0117dyn\u0117 su atlo\u0161u, kuris gali b\u016bti naudojamas kaip rankena stumimui<br \/>\n \tLengva konstrukcija (grynasis svoris 2,80 kg) \u2013 vaikui lengva atsispirti ir va\u017eiuoti<br \/>\n \tPagamintas i\u0161 auk\u0161tos kokyb\u0117s, oro s\u0105lygoms atsparios med\u017eiagos<br \/>\n \tTinka \u017eaisti tiek namuose, tiek lauke<\/p>\n<p>Rinkinyje yra:<\/p>\n<p> \t\u017dalias Birdy Farm stumdomas traktoriukas<br \/>\n \tNuimama priekaba ma\u017eylio \u201elobiams\u201c<\/p>\n<p>\u017daislas lavina:<\/p>\n<p> \tStambi\u0105j\u0105 motorik\u0105 ir fizin\u012f aktyvum\u0105<br \/>\n \tPusiausvyr\u0105 ir judesi\u0173 koordinacij\u0105<br \/>\n \tVaizduot\u0119 ir k\u016brybi\u0161kum\u0105 per vaidmeninius \u017eaidimus<br \/>\n \tSavaranki\u0161ko jud\u0117jimo \u012fg\u016bd\u017eius<\/p>","protected":false},"excerpt":{"rendered":"<p>Birdy Farm Ride-on Tractor i\u0161 garsaus Falk prek\u0117s \u017eenklo \u2013 tai idealus pirmasis transportas kiekvienam ma\u017eyliui. \u0160is i\u0161skirtinis traktoriukas pasi\u017eymi<\/p>","protected":false},"featured_media":94642,"template":"","meta":{"_acf_changed":false,"_glsr_average":0,"_glsr_ranking":0,"_glsr_reviews":0},"product_brand":[],"product_cat":[237,393],"product_tag":[],"class_list":{"0":"post-94640","1":"product","2":"type-product","3":"status-publish","4":"has-post-thumbnail","6":"product_cat-judejimo-priemones","7":"product_cat-zaisliniai-traktoriai","8":"\"style=\"background-color: #2ecc711c;\"","10":"first","11":"outofstock","12":"purchasable","13":"product-type-simple"},"acf":[],"yoast_head":"<!-- This site is optimized with the Yoast SEO plugin v27.3 - https:\/\/yoast.com\/product\/yoast-seo-wordpress\/ -->\n<title>Falk Birdy Farm ekologi\u0161kas stumdomas traktoriukas su priekaba<\/title>\n<meta name=\"description\" content=\"Falk Birdy Farm ekologi\u0161kas stumdomas traktoriukas su priekaba - KidsPlay. Did\u017eiausias vaik\u0173 \u017eaisl\u0173 pasirinkimas.\" \/>\n<meta name=\"robots\" content=\"index, follow, max-snippet:-1, max-image-preview:large, max-video-preview:-1\" \/>\n<link rel=\"canonical\" href=\"https:\/\/kidsplay.lt\/lv\/product\/falk-birdy-farm-ekologiskas-stumdomas-traktoriukas-su-priekaba\/\" \/>\n<meta property=\"og:locale\" content=\"lv_LV\" \/>\n<meta property=\"og:type\" content=\"article\" \/>\n<meta property=\"og:title\" content=\"Falk Birdy Farm ekologi\u0161kas stumdomas traktoriukas su priekaba\" \/>\n<meta property=\"og:description\" content=\"Falk Birdy Farm ekologi\u0161kas stumdomas traktoriukas su priekaba - KidsPlay. Did\u017eiausias vaik\u0173 \u017eaisl\u0173 pasirinkimas.\" \/>\n<meta property=\"og:url\" content=\"https:\/\/kidsplay.lt\/lv\/product\/falk-birdy-farm-ekologiskas-stumdomas-traktoriukas-su-priekaba\/\" \/>\n<meta property=\"og:site_name\" content=\"KidsPlay\" \/>\n<meta property=\"article:publisher\" content=\"https:\/\/www.facebook.com\/www.kidsplay.lt\" \/>\n<meta property=\"article:modified_time\" content=\"2026-03-30T15:51:39+00:00\" \/>\n<meta property=\"og:image\" content=\"https:\/\/kidsplay.lt\/wp-content\/uploads\/2026\/03\/Falk-Birdy-Farm-ekologiskas-stumdomas-traktoriukas-su-priekaba.jpg\" \/>\n\t<meta property=\"og:image:width\" content=\"1000\" \/>\n\t<meta property=\"og:image:height\" content=\"1000\" \/>\n\t<meta property=\"og:image:type\" content=\"image\/jpeg\" \/>\n<meta name=\"twitter:card\" content=\"summary_large_image\" \/>\n<meta name=\"twitter:label1\" content=\"Est. reading time\" \/>\n\t<meta name=\"twitter:data1\" content=\"1 min\u016bte\" \/>\n<script type=\"application\/ld+json\" class=\"yoast-schema-graph\">{\"@context\":\"https:\\\/\\\/schema.org\",\"@graph\":[{\"@type\":\"WebPage\",\"@id\":\"https:\\\/\\\/kidsplay.lt\\\/produktas\\\/falk-birdy-farm-ekologiskas-stumdomas-traktoriukas-su-priekaba\\\/\",\"url\":\"https:\\\/\\\/kidsplay.lt\\\/produktas\\\/falk-birdy-farm-ekologiskas-stumdomas-traktoriukas-su-priekaba\\\/\",\"name\":\"Falk Birdy Farm ekologi\u0161kas stumdomas traktoriukas su priekaba\",\"isPartOf\":{\"@id\":\"https:\\\/\\\/kidsplay.lt\\\/#website\"},\"primaryImageOfPage\":{\"@id\":\"https:\\\/\\\/kidsplay.lt\\\/produktas\\\/falk-birdy-farm-ekologiskas-stumdomas-traktoriukas-su-priekaba\\\/#primaryimage\"},\"image\":{\"@id\":\"https:\\\/\\\/kidsplay.lt\\\/produktas\\\/falk-birdy-farm-ekologiskas-stumdomas-traktoriukas-su-priekaba\\\/#primaryimage\"},\"thumbnailUrl\":\"https:\\\/\\\/kidsplay.lt\\\/wp-content\\\/uploads\\\/2026\\\/03\\\/Falk-Birdy-Farm-ekologiskas-stumdomas-traktoriukas-su-priekaba.jpg\",\"datePublished\":\"2026-03-19T10:23:00+00:00\",\"dateModified\":\"2026-03-30T15:51:39+00:00\",\"description\":\"Falk Birdy Farm ekologi\u0161kas stumdomas traktoriukas su priekaba - KidsPlay. Did\u017eiausias vaik\u0173 \u017eaisl\u0173 pasirinkimas.\",\"breadcrumb\":{\"@id\":\"https:\\\/\\\/kidsplay.lt\\\/produktas\\\/falk-birdy-farm-ekologiskas-stumdomas-traktoriukas-su-priekaba\\\/#breadcrumb\"},\"inLanguage\":\"lv-LV\",\"potentialAction\":[{\"@type\":\"ReadAction\",\"target\":[\"https:\\\/\\\/kidsplay.lt\\\/produktas\\\/falk-birdy-farm-ekologiskas-stumdomas-traktoriukas-su-priekaba\\\/\"]}]},{\"@type\":\"ImageObject\",\"inLanguage\":\"lv-LV\",\"@id\":\"https:\\\/\\\/kidsplay.lt\\\/produktas\\\/falk-birdy-farm-ekologiskas-stumdomas-traktoriukas-su-priekaba\\\/#primaryimage\",\"url\":\"https:\\\/\\\/kidsplay.lt\\\/wp-content\\\/uploads\\\/2026\\\/03\\\/Falk-Birdy-Farm-ekologiskas-stumdomas-traktoriukas-su-priekaba.jpg\",\"contentUrl\":\"https:\\\/\\\/kidsplay.lt\\\/wp-content\\\/uploads\\\/2026\\\/03\\\/Falk-Birdy-Farm-ekologiskas-stumdomas-traktoriukas-su-priekaba.jpg\",\"width\":1000,\"height\":1000,\"caption\":\"Falk Birdy Farm ekologi\u0161kas stumdomas traktoriukas su priekaba\"},{\"@type\":\"BreadcrumbList\",\"@id\":\"https:\\\/\\\/kidsplay.lt\\\/produktas\\\/falk-birdy-farm-ekologiskas-stumdomas-traktoriukas-su-priekaba\\\/#breadcrumb\",\"itemListElement\":[{\"@type\":\"ListItem\",\"position\":1,\"name\":\"Pagrindinis\",\"item\":\"https:\\\/\\\/kidsplay.lt\\\/\"},{\"@type\":\"ListItem\",\"position\":2,\"name\":\"Parduotuv\u0117\",\"item\":\"https:\\\/\\\/kidsplay.lt\\\/parduotuve\\\/\"},{\"@type\":\"ListItem\",\"position\":3,\"name\":\"Falk Birdy Farm ekologi\u0161kas stumdomas traktoriukas su priekaba\"}]},{\"@type\":\"WebSite\",\"@id\":\"https:\\\/\\\/kidsplay.lt\\\/#website\",\"url\":\"https:\\\/\\\/kidsplay.lt\\\/\",\"name\":\"Kidsplay.lt\",\"description\":\"\u012evairios prek\u0117s vaikams\",\"publisher\":{\"@id\":\"https:\\\/\\\/kidsplay.lt\\\/#organization\"},\"alternateName\":\"Kidsplay\",\"potentialAction\":[{\"@type\":\"SearchAction\",\"target\":{\"@type\":\"EntryPoint\",\"urlTemplate\":\"https:\\\/\\\/kidsplay.lt\\\/?s={search_term_string}\"},\"query-input\":{\"@type\":\"PropertyValueSpecification\",\"valueRequired\":true,\"valueName\":\"search_term_string\"}}],\"inLanguage\":\"lv-LV\"},{\"@type\":\"Organization\",\"@id\":\"https:\\\/\\\/kidsplay.lt\\\/#organization\",\"name\":\"KidsPlay\",\"url\":\"https:\\\/\\\/kidsplay.lt\\\/\",\"logo\":{\"@type\":\"ImageObject\",\"inLanguage\":\"lv-LV\",\"@id\":\"https:\\\/\\\/kidsplay.lt\\\/#\\\/schema\\\/logo\\\/image\\\/\",\"url\":\"https:\\\/\\\/kidsplay.lt\\\/wp-content\\\/uploads\\\/2023\\\/07\\\/kidsplay-logo.png\",\"contentUrl\":\"https:\\\/\\\/kidsplay.lt\\\/wp-content\\\/uploads\\\/2023\\\/07\\\/kidsplay-logo.png\",\"width\":451,\"height\":98,\"caption\":\"KidsPlay\"},\"image\":{\"@id\":\"https:\\\/\\\/kidsplay.lt\\\/#\\\/schema\\\/logo\\\/image\\\/\"},\"sameAs\":[\"https:\\\/\\\/www.facebook.com\\\/www.kidsplay.lt\"]}]}<\/script>\n<!-- \/ Yoast SEO plugin. -->","yoast_head_json":{"title":"Falk Birdy Farm ekologi\u0161kas stumdomas traktoriukas su priekaba","description":"Falk Birdy Farm ekologi\u0161kas stumdomas traktoriukas su priekaba - KidsPlay. Did\u017eiausias vaik\u0173 \u017eaisl\u0173 pasirinkimas.","robots":{"index":"index","follow":"follow","max-snippet":"max-snippet:-1","max-image-preview":"max-image-preview:large","max-video-preview":"max-video-preview:-1"},"canonical":"https:\/\/kidsplay.lt\/lv\/product\/falk-birdy-farm-ekologiskas-stumdomas-traktoriukas-su-priekaba\/","og_locale":"lv_LV","og_type":"article","og_title":"Falk Birdy Farm ekologi\u0161kas stumdomas traktoriukas su priekaba","og_description":"Falk Birdy Farm ekologi\u0161kas stumdomas traktoriukas su priekaba - KidsPlay. Did\u017eiausias vaik\u0173 \u017eaisl\u0173 pasirinkimas.","og_url":"https:\/\/kidsplay.lt\/lv\/product\/falk-birdy-farm-ekologiskas-stumdomas-traktoriukas-su-priekaba\/","og_site_name":"KidsPlay","article_publisher":"https:\/\/www.facebook.com\/www.kidsplay.lt","article_modified_time":"2026-03-30T15:51:39+00:00","og_image":[{"width":1000,"height":1000,"url":"https:\/\/kidsplay.lt\/wp-content\/uploads\/2026\/03\/Falk-Birdy-Farm-ekologiskas-stumdomas-traktoriukas-su-priekaba.jpg","type":"image\/jpeg"}],"twitter_card":"summary_large_image","twitter_misc":{"Est. reading time":"1 min\u016bte"},"schema":{"@context":"https:\/\/schema.org","@graph":[{"@type":"WebPage","@id":"https:\/\/kidsplay.lt\/produktas\/falk-birdy-farm-ekologiskas-stumdomas-traktoriukas-su-priekaba\/","url":"https:\/\/kidsplay.lt\/produktas\/falk-birdy-farm-ekologiskas-stumdomas-traktoriukas-su-priekaba\/","name":"Falk Birdy Farm ekologi\u0161kas stumdomas traktoriukas su priekaba","isPartOf":{"@id":"https:\/\/kidsplay.lt\/#website"},"primaryImageOfPage":{"@id":"https:\/\/kidsplay.lt\/produktas\/falk-birdy-farm-ekologiskas-stumdomas-traktoriukas-su-priekaba\/#primaryimage"},"image":{"@id":"https:\/\/kidsplay.lt\/produktas\/falk-birdy-farm-ekologiskas-stumdomas-traktoriukas-su-priekaba\/#primaryimage"},"thumbnailUrl":"https:\/\/kidsplay.lt\/wp-content\/uploads\/2026\/03\/Falk-Birdy-Farm-ekologiskas-stumdomas-traktoriukas-su-priekaba.jpg","datePublished":"2026-03-19T10:23:00+00:00","dateModified":"2026-03-30T15:51:39+00:00","description":"Falk Birdy Farm ekologi\u0161kas stumdomas traktoriukas su priekaba - KidsPlay. Did\u017eiausias vaik\u0173 \u017eaisl\u0173 pasirinkimas.","breadcrumb":{"@id":"https:\/\/kidsplay.lt\/produktas\/falk-birdy-farm-ekologiskas-stumdomas-traktoriukas-su-priekaba\/#breadcrumb"},"inLanguage":"lv-LV","potentialAction":[{"@type":"ReadAction","target":["https:\/\/kidsplay.lt\/produktas\/falk-birdy-farm-ekologiskas-stumdomas-traktoriukas-su-priekaba\/"]}]},{"@type":"ImageObject","inLanguage":"lv-LV","@id":"https:\/\/kidsplay.lt\/produktas\/falk-birdy-farm-ekologiskas-stumdomas-traktoriukas-su-priekaba\/#primaryimage","url":"https:\/\/kidsplay.lt\/wp-content\/uploads\/2026\/03\/Falk-Birdy-Farm-ekologiskas-stumdomas-traktoriukas-su-priekaba.jpg","contentUrl":"https:\/\/kidsplay.lt\/wp-content\/uploads\/2026\/03\/Falk-Birdy-Farm-ekologiskas-stumdomas-traktoriukas-su-priekaba.jpg","width":1000,"height":1000,"caption":"Falk Birdy Farm ekologi\u0161kas stumdomas traktoriukas su priekaba"},{"@type":"BreadcrumbList","@id":"https:\/\/kidsplay.lt\/produktas\/falk-birdy-farm-ekologiskas-stumdomas-traktoriukas-su-priekaba\/#breadcrumb","itemListElement":[{"@type":"ListItem","position":1,"name":"Pagrindinis","item":"https:\/\/kidsplay.lt\/"},{"@type":"ListItem","position":2,"name":"Parduotuv\u0117","item":"https:\/\/kidsplay.lt\/parduotuve\/"},{"@type":"ListItem","position":3,"name":"Falk Birdy Farm ekologi\u0161kas stumdomas traktoriukas su priekaba"}]},{"@type":"WebSite","@id":"https:\/\/kidsplay.lt\/#website","url":"https:\/\/kidsplay.lt\/","name":"B\u0113rnu sp\u0113les.lv","description":"\u012evairios prek\u0117s vaikams","publisher":{"@id":"https:\/\/kidsplay.lt\/#organization"},"alternateName":"Kidsplay","potentialAction":[{"@type":"SearchAction","target":{"@type":"EntryPoint","urlTemplate":"https:\/\/kidsplay.lt\/?s={search_term_string}"},"query-input":{"@type":"PropertyValueSpecification","valueRequired":true,"valueName":"search_term_string"}}],"inLanguage":"lv-LV"},{"@type":"Organization","@id":"https:\/\/kidsplay.lt\/#organization","name":"B\u0113rnu sp\u0113le","url":"https:\/\/kidsplay.lt\/","logo":{"@type":"ImageObject","inLanguage":"lv-LV","@id":"https:\/\/kidsplay.lt\/#\/schema\/logo\/image\/","url":"https:\/\/kidsplay.lt\/wp-content\/uploads\/2023\/07\/kidsplay-logo.png","contentUrl":"https:\/\/kidsplay.lt\/wp-content\/uploads\/2023\/07\/kidsplay-logo.png","width":451,"height":98,"caption":"KidsPlay"},"image":{"@id":"https:\/\/kidsplay.lt\/#\/schema\/logo\/image\/"},"sameAs":["https:\/\/www.facebook.com\/www.kidsplay.lt"]}]}},"_links":{"self":[{"href":"https:\/\/kidsplay.lt\/lv\/wp-json\/wp\/v2\/product\/94640","targetHints":{"allow":["GET"]}}],"collection":[{"href":"https:\/\/kidsplay.lt\/lv\/wp-json\/wp\/v2\/product"}],"about":[{"href":"https:\/\/kidsplay.lt\/lv\/wp-json\/wp\/v2\/types\/product"}],"version-history":[{"count":1,"href":"https:\/\/kidsplay.lt\/lv\/wp-json\/wp\/v2\/product\/94640\/revisions"}],"predecessor-version":[{"id":94641,"href":"https:\/\/kidsplay.lt\/lv\/wp-json\/wp\/v2\/product\/94640\/revisions\/94641"}],"wp:featuredmedia":[{"embeddable":true,"href":"https:\/\/kidsplay.lt\/lv\/wp-json\/wp\/v2\/media\/94642"}],"wp:attachment":[{"href":"https:\/\/kidsplay.lt\/lv\/wp-json\/wp\/v2\/media?parent=94640"}],"wp:term":[{"taxonomy":"product_brand","embeddable":true,"href":"https:\/\/kidsplay.lt\/lv\/wp-json\/wp\/v2\/product_brand?post=94640"},{"taxonomy":"product_cat","embeddable":true,"href":"https:\/\/kidsplay.lt\/lv\/wp-json\/wp\/v2\/product_cat?post=94640"},{"taxonomy":"product_tag","embeddable":true,"href":"https:\/\/kidsplay.lt\/lv\/wp-json\/wp\/v2\/product_tag?post=94640"}],"curies":[{"name":"wp","href":"https:\/\/api.w.org\/{rel}","templated":true}]}}