{"id":94653,"date":"2026-03-19T12:23:45","date_gmt":"2026-03-19T10:23:45","guid":{"rendered":"https:\/\/kidsplay.lt\/produktas\/falk-volvo-realistiskas-ekskavatorius-su-360-besisukancia-kabina\/"},"modified":"2026-04-07T09:36:02","modified_gmt":"2026-04-07T06:36:02","slug":"falk-volvo-realistiskas-ekskavatorius-su-360-besisukancia-kabina","status":"publish","type":"product","link":"https:\/\/kidsplay.lt\/lv\/products\/falk-volvo-realistiskas-ekskavatorius-su-360-besisukancia-kabina\/","title":{"rendered":"Falk Volvo re\u0101listisks ekskavators ar 360\u00b0 rot\u0113jo\u0161u kab\u012bni"},"content":{"rendered":"<p>Realisti\u0161kas Volvo ekskavatorius i\u0161 FALK \u2013 tai \u017eaislas, sukurtas su ypatingu d\u0117mesiu detal\u0117ms. Kiekviena dalis apgalvota taip, kad ekskavatorius kuo tiksliau primint\u0173 tikr\u0105 Volvo statybin\u0119 ma\u0161in\u0105. Ekskavatorius pasi\u017eymi itin tvirta konstrukcija ir auk\u0161tos kokyb\u0117s, ilgaam\u017e\u0117mis med\u017eiagomis.<\/p>\n<p>Kabina sukasi 360\u00b0, o ekskavatoriaus kau\u0161as yra visi\u0161kai judrus. \u017daislas lengvai valdomas ir manevringas, tod\u0117l puikiai tinka \u017eaidimams sode, sm\u0117lio d\u0117\u017e\u0117je ar papl\u016bdimyje.<\/p>\n<p>Raksturojums:<\/p>\n<p> \tSkirtas vaikams nuo 3 met\u0173<br \/>\n \tPagamintas i\u0161 auk\u0161tos kokyb\u0117s, patvari\u0173 med\u017eiag\u0173<br \/>\n \tMaksimali apkrova 50 kg<br \/>\n \t360\u00b0 besisukanti kabina leid\u017eia kasti ir versti sm\u0117l\u012f nejudinant viso ekskavatoriaus<br \/>\n \tJudanti str\u0117l\u0117 ir kau\u0161as \u2013 veikia kaip tikrame ekskavatoriuje<br \/>\n \tAtsidaran\u010dia s\u0117dyn\u0117 su vieta smulkiems daiktams<\/p>\n<p>\u017daislas lavina:<\/p>\n<p> \tLogin\u012f m\u0105stym\u0105<br \/>\n \tVaizduot\u0119<br \/>\n \tMotorinius \u012fg\u016bd\u017eius<\/p>","protected":false},"excerpt":{"rendered":"<p>Realisti\u0161kas Volvo ekskavatorius i\u0161 FALK \u2013 tai \u017eaislas, sukurtas su ypatingu d\u0117mesiu detal\u0117ms. Kiekviena dalis apgalvota taip, kad ekskavatorius kuo<\/p>","protected":false},"featured_media":94655,"template":"","meta":{"_acf_changed":false,"_glsr_average":0,"_glsr_ranking":0,"_glsr_reviews":0},"product_brand":[],"product_cat":[237,393],"product_tag":[],"class_list":{"0":"post-94653","1":"product","2":"type-product","3":"status-publish","4":"has-post-thumbnail","6":"product_cat-judejimo-priemones","7":"product_cat-zaisliniai-traktoriai","8":"\"style=\"background-color: #2ecc711c;\"","10":"first","11":"instock","12":"purchasable","13":"product-type-simple"},"acf":[],"yoast_head":"<!-- This site is optimized with the Yoast SEO plugin v27.3 - https:\/\/yoast.com\/product\/yoast-seo-wordpress\/ -->\n<title>Falk Volvo realisti\u0161kas ekskavatorius su 360\u00b0 besisukan\u010dia kabina<\/title>\n<meta name=\"description\" content=\"Falk Volvo realisti\u0161kas ekskavatorius su 360\u00b0 besisukan\u010dia kabina - KidsPlay. Did\u017eiausias vaik\u0173 \u017eaisl\u0173 pasirinkimas.\" \/>\n<meta name=\"robots\" content=\"index, follow, max-snippet:-1, max-image-preview:large, max-video-preview:-1\" \/>\n<link rel=\"canonical\" href=\"https:\/\/kidsplay.lt\/lv\/products\/falk-volvo-realistiskas-ekskavatorius-su-360-besisukancia-kabina\/\" \/>\n<meta property=\"og:locale\" content=\"lv_LV\" \/>\n<meta property=\"og:type\" content=\"article\" \/>\n<meta property=\"og:title\" content=\"Falk Volvo realisti\u0161kas ekskavatorius su 360\u00b0 besisukan\u010dia kabina\" \/>\n<meta property=\"og:description\" content=\"Falk Volvo realisti\u0161kas ekskavatorius su 360\u00b0 besisukan\u010dia kabina - KidsPlay. Did\u017eiausias vaik\u0173 \u017eaisl\u0173 pasirinkimas.\" \/>\n<meta property=\"og:url\" content=\"https:\/\/kidsplay.lt\/lv\/products\/falk-volvo-realistiskas-ekskavatorius-su-360-besisukancia-kabina\/\" \/>\n<meta property=\"og:site_name\" content=\"KidsPlay\" \/>\n<meta property=\"article:publisher\" content=\"https:\/\/www.facebook.com\/www.kidsplay.lt\" \/>\n<meta property=\"article:modified_time\" content=\"2026-04-07T06:36:02+00:00\" \/>\n<meta property=\"og:image\" content=\"https:\/\/kidsplay.lt\/wp-content\/uploads\/2026\/03\/Falk-Volvo-realistiskas-ekskavatorius-su-360\u00b0-besisukancia-kabina.jpg\" \/>\n\t<meta property=\"og:image:width\" content=\"1000\" \/>\n\t<meta property=\"og:image:height\" content=\"1000\" \/>\n\t<meta property=\"og:image:type\" content=\"image\/jpeg\" \/>\n<meta name=\"twitter:card\" content=\"summary_large_image\" \/>\n<meta name=\"twitter:label1\" content=\"Est. reading time\" \/>\n\t<meta name=\"twitter:data1\" content=\"1 min\u016bte\" \/>\n<script type=\"application\/ld+json\" class=\"yoast-schema-graph\">{\"@context\":\"https:\\\/\\\/schema.org\",\"@graph\":[{\"@type\":\"WebPage\",\"@id\":\"https:\\\/\\\/kidsplay.lt\\\/produktas\\\/falk-volvo-realistiskas-ekskavatorius-su-360-besisukancia-kabina\\\/\",\"url\":\"https:\\\/\\\/kidsplay.lt\\\/produktas\\\/falk-volvo-realistiskas-ekskavatorius-su-360-besisukancia-kabina\\\/\",\"name\":\"Falk Volvo realisti\u0161kas ekskavatorius su 360\u00b0 besisukan\u010dia kabina\",\"isPartOf\":{\"@id\":\"https:\\\/\\\/kidsplay.lt\\\/#website\"},\"primaryImageOfPage\":{\"@id\":\"https:\\\/\\\/kidsplay.lt\\\/produktas\\\/falk-volvo-realistiskas-ekskavatorius-su-360-besisukancia-kabina\\\/#primaryimage\"},\"image\":{\"@id\":\"https:\\\/\\\/kidsplay.lt\\\/produktas\\\/falk-volvo-realistiskas-ekskavatorius-su-360-besisukancia-kabina\\\/#primaryimage\"},\"thumbnailUrl\":\"https:\\\/\\\/kidsplay.lt\\\/wp-content\\\/uploads\\\/2026\\\/03\\\/Falk-Volvo-realistiskas-ekskavatorius-su-360\u00b0-besisukancia-kabina.jpg\",\"datePublished\":\"2026-03-19T10:23:45+00:00\",\"dateModified\":\"2026-04-07T06:36:02+00:00\",\"description\":\"Falk Volvo realisti\u0161kas ekskavatorius su 360\u00b0 besisukan\u010dia kabina - KidsPlay. Did\u017eiausias vaik\u0173 \u017eaisl\u0173 pasirinkimas.\",\"breadcrumb\":{\"@id\":\"https:\\\/\\\/kidsplay.lt\\\/produktas\\\/falk-volvo-realistiskas-ekskavatorius-su-360-besisukancia-kabina\\\/#breadcrumb\"},\"inLanguage\":\"lv-LV\",\"potentialAction\":[{\"@type\":\"ReadAction\",\"target\":[\"https:\\\/\\\/kidsplay.lt\\\/produktas\\\/falk-volvo-realistiskas-ekskavatorius-su-360-besisukancia-kabina\\\/\"]}]},{\"@type\":\"ImageObject\",\"inLanguage\":\"lv-LV\",\"@id\":\"https:\\\/\\\/kidsplay.lt\\\/produktas\\\/falk-volvo-realistiskas-ekskavatorius-su-360-besisukancia-kabina\\\/#primaryimage\",\"url\":\"https:\\\/\\\/kidsplay.lt\\\/wp-content\\\/uploads\\\/2026\\\/03\\\/Falk-Volvo-realistiskas-ekskavatorius-su-360\u00b0-besisukancia-kabina.jpg\",\"contentUrl\":\"https:\\\/\\\/kidsplay.lt\\\/wp-content\\\/uploads\\\/2026\\\/03\\\/Falk-Volvo-realistiskas-ekskavatorius-su-360\u00b0-besisukancia-kabina.jpg\",\"width\":1000,\"height\":1000,\"caption\":\"Falk Volvo realisti\u0161kas ekskavatorius su 360\u00b0 besisukan\u010dia kabina\"},{\"@type\":\"BreadcrumbList\",\"@id\":\"https:\\\/\\\/kidsplay.lt\\\/produktas\\\/falk-volvo-realistiskas-ekskavatorius-su-360-besisukancia-kabina\\\/#breadcrumb\",\"itemListElement\":[{\"@type\":\"ListItem\",\"position\":1,\"name\":\"Pagrindinis\",\"item\":\"https:\\\/\\\/kidsplay.lt\\\/\"},{\"@type\":\"ListItem\",\"position\":2,\"name\":\"Parduotuv\u0117\",\"item\":\"https:\\\/\\\/kidsplay.lt\\\/parduotuve\\\/\"},{\"@type\":\"ListItem\",\"position\":3,\"name\":\"Falk Volvo realisti\u0161kas ekskavatorius su 360\u00b0 besisukan\u010dia kabina\"}]},{\"@type\":\"WebSite\",\"@id\":\"https:\\\/\\\/kidsplay.lt\\\/#website\",\"url\":\"https:\\\/\\\/kidsplay.lt\\\/\",\"name\":\"Kidsplay.lt\",\"description\":\"\u012evairios prek\u0117s vaikams\",\"publisher\":{\"@id\":\"https:\\\/\\\/kidsplay.lt\\\/#organization\"},\"alternateName\":\"Kidsplay\",\"potentialAction\":[{\"@type\":\"SearchAction\",\"target\":{\"@type\":\"EntryPoint\",\"urlTemplate\":\"https:\\\/\\\/kidsplay.lt\\\/?s={search_term_string}\"},\"query-input\":{\"@type\":\"PropertyValueSpecification\",\"valueRequired\":true,\"valueName\":\"search_term_string\"}}],\"inLanguage\":\"lv-LV\"},{\"@type\":\"Organization\",\"@id\":\"https:\\\/\\\/kidsplay.lt\\\/#organization\",\"name\":\"KidsPlay\",\"url\":\"https:\\\/\\\/kidsplay.lt\\\/\",\"logo\":{\"@type\":\"ImageObject\",\"inLanguage\":\"lv-LV\",\"@id\":\"https:\\\/\\\/kidsplay.lt\\\/#\\\/schema\\\/logo\\\/image\\\/\",\"url\":\"https:\\\/\\\/kidsplay.lt\\\/wp-content\\\/uploads\\\/2023\\\/07\\\/kidsplay-logo.png\",\"contentUrl\":\"https:\\\/\\\/kidsplay.lt\\\/wp-content\\\/uploads\\\/2023\\\/07\\\/kidsplay-logo.png\",\"width\":451,\"height\":98,\"caption\":\"KidsPlay\"},\"image\":{\"@id\":\"https:\\\/\\\/kidsplay.lt\\\/#\\\/schema\\\/logo\\\/image\\\/\"},\"sameAs\":[\"https:\\\/\\\/www.facebook.com\\\/www.kidsplay.lt\"]}]}<\/script>\n<!-- \/ Yoast SEO plugin. -->","yoast_head_json":{"title":"Falk Volvo re\u0101listisks ekskavators ar 360\u00b0 rot\u0113jo\u0161u kab\u012bni","description":"Falk Volvo realisti\u0161kas ekskavatorius su 360\u00b0 besisukan\u010dia kabina - KidsPlay. Did\u017eiausias vaik\u0173 \u017eaisl\u0173 pasirinkimas.","robots":{"index":"index","follow":"follow","max-snippet":"max-snippet:-1","max-image-preview":"max-image-preview:large","max-video-preview":"max-video-preview:-1"},"canonical":"https:\/\/kidsplay.lt\/lv\/products\/falk-volvo-realistiskas-ekskavatorius-su-360-besisukancia-kabina\/","og_locale":"lv_LV","og_type":"article","og_title":"Falk Volvo realisti\u0161kas ekskavatorius su 360\u00b0 besisukan\u010dia kabina","og_description":"Falk Volvo realisti\u0161kas ekskavatorius su 360\u00b0 besisukan\u010dia kabina - KidsPlay. Did\u017eiausias vaik\u0173 \u017eaisl\u0173 pasirinkimas.","og_url":"https:\/\/kidsplay.lt\/lv\/products\/falk-volvo-realistiskas-ekskavatorius-su-360-besisukancia-kabina\/","og_site_name":"KidsPlay","article_publisher":"https:\/\/www.facebook.com\/www.kidsplay.lt","article_modified_time":"2026-04-07T06:36:02+00:00","og_image":[{"width":1000,"height":1000,"url":"https:\/\/kidsplay.lt\/wp-content\/uploads\/2026\/03\/Falk-Volvo-realistiskas-ekskavatorius-su-360\u00b0-besisukancia-kabina.jpg","type":"image\/jpeg"}],"twitter_card":"summary_large_image","twitter_misc":{"Est. reading time":"1 min\u016bte"},"schema":{"@context":"https:\/\/schema.org","@graph":[{"@type":"WebPage","@id":"https:\/\/kidsplay.lt\/produktas\/falk-volvo-realistiskas-ekskavatorius-su-360-besisukancia-kabina\/","url":"https:\/\/kidsplay.lt\/produktas\/falk-volvo-realistiskas-ekskavatorius-su-360-besisukancia-kabina\/","name":"Falk Volvo re\u0101listisks ekskavators ar 360\u00b0 rot\u0113jo\u0161u kab\u012bni","isPartOf":{"@id":"https:\/\/kidsplay.lt\/#website"},"primaryImageOfPage":{"@id":"https:\/\/kidsplay.lt\/produktas\/falk-volvo-realistiskas-ekskavatorius-su-360-besisukancia-kabina\/#primaryimage"},"image":{"@id":"https:\/\/kidsplay.lt\/produktas\/falk-volvo-realistiskas-ekskavatorius-su-360-besisukancia-kabina\/#primaryimage"},"thumbnailUrl":"https:\/\/kidsplay.lt\/wp-content\/uploads\/2026\/03\/Falk-Volvo-realistiskas-ekskavatorius-su-360\u00b0-besisukancia-kabina.jpg","datePublished":"2026-03-19T10:23:45+00:00","dateModified":"2026-04-07T06:36:02+00:00","description":"Falk Volvo realisti\u0161kas ekskavatorius su 360\u00b0 besisukan\u010dia kabina - KidsPlay. Did\u017eiausias vaik\u0173 \u017eaisl\u0173 pasirinkimas.","breadcrumb":{"@id":"https:\/\/kidsplay.lt\/produktas\/falk-volvo-realistiskas-ekskavatorius-su-360-besisukancia-kabina\/#breadcrumb"},"inLanguage":"lv-LV","potentialAction":[{"@type":"ReadAction","target":["https:\/\/kidsplay.lt\/produktas\/falk-volvo-realistiskas-ekskavatorius-su-360-besisukancia-kabina\/"]}]},{"@type":"ImageObject","inLanguage":"lv-LV","@id":"https:\/\/kidsplay.lt\/produktas\/falk-volvo-realistiskas-ekskavatorius-su-360-besisukancia-kabina\/#primaryimage","url":"https:\/\/kidsplay.lt\/wp-content\/uploads\/2026\/03\/Falk-Volvo-realistiskas-ekskavatorius-su-360\u00b0-besisukancia-kabina.jpg","contentUrl":"https:\/\/kidsplay.lt\/wp-content\/uploads\/2026\/03\/Falk-Volvo-realistiskas-ekskavatorius-su-360\u00b0-besisukancia-kabina.jpg","width":1000,"height":1000,"caption":"Falk Volvo realisti\u0161kas ekskavatorius su 360\u00b0 besisukan\u010dia kabina"},{"@type":"BreadcrumbList","@id":"https:\/\/kidsplay.lt\/produktas\/falk-volvo-realistiskas-ekskavatorius-su-360-besisukancia-kabina\/#breadcrumb","itemListElement":[{"@type":"ListItem","position":1,"name":"Pagrindinis","item":"https:\/\/kidsplay.lt\/"},{"@type":"ListItem","position":2,"name":"Parduotuv\u0117","item":"https:\/\/kidsplay.lt\/parduotuve\/"},{"@type":"ListItem","position":3,"name":"Falk Volvo realisti\u0161kas ekskavatorius su 360\u00b0 besisukan\u010dia kabina"}]},{"@type":"WebSite","@id":"https:\/\/kidsplay.lt\/#website","url":"https:\/\/kidsplay.lt\/","name":"B\u0113rnu sp\u0113les.lv","description":"\u012evairios prek\u0117s vaikams","publisher":{"@id":"https:\/\/kidsplay.lt\/#organization"},"alternateName":"Kidsplay","potentialAction":[{"@type":"SearchAction","target":{"@type":"EntryPoint","urlTemplate":"https:\/\/kidsplay.lt\/?s={search_term_string}"},"query-input":{"@type":"PropertyValueSpecification","valueRequired":true,"valueName":"search_term_string"}}],"inLanguage":"lv-LV"},{"@type":"Organization","@id":"https:\/\/kidsplay.lt\/#organization","name":"B\u0113rnu sp\u0113le","url":"https:\/\/kidsplay.lt\/","logo":{"@type":"ImageObject","inLanguage":"lv-LV","@id":"https:\/\/kidsplay.lt\/#\/schema\/logo\/image\/","url":"https:\/\/kidsplay.lt\/wp-content\/uploads\/2023\/07\/kidsplay-logo.png","contentUrl":"https:\/\/kidsplay.lt\/wp-content\/uploads\/2023\/07\/kidsplay-logo.png","width":451,"height":98,"caption":"KidsPlay"},"image":{"@id":"https:\/\/kidsplay.lt\/#\/schema\/logo\/image\/"},"sameAs":["https:\/\/www.facebook.com\/www.kidsplay.lt"]}]}},"_links":{"self":[{"href":"https:\/\/kidsplay.lt\/lv\/wp-json\/wp\/v2\/product\/94653","targetHints":{"allow":["GET"]}}],"collection":[{"href":"https:\/\/kidsplay.lt\/lv\/wp-json\/wp\/v2\/product"}],"about":[{"href":"https:\/\/kidsplay.lt\/lv\/wp-json\/wp\/v2\/types\/product"}],"version-history":[{"count":1,"href":"https:\/\/kidsplay.lt\/lv\/wp-json\/wp\/v2\/product\/94653\/revisions"}],"predecessor-version":[{"id":94654,"href":"https:\/\/kidsplay.lt\/lv\/wp-json\/wp\/v2\/product\/94653\/revisions\/94654"}],"wp:featuredmedia":[{"embeddable":true,"href":"https:\/\/kidsplay.lt\/lv\/wp-json\/wp\/v2\/media\/94655"}],"wp:attachment":[{"href":"https:\/\/kidsplay.lt\/lv\/wp-json\/wp\/v2\/media?parent=94653"}],"wp:term":[{"taxonomy":"product_brand","embeddable":true,"href":"https:\/\/kidsplay.lt\/lv\/wp-json\/wp\/v2\/product_brand?post=94653"},{"taxonomy":"product_cat","embeddable":true,"href":"https:\/\/kidsplay.lt\/lv\/wp-json\/wp\/v2\/product_cat?post=94653"},{"taxonomy":"product_tag","embeddable":true,"href":"https:\/\/kidsplay.lt\/lv\/wp-json\/wp\/v2\/product_tag?post=94653"}],"curies":[{"name":"wp","href":"https:\/\/api.w.org\/{rel}","templated":true}]}}