{"id":94667,"date":"2026-03-19T12:24:38","date_gmt":"2026-03-19T10:24:38","guid":{"rendered":"https:\/\/kidsplay.lt\/produktas\/falk-retro-balansinis-dviratukas-su-placiais-ratais-ir-elastomero-danga\/"},"modified":"2026-04-13T13:56:23","modified_gmt":"2026-04-13T10:56:23","slug":"falk-retro-balansinis-dviratukas-su-placiais-ratais-ir-elastomero-danga","status":"publish","type":"product","link":"https:\/\/kidsplay.lt\/lv\/products\/falk-retro-balansinis-dviratukas-su-placiais-ratais-ir-elastomero-danga\/","title":{"rendered":"Falk retro balansinis dviratukas su pla\u010diais ratais ir elastomero danga"},"content":{"rendered":"<p>Nauja, patobulinta \u017eavingo Falk balansinio dviratuko versija. D\u0117l dideli\u0173 rat\u0173 dviratukas suteikia vaikui reikiam\u0105 stabilum\u0105, o elastomero danga apsaugo nuo \u012fbr\u0117\u017eim\u0173 ir kit\u0173 pa\u017eeidim\u0173. Puikiai tinka tiek \u017eaidimams namuose, tiek lauke.<\/p>\n<p>Raksturojums:<\/p>\n<p> \tSkirtas vaikams nuo 1 met\u0173<br \/>\n \tMaksimali apkrova iki 25 kg<br \/>\n \tTyl\u016bs, neslystantys ratai<br \/>\n \tRatai nepalieka \u017eymi\u0173 ant grind\u0173<br \/>\n \tVairas lengvam valdymui<br \/>\n \tSignalas ant vairo<br \/>\n \tRetro stiliaus dizainas<br \/>\n \tPadengtas elastomero danga<br \/>\n \tPlat\u016bs ratai suteikia daugiau saugumo<br \/>\n \tVaikas lavina pusiausvyr\u0105 ir motorik\u0105<\/p>\n<p>Rota\u013clietu lav\u012bna:<\/p>\n<p> \tPusiausvyr\u0105<br \/>\n \tMotorinius \u012fg\u016bd\u017eius<br \/>\n \tJudesi\u0173 koordinacij\u0105<br \/>\n \tVaiko savaranki\u0161kum\u0105<br \/>\n \tFizin\u012f aktyvum\u0105<br \/>\n \tVaizduot\u0119 ir k\u016brybi\u0161kum\u0105<br \/>\n \tKoncentracij\u0105<br \/>\n \tErdvin\u012f suvokim\u0105<\/p>","protected":false},"excerpt":{"rendered":"<p>Nauja, patobulinta \u017eavingo Falk balansinio dviratuko versija. D\u0117l dideli\u0173 rat\u0173 dviratukas suteikia vaikui reikiam\u0105 stabilum\u0105, o elastomero danga apsaugo nuo<\/p>","protected":false},"featured_media":94669,"template":"","meta":{"_acf_changed":false,"_glsr_average":0,"_glsr_ranking":0,"_glsr_reviews":0},"product_brand":[],"product_cat":[240,237],"product_tag":[],"class_list":{"0":"post-94667","1":"product","2":"type-product","3":"status-publish","4":"has-post-thumbnail","6":"product_cat-balansiniai-dviratukai","7":"product_cat-judejimo-priemones","8":"\"style=\"background-color: #2ecc711c;\"","10":"first","11":"instock","12":"purchasable","13":"product-type-simple"},"acf":[],"yoast_head":"<!-- This site is optimized with the Yoast SEO plugin v27.3 - https:\/\/yoast.com\/product\/yoast-seo-wordpress\/ -->\n<title>Falk retro balansinis dviratukas su pla\u010diais ratais ir elastomero danga<\/title>\n<meta name=\"description\" content=\"Falk retro balansinis dviratukas su pla\u010diais ratais ir elastomero danga - KidsPlay. Did\u017eiausias vaik\u0173 \u017eaisl\u0173 pasirinkimas.\" \/>\n<meta name=\"robots\" content=\"index, follow, max-snippet:-1, max-image-preview:large, max-video-preview:-1\" \/>\n<link rel=\"canonical\" href=\"https:\/\/kidsplay.lt\/lv\/products\/falk-retro-balansinis-dviratukas-su-placiais-ratais-ir-elastomero-danga\/\" \/>\n<meta property=\"og:locale\" content=\"lv_LV\" \/>\n<meta property=\"og:type\" content=\"article\" \/>\n<meta property=\"og:title\" content=\"Falk retro balansinis dviratukas su pla\u010diais ratais ir elastomero danga\" \/>\n<meta property=\"og:description\" content=\"Falk retro balansinis dviratukas su pla\u010diais ratais ir elastomero danga - KidsPlay. Did\u017eiausias vaik\u0173 \u017eaisl\u0173 pasirinkimas.\" \/>\n<meta property=\"og:url\" content=\"https:\/\/kidsplay.lt\/lv\/products\/falk-retro-balansinis-dviratukas-su-placiais-ratais-ir-elastomero-danga\/\" \/>\n<meta property=\"og:site_name\" content=\"KidsPlay\" \/>\n<meta property=\"article:publisher\" content=\"https:\/\/www.facebook.com\/www.kidsplay.lt\" \/>\n<meta property=\"article:modified_time\" content=\"2026-04-13T10:56:23+00:00\" \/>\n<meta property=\"og:image\" content=\"https:\/\/kidsplay.lt\/wp-content\/uploads\/2026\/03\/Falk-retro-balansinis-dviratukas-su-placiais-ratais-ir-elastomero-danga.jpg\" \/>\n\t<meta property=\"og:image:width\" content=\"1000\" \/>\n\t<meta property=\"og:image:height\" content=\"1000\" \/>\n\t<meta property=\"og:image:type\" content=\"image\/jpeg\" \/>\n<meta name=\"twitter:card\" content=\"summary_large_image\" \/>\n<script type=\"application\/ld+json\" class=\"yoast-schema-graph\">{\"@context\":\"https:\\\/\\\/schema.org\",\"@graph\":[{\"@type\":\"WebPage\",\"@id\":\"https:\\\/\\\/kidsplay.lt\\\/produktas\\\/falk-retro-balansinis-dviratukas-su-placiais-ratais-ir-elastomero-danga\\\/\",\"url\":\"https:\\\/\\\/kidsplay.lt\\\/produktas\\\/falk-retro-balansinis-dviratukas-su-placiais-ratais-ir-elastomero-danga\\\/\",\"name\":\"Falk retro balansinis dviratukas su pla\u010diais ratais ir elastomero danga\",\"isPartOf\":{\"@id\":\"https:\\\/\\\/kidsplay.lt\\\/#website\"},\"primaryImageOfPage\":{\"@id\":\"https:\\\/\\\/kidsplay.lt\\\/produktas\\\/falk-retro-balansinis-dviratukas-su-placiais-ratais-ir-elastomero-danga\\\/#primaryimage\"},\"image\":{\"@id\":\"https:\\\/\\\/kidsplay.lt\\\/produktas\\\/falk-retro-balansinis-dviratukas-su-placiais-ratais-ir-elastomero-danga\\\/#primaryimage\"},\"thumbnailUrl\":\"https:\\\/\\\/kidsplay.lt\\\/wp-content\\\/uploads\\\/2026\\\/03\\\/Falk-retro-balansinis-dviratukas-su-placiais-ratais-ir-elastomero-danga.jpg\",\"datePublished\":\"2026-03-19T10:24:38+00:00\",\"dateModified\":\"2026-04-13T10:56:23+00:00\",\"description\":\"Falk retro balansinis dviratukas su pla\u010diais ratais ir elastomero danga - KidsPlay. Did\u017eiausias vaik\u0173 \u017eaisl\u0173 pasirinkimas.\",\"breadcrumb\":{\"@id\":\"https:\\\/\\\/kidsplay.lt\\\/produktas\\\/falk-retro-balansinis-dviratukas-su-placiais-ratais-ir-elastomero-danga\\\/#breadcrumb\"},\"inLanguage\":\"lv-LV\",\"potentialAction\":[{\"@type\":\"ReadAction\",\"target\":[\"https:\\\/\\\/kidsplay.lt\\\/produktas\\\/falk-retro-balansinis-dviratukas-su-placiais-ratais-ir-elastomero-danga\\\/\"]}]},{\"@type\":\"ImageObject\",\"inLanguage\":\"lv-LV\",\"@id\":\"https:\\\/\\\/kidsplay.lt\\\/produktas\\\/falk-retro-balansinis-dviratukas-su-placiais-ratais-ir-elastomero-danga\\\/#primaryimage\",\"url\":\"https:\\\/\\\/kidsplay.lt\\\/wp-content\\\/uploads\\\/2026\\\/03\\\/Falk-retro-balansinis-dviratukas-su-placiais-ratais-ir-elastomero-danga.jpg\",\"contentUrl\":\"https:\\\/\\\/kidsplay.lt\\\/wp-content\\\/uploads\\\/2026\\\/03\\\/Falk-retro-balansinis-dviratukas-su-placiais-ratais-ir-elastomero-danga.jpg\",\"width\":1000,\"height\":1000,\"caption\":\"Falk retro balansinis dviratukas su pla\u010diais ratais ir elastomero danga\"},{\"@type\":\"BreadcrumbList\",\"@id\":\"https:\\\/\\\/kidsplay.lt\\\/produktas\\\/falk-retro-balansinis-dviratukas-su-placiais-ratais-ir-elastomero-danga\\\/#breadcrumb\",\"itemListElement\":[{\"@type\":\"ListItem\",\"position\":1,\"name\":\"Pagrindinis\",\"item\":\"https:\\\/\\\/kidsplay.lt\\\/\"},{\"@type\":\"ListItem\",\"position\":2,\"name\":\"Parduotuv\u0117\",\"item\":\"https:\\\/\\\/kidsplay.lt\\\/parduotuve\\\/\"},{\"@type\":\"ListItem\",\"position\":3,\"name\":\"Falk retro balansinis dviratukas su pla\u010diais ratais ir elastomero danga\"}]},{\"@type\":\"WebSite\",\"@id\":\"https:\\\/\\\/kidsplay.lt\\\/#website\",\"url\":\"https:\\\/\\\/kidsplay.lt\\\/\",\"name\":\"Kidsplay.lt\",\"description\":\"\u012evairios prek\u0117s vaikams\",\"publisher\":{\"@id\":\"https:\\\/\\\/kidsplay.lt\\\/#organization\"},\"alternateName\":\"Kidsplay\",\"potentialAction\":[{\"@type\":\"SearchAction\",\"target\":{\"@type\":\"EntryPoint\",\"urlTemplate\":\"https:\\\/\\\/kidsplay.lt\\\/?s={search_term_string}\"},\"query-input\":{\"@type\":\"PropertyValueSpecification\",\"valueRequired\":true,\"valueName\":\"search_term_string\"}}],\"inLanguage\":\"lv-LV\"},{\"@type\":\"Organization\",\"@id\":\"https:\\\/\\\/kidsplay.lt\\\/#organization\",\"name\":\"KidsPlay\",\"url\":\"https:\\\/\\\/kidsplay.lt\\\/\",\"logo\":{\"@type\":\"ImageObject\",\"inLanguage\":\"lv-LV\",\"@id\":\"https:\\\/\\\/kidsplay.lt\\\/#\\\/schema\\\/logo\\\/image\\\/\",\"url\":\"https:\\\/\\\/kidsplay.lt\\\/wp-content\\\/uploads\\\/2023\\\/07\\\/kidsplay-logo.png\",\"contentUrl\":\"https:\\\/\\\/kidsplay.lt\\\/wp-content\\\/uploads\\\/2023\\\/07\\\/kidsplay-logo.png\",\"width\":451,\"height\":98,\"caption\":\"KidsPlay\"},\"image\":{\"@id\":\"https:\\\/\\\/kidsplay.lt\\\/#\\\/schema\\\/logo\\\/image\\\/\"},\"sameAs\":[\"https:\\\/\\\/www.facebook.com\\\/www.kidsplay.lt\"]}]}<\/script>\n<!-- \/ Yoast SEO plugin. -->","yoast_head_json":{"title":"Falk retro balansinis dviratukas su pla\u010diais ratais ir elastomero danga","description":"Falk retro balansinis dviratukas su pla\u010diais ratais ir elastomero danga - KidsPlay. Did\u017eiausias vaik\u0173 \u017eaisl\u0173 pasirinkimas.","robots":{"index":"index","follow":"follow","max-snippet":"max-snippet:-1","max-image-preview":"max-image-preview:large","max-video-preview":"max-video-preview:-1"},"canonical":"https:\/\/kidsplay.lt\/lv\/products\/falk-retro-balansinis-dviratukas-su-placiais-ratais-ir-elastomero-danga\/","og_locale":"lv_LV","og_type":"article","og_title":"Falk retro balansinis dviratukas su pla\u010diais ratais ir elastomero danga","og_description":"Falk retro balansinis dviratukas su pla\u010diais ratais ir elastomero danga - KidsPlay. Did\u017eiausias vaik\u0173 \u017eaisl\u0173 pasirinkimas.","og_url":"https:\/\/kidsplay.lt\/lv\/products\/falk-retro-balansinis-dviratukas-su-placiais-ratais-ir-elastomero-danga\/","og_site_name":"KidsPlay","article_publisher":"https:\/\/www.facebook.com\/www.kidsplay.lt","article_modified_time":"2026-04-13T10:56:23+00:00","og_image":[{"width":1000,"height":1000,"url":"https:\/\/kidsplay.lt\/wp-content\/uploads\/2026\/03\/Falk-retro-balansinis-dviratukas-su-placiais-ratais-ir-elastomero-danga.jpg","type":"image\/jpeg"}],"twitter_card":"summary_large_image","schema":{"@context":"https:\/\/schema.org","@graph":[{"@type":"WebPage","@id":"https:\/\/kidsplay.lt\/produktas\/falk-retro-balansinis-dviratukas-su-placiais-ratais-ir-elastomero-danga\/","url":"https:\/\/kidsplay.lt\/produktas\/falk-retro-balansinis-dviratukas-su-placiais-ratais-ir-elastomero-danga\/","name":"Falk retro balansinis dviratukas su pla\u010diais ratais ir elastomero danga","isPartOf":{"@id":"https:\/\/kidsplay.lt\/#website"},"primaryImageOfPage":{"@id":"https:\/\/kidsplay.lt\/produktas\/falk-retro-balansinis-dviratukas-su-placiais-ratais-ir-elastomero-danga\/#primaryimage"},"image":{"@id":"https:\/\/kidsplay.lt\/produktas\/falk-retro-balansinis-dviratukas-su-placiais-ratais-ir-elastomero-danga\/#primaryimage"},"thumbnailUrl":"https:\/\/kidsplay.lt\/wp-content\/uploads\/2026\/03\/Falk-retro-balansinis-dviratukas-su-placiais-ratais-ir-elastomero-danga.jpg","datePublished":"2026-03-19T10:24:38+00:00","dateModified":"2026-04-13T10:56:23+00:00","description":"Falk retro balansinis dviratukas su pla\u010diais ratais ir elastomero danga - KidsPlay. Did\u017eiausias vaik\u0173 \u017eaisl\u0173 pasirinkimas.","breadcrumb":{"@id":"https:\/\/kidsplay.lt\/produktas\/falk-retro-balansinis-dviratukas-su-placiais-ratais-ir-elastomero-danga\/#breadcrumb"},"inLanguage":"lv-LV","potentialAction":[{"@type":"ReadAction","target":["https:\/\/kidsplay.lt\/produktas\/falk-retro-balansinis-dviratukas-su-placiais-ratais-ir-elastomero-danga\/"]}]},{"@type":"ImageObject","inLanguage":"lv-LV","@id":"https:\/\/kidsplay.lt\/produktas\/falk-retro-balansinis-dviratukas-su-placiais-ratais-ir-elastomero-danga\/#primaryimage","url":"https:\/\/kidsplay.lt\/wp-content\/uploads\/2026\/03\/Falk-retro-balansinis-dviratukas-su-placiais-ratais-ir-elastomero-danga.jpg","contentUrl":"https:\/\/kidsplay.lt\/wp-content\/uploads\/2026\/03\/Falk-retro-balansinis-dviratukas-su-placiais-ratais-ir-elastomero-danga.jpg","width":1000,"height":1000,"caption":"Falk retro balansinis dviratukas su pla\u010diais ratais ir elastomero danga"},{"@type":"BreadcrumbList","@id":"https:\/\/kidsplay.lt\/produktas\/falk-retro-balansinis-dviratukas-su-placiais-ratais-ir-elastomero-danga\/#breadcrumb","itemListElement":[{"@type":"ListItem","position":1,"name":"Pagrindinis","item":"https:\/\/kidsplay.lt\/"},{"@type":"ListItem","position":2,"name":"Parduotuv\u0117","item":"https:\/\/kidsplay.lt\/parduotuve\/"},{"@type":"ListItem","position":3,"name":"Falk retro balansinis dviratukas su pla\u010diais ratais ir elastomero danga"}]},{"@type":"WebSite","@id":"https:\/\/kidsplay.lt\/#website","url":"https:\/\/kidsplay.lt\/","name":"B\u0113rnu sp\u0113les.lv","description":"\u012evairios prek\u0117s vaikams","publisher":{"@id":"https:\/\/kidsplay.lt\/#organization"},"alternateName":"Kidsplay","potentialAction":[{"@type":"SearchAction","target":{"@type":"EntryPoint","urlTemplate":"https:\/\/kidsplay.lt\/?s={search_term_string}"},"query-input":{"@type":"PropertyValueSpecification","valueRequired":true,"valueName":"search_term_string"}}],"inLanguage":"lv-LV"},{"@type":"Organization","@id":"https:\/\/kidsplay.lt\/#organization","name":"B\u0113rnu sp\u0113le","url":"https:\/\/kidsplay.lt\/","logo":{"@type":"ImageObject","inLanguage":"lv-LV","@id":"https:\/\/kidsplay.lt\/#\/schema\/logo\/image\/","url":"https:\/\/kidsplay.lt\/wp-content\/uploads\/2023\/07\/kidsplay-logo.png","contentUrl":"https:\/\/kidsplay.lt\/wp-content\/uploads\/2023\/07\/kidsplay-logo.png","width":451,"height":98,"caption":"KidsPlay"},"image":{"@id":"https:\/\/kidsplay.lt\/#\/schema\/logo\/image\/"},"sameAs":["https:\/\/www.facebook.com\/www.kidsplay.lt"]}]}},"_links":{"self":[{"href":"https:\/\/kidsplay.lt\/lv\/wp-json\/wp\/v2\/product\/94667","targetHints":{"allow":["GET"]}}],"collection":[{"href":"https:\/\/kidsplay.lt\/lv\/wp-json\/wp\/v2\/product"}],"about":[{"href":"https:\/\/kidsplay.lt\/lv\/wp-json\/wp\/v2\/types\/product"}],"version-history":[{"count":1,"href":"https:\/\/kidsplay.lt\/lv\/wp-json\/wp\/v2\/product\/94667\/revisions"}],"predecessor-version":[{"id":94668,"href":"https:\/\/kidsplay.lt\/lv\/wp-json\/wp\/v2\/product\/94667\/revisions\/94668"}],"wp:featuredmedia":[{"embeddable":true,"href":"https:\/\/kidsplay.lt\/lv\/wp-json\/wp\/v2\/media\/94669"}],"wp:attachment":[{"href":"https:\/\/kidsplay.lt\/lv\/wp-json\/wp\/v2\/media?parent=94667"}],"wp:term":[{"taxonomy":"product_brand","embeddable":true,"href":"https:\/\/kidsplay.lt\/lv\/wp-json\/wp\/v2\/product_brand?post=94667"},{"taxonomy":"product_cat","embeddable":true,"href":"https:\/\/kidsplay.lt\/lv\/wp-json\/wp\/v2\/product_cat?post=94667"},{"taxonomy":"product_tag","embeddable":true,"href":"https:\/\/kidsplay.lt\/lv\/wp-json\/wp\/v2\/product_tag?post=94667"}],"curies":[{"name":"wp","href":"https:\/\/api.w.org\/{rel}","templated":true}]}}