{"id":94681,"date":"2026-03-19T12:25:25","date_gmt":"2026-03-19T10:25:25","guid":{"rendered":"https:\/\/kidsplay.lt\/produktas\/falk-komatsu-ekskavatorius-stumdukas-su-360-kabina-ir-apsauginiu-salmu\/"},"modified":"2026-04-13T13:56:34","modified_gmt":"2026-04-13T10:56:34","slug":"falk-komatsu-ekskavatorius-stumdukas-su-360-kabina-ir-apsauginiu-salmu","status":"publish","type":"product","link":"https:\/\/kidsplay.lt\/lv\/products\/falk-komatsu-ekskavatorius-stumdukas-su-360-kabina-ir-apsauginiu-salmu\/","title":{"rendered":"Falk Komatsu ekskavators-b\u012bd\u012bt\u0101js ar 360\u00b0 kab\u012bni un dro\u0161\u012bbas \u0137iveri"},"content":{"rendered":"<p>Tikro didelio statybinio ekskavatoriaus kopija! Tvirtas FALK Komatsu Digger stumdomas ekskavatorius \u2013 tai idealus \u012frankis kiekvienam ma\u017eajam statybininkui. Tiksliai atkurtos spalvos ir auk\u0161tos kokyb\u0117s med\u017eiagos suteikia \u017eaidimui realisti\u0161kumo. Ekskavatorius turi 360\u00b0 besisukan\u010di\u0105 kabin\u0105 ir visi\u0161kai veikian\u010di\u0105 kau\u0161o sistem\u0105, leid\u017eian\u010di\u0105 kasti ir perkelti sm\u0117l\u012f kaip tikrame ekskavatoriuje. Komplekte esantis apsauginis \u0161almas dar labiau sustiprina vaidmeninio \u017eaidimo patirt\u012f.<\/p>\n<p>\u017daislas yra manevringas, stabilus ir puikiai tinka \u017eaidimams sode, \u017eaidim\u0173 aik\u0161tel\u0117je ar sm\u0117lio d\u0117\u017e\u0117je.<\/p>\n<p>Raksturojums:<\/p>\n<p> \tParedz\u0113ts b\u0113rniem no 3 l\u012bdz 7 gadu vecumam<br \/>\n \tMaksimali apkrova: 50 kg<br \/>\n \tTiksliai atkurianti Komatsu ekskavatoriaus kopija<br \/>\n \t360\u00b0 besisukanti kabina<br \/>\n \tVisi\u0161kai veikiantis, judantis kau\u0161as<br \/>\n \tAtsidaran\u010dia s\u0117dyn\u0117 su vieta smulkiems daiktams<br \/>\n \tDideli, tvirti ratai u\u017etikrina stabilum\u0105 ir lengv\u0105 manevravim\u0105<br \/>\n \tPagamintas i\u0161 auk\u0161tos kokyb\u0117s, patvaraus plastiko<\/p>\n<p>Komplekt\u0101 ietilpst:<\/p>\n<p> \tKomatsu Digger stumdomas ekskavatorius<br \/>\n \tDaiktad\u0117\u017e\u0117 po atsidaran\u010dia s\u0117dyne<br \/>\n \tStatybininko apsauginis \u0161almas<\/p>\n<p>Rota\u013clietu lav\u012bna:<\/p>\n<p> \tStambi\u0105j\u0105 motorik\u0105 ir judesi\u0173 koordinacij\u0105<br \/>\n \tVaizduot\u0119 ir k\u016brybi\u0161kum\u0105 per vaidmeninius \u017eaidimus<br \/>\n \tKoncentracij\u0105 ir login\u012f m\u0105stym\u0105<br \/>\n \tRank\u0173 miklum\u0105 ir judesi\u0173 tikslum\u0105<\/p>","protected":false},"excerpt":{"rendered":"<p>Tikro didelio statybinio ekskavatoriaus kopija! Tvirtas FALK Komatsu Digger stumdomas ekskavatorius \u2013 tai idealus \u012frankis kiekvienam ma\u017eajam statybininkui. Tiksliai atkurtos<\/p>","protected":false},"featured_media":94683,"template":"","meta":{"_acf_changed":false,"_glsr_average":0,"_glsr_ranking":0,"_glsr_reviews":0},"product_brand":[],"product_cat":[237,393],"product_tag":[],"class_list":{"0":"post-94681","1":"product","2":"type-product","3":"status-publish","4":"has-post-thumbnail","6":"product_cat-judejimo-priemones","7":"product_cat-zaisliniai-traktoriai","8":"\"style=\"background-color: #2ecc711c;\"","10":"first","11":"instock","12":"purchasable","13":"product-type-simple"},"acf":[],"yoast_head":"<!-- This site is optimized with the Yoast SEO plugin v27.4 - https:\/\/yoast.com\/product\/yoast-seo-wordpress\/ -->\n<title>Falk Komatsu ekskavatorius\u2013stumdukas su 360\u00b0 kabina ir apsauginiu \u0161almu<\/title>\n<meta name=\"description\" content=\"Falk Komatsu ekskavatorius\u2013stumdukas su 360\u00b0 kabina ir apsauginiu \u0161almu - KidsPlay. Did\u017eiausias vaik\u0173 \u017eaisl\u0173 pasirinkimas.\" \/>\n<meta name=\"robots\" content=\"index, follow, max-snippet:-1, max-image-preview:large, max-video-preview:-1\" \/>\n<link rel=\"canonical\" href=\"https:\/\/kidsplay.lt\/lv\/products\/falk-komatsu-ekskavatorius-stumdukas-su-360-kabina-ir-apsauginiu-salmu\/\" \/>\n<meta property=\"og:locale\" content=\"lv_LV\" \/>\n<meta property=\"og:type\" content=\"article\" \/>\n<meta property=\"og:title\" content=\"Falk Komatsu ekskavatorius\u2013stumdukas su 360\u00b0 kabina ir apsauginiu \u0161almu\" \/>\n<meta property=\"og:description\" content=\"Falk Komatsu ekskavatorius\u2013stumdukas su 360\u00b0 kabina ir apsauginiu \u0161almu - KidsPlay. Did\u017eiausias vaik\u0173 \u017eaisl\u0173 pasirinkimas.\" \/>\n<meta property=\"og:url\" content=\"https:\/\/kidsplay.lt\/lv\/products\/falk-komatsu-ekskavatorius-stumdukas-su-360-kabina-ir-apsauginiu-salmu\/\" \/>\n<meta property=\"og:site_name\" content=\"KidsPlay\" \/>\n<meta property=\"article:publisher\" content=\"https:\/\/www.facebook.com\/www.kidsplay.lt\" \/>\n<meta property=\"article:modified_time\" content=\"2026-04-13T10:56:34+00:00\" \/>\n<meta property=\"og:image\" content=\"https:\/\/kidsplay.lt\/wp-content\/uploads\/2026\/03\/Falk-Komatsu-ekskavatorius\u2013stumdukas-su-360\u00b0-kabina-ir-apsauginiu-salmu.jpg\" \/>\n\t<meta property=\"og:image:width\" content=\"2500\" \/>\n\t<meta property=\"og:image:height\" content=\"2500\" \/>\n\t<meta property=\"og:image:type\" content=\"image\/jpeg\" \/>\n<meta name=\"twitter:card\" content=\"summary_large_image\" \/>\n<meta name=\"twitter:label1\" content=\"Est. reading time\" \/>\n\t<meta name=\"twitter:data1\" content=\"1 min\u016bte\" \/>\n<script type=\"application\/ld+json\" class=\"yoast-schema-graph\">{\"@context\":\"https:\\\/\\\/schema.org\",\"@graph\":[{\"@type\":\"WebPage\",\"@id\":\"https:\\\/\\\/kidsplay.lt\\\/produktas\\\/falk-komatsu-ekskavatorius-stumdukas-su-360-kabina-ir-apsauginiu-salmu\\\/\",\"url\":\"https:\\\/\\\/kidsplay.lt\\\/produktas\\\/falk-komatsu-ekskavatorius-stumdukas-su-360-kabina-ir-apsauginiu-salmu\\\/\",\"name\":\"Falk Komatsu ekskavatorius\u2013stumdukas su 360\u00b0 kabina ir apsauginiu \u0161almu\",\"isPartOf\":{\"@id\":\"https:\\\/\\\/kidsplay.lt\\\/#website\"},\"primaryImageOfPage\":{\"@id\":\"https:\\\/\\\/kidsplay.lt\\\/produktas\\\/falk-komatsu-ekskavatorius-stumdukas-su-360-kabina-ir-apsauginiu-salmu\\\/#primaryimage\"},\"image\":{\"@id\":\"https:\\\/\\\/kidsplay.lt\\\/produktas\\\/falk-komatsu-ekskavatorius-stumdukas-su-360-kabina-ir-apsauginiu-salmu\\\/#primaryimage\"},\"thumbnailUrl\":\"https:\\\/\\\/kidsplay.lt\\\/wp-content\\\/uploads\\\/2026\\\/03\\\/Falk-Komatsu-ekskavatorius\u2013stumdukas-su-360\u00b0-kabina-ir-apsauginiu-salmu.jpg\",\"datePublished\":\"2026-03-19T10:25:25+00:00\",\"dateModified\":\"2026-04-13T10:56:34+00:00\",\"description\":\"Falk Komatsu ekskavatorius\u2013stumdukas su 360\u00b0 kabina ir apsauginiu \u0161almu - KidsPlay. Did\u017eiausias vaik\u0173 \u017eaisl\u0173 pasirinkimas.\",\"breadcrumb\":{\"@id\":\"https:\\\/\\\/kidsplay.lt\\\/produktas\\\/falk-komatsu-ekskavatorius-stumdukas-su-360-kabina-ir-apsauginiu-salmu\\\/#breadcrumb\"},\"inLanguage\":\"lv-LV\",\"potentialAction\":[{\"@type\":\"ReadAction\",\"target\":[\"https:\\\/\\\/kidsplay.lt\\\/produktas\\\/falk-komatsu-ekskavatorius-stumdukas-su-360-kabina-ir-apsauginiu-salmu\\\/\"]}]},{\"@type\":\"ImageObject\",\"inLanguage\":\"lv-LV\",\"@id\":\"https:\\\/\\\/kidsplay.lt\\\/produktas\\\/falk-komatsu-ekskavatorius-stumdukas-su-360-kabina-ir-apsauginiu-salmu\\\/#primaryimage\",\"url\":\"https:\\\/\\\/kidsplay.lt\\\/wp-content\\\/uploads\\\/2026\\\/03\\\/Falk-Komatsu-ekskavatorius\u2013stumdukas-su-360\u00b0-kabina-ir-apsauginiu-salmu.jpg\",\"contentUrl\":\"https:\\\/\\\/kidsplay.lt\\\/wp-content\\\/uploads\\\/2026\\\/03\\\/Falk-Komatsu-ekskavatorius\u2013stumdukas-su-360\u00b0-kabina-ir-apsauginiu-salmu.jpg\",\"width\":2500,\"height\":2500,\"caption\":\"Falk Komatsu ekskavatorius\u2013stumdukas su 360\u00b0 kabina ir apsauginiu \u0161almu\"},{\"@type\":\"BreadcrumbList\",\"@id\":\"https:\\\/\\\/kidsplay.lt\\\/produktas\\\/falk-komatsu-ekskavatorius-stumdukas-su-360-kabina-ir-apsauginiu-salmu\\\/#breadcrumb\",\"itemListElement\":[{\"@type\":\"ListItem\",\"position\":1,\"name\":\"Pagrindinis\",\"item\":\"https:\\\/\\\/kidsplay.lt\\\/\"},{\"@type\":\"ListItem\",\"position\":2,\"name\":\"Parduotuv\u0117\",\"item\":\"https:\\\/\\\/kidsplay.lt\\\/parduotuve\\\/\"},{\"@type\":\"ListItem\",\"position\":3,\"name\":\"Falk Komatsu ekskavatorius\u2013stumdukas su 360\u00b0 kabina ir apsauginiu \u0161almu\"}]},{\"@type\":\"WebSite\",\"@id\":\"https:\\\/\\\/kidsplay.lt\\\/#website\",\"url\":\"https:\\\/\\\/kidsplay.lt\\\/\",\"name\":\"Kidsplay.lt\",\"description\":\"\u012evairios prek\u0117s vaikams\",\"publisher\":{\"@id\":\"https:\\\/\\\/kidsplay.lt\\\/#organization\"},\"alternateName\":\"Kidsplay\",\"potentialAction\":[{\"@type\":\"SearchAction\",\"target\":{\"@type\":\"EntryPoint\",\"urlTemplate\":\"https:\\\/\\\/kidsplay.lt\\\/?s={search_term_string}\"},\"query-input\":{\"@type\":\"PropertyValueSpecification\",\"valueRequired\":true,\"valueName\":\"search_term_string\"}}],\"inLanguage\":\"lv-LV\"},{\"@type\":\"Organization\",\"@id\":\"https:\\\/\\\/kidsplay.lt\\\/#organization\",\"name\":\"KidsPlay\",\"url\":\"https:\\\/\\\/kidsplay.lt\\\/\",\"logo\":{\"@type\":\"ImageObject\",\"inLanguage\":\"lv-LV\",\"@id\":\"https:\\\/\\\/kidsplay.lt\\\/#\\\/schema\\\/logo\\\/image\\\/\",\"url\":\"https:\\\/\\\/kidsplay.lt\\\/wp-content\\\/uploads\\\/2023\\\/07\\\/kidsplay-logo.png\",\"contentUrl\":\"https:\\\/\\\/kidsplay.lt\\\/wp-content\\\/uploads\\\/2023\\\/07\\\/kidsplay-logo.png\",\"width\":451,\"height\":98,\"caption\":\"KidsPlay\"},\"image\":{\"@id\":\"https:\\\/\\\/kidsplay.lt\\\/#\\\/schema\\\/logo\\\/image\\\/\"},\"sameAs\":[\"https:\\\/\\\/www.facebook.com\\\/www.kidsplay.lt\"]}]}<\/script>\n<!-- \/ Yoast SEO plugin. -->","yoast_head_json":{"title":"Falk Komatsu ekskavators-b\u012bd\u012bt\u0101js ar 360\u00b0 kab\u012bni un dro\u0161\u012bbas \u0137iveri","description":"Falk Komatsu ekskavatorius\u2013stumdukas su 360\u00b0 kabina ir apsauginiu \u0161almu - KidsPlay. Did\u017eiausias vaik\u0173 \u017eaisl\u0173 pasirinkimas.","robots":{"index":"index","follow":"follow","max-snippet":"max-snippet:-1","max-image-preview":"max-image-preview:large","max-video-preview":"max-video-preview:-1"},"canonical":"https:\/\/kidsplay.lt\/lv\/products\/falk-komatsu-ekskavatorius-stumdukas-su-360-kabina-ir-apsauginiu-salmu\/","og_locale":"lv_LV","og_type":"article","og_title":"Falk Komatsu ekskavatorius\u2013stumdukas su 360\u00b0 kabina ir apsauginiu \u0161almu","og_description":"Falk Komatsu ekskavatorius\u2013stumdukas su 360\u00b0 kabina ir apsauginiu \u0161almu - KidsPlay. Did\u017eiausias vaik\u0173 \u017eaisl\u0173 pasirinkimas.","og_url":"https:\/\/kidsplay.lt\/lv\/products\/falk-komatsu-ekskavatorius-stumdukas-su-360-kabina-ir-apsauginiu-salmu\/","og_site_name":"KidsPlay","article_publisher":"https:\/\/www.facebook.com\/www.kidsplay.lt","article_modified_time":"2026-04-13T10:56:34+00:00","og_image":[{"width":2500,"height":2500,"url":"https:\/\/kidsplay.lt\/wp-content\/uploads\/2026\/03\/Falk-Komatsu-ekskavatorius\u2013stumdukas-su-360\u00b0-kabina-ir-apsauginiu-salmu.jpg","type":"image\/jpeg"}],"twitter_card":"summary_large_image","twitter_misc":{"Est. reading time":"1 min\u016bte"},"schema":{"@context":"https:\/\/schema.org","@graph":[{"@type":"WebPage","@id":"https:\/\/kidsplay.lt\/produktas\/falk-komatsu-ekskavatorius-stumdukas-su-360-kabina-ir-apsauginiu-salmu\/","url":"https:\/\/kidsplay.lt\/produktas\/falk-komatsu-ekskavatorius-stumdukas-su-360-kabina-ir-apsauginiu-salmu\/","name":"Falk Komatsu ekskavators-b\u012bd\u012bt\u0101js ar 360\u00b0 kab\u012bni un dro\u0161\u012bbas \u0137iveri","isPartOf":{"@id":"https:\/\/kidsplay.lt\/#website"},"primaryImageOfPage":{"@id":"https:\/\/kidsplay.lt\/produktas\/falk-komatsu-ekskavatorius-stumdukas-su-360-kabina-ir-apsauginiu-salmu\/#primaryimage"},"image":{"@id":"https:\/\/kidsplay.lt\/produktas\/falk-komatsu-ekskavatorius-stumdukas-su-360-kabina-ir-apsauginiu-salmu\/#primaryimage"},"thumbnailUrl":"https:\/\/kidsplay.lt\/wp-content\/uploads\/2026\/03\/Falk-Komatsu-ekskavatorius\u2013stumdukas-su-360\u00b0-kabina-ir-apsauginiu-salmu.jpg","datePublished":"2026-03-19T10:25:25+00:00","dateModified":"2026-04-13T10:56:34+00:00","description":"Falk Komatsu ekskavatorius\u2013stumdukas su 360\u00b0 kabina ir apsauginiu \u0161almu - KidsPlay. Did\u017eiausias vaik\u0173 \u017eaisl\u0173 pasirinkimas.","breadcrumb":{"@id":"https:\/\/kidsplay.lt\/produktas\/falk-komatsu-ekskavatorius-stumdukas-su-360-kabina-ir-apsauginiu-salmu\/#breadcrumb"},"inLanguage":"lv-LV","potentialAction":[{"@type":"ReadAction","target":["https:\/\/kidsplay.lt\/produktas\/falk-komatsu-ekskavatorius-stumdukas-su-360-kabina-ir-apsauginiu-salmu\/"]}]},{"@type":"ImageObject","inLanguage":"lv-LV","@id":"https:\/\/kidsplay.lt\/produktas\/falk-komatsu-ekskavatorius-stumdukas-su-360-kabina-ir-apsauginiu-salmu\/#primaryimage","url":"https:\/\/kidsplay.lt\/wp-content\/uploads\/2026\/03\/Falk-Komatsu-ekskavatorius\u2013stumdukas-su-360\u00b0-kabina-ir-apsauginiu-salmu.jpg","contentUrl":"https:\/\/kidsplay.lt\/wp-content\/uploads\/2026\/03\/Falk-Komatsu-ekskavatorius\u2013stumdukas-su-360\u00b0-kabina-ir-apsauginiu-salmu.jpg","width":2500,"height":2500,"caption":"Falk Komatsu ekskavatorius\u2013stumdukas su 360\u00b0 kabina ir apsauginiu \u0161almu"},{"@type":"BreadcrumbList","@id":"https:\/\/kidsplay.lt\/produktas\/falk-komatsu-ekskavatorius-stumdukas-su-360-kabina-ir-apsauginiu-salmu\/#breadcrumb","itemListElement":[{"@type":"ListItem","position":1,"name":"Pagrindinis","item":"https:\/\/kidsplay.lt\/"},{"@type":"ListItem","position":2,"name":"Parduotuv\u0117","item":"https:\/\/kidsplay.lt\/parduotuve\/"},{"@type":"ListItem","position":3,"name":"Falk Komatsu ekskavatorius\u2013stumdukas su 360\u00b0 kabina ir apsauginiu \u0161almu"}]},{"@type":"WebSite","@id":"https:\/\/kidsplay.lt\/#website","url":"https:\/\/kidsplay.lt\/","name":"B\u0113rnu sp\u0113les.lv","description":"\u012evairios prek\u0117s vaikams","publisher":{"@id":"https:\/\/kidsplay.lt\/#organization"},"alternateName":"Kidsplay","potentialAction":[{"@type":"SearchAction","target":{"@type":"EntryPoint","urlTemplate":"https:\/\/kidsplay.lt\/?s={search_term_string}"},"query-input":{"@type":"PropertyValueSpecification","valueRequired":true,"valueName":"search_term_string"}}],"inLanguage":"lv-LV"},{"@type":"Organization","@id":"https:\/\/kidsplay.lt\/#organization","name":"B\u0113rnu sp\u0113le","url":"https:\/\/kidsplay.lt\/","logo":{"@type":"ImageObject","inLanguage":"lv-LV","@id":"https:\/\/kidsplay.lt\/#\/schema\/logo\/image\/","url":"https:\/\/kidsplay.lt\/wp-content\/uploads\/2023\/07\/kidsplay-logo.png","contentUrl":"https:\/\/kidsplay.lt\/wp-content\/uploads\/2023\/07\/kidsplay-logo.png","width":451,"height":98,"caption":"KidsPlay"},"image":{"@id":"https:\/\/kidsplay.lt\/#\/schema\/logo\/image\/"},"sameAs":["https:\/\/www.facebook.com\/www.kidsplay.lt"]}]}},"_links":{"self":[{"href":"https:\/\/kidsplay.lt\/lv\/wp-json\/wp\/v2\/product\/94681","targetHints":{"allow":["GET"]}}],"collection":[{"href":"https:\/\/kidsplay.lt\/lv\/wp-json\/wp\/v2\/product"}],"about":[{"href":"https:\/\/kidsplay.lt\/lv\/wp-json\/wp\/v2\/types\/product"}],"version-history":[{"count":1,"href":"https:\/\/kidsplay.lt\/lv\/wp-json\/wp\/v2\/product\/94681\/revisions"}],"predecessor-version":[{"id":94682,"href":"https:\/\/kidsplay.lt\/lv\/wp-json\/wp\/v2\/product\/94681\/revisions\/94682"}],"wp:featuredmedia":[{"embeddable":true,"href":"https:\/\/kidsplay.lt\/lv\/wp-json\/wp\/v2\/media\/94683"}],"wp:attachment":[{"href":"https:\/\/kidsplay.lt\/lv\/wp-json\/wp\/v2\/media?parent=94681"}],"wp:term":[{"taxonomy":"product_brand","embeddable":true,"href":"https:\/\/kidsplay.lt\/lv\/wp-json\/wp\/v2\/product_brand?post=94681"},{"taxonomy":"product_cat","embeddable":true,"href":"https:\/\/kidsplay.lt\/lv\/wp-json\/wp\/v2\/product_cat?post=94681"},{"taxonomy":"product_tag","embeddable":true,"href":"https:\/\/kidsplay.lt\/lv\/wp-json\/wp\/v2\/product_tag?post=94681"}],"curies":[{"name":"wp","href":"https:\/\/api.w.org\/{rel}","templated":true}]}}