{"id":94723,"date":"2026-03-19T12:27:33","date_gmt":"2026-03-19T10:27:33","guid":{"rendered":"https:\/\/kidsplay.lt\/produktas\/falk-marcel-ekskavatorius-stumdukas-su-priekaba-ir-dviem-kausais\/"},"modified":"2026-04-07T09:36:35","modified_gmt":"2026-04-07T06:36:35","slug":"falk-marcel-ekskavatorius-stumdukas-su-priekaba-ir-dviem-kausais","status":"publish","type":"product","link":"https:\/\/kidsplay.lt\/lv\/product\/falk-marcel-ekskavatorius-stumdukas-su-priekaba-ir-dviem-kausais\/","title":{"rendered":"Falk Marcel ekskavators-iekr\u0101v\u0113js ar piekabi un diviem kausiem"},"content":{"rendered":"<p>FALK Marcel Ride-On Excavator \u2013 tai pirmasis kompakti\u0161kas stumdukas su veikian\u010diu priekiniu kau\u0161u, galiniu ekskavatoriumi, vairu su signalu ir nuimama priekaba. Sukurtas vaikams nuo 12 m\u0117nesi\u0173, jis kvie\u010dia \u017eaisti tiek namuose, tiek lauke.<\/p>\n<p>Tvirta konstrukcija ir apgalvotos detal\u0117s \u2013 spragsintis raktelis, pasukamas vairas, daiktad\u0117\u017e\u0117 po s\u0117dyne \u2013 suteikia \u017eaidimui realisti\u0161kumo ir skatina vaidmeninius scenarijus. Galin\u0117 rankena padeda ma\u017eyliui mokytis vaik\u0161\u010dioti ir lengviau stumti transport\u0105.<\/p>\n<p>Raksturojums:<\/p>\n<p> \tSkirtas vaikams nuo 1 met\u0173<br \/>\n \tMaksimali apkrova: 25 kg<br \/>\n \tPagamintas i\u0161 auk\u0161tos kokyb\u0117s med\u017eiag\u0173<br \/>\n \tFunkcionalus priekinis kau\u0161as smulkiems daiktams semti ir versti<br \/>\n \tFunkcionalus galinis ekskavatoriaus kau\u0161as priekabai pakrauti<br \/>\n \tVairas su signalu ir spragsin\u010diu rakteliu<br \/>\n \tGalin\u0117 rankena mokymuisi vaik\u0161\u010dioti ir stumti<br \/>\n \tDaiktad\u0117\u017e\u0117 po s\u0117dyne ma\u017eojo operatoriaus \u201elobiams\u201c<\/p>\n<p>Rinkinyje yra:<\/p>\n<p> \tMarcel ekskavatorius\u2013stumdukas<br \/>\n \tPriekinis kau\u0161as<br \/>\n \tGalinis ekskavatoriaus kau\u0161as<br \/>\n \tNuimama priekaba<br \/>\n \tGalin\u0117 rankena stumimui \/ vaik\u0161\u010diojimo mokymuisi<\/p>\n<p>\u017daislas lavina:<\/p>\n<p> \tMotorinius \u012fg\u016bd\u017eius<br \/>\n \tVaizduot\u0119<br \/>\n \tK\u016brybi\u0161kum\u0105<\/p>","protected":false},"excerpt":{"rendered":"<p>FALK Marcel Ride-On Excavator \u2013 tai pirmasis kompakti\u0161kas stumdukas su veikian\u010diu priekiniu kau\u0161u, galiniu ekskavatoriumi, vairu su signalu ir nuimama<\/p>","protected":false},"featured_media":94725,"template":"","meta":{"_acf_changed":false,"_glsr_average":0,"_glsr_ranking":0,"_glsr_reviews":0},"product_brand":[],"product_cat":[237,393],"product_tag":[],"class_list":{"0":"post-94723","1":"product","2":"type-product","3":"status-publish","4":"has-post-thumbnail","6":"product_cat-judejimo-priemones","7":"product_cat-zaisliniai-traktoriai","8":"\"style=\"background-color: #2ecc711c;\"","10":"first","11":"instock","12":"purchasable","13":"product-type-simple"},"acf":[],"yoast_head":"<!-- This site is optimized with the Yoast SEO plugin v27.3 - https:\/\/yoast.com\/product\/yoast-seo-wordpress\/ -->\n<title>Falk Marcel ekskavatorius\u2013stumdukas su priekaba ir dviem kau\u0161ais<\/title>\n<meta name=\"description\" content=\"Falk Marcel ekskavatorius\u2013stumdukas su priekaba ir dviem kau\u0161ais - KidsPlay. Did\u017eiausias vaik\u0173 \u017eaisl\u0173 pasirinkimas.\" \/>\n<meta name=\"robots\" content=\"index, follow, max-snippet:-1, max-image-preview:large, max-video-preview:-1\" \/>\n<link rel=\"canonical\" href=\"https:\/\/kidsplay.lt\/lv\/product\/falk-marcel-ekskavatorius-stumdukas-su-priekaba-ir-dviem-kausais\/\" \/>\n<meta property=\"og:locale\" content=\"lv_LV\" \/>\n<meta property=\"og:type\" content=\"article\" \/>\n<meta property=\"og:title\" content=\"Falk Marcel ekskavatorius\u2013stumdukas su priekaba ir dviem kau\u0161ais\" \/>\n<meta property=\"og:description\" content=\"Falk Marcel ekskavatorius\u2013stumdukas su priekaba ir dviem kau\u0161ais - KidsPlay. Did\u017eiausias vaik\u0173 \u017eaisl\u0173 pasirinkimas.\" \/>\n<meta property=\"og:url\" content=\"https:\/\/kidsplay.lt\/lv\/product\/falk-marcel-ekskavatorius-stumdukas-su-priekaba-ir-dviem-kausais\/\" \/>\n<meta property=\"og:site_name\" content=\"KidsPlay\" \/>\n<meta property=\"article:publisher\" content=\"https:\/\/www.facebook.com\/www.kidsplay.lt\" \/>\n<meta property=\"article:modified_time\" content=\"2026-04-07T06:36:35+00:00\" \/>\n<meta property=\"og:image\" content=\"https:\/\/kidsplay.lt\/wp-content\/uploads\/2026\/03\/Falk-Marcel-ekskavatorius\u2013stumdukas-su-priekaba-ir-dviem-kausais.jpg\" \/>\n\t<meta property=\"og:image:width\" content=\"1000\" \/>\n\t<meta property=\"og:image:height\" content=\"1000\" \/>\n\t<meta property=\"og:image:type\" content=\"image\/jpeg\" \/>\n<meta name=\"twitter:card\" content=\"summary_large_image\" \/>\n<meta name=\"twitter:label1\" content=\"Est. reading time\" \/>\n\t<meta name=\"twitter:data1\" content=\"1 min\u016bte\" \/>\n<script type=\"application\/ld+json\" class=\"yoast-schema-graph\">{\"@context\":\"https:\\\/\\\/schema.org\",\"@graph\":[{\"@type\":\"WebPage\",\"@id\":\"https:\\\/\\\/kidsplay.lt\\\/produktas\\\/falk-marcel-ekskavatorius-stumdukas-su-priekaba-ir-dviem-kausais\\\/\",\"url\":\"https:\\\/\\\/kidsplay.lt\\\/produktas\\\/falk-marcel-ekskavatorius-stumdukas-su-priekaba-ir-dviem-kausais\\\/\",\"name\":\"Falk Marcel ekskavatorius\u2013stumdukas su priekaba ir dviem kau\u0161ais\",\"isPartOf\":{\"@id\":\"https:\\\/\\\/kidsplay.lt\\\/#website\"},\"primaryImageOfPage\":{\"@id\":\"https:\\\/\\\/kidsplay.lt\\\/produktas\\\/falk-marcel-ekskavatorius-stumdukas-su-priekaba-ir-dviem-kausais\\\/#primaryimage\"},\"image\":{\"@id\":\"https:\\\/\\\/kidsplay.lt\\\/produktas\\\/falk-marcel-ekskavatorius-stumdukas-su-priekaba-ir-dviem-kausais\\\/#primaryimage\"},\"thumbnailUrl\":\"https:\\\/\\\/kidsplay.lt\\\/wp-content\\\/uploads\\\/2026\\\/03\\\/Falk-Marcel-ekskavatorius\u2013stumdukas-su-priekaba-ir-dviem-kausais.jpg\",\"datePublished\":\"2026-03-19T10:27:33+00:00\",\"dateModified\":\"2026-04-07T06:36:35+00:00\",\"description\":\"Falk Marcel ekskavatorius\u2013stumdukas su priekaba ir dviem kau\u0161ais - KidsPlay. Did\u017eiausias vaik\u0173 \u017eaisl\u0173 pasirinkimas.\",\"breadcrumb\":{\"@id\":\"https:\\\/\\\/kidsplay.lt\\\/produktas\\\/falk-marcel-ekskavatorius-stumdukas-su-priekaba-ir-dviem-kausais\\\/#breadcrumb\"},\"inLanguage\":\"lv-LV\",\"potentialAction\":[{\"@type\":\"ReadAction\",\"target\":[\"https:\\\/\\\/kidsplay.lt\\\/produktas\\\/falk-marcel-ekskavatorius-stumdukas-su-priekaba-ir-dviem-kausais\\\/\"]}]},{\"@type\":\"ImageObject\",\"inLanguage\":\"lv-LV\",\"@id\":\"https:\\\/\\\/kidsplay.lt\\\/produktas\\\/falk-marcel-ekskavatorius-stumdukas-su-priekaba-ir-dviem-kausais\\\/#primaryimage\",\"url\":\"https:\\\/\\\/kidsplay.lt\\\/wp-content\\\/uploads\\\/2026\\\/03\\\/Falk-Marcel-ekskavatorius\u2013stumdukas-su-priekaba-ir-dviem-kausais.jpg\",\"contentUrl\":\"https:\\\/\\\/kidsplay.lt\\\/wp-content\\\/uploads\\\/2026\\\/03\\\/Falk-Marcel-ekskavatorius\u2013stumdukas-su-priekaba-ir-dviem-kausais.jpg\",\"width\":1000,\"height\":1000,\"caption\":\"Falk Marcel ekskavatorius\u2013stumdukas su priekaba ir dviem kau\u0161ais\"},{\"@type\":\"BreadcrumbList\",\"@id\":\"https:\\\/\\\/kidsplay.lt\\\/produktas\\\/falk-marcel-ekskavatorius-stumdukas-su-priekaba-ir-dviem-kausais\\\/#breadcrumb\",\"itemListElement\":[{\"@type\":\"ListItem\",\"position\":1,\"name\":\"Pagrindinis\",\"item\":\"https:\\\/\\\/kidsplay.lt\\\/\"},{\"@type\":\"ListItem\",\"position\":2,\"name\":\"Parduotuv\u0117\",\"item\":\"https:\\\/\\\/kidsplay.lt\\\/parduotuve\\\/\"},{\"@type\":\"ListItem\",\"position\":3,\"name\":\"Falk Marcel ekskavatorius\u2013stumdukas su priekaba ir dviem kau\u0161ais\"}]},{\"@type\":\"WebSite\",\"@id\":\"https:\\\/\\\/kidsplay.lt\\\/#website\",\"url\":\"https:\\\/\\\/kidsplay.lt\\\/\",\"name\":\"Kidsplay.lt\",\"description\":\"\u012evairios prek\u0117s vaikams\",\"publisher\":{\"@id\":\"https:\\\/\\\/kidsplay.lt\\\/#organization\"},\"alternateName\":\"Kidsplay\",\"potentialAction\":[{\"@type\":\"SearchAction\",\"target\":{\"@type\":\"EntryPoint\",\"urlTemplate\":\"https:\\\/\\\/kidsplay.lt\\\/?s={search_term_string}\"},\"query-input\":{\"@type\":\"PropertyValueSpecification\",\"valueRequired\":true,\"valueName\":\"search_term_string\"}}],\"inLanguage\":\"lv-LV\"},{\"@type\":\"Organization\",\"@id\":\"https:\\\/\\\/kidsplay.lt\\\/#organization\",\"name\":\"KidsPlay\",\"url\":\"https:\\\/\\\/kidsplay.lt\\\/\",\"logo\":{\"@type\":\"ImageObject\",\"inLanguage\":\"lv-LV\",\"@id\":\"https:\\\/\\\/kidsplay.lt\\\/#\\\/schema\\\/logo\\\/image\\\/\",\"url\":\"https:\\\/\\\/kidsplay.lt\\\/wp-content\\\/uploads\\\/2023\\\/07\\\/kidsplay-logo.png\",\"contentUrl\":\"https:\\\/\\\/kidsplay.lt\\\/wp-content\\\/uploads\\\/2023\\\/07\\\/kidsplay-logo.png\",\"width\":451,\"height\":98,\"caption\":\"KidsPlay\"},\"image\":{\"@id\":\"https:\\\/\\\/kidsplay.lt\\\/#\\\/schema\\\/logo\\\/image\\\/\"},\"sameAs\":[\"https:\\\/\\\/www.facebook.com\\\/www.kidsplay.lt\"]}]}<\/script>\n<!-- \/ Yoast SEO plugin. -->","yoast_head_json":{"title":"Falk Marcel ekskavators-iekr\u0101v\u0113js ar piekabi un diviem kausiem","description":"Falk Marcel ekskavatorius\u2013stumdukas su priekaba ir dviem kau\u0161ais - KidsPlay. Did\u017eiausias vaik\u0173 \u017eaisl\u0173 pasirinkimas.","robots":{"index":"index","follow":"follow","max-snippet":"max-snippet:-1","max-image-preview":"max-image-preview:large","max-video-preview":"max-video-preview:-1"},"canonical":"https:\/\/kidsplay.lt\/lv\/product\/falk-marcel-ekskavatorius-stumdukas-su-priekaba-ir-dviem-kausais\/","og_locale":"lv_LV","og_type":"article","og_title":"Falk Marcel ekskavatorius\u2013stumdukas su priekaba ir dviem kau\u0161ais","og_description":"Falk Marcel ekskavatorius\u2013stumdukas su priekaba ir dviem kau\u0161ais - KidsPlay. Did\u017eiausias vaik\u0173 \u017eaisl\u0173 pasirinkimas.","og_url":"https:\/\/kidsplay.lt\/lv\/product\/falk-marcel-ekskavatorius-stumdukas-su-priekaba-ir-dviem-kausais\/","og_site_name":"KidsPlay","article_publisher":"https:\/\/www.facebook.com\/www.kidsplay.lt","article_modified_time":"2026-04-07T06:36:35+00:00","og_image":[{"width":1000,"height":1000,"url":"https:\/\/kidsplay.lt\/wp-content\/uploads\/2026\/03\/Falk-Marcel-ekskavatorius\u2013stumdukas-su-priekaba-ir-dviem-kausais.jpg","type":"image\/jpeg"}],"twitter_card":"summary_large_image","twitter_misc":{"Est. reading time":"1 min\u016bte"},"schema":{"@context":"https:\/\/schema.org","@graph":[{"@type":"WebPage","@id":"https:\/\/kidsplay.lt\/produktas\/falk-marcel-ekskavatorius-stumdukas-su-priekaba-ir-dviem-kausais\/","url":"https:\/\/kidsplay.lt\/produktas\/falk-marcel-ekskavatorius-stumdukas-su-priekaba-ir-dviem-kausais\/","name":"Falk Marcel ekskavators-iekr\u0101v\u0113js ar piekabi un diviem kausiem","isPartOf":{"@id":"https:\/\/kidsplay.lt\/#website"},"primaryImageOfPage":{"@id":"https:\/\/kidsplay.lt\/produktas\/falk-marcel-ekskavatorius-stumdukas-su-priekaba-ir-dviem-kausais\/#primaryimage"},"image":{"@id":"https:\/\/kidsplay.lt\/produktas\/falk-marcel-ekskavatorius-stumdukas-su-priekaba-ir-dviem-kausais\/#primaryimage"},"thumbnailUrl":"https:\/\/kidsplay.lt\/wp-content\/uploads\/2026\/03\/Falk-Marcel-ekskavatorius\u2013stumdukas-su-priekaba-ir-dviem-kausais.jpg","datePublished":"2026-03-19T10:27:33+00:00","dateModified":"2026-04-07T06:36:35+00:00","description":"Falk Marcel ekskavatorius\u2013stumdukas su priekaba ir dviem kau\u0161ais - KidsPlay. Did\u017eiausias vaik\u0173 \u017eaisl\u0173 pasirinkimas.","breadcrumb":{"@id":"https:\/\/kidsplay.lt\/produktas\/falk-marcel-ekskavatorius-stumdukas-su-priekaba-ir-dviem-kausais\/#breadcrumb"},"inLanguage":"lv-LV","potentialAction":[{"@type":"ReadAction","target":["https:\/\/kidsplay.lt\/produktas\/falk-marcel-ekskavatorius-stumdukas-su-priekaba-ir-dviem-kausais\/"]}]},{"@type":"ImageObject","inLanguage":"lv-LV","@id":"https:\/\/kidsplay.lt\/produktas\/falk-marcel-ekskavatorius-stumdukas-su-priekaba-ir-dviem-kausais\/#primaryimage","url":"https:\/\/kidsplay.lt\/wp-content\/uploads\/2026\/03\/Falk-Marcel-ekskavatorius\u2013stumdukas-su-priekaba-ir-dviem-kausais.jpg","contentUrl":"https:\/\/kidsplay.lt\/wp-content\/uploads\/2026\/03\/Falk-Marcel-ekskavatorius\u2013stumdukas-su-priekaba-ir-dviem-kausais.jpg","width":1000,"height":1000,"caption":"Falk Marcel ekskavatorius\u2013stumdukas su priekaba ir dviem kau\u0161ais"},{"@type":"BreadcrumbList","@id":"https:\/\/kidsplay.lt\/produktas\/falk-marcel-ekskavatorius-stumdukas-su-priekaba-ir-dviem-kausais\/#breadcrumb","itemListElement":[{"@type":"ListItem","position":1,"name":"Pagrindinis","item":"https:\/\/kidsplay.lt\/"},{"@type":"ListItem","position":2,"name":"Parduotuv\u0117","item":"https:\/\/kidsplay.lt\/parduotuve\/"},{"@type":"ListItem","position":3,"name":"Falk Marcel ekskavatorius\u2013stumdukas su priekaba ir dviem kau\u0161ais"}]},{"@type":"WebSite","@id":"https:\/\/kidsplay.lt\/#website","url":"https:\/\/kidsplay.lt\/","name":"B\u0113rnu sp\u0113les.lv","description":"\u012evairios prek\u0117s vaikams","publisher":{"@id":"https:\/\/kidsplay.lt\/#organization"},"alternateName":"Kidsplay","potentialAction":[{"@type":"SearchAction","target":{"@type":"EntryPoint","urlTemplate":"https:\/\/kidsplay.lt\/?s={search_term_string}"},"query-input":{"@type":"PropertyValueSpecification","valueRequired":true,"valueName":"search_term_string"}}],"inLanguage":"lv-LV"},{"@type":"Organization","@id":"https:\/\/kidsplay.lt\/#organization","name":"B\u0113rnu sp\u0113le","url":"https:\/\/kidsplay.lt\/","logo":{"@type":"ImageObject","inLanguage":"lv-LV","@id":"https:\/\/kidsplay.lt\/#\/schema\/logo\/image\/","url":"https:\/\/kidsplay.lt\/wp-content\/uploads\/2023\/07\/kidsplay-logo.png","contentUrl":"https:\/\/kidsplay.lt\/wp-content\/uploads\/2023\/07\/kidsplay-logo.png","width":451,"height":98,"caption":"KidsPlay"},"image":{"@id":"https:\/\/kidsplay.lt\/#\/schema\/logo\/image\/"},"sameAs":["https:\/\/www.facebook.com\/www.kidsplay.lt"]}]}},"_links":{"self":[{"href":"https:\/\/kidsplay.lt\/lv\/wp-json\/wp\/v2\/product\/94723","targetHints":{"allow":["GET"]}}],"collection":[{"href":"https:\/\/kidsplay.lt\/lv\/wp-json\/wp\/v2\/product"}],"about":[{"href":"https:\/\/kidsplay.lt\/lv\/wp-json\/wp\/v2\/types\/product"}],"version-history":[{"count":1,"href":"https:\/\/kidsplay.lt\/lv\/wp-json\/wp\/v2\/product\/94723\/revisions"}],"predecessor-version":[{"id":94724,"href":"https:\/\/kidsplay.lt\/lv\/wp-json\/wp\/v2\/product\/94723\/revisions\/94724"}],"wp:featuredmedia":[{"embeddable":true,"href":"https:\/\/kidsplay.lt\/lv\/wp-json\/wp\/v2\/media\/94725"}],"wp:attachment":[{"href":"https:\/\/kidsplay.lt\/lv\/wp-json\/wp\/v2\/media?parent=94723"}],"wp:term":[{"taxonomy":"product_brand","embeddable":true,"href":"https:\/\/kidsplay.lt\/lv\/wp-json\/wp\/v2\/product_brand?post=94723"},{"taxonomy":"product_cat","embeddable":true,"href":"https:\/\/kidsplay.lt\/lv\/wp-json\/wp\/v2\/product_cat?post=94723"},{"taxonomy":"product_tag","embeddable":true,"href":"https:\/\/kidsplay.lt\/lv\/wp-json\/wp\/v2\/product_tag?post=94723"}],"curies":[{"name":"wp","href":"https:\/\/api.w.org\/{rel}","templated":true}]}}