{"id":94854,"date":"2026-03-19T12:34:05","date_gmt":"2026-03-19T10:34:05","guid":{"rendered":"https:\/\/kidsplay.lt\/produktas\/woopie-zaidimas-paseles-gydytojas-arkadinis-zaidimas-vaikams\/"},"modified":"2026-04-13T13:58:16","modified_gmt":"2026-04-13T10:58:16","slug":"woopie-zaidimas-paseles-gydytojas-arkadinis-zaidimas-vaikams","status":"publish","type":"product","link":"https:\/\/kidsplay.lt\/lv\/products\/woopie-zaidimas-paseles-gydytojas-arkadinis-zaidimas-vaikams\/","title":{"rendered":"\u201eWOOPIE\u201c \u017eaidimas \u201ePa\u0161\u0117l\u0119s gydytojas\u201c \u2013 arkadinis \u017eaidimas vaikams"},"content":{"rendered":"<p>\u201eWOOPIE\u201c prek\u0117s \u017eenklo \u201eMad Doctor\u201c arkadinis \u017eaidimas. Sukurtas vaikams nuo 4 met\u0173, \u0161is \u017eaidimas leid\u017eia pasijusti gydytoju ir atlikti operacij\u0105. \u012e paciento k\u016bn\u0105 sudedami organai, o pasukus rodykl\u0119 su\u017einoma, kur\u012f organ\u0105 reikia \u201epa\u0161alinti\u201c. Tam reikia didelio tikslumo, nes vos palietus pacient\u0105, jis pradeda dreb\u0117ti \u2013 ir pralaimite. \u017daidimas lavina rank\u0173 ir aki\u0173 koordinacij\u0105, tikslum\u0105, kantryb\u0119 bei susikaupim\u0105.<br \/>\nRaksturojums:<\/p>\n<p>\u017eaidimas skirtas vaikams nuo 4 met\u0173,<\/p>\n<p>galima \u017eaisti dviese,<\/p>\n<p>moko tikslumo,<\/p>\n<p>lavina kantryb\u0119,<\/p>\n<p>reikalauja susikaupimo,<\/p>\n<p>gerina rank\u0173 ir aki\u0173 koordinacij\u0105,<\/p>\n<p>reikalingos baterijos \u2013 \u012f komplekt\u0105 ne\u012feina,<\/p>\n<p>galin\u0117je dalyje yra skyrius organams laikyti.<\/p>\n<p>Sp\u0113les noteikumi:<\/p>\n<p>sud\u0117kite organus \u012f tinkamas vietas paciento k\u016bne,<\/p>\n<p>pasukite rodykl\u0119,<\/p>\n<p>atsargiai ir tiksliai i\u0161imkite nurodyt\u0105 organ\u0105 pincetu, esan\u010diu komplekte,<\/p>\n<p>jei paliesite pacient\u0105, jo i\u0161gelb\u0117ti nepavyks \u2013 pralaimite,<\/p>\n<p>galima \u017eaisti vienam arba dviese \u2013 pralaimi tas, kuriam nepavyksta \u201ei\u0161gelb\u0117ti\u201c paciento.<\/p>\n<p>Rinkin\u012f sudaro:<\/p>\n<p>\u017eaidimo lenta su pacientu ir besisukan\u010dia rodykle,<\/p>\n<p>pincetas,<\/p>\n<p>12 k\u016bno organ\u0173.<\/p>","protected":false},"excerpt":{"rendered":"<p>\u201eWOOPIE\u201c prek\u0117s \u017eenklo \u201eMad Doctor\u201c arkadinis \u017eaidimas. Sukurtas vaikams nuo 4 met\u0173, \u0161is \u017eaidimas leid\u017eia pasijusti gydytoju ir atlikti operacij\u0105.<\/p>","protected":false},"featured_media":94856,"template":"","meta":{"_acf_changed":false,"_glsr_average":0,"_glsr_ranking":0,"_glsr_reviews":0},"product_brand":[],"product_cat":[445,229],"product_tag":[],"class_list":{"0":"post-94854","1":"product","2":"type-product","3":"status-publish","4":"has-post-thumbnail","6":"product_cat-stalo-zaidimai","7":"product_cat-zaislai-vaikams","8":"\"style=\"background-color: #2ecc711c;\"","10":"first","11":"instock","12":"purchasable","13":"product-type-simple"},"acf":[],"yoast_head":"<!-- This site is optimized with the Yoast SEO plugin v27.4 - https:\/\/yoast.com\/product\/yoast-seo-wordpress\/ -->\n<title>\u201eWOOPIE\u201c \u017eaidimas \u201ePa\u0161\u0117l\u0119s gydytojas\u201c \u2013 arkadinis \u017eaidimas vaikams<\/title>\n<meta name=\"description\" content=\"\u201eWOOPIE\u201c \u017eaidimas \u201ePa\u0161\u0117l\u0119s gydytojas\u201c \u2013 arkadinis \u017eaidimas vaikams - KidsPlay. Did\u017eiausias vaik\u0173 \u017eaisl\u0173 pasirinkimas.\" \/>\n<meta name=\"robots\" content=\"index, follow, max-snippet:-1, max-image-preview:large, max-video-preview:-1\" \/>\n<link rel=\"canonical\" href=\"https:\/\/kidsplay.lt\/lv\/products\/woopie-zaidimas-paseles-gydytojas-arkadinis-zaidimas-vaikams\/\" \/>\n<meta property=\"og:locale\" content=\"lv_LV\" \/>\n<meta property=\"og:type\" content=\"article\" \/>\n<meta property=\"og:title\" content=\"\u201eWOOPIE\u201c \u017eaidimas \u201ePa\u0161\u0117l\u0119s gydytojas\u201c \u2013 arkadinis \u017eaidimas vaikams\" \/>\n<meta property=\"og:description\" content=\"\u201eWOOPIE\u201c \u017eaidimas \u201ePa\u0161\u0117l\u0119s gydytojas\u201c \u2013 arkadinis \u017eaidimas vaikams - KidsPlay. Did\u017eiausias vaik\u0173 \u017eaisl\u0173 pasirinkimas.\" \/>\n<meta property=\"og:url\" content=\"https:\/\/kidsplay.lt\/lv\/products\/woopie-zaidimas-paseles-gydytojas-arkadinis-zaidimas-vaikams\/\" \/>\n<meta property=\"og:site_name\" content=\"KidsPlay\" \/>\n<meta property=\"article:publisher\" content=\"https:\/\/www.facebook.com\/www.kidsplay.lt\" \/>\n<meta property=\"article:modified_time\" content=\"2026-04-13T10:58:16+00:00\" \/>\n<meta property=\"og:image\" content=\"https:\/\/kidsplay.lt\/wp-content\/uploads\/2026\/03\/\u201eWOOPIE-zaidimas-\u201ePaseles-gydytojas-\u2013-arkadinis-zaidimas-vaikams.jpg\" \/>\n\t<meta property=\"og:image:width\" content=\"2560\" \/>\n\t<meta property=\"og:image:height\" content=\"2560\" \/>\n\t<meta property=\"og:image:type\" content=\"image\/jpeg\" \/>\n<meta name=\"twitter:card\" content=\"summary_large_image\" \/>\n<meta name=\"twitter:label1\" content=\"Est. reading time\" \/>\n\t<meta name=\"twitter:data1\" content=\"1 min\u016bte\" \/>\n<script type=\"application\/ld+json\" class=\"yoast-schema-graph\">{\"@context\":\"https:\\\/\\\/schema.org\",\"@graph\":[{\"@type\":\"WebPage\",\"@id\":\"https:\\\/\\\/kidsplay.lt\\\/produktas\\\/woopie-zaidimas-paseles-gydytojas-arkadinis-zaidimas-vaikams\\\/\",\"url\":\"https:\\\/\\\/kidsplay.lt\\\/produktas\\\/woopie-zaidimas-paseles-gydytojas-arkadinis-zaidimas-vaikams\\\/\",\"name\":\"\u201eWOOPIE\u201c \u017eaidimas \u201ePa\u0161\u0117l\u0119s gydytojas\u201c \u2013 arkadinis \u017eaidimas vaikams\",\"isPartOf\":{\"@id\":\"https:\\\/\\\/kidsplay.lt\\\/#website\"},\"primaryImageOfPage\":{\"@id\":\"https:\\\/\\\/kidsplay.lt\\\/produktas\\\/woopie-zaidimas-paseles-gydytojas-arkadinis-zaidimas-vaikams\\\/#primaryimage\"},\"image\":{\"@id\":\"https:\\\/\\\/kidsplay.lt\\\/produktas\\\/woopie-zaidimas-paseles-gydytojas-arkadinis-zaidimas-vaikams\\\/#primaryimage\"},\"thumbnailUrl\":\"https:\\\/\\\/kidsplay.lt\\\/wp-content\\\/uploads\\\/2026\\\/03\\\/\u201eWOOPIE-zaidimas-\u201ePaseles-gydytojas-\u2013-arkadinis-zaidimas-vaikams.jpg\",\"datePublished\":\"2026-03-19T10:34:05+00:00\",\"dateModified\":\"2026-04-13T10:58:16+00:00\",\"description\":\"\u201eWOOPIE\u201c \u017eaidimas \u201ePa\u0161\u0117l\u0119s gydytojas\u201c \u2013 arkadinis \u017eaidimas vaikams - KidsPlay. Did\u017eiausias vaik\u0173 \u017eaisl\u0173 pasirinkimas.\",\"breadcrumb\":{\"@id\":\"https:\\\/\\\/kidsplay.lt\\\/produktas\\\/woopie-zaidimas-paseles-gydytojas-arkadinis-zaidimas-vaikams\\\/#breadcrumb\"},\"inLanguage\":\"lv-LV\",\"potentialAction\":[{\"@type\":\"ReadAction\",\"target\":[\"https:\\\/\\\/kidsplay.lt\\\/produktas\\\/woopie-zaidimas-paseles-gydytojas-arkadinis-zaidimas-vaikams\\\/\"]}]},{\"@type\":\"ImageObject\",\"inLanguage\":\"lv-LV\",\"@id\":\"https:\\\/\\\/kidsplay.lt\\\/produktas\\\/woopie-zaidimas-paseles-gydytojas-arkadinis-zaidimas-vaikams\\\/#primaryimage\",\"url\":\"https:\\\/\\\/kidsplay.lt\\\/wp-content\\\/uploads\\\/2026\\\/03\\\/\u201eWOOPIE-zaidimas-\u201ePaseles-gydytojas-\u2013-arkadinis-zaidimas-vaikams.jpg\",\"contentUrl\":\"https:\\\/\\\/kidsplay.lt\\\/wp-content\\\/uploads\\\/2026\\\/03\\\/\u201eWOOPIE-zaidimas-\u201ePaseles-gydytojas-\u2013-arkadinis-zaidimas-vaikams.jpg\",\"width\":2560,\"height\":2560,\"caption\":\"\u201eWOOPIE\u201c \u017eaidimas \u201ePa\u0161\u0117l\u0119s gydytojas\u201c \u2013 arkadinis \u017eaidimas vaikams\"},{\"@type\":\"BreadcrumbList\",\"@id\":\"https:\\\/\\\/kidsplay.lt\\\/produktas\\\/woopie-zaidimas-paseles-gydytojas-arkadinis-zaidimas-vaikams\\\/#breadcrumb\",\"itemListElement\":[{\"@type\":\"ListItem\",\"position\":1,\"name\":\"Pagrindinis\",\"item\":\"https:\\\/\\\/kidsplay.lt\\\/\"},{\"@type\":\"ListItem\",\"position\":2,\"name\":\"Parduotuv\u0117\",\"item\":\"https:\\\/\\\/kidsplay.lt\\\/parduotuve\\\/\"},{\"@type\":\"ListItem\",\"position\":3,\"name\":\"\u201eWOOPIE\u201c \u017eaidimas \u201ePa\u0161\u0117l\u0119s gydytojas\u201c \u2013 arkadinis \u017eaidimas vaikams\"}]},{\"@type\":\"WebSite\",\"@id\":\"https:\\\/\\\/kidsplay.lt\\\/#website\",\"url\":\"https:\\\/\\\/kidsplay.lt\\\/\",\"name\":\"Kidsplay.lt\",\"description\":\"\u012evairios prek\u0117s vaikams\",\"publisher\":{\"@id\":\"https:\\\/\\\/kidsplay.lt\\\/#organization\"},\"alternateName\":\"Kidsplay\",\"potentialAction\":[{\"@type\":\"SearchAction\",\"target\":{\"@type\":\"EntryPoint\",\"urlTemplate\":\"https:\\\/\\\/kidsplay.lt\\\/?s={search_term_string}\"},\"query-input\":{\"@type\":\"PropertyValueSpecification\",\"valueRequired\":true,\"valueName\":\"search_term_string\"}}],\"inLanguage\":\"lv-LV\"},{\"@type\":\"Organization\",\"@id\":\"https:\\\/\\\/kidsplay.lt\\\/#organization\",\"name\":\"KidsPlay\",\"url\":\"https:\\\/\\\/kidsplay.lt\\\/\",\"logo\":{\"@type\":\"ImageObject\",\"inLanguage\":\"lv-LV\",\"@id\":\"https:\\\/\\\/kidsplay.lt\\\/#\\\/schema\\\/logo\\\/image\\\/\",\"url\":\"https:\\\/\\\/kidsplay.lt\\\/wp-content\\\/uploads\\\/2023\\\/07\\\/kidsplay-logo.png\",\"contentUrl\":\"https:\\\/\\\/kidsplay.lt\\\/wp-content\\\/uploads\\\/2023\\\/07\\\/kidsplay-logo.png\",\"width\":451,\"height\":98,\"caption\":\"KidsPlay\"},\"image\":{\"@id\":\"https:\\\/\\\/kidsplay.lt\\\/#\\\/schema\\\/logo\\\/image\\\/\"},\"sameAs\":[\"https:\\\/\\\/www.facebook.com\\\/www.kidsplay.lt\"]}]}<\/script>\n<!-- \/ Yoast SEO plugin. -->","yoast_head_json":{"title":"\u201eWOOPIE\u201c \u017eaidimas \u201ePa\u0161\u0117l\u0119s gydytojas\u201c \u2013 arkadinis \u017eaidimas vaikams","description":"\u201eWOOPIE\u201c \u017eaidimas \u201ePa\u0161\u0117l\u0119s gydytojas\u201c \u2013 arkadinis \u017eaidimas vaikams - KidsPlay. Did\u017eiausias vaik\u0173 \u017eaisl\u0173 pasirinkimas.","robots":{"index":"index","follow":"follow","max-snippet":"max-snippet:-1","max-image-preview":"max-image-preview:large","max-video-preview":"max-video-preview:-1"},"canonical":"https:\/\/kidsplay.lt\/lv\/products\/woopie-zaidimas-paseles-gydytojas-arkadinis-zaidimas-vaikams\/","og_locale":"lv_LV","og_type":"article","og_title":"\u201eWOOPIE\u201c \u017eaidimas \u201ePa\u0161\u0117l\u0119s gydytojas\u201c \u2013 arkadinis \u017eaidimas vaikams","og_description":"\u201eWOOPIE\u201c \u017eaidimas \u201ePa\u0161\u0117l\u0119s gydytojas\u201c \u2013 arkadinis \u017eaidimas vaikams - KidsPlay. Did\u017eiausias vaik\u0173 \u017eaisl\u0173 pasirinkimas.","og_url":"https:\/\/kidsplay.lt\/lv\/products\/woopie-zaidimas-paseles-gydytojas-arkadinis-zaidimas-vaikams\/","og_site_name":"KidsPlay","article_publisher":"https:\/\/www.facebook.com\/www.kidsplay.lt","article_modified_time":"2026-04-13T10:58:16+00:00","og_image":[{"width":2560,"height":2560,"url":"https:\/\/kidsplay.lt\/wp-content\/uploads\/2026\/03\/\u201eWOOPIE-zaidimas-\u201ePaseles-gydytojas-\u2013-arkadinis-zaidimas-vaikams.jpg","type":"image\/jpeg"}],"twitter_card":"summary_large_image","twitter_misc":{"Est. reading time":"1 min\u016bte"},"schema":{"@context":"https:\/\/schema.org","@graph":[{"@type":"WebPage","@id":"https:\/\/kidsplay.lt\/produktas\/woopie-zaidimas-paseles-gydytojas-arkadinis-zaidimas-vaikams\/","url":"https:\/\/kidsplay.lt\/produktas\/woopie-zaidimas-paseles-gydytojas-arkadinis-zaidimas-vaikams\/","name":"\u201eWOOPIE\u201c \u017eaidimas \u201ePa\u0161\u0117l\u0119s gydytojas\u201c \u2013 arkadinis \u017eaidimas vaikams","isPartOf":{"@id":"https:\/\/kidsplay.lt\/#website"},"primaryImageOfPage":{"@id":"https:\/\/kidsplay.lt\/produktas\/woopie-zaidimas-paseles-gydytojas-arkadinis-zaidimas-vaikams\/#primaryimage"},"image":{"@id":"https:\/\/kidsplay.lt\/produktas\/woopie-zaidimas-paseles-gydytojas-arkadinis-zaidimas-vaikams\/#primaryimage"},"thumbnailUrl":"https:\/\/kidsplay.lt\/wp-content\/uploads\/2026\/03\/\u201eWOOPIE-zaidimas-\u201ePaseles-gydytojas-\u2013-arkadinis-zaidimas-vaikams.jpg","datePublished":"2026-03-19T10:34:05+00:00","dateModified":"2026-04-13T10:58:16+00:00","description":"\u201eWOOPIE\u201c \u017eaidimas \u201ePa\u0161\u0117l\u0119s gydytojas\u201c \u2013 arkadinis \u017eaidimas vaikams - KidsPlay. Did\u017eiausias vaik\u0173 \u017eaisl\u0173 pasirinkimas.","breadcrumb":{"@id":"https:\/\/kidsplay.lt\/produktas\/woopie-zaidimas-paseles-gydytojas-arkadinis-zaidimas-vaikams\/#breadcrumb"},"inLanguage":"lv-LV","potentialAction":[{"@type":"ReadAction","target":["https:\/\/kidsplay.lt\/produktas\/woopie-zaidimas-paseles-gydytojas-arkadinis-zaidimas-vaikams\/"]}]},{"@type":"ImageObject","inLanguage":"lv-LV","@id":"https:\/\/kidsplay.lt\/produktas\/woopie-zaidimas-paseles-gydytojas-arkadinis-zaidimas-vaikams\/#primaryimage","url":"https:\/\/kidsplay.lt\/wp-content\/uploads\/2026\/03\/\u201eWOOPIE-zaidimas-\u201ePaseles-gydytojas-\u2013-arkadinis-zaidimas-vaikams.jpg","contentUrl":"https:\/\/kidsplay.lt\/wp-content\/uploads\/2026\/03\/\u201eWOOPIE-zaidimas-\u201ePaseles-gydytojas-\u2013-arkadinis-zaidimas-vaikams.jpg","width":2560,"height":2560,"caption":"\u201eWOOPIE\u201c \u017eaidimas \u201ePa\u0161\u0117l\u0119s gydytojas\u201c \u2013 arkadinis \u017eaidimas vaikams"},{"@type":"BreadcrumbList","@id":"https:\/\/kidsplay.lt\/produktas\/woopie-zaidimas-paseles-gydytojas-arkadinis-zaidimas-vaikams\/#breadcrumb","itemListElement":[{"@type":"ListItem","position":1,"name":"Pagrindinis","item":"https:\/\/kidsplay.lt\/"},{"@type":"ListItem","position":2,"name":"Parduotuv\u0117","item":"https:\/\/kidsplay.lt\/parduotuve\/"},{"@type":"ListItem","position":3,"name":"\u201eWOOPIE\u201c \u017eaidimas \u201ePa\u0161\u0117l\u0119s gydytojas\u201c \u2013 arkadinis \u017eaidimas vaikams"}]},{"@type":"WebSite","@id":"https:\/\/kidsplay.lt\/#website","url":"https:\/\/kidsplay.lt\/","name":"B\u0113rnu sp\u0113les.lv","description":"\u012evairios prek\u0117s vaikams","publisher":{"@id":"https:\/\/kidsplay.lt\/#organization"},"alternateName":"Kidsplay","potentialAction":[{"@type":"SearchAction","target":{"@type":"EntryPoint","urlTemplate":"https:\/\/kidsplay.lt\/?s={search_term_string}"},"query-input":{"@type":"PropertyValueSpecification","valueRequired":true,"valueName":"search_term_string"}}],"inLanguage":"lv-LV"},{"@type":"Organization","@id":"https:\/\/kidsplay.lt\/#organization","name":"B\u0113rnu sp\u0113le","url":"https:\/\/kidsplay.lt\/","logo":{"@type":"ImageObject","inLanguage":"lv-LV","@id":"https:\/\/kidsplay.lt\/#\/schema\/logo\/image\/","url":"https:\/\/kidsplay.lt\/wp-content\/uploads\/2023\/07\/kidsplay-logo.png","contentUrl":"https:\/\/kidsplay.lt\/wp-content\/uploads\/2023\/07\/kidsplay-logo.png","width":451,"height":98,"caption":"KidsPlay"},"image":{"@id":"https:\/\/kidsplay.lt\/#\/schema\/logo\/image\/"},"sameAs":["https:\/\/www.facebook.com\/www.kidsplay.lt"]}]}},"_links":{"self":[{"href":"https:\/\/kidsplay.lt\/lv\/wp-json\/wp\/v2\/product\/94854","targetHints":{"allow":["GET"]}}],"collection":[{"href":"https:\/\/kidsplay.lt\/lv\/wp-json\/wp\/v2\/product"}],"about":[{"href":"https:\/\/kidsplay.lt\/lv\/wp-json\/wp\/v2\/types\/product"}],"version-history":[{"count":1,"href":"https:\/\/kidsplay.lt\/lv\/wp-json\/wp\/v2\/product\/94854\/revisions"}],"predecessor-version":[{"id":94855,"href":"https:\/\/kidsplay.lt\/lv\/wp-json\/wp\/v2\/product\/94854\/revisions\/94855"}],"wp:featuredmedia":[{"embeddable":true,"href":"https:\/\/kidsplay.lt\/lv\/wp-json\/wp\/v2\/media\/94856"}],"wp:attachment":[{"href":"https:\/\/kidsplay.lt\/lv\/wp-json\/wp\/v2\/media?parent=94854"}],"wp:term":[{"taxonomy":"product_brand","embeddable":true,"href":"https:\/\/kidsplay.lt\/lv\/wp-json\/wp\/v2\/product_brand?post=94854"},{"taxonomy":"product_cat","embeddable":true,"href":"https:\/\/kidsplay.lt\/lv\/wp-json\/wp\/v2\/product_cat?post=94854"},{"taxonomy":"product_tag","embeddable":true,"href":"https:\/\/kidsplay.lt\/lv\/wp-json\/wp\/v2\/product_tag?post=94854"}],"curies":[{"name":"wp","href":"https:\/\/api.w.org\/{rel}","templated":true}]}}